{"id":4330,"date":"2019-01-11T07:44:25","date_gmt":"2019-01-11T06:44:25","guid":{"rendered":"http:\/\/bierger.remich.lu\/?page_id=4330"},"modified":"2020-01-09T10:13:18","modified_gmt":"2020-01-09T09:13:18","slug":"ressources-humaines","status":"publish","type":"page","link":"https:\/\/bierger.remich.lu\/en\/services-au-citoyen\/administration\/ressources-humaines\/","title":{"rendered":"Ressources humaines"},"content":{"rendered":"<p class=\"qtranxs-available-languages-message qtranxs-available-languages-message-en\">Sorry, this entry is only available in <a href=\"https:\/\/bierger.remich.lu\/fr\/wp-json\/wp\/v2\/pages\/4330\" class=\"qtranxs-available-language-link qtranxs-available-language-link-fr\" title=\"FR\">FR<\/a> and <a href=\"https:\/\/bierger.remich.lu\/de\/wp-json\/wp\/v2\/pages\/4330\" class=\"qtranxs-available-language-link qtranxs-available-language-link-de\" title=\"DE\">DE<\/a>. For the sake of viewer convenience, the content is shown below in one of the available alternative languages. You may click one of the links to switch the site language to another available language.<\/p><ul>\n<li>calcul des traitements et salaires<\/li>\n<li>\u00e9tablissement des fiches de carri\u00e8re<\/li>\n<li>interlocuteur du personnel<\/li>\n<li>suivi et bonne garde des dossiers du personnel<\/li>\n<li>organisation des \u00e9lections des d\u00e9l\u00e9gations du personnel<\/li>\n<li>jetons de pr\u00e9sence<\/li>\n<\/ul>","protected":false},"excerpt":{"rendered":"<p>Sorry, this entry is only available in FR and DE. For the sake of viewer convenience, the content is shown below in one of the available alternative languages. You may click one of the links to switch the site language to another available language. calcul des traitements et salaires \u00e9tablissement des fiches de carri\u00e8re interlocuteur&#8230;  <a class=\"excerpt-read-more\" href=\"https:\/\/bierger.remich.lu\/en\/services-au-citoyen\/administration\/ressources-humaines\/\" title=\"ReadRessources humaines\">Read more &raquo;<\/a><\/p>\n","protected":false},"author":4,"featured_media":0,"parent":54,"menu_order":79,"comment_status":"closed","ping_status":"closed","template":"","meta":{"_acf_changed":false,"xn-wppe-expiration":[],"xn-wppe-expiration-action":[],"xn-wppe-expiration-prefix":[],"footnotes":"","_links_to":"","_links_to_target":""},"class_list":["post-4330","page","type-page","status-publish","hentry"],"acf":[],"yoast_head":"<!-- This site is optimized with the Yoast SEO plugin v26.7 - https:\/\/yoast.com\/wordpress\/plugins\/seo\/ -->\n<title>Ressources humaines - Ville de Remich<\/title>\n<meta name=\"robots\" content=\"index, follow, max-snippet:-1, max-image-preview:large, max-video-preview:-1\" \/>\n<link rel=\"canonical\" href=\"https:\/\/bierger.remich.lu\/services-au-citoyen\/administration\/ressources-humaines\/\" \/>\n<meta property=\"og:locale\" content=\"en_GB\" \/>\n<meta property=\"og:type\" content=\"article\" \/>\n<meta property=\"og:title\" content=\"Ressources humaines - Ville de Remich\" \/>\n<meta property=\"og:description\" content=\"Sorry, this entry is only available in FR and DE. For the sake of viewer convenience, the content is shown below in one of the available alternative languages. You may click one of the links to switch the site language to another available language. calcul des traitements et salaires \u00e9tablissement des fiches de carri\u00e8re interlocuteur... Read more &raquo;\" \/>\n<meta property=\"og:url\" content=\"https:\/\/bierger.remich.lu\/services-au-citoyen\/administration\/ressources-humaines\/\" \/>\n<meta property=\"og:site_name\" content=\"Ville de Remich\" \/>\n<meta property=\"article:modified_time\" content=\"2020-01-09T09:13:18+00:00\" \/>\n<meta name=\"twitter:card\" content=\"summary_large_image\" \/>\n<script type=\"application\/ld+json\" class=\"yoast-schema-graph\">{\"@context\":\"https:\/\/schema.org\",\"@graph\":[{\"@type\":\"WebPage\",\"@id\":\"https:\/\/bierger.remich.lu\/services-au-citoyen\/administration\/ressources-humaines\/\",\"url\":\"https:\/\/bierger.remich.lu\/services-au-citoyen\/administration\/ressources-humaines\/\",\"name\":\"Ressources humaines - Ville de Remich\",\"isPartOf\":{\"@id\":\"https:\/\/bierger.remich.lu\/de\/#website\"},\"datePublished\":\"2019-01-11T06:44:25+00:00\",\"dateModified\":\"2020-01-09T09:13:18+00:00\",\"breadcrumb\":{\"@id\":\"https:\/\/bierger.remich.lu\/services-au-citoyen\/administration\/ressources-humaines\/#breadcrumb\"},\"inLanguage\":\"en-GB\",\"potentialAction\":[{\"@type\":\"ReadAction\",\"target\":[\"https:\/\/bierger.remich.lu\/services-au-citoyen\/administration\/ressources-humaines\/\"]}]},{\"@type\":\"BreadcrumbList\",\"@id\":\"https:\/\/bierger.remich.lu\/services-au-citoyen\/administration\/ressources-humaines\/#breadcrumb\",\"itemListElement\":[{\"@type\":\"ListItem\",\"position\":1,\"name\":\"Startseite\",\"item\":\"https:\/\/bierger.remich.lu\/de\/\"},{\"@type\":\"ListItem\",\"position\":2,\"name\":\"B\u00fcrgerdienste\",\"item\":\"https:\/\/bierger.remich.lu\/de\/services-au-citoyen\/\"},{\"@type\":\"ListItem\",\"position\":3,\"name\":\"Verwaltung\",\"item\":\"https:\/\/bierger.remich.lu\/services-au-citoyen\/administration\/\"},{\"@type\":\"ListItem\",\"position\":4,\"name\":\"Personalwesen\"}]},{\"@type\":\"WebSite\",\"@id\":\"https:\/\/bierger.remich.lu\/de\/#website\",\"url\":\"https:\/\/bierger.remich.lu\/de\/\",\"name\":\"Ville de Remich\",\"description\":\"\",\"potentialAction\":[{\"@type\":\"SearchAction\",\"target\":{\"@type\":\"EntryPoint\",\"urlTemplate\":\"https:\/\/bierger.remich.lu\/de\/?s={search_term_string}\"},\"query-input\":{\"@type\":\"PropertyValueSpecification\",\"valueRequired\":true,\"valueName\":\"search_term_string\"}}],\"inLanguage\":\"en-GB\"}]}<\/script>\n<!-- \/ Yoast SEO plugin. -->","yoast_head_json":{"title":"Ressources humaines - Ville de Remich","robots":{"index":"index","follow":"follow","max-snippet":"max-snippet:-1","max-image-preview":"max-image-preview:large","max-video-preview":"max-video-preview:-1"},"canonical":"https:\/\/bierger.remich.lu\/services-au-citoyen\/administration\/ressources-humaines\/","og_locale":"en_GB","og_type":"article","og_title":"Ressources humaines - Ville de Remich","og_description":"Sorry, this entry is only available in FR and DE. For the sake of viewer convenience, the content is shown below in one of the available alternative languages. You may click one of the links to switch the site language to another available language. calcul des traitements et salaires \u00e9tablissement des fiches de carri\u00e8re interlocuteur... Read more &raquo;","og_url":"https:\/\/bierger.remich.lu\/services-au-citoyen\/administration\/ressources-humaines\/","og_site_name":"Ville de Remich","article_modified_time":"2020-01-09T09:13:18+00:00","twitter_card":"summary_large_image","schema":{"@context":"https:\/\/schema.org","@graph":[{"@type":"WebPage","@id":"https:\/\/bierger.remich.lu\/services-au-citoyen\/administration\/ressources-humaines\/","url":"https:\/\/bierger.remich.lu\/services-au-citoyen\/administration\/ressources-humaines\/","name":"Ressources humaines - Ville de Remich","isPartOf":{"@id":"https:\/\/bierger.remich.lu\/de\/#website"},"datePublished":"2019-01-11T06:44:25+00:00","dateModified":"2020-01-09T09:13:18+00:00","breadcrumb":{"@id":"https:\/\/bierger.remich.lu\/services-au-citoyen\/administration\/ressources-humaines\/#breadcrumb"},"inLanguage":"en-GB","potentialAction":[{"@type":"ReadAction","target":["https:\/\/bierger.remich.lu\/services-au-citoyen\/administration\/ressources-humaines\/"]}]},{"@type":"BreadcrumbList","@id":"https:\/\/bierger.remich.lu\/services-au-citoyen\/administration\/ressources-humaines\/#breadcrumb","itemListElement":[{"@type":"ListItem","position":1,"name":"Startseite","item":"https:\/\/bierger.remich.lu\/de\/"},{"@type":"ListItem","position":2,"name":"B\u00fcrgerdienste","item":"https:\/\/bierger.remich.lu\/de\/services-au-citoyen\/"},{"@type":"ListItem","position":3,"name":"Verwaltung","item":"https:\/\/bierger.remich.lu\/services-au-citoyen\/administration\/"},{"@type":"ListItem","position":4,"name":"Personalwesen"}]},{"@type":"WebSite","@id":"https:\/\/bierger.remich.lu\/de\/#website","url":"https:\/\/bierger.remich.lu\/de\/","name":"Ville de Remich","description":"","potentialAction":[{"@type":"SearchAction","target":{"@type":"EntryPoint","urlTemplate":"https:\/\/bierger.remich.lu\/de\/?s={search_term_string}"},"query-input":{"@type":"PropertyValueSpecification","valueRequired":true,"valueName":"search_term_string"}}],"inLanguage":"en-GB"}]}},"_links":{"self":[{"href":"https:\/\/bierger.remich.lu\/en\/wp-json\/wp\/v2\/pages\/4330","targetHints":{"allow":["GET"]}}],"collection":[{"href":"https:\/\/bierger.remich.lu\/en\/wp-json\/wp\/v2\/pages"}],"about":[{"href":"https:\/\/bierger.remich.lu\/en\/wp-json\/wp\/v2\/types\/page"}],"author":[{"embeddable":true,"href":"https:\/\/bierger.remich.lu\/en\/wp-json\/wp\/v2\/users\/4"}],"replies":[{"embeddable":true,"href":"https:\/\/bierger.remich.lu\/en\/wp-json\/wp\/v2\/comments?post=4330"}],"version-history":[{"count":2,"href":"https:\/\/bierger.remich.lu\/en\/wp-json\/wp\/v2\/pages\/4330\/revisions"}],"predecessor-version":[{"id":4332,"href":"https:\/\/bierger.remich.lu\/en\/wp-json\/wp\/v2\/pages\/4330\/revisions\/4332"}],"up":[{"embeddable":true,"href":"https:\/\/bierger.remich.lu\/en\/wp-json\/wp\/v2\/pages\/54"}],"wp:attachment":[{"href":"https:\/\/bierger.remich.lu\/en\/wp-json\/wp\/v2\/media?parent=4330"}],"curies":[{"name":"wp","href":"https:\/\/api.w.org\/{rel}","templated":true}]}}