{"id":7725,"date":"2021-08-06T10:49:18","date_gmt":"2021-08-06T08:49:18","guid":{"rendered":"http:\/\/bierger.remich.lu\/?page_id=7725"},"modified":"2023-06-15T09:08:02","modified_gmt":"2023-06-15T07:08:02","slug":"carsharing","status":"publish","type":"page","link":"https:\/\/bierger.remich.lu\/en\/services-au-citoyen\/francais-mobilite\/carsharing\/","title":{"rendered":"Carsharing"},"content":{"rendered":"<p class=\"qtranxs-available-languages-message qtranxs-available-languages-message-en\">Sorry, this entry is only available in <a href=\"https:\/\/bierger.remich.lu\/fr\/wp-json\/wp\/v2\/pages\/7725\" class=\"qtranxs-available-language-link qtranxs-available-language-link-fr\" title=\"FR\">FR<\/a> and <a href=\"https:\/\/bierger.remich.lu\/de\/wp-json\/wp\/v2\/pages\/7725\" class=\"qtranxs-available-language-link qtranxs-available-language-link-de\" title=\"DE\">DE<\/a>. For the sake of viewer convenience, the content is shown below in one of the available alternative languages. You may click one of the links to switch the site language to another available language.<\/p><h3 class=\"entry-content clearfix\"><strong>Flex, une voiture seulement quand j\u2019ai besoin\u2026<\/strong><\/h3>\n<section><\/section>\n<section><\/section>\n<section class=\"entry-content clearfix\">\u00c0 la fin de la phase de test en f\u00e9vrier 2022, le coll\u00e8ge \u00e9chevinal de la Ville de Remich a d\u00e9cid\u00e9 de prolonger la convention avec CFL Mobility pour la dur\u00e9e de 2 ans.2 voitures sont \u00e0 votre disponibilit\u00e9 sur le Parking du Port \u00e0 Remich.Flex, c\u2019est la solution de carsharing partout \u00e0 Luxembourg, proposant des voitures disponibles \u00e0 de nombreuses stations, pour la plupart connect\u00e9es au r\u00e9seau de transport public.<\/p>\n<ul>\n<li>Flex est la solution responsable pour les d\u00e9placements du quotidien.<\/li>\n<li>Vous ne payez que pendant le temps de r\u00e9servation de la voiture ainsi que par kilom\u00e8tre parcouru.<\/li>\n<li>R\u00e9servez votre voiture \u00e0 chaque occasion via notre site internet, l\u2019application mobile ou par t\u00e9l\u00e9phone.<\/li>\n<\/ul>\n<p><strong>Une question ou besoin d\u2019aide ?<\/strong><br \/>\nAppelez le Flex-Servicecenter, disponible 24\/7 : T. (+352) 28 83 38 82.<br \/>\nPlus d\u2019infos sur <a href=\"https:\/\/www.flex.lu\/fr\/accueil\/\">flex.lu<\/a> ou dans le <a href=\"http:\/\/bierger.remich.lu\/wp-content\/uploads\/sites\/3\/2021\/08\/Flex-Flyer-Commune-de-Remich-2021-FR-Online-Version.pdf\">flyer<\/a><\/p>\n<\/section>\n<p><span style=\"color: #ff0000\"><strong>La station Flex (carsharing) du parking du Port \u00e0 Remich n\u2019est pas fonctionnelle du 14 au 20 juin 2023 !<\/strong><\/span><\/p>\n<h3><strong>Statistiques du 1er ao\u00fbt 2021 au 1er f\u00e9vrier 2022<\/strong><\/h3>\n<ul>\n<li>R\u00e9servations totales : 141<\/li>\n<li>Utilisateurs : 27<\/li>\n<li>Dur\u00e9e de r\u00e9servation moyenne : 4,4 heures<\/li>\n<li>Distance moyenne par r\u00e9servation : 47,76 km<\/li>\n<li>Dur\u00e9e totale des r\u00e9servations : 620,4 heures<\/li>\n<li>Distance totale des r\u00e9servations : 6734,16 km<\/li>\n<\/ul>","protected":false},"excerpt":{"rendered":"<p>Sorry, this entry is only available in FR and DE. For the sake of viewer convenience, the content is shown below in one of the available alternative languages. You may click one of the links to switch the site language to another available language.Flex, une voiture seulement quand j\u2019ai besoin\u2026 \u00c0 la fin de la&#8230;  <a class=\"excerpt-read-more\" href=\"https:\/\/bierger.remich.lu\/en\/services-au-citoyen\/francais-mobilite\/carsharing\/\" title=\"ReadCarsharing\">Read more &raquo;<\/a><\/p>\n","protected":false},"author":4,"featured_media":0,"parent":70,"menu_order":53,"comment_status":"closed","ping_status":"closed","template":"","meta":{"_acf_changed":false,"xn-wppe-expiration":[],"xn-wppe-expiration-action":[],"xn-wppe-expiration-prefix":[],"footnotes":"","_links_to":"","_links_to_target":""},"class_list":["post-7725","page","type-page","status-publish","hentry","keyword-mobilitat"],"acf":[],"yoast_head":"<!-- This site is optimized with the Yoast SEO plugin v26.7 - https:\/\/yoast.com\/wordpress\/plugins\/seo\/ -->\n<title>Carsharing - Ville de Remich<\/title>\n<meta name=\"robots\" content=\"index, follow, max-snippet:-1, max-image-preview:large, max-video-preview:-1\" \/>\n<link rel=\"canonical\" href=\"https:\/\/bierger.remich.lu\/de\/services-au-citoyen\/francais-mobilite\/carsharing\/\" \/>\n<meta property=\"og:locale\" content=\"en_GB\" \/>\n<meta property=\"og:type\" content=\"article\" \/>\n<meta property=\"og:title\" content=\"Carsharing - Ville de Remich\" \/>\n<meta property=\"og:description\" content=\"Sorry, this entry is only available in FR and DE. For the sake of viewer convenience, the content is shown below in one of the available alternative languages. You may click one of the links to switch the site language to another available language.Flex, une voiture seulement quand j\u2019ai besoin\u2026 \u00c0 la fin de la... Read more &raquo;\" \/>\n<meta property=\"og:url\" content=\"https:\/\/bierger.remich.lu\/de\/services-au-citoyen\/francais-mobilite\/carsharing\/\" \/>\n<meta property=\"og:site_name\" content=\"Ville de Remich\" \/>\n<meta property=\"article:modified_time\" content=\"2023-06-15T07:08:02+00:00\" \/>\n<meta name=\"twitter:card\" content=\"summary_large_image\" \/>\n<meta name=\"twitter:label1\" content=\"Estimated reading time\" \/>\n\t<meta name=\"twitter:data1\" content=\"2 minutes\" \/>\n<script type=\"application\/ld+json\" class=\"yoast-schema-graph\">{\"@context\":\"https:\/\/schema.org\",\"@graph\":[{\"@type\":\"WebPage\",\"@id\":\"https:\/\/bierger.remich.lu\/de\/services-au-citoyen\/francais-mobilite\/carsharing\/\",\"url\":\"https:\/\/bierger.remich.lu\/de\/services-au-citoyen\/francais-mobilite\/carsharing\/\",\"name\":\"Carsharing - Ville de Remich\",\"isPartOf\":{\"@id\":\"https:\/\/bierger.remich.lu\/de\/#website\"},\"datePublished\":\"2021-08-06T08:49:18+00:00\",\"dateModified\":\"2023-06-15T07:08:02+00:00\",\"breadcrumb\":{\"@id\":\"https:\/\/bierger.remich.lu\/de\/services-au-citoyen\/francais-mobilite\/carsharing\/#breadcrumb\"},\"inLanguage\":\"en-GB\",\"potentialAction\":[{\"@type\":\"ReadAction\",\"target\":[\"https:\/\/bierger.remich.lu\/de\/services-au-citoyen\/francais-mobilite\/carsharing\/\"]}]},{\"@type\":\"BreadcrumbList\",\"@id\":\"https:\/\/bierger.remich.lu\/de\/services-au-citoyen\/francais-mobilite\/carsharing\/#breadcrumb\",\"itemListElement\":[{\"@type\":\"ListItem\",\"position\":1,\"name\":\"Startseite\",\"item\":\"https:\/\/bierger.remich.lu\/de\/\"},{\"@type\":\"ListItem\",\"position\":2,\"name\":\"B\u00fcrgerdienste\",\"item\":\"https:\/\/bierger.remich.lu\/de\/services-au-citoyen\/\"},{\"@type\":\"ListItem\",\"position\":3,\"name\":\"Mobilit\u00e4t\",\"item\":\"https:\/\/bierger.remich.lu\/de\/services-au-citoyen\/francais-mobilite\/\"},{\"@type\":\"ListItem\",\"position\":4,\"name\":\"Carsharing\"}]},{\"@type\":\"WebSite\",\"@id\":\"https:\/\/bierger.remich.lu\/de\/#website\",\"url\":\"https:\/\/bierger.remich.lu\/de\/\",\"name\":\"Ville de Remich\",\"description\":\"\",\"potentialAction\":[{\"@type\":\"SearchAction\",\"target\":{\"@type\":\"EntryPoint\",\"urlTemplate\":\"https:\/\/bierger.remich.lu\/de\/?s={search_term_string}\"},\"query-input\":{\"@type\":\"PropertyValueSpecification\",\"valueRequired\":true,\"valueName\":\"search_term_string\"}}],\"inLanguage\":\"en-GB\"}]}<\/script>\n<!-- \/ Yoast SEO plugin. -->","yoast_head_json":{"title":"Carsharing - Ville de Remich","robots":{"index":"index","follow":"follow","max-snippet":"max-snippet:-1","max-image-preview":"max-image-preview:large","max-video-preview":"max-video-preview:-1"},"canonical":"https:\/\/bierger.remich.lu\/de\/services-au-citoyen\/francais-mobilite\/carsharing\/","og_locale":"en_GB","og_type":"article","og_title":"Carsharing - Ville de Remich","og_description":"Sorry, this entry is only available in FR and DE. For the sake of viewer convenience, the content is shown below in one of the available alternative languages. You may click one of the links to switch the site language to another available language.Flex, une voiture seulement quand j\u2019ai besoin\u2026 \u00c0 la fin de la... Read more &raquo;","og_url":"https:\/\/bierger.remich.lu\/de\/services-au-citoyen\/francais-mobilite\/carsharing\/","og_site_name":"Ville de Remich","article_modified_time":"2023-06-15T07:08:02+00:00","twitter_card":"summary_large_image","twitter_misc":{"Estimated reading time":"2 minutes"},"schema":{"@context":"https:\/\/schema.org","@graph":[{"@type":"WebPage","@id":"https:\/\/bierger.remich.lu\/de\/services-au-citoyen\/francais-mobilite\/carsharing\/","url":"https:\/\/bierger.remich.lu\/de\/services-au-citoyen\/francais-mobilite\/carsharing\/","name":"Carsharing - Ville de Remich","isPartOf":{"@id":"https:\/\/bierger.remich.lu\/de\/#website"},"datePublished":"2021-08-06T08:49:18+00:00","dateModified":"2023-06-15T07:08:02+00:00","breadcrumb":{"@id":"https:\/\/bierger.remich.lu\/de\/services-au-citoyen\/francais-mobilite\/carsharing\/#breadcrumb"},"inLanguage":"en-GB","potentialAction":[{"@type":"ReadAction","target":["https:\/\/bierger.remich.lu\/de\/services-au-citoyen\/francais-mobilite\/carsharing\/"]}]},{"@type":"BreadcrumbList","@id":"https:\/\/bierger.remich.lu\/de\/services-au-citoyen\/francais-mobilite\/carsharing\/#breadcrumb","itemListElement":[{"@type":"ListItem","position":1,"name":"Startseite","item":"https:\/\/bierger.remich.lu\/de\/"},{"@type":"ListItem","position":2,"name":"B\u00fcrgerdienste","item":"https:\/\/bierger.remich.lu\/de\/services-au-citoyen\/"},{"@type":"ListItem","position":3,"name":"Mobilit\u00e4t","item":"https:\/\/bierger.remich.lu\/de\/services-au-citoyen\/francais-mobilite\/"},{"@type":"ListItem","position":4,"name":"Carsharing"}]},{"@type":"WebSite","@id":"https:\/\/bierger.remich.lu\/de\/#website","url":"https:\/\/bierger.remich.lu\/de\/","name":"Ville de Remich","description":"","potentialAction":[{"@type":"SearchAction","target":{"@type":"EntryPoint","urlTemplate":"https:\/\/bierger.remich.lu\/de\/?s={search_term_string}"},"query-input":{"@type":"PropertyValueSpecification","valueRequired":true,"valueName":"search_term_string"}}],"inLanguage":"en-GB"}]}},"_links":{"self":[{"href":"https:\/\/bierger.remich.lu\/en\/wp-json\/wp\/v2\/pages\/7725","targetHints":{"allow":["GET"]}}],"collection":[{"href":"https:\/\/bierger.remich.lu\/en\/wp-json\/wp\/v2\/pages"}],"about":[{"href":"https:\/\/bierger.remich.lu\/en\/wp-json\/wp\/v2\/types\/page"}],"author":[{"embeddable":true,"href":"https:\/\/bierger.remich.lu\/en\/wp-json\/wp\/v2\/users\/4"}],"replies":[{"embeddable":true,"href":"https:\/\/bierger.remich.lu\/en\/wp-json\/wp\/v2\/comments?post=7725"}],"version-history":[{"count":6,"href":"https:\/\/bierger.remich.lu\/en\/wp-json\/wp\/v2\/pages\/7725\/revisions"}],"predecessor-version":[{"id":12463,"href":"https:\/\/bierger.remich.lu\/en\/wp-json\/wp\/v2\/pages\/7725\/revisions\/12463"}],"up":[{"embeddable":true,"href":"https:\/\/bierger.remich.lu\/en\/wp-json\/wp\/v2\/pages\/70"}],"wp:attachment":[{"href":"https:\/\/bierger.remich.lu\/en\/wp-json\/wp\/v2\/media?parent=7725"}],"curies":[{"name":"wp","href":"https:\/\/api.w.org\/{rel}","templated":true}]}}