{"id":8511,"date":"2022-03-30T14:55:27","date_gmt":"2022-03-30T12:55:27","guid":{"rendered":"http:\/\/bierger.remich.lu\/?page_id=8511"},"modified":"2022-03-30T15:08:35","modified_gmt":"2022-03-30T13:08:35","slug":"b-i-r-k-asbl","status":"publish","type":"page","link":"https:\/\/bierger.remich.lu\/en\/services-au-citoyen\/soziales-und-3-alter\/b-i-r-k-asbl\/","title":{"rendered":"B.I.R.K asbl"},"content":{"rendered":"<p class=\"qtranxs-available-languages-message qtranxs-available-languages-message-en\">Sorry, this entry is only available in <a href=\"https:\/\/bierger.remich.lu\/fr\/wp-json\/wp\/v2\/pages\/8511\" class=\"qtranxs-available-language-link qtranxs-available-language-link-fr\" title=\"FR\">FR<\/a> and <a href=\"https:\/\/bierger.remich.lu\/de\/wp-json\/wp\/v2\/pages\/8511\" class=\"qtranxs-available-language-link qtranxs-available-language-link-de\" title=\"DE\">DE<\/a>. For the sake of viewer convenience, the content is shown below in one of the available alternative languages. You may click one of the links to switch the site language to another available language.<\/p>Le B.I.R.K. (Besch\u00e4ftegungs Initiativ R\u00e9imecher Kanton) est une association sans but lucratif destin\u00e9e \u00e0 am\u00e9liorer le cadre de vie des citoyens du canton de Remich.<\/p>\n<p>L\u2019association fournit des services d\u2019int\u00e9r\u00eat g\u00e9n\u00e9ral dont notamment:<\/p>\n<h3 style=\"text-align: left\"><img loading=\"lazy\" decoding=\"async\" class=\"alignnone wp-image-291 size-full\" src=\"http:\/\/birk.lu\/wp-content\/uploads\/2013\/10\/wullmais11_small.jpg\" alt=\"D'Wullmais - service de proximit\u00e9 B.I.R.K. asbl\" width=\"350\" height=\"149\" \/><\/h3>\n<p>Avez-vous besoin d&#8217;une aide pour votre jardin ou maison ?<\/p>\n<p>Le service de proximit\u00e9 propose les services suivants:<\/p>\n<ul>\n<li>travaux de jardins<\/li>\n<li>petites r\u00e9parations ou r\u00e9novations<\/li>\n<li>travaux saisonniers<\/li>\n<\/ul>\n<p>Tarif: 15 \u20ac \/ heure et intervenant | 4 \u20ac \/ machine et heure<\/p>\n<p>Plus d&#8217;infos: <a href=\"http:\/\/birk.lu\/dvitrin\/service-de-proximite-dwullmais\/\">www.birk.lu<\/a>.<\/p>\n<p>&nbsp;<\/p>\n<h3><img loading=\"lazy\" decoding=\"async\" class=\"wp-image-293 size-full alignleft\" src=\"http:\/\/birk.lu\/wp-content\/uploads\/2013\/07\/REM_LOGO_DVITRIN_RVB_small.jpg\" alt=\"D'VITRIN\" width=\"270\" height=\"41\" \/><\/h3>\n<p>&nbsp;<\/p>\n<p>&nbsp;<\/p>\n<p>Vous avez des v\u00eatements que vous ne portez plus ? Donnez-les \u00e0 D&#8217;Vitrin !<\/p>\n<p>Le magasin D&#8217;Vitrin se situe \u00e0 Mondorf-les-bains et propose les services suivants:<\/p>\n<ul>\n<li>vente de v\u00eatements seconde-main en bon \u00e9tat<\/li>\n<li>coin internet<\/li>\n<li>coin livres<\/li>\n<li>atelier de couture <em>Made by D\u2019Vitrin<\/em><\/li>\n<\/ul>\n<p>Plus d&#8217;infos: <a href=\"http:\/\/birk.lu\/dvitrin\/presentation\/\">www.birk.lu<\/a>.","protected":false},"excerpt":{"rendered":"<p>Sorry, this entry is only available in FR and DE. For the sake of viewer convenience, the content is shown below in one of the available alternative languages. You may click one of the links to switch the site language to another available language.Le B.I.R.K. (Besch\u00e4ftegungs Initiativ R\u00e9imecher Kanton) est une association sans but lucratif&#8230;  <a class=\"excerpt-read-more\" href=\"https:\/\/bierger.remich.lu\/en\/services-au-citoyen\/soziales-und-3-alter\/b-i-r-k-asbl\/\" title=\"ReadB.I.R.K asbl\">Read more &raquo;<\/a><\/p>\n","protected":false},"author":4,"featured_media":0,"parent":2917,"menu_order":89,"comment_status":"closed","ping_status":"closed","template":"","meta":{"_acf_changed":false,"xn-wppe-expiration":[],"xn-wppe-expiration-action":[],"xn-wppe-expiration-prefix":[],"footnotes":"","_links_to":"","_links_to_target":""},"class_list":["post-8511","page","type-page","status-publish","hentry","keyword-infos"],"acf":[],"yoast_head":"<!-- This site is optimized with the Yoast SEO plugin v26.7 - https:\/\/yoast.com\/wordpress\/plugins\/seo\/ -->\n<title>B.I.R.K asbl - Ville de Remich<\/title>\n<meta name=\"robots\" content=\"index, follow, max-snippet:-1, max-image-preview:large, max-video-preview:-1\" \/>\n<link rel=\"canonical\" href=\"https:\/\/bierger.remich.lu\/de\/services-au-citoyen\/soziales-und-3-alter\/b-i-r-k-asbl\/\" \/>\n<meta property=\"og:locale\" content=\"en_GB\" \/>\n<meta property=\"og:type\" content=\"article\" \/>\n<meta property=\"og:title\" content=\"B.I.R.K asbl - Ville de Remich\" \/>\n<meta property=\"og:description\" content=\"Sorry, this entry is only available in FR and DE. For the sake of viewer convenience, the content is shown below in one of the available alternative languages. You may click one of the links to switch the site language to another available language.Le B.I.R.K. (Besch\u00e4ftegungs Initiativ R\u00e9imecher Kanton) est une association sans but lucratif... Read more &raquo;\" \/>\n<meta property=\"og:url\" content=\"https:\/\/bierger.remich.lu\/de\/services-au-citoyen\/soziales-und-3-alter\/b-i-r-k-asbl\/\" \/>\n<meta property=\"og:site_name\" content=\"Ville de Remich\" \/>\n<meta property=\"article:modified_time\" content=\"2022-03-30T13:08:35+00:00\" \/>\n<meta property=\"og:image\" content=\"http:\/\/birk.lu\/wp-content\/uploads\/2013\/10\/wullmais11_small.jpg\" \/>\n<meta name=\"twitter:card\" content=\"summary_large_image\" \/>\n<meta name=\"twitter:label1\" content=\"Estimated reading time\" \/>\n\t<meta name=\"twitter:data1\" content=\"1 minute\" \/>\n<script type=\"application\/ld+json\" class=\"yoast-schema-graph\">{\"@context\":\"https:\/\/schema.org\",\"@graph\":[{\"@type\":\"WebPage\",\"@id\":\"https:\/\/bierger.remich.lu\/de\/services-au-citoyen\/soziales-und-3-alter\/b-i-r-k-asbl\/\",\"url\":\"https:\/\/bierger.remich.lu\/de\/services-au-citoyen\/soziales-und-3-alter\/b-i-r-k-asbl\/\",\"name\":\"B.I.R.K asbl - Ville de Remich\",\"isPartOf\":{\"@id\":\"https:\/\/bierger.remich.lu\/de\/#website\"},\"primaryImageOfPage\":{\"@id\":\"https:\/\/bierger.remich.lu\/de\/services-au-citoyen\/soziales-und-3-alter\/b-i-r-k-asbl\/#primaryimage\"},\"image\":{\"@id\":\"https:\/\/bierger.remich.lu\/de\/services-au-citoyen\/soziales-und-3-alter\/b-i-r-k-asbl\/#primaryimage\"},\"thumbnailUrl\":\"http:\/\/birk.lu\/wp-content\/uploads\/2013\/10\/wullmais11_small.jpg\",\"datePublished\":\"2022-03-30T12:55:27+00:00\",\"dateModified\":\"2022-03-30T13:08:35+00:00\",\"breadcrumb\":{\"@id\":\"https:\/\/bierger.remich.lu\/de\/services-au-citoyen\/soziales-und-3-alter\/b-i-r-k-asbl\/#breadcrumb\"},\"inLanguage\":\"en-GB\",\"potentialAction\":[{\"@type\":\"ReadAction\",\"target\":[\"https:\/\/bierger.remich.lu\/de\/services-au-citoyen\/soziales-und-3-alter\/b-i-r-k-asbl\/\"]}]},{\"@type\":\"ImageObject\",\"inLanguage\":\"en-GB\",\"@id\":\"https:\/\/bierger.remich.lu\/de\/services-au-citoyen\/soziales-und-3-alter\/b-i-r-k-asbl\/#primaryimage\",\"url\":\"http:\/\/birk.lu\/wp-content\/uploads\/2013\/10\/wullmais11_small.jpg\",\"contentUrl\":\"http:\/\/birk.lu\/wp-content\/uploads\/2013\/10\/wullmais11_small.jpg\"},{\"@type\":\"BreadcrumbList\",\"@id\":\"https:\/\/bierger.remich.lu\/de\/services-au-citoyen\/soziales-und-3-alter\/b-i-r-k-asbl\/#breadcrumb\",\"itemListElement\":[{\"@type\":\"ListItem\",\"position\":1,\"name\":\"Startseite\",\"item\":\"https:\/\/bierger.remich.lu\/de\/\"},{\"@type\":\"ListItem\",\"position\":2,\"name\":\"B\u00fcrgerdienste\",\"item\":\"https:\/\/bierger.remich.lu\/de\/services-au-citoyen\/\"},{\"@type\":\"ListItem\",\"position\":3,\"name\":\"Soziales und 3. Alter\",\"item\":\"https:\/\/bierger.remich.lu\/de\/services-au-citoyen\/soziales-und-3-alter\/\"},{\"@type\":\"ListItem\",\"position\":4,\"name\":\"B.I.R.K asbl\"}]},{\"@type\":\"WebSite\",\"@id\":\"https:\/\/bierger.remich.lu\/de\/#website\",\"url\":\"https:\/\/bierger.remich.lu\/de\/\",\"name\":\"Ville de Remich\",\"description\":\"\",\"potentialAction\":[{\"@type\":\"SearchAction\",\"target\":{\"@type\":\"EntryPoint\",\"urlTemplate\":\"https:\/\/bierger.remich.lu\/de\/?s={search_term_string}\"},\"query-input\":{\"@type\":\"PropertyValueSpecification\",\"valueRequired\":true,\"valueName\":\"search_term_string\"}}],\"inLanguage\":\"en-GB\"}]}<\/script>\n<!-- \/ Yoast SEO plugin. -->","yoast_head_json":{"title":"B.I.R.K asbl - Ville de Remich","robots":{"index":"index","follow":"follow","max-snippet":"max-snippet:-1","max-image-preview":"max-image-preview:large","max-video-preview":"max-video-preview:-1"},"canonical":"https:\/\/bierger.remich.lu\/de\/services-au-citoyen\/soziales-und-3-alter\/b-i-r-k-asbl\/","og_locale":"en_GB","og_type":"article","og_title":"B.I.R.K asbl - Ville de Remich","og_description":"Sorry, this entry is only available in FR and DE. For the sake of viewer convenience, the content is shown below in one of the available alternative languages. You may click one of the links to switch the site language to another available language.Le B.I.R.K. (Besch\u00e4ftegungs Initiativ R\u00e9imecher Kanton) est une association sans but lucratif... Read more &raquo;","og_url":"https:\/\/bierger.remich.lu\/de\/services-au-citoyen\/soziales-und-3-alter\/b-i-r-k-asbl\/","og_site_name":"Ville de Remich","article_modified_time":"2022-03-30T13:08:35+00:00","og_image":[{"url":"http:\/\/birk.lu\/wp-content\/uploads\/2013\/10\/wullmais11_small.jpg","type":"","width":"","height":""}],"twitter_card":"summary_large_image","twitter_misc":{"Estimated reading time":"1 minute"},"schema":{"@context":"https:\/\/schema.org","@graph":[{"@type":"WebPage","@id":"https:\/\/bierger.remich.lu\/de\/services-au-citoyen\/soziales-und-3-alter\/b-i-r-k-asbl\/","url":"https:\/\/bierger.remich.lu\/de\/services-au-citoyen\/soziales-und-3-alter\/b-i-r-k-asbl\/","name":"B.I.R.K asbl - Ville de Remich","isPartOf":{"@id":"https:\/\/bierger.remich.lu\/de\/#website"},"primaryImageOfPage":{"@id":"https:\/\/bierger.remich.lu\/de\/services-au-citoyen\/soziales-und-3-alter\/b-i-r-k-asbl\/#primaryimage"},"image":{"@id":"https:\/\/bierger.remich.lu\/de\/services-au-citoyen\/soziales-und-3-alter\/b-i-r-k-asbl\/#primaryimage"},"thumbnailUrl":"http:\/\/birk.lu\/wp-content\/uploads\/2013\/10\/wullmais11_small.jpg","datePublished":"2022-03-30T12:55:27+00:00","dateModified":"2022-03-30T13:08:35+00:00","breadcrumb":{"@id":"https:\/\/bierger.remich.lu\/de\/services-au-citoyen\/soziales-und-3-alter\/b-i-r-k-asbl\/#breadcrumb"},"inLanguage":"en-GB","potentialAction":[{"@type":"ReadAction","target":["https:\/\/bierger.remich.lu\/de\/services-au-citoyen\/soziales-und-3-alter\/b-i-r-k-asbl\/"]}]},{"@type":"ImageObject","inLanguage":"en-GB","@id":"https:\/\/bierger.remich.lu\/de\/services-au-citoyen\/soziales-und-3-alter\/b-i-r-k-asbl\/#primaryimage","url":"http:\/\/birk.lu\/wp-content\/uploads\/2013\/10\/wullmais11_small.jpg","contentUrl":"http:\/\/birk.lu\/wp-content\/uploads\/2013\/10\/wullmais11_small.jpg"},{"@type":"BreadcrumbList","@id":"https:\/\/bierger.remich.lu\/de\/services-au-citoyen\/soziales-und-3-alter\/b-i-r-k-asbl\/#breadcrumb","itemListElement":[{"@type":"ListItem","position":1,"name":"Startseite","item":"https:\/\/bierger.remich.lu\/de\/"},{"@type":"ListItem","position":2,"name":"B\u00fcrgerdienste","item":"https:\/\/bierger.remich.lu\/de\/services-au-citoyen\/"},{"@type":"ListItem","position":3,"name":"Soziales und 3. Alter","item":"https:\/\/bierger.remich.lu\/de\/services-au-citoyen\/soziales-und-3-alter\/"},{"@type":"ListItem","position":4,"name":"B.I.R.K asbl"}]},{"@type":"WebSite","@id":"https:\/\/bierger.remich.lu\/de\/#website","url":"https:\/\/bierger.remich.lu\/de\/","name":"Ville de Remich","description":"","potentialAction":[{"@type":"SearchAction","target":{"@type":"EntryPoint","urlTemplate":"https:\/\/bierger.remich.lu\/de\/?s={search_term_string}"},"query-input":{"@type":"PropertyValueSpecification","valueRequired":true,"valueName":"search_term_string"}}],"inLanguage":"en-GB"}]}},"_links":{"self":[{"href":"https:\/\/bierger.remich.lu\/en\/wp-json\/wp\/v2\/pages\/8511","targetHints":{"allow":["GET"]}}],"collection":[{"href":"https:\/\/bierger.remich.lu\/en\/wp-json\/wp\/v2\/pages"}],"about":[{"href":"https:\/\/bierger.remich.lu\/en\/wp-json\/wp\/v2\/types\/page"}],"author":[{"embeddable":true,"href":"https:\/\/bierger.remich.lu\/en\/wp-json\/wp\/v2\/users\/4"}],"replies":[{"embeddable":true,"href":"https:\/\/bierger.remich.lu\/en\/wp-json\/wp\/v2\/comments?post=8511"}],"version-history":[{"count":2,"href":"https:\/\/bierger.remich.lu\/en\/wp-json\/wp\/v2\/pages\/8511\/revisions"}],"predecessor-version":[{"id":8513,"href":"https:\/\/bierger.remich.lu\/en\/wp-json\/wp\/v2\/pages\/8511\/revisions\/8513"}],"up":[{"embeddable":true,"href":"https:\/\/bierger.remich.lu\/en\/wp-json\/wp\/v2\/pages\/2917"}],"wp:attachment":[{"href":"https:\/\/bierger.remich.lu\/en\/wp-json\/wp\/v2\/media?parent=8511"}],"curies":[{"name":"wp","href":"https:\/\/api.w.org\/{rel}","templated":true}]}}