{"id":11603,"date":"2023-01-13T11:52:59","date_gmt":"2023-01-13T10:52:59","guid":{"rendered":"https:\/\/bierger.remich.lu\/?page_id=11603"},"modified":"2026-03-31T10:48:34","modified_gmt":"2026-03-31T08:48:34","slug":"essen-auf-radern","status":"publish","type":"page","link":"https:\/\/bierger.remich.lu\/fr\/services-au-citoyen\/soziales-und-3-alter\/essen-auf-radern\/","title":{"rendered":"Repas sur roues"},"content":{"rendered":"Gagnez de la qualit\u00e9 de vie et profitez de plats fra\u00eechement pr\u00e9par\u00e9s et \u00e9quilibr\u00e9s sans devoir cuisiner vous-m\u00eame ou faire des courses.<\/p>\n<p>Le service \u00ab\u00a0repas sur roues\u00a0\u00bb est assur\u00e9 par SERVIOR et comprend la pr\u00e9paration et la livraison des repas.<\/p>\n<p>Vous d\u00e9terminez la fr\u00e9quence \u00e0 laquelle vous faites appel au service : quotidiennement, certains jours de la semaine ou seulement pour une p\u00e9riode donn\u00e9e.<\/p>\n<p>Le menu parvient \u00e0 domicile du client du lundi au samedi dans un boitier tr\u00e8s pratique qu\u2019il suffit de chauffer en un seul clic. Avant de passer \u00e0 table, vous appuyez sur une seule touche et votre menu se r\u00e9chauffe au moyen d\u2019une plaque \u00e0 induction qui vous est fournie. Les repas du dimanche et jours f\u00e9ri\u00e9s sont livr\u00e9s la veille. Les plats se gardent au r\u00e9frig\u00e9rateur jusqu\u2019\u00e0 36 heures.<\/p>\n<h3>Fonctionnement<\/h3>\n<ul>\n<li>Uniquement la 1\u00e8re inscription pour le service \u00ab\u00a0Repas sur roues\u00a0\u00bb se fait moyennant un formulaire sp\u00e9cial aupr\u00e8s de l&rsquo;Office des citoyens de la Ville de Remich.<\/li>\n<li>Le jour apr\u00e8s votre inscription vous \u00eates contact\u00e9 par SERVIOR pour commander les premiers menus. La livraison des menus commence uniquement 48 heures apr\u00e8s votre l&rsquo;inscription.<\/li>\n<li>Les menus sont fournis par le chauffeur 3 semaines \u00e0 l&rsquo;avance et peuvent \u00eatre consult\u00e9s sur <a href=\"https:\/\/www.servior.lu\/de\/essen-auf-radern\/\">www.servior.lu<\/a> &gt; Menu Sud<\/li>\n<li><span style=\"color: #000000\">Les commandes, annulations de menus ou changements de la demande d&rsquo;inscription initiale se font uniquement aupr\u00e8s de SERVIOR: E. rsr-sud@servior.lu | T. 26 55 00 54<\/span><\/li>\n<li>Les plats non d\u00e9command\u00e9s la veille avant 10h00 par le client donnent lieu au paiement du prix int\u00e9gral.<\/li>\n<\/ul>\n<p><span style=\"color: #000000\">Plus d&rsquo;informations sur le syst\u00e8me de commande sur le formulaire d&rsquo;inscription.<\/span><\/p>\n<div class=\"et_pb_column et_pb_column_1_3 et_pb_column_2 et_pb_css_mix_blend_mode_passthrough\">\n<div class=\"et_pb_module et_pb_text et_pb_text_2 et_pb_text_align_left et_pb_bg_layout_light\">\n<div class=\"et_pb_text_inner\">\n<h3>Prix &amp; paiement<\/h3>\n<p><em><strong>\u00c0 payer par le client<\/strong><\/em><\/p>\n<ul>\n<li>Prix par repas: 13,96 \u20ac (\u00e0pd 01.01.2026)<\/li>\n<li>Prix de livraison par menu: 6,42 \u20ac (\u00e0pd 01.01.2026)<\/li>\n<\/ul>\n<p><em><strong>Prise en charge par la Ville de Remich<\/strong><\/em><\/p>\n<ul>\n<li>Prix de location mensuel de la plaque \u00e0 induction: 2,6008 \u20ac (indice 100)<\/li>\n<\/ul>\n<p>Les prix sont index\u00e9s.<\/p>\n<p>La facturation se fait par la Ville de Remich.<\/p>\n<p>Si vous avez des questions sur la facturation ou des factures d\u00e9j\u00e0 \u00e9mises, veuillez svp vous adresser \u00e0 l&rsquo;Office des citoyens: E. population@remich.lu | T. 23 692 1.<\/p>\n<\/div>\n<\/div>\n<\/div>","protected":false},"excerpt":{"rendered":"<p>Gagnez de la qualit\u00e9 de vie et profitez de plats fra\u00eechement pr\u00e9par\u00e9s et \u00e9quilibr\u00e9s sans devoir cuisiner vous-m\u00eame ou faire des courses. Le service \u00ab\u00a0repas sur roues\u00a0\u00bb est assur\u00e9 par SERVIOR et comprend la pr\u00e9paration et la livraison des repas. Vous d\u00e9terminez la fr\u00e9quence \u00e0 laquelle vous faites appel au service : quotidiennement, certains jours&#8230;  <a class=\"excerpt-read-more\" href=\"https:\/\/bierger.remich.lu\/fr\/services-au-citoyen\/soziales-und-3-alter\/essen-auf-radern\/\" title=\"ReadRepas sur roues\">Lire la suite \u00bb<\/a><\/p>\n","protected":false},"author":4,"featured_media":11608,"parent":2917,"menu_order":83,"comment_status":"closed","ping_status":"closed","template":"","meta":{"_acf_changed":false,"xn-wppe-expiration":[],"xn-wppe-expiration-action":[],"xn-wppe-expiration-prefix":[],"footnotes":"","_links_to":"","_links_to_target":""},"class_list":["post-11603","page","type-page","status-publish","has-post-thumbnail","hentry","keyword-3-alter"],"acf":[],"yoast_head":"<!-- This site is optimized with the Yoast SEO plugin v26.7 - https:\/\/yoast.com\/wordpress\/plugins\/seo\/ -->\n<title>Repas sur roues - Ville de Remich<\/title>\n<meta name=\"robots\" content=\"index, follow, max-snippet:-1, max-image-preview:large, max-video-preview:-1\" \/>\n<link rel=\"canonical\" href=\"https:\/\/bierger.remich.lu\/services-au-citoyen\/soziales-und-3-alter\/essen-auf-radern\/\" \/>\n<meta property=\"og:locale\" content=\"fr_FR\" \/>\n<meta property=\"og:type\" content=\"article\" \/>\n<meta property=\"og:title\" content=\"Repas sur roues - Ville de Remich\" \/>\n<meta property=\"og:description\" content=\"Gagnez de la qualit\u00e9 de vie et profitez de plats fra\u00eechement pr\u00e9par\u00e9s et \u00e9quilibr\u00e9s sans devoir cuisiner vous-m\u00eame ou faire des courses. Le service \u00ab\u00a0repas sur roues\u00a0\u00bb est assur\u00e9 par SERVIOR et comprend la pr\u00e9paration et la livraison des repas. Vous d\u00e9terminez la fr\u00e9quence \u00e0 laquelle vous faites appel au service : quotidiennement, certains jours... Lire la suite \u00bb\" \/>\n<meta property=\"og:url\" content=\"https:\/\/bierger.remich.lu\/services-au-citoyen\/soziales-und-3-alter\/essen-auf-radern\/\" \/>\n<meta property=\"og:site_name\" content=\"Ville de Remich\" \/>\n<meta property=\"article:modified_time\" content=\"2026-03-31T08:48:34+00:00\" \/>\n<meta property=\"og:image\" content=\"https:\/\/bierger.remich.lu\/wp-content\/uploads\/sites\/3\/2023\/01\/RSR_Camionnette-1024x683-1.jpg\" \/>\n\t<meta property=\"og:image:width\" content=\"1024\" \/>\n\t<meta property=\"og:image:height\" content=\"683\" \/>\n\t<meta property=\"og:image:type\" content=\"image\/jpeg\" \/>\n<meta name=\"twitter:card\" content=\"summary_large_image\" \/>\n<meta name=\"twitter:label1\" content=\"Dur\u00e9e de lecture estim\u00e9e\" \/>\n\t<meta name=\"twitter:data1\" content=\"3 minutes\" \/>\n<script type=\"application\/ld+json\" class=\"yoast-schema-graph\">{\"@context\":\"https:\/\/schema.org\",\"@graph\":[{\"@type\":\"WebPage\",\"@id\":\"https:\/\/bierger.remich.lu\/services-au-citoyen\/soziales-und-3-alter\/essen-auf-radern\/\",\"url\":\"https:\/\/bierger.remich.lu\/services-au-citoyen\/soziales-und-3-alter\/essen-auf-radern\/\",\"name\":\"Repas sur roues - Ville de Remich\",\"isPartOf\":{\"@id\":\"https:\/\/bierger.remich.lu\/de\/#website\"},\"primaryImageOfPage\":{\"@id\":\"https:\/\/bierger.remich.lu\/services-au-citoyen\/soziales-und-3-alter\/essen-auf-radern\/#primaryimage\"},\"image\":{\"@id\":\"https:\/\/bierger.remich.lu\/services-au-citoyen\/soziales-und-3-alter\/essen-auf-radern\/#primaryimage\"},\"thumbnailUrl\":\"https:\/\/bierger.remich.lu\/wp-content\/uploads\/sites\/3\/2023\/01\/RSR_Camionnette-1024x683-1.jpg\",\"datePublished\":\"2023-01-13T10:52:59+00:00\",\"dateModified\":\"2026-03-31T08:48:34+00:00\",\"breadcrumb\":{\"@id\":\"https:\/\/bierger.remich.lu\/services-au-citoyen\/soziales-und-3-alter\/essen-auf-radern\/#breadcrumb\"},\"inLanguage\":\"fr-FR\",\"potentialAction\":[{\"@type\":\"ReadAction\",\"target\":[\"https:\/\/bierger.remich.lu\/services-au-citoyen\/soziales-und-3-alter\/essen-auf-radern\/\"]}]},{\"@type\":\"ImageObject\",\"inLanguage\":\"fr-FR\",\"@id\":\"https:\/\/bierger.remich.lu\/services-au-citoyen\/soziales-und-3-alter\/essen-auf-radern\/#primaryimage\",\"url\":\"https:\/\/bierger.remich.lu\/wp-content\/uploads\/sites\/3\/2023\/01\/RSR_Camionnette-1024x683-1.jpg\",\"contentUrl\":\"https:\/\/bierger.remich.lu\/wp-content\/uploads\/sites\/3\/2023\/01\/RSR_Camionnette-1024x683-1.jpg\",\"width\":1024,\"height\":683},{\"@type\":\"BreadcrumbList\",\"@id\":\"https:\/\/bierger.remich.lu\/services-au-citoyen\/soziales-und-3-alter\/essen-auf-radern\/#breadcrumb\",\"itemListElement\":[{\"@type\":\"ListItem\",\"position\":1,\"name\":\"Startseite\",\"item\":\"https:\/\/bierger.remich.lu\/de\/\"},{\"@type\":\"ListItem\",\"position\":2,\"name\":\"B\u00fcrgerdienste\",\"item\":\"https:\/\/bierger.remich.lu\/de\/services-au-citoyen\/\"},{\"@type\":\"ListItem\",\"position\":3,\"name\":\"Soziales und 3. Alter\",\"item\":\"https:\/\/bierger.remich.lu\/de\/services-au-citoyen\/soziales-und-3-alter\/\"},{\"@type\":\"ListItem\",\"position\":4,\"name\":\"Essen auf R\u00e4dern\"}]},{\"@type\":\"WebSite\",\"@id\":\"https:\/\/bierger.remich.lu\/de\/#website\",\"url\":\"https:\/\/bierger.remich.lu\/de\/\",\"name\":\"Ville de Remich\",\"description\":\"\",\"potentialAction\":[{\"@type\":\"SearchAction\",\"target\":{\"@type\":\"EntryPoint\",\"urlTemplate\":\"https:\/\/bierger.remich.lu\/de\/?s={search_term_string}\"},\"query-input\":{\"@type\":\"PropertyValueSpecification\",\"valueRequired\":true,\"valueName\":\"search_term_string\"}}],\"inLanguage\":\"fr-FR\"}]}<\/script>\n<!-- \/ Yoast SEO plugin. -->","yoast_head_json":{"title":"Repas sur roues - Ville de Remich","robots":{"index":"index","follow":"follow","max-snippet":"max-snippet:-1","max-image-preview":"max-image-preview:large","max-video-preview":"max-video-preview:-1"},"canonical":"https:\/\/bierger.remich.lu\/services-au-citoyen\/soziales-und-3-alter\/essen-auf-radern\/","og_locale":"fr_FR","og_type":"article","og_title":"Repas sur roues - Ville de Remich","og_description":"Gagnez de la qualit\u00e9 de vie et profitez de plats fra\u00eechement pr\u00e9par\u00e9s et \u00e9quilibr\u00e9s sans devoir cuisiner vous-m\u00eame ou faire des courses. Le service \u00ab\u00a0repas sur roues\u00a0\u00bb est assur\u00e9 par SERVIOR et comprend la pr\u00e9paration et la livraison des repas. Vous d\u00e9terminez la fr\u00e9quence \u00e0 laquelle vous faites appel au service : quotidiennement, certains jours... Lire la suite \u00bb","og_url":"https:\/\/bierger.remich.lu\/services-au-citoyen\/soziales-und-3-alter\/essen-auf-radern\/","og_site_name":"Ville de Remich","article_modified_time":"2026-03-31T08:48:34+00:00","og_image":[{"width":1024,"height":683,"url":"https:\/\/bierger.remich.lu\/wp-content\/uploads\/sites\/3\/2023\/01\/RSR_Camionnette-1024x683-1.jpg","type":"image\/jpeg"}],"twitter_card":"summary_large_image","twitter_misc":{"Dur\u00e9e de lecture estim\u00e9e":"3 minutes"},"schema":{"@context":"https:\/\/schema.org","@graph":[{"@type":"WebPage","@id":"https:\/\/bierger.remich.lu\/services-au-citoyen\/soziales-und-3-alter\/essen-auf-radern\/","url":"https:\/\/bierger.remich.lu\/services-au-citoyen\/soziales-und-3-alter\/essen-auf-radern\/","name":"Repas sur roues - Ville de Remich","isPartOf":{"@id":"https:\/\/bierger.remich.lu\/de\/#website"},"primaryImageOfPage":{"@id":"https:\/\/bierger.remich.lu\/services-au-citoyen\/soziales-und-3-alter\/essen-auf-radern\/#primaryimage"},"image":{"@id":"https:\/\/bierger.remich.lu\/services-au-citoyen\/soziales-und-3-alter\/essen-auf-radern\/#primaryimage"},"thumbnailUrl":"https:\/\/bierger.remich.lu\/wp-content\/uploads\/sites\/3\/2023\/01\/RSR_Camionnette-1024x683-1.jpg","datePublished":"2023-01-13T10:52:59+00:00","dateModified":"2026-03-31T08:48:34+00:00","breadcrumb":{"@id":"https:\/\/bierger.remich.lu\/services-au-citoyen\/soziales-und-3-alter\/essen-auf-radern\/#breadcrumb"},"inLanguage":"fr-FR","potentialAction":[{"@type":"ReadAction","target":["https:\/\/bierger.remich.lu\/services-au-citoyen\/soziales-und-3-alter\/essen-auf-radern\/"]}]},{"@type":"ImageObject","inLanguage":"fr-FR","@id":"https:\/\/bierger.remich.lu\/services-au-citoyen\/soziales-und-3-alter\/essen-auf-radern\/#primaryimage","url":"https:\/\/bierger.remich.lu\/wp-content\/uploads\/sites\/3\/2023\/01\/RSR_Camionnette-1024x683-1.jpg","contentUrl":"https:\/\/bierger.remich.lu\/wp-content\/uploads\/sites\/3\/2023\/01\/RSR_Camionnette-1024x683-1.jpg","width":1024,"height":683},{"@type":"BreadcrumbList","@id":"https:\/\/bierger.remich.lu\/services-au-citoyen\/soziales-und-3-alter\/essen-auf-radern\/#breadcrumb","itemListElement":[{"@type":"ListItem","position":1,"name":"Startseite","item":"https:\/\/bierger.remich.lu\/de\/"},{"@type":"ListItem","position":2,"name":"B\u00fcrgerdienste","item":"https:\/\/bierger.remich.lu\/de\/services-au-citoyen\/"},{"@type":"ListItem","position":3,"name":"Soziales und 3. Alter","item":"https:\/\/bierger.remich.lu\/de\/services-au-citoyen\/soziales-und-3-alter\/"},{"@type":"ListItem","position":4,"name":"Essen auf R\u00e4dern"}]},{"@type":"WebSite","@id":"https:\/\/bierger.remich.lu\/de\/#website","url":"https:\/\/bierger.remich.lu\/de\/","name":"Ville de Remich","description":"","potentialAction":[{"@type":"SearchAction","target":{"@type":"EntryPoint","urlTemplate":"https:\/\/bierger.remich.lu\/de\/?s={search_term_string}"},"query-input":{"@type":"PropertyValueSpecification","valueRequired":true,"valueName":"search_term_string"}}],"inLanguage":"fr-FR"}]}},"_links":{"self":[{"href":"https:\/\/bierger.remich.lu\/fr\/wp-json\/wp\/v2\/pages\/11603","targetHints":{"allow":["GET"]}}],"collection":[{"href":"https:\/\/bierger.remich.lu\/fr\/wp-json\/wp\/v2\/pages"}],"about":[{"href":"https:\/\/bierger.remich.lu\/fr\/wp-json\/wp\/v2\/types\/page"}],"author":[{"embeddable":true,"href":"https:\/\/bierger.remich.lu\/fr\/wp-json\/wp\/v2\/users\/4"}],"replies":[{"embeddable":true,"href":"https:\/\/bierger.remich.lu\/fr\/wp-json\/wp\/v2\/comments?post=11603"}],"version-history":[{"count":20,"href":"https:\/\/bierger.remich.lu\/fr\/wp-json\/wp\/v2\/pages\/11603\/revisions"}],"predecessor-version":[{"id":19389,"href":"https:\/\/bierger.remich.lu\/fr\/wp-json\/wp\/v2\/pages\/11603\/revisions\/19389"}],"up":[{"embeddable":true,"href":"https:\/\/bierger.remich.lu\/fr\/wp-json\/wp\/v2\/pages\/2917"}],"wp:featuredmedia":[{"embeddable":true,"href":"https:\/\/bierger.remich.lu\/fr\/wp-json\/wp\/v2\/media\/11608"}],"wp:attachment":[{"href":"https:\/\/bierger.remich.lu\/fr\/wp-json\/wp\/v2\/media?parent=11603"}],"curies":[{"name":"wp","href":"https:\/\/api.w.org\/{rel}","templated":true}]}}