{"id":12115,"date":"2023-03-30T10:51:38","date_gmt":"2023-03-30T08:51:38","guid":{"rendered":"https:\/\/bierger.remich.lu\/?page_id=12115"},"modified":"2023-03-30T14:17:46","modified_gmt":"2023-03-30T12:17:46","slug":"umweltberater","status":"publish","type":"page","link":"https:\/\/bierger.remich.lu\/fr\/ville-de-remich\/umwelt\/umweltberater\/","title":{"rendered":"Conseiller \u00e9cologique"},"content":{"rendered":"La loi sur le Pacte Nature a \u00e9t\u00e9 adopt\u00e9e le 31 juillet 2021. Celui-ci vise \u00e0 soutenir les communes par des incitations \u00e0 la mise en \u0153uvre de mesures de protection de la nature et \u00e0 les faire prendre conscience de leur r\u00f4le important. Pour atteindre les objectifs fix\u00e9s, les communes b\u00e9n\u00e9ficient de l\u2019aide d\u2019un conseiller \u00e9cologique qui les soutient dans leurs projets.<\/p>\n<p><strong>Le conseiller \u00e9cologique est l&rsquo;interlocuteur pour les th\u00e8mes li\u00e9s \u00e0 la protection de la nature. Il fournit \u00e0 la commune des informations et des conseils sur des sujets li\u00e9s \u00e0 la protection de la nature et de l&rsquo;eau.<\/strong><\/p>\n<p><strong>Pour les questions relatives \u00e0 la protection des esp\u00e8ces, \u00e0 l&rsquo;am\u00e9nagement naturel d&rsquo;un terrain, \u00e0 l&rsquo;agriculture, aux programmes de biodiversit\u00e9 et autres, le conseiller \u00e9cologique peut donner des conseils et \u00e9galement soutenir des projets.<\/strong><\/p>\n<p>Le Pacte Nature pr\u00e9voit un mod\u00e8le de certification \u00e0 plusieurs niveaux. En fonction du niveau atteint (base, bronze, argent ou or), les communes b\u00e9n\u00e9ficient de subventions pour leurs engagements. <strong><br \/>\n<\/strong><\/p>\n<div class=\"col-12-12 col-sm-8-12 col-md-9-12 col-lg-7-10\">\n<div class=\"body row\">\n<div class=\"body-text col-xs-10-12 col-sm-8-8 col-md-6-9 col-lg-5-7 col-xl-5-7 mb-5\">\n<div class=\"field_entity_reference field_about_image\">\n<div class=\"wrapper\">\n<div class=\"content\">\n<div class=\"field_text_with_summary body\">\n<div class=\"wrapper\">\n<p>Le Pacte Nature poursuit les objectifs suivants :<\/p>\n<ul>\n<li>protection et conservation de la nature et des ressources naturelles en g\u00e9n\u00e9ral<\/li>\n<li>lutte contre le d\u00e9clin de la biodiversit\u00e9 et restauration des biotopes et des habitats<\/li>\n<li>restauration de la connectivit\u00e9 \u00e9cologique<\/li>\n<li>r\u00e9silience des \u00e9cosyst\u00e8mes \u00e0 diverses perturbations<\/li>\n<li>restauration des services \u00e9cosyst\u00e9miques.<\/li>\n<\/ul>\n<\/div>\n<\/div>\n<\/div>\n<\/div>\n<\/div>\n<\/div>\n<div class=\"body-text col-xs-10-12 col-sm-8-8 col-md-6-9 col-lg-5-7 col-xl-5-7\">\n<p>Plus d&rsquo;infos sur le Pacte Nature sur: <a href=\"https:\/\/www.pactenature.lu\">pactenature.lu<\/a><\/p>\n<\/div>\n<\/div>\n<\/div>","protected":false},"excerpt":{"rendered":"<p>La loi sur le Pacte Nature a \u00e9t\u00e9 adopt\u00e9e le 31 juillet 2021. Celui-ci vise \u00e0 soutenir les communes par des incitations \u00e0 la mise en \u0153uvre de mesures de protection de la nature et \u00e0 les faire prendre conscience de leur r\u00f4le important. Pour atteindre les objectifs fix\u00e9s, les communes b\u00e9n\u00e9ficient de l\u2019aide d\u2019un&#8230;  <a class=\"excerpt-read-more\" href=\"https:\/\/bierger.remich.lu\/fr\/ville-de-remich\/umwelt\/umweltberater\/\" title=\"ReadConseiller \u00e9cologique\">Lire la suite \u00bb<\/a><\/p>\n","protected":false},"author":4,"featured_media":2156,"parent":50,"menu_order":40,"comment_status":"closed","ping_status":"closed","template":"","meta":{"_acf_changed":false,"xn-wppe-expiration":[],"xn-wppe-expiration-action":[],"xn-wppe-expiration-prefix":[],"footnotes":"","_links_to":"","_links_to_target":""},"class_list":["post-12115","page","type-page","status-publish","has-post-thumbnail","hentry","keyword-umwelt"],"acf":[],"yoast_head":"<!-- This site is optimized with the Yoast SEO plugin v26.7 - https:\/\/yoast.com\/wordpress\/plugins\/seo\/ -->\n<title>Conseiller \u00e9cologique - Ville de Remich<\/title>\n<meta name=\"robots\" content=\"index, follow, max-snippet:-1, max-image-preview:large, max-video-preview:-1\" \/>\n<link rel=\"canonical\" href=\"https:\/\/bierger.remich.lu\/de\/ville-de-remich\/umwelt\/umweltberater\/\" \/>\n<meta property=\"og:locale\" content=\"fr_FR\" \/>\n<meta property=\"og:type\" content=\"article\" \/>\n<meta property=\"og:title\" content=\"Conseiller \u00e9cologique - Ville de Remich\" \/>\n<meta property=\"og:description\" content=\"La loi sur le Pacte Nature a \u00e9t\u00e9 adopt\u00e9e le 31 juillet 2021. Celui-ci vise \u00e0 soutenir les communes par des incitations \u00e0 la mise en \u0153uvre de mesures de protection de la nature et \u00e0 les faire prendre conscience de leur r\u00f4le important. Pour atteindre les objectifs fix\u00e9s, les communes b\u00e9n\u00e9ficient de l\u2019aide d\u2019un... Lire la suite \u00bb\" \/>\n<meta property=\"og:url\" content=\"https:\/\/bierger.remich.lu\/de\/ville-de-remich\/umwelt\/umweltberater\/\" \/>\n<meta property=\"og:site_name\" content=\"Ville de Remich\" \/>\n<meta property=\"article:modified_time\" content=\"2023-03-30T12:17:46+00:00\" \/>\n<meta property=\"og:image\" content=\"https:\/\/bierger.remich.lu\/wp-content\/uploads\/sites\/3\/2017\/09\/309B8013-1024x683.jpg\" \/>\n\t<meta property=\"og:image:width\" content=\"1024\" \/>\n\t<meta property=\"og:image:height\" content=\"683\" \/>\n\t<meta property=\"og:image:type\" content=\"image\/jpeg\" \/>\n<meta name=\"twitter:card\" content=\"summary_large_image\" \/>\n<meta name=\"twitter:label1\" content=\"Dur\u00e9e de lecture estim\u00e9e\" \/>\n\t<meta name=\"twitter:data1\" content=\"4 minutes\" \/>\n<script type=\"application\/ld+json\" class=\"yoast-schema-graph\">{\"@context\":\"https:\/\/schema.org\",\"@graph\":[{\"@type\":\"WebPage\",\"@id\":\"https:\/\/bierger.remich.lu\/de\/ville-de-remich\/umwelt\/umweltberater\/\",\"url\":\"https:\/\/bierger.remich.lu\/de\/ville-de-remich\/umwelt\/umweltberater\/\",\"name\":\"Conseiller \u00e9cologique - Ville de Remich\",\"isPartOf\":{\"@id\":\"https:\/\/bierger.remich.lu\/de\/#website\"},\"primaryImageOfPage\":{\"@id\":\"https:\/\/bierger.remich.lu\/de\/ville-de-remich\/umwelt\/umweltberater\/#primaryimage\"},\"image\":{\"@id\":\"https:\/\/bierger.remich.lu\/de\/ville-de-remich\/umwelt\/umweltberater\/#primaryimage\"},\"thumbnailUrl\":\"https:\/\/bierger.remich.lu\/wp-content\/uploads\/sites\/3\/2017\/09\/309B8013.jpg\",\"datePublished\":\"2023-03-30T08:51:38+00:00\",\"dateModified\":\"2023-03-30T12:17:46+00:00\",\"breadcrumb\":{\"@id\":\"https:\/\/bierger.remich.lu\/de\/ville-de-remich\/umwelt\/umweltberater\/#breadcrumb\"},\"inLanguage\":\"fr-FR\",\"potentialAction\":[{\"@type\":\"ReadAction\",\"target\":[\"https:\/\/bierger.remich.lu\/de\/ville-de-remich\/umwelt\/umweltberater\/\"]}]},{\"@type\":\"ImageObject\",\"inLanguage\":\"fr-FR\",\"@id\":\"https:\/\/bierger.remich.lu\/de\/ville-de-remich\/umwelt\/umweltberater\/#primaryimage\",\"url\":\"https:\/\/bierger.remich.lu\/wp-content\/uploads\/sites\/3\/2017\/09\/309B8013.jpg\",\"contentUrl\":\"https:\/\/bierger.remich.lu\/wp-content\/uploads\/sites\/3\/2017\/09\/309B8013.jpg\",\"width\":5760,\"height\":3840},{\"@type\":\"BreadcrumbList\",\"@id\":\"https:\/\/bierger.remich.lu\/de\/ville-de-remich\/umwelt\/umweltberater\/#breadcrumb\",\"itemListElement\":[{\"@type\":\"ListItem\",\"position\":1,\"name\":\"Startseite\",\"item\":\"https:\/\/bierger.remich.lu\/de\/\"},{\"@type\":\"ListItem\",\"position\":2,\"name\":\"Stadt Remich\",\"item\":\"https:\/\/bierger.remich.lu\/de\/ville-de-remich\/\"},{\"@type\":\"ListItem\",\"position\":3,\"name\":\"Umwelt\",\"item\":\"https:\/\/bierger.remich.lu\/de\/ville-de-remich\/umwelt\/\"},{\"@type\":\"ListItem\",\"position\":4,\"name\":\"Umweltberater\"}]},{\"@type\":\"WebSite\",\"@id\":\"https:\/\/bierger.remich.lu\/de\/#website\",\"url\":\"https:\/\/bierger.remich.lu\/de\/\",\"name\":\"Ville de Remich\",\"description\":\"\",\"potentialAction\":[{\"@type\":\"SearchAction\",\"target\":{\"@type\":\"EntryPoint\",\"urlTemplate\":\"https:\/\/bierger.remich.lu\/de\/?s={search_term_string}\"},\"query-input\":{\"@type\":\"PropertyValueSpecification\",\"valueRequired\":true,\"valueName\":\"search_term_string\"}}],\"inLanguage\":\"fr-FR\"}]}<\/script>\n<!-- \/ Yoast SEO plugin. -->","yoast_head_json":{"title":"Conseiller \u00e9cologique - Ville de Remich","robots":{"index":"index","follow":"follow","max-snippet":"max-snippet:-1","max-image-preview":"max-image-preview:large","max-video-preview":"max-video-preview:-1"},"canonical":"https:\/\/bierger.remich.lu\/de\/ville-de-remich\/umwelt\/umweltberater\/","og_locale":"fr_FR","og_type":"article","og_title":"Conseiller \u00e9cologique - Ville de Remich","og_description":"La loi sur le Pacte Nature a \u00e9t\u00e9 adopt\u00e9e le 31 juillet 2021. Celui-ci vise \u00e0 soutenir les communes par des incitations \u00e0 la mise en \u0153uvre de mesures de protection de la nature et \u00e0 les faire prendre conscience de leur r\u00f4le important. Pour atteindre les objectifs fix\u00e9s, les communes b\u00e9n\u00e9ficient de l\u2019aide d\u2019un... Lire la suite \u00bb","og_url":"https:\/\/bierger.remich.lu\/de\/ville-de-remich\/umwelt\/umweltberater\/","og_site_name":"Ville de Remich","article_modified_time":"2023-03-30T12:17:46+00:00","og_image":[{"width":1024,"height":683,"url":"https:\/\/bierger.remich.lu\/wp-content\/uploads\/sites\/3\/2017\/09\/309B8013-1024x683.jpg","type":"image\/jpeg"}],"twitter_card":"summary_large_image","twitter_misc":{"Dur\u00e9e de lecture estim\u00e9e":"4 minutes"},"schema":{"@context":"https:\/\/schema.org","@graph":[{"@type":"WebPage","@id":"https:\/\/bierger.remich.lu\/de\/ville-de-remich\/umwelt\/umweltberater\/","url":"https:\/\/bierger.remich.lu\/de\/ville-de-remich\/umwelt\/umweltberater\/","name":"Conseiller \u00e9cologique - Ville de Remich","isPartOf":{"@id":"https:\/\/bierger.remich.lu\/de\/#website"},"primaryImageOfPage":{"@id":"https:\/\/bierger.remich.lu\/de\/ville-de-remich\/umwelt\/umweltberater\/#primaryimage"},"image":{"@id":"https:\/\/bierger.remich.lu\/de\/ville-de-remich\/umwelt\/umweltberater\/#primaryimage"},"thumbnailUrl":"https:\/\/bierger.remich.lu\/wp-content\/uploads\/sites\/3\/2017\/09\/309B8013.jpg","datePublished":"2023-03-30T08:51:38+00:00","dateModified":"2023-03-30T12:17:46+00:00","breadcrumb":{"@id":"https:\/\/bierger.remich.lu\/de\/ville-de-remich\/umwelt\/umweltberater\/#breadcrumb"},"inLanguage":"fr-FR","potentialAction":[{"@type":"ReadAction","target":["https:\/\/bierger.remich.lu\/de\/ville-de-remich\/umwelt\/umweltberater\/"]}]},{"@type":"ImageObject","inLanguage":"fr-FR","@id":"https:\/\/bierger.remich.lu\/de\/ville-de-remich\/umwelt\/umweltberater\/#primaryimage","url":"https:\/\/bierger.remich.lu\/wp-content\/uploads\/sites\/3\/2017\/09\/309B8013.jpg","contentUrl":"https:\/\/bierger.remich.lu\/wp-content\/uploads\/sites\/3\/2017\/09\/309B8013.jpg","width":5760,"height":3840},{"@type":"BreadcrumbList","@id":"https:\/\/bierger.remich.lu\/de\/ville-de-remich\/umwelt\/umweltberater\/#breadcrumb","itemListElement":[{"@type":"ListItem","position":1,"name":"Startseite","item":"https:\/\/bierger.remich.lu\/de\/"},{"@type":"ListItem","position":2,"name":"Stadt Remich","item":"https:\/\/bierger.remich.lu\/de\/ville-de-remich\/"},{"@type":"ListItem","position":3,"name":"Umwelt","item":"https:\/\/bierger.remich.lu\/de\/ville-de-remich\/umwelt\/"},{"@type":"ListItem","position":4,"name":"Umweltberater"}]},{"@type":"WebSite","@id":"https:\/\/bierger.remich.lu\/de\/#website","url":"https:\/\/bierger.remich.lu\/de\/","name":"Ville de Remich","description":"","potentialAction":[{"@type":"SearchAction","target":{"@type":"EntryPoint","urlTemplate":"https:\/\/bierger.remich.lu\/de\/?s={search_term_string}"},"query-input":{"@type":"PropertyValueSpecification","valueRequired":true,"valueName":"search_term_string"}}],"inLanguage":"fr-FR"}]}},"_links":{"self":[{"href":"https:\/\/bierger.remich.lu\/fr\/wp-json\/wp\/v2\/pages\/12115","targetHints":{"allow":["GET"]}}],"collection":[{"href":"https:\/\/bierger.remich.lu\/fr\/wp-json\/wp\/v2\/pages"}],"about":[{"href":"https:\/\/bierger.remich.lu\/fr\/wp-json\/wp\/v2\/types\/page"}],"author":[{"embeddable":true,"href":"https:\/\/bierger.remich.lu\/fr\/wp-json\/wp\/v2\/users\/4"}],"replies":[{"embeddable":true,"href":"https:\/\/bierger.remich.lu\/fr\/wp-json\/wp\/v2\/comments?post=12115"}],"version-history":[{"count":12,"href":"https:\/\/bierger.remich.lu\/fr\/wp-json\/wp\/v2\/pages\/12115\/revisions"}],"predecessor-version":[{"id":12134,"href":"https:\/\/bierger.remich.lu\/fr\/wp-json\/wp\/v2\/pages\/12115\/revisions\/12134"}],"up":[{"embeddable":true,"href":"https:\/\/bierger.remich.lu\/fr\/wp-json\/wp\/v2\/pages\/50"}],"wp:featuredmedia":[{"embeddable":true,"href":"https:\/\/bierger.remich.lu\/fr\/wp-json\/wp\/v2\/media\/2156"}],"wp:attachment":[{"href":"https:\/\/bierger.remich.lu\/fr\/wp-json\/wp\/v2\/media?parent=12115"}],"curies":[{"name":"wp","href":"https:\/\/api.w.org\/{rel}","templated":true}]}}