{"id":1262,"date":"2017-07-20T09:34:34","date_gmt":"2017-07-20T08:34:34","guid":{"rendered":"http:\/\/reimech.lu\/?page_id=1262"},"modified":"2026-04-02T17:24:26","modified_gmt":"2026-04-02T15:24:26","slug":"francais-gestion-des-dechets","status":"publish","type":"page","link":"https:\/\/bierger.remich.lu\/fr\/ville-de-remich\/umwelt\/francais-gestion-des-dechets\/","title":{"rendered":"Gestion des d\u00e9chets"},"content":{"rendered":"<h2>Le recyclage<\/h2>\n<p>Depuis janvier 2017 la Ville de Remich offre la collecte s\u00e9par\u00e9e de d\u00e9chets recyclables.<\/p>\n<p>\u00c0 c\u00f4t\u00e9 de la collecte de d\u00e9chets recyclables, les habitants de Remich ont la possibilit\u00e9 de profiter du centre de recyclage \u00e0 Bech-Kleinmacher qui est strictement r\u00e9serv\u00e9 aux d\u00e9tenteurs\u00a0d&rsquo;une carte d&rsquo;acc\u00e8s.<\/p>\n<p>Le SIGRE propose \u00e9galement ses services dans le domaine de l&rsquo;\u00e9limination et la valorisation de d\u00e9chets ainsi que la vente de composte.<\/p>\n<p>La SuperDrecksK\u00ebscht\u00ae s&rsquo;occupe des d\u00e9chets probl\u00e9matiques.<\/p>\n<p>Vous trouvez toutes les information dans notre guide des d\u00e9chets.<\/p>\n<h2>Introduction d\u00b4un syst\u00e8me d\u00b4identification pour les r\u00e9cipients de d\u00e9chets<\/h2>\n<p>Pour permettre une saisine exacte des quantit\u00e9s destin\u00e9es aux collectes par les citoyens et faciliter \u00e0 l\u00b4administration communale la gestion des r\u00e9cipients, la commune a \u00e9quip\u00e9 les poubelles ou conteneurs gris (d\u00e9chets ultimes) d\u00b4une puce \u00e9lectronique. Le conseil communal fixera au courant des mois \u00e0 venir de nouvelles taxes communales correspondantes. Les poubelles ne seront plus pourvues d&rsquo;\u00e9tiquettes annuelles!<\/p>\n<p>Apr\u00e8s la mise en service du syst\u00e8me, le constat de la fr\u00e9quence de vidange des r\u00e9cipients gris servira au futur comme base de calcul des quantit\u00e9s enlev\u00e9es (Il ne sera pas proc\u00e9d\u00e9 \u00e0 l\u00b4enregistrement de donn\u00e9es personnelles). Ainsi, les citoyens pourront, en profitant de mani\u00e8re plus cons\u00e9quente des possibilit\u00e9s de recyclage, influencer eux-m\u00eames de mani\u00e8re positive le niveau des taxes \u00e0 payer !<\/p>\n<p style=\"font-weight: 400\"><em><span style=\"color: #ff0000\">Si votre poubelle grise n\u2019a pas encore de puce ni d\u2019\u00e9tiquette d\u2019identification avec code-barres, veuillez svp. vous adresser \u00e0 la commune pour convenir un rendez-vous\u00a0: (+352) 621 243 902.\u00a0\u00c0 partir du 4 juillet les poubelles non \u00e9quip\u00e9es d\u2019une puce ne seront plus vid\u00e9es.<\/span><\/em><\/p>\n<p>&nbsp;","protected":false},"excerpt":{"rendered":"<p>Le recyclage Depuis janvier 2017 la Ville de Remich offre la collecte s\u00e9par\u00e9e de d\u00e9chets recyclables. \u00c0 c\u00f4t\u00e9 de la collecte de d\u00e9chets recyclables, les habitants de Remich ont la possibilit\u00e9 de profiter du centre de recyclage \u00e0 Bech-Kleinmacher qui est strictement r\u00e9serv\u00e9 aux d\u00e9tenteurs\u00a0d&rsquo;une carte d&rsquo;acc\u00e8s. Le SIGRE propose \u00e9galement ses services dans le&#8230;  <a class=\"excerpt-read-more\" href=\"https:\/\/bierger.remich.lu\/fr\/ville-de-remich\/umwelt\/francais-gestion-des-dechets\/\" title=\"ReadGestion des d\u00e9chets\">Lire la suite \u00bb<\/a><\/p>\n","protected":false},"author":4,"featured_media":2045,"parent":50,"menu_order":1,"comment_status":"closed","ping_status":"closed","template":"","meta":{"_acf_changed":false,"xn-wppe-expiration":[],"xn-wppe-expiration-action":[],"xn-wppe-expiration-prefix":[],"footnotes":"","_links_to":"","_links_to_target":""},"class_list":["post-1262","page","type-page","status-publish","has-post-thumbnail","hentry","keyword-abfall","keyword-hein","keyword-mulleimer","keyword-recyclage","keyword-sigre","keyword-superdreckskescht","keyword-valorlux"],"acf":[],"yoast_head":"<!-- This site is optimized with the Yoast SEO plugin v26.7 - https:\/\/yoast.com\/wordpress\/plugins\/seo\/ -->\n<title>Gestion des d\u00e9chets - Ville de Remich<\/title>\n<meta name=\"robots\" content=\"index, follow, max-snippet:-1, max-image-preview:large, max-video-preview:-1\" \/>\n<link rel=\"canonical\" href=\"https:\/\/bierger.remich.lu\/ville-de-remich\/umwelt\/francais-gestion-des-dechets\/\" \/>\n<meta property=\"og:locale\" content=\"fr_FR\" \/>\n<meta property=\"og:type\" content=\"article\" \/>\n<meta property=\"og:title\" content=\"Gestion des d\u00e9chets - Ville de Remich\" \/>\n<meta property=\"og:description\" content=\"Le recyclage Depuis janvier 2017 la Ville de Remich offre la collecte s\u00e9par\u00e9e de d\u00e9chets recyclables. \u00c0 c\u00f4t\u00e9 de la collecte de d\u00e9chets recyclables, les habitants de Remich ont la possibilit\u00e9 de profiter du centre de recyclage \u00e0 Bech-Kleinmacher qui est strictement r\u00e9serv\u00e9 aux d\u00e9tenteurs\u00a0d&rsquo;une carte d&rsquo;acc\u00e8s. Le SIGRE propose \u00e9galement ses services dans le... Lire la suite \u00bb\" \/>\n<meta property=\"og:url\" content=\"https:\/\/bierger.remich.lu\/ville-de-remich\/umwelt\/francais-gestion-des-dechets\/\" \/>\n<meta property=\"og:site_name\" content=\"Ville de Remich\" \/>\n<meta property=\"article:modified_time\" content=\"2026-04-02T15:24:26+00:00\" \/>\n<meta property=\"og:image\" content=\"https:\/\/bierger.remich.lu\/wp-content\/uploads\/sites\/3\/2017\/07\/Bildschirmfoto-2017-09-12-um-11.11.58.png\" \/>\n\t<meta property=\"og:image:width\" content=\"420\" \/>\n\t<meta property=\"og:image:height\" content=\"1158\" \/>\n\t<meta property=\"og:image:type\" content=\"image\/png\" \/>\n<meta name=\"twitter:card\" content=\"summary_large_image\" \/>\n<meta name=\"twitter:label1\" content=\"Dur\u00e9e de lecture estim\u00e9e\" \/>\n\t<meta name=\"twitter:data1\" content=\"2 minutes\" \/>\n<script type=\"application\/ld+json\" class=\"yoast-schema-graph\">{\"@context\":\"https:\/\/schema.org\",\"@graph\":[{\"@type\":\"WebPage\",\"@id\":\"https:\/\/bierger.remich.lu\/ville-de-remich\/umwelt\/francais-gestion-des-dechets\/\",\"url\":\"https:\/\/bierger.remich.lu\/ville-de-remich\/umwelt\/francais-gestion-des-dechets\/\",\"name\":\"Gestion des d\u00e9chets - Ville de Remich\",\"isPartOf\":{\"@id\":\"https:\/\/bierger.remich.lu\/de\/#website\"},\"primaryImageOfPage\":{\"@id\":\"https:\/\/bierger.remich.lu\/ville-de-remich\/umwelt\/francais-gestion-des-dechets\/#primaryimage\"},\"image\":{\"@id\":\"https:\/\/bierger.remich.lu\/ville-de-remich\/umwelt\/francais-gestion-des-dechets\/#primaryimage\"},\"thumbnailUrl\":\"https:\/\/bierger.remich.lu\/wp-content\/uploads\/sites\/3\/2017\/07\/Bildschirmfoto-2017-09-12-um-11.11.58.png\",\"datePublished\":\"2017-07-20T08:34:34+00:00\",\"dateModified\":\"2026-04-02T15:24:26+00:00\",\"breadcrumb\":{\"@id\":\"https:\/\/bierger.remich.lu\/ville-de-remich\/umwelt\/francais-gestion-des-dechets\/#breadcrumb\"},\"inLanguage\":\"fr-FR\",\"potentialAction\":[{\"@type\":\"ReadAction\",\"target\":[\"https:\/\/bierger.remich.lu\/ville-de-remich\/umwelt\/francais-gestion-des-dechets\/\"]}]},{\"@type\":\"ImageObject\",\"inLanguage\":\"fr-FR\",\"@id\":\"https:\/\/bierger.remich.lu\/ville-de-remich\/umwelt\/francais-gestion-des-dechets\/#primaryimage\",\"url\":\"https:\/\/bierger.remich.lu\/wp-content\/uploads\/sites\/3\/2017\/07\/Bildschirmfoto-2017-09-12-um-11.11.58.png\",\"contentUrl\":\"https:\/\/bierger.remich.lu\/wp-content\/uploads\/sites\/3\/2017\/07\/Bildschirmfoto-2017-09-12-um-11.11.58.png\",\"width\":420,\"height\":1158},{\"@type\":\"BreadcrumbList\",\"@id\":\"https:\/\/bierger.remich.lu\/ville-de-remich\/umwelt\/francais-gestion-des-dechets\/#breadcrumb\",\"itemListElement\":[{\"@type\":\"ListItem\",\"position\":1,\"name\":\"Startseite\",\"item\":\"https:\/\/bierger.remich.lu\/de\/\"},{\"@type\":\"ListItem\",\"position\":2,\"name\":\"Stadt Remich\",\"item\":\"https:\/\/bierger.remich.lu\/de\/ville-de-remich\/\"},{\"@type\":\"ListItem\",\"position\":3,\"name\":\"Umwelt\",\"item\":\"https:\/\/bierger.remich.lu\/de\/ville-de-remich\/umwelt\/\"},{\"@type\":\"ListItem\",\"position\":4,\"name\":\"Abfallentsorgung\"}]},{\"@type\":\"WebSite\",\"@id\":\"https:\/\/bierger.remich.lu\/de\/#website\",\"url\":\"https:\/\/bierger.remich.lu\/de\/\",\"name\":\"Ville de Remich\",\"description\":\"\",\"potentialAction\":[{\"@type\":\"SearchAction\",\"target\":{\"@type\":\"EntryPoint\",\"urlTemplate\":\"https:\/\/bierger.remich.lu\/de\/?s={search_term_string}\"},\"query-input\":{\"@type\":\"PropertyValueSpecification\",\"valueRequired\":true,\"valueName\":\"search_term_string\"}}],\"inLanguage\":\"fr-FR\"}]}<\/script>\n<!-- \/ Yoast SEO plugin. -->","yoast_head_json":{"title":"Gestion des d\u00e9chets - Ville de Remich","robots":{"index":"index","follow":"follow","max-snippet":"max-snippet:-1","max-image-preview":"max-image-preview:large","max-video-preview":"max-video-preview:-1"},"canonical":"https:\/\/bierger.remich.lu\/ville-de-remich\/umwelt\/francais-gestion-des-dechets\/","og_locale":"fr_FR","og_type":"article","og_title":"Gestion des d\u00e9chets - Ville de Remich","og_description":"Le recyclage Depuis janvier 2017 la Ville de Remich offre la collecte s\u00e9par\u00e9e de d\u00e9chets recyclables. \u00c0 c\u00f4t\u00e9 de la collecte de d\u00e9chets recyclables, les habitants de Remich ont la possibilit\u00e9 de profiter du centre de recyclage \u00e0 Bech-Kleinmacher qui est strictement r\u00e9serv\u00e9 aux d\u00e9tenteurs\u00a0d&rsquo;une carte d&rsquo;acc\u00e8s. Le SIGRE propose \u00e9galement ses services dans le... Lire la suite \u00bb","og_url":"https:\/\/bierger.remich.lu\/ville-de-remich\/umwelt\/francais-gestion-des-dechets\/","og_site_name":"Ville de Remich","article_modified_time":"2026-04-02T15:24:26+00:00","og_image":[{"width":420,"height":1158,"url":"https:\/\/bierger.remich.lu\/wp-content\/uploads\/sites\/3\/2017\/07\/Bildschirmfoto-2017-09-12-um-11.11.58.png","type":"image\/png"}],"twitter_card":"summary_large_image","twitter_misc":{"Dur\u00e9e de lecture estim\u00e9e":"2 minutes"},"schema":{"@context":"https:\/\/schema.org","@graph":[{"@type":"WebPage","@id":"https:\/\/bierger.remich.lu\/ville-de-remich\/umwelt\/francais-gestion-des-dechets\/","url":"https:\/\/bierger.remich.lu\/ville-de-remich\/umwelt\/francais-gestion-des-dechets\/","name":"Gestion des d\u00e9chets - Ville de Remich","isPartOf":{"@id":"https:\/\/bierger.remich.lu\/de\/#website"},"primaryImageOfPage":{"@id":"https:\/\/bierger.remich.lu\/ville-de-remich\/umwelt\/francais-gestion-des-dechets\/#primaryimage"},"image":{"@id":"https:\/\/bierger.remich.lu\/ville-de-remich\/umwelt\/francais-gestion-des-dechets\/#primaryimage"},"thumbnailUrl":"https:\/\/bierger.remich.lu\/wp-content\/uploads\/sites\/3\/2017\/07\/Bildschirmfoto-2017-09-12-um-11.11.58.png","datePublished":"2017-07-20T08:34:34+00:00","dateModified":"2026-04-02T15:24:26+00:00","breadcrumb":{"@id":"https:\/\/bierger.remich.lu\/ville-de-remich\/umwelt\/francais-gestion-des-dechets\/#breadcrumb"},"inLanguage":"fr-FR","potentialAction":[{"@type":"ReadAction","target":["https:\/\/bierger.remich.lu\/ville-de-remich\/umwelt\/francais-gestion-des-dechets\/"]}]},{"@type":"ImageObject","inLanguage":"fr-FR","@id":"https:\/\/bierger.remich.lu\/ville-de-remich\/umwelt\/francais-gestion-des-dechets\/#primaryimage","url":"https:\/\/bierger.remich.lu\/wp-content\/uploads\/sites\/3\/2017\/07\/Bildschirmfoto-2017-09-12-um-11.11.58.png","contentUrl":"https:\/\/bierger.remich.lu\/wp-content\/uploads\/sites\/3\/2017\/07\/Bildschirmfoto-2017-09-12-um-11.11.58.png","width":420,"height":1158},{"@type":"BreadcrumbList","@id":"https:\/\/bierger.remich.lu\/ville-de-remich\/umwelt\/francais-gestion-des-dechets\/#breadcrumb","itemListElement":[{"@type":"ListItem","position":1,"name":"Startseite","item":"https:\/\/bierger.remich.lu\/de\/"},{"@type":"ListItem","position":2,"name":"Stadt Remich","item":"https:\/\/bierger.remich.lu\/de\/ville-de-remich\/"},{"@type":"ListItem","position":3,"name":"Umwelt","item":"https:\/\/bierger.remich.lu\/de\/ville-de-remich\/umwelt\/"},{"@type":"ListItem","position":4,"name":"Abfallentsorgung"}]},{"@type":"WebSite","@id":"https:\/\/bierger.remich.lu\/de\/#website","url":"https:\/\/bierger.remich.lu\/de\/","name":"Ville de Remich","description":"","potentialAction":[{"@type":"SearchAction","target":{"@type":"EntryPoint","urlTemplate":"https:\/\/bierger.remich.lu\/de\/?s={search_term_string}"},"query-input":{"@type":"PropertyValueSpecification","valueRequired":true,"valueName":"search_term_string"}}],"inLanguage":"fr-FR"}]}},"_links":{"self":[{"href":"https:\/\/bierger.remich.lu\/fr\/wp-json\/wp\/v2\/pages\/1262","targetHints":{"allow":["GET"]}}],"collection":[{"href":"https:\/\/bierger.remich.lu\/fr\/wp-json\/wp\/v2\/pages"}],"about":[{"href":"https:\/\/bierger.remich.lu\/fr\/wp-json\/wp\/v2\/types\/page"}],"author":[{"embeddable":true,"href":"https:\/\/bierger.remich.lu\/fr\/wp-json\/wp\/v2\/users\/4"}],"replies":[{"embeddable":true,"href":"https:\/\/bierger.remich.lu\/fr\/wp-json\/wp\/v2\/comments?post=1262"}],"version-history":[{"count":24,"href":"https:\/\/bierger.remich.lu\/fr\/wp-json\/wp\/v2\/pages\/1262\/revisions"}],"predecessor-version":[{"id":12750,"href":"https:\/\/bierger.remich.lu\/fr\/wp-json\/wp\/v2\/pages\/1262\/revisions\/12750"}],"up":[{"embeddable":true,"href":"https:\/\/bierger.remich.lu\/fr\/wp-json\/wp\/v2\/pages\/50"}],"wp:featuredmedia":[{"embeddable":true,"href":"https:\/\/bierger.remich.lu\/fr\/wp-json\/wp\/v2\/media\/2045"}],"wp:attachment":[{"href":"https:\/\/bierger.remich.lu\/fr\/wp-json\/wp\/v2\/media?parent=1262"}],"curies":[{"name":"wp","href":"https:\/\/api.w.org\/{rel}","templated":true}]}}