{"id":136,"date":"2016-08-30T14:00:39","date_gmt":"2016-08-30T13:00:39","guid":{"rendered":"http:\/\/reimech.lu\/?page_id=136"},"modified":"2025-09-10T10:06:16","modified_gmt":"2025-09-10T08:06:16","slug":"francais-recette-3","status":"publish","type":"page","link":"https:\/\/bierger.remich.lu\/fr\/services-au-citoyen\/administration\/francais-recette-3\/","title":{"rendered":"Recette"},"content":{"rendered":"<ul>\n<li class=\"abel20\">Gestion de la comptabilit\u00e9 communale<\/li>\n<li class=\"abel20\">Gestion financi\u00e8re<\/li>\n<li class=\"abel20\">Versements et d\u00e9comptes de cautions<\/li>\n<li>Paiement des factures des fournisseurs<\/li>\n<li>Encaissement des factures<\/li>\n<li>Suivi des d\u00e9lais et arrangements de paiement<\/li>\n<li>Recouvrement des cr\u00e9ances, poursuites judiciaires contre les d\u00e9biteurs<\/li>\n<li>Gestion des ordres de domiciliation et d&rsquo;ordres permanents<\/li>\n<li>Facturation (taxes communales, \u00e9cole de musique, droit de place terrasses et march\u00e9s, etc.)<\/li>\n<li>Etablissement du compte de gestion et de l&rsquo;\u00e9tat des restants<\/li>\n<li>Taxes communales<\/li>\n<li>Concessions\u00a0concernant le cimeti\u00e8re<\/li>\n<li>Imp\u00f4t foncier<\/li>\n<\/ul>","protected":false},"excerpt":{"rendered":"<p>Gestion de la comptabilit\u00e9 communale Gestion financi\u00e8re Versements et d\u00e9comptes de cautions Paiement des factures des fournisseurs Encaissement des factures Suivi des d\u00e9lais et arrangements de paiement Recouvrement des cr\u00e9ances, poursuites judiciaires contre les d\u00e9biteurs Gestion des ordres de domiciliation et d&rsquo;ordres permanents Facturation (taxes communales, \u00e9cole de musique, droit de place terrasses et march\u00e9s,&#8230;  <a class=\"excerpt-read-more\" href=\"https:\/\/bierger.remich.lu\/fr\/services-au-citoyen\/administration\/francais-recette-3\/\" title=\"ReadRecette\">Lire la suite \u00bb<\/a><\/p>\n","protected":false},"author":1,"featured_media":0,"parent":54,"menu_order":78,"comment_status":"closed","ping_status":"closed","template":"","meta":{"_acf_changed":false,"xn-wppe-expiration":[],"xn-wppe-expiration-action":[],"xn-wppe-expiration-prefix":[],"footnotes":"","_links_to":"","_links_to_target":""},"class_list":["post-136","page","type-page","status-publish","hentry","keyword-rechnung"],"acf":[],"yoast_head":"<!-- This site is optimized with the Yoast SEO plugin v26.7 - https:\/\/yoast.com\/wordpress\/plugins\/seo\/ -->\n<title>Recette - Ville de Remich<\/title>\n<meta name=\"robots\" content=\"index, follow, max-snippet:-1, max-image-preview:large, max-video-preview:-1\" \/>\n<link rel=\"canonical\" href=\"https:\/\/bierger.remich.lu\/services-au-citoyen\/administration\/francais-recette-3\/\" \/>\n<meta property=\"og:locale\" content=\"fr_FR\" \/>\n<meta property=\"og:type\" content=\"article\" \/>\n<meta property=\"og:title\" content=\"Recette - Ville de Remich\" \/>\n<meta property=\"og:description\" content=\"Gestion de la comptabilit\u00e9 communale Gestion financi\u00e8re Versements et d\u00e9comptes de cautions Paiement des factures des fournisseurs Encaissement des factures Suivi des d\u00e9lais et arrangements de paiement Recouvrement des cr\u00e9ances, poursuites judiciaires contre les d\u00e9biteurs Gestion des ordres de domiciliation et d&rsquo;ordres permanents Facturation (taxes communales, \u00e9cole de musique, droit de place terrasses et march\u00e9s,... Lire la suite \u00bb\" \/>\n<meta property=\"og:url\" content=\"https:\/\/bierger.remich.lu\/services-au-citoyen\/administration\/francais-recette-3\/\" \/>\n<meta property=\"og:site_name\" content=\"Ville de Remich\" \/>\n<meta property=\"article:modified_time\" content=\"2025-09-10T08:06:16+00:00\" \/>\n<meta name=\"twitter:card\" content=\"summary_large_image\" \/>\n<meta name=\"twitter:label1\" content=\"Dur\u00e9e de lecture estim\u00e9e\" \/>\n\t<meta name=\"twitter:data1\" content=\"1 minute\" \/>\n<script type=\"application\/ld+json\" class=\"yoast-schema-graph\">{\"@context\":\"https:\/\/schema.org\",\"@graph\":[{\"@type\":\"WebPage\",\"@id\":\"https:\/\/bierger.remich.lu\/services-au-citoyen\/administration\/francais-recette-3\/\",\"url\":\"https:\/\/bierger.remich.lu\/services-au-citoyen\/administration\/francais-recette-3\/\",\"name\":\"Recette - Ville de Remich\",\"isPartOf\":{\"@id\":\"https:\/\/bierger.remich.lu\/de\/#website\"},\"datePublished\":\"2016-08-30T13:00:39+00:00\",\"dateModified\":\"2025-09-10T08:06:16+00:00\",\"breadcrumb\":{\"@id\":\"https:\/\/bierger.remich.lu\/services-au-citoyen\/administration\/francais-recette-3\/#breadcrumb\"},\"inLanguage\":\"fr-FR\",\"potentialAction\":[{\"@type\":\"ReadAction\",\"target\":[\"https:\/\/bierger.remich.lu\/services-au-citoyen\/administration\/francais-recette-3\/\"]}]},{\"@type\":\"BreadcrumbList\",\"@id\":\"https:\/\/bierger.remich.lu\/services-au-citoyen\/administration\/francais-recette-3\/#breadcrumb\",\"itemListElement\":[{\"@type\":\"ListItem\",\"position\":1,\"name\":\"Startseite\",\"item\":\"https:\/\/bierger.remich.lu\/de\/\"},{\"@type\":\"ListItem\",\"position\":2,\"name\":\"B\u00fcrgerdienste\",\"item\":\"https:\/\/bierger.remich.lu\/de\/services-au-citoyen\/\"},{\"@type\":\"ListItem\",\"position\":3,\"name\":\"Verwaltung\",\"item\":\"https:\/\/bierger.remich.lu\/services-au-citoyen\/administration\/\"},{\"@type\":\"ListItem\",\"position\":4,\"name\":\"Einnehmerb\u00fcro\"}]},{\"@type\":\"WebSite\",\"@id\":\"https:\/\/bierger.remich.lu\/de\/#website\",\"url\":\"https:\/\/bierger.remich.lu\/de\/\",\"name\":\"Ville de Remich\",\"description\":\"\",\"potentialAction\":[{\"@type\":\"SearchAction\",\"target\":{\"@type\":\"EntryPoint\",\"urlTemplate\":\"https:\/\/bierger.remich.lu\/de\/?s={search_term_string}\"},\"query-input\":{\"@type\":\"PropertyValueSpecification\",\"valueRequired\":true,\"valueName\":\"search_term_string\"}}],\"inLanguage\":\"fr-FR\"}]}<\/script>\n<!-- \/ Yoast SEO plugin. -->","yoast_head_json":{"title":"Recette - Ville de Remich","robots":{"index":"index","follow":"follow","max-snippet":"max-snippet:-1","max-image-preview":"max-image-preview:large","max-video-preview":"max-video-preview:-1"},"canonical":"https:\/\/bierger.remich.lu\/services-au-citoyen\/administration\/francais-recette-3\/","og_locale":"fr_FR","og_type":"article","og_title":"Recette - Ville de Remich","og_description":"Gestion de la comptabilit\u00e9 communale Gestion financi\u00e8re Versements et d\u00e9comptes de cautions Paiement des factures des fournisseurs Encaissement des factures Suivi des d\u00e9lais et arrangements de paiement Recouvrement des cr\u00e9ances, poursuites judiciaires contre les d\u00e9biteurs Gestion des ordres de domiciliation et d&rsquo;ordres permanents Facturation (taxes communales, \u00e9cole de musique, droit de place terrasses et march\u00e9s,... Lire la suite \u00bb","og_url":"https:\/\/bierger.remich.lu\/services-au-citoyen\/administration\/francais-recette-3\/","og_site_name":"Ville de Remich","article_modified_time":"2025-09-10T08:06:16+00:00","twitter_card":"summary_large_image","twitter_misc":{"Dur\u00e9e de lecture estim\u00e9e":"1 minute"},"schema":{"@context":"https:\/\/schema.org","@graph":[{"@type":"WebPage","@id":"https:\/\/bierger.remich.lu\/services-au-citoyen\/administration\/francais-recette-3\/","url":"https:\/\/bierger.remich.lu\/services-au-citoyen\/administration\/francais-recette-3\/","name":"Recette - Ville de Remich","isPartOf":{"@id":"https:\/\/bierger.remich.lu\/de\/#website"},"datePublished":"2016-08-30T13:00:39+00:00","dateModified":"2025-09-10T08:06:16+00:00","breadcrumb":{"@id":"https:\/\/bierger.remich.lu\/services-au-citoyen\/administration\/francais-recette-3\/#breadcrumb"},"inLanguage":"fr-FR","potentialAction":[{"@type":"ReadAction","target":["https:\/\/bierger.remich.lu\/services-au-citoyen\/administration\/francais-recette-3\/"]}]},{"@type":"BreadcrumbList","@id":"https:\/\/bierger.remich.lu\/services-au-citoyen\/administration\/francais-recette-3\/#breadcrumb","itemListElement":[{"@type":"ListItem","position":1,"name":"Startseite","item":"https:\/\/bierger.remich.lu\/de\/"},{"@type":"ListItem","position":2,"name":"B\u00fcrgerdienste","item":"https:\/\/bierger.remich.lu\/de\/services-au-citoyen\/"},{"@type":"ListItem","position":3,"name":"Verwaltung","item":"https:\/\/bierger.remich.lu\/services-au-citoyen\/administration\/"},{"@type":"ListItem","position":4,"name":"Einnehmerb\u00fcro"}]},{"@type":"WebSite","@id":"https:\/\/bierger.remich.lu\/de\/#website","url":"https:\/\/bierger.remich.lu\/de\/","name":"Ville de Remich","description":"","potentialAction":[{"@type":"SearchAction","target":{"@type":"EntryPoint","urlTemplate":"https:\/\/bierger.remich.lu\/de\/?s={search_term_string}"},"query-input":{"@type":"PropertyValueSpecification","valueRequired":true,"valueName":"search_term_string"}}],"inLanguage":"fr-FR"}]}},"_links":{"self":[{"href":"https:\/\/bierger.remich.lu\/fr\/wp-json\/wp\/v2\/pages\/136","targetHints":{"allow":["GET"]}}],"collection":[{"href":"https:\/\/bierger.remich.lu\/fr\/wp-json\/wp\/v2\/pages"}],"about":[{"href":"https:\/\/bierger.remich.lu\/fr\/wp-json\/wp\/v2\/types\/page"}],"author":[{"embeddable":true,"href":"https:\/\/bierger.remich.lu\/fr\/wp-json\/wp\/v2\/users\/1"}],"replies":[{"embeddable":true,"href":"https:\/\/bierger.remich.lu\/fr\/wp-json\/wp\/v2\/comments?post=136"}],"version-history":[{"count":6,"href":"https:\/\/bierger.remich.lu\/fr\/wp-json\/wp\/v2\/pages\/136\/revisions"}],"predecessor-version":[{"id":1671,"href":"https:\/\/bierger.remich.lu\/fr\/wp-json\/wp\/v2\/pages\/136\/revisions\/1671"}],"up":[{"embeddable":true,"href":"https:\/\/bierger.remich.lu\/fr\/wp-json\/wp\/v2\/pages\/54"}],"wp:attachment":[{"href":"https:\/\/bierger.remich.lu\/fr\/wp-json\/wp\/v2\/media?parent=136"}],"curies":[{"name":"wp","href":"https:\/\/api.w.org\/{rel}","templated":true}]}}