{"id":138,"date":"2016-08-30T14:00:56","date_gmt":"2016-08-30T14:00:56","guid":{"rendered":"http:\/\/reimech.lu\/?page_id=138"},"modified":"2026-02-12T15:12:20","modified_gmt":"2026-02-12T14:12:20","slug":"francais-transports-publics","status":"publish","type":"page","link":"https:\/\/bierger.remich.lu\/fr\/services-au-citoyen\/francais-mobilite\/francais-transports-publics\/","title":{"rendered":"Transport public"},"content":{"rendered":"<h3>Mobilite.lu<\/h3>\n<a href=\"http:\/\/www.mobilite.lu\"><img loading=\"lazy\" decoding=\"async\" class=\"wp-image-1800 alignnone\" src=\"http:\/\/reimech.lu\/wp-content\/uploads\/sites\/3\/2016\/08\/Logo-Mobilit\u00e9itszentral.jpg\" alt=\"Logo Mobilit\u00e9itszentral\" width=\"255\" height=\"110\" \/><\/a>\n<p>De maintes lignes de bus ont leur d\u00e9part, passage\u00a0et arriv\u00e9e \u00e0 Remich.<\/p>\n<p>Afin de vous faciliter votre recherche d&rsquo;un itin\u00e9raire, le Minist\u00e8re des Transports et le Verk\u00e9iersbond ont cr\u00e9\u00e9 la centrale de mobilit\u00e9.<\/p>\n<p>Vous pouvez consulter tous les horaires et toute autre information sur le transport public\u00a0sur <a href=\"http:\/\/www.mobilite.lu\">www.mobilite.lu<\/a>.<\/p>\n<p>La centrale de mobilit\u00e9 est \u00e9galement joignable par t\u00e9l\u00e9phone au (+352) 2465 2465 pour toutes vos questions, probl\u00e8mes ou r\u00e9clamations.<\/p>\n<h3>Lignes de bus avec un arr\u00eat \u00e0 Remich | Nouvelle num\u00e9rotation 17.07.2022<\/h3>\n<ul>\n<li>Ligne 341 | Grevenmacher \u2013 Wormeldange \u2013 Remich (ancienne ligne 450)<\/li>\n<li>Ligne 342 | Grevenmacher \u2013 Niederdonven \u2013 Remich (ancienne ligne 451)<\/li>\n<li>Ligne 401 | Luxembourg-Kirchberg \u2013 Losheim (ancienne ligne 159)<\/li>\n<li>Ligne 403 | Luxembourg-Kirchberg \u2013 Remich \u2013 Merzig (D) (ancienne ligne 158)<\/li>\n<li>Ligne 406 | Luxembourg-Kirchberg \u2013 Moutfort \u2013 Remich (ancienne ligne 184)<\/li>\n<li>Ligne 411 | Howald \u2013 Stadtbredimus \u2013 Remich (ancienne ligne 160)<\/li>\n<li>Ligne 412 | Luxembourg-Gare \u2013 Ellange \u2013 Erpeldange \u2013 Remich (ancienne ligne 177)<\/li>\n<li>Ligne 413 | Luxembourg-Gare \u2013 Mondorf \u2013 Remich (ancienne ligne 175)<\/li>\n<li>Ligne 431 | Mondorf-les-Bains \u2013 Dahlheim \u2013 Remich (ancienne ligne 180)<\/li>\n<li>Ligne 432 | Emerange \u2013 Schengen \u2013 Remich (ancienne ligne 185)<\/li>\n<li>Ligne 550 | Bettembourg \u2013 Mondorf \u2013 Remich (ancienne ligne 309)<\/li>\n<\/ul>","protected":false},"excerpt":{"rendered":"<p>Mobilite.lu De maintes lignes de bus ont leur d\u00e9part, passage\u00a0et arriv\u00e9e \u00e0 Remich. Afin de vous faciliter votre recherche d&rsquo;un itin\u00e9raire, le Minist\u00e8re des Transports et le Verk\u00e9iersbond ont cr\u00e9\u00e9 la centrale de mobilit\u00e9. Vous pouvez consulter tous les horaires et toute autre information sur le transport public\u00a0sur www.mobilite.lu. La centrale de mobilit\u00e9 est \u00e9galement&#8230;  <a class=\"excerpt-read-more\" href=\"https:\/\/bierger.remich.lu\/fr\/services-au-citoyen\/francais-mobilite\/francais-transports-publics\/\" title=\"ReadTransport public\">Lire la suite \u00bb<\/a><\/p>\n","protected":false},"author":1,"featured_media":2134,"parent":70,"menu_order":64,"comment_status":"closed","ping_status":"closed","template":"","meta":{"_acf_changed":false,"xn-wppe-expiration":[],"xn-wppe-expiration-action":[],"xn-wppe-expiration-prefix":[],"footnotes":"","_links_to":"","_links_to_target":""},"class_list":["post-138","page","type-page","status-publish","has-post-thumbnail","hentry","keyword-mobilitat"],"acf":[],"yoast_head":"<!-- This site is optimized with the Yoast SEO plugin v26.7 - https:\/\/yoast.com\/wordpress\/plugins\/seo\/ -->\n<title>Transport public - Ville de Remich<\/title>\n<meta name=\"robots\" content=\"index, follow, max-snippet:-1, max-image-preview:large, max-video-preview:-1\" \/>\n<link rel=\"canonical\" href=\"https:\/\/bierger.remich.lu\/services-au-citoyen\/francais-mobilite\/francais-transports-publics\/\" \/>\n<meta property=\"og:locale\" content=\"fr_FR\" \/>\n<meta property=\"og:type\" content=\"article\" \/>\n<meta property=\"og:title\" content=\"Transport public - Ville de Remich\" \/>\n<meta property=\"og:description\" content=\"Mobilite.lu De maintes lignes de bus ont leur d\u00e9part, passage\u00a0et arriv\u00e9e \u00e0 Remich. Afin de vous faciliter votre recherche d&rsquo;un itin\u00e9raire, le Minist\u00e8re des Transports et le Verk\u00e9iersbond ont cr\u00e9\u00e9 la centrale de mobilit\u00e9. Vous pouvez consulter tous les horaires et toute autre information sur le transport public\u00a0sur www.mobilite.lu. La centrale de mobilit\u00e9 est \u00e9galement... Lire la suite \u00bb\" \/>\n<meta property=\"og:url\" content=\"https:\/\/bierger.remich.lu\/services-au-citoyen\/francais-mobilite\/francais-transports-publics\/\" \/>\n<meta property=\"og:site_name\" content=\"Ville de Remich\" \/>\n<meta property=\"article:modified_time\" content=\"2026-02-12T14:12:20+00:00\" \/>\n<meta property=\"og:image\" content=\"https:\/\/bierger.remich.lu\/wp-content\/uploads\/sites\/3\/2016\/08\/matthew-henry-6205-1024x683.jpg\" \/>\n\t<meta property=\"og:image:width\" content=\"1024\" \/>\n\t<meta property=\"og:image:height\" content=\"683\" \/>\n\t<meta property=\"og:image:type\" content=\"image\/jpeg\" \/>\n<meta name=\"twitter:card\" content=\"summary_large_image\" \/>\n<meta name=\"twitter:label1\" content=\"Dur\u00e9e de lecture estim\u00e9e\" \/>\n\t<meta name=\"twitter:data1\" content=\"1 minute\" \/>\n<script type=\"application\/ld+json\" class=\"yoast-schema-graph\">{\"@context\":\"https:\/\/schema.org\",\"@graph\":[{\"@type\":\"WebPage\",\"@id\":\"https:\/\/bierger.remich.lu\/services-au-citoyen\/francais-mobilite\/francais-transports-publics\/\",\"url\":\"https:\/\/bierger.remich.lu\/services-au-citoyen\/francais-mobilite\/francais-transports-publics\/\",\"name\":\"Transport public - Ville de Remich\",\"isPartOf\":{\"@id\":\"https:\/\/bierger.remich.lu\/de\/#website\"},\"primaryImageOfPage\":{\"@id\":\"https:\/\/bierger.remich.lu\/services-au-citoyen\/francais-mobilite\/francais-transports-publics\/#primaryimage\"},\"image\":{\"@id\":\"https:\/\/bierger.remich.lu\/services-au-citoyen\/francais-mobilite\/francais-transports-publics\/#primaryimage\"},\"thumbnailUrl\":\"https:\/\/bierger.remich.lu\/wp-content\/uploads\/sites\/3\/2016\/08\/matthew-henry-6205.jpg\",\"datePublished\":\"2016-08-30T14:00:56+00:00\",\"dateModified\":\"2026-02-12T14:12:20+00:00\",\"breadcrumb\":{\"@id\":\"https:\/\/bierger.remich.lu\/services-au-citoyen\/francais-mobilite\/francais-transports-publics\/#breadcrumb\"},\"inLanguage\":\"fr-FR\",\"potentialAction\":[{\"@type\":\"ReadAction\",\"target\":[\"https:\/\/bierger.remich.lu\/services-au-citoyen\/francais-mobilite\/francais-transports-publics\/\"]}]},{\"@type\":\"ImageObject\",\"inLanguage\":\"fr-FR\",\"@id\":\"https:\/\/bierger.remich.lu\/services-au-citoyen\/francais-mobilite\/francais-transports-publics\/#primaryimage\",\"url\":\"https:\/\/bierger.remich.lu\/wp-content\/uploads\/sites\/3\/2016\/08\/matthew-henry-6205.jpg\",\"contentUrl\":\"https:\/\/bierger.remich.lu\/wp-content\/uploads\/sites\/3\/2016\/08\/matthew-henry-6205.jpg\",\"width\":5760,\"height\":3840},{\"@type\":\"BreadcrumbList\",\"@id\":\"https:\/\/bierger.remich.lu\/services-au-citoyen\/francais-mobilite\/francais-transports-publics\/#breadcrumb\",\"itemListElement\":[{\"@type\":\"ListItem\",\"position\":1,\"name\":\"Startseite\",\"item\":\"https:\/\/bierger.remich.lu\/de\/\"},{\"@type\":\"ListItem\",\"position\":2,\"name\":\"B\u00fcrgerdienste\",\"item\":\"https:\/\/bierger.remich.lu\/de\/services-au-citoyen\/\"},{\"@type\":\"ListItem\",\"position\":3,\"name\":\"Mobilit\u00e4t\",\"item\":\"https:\/\/bierger.remich.lu\/de\/services-au-citoyen\/francais-mobilite\/\"},{\"@type\":\"ListItem\",\"position\":4,\"name\":\"\u00d6ffentliche Verkehrsmittel\"}]},{\"@type\":\"WebSite\",\"@id\":\"https:\/\/bierger.remich.lu\/de\/#website\",\"url\":\"https:\/\/bierger.remich.lu\/de\/\",\"name\":\"Ville de Remich\",\"description\":\"\",\"potentialAction\":[{\"@type\":\"SearchAction\",\"target\":{\"@type\":\"EntryPoint\",\"urlTemplate\":\"https:\/\/bierger.remich.lu\/de\/?s={search_term_string}\"},\"query-input\":{\"@type\":\"PropertyValueSpecification\",\"valueRequired\":true,\"valueName\":\"search_term_string\"}}],\"inLanguage\":\"fr-FR\"}]}<\/script>\n<!-- \/ Yoast SEO plugin. -->","yoast_head_json":{"title":"Transport public - Ville de Remich","robots":{"index":"index","follow":"follow","max-snippet":"max-snippet:-1","max-image-preview":"max-image-preview:large","max-video-preview":"max-video-preview:-1"},"canonical":"https:\/\/bierger.remich.lu\/services-au-citoyen\/francais-mobilite\/francais-transports-publics\/","og_locale":"fr_FR","og_type":"article","og_title":"Transport public - Ville de Remich","og_description":"Mobilite.lu De maintes lignes de bus ont leur d\u00e9part, passage\u00a0et arriv\u00e9e \u00e0 Remich. Afin de vous faciliter votre recherche d&rsquo;un itin\u00e9raire, le Minist\u00e8re des Transports et le Verk\u00e9iersbond ont cr\u00e9\u00e9 la centrale de mobilit\u00e9. Vous pouvez consulter tous les horaires et toute autre information sur le transport public\u00a0sur www.mobilite.lu. La centrale de mobilit\u00e9 est \u00e9galement... Lire la suite \u00bb","og_url":"https:\/\/bierger.remich.lu\/services-au-citoyen\/francais-mobilite\/francais-transports-publics\/","og_site_name":"Ville de Remich","article_modified_time":"2026-02-12T14:12:20+00:00","og_image":[{"width":1024,"height":683,"url":"https:\/\/bierger.remich.lu\/wp-content\/uploads\/sites\/3\/2016\/08\/matthew-henry-6205-1024x683.jpg","type":"image\/jpeg"}],"twitter_card":"summary_large_image","twitter_misc":{"Dur\u00e9e de lecture estim\u00e9e":"1 minute"},"schema":{"@context":"https:\/\/schema.org","@graph":[{"@type":"WebPage","@id":"https:\/\/bierger.remich.lu\/services-au-citoyen\/francais-mobilite\/francais-transports-publics\/","url":"https:\/\/bierger.remich.lu\/services-au-citoyen\/francais-mobilite\/francais-transports-publics\/","name":"Transport public - Ville de Remich","isPartOf":{"@id":"https:\/\/bierger.remich.lu\/de\/#website"},"primaryImageOfPage":{"@id":"https:\/\/bierger.remich.lu\/services-au-citoyen\/francais-mobilite\/francais-transports-publics\/#primaryimage"},"image":{"@id":"https:\/\/bierger.remich.lu\/services-au-citoyen\/francais-mobilite\/francais-transports-publics\/#primaryimage"},"thumbnailUrl":"https:\/\/bierger.remich.lu\/wp-content\/uploads\/sites\/3\/2016\/08\/matthew-henry-6205.jpg","datePublished":"2016-08-30T14:00:56+00:00","dateModified":"2026-02-12T14:12:20+00:00","breadcrumb":{"@id":"https:\/\/bierger.remich.lu\/services-au-citoyen\/francais-mobilite\/francais-transports-publics\/#breadcrumb"},"inLanguage":"fr-FR","potentialAction":[{"@type":"ReadAction","target":["https:\/\/bierger.remich.lu\/services-au-citoyen\/francais-mobilite\/francais-transports-publics\/"]}]},{"@type":"ImageObject","inLanguage":"fr-FR","@id":"https:\/\/bierger.remich.lu\/services-au-citoyen\/francais-mobilite\/francais-transports-publics\/#primaryimage","url":"https:\/\/bierger.remich.lu\/wp-content\/uploads\/sites\/3\/2016\/08\/matthew-henry-6205.jpg","contentUrl":"https:\/\/bierger.remich.lu\/wp-content\/uploads\/sites\/3\/2016\/08\/matthew-henry-6205.jpg","width":5760,"height":3840},{"@type":"BreadcrumbList","@id":"https:\/\/bierger.remich.lu\/services-au-citoyen\/francais-mobilite\/francais-transports-publics\/#breadcrumb","itemListElement":[{"@type":"ListItem","position":1,"name":"Startseite","item":"https:\/\/bierger.remich.lu\/de\/"},{"@type":"ListItem","position":2,"name":"B\u00fcrgerdienste","item":"https:\/\/bierger.remich.lu\/de\/services-au-citoyen\/"},{"@type":"ListItem","position":3,"name":"Mobilit\u00e4t","item":"https:\/\/bierger.remich.lu\/de\/services-au-citoyen\/francais-mobilite\/"},{"@type":"ListItem","position":4,"name":"\u00d6ffentliche Verkehrsmittel"}]},{"@type":"WebSite","@id":"https:\/\/bierger.remich.lu\/de\/#website","url":"https:\/\/bierger.remich.lu\/de\/","name":"Ville de Remich","description":"","potentialAction":[{"@type":"SearchAction","target":{"@type":"EntryPoint","urlTemplate":"https:\/\/bierger.remich.lu\/de\/?s={search_term_string}"},"query-input":{"@type":"PropertyValueSpecification","valueRequired":true,"valueName":"search_term_string"}}],"inLanguage":"fr-FR"}]}},"_links":{"self":[{"href":"https:\/\/bierger.remich.lu\/fr\/wp-json\/wp\/v2\/pages\/138","targetHints":{"allow":["GET"]}}],"collection":[{"href":"https:\/\/bierger.remich.lu\/fr\/wp-json\/wp\/v2\/pages"}],"about":[{"href":"https:\/\/bierger.remich.lu\/fr\/wp-json\/wp\/v2\/types\/page"}],"author":[{"embeddable":true,"href":"https:\/\/bierger.remich.lu\/fr\/wp-json\/wp\/v2\/users\/1"}],"replies":[{"embeddable":true,"href":"https:\/\/bierger.remich.lu\/fr\/wp-json\/wp\/v2\/comments?post=138"}],"version-history":[{"count":31,"href":"https:\/\/bierger.remich.lu\/fr\/wp-json\/wp\/v2\/pages\/138\/revisions"}],"predecessor-version":[{"id":13554,"href":"https:\/\/bierger.remich.lu\/fr\/wp-json\/wp\/v2\/pages\/138\/revisions\/13554"}],"up":[{"embeddable":true,"href":"https:\/\/bierger.remich.lu\/fr\/wp-json\/wp\/v2\/pages\/70"}],"wp:featuredmedia":[{"embeddable":true,"href":"https:\/\/bierger.remich.lu\/fr\/wp-json\/wp\/v2\/media\/2134"}],"wp:attachment":[{"href":"https:\/\/bierger.remich.lu\/fr\/wp-json\/wp\/v2\/media?parent=138"}],"curies":[{"name":"wp","href":"https:\/\/api.w.org\/{rel}","templated":true}]}}