{"id":14246,"date":"2024-06-13T07:45:20","date_gmt":"2024-06-13T05:45:20","guid":{"rendered":"https:\/\/bierger.remich.lu\/?page_id=14246"},"modified":"2024-06-13T08:07:06","modified_gmt":"2024-06-13T06:07:06","slug":"oekotopten","status":"publish","type":"page","link":"https:\/\/bierger.remich.lu\/fr\/ville-de-remich\/umwelt\/oekotopten\/","title":{"rendered":"OekoTopten"},"content":{"rendered":"OekoTopten.lu est un guide digital adapt\u00e9 au march\u00e9 luxembourgeois qui offre des informations et des conseils pour \u00e9conomiser de l&rsquo;\u00e9nergie et des ressources.<\/p>\n<p>Les consommateurs-trices peuvent consulter et comparer en un clic les appareils \u00e9lectrom\u00e9nagers, les v\u00e9hicules \u00e9lectriques, les smartphones, les syst\u00e8mes de chauffage et autres produits selon des crit\u00e8res tels que l&rsquo;efficacit\u00e9 \u00e9nerg\u00e9tique, la consommation de ressources et la r\u00e9parabilit\u00e9.<\/p>\n<p>L&rsquo;<a href=\"https:\/\/projekte.oekozenter.lu\/?lang=fr\" target=\"_blank\" rel=\"noopener noreferrer\">Oekozenter Pafendall<\/a> assure la gestion du projet en collaboration avec le <a href=\"https:\/\/www.meco.lu\/fr\/\" target=\"_blank\" rel=\"noopener noreferrer\">Mouvement Ecologique<\/a>. Le projet est soutenu par le minist\u00e8re de l\u2019Environnement, du Climat et du D\u00e9veloppement durable et le r\u00e9seau Topten International Group.<\/p>\n<p><em>(source: OekoTopten.lu)<\/em>","protected":false},"excerpt":{"rendered":"<p>OekoTopten.lu est un guide digital adapt\u00e9 au march\u00e9 luxembourgeois qui offre des informations et des conseils pour \u00e9conomiser de l&rsquo;\u00e9nergie et des ressources. Les consommateurs-trices peuvent consulter et comparer en un clic les appareils \u00e9lectrom\u00e9nagers, les v\u00e9hicules \u00e9lectriques, les smartphones, les syst\u00e8mes de chauffage et autres produits selon des crit\u00e8res tels que l&rsquo;efficacit\u00e9 \u00e9nerg\u00e9tique, la&#8230;  <a class=\"excerpt-read-more\" href=\"https:\/\/bierger.remich.lu\/fr\/ville-de-remich\/umwelt\/oekotopten\/\" title=\"ReadOekoTopten\">Lire la suite \u00bb<\/a><\/p>\n","protected":false},"author":4,"featured_media":0,"parent":50,"menu_order":37,"comment_status":"closed","ping_status":"closed","template":"","meta":{"_acf_changed":false,"xn-wppe-expiration":[],"xn-wppe-expiration-action":[],"xn-wppe-expiration-prefix":[],"footnotes":"","_links_to":"","_links_to_target":""},"class_list":["post-14246","page","type-page","status-publish","hentry","keyword-energie","keyword-umwelt"],"acf":[],"yoast_head":"<!-- This site is optimized with the Yoast SEO plugin v26.7 - https:\/\/yoast.com\/wordpress\/plugins\/seo\/ -->\n<title>OekoTopten - Ville de Remich<\/title>\n<meta name=\"robots\" content=\"index, follow, max-snippet:-1, max-image-preview:large, max-video-preview:-1\" \/>\n<link rel=\"canonical\" href=\"https:\/\/bierger.remich.lu\/de\/ville-de-remich\/umwelt\/oekotopten\/\" \/>\n<meta property=\"og:locale\" content=\"fr_FR\" \/>\n<meta property=\"og:type\" content=\"article\" \/>\n<meta property=\"og:title\" content=\"OekoTopten - Ville de Remich\" \/>\n<meta property=\"og:description\" content=\"OekoTopten.lu est un guide digital adapt\u00e9 au march\u00e9 luxembourgeois qui offre des informations et des conseils pour \u00e9conomiser de l&rsquo;\u00e9nergie et des ressources. Les consommateurs-trices peuvent consulter et comparer en un clic les appareils \u00e9lectrom\u00e9nagers, les v\u00e9hicules \u00e9lectriques, les smartphones, les syst\u00e8mes de chauffage et autres produits selon des crit\u00e8res tels que l&rsquo;efficacit\u00e9 \u00e9nerg\u00e9tique, la... Lire la suite \u00bb\" \/>\n<meta property=\"og:url\" content=\"https:\/\/bierger.remich.lu\/de\/ville-de-remich\/umwelt\/oekotopten\/\" \/>\n<meta property=\"og:site_name\" content=\"Ville de Remich\" \/>\n<meta property=\"article:modified_time\" content=\"2024-06-13T06:07:06+00:00\" \/>\n<meta name=\"twitter:card\" content=\"summary_large_image\" \/>\n<meta name=\"twitter:label1\" content=\"Dur\u00e9e de lecture estim\u00e9e\" \/>\n\t<meta name=\"twitter:data1\" content=\"2 minutes\" \/>\n<script type=\"application\/ld+json\" class=\"yoast-schema-graph\">{\"@context\":\"https:\/\/schema.org\",\"@graph\":[{\"@type\":\"WebPage\",\"@id\":\"https:\/\/bierger.remich.lu\/de\/ville-de-remich\/umwelt\/oekotopten\/\",\"url\":\"https:\/\/bierger.remich.lu\/de\/ville-de-remich\/umwelt\/oekotopten\/\",\"name\":\"OekoTopten - Ville de Remich\",\"isPartOf\":{\"@id\":\"https:\/\/bierger.remich.lu\/de\/#website\"},\"datePublished\":\"2024-06-13T05:45:20+00:00\",\"dateModified\":\"2024-06-13T06:07:06+00:00\",\"breadcrumb\":{\"@id\":\"https:\/\/bierger.remich.lu\/de\/ville-de-remich\/umwelt\/oekotopten\/#breadcrumb\"},\"inLanguage\":\"fr-FR\",\"potentialAction\":[{\"@type\":\"ReadAction\",\"target\":[\"https:\/\/bierger.remich.lu\/de\/ville-de-remich\/umwelt\/oekotopten\/\"]}]},{\"@type\":\"BreadcrumbList\",\"@id\":\"https:\/\/bierger.remich.lu\/de\/ville-de-remich\/umwelt\/oekotopten\/#breadcrumb\",\"itemListElement\":[{\"@type\":\"ListItem\",\"position\":1,\"name\":\"Startseite\",\"item\":\"https:\/\/bierger.remich.lu\/de\/\"},{\"@type\":\"ListItem\",\"position\":2,\"name\":\"Stadt Remich\",\"item\":\"https:\/\/bierger.remich.lu\/de\/ville-de-remich\/\"},{\"@type\":\"ListItem\",\"position\":3,\"name\":\"Umwelt\",\"item\":\"https:\/\/bierger.remich.lu\/de\/ville-de-remich\/umwelt\/\"},{\"@type\":\"ListItem\",\"position\":4,\"name\":\"OekoTopten\"}]},{\"@type\":\"WebSite\",\"@id\":\"https:\/\/bierger.remich.lu\/de\/#website\",\"url\":\"https:\/\/bierger.remich.lu\/de\/\",\"name\":\"Ville de Remich\",\"description\":\"\",\"potentialAction\":[{\"@type\":\"SearchAction\",\"target\":{\"@type\":\"EntryPoint\",\"urlTemplate\":\"https:\/\/bierger.remich.lu\/de\/?s={search_term_string}\"},\"query-input\":{\"@type\":\"PropertyValueSpecification\",\"valueRequired\":true,\"valueName\":\"search_term_string\"}}],\"inLanguage\":\"fr-FR\"}]}<\/script>\n<!-- \/ Yoast SEO plugin. -->","yoast_head_json":{"title":"OekoTopten - Ville de Remich","robots":{"index":"index","follow":"follow","max-snippet":"max-snippet:-1","max-image-preview":"max-image-preview:large","max-video-preview":"max-video-preview:-1"},"canonical":"https:\/\/bierger.remich.lu\/de\/ville-de-remich\/umwelt\/oekotopten\/","og_locale":"fr_FR","og_type":"article","og_title":"OekoTopten - Ville de Remich","og_description":"OekoTopten.lu est un guide digital adapt\u00e9 au march\u00e9 luxembourgeois qui offre des informations et des conseils pour \u00e9conomiser de l&rsquo;\u00e9nergie et des ressources. Les consommateurs-trices peuvent consulter et comparer en un clic les appareils \u00e9lectrom\u00e9nagers, les v\u00e9hicules \u00e9lectriques, les smartphones, les syst\u00e8mes de chauffage et autres produits selon des crit\u00e8res tels que l&rsquo;efficacit\u00e9 \u00e9nerg\u00e9tique, la... Lire la suite \u00bb","og_url":"https:\/\/bierger.remich.lu\/de\/ville-de-remich\/umwelt\/oekotopten\/","og_site_name":"Ville de Remich","article_modified_time":"2024-06-13T06:07:06+00:00","twitter_card":"summary_large_image","twitter_misc":{"Dur\u00e9e de lecture estim\u00e9e":"2 minutes"},"schema":{"@context":"https:\/\/schema.org","@graph":[{"@type":"WebPage","@id":"https:\/\/bierger.remich.lu\/de\/ville-de-remich\/umwelt\/oekotopten\/","url":"https:\/\/bierger.remich.lu\/de\/ville-de-remich\/umwelt\/oekotopten\/","name":"OekoTopten - Ville de Remich","isPartOf":{"@id":"https:\/\/bierger.remich.lu\/de\/#website"},"datePublished":"2024-06-13T05:45:20+00:00","dateModified":"2024-06-13T06:07:06+00:00","breadcrumb":{"@id":"https:\/\/bierger.remich.lu\/de\/ville-de-remich\/umwelt\/oekotopten\/#breadcrumb"},"inLanguage":"fr-FR","potentialAction":[{"@type":"ReadAction","target":["https:\/\/bierger.remich.lu\/de\/ville-de-remich\/umwelt\/oekotopten\/"]}]},{"@type":"BreadcrumbList","@id":"https:\/\/bierger.remich.lu\/de\/ville-de-remich\/umwelt\/oekotopten\/#breadcrumb","itemListElement":[{"@type":"ListItem","position":1,"name":"Startseite","item":"https:\/\/bierger.remich.lu\/de\/"},{"@type":"ListItem","position":2,"name":"Stadt Remich","item":"https:\/\/bierger.remich.lu\/de\/ville-de-remich\/"},{"@type":"ListItem","position":3,"name":"Umwelt","item":"https:\/\/bierger.remich.lu\/de\/ville-de-remich\/umwelt\/"},{"@type":"ListItem","position":4,"name":"OekoTopten"}]},{"@type":"WebSite","@id":"https:\/\/bierger.remich.lu\/de\/#website","url":"https:\/\/bierger.remich.lu\/de\/","name":"Ville de Remich","description":"","potentialAction":[{"@type":"SearchAction","target":{"@type":"EntryPoint","urlTemplate":"https:\/\/bierger.remich.lu\/de\/?s={search_term_string}"},"query-input":{"@type":"PropertyValueSpecification","valueRequired":true,"valueName":"search_term_string"}}],"inLanguage":"fr-FR"}]}},"_links":{"self":[{"href":"https:\/\/bierger.remich.lu\/fr\/wp-json\/wp\/v2\/pages\/14246","targetHints":{"allow":["GET"]}}],"collection":[{"href":"https:\/\/bierger.remich.lu\/fr\/wp-json\/wp\/v2\/pages"}],"about":[{"href":"https:\/\/bierger.remich.lu\/fr\/wp-json\/wp\/v2\/types\/page"}],"author":[{"embeddable":true,"href":"https:\/\/bierger.remich.lu\/fr\/wp-json\/wp\/v2\/users\/4"}],"replies":[{"embeddable":true,"href":"https:\/\/bierger.remich.lu\/fr\/wp-json\/wp\/v2\/comments?post=14246"}],"version-history":[{"count":2,"href":"https:\/\/bierger.remich.lu\/fr\/wp-json\/wp\/v2\/pages\/14246\/revisions"}],"predecessor-version":[{"id":14248,"href":"https:\/\/bierger.remich.lu\/fr\/wp-json\/wp\/v2\/pages\/14246\/revisions\/14248"}],"up":[{"embeddable":true,"href":"https:\/\/bierger.remich.lu\/fr\/wp-json\/wp\/v2\/pages\/50"}],"wp:attachment":[{"href":"https:\/\/bierger.remich.lu\/fr\/wp-json\/wp\/v2\/media?parent=14246"}],"curies":[{"name":"wp","href":"https:\/\/api.w.org\/{rel}","templated":true}]}}