{"id":1530,"date":"2017-07-26T13:26:31","date_gmt":"2017-07-26T12:26:31","guid":{"rendered":"http:\/\/reimech.lu\/?page_id=1530"},"modified":"2024-07-03T11:26:32","modified_gmt":"2024-07-03T09:26:32","slug":"klimapakt","status":"publish","type":"page","link":"https:\/\/bierger.remich.lu\/fr\/ville-de-remich\/umwelt\/klimapakt\/","title":{"rendered":"Pacte climat"},"content":{"rendered":"<img loading=\"lazy\" decoding=\"async\" class=\"alignleft wp-image-14569 \" src=\"https:\/\/bierger.remich.lu\/wp-content\/uploads\/sites\/3\/2024\/07\/LOGO_Pacte-Climat_cmjn-scaled-1024x246.jpg\" alt=\"\" width=\"441\" height=\"106\" srcset=\"https:\/\/bierger.remich.lu\/wp-content\/uploads\/sites\/3\/2024\/07\/LOGO_Pacte-Climat_cmjn-scaled-1024x246.jpg 1024w, https:\/\/bierger.remich.lu\/wp-content\/uploads\/sites\/3\/2024\/07\/LOGO_Pacte-Climat_cmjn-scaled-300x72.jpg 300w\" sizes=\"auto, (max-width: 441px) 100vw, 441px\" \/><\/p>\n<p>&nbsp;<\/p>\n<p>&nbsp;<\/p>\n<p>&nbsp;<\/p>\n<p>&nbsp;<\/p>\n<p>Pour r\u00e9duire les \u00e9missions de gaz \u00e0 effet de serre, l&rsquo;\u00e9tat veut coop\u00e9rer avec les communes du Luxembourg. En Juillet 2012 une loi, permettant un accord (pacte climat) entre l&rsquo;\u00e9tat et les communes, a \u00e9t\u00e9 vot\u00e9e.<br \/>\nL&rsquo;objectif du pacte climat est de r\u00e9duire les \u00e9missions de gaz \u00e0 effet de serre, la consommation d&rsquo;\u00e9nergie ainsi que les co\u00fbts associ\u00e9s. Le pacte climat est en vigueur depuis le 1er janvier 2013.<\/p>\n<p>Le conseil communal de\u00a0Remich a d\u00e9cid\u00e9 unanimement de joindre le pacte climat lors de sa session du 27 d\u00e9cembre 2012.<\/p>\n<p>La signature de la convention entra\u00eene des obligations pour les deux parties\u00a0:<\/p>\n<ul>\n<li>La Ville de Remich s&rsquo;engage \u00e0 ex\u00e9cuter les mesures du catalogue European Energy Award (eea) et \u00e0 instaurer un syst\u00e8me de comptabilit\u00e9\u00a0\u00e9nerg\u00e9tique pour ses infrastructures et \u00e9quipements communaux.<\/li>\n<li>\n<div>L&rsquo;\u00e9tat garantit le soutien financier et technique.<\/div>\n<\/li>\n<\/ul>\n<h3><strong>Le catalogue de mesures eea<\/strong><\/h3>\n<p>Le Pacte Climat se base sur l\u2019European Energy Award, syst\u00e8me de gestion de qualit\u00e9 qui fait preuve d\u2019une exp\u00e9rience de plus de 20 ans dans une dizaine de pays europ\u00e9ens et qui a \u00e9t\u00e9 adapt\u00e9 au contexte national. Un catalogue de 79 mesures faisant office de guide servira \u00e0 orienter efficacement les communes dans leurs d\u00e9marches dans les domaines de la lutte contre les changements climatiques, de l\u2019\u00e9nergie et de la mobilit\u00e9. En signant la convention, la Ville de Remich s\u2019engage \u00e0 ex\u00e9cuter les mesures reprises dans ce catalogue. Un syst\u00e8me de certification permet d\u2019\u00e9valuer et de r\u00e9compenser les efforts r\u00e9alis\u00e9s par les communes, en fonction du catalogue des mesures et du potentiel d\u2019action de chaque commune.<\/p>\n<p>Les mesures concernent principalement les 6 cat\u00e9gories suivantes:<\/p>\n<ul>\n<li>\n<div>Am\u00e9nagement du territoire et constructions<\/div>\n<\/li>\n<li>\n<div>B\u00e2timents communaux et \u00e9quipements<\/div>\n<\/li>\n<li>\n<div>Approvisionnement et d\u00e9pollution<\/div>\n<\/li>\n<li>\n<div>Mobilit\u00e9<\/div>\n<\/li>\n<li>\n<div>Organisation interne<\/div>\n<\/li>\n<li>\n<div>Communication et coop\u00e9ration.<\/div>\n<\/li>\n<\/ul>\n<h3><strong>\u00c9quipe climat<\/strong><\/h3>\n<p>La commune doit mettre en place une \u00e9quipe climat qui s\u2019occupe de l\u2019ex\u00e9cution des mesures eea. Cette \u00e9quipe sera compos\u00e9e d\u2019un conseiller climat, de repr\u00e9sentants politiques, de l&rsquo;administration communale, des commissions municipales, d\u2019experts, de responsables d&rsquo;entreprises et de citoyens int\u00e9ress\u00e9s. L\u2019\u00e9quipe climat \u00e9tablira le bilan initial et proc\u00e9dera \u00e0 l\u2019auto\u00e9valuation de la politique \u00e9nerg\u00e9tique et climatique de la commune, selon les exigences du programme eea. Elle \u00e9laborera \u00e9galement le programme de travail sur base des r\u00e9sultats du bilan initial.<\/p>\n<p>L&rsquo;\u00e9quipe climat sera dirig\u00e9e par le conseiller climat. Le conseiller climat peut \u00eatre un consultant externe ou un fonctionnaire\/employ\u00e9 interne. Plusieurs communes peuvent engager un conseiller climat en commun.<\/p>\n<p><strong>\u00c9quipe climat de la Ville de Remich<\/strong><\/p>\n<ul>\n<li><span style=\"color: #000000\">Bruno Barboni<\/span><\/li>\n<li><span style=\"color: #000000\">Robert Braquet<\/span><\/li>\n<li><span style=\"color: #000000\">Martin Dritter<\/span><\/li>\n<li><span style=\"color: #000000\">Daniel Fr\u00e8res<\/span><\/li>\n<li><span style=\"color: #000000\">Jean-Paul Kieffer<\/span><\/li>\n<li><span style=\"color: #000000\">Guy Mathay<\/span><\/li>\n<li><span style=\"color: #000000\">Jean-Paul Meyers<\/span><\/li>\n<li><span style=\"color: #000000\">Jacques Sitz (Klimasch\u00f6ffe)<\/span><\/li>\n<li><span style=\"color: #000000\">Laurent Thiel<\/span><\/li>\n<li><span style=\"color: #000000\">Jean-Paul Wiltz<\/span><\/li>\n<\/ul>\n<p>L\u2019\u00e9quipe climat de la Ville de Remich est toujours\u00a0\u00e0 la recherche de membres motiv\u00e9s. Adressez votre demande \u00e0 info@remich.lu.<\/p>\n<h3><strong>Soutien financier par l\u2019\u00e9tat<\/strong><\/h3>\n<p>La mise en \u0153uvre des mesures est soutenue par l&rsquo;\u00e9tat (Fonds pour l&rsquo;environnement) comme suit\u00a0:<\/p>\n<ul>\n<li>financement du conseiller climat (25 &#8211; 50 jours par an, en fonction du nombre d\u2019habitants<\/li>\n<li>une subvention forfaitaire annuelle de 10.000 \u20ac comme participation au financement des frais de fonctionnement une subvention variable annuelle, d\u00e9pendant du degr\u00e9 de mise en \u0153uvre des mesures eea.<br \/>\nDegr\u00e9 de r\u00e9alisation de 40%\u00a0: 15 \u20ac par habitant jusqu\u2019au 31.12.2015, 10 \u20ac de 2016 \u00e0 2018 et 5 \u20ac pour 2019 et 2020.<br \/>\nPour un degr\u00e9 de r\u00e9alisation de 50% la subvention s\u2019\u00e9l\u00e8ve \u00e0 25, 20 et 15 \u20ac par habitant.<br \/>\nPour un degr\u00e9 de r\u00e9alisation de 75% la subvention s\u2019\u00e9l\u00e8ve \u00e0 35, 30 et 25 \u20ac par habitant.<br \/>\nA partir de la 2<sup>\u00e8me<\/sup> ann\u00e9e qui suit la premi\u00e8re certification, cette subvention est li\u00e9e en partie \u00e0 des objectifs de r\u00e9duction des \u00e9missions de gaz \u00e0 effet de serre r\u00e9alis\u00e9s par la commune (20%) au niveau de ses infrastructures et \u00e9quipements d\u2019une part et des m\u00e9nages (10%) d\u2019autre part.<\/li>\n<\/ul>\n<h3>Certification Pacte Climat de la Ville de Remich<\/h3>\n<img loading=\"lazy\" decoding=\"async\" class=\"alignnone wp-image-14578 size-large\" src=\"https:\/\/bierger.remich.lu\/wp-content\/uploads\/sites\/3\/2024\/07\/20240607_Pacte-Climat-1024x683.jpg\" alt=\"\" width=\"1024\" height=\"683\" srcset=\"https:\/\/bierger.remich.lu\/wp-content\/uploads\/sites\/3\/2024\/07\/20240607_Pacte-Climat-1024x683.jpg 1024w, https:\/\/bierger.remich.lu\/wp-content\/uploads\/sites\/3\/2024\/07\/20240607_Pacte-Climat-300x200.jpg 300w, https:\/\/bierger.remich.lu\/wp-content\/uploads\/sites\/3\/2024\/07\/20240607_Pacte-Climat.jpg 1280w\" sizes=\"auto, (max-width: 1024px) 100vw, 1024px\" \/>\n<p><em>(de droite \u00e0 gauche: Ministre Serge Wilmes, \u00c9chevine Rita Wallerich, membre Klimateam Martin Dritter)<\/em><\/p>\n<p>En pr\u00e9sence des ministres Serge Wilmes et Lex Delles, la Ville de Remich a obtenu la certification de 50%.<\/p>\n<p>Il faut particuli\u00e8rement souligner la r\u00e9ussite dans le domaine \u00ab\u00a0Communication et coop\u00e9ration\u00a0\u00bb, o\u00f9 nous avons obtenu 63,2% des points du catalogue de mesures. Ce r\u00e9sultat montre que notre engagement dans le pacte climatique porte ses fruits.<\/p>\n<p>Plus d&rsquo;informations sur : <a href=\"https:\/\/pacteclimat.lu\/de\/acteur-engage\/news\/journee-pacte-climat-2024\">Journ\u00e9e Pacte Climat<\/a>","protected":false},"excerpt":{"rendered":"<p>&nbsp; &nbsp; &nbsp; &nbsp; Pour r\u00e9duire les \u00e9missions de gaz \u00e0 effet de serre, l&rsquo;\u00e9tat veut coop\u00e9rer avec les communes du Luxembourg. En Juillet 2012 une loi, permettant un accord (pacte climat) entre l&rsquo;\u00e9tat et les communes, a \u00e9t\u00e9 vot\u00e9e. L&rsquo;objectif du pacte climat est de r\u00e9duire les \u00e9missions de gaz \u00e0 effet de serre,&#8230;  <a class=\"excerpt-read-more\" href=\"https:\/\/bierger.remich.lu\/fr\/ville-de-remich\/umwelt\/klimapakt\/\" title=\"ReadPacte climat\">Lire la suite \u00bb<\/a><\/p>\n","protected":false},"author":4,"featured_media":2039,"parent":50,"menu_order":36,"comment_status":"closed","ping_status":"closed","template":"","meta":{"_acf_changed":false,"xn-wppe-expiration":[],"xn-wppe-expiration-action":[],"xn-wppe-expiration-prefix":[],"footnotes":"","_links_to":"","_links_to_target":""},"class_list":["post-1530","page","type-page","status-publish","has-post-thumbnail","hentry","keyword-pacte-climat","keyword-equipe-climat","keyword-umwelt"],"acf":[],"yoast_head":"<!-- This site is optimized with the Yoast SEO plugin v26.7 - https:\/\/yoast.com\/wordpress\/plugins\/seo\/ -->\n<title>Pacte climat - Ville de Remich<\/title>\n<meta name=\"robots\" content=\"index, follow, max-snippet:-1, max-image-preview:large, max-video-preview:-1\" \/>\n<link rel=\"canonical\" href=\"https:\/\/bierger.remich.lu\/fr\/ville-de-remich\/umwelt\/klimapakt\/\" \/>\n<meta property=\"og:locale\" content=\"fr_FR\" \/>\n<meta property=\"og:type\" content=\"article\" \/>\n<meta property=\"og:title\" content=\"Pacte climat - Ville de Remich\" \/>\n<meta property=\"og:description\" content=\"&nbsp; &nbsp; &nbsp; &nbsp; Pour r\u00e9duire les \u00e9missions de gaz \u00e0 effet de serre, l&rsquo;\u00e9tat veut coop\u00e9rer avec les communes du Luxembourg. En Juillet 2012 une loi, permettant un accord (pacte climat) entre l&rsquo;\u00e9tat et les communes, a \u00e9t\u00e9 vot\u00e9e. L&rsquo;objectif du pacte climat est de r\u00e9duire les \u00e9missions de gaz \u00e0 effet de serre,... Lire la suite \u00bb\" \/>\n<meta property=\"og:url\" content=\"https:\/\/bierger.remich.lu\/fr\/ville-de-remich\/umwelt\/klimapakt\/\" \/>\n<meta property=\"og:site_name\" content=\"Ville de Remich\" \/>\n<meta property=\"article:modified_time\" content=\"2024-07-03T09:26:32+00:00\" \/>\n<meta property=\"og:image\" content=\"https:\/\/bierger.remich.lu\/wp-content\/uploads\/sites\/3\/2017\/07\/Bee-loic-mermilliod-219293.jpg\" \/>\n\t<meta property=\"og:image:width\" content=\"709\" \/>\n\t<meta property=\"og:image:height\" content=\"472\" \/>\n\t<meta property=\"og:image:type\" content=\"image\/jpeg\" \/>\n<meta name=\"twitter:card\" content=\"summary_large_image\" \/>\n<meta name=\"twitter:label1\" content=\"Dur\u00e9e de lecture estim\u00e9e\" \/>\n\t<meta name=\"twitter:data1\" content=\"7 minutes\" \/>\n<script type=\"application\/ld+json\" class=\"yoast-schema-graph\">{\"@context\":\"https:\/\/schema.org\",\"@graph\":[{\"@type\":\"WebPage\",\"@id\":\"https:\/\/bierger.remich.lu\/fr\/ville-de-remich\/umwelt\/klimapakt\/\",\"url\":\"https:\/\/bierger.remich.lu\/fr\/ville-de-remich\/umwelt\/klimapakt\/\",\"name\":\"Pacte climat - Ville de Remich\",\"isPartOf\":{\"@id\":\"https:\/\/bierger.remich.lu\/de\/#website\"},\"primaryImageOfPage\":{\"@id\":\"https:\/\/bierger.remich.lu\/fr\/ville-de-remich\/umwelt\/klimapakt\/#primaryimage\"},\"image\":{\"@id\":\"https:\/\/bierger.remich.lu\/fr\/ville-de-remich\/umwelt\/klimapakt\/#primaryimage\"},\"thumbnailUrl\":\"https:\/\/bierger.remich.lu\/wp-content\/uploads\/sites\/3\/2017\/07\/Bee-loic-mermilliod-219293.jpg\",\"datePublished\":\"2017-07-26T12:26:31+00:00\",\"dateModified\":\"2024-07-03T09:26:32+00:00\",\"breadcrumb\":{\"@id\":\"https:\/\/bierger.remich.lu\/fr\/ville-de-remich\/umwelt\/klimapakt\/#breadcrumb\"},\"inLanguage\":\"fr-FR\",\"potentialAction\":[{\"@type\":\"ReadAction\",\"target\":[\"https:\/\/bierger.remich.lu\/fr\/ville-de-remich\/umwelt\/klimapakt\/\"]}]},{\"@type\":\"ImageObject\",\"inLanguage\":\"fr-FR\",\"@id\":\"https:\/\/bierger.remich.lu\/fr\/ville-de-remich\/umwelt\/klimapakt\/#primaryimage\",\"url\":\"https:\/\/bierger.remich.lu\/wp-content\/uploads\/sites\/3\/2017\/07\/Bee-loic-mermilliod-219293.jpg\",\"contentUrl\":\"https:\/\/bierger.remich.lu\/wp-content\/uploads\/sites\/3\/2017\/07\/Bee-loic-mermilliod-219293.jpg\",\"width\":709,\"height\":472},{\"@type\":\"BreadcrumbList\",\"@id\":\"https:\/\/bierger.remich.lu\/fr\/ville-de-remich\/umwelt\/klimapakt\/#breadcrumb\",\"itemListElement\":[{\"@type\":\"ListItem\",\"position\":1,\"name\":\"Startseite\",\"item\":\"https:\/\/bierger.remich.lu\/de\/\"},{\"@type\":\"ListItem\",\"position\":2,\"name\":\"Stadt Remich\",\"item\":\"https:\/\/bierger.remich.lu\/de\/ville-de-remich\/\"},{\"@type\":\"ListItem\",\"position\":3,\"name\":\"Umwelt\",\"item\":\"https:\/\/bierger.remich.lu\/de\/ville-de-remich\/umwelt\/\"},{\"@type\":\"ListItem\",\"position\":4,\"name\":\"Pacte climat\"}]},{\"@type\":\"WebSite\",\"@id\":\"https:\/\/bierger.remich.lu\/de\/#website\",\"url\":\"https:\/\/bierger.remich.lu\/de\/\",\"name\":\"Ville de Remich\",\"description\":\"\",\"potentialAction\":[{\"@type\":\"SearchAction\",\"target\":{\"@type\":\"EntryPoint\",\"urlTemplate\":\"https:\/\/bierger.remich.lu\/de\/?s={search_term_string}\"},\"query-input\":{\"@type\":\"PropertyValueSpecification\",\"valueRequired\":true,\"valueName\":\"search_term_string\"}}],\"inLanguage\":\"fr-FR\"}]}<\/script>\n<!-- \/ Yoast SEO plugin. -->","yoast_head_json":{"title":"Pacte climat - Ville de Remich","robots":{"index":"index","follow":"follow","max-snippet":"max-snippet:-1","max-image-preview":"max-image-preview:large","max-video-preview":"max-video-preview:-1"},"canonical":"https:\/\/bierger.remich.lu\/fr\/ville-de-remich\/umwelt\/klimapakt\/","og_locale":"fr_FR","og_type":"article","og_title":"Pacte climat - Ville de Remich","og_description":"&nbsp; &nbsp; &nbsp; &nbsp; Pour r\u00e9duire les \u00e9missions de gaz \u00e0 effet de serre, l&rsquo;\u00e9tat veut coop\u00e9rer avec les communes du Luxembourg. En Juillet 2012 une loi, permettant un accord (pacte climat) entre l&rsquo;\u00e9tat et les communes, a \u00e9t\u00e9 vot\u00e9e. L&rsquo;objectif du pacte climat est de r\u00e9duire les \u00e9missions de gaz \u00e0 effet de serre,... Lire la suite \u00bb","og_url":"https:\/\/bierger.remich.lu\/fr\/ville-de-remich\/umwelt\/klimapakt\/","og_site_name":"Ville de Remich","article_modified_time":"2024-07-03T09:26:32+00:00","og_image":[{"width":709,"height":472,"url":"https:\/\/bierger.remich.lu\/wp-content\/uploads\/sites\/3\/2017\/07\/Bee-loic-mermilliod-219293.jpg","type":"image\/jpeg"}],"twitter_card":"summary_large_image","twitter_misc":{"Dur\u00e9e de lecture estim\u00e9e":"7 minutes"},"schema":{"@context":"https:\/\/schema.org","@graph":[{"@type":"WebPage","@id":"https:\/\/bierger.remich.lu\/fr\/ville-de-remich\/umwelt\/klimapakt\/","url":"https:\/\/bierger.remich.lu\/fr\/ville-de-remich\/umwelt\/klimapakt\/","name":"Pacte climat - Ville de Remich","isPartOf":{"@id":"https:\/\/bierger.remich.lu\/de\/#website"},"primaryImageOfPage":{"@id":"https:\/\/bierger.remich.lu\/fr\/ville-de-remich\/umwelt\/klimapakt\/#primaryimage"},"image":{"@id":"https:\/\/bierger.remich.lu\/fr\/ville-de-remich\/umwelt\/klimapakt\/#primaryimage"},"thumbnailUrl":"https:\/\/bierger.remich.lu\/wp-content\/uploads\/sites\/3\/2017\/07\/Bee-loic-mermilliod-219293.jpg","datePublished":"2017-07-26T12:26:31+00:00","dateModified":"2024-07-03T09:26:32+00:00","breadcrumb":{"@id":"https:\/\/bierger.remich.lu\/fr\/ville-de-remich\/umwelt\/klimapakt\/#breadcrumb"},"inLanguage":"fr-FR","potentialAction":[{"@type":"ReadAction","target":["https:\/\/bierger.remich.lu\/fr\/ville-de-remich\/umwelt\/klimapakt\/"]}]},{"@type":"ImageObject","inLanguage":"fr-FR","@id":"https:\/\/bierger.remich.lu\/fr\/ville-de-remich\/umwelt\/klimapakt\/#primaryimage","url":"https:\/\/bierger.remich.lu\/wp-content\/uploads\/sites\/3\/2017\/07\/Bee-loic-mermilliod-219293.jpg","contentUrl":"https:\/\/bierger.remich.lu\/wp-content\/uploads\/sites\/3\/2017\/07\/Bee-loic-mermilliod-219293.jpg","width":709,"height":472},{"@type":"BreadcrumbList","@id":"https:\/\/bierger.remich.lu\/fr\/ville-de-remich\/umwelt\/klimapakt\/#breadcrumb","itemListElement":[{"@type":"ListItem","position":1,"name":"Startseite","item":"https:\/\/bierger.remich.lu\/de\/"},{"@type":"ListItem","position":2,"name":"Stadt Remich","item":"https:\/\/bierger.remich.lu\/de\/ville-de-remich\/"},{"@type":"ListItem","position":3,"name":"Umwelt","item":"https:\/\/bierger.remich.lu\/de\/ville-de-remich\/umwelt\/"},{"@type":"ListItem","position":4,"name":"Pacte climat"}]},{"@type":"WebSite","@id":"https:\/\/bierger.remich.lu\/de\/#website","url":"https:\/\/bierger.remich.lu\/de\/","name":"Ville de Remich","description":"","potentialAction":[{"@type":"SearchAction","target":{"@type":"EntryPoint","urlTemplate":"https:\/\/bierger.remich.lu\/de\/?s={search_term_string}"},"query-input":{"@type":"PropertyValueSpecification","valueRequired":true,"valueName":"search_term_string"}}],"inLanguage":"fr-FR"}]}},"_links":{"self":[{"href":"https:\/\/bierger.remich.lu\/fr\/wp-json\/wp\/v2\/pages\/1530","targetHints":{"allow":["GET"]}}],"collection":[{"href":"https:\/\/bierger.remich.lu\/fr\/wp-json\/wp\/v2\/pages"}],"about":[{"href":"https:\/\/bierger.remich.lu\/fr\/wp-json\/wp\/v2\/types\/page"}],"author":[{"embeddable":true,"href":"https:\/\/bierger.remich.lu\/fr\/wp-json\/wp\/v2\/users\/4"}],"replies":[{"embeddable":true,"href":"https:\/\/bierger.remich.lu\/fr\/wp-json\/wp\/v2\/comments?post=1530"}],"version-history":[{"count":19,"href":"https:\/\/bierger.remich.lu\/fr\/wp-json\/wp\/v2\/pages\/1530\/revisions"}],"predecessor-version":[{"id":14583,"href":"https:\/\/bierger.remich.lu\/fr\/wp-json\/wp\/v2\/pages\/1530\/revisions\/14583"}],"up":[{"embeddable":true,"href":"https:\/\/bierger.remich.lu\/fr\/wp-json\/wp\/v2\/pages\/50"}],"wp:featuredmedia":[{"embeddable":true,"href":"https:\/\/bierger.remich.lu\/fr\/wp-json\/wp\/v2\/media\/2039"}],"wp:attachment":[{"href":"https:\/\/bierger.remich.lu\/fr\/wp-json\/wp\/v2\/media?parent=1530"}],"curies":[{"name":"wp","href":"https:\/\/api.w.org\/{rel}","templated":true}]}}