{"id":1538,"date":"2017-07-26T13:52:57","date_gmt":"2017-07-26T12:52:57","guid":{"rendered":"http:\/\/reimech.lu\/?page_id=1538"},"modified":"2026-01-22T16:37:25","modified_gmt":"2026-01-22T15:37:25","slug":"energieberatung-myenergy","status":"publish","type":"page","link":"https:\/\/bierger.remich.lu\/fr\/ville-de-remich\/umwelt\/energieberatung-myenergy\/","title":{"rendered":"Conseils en \u00e9nergie | Klima Agence"},"content":{"rendered":"<img loading=\"lazy\" decoding=\"async\" class=\"alignnone size-medium wp-image-12460\" src=\"https:\/\/bierger.remich.lu\/wp-content\/uploads\/sites\/3\/2023\/06\/KLIMAAGENCE_LOGO_RGB-300x195.png\" alt=\"\" width=\"300\" height=\"195\" srcset=\"https:\/\/bierger.remich.lu\/wp-content\/uploads\/sites\/3\/2023\/06\/KLIMAAGENCE_LOGO_RGB-300x195.png 300w, https:\/\/bierger.remich.lu\/wp-content\/uploads\/sites\/3\/2023\/06\/KLIMAAGENCE_LOGO_RGB-1024x667.png 1024w, https:\/\/bierger.remich.lu\/wp-content\/uploads\/sites\/3\/2023\/06\/KLIMAAGENCE_LOGO_RGB.png 1768w\" sizes=\"auto, (max-width: 300px) 100vw, 300px\" \/><\/p>\n<p style=\"font-weight: 400\"><strong>Bien s\u2019informer sur la transition \u00e9nerg\u00e9tique et la protection du climat<\/strong><\/p>\n<p style=\"font-weight: 400\">Le conseil de base en \u00e9nergie est neutre et gratuit. Il vous permet d\u2019aborder les \u00e9tapes n\u00e9cessaires pour r\u00e9ussir votre projet d\u2019habitat ou de mobilit\u00e9 durable, de remplacement de votre vielle chaudi\u00e8re \u00e0 \u00e9nergie renouvelable par une solution plus ecoresponsable ou encore de production d\u2019\u00e9lectricit\u00e9 propre gr\u00e2ce au soleil.<\/p>\n<p style=\"font-weight: 400\">Il s\u2019agit d\u2019un partenariat entre votre commune et Klima-Agence, votre partenaire en mati\u00e8re d\u2019\u00e9nergie et de climat.<\/p>\n<p style=\"font-weight: 400\">Ce service a pour objectif de vous conseiller, informer et sensibiliser sur les sujets suivants :<\/p>\n<ul>\n<li>les \u00e9conomies d\u2019\u00e9nergie au quotidien\u00a0;<\/li>\n<li>la r\u00e9novation \u00e9nerg\u00e9tique durable ;<\/li>\n<li>la construction durable ;<\/li>\n<li>les solutions de chauffage pour votre logement\u00a0;<\/li>\n<li>les \u00e9nergies renouvelables ;<\/li>\n<li>la production d\u2019\u00e9lectricit\u00e9 et l\u2019autoconsommation\u00a0;<\/li>\n<li>la mobilit\u00e9 \u00e9lectrique ;<\/li>\n<li>le certificat de performance \u00e9nerg\u00e9tique\u00a0;<\/li>\n<li>les diverses aides disponibles.<\/li>\n<\/ul>\n<p style=\"font-weight: 400\"><img loading=\"lazy\" decoding=\"async\" class=\"alignnone size-medium wp-image-12556\" src=\"https:\/\/bierger.remich.lu\/wp-content\/uploads\/sites\/3\/2023\/07\/Rosace-pdf-300x257.jpg\" alt=\"\" width=\"300\" height=\"257\" srcset=\"https:\/\/bierger.remich.lu\/wp-content\/uploads\/sites\/3\/2023\/07\/Rosace-pdf-300x257.jpg 300w, https:\/\/bierger.remich.lu\/wp-content\/uploads\/sites\/3\/2023\/07\/Rosace-pdf-1024x878.jpg 1024w, https:\/\/bierger.remich.lu\/wp-content\/uploads\/sites\/3\/2023\/07\/Rosace-pdf.jpg 1240w\" sizes=\"auto, (max-width: 300px) 100vw, 300px\" \/><\/p>\n<p style=\"font-weight: 400\"><strong>Votre diagnostic \u00e9nerg\u00e9tique personnalis\u00e9 sur rendez-vous<\/strong><\/p>\n<p style=\"font-weight: 400\">Le conseil de base en \u00e9nergie vous est propos\u00e9 \u00e0 votre domicile (exclusivement pour projets de r\u00e9novation) ou par t\u00e9l\u00e9conf\u00e9rence. Il peut avoir lieu en luxembourgeois, en allemand, en fran\u00e7ais ou en anglais. L&rsquo;enti\u00e8ret\u00e9 des co\u00fbts est prise en charge par Klima-Agence et votre commune.<\/p>\n<div><span lang=\"EN-US\"><a href=\"https:\/\/www.klima-agence.lu\/fr\/rdv\"><b><span lang=\"FR-CH\">Prenez rendez-vous d\u00e8s aujourd\u2019hui\u00a0!<\/span><\/b><\/a><\/span><\/div>\n<div><img loading=\"lazy\" decoding=\"async\" class=\"alignnone size-medium wp-image-12561\" src=\"https:\/\/bierger.remich.lu\/wp-content\/uploads\/sites\/3\/2023\/07\/Hotline-Klima-Agence-300x153.jpg\" alt=\"\" width=\"300\" height=\"153\" srcset=\"https:\/\/bierger.remich.lu\/wp-content\/uploads\/sites\/3\/2023\/07\/Hotline-Klima-Agence-300x153.jpg 300w, https:\/\/bierger.remich.lu\/wp-content\/uploads\/sites\/3\/2023\/07\/Hotline-Klima-Agence.jpg 798w\" sizes=\"auto, (max-width: 300px) 100vw, 300px\" \/><\/div>\n<div>\n<h3>Autres articles :<\/h3>\n<ul>\n<li>\n<p style=\"font-weight: 400\"><a href=\"https:\/\/bierger.remich.lu\/fr\/2023\/07\/24\/wie-waere-es-wenn-sie-energie-erzeugen-koennten-mit-der-sonne-und-auf-ihrem-balkon\/\">Et si vous pouviez produire de l\u2019\u00e9nergie \u2026 \u00e0 partir du soleil et sur votre balcon ?<\/a><\/p>\n<\/li>\n<\/ul>\n<\/div>","protected":false},"excerpt":{"rendered":"<p>Bien s\u2019informer sur la transition \u00e9nerg\u00e9tique et la protection du climat Le conseil de base en \u00e9nergie est neutre et gratuit. Il vous permet d\u2019aborder les \u00e9tapes n\u00e9cessaires pour r\u00e9ussir votre projet d\u2019habitat ou de mobilit\u00e9 durable, de remplacement de votre vielle chaudi\u00e8re \u00e0 \u00e9nergie renouvelable par une solution plus ecoresponsable ou encore de production&#8230;  <a class=\"excerpt-read-more\" href=\"https:\/\/bierger.remich.lu\/fr\/ville-de-remich\/umwelt\/energieberatung-myenergy\/\" title=\"ReadConseils en \u00e9nergie | Klima Agence\">Lire la suite \u00bb<\/a><\/p>\n","protected":false},"author":4,"featured_media":2044,"parent":50,"menu_order":3,"comment_status":"closed","ping_status":"closed","template":"","meta":{"_acf_changed":false,"xn-wppe-expiration":[],"xn-wppe-expiration-action":[],"xn-wppe-expiration-prefix":[],"footnotes":"","_links_to":"","_links_to_target":""},"class_list":["post-1538","page","type-page","status-publish","has-post-thumbnail","hentry","keyword-energie","keyword-conseil-energie"],"acf":[],"yoast_head":"<!-- This site is optimized with the Yoast SEO plugin v26.7 - https:\/\/yoast.com\/wordpress\/plugins\/seo\/ -->\n<title>Conseils en \u00e9nergie | Klima Agence - Ville de Remich<\/title>\n<meta name=\"robots\" content=\"index, follow, max-snippet:-1, max-image-preview:large, max-video-preview:-1\" \/>\n<link rel=\"canonical\" href=\"https:\/\/bierger.remich.lu\/ville-de-remich\/umwelt\/energieberatung-myenergy\/\" \/>\n<meta property=\"og:locale\" content=\"fr_FR\" \/>\n<meta property=\"og:type\" content=\"article\" \/>\n<meta property=\"og:title\" content=\"Conseils en \u00e9nergie | Klima Agence - Ville de Remich\" \/>\n<meta property=\"og:description\" content=\"Bien s\u2019informer sur la transition \u00e9nerg\u00e9tique et la protection du climat Le conseil de base en \u00e9nergie est neutre et gratuit. Il vous permet d\u2019aborder les \u00e9tapes n\u00e9cessaires pour r\u00e9ussir votre projet d\u2019habitat ou de mobilit\u00e9 durable, de remplacement de votre vielle chaudi\u00e8re \u00e0 \u00e9nergie renouvelable par une solution plus ecoresponsable ou encore de production... Lire la suite \u00bb\" \/>\n<meta property=\"og:url\" content=\"https:\/\/bierger.remich.lu\/ville-de-remich\/umwelt\/energieberatung-myenergy\/\" \/>\n<meta property=\"og:site_name\" content=\"Ville de Remich\" \/>\n<meta property=\"article:modified_time\" content=\"2026-01-22T15:37:25+00:00\" \/>\n<meta property=\"og:image\" content=\"https:\/\/bierger.remich.lu\/wp-content\/uploads\/sites\/3\/2017\/07\/diz-play-31367-1024x683.jpg\" \/>\n\t<meta property=\"og:image:width\" content=\"1024\" \/>\n\t<meta property=\"og:image:height\" content=\"683\" \/>\n\t<meta property=\"og:image:type\" content=\"image\/jpeg\" \/>\n<meta name=\"twitter:card\" content=\"summary_large_image\" \/>\n<meta name=\"twitter:label1\" content=\"Dur\u00e9e de lecture estim\u00e9e\" \/>\n\t<meta name=\"twitter:data1\" content=\"2 minutes\" \/>\n<script type=\"application\/ld+json\" class=\"yoast-schema-graph\">{\"@context\":\"https:\/\/schema.org\",\"@graph\":[{\"@type\":\"WebPage\",\"@id\":\"https:\/\/bierger.remich.lu\/ville-de-remich\/umwelt\/energieberatung-myenergy\/\",\"url\":\"https:\/\/bierger.remich.lu\/ville-de-remich\/umwelt\/energieberatung-myenergy\/\",\"name\":\"Conseils en \u00e9nergie | Klima Agence - Ville de Remich\",\"isPartOf\":{\"@id\":\"https:\/\/bierger.remich.lu\/de\/#website\"},\"primaryImageOfPage\":{\"@id\":\"https:\/\/bierger.remich.lu\/ville-de-remich\/umwelt\/energieberatung-myenergy\/#primaryimage\"},\"image\":{\"@id\":\"https:\/\/bierger.remich.lu\/ville-de-remich\/umwelt\/energieberatung-myenergy\/#primaryimage\"},\"thumbnailUrl\":\"https:\/\/bierger.remich.lu\/wp-content\/uploads\/sites\/3\/2017\/07\/diz-play-31367.jpg\",\"datePublished\":\"2017-07-26T12:52:57+00:00\",\"dateModified\":\"2026-01-22T15:37:25+00:00\",\"breadcrumb\":{\"@id\":\"https:\/\/bierger.remich.lu\/ville-de-remich\/umwelt\/energieberatung-myenergy\/#breadcrumb\"},\"inLanguage\":\"fr-FR\",\"potentialAction\":[{\"@type\":\"ReadAction\",\"target\":[\"https:\/\/bierger.remich.lu\/ville-de-remich\/umwelt\/energieberatung-myenergy\/\"]}]},{\"@type\":\"ImageObject\",\"inLanguage\":\"fr-FR\",\"@id\":\"https:\/\/bierger.remich.lu\/ville-de-remich\/umwelt\/energieberatung-myenergy\/#primaryimage\",\"url\":\"https:\/\/bierger.remich.lu\/wp-content\/uploads\/sites\/3\/2017\/07\/diz-play-31367.jpg\",\"contentUrl\":\"https:\/\/bierger.remich.lu\/wp-content\/uploads\/sites\/3\/2017\/07\/diz-play-31367.jpg\",\"width\":4898,\"height\":3265},{\"@type\":\"BreadcrumbList\",\"@id\":\"https:\/\/bierger.remich.lu\/ville-de-remich\/umwelt\/energieberatung-myenergy\/#breadcrumb\",\"itemListElement\":[{\"@type\":\"ListItem\",\"position\":1,\"name\":\"Startseite\",\"item\":\"https:\/\/bierger.remich.lu\/de\/\"},{\"@type\":\"ListItem\",\"position\":2,\"name\":\"Stadt Remich\",\"item\":\"https:\/\/bierger.remich.lu\/de\/ville-de-remich\/\"},{\"@type\":\"ListItem\",\"position\":3,\"name\":\"Umwelt\",\"item\":\"https:\/\/bierger.remich.lu\/de\/ville-de-remich\/umwelt\/\"},{\"@type\":\"ListItem\",\"position\":4,\"name\":\"[:lb]Energie-Berodung | Klima Agence[:fr]Conseils en \u00e9nergie | Klima Agence[:de]Energieberatung | Klima Agence[:en]Energy advisory service | Klima Agence[:]\"}]},{\"@type\":\"WebSite\",\"@id\":\"https:\/\/bierger.remich.lu\/de\/#website\",\"url\":\"https:\/\/bierger.remich.lu\/de\/\",\"name\":\"Ville de Remich\",\"description\":\"\",\"potentialAction\":[{\"@type\":\"SearchAction\",\"target\":{\"@type\":\"EntryPoint\",\"urlTemplate\":\"https:\/\/bierger.remich.lu\/de\/?s={search_term_string}\"},\"query-input\":{\"@type\":\"PropertyValueSpecification\",\"valueRequired\":true,\"valueName\":\"search_term_string\"}}],\"inLanguage\":\"fr-FR\"}]}<\/script>\n<!-- \/ Yoast SEO plugin. -->","yoast_head_json":{"title":"Conseils en \u00e9nergie | Klima Agence - Ville de Remich","robots":{"index":"index","follow":"follow","max-snippet":"max-snippet:-1","max-image-preview":"max-image-preview:large","max-video-preview":"max-video-preview:-1"},"canonical":"https:\/\/bierger.remich.lu\/ville-de-remich\/umwelt\/energieberatung-myenergy\/","og_locale":"fr_FR","og_type":"article","og_title":"Conseils en \u00e9nergie | Klima Agence - Ville de Remich","og_description":"Bien s\u2019informer sur la transition \u00e9nerg\u00e9tique et la protection du climat Le conseil de base en \u00e9nergie est neutre et gratuit. Il vous permet d\u2019aborder les \u00e9tapes n\u00e9cessaires pour r\u00e9ussir votre projet d\u2019habitat ou de mobilit\u00e9 durable, de remplacement de votre vielle chaudi\u00e8re \u00e0 \u00e9nergie renouvelable par une solution plus ecoresponsable ou encore de production... Lire la suite \u00bb","og_url":"https:\/\/bierger.remich.lu\/ville-de-remich\/umwelt\/energieberatung-myenergy\/","og_site_name":"Ville de Remich","article_modified_time":"2026-01-22T15:37:25+00:00","og_image":[{"width":1024,"height":683,"url":"https:\/\/bierger.remich.lu\/wp-content\/uploads\/sites\/3\/2017\/07\/diz-play-31367-1024x683.jpg","type":"image\/jpeg"}],"twitter_card":"summary_large_image","twitter_misc":{"Dur\u00e9e de lecture estim\u00e9e":"2 minutes"},"schema":{"@context":"https:\/\/schema.org","@graph":[{"@type":"WebPage","@id":"https:\/\/bierger.remich.lu\/ville-de-remich\/umwelt\/energieberatung-myenergy\/","url":"https:\/\/bierger.remich.lu\/ville-de-remich\/umwelt\/energieberatung-myenergy\/","name":"Conseils en \u00e9nergie | Klima Agence - Ville de Remich","isPartOf":{"@id":"https:\/\/bierger.remich.lu\/de\/#website"},"primaryImageOfPage":{"@id":"https:\/\/bierger.remich.lu\/ville-de-remich\/umwelt\/energieberatung-myenergy\/#primaryimage"},"image":{"@id":"https:\/\/bierger.remich.lu\/ville-de-remich\/umwelt\/energieberatung-myenergy\/#primaryimage"},"thumbnailUrl":"https:\/\/bierger.remich.lu\/wp-content\/uploads\/sites\/3\/2017\/07\/diz-play-31367.jpg","datePublished":"2017-07-26T12:52:57+00:00","dateModified":"2026-01-22T15:37:25+00:00","breadcrumb":{"@id":"https:\/\/bierger.remich.lu\/ville-de-remich\/umwelt\/energieberatung-myenergy\/#breadcrumb"},"inLanguage":"fr-FR","potentialAction":[{"@type":"ReadAction","target":["https:\/\/bierger.remich.lu\/ville-de-remich\/umwelt\/energieberatung-myenergy\/"]}]},{"@type":"ImageObject","inLanguage":"fr-FR","@id":"https:\/\/bierger.remich.lu\/ville-de-remich\/umwelt\/energieberatung-myenergy\/#primaryimage","url":"https:\/\/bierger.remich.lu\/wp-content\/uploads\/sites\/3\/2017\/07\/diz-play-31367.jpg","contentUrl":"https:\/\/bierger.remich.lu\/wp-content\/uploads\/sites\/3\/2017\/07\/diz-play-31367.jpg","width":4898,"height":3265},{"@type":"BreadcrumbList","@id":"https:\/\/bierger.remich.lu\/ville-de-remich\/umwelt\/energieberatung-myenergy\/#breadcrumb","itemListElement":[{"@type":"ListItem","position":1,"name":"Startseite","item":"https:\/\/bierger.remich.lu\/de\/"},{"@type":"ListItem","position":2,"name":"Stadt Remich","item":"https:\/\/bierger.remich.lu\/de\/ville-de-remich\/"},{"@type":"ListItem","position":3,"name":"Umwelt","item":"https:\/\/bierger.remich.lu\/de\/ville-de-remich\/umwelt\/"},{"@type":"ListItem","position":4,"name":"[:lb]Energie-Berodung | Klima Agence[:fr]Conseils en \u00e9nergie | Klima Agence[:de]Energieberatung | Klima Agence[:en]Energy advisory service | Klima Agence[:]"}]},{"@type":"WebSite","@id":"https:\/\/bierger.remich.lu\/de\/#website","url":"https:\/\/bierger.remich.lu\/de\/","name":"Ville de Remich","description":"","potentialAction":[{"@type":"SearchAction","target":{"@type":"EntryPoint","urlTemplate":"https:\/\/bierger.remich.lu\/de\/?s={search_term_string}"},"query-input":{"@type":"PropertyValueSpecification","valueRequired":true,"valueName":"search_term_string"}}],"inLanguage":"fr-FR"}]}},"_links":{"self":[{"href":"https:\/\/bierger.remich.lu\/fr\/wp-json\/wp\/v2\/pages\/1538","targetHints":{"allow":["GET"]}}],"collection":[{"href":"https:\/\/bierger.remich.lu\/fr\/wp-json\/wp\/v2\/pages"}],"about":[{"href":"https:\/\/bierger.remich.lu\/fr\/wp-json\/wp\/v2\/types\/page"}],"author":[{"embeddable":true,"href":"https:\/\/bierger.remich.lu\/fr\/wp-json\/wp\/v2\/users\/4"}],"replies":[{"embeddable":true,"href":"https:\/\/bierger.remich.lu\/fr\/wp-json\/wp\/v2\/comments?post=1538"}],"version-history":[{"count":21,"href":"https:\/\/bierger.remich.lu\/fr\/wp-json\/wp\/v2\/pages\/1538\/revisions"}],"predecessor-version":[{"id":12679,"href":"https:\/\/bierger.remich.lu\/fr\/wp-json\/wp\/v2\/pages\/1538\/revisions\/12679"}],"up":[{"embeddable":true,"href":"https:\/\/bierger.remich.lu\/fr\/wp-json\/wp\/v2\/pages\/50"}],"wp:featuredmedia":[{"embeddable":true,"href":"https:\/\/bierger.remich.lu\/fr\/wp-json\/wp\/v2\/media\/2044"}],"wp:attachment":[{"href":"https:\/\/bierger.remich.lu\/fr\/wp-json\/wp\/v2\/media?parent=1538"}],"curies":[{"name":"wp","href":"https:\/\/api.w.org\/{rel}","templated":true}]}}