{"id":154,"date":"2016-08-30T14:02:54","date_gmt":"2016-08-30T14:02:54","guid":{"rendered":"http:\/\/reimech.lu\/?page_id=154"},"modified":"2025-08-01T10:05:16","modified_gmt":"2025-08-01T08:05:16","slug":"francais-cours","status":"publish","type":"page","link":"https:\/\/bierger.remich.lu\/fr\/services-au-citoyen\/francais-sports-et-loisirs\/francais-cours\/","title":{"rendered":"Cours de sport &#8211; Indoor"},"content":{"rendered":"<h2>Votre bien-\u00eatre physique nous tient \u00e0 coeur!<\/h2>\n<h3>Participez \u00e0 un de nos cours, il y en a pour tout le monde!<\/h3>\n<p>Les inscriptions se font sur place moyennant un formulaire d&rsquo;inscription et la facture vous parviendra en temps utile par la Ville de Remich.<\/p>\n<p>Il n&rsquo;y a pas de cours pendant les vacances scolaires.<\/p>\n<ol>\n<li><strong>Gymnastique pour personnes \u00e2g\u00e9es<\/strong><br \/>\nOrg. Ville de Remich en collaboration avec le Cercle de gymnastique Remich<br \/>\nLes mercredis de 16h00 \u00e0 17h00 \u2013 hall sportif de l\u2019\u00e9cole \u00ab rue Enz \u00bb<br \/>\nD\u00e9but : 17.09.2025<br \/>\nPrix : 60 \u20ac<\/li>\n<li><strong>Zumba Gold<\/strong><br \/>\nOrg. Ville de Remich \/ Moniteur: Adeline Trouillot &#8211; Zumba Zin instructeur pour ac-ademic<br \/>\nLes lundis de 16h00 \u00e0 17h00 &#8211; hall sportif de l&rsquo;\u00e9cole \u00ab\u00a0rue Enz\u00a0\u00bb<br \/>\nD\u00e9but: 22.09.2025<br \/>\nPrix: 60 \u20ac<br \/>\nEn raison des mouvements plus simples et moins rapides, la Zumba Gold est particuli\u00e8rement adapt\u00e9e aux personnes \u00e2g\u00e9es qui souhaitent faire quelque chose pour leur forme et leur sant\u00e9 mais s\u2019adresse \u00e9galement \u00e0 tout autre public.<\/li>\n<li><strong>Bodyshape<br \/>\n<\/strong>Org. Ville de Remich \/ Moniteur: C\u00e9line Malapelle<strong><em><br \/>\n<\/em><\/strong>Les lundis de 20h00 \u00e0 21h00 &#8211; hall sportif de l&rsquo;\u00e9cole \u00ab rue Enz \u00bb<br \/>\nD\u00e9but : 22.09.2025<br \/>\nPrix: 60 \u20ac<br \/>\nCes cours s\u2019adressent \u00e0 celles et ceux qui sont soucieux de leur bien-\u00eatre physique, d\u00e9butants ou avanc\u00e9s. En plus d\u2019\u00eatre bons pour le c\u0153ur et la silhouette ils permettent d\u2019\u00e9vacuer le stress \u2013 un programme complet de \u00ab Body Shape \u00bb.<\/li>\n<li><strong><strong><strong>Yoga (<span style=\"color: #339966\">NOUVEAU<\/span>)<br \/>\n<\/strong><\/strong><\/strong>Org.: Ville de Remich<br \/>\nMercredi: 08:05-09:00 &#8211; Hall sportif \u201eRue Enz\u201c<br \/>\nD\u00e9but: 17.09.2025<br \/>\nPrix : 60 \u20ac<br \/>\nCharg\u00e9e de cours : Liz Knoch<br \/>\nLangue : LB &amp; EN<br \/>\nLe cours convient \u00e0 tout le monde, d\u00e9butants comme avanc\u00e9s. Pratique de diff\u00e9rentes asanas, alternance entre force et relaxation ! Veuillez apporter votre propre tapis de yoga, optionnellement un bloc de yoga si vous en avez un.<\/li>\n<li><strong>Activit\u00e9s sportives 50+<\/strong><br \/>\nPlus d&rsquo;infos: Club W\u00eblle W\u00e4in |\u00a0 T. 28 13 74 | M. 621 74 13 55 | E. clubwellewain@inter-actions.lu | W. clubwellewain.lu<\/li>\n<\/ol>","protected":false},"excerpt":{"rendered":"<p>Votre bien-\u00eatre physique nous tient \u00e0 coeur! Participez \u00e0 un de nos cours, il y en a pour tout le monde! Les inscriptions se font sur place moyennant un formulaire d&rsquo;inscription et la facture vous parviendra en temps utile par la Ville de Remich. Il n&rsquo;y a pas de cours pendant les vacances scolaires. Gymnastique&#8230;  <a class=\"excerpt-read-more\" href=\"https:\/\/bierger.remich.lu\/fr\/services-au-citoyen\/francais-sports-et-loisirs\/francais-cours\/\" title=\"ReadCours de sport &#8211; Indoor\">Lire la suite \u00bb<\/a><\/p>\n","protected":false},"author":1,"featured_media":6769,"parent":72,"menu_order":98,"comment_status":"closed","ping_status":"closed","template":"","meta":{"_acf_changed":false,"xn-wppe-expiration":[],"xn-wppe-expiration-action":[],"xn-wppe-expiration-prefix":[],"footnotes":"","_links_to":"","_links_to_target":""},"class_list":["post-154","page","type-page","status-publish","has-post-thumbnail","hentry","keyword-verein"],"acf":[],"yoast_head":"<!-- This site is optimized with the Yoast SEO plugin v26.7 - https:\/\/yoast.com\/wordpress\/plugins\/seo\/ -->\n<title>Cours de sport - Indoor - Ville de Remich<\/title>\n<meta name=\"robots\" content=\"index, follow, max-snippet:-1, max-image-preview:large, max-video-preview:-1\" \/>\n<link rel=\"canonical\" href=\"https:\/\/bierger.remich.lu\/fr\/services-au-citoyen\/francais-sports-et-loisirs\/francais-cours\/\" \/>\n<meta property=\"og:locale\" content=\"fr_FR\" \/>\n<meta property=\"og:type\" content=\"article\" \/>\n<meta property=\"og:title\" content=\"Cours de sport - Indoor - Ville de Remich\" \/>\n<meta property=\"og:description\" content=\"Votre bien-\u00eatre physique nous tient \u00e0 coeur! Participez \u00e0 un de nos cours, il y en a pour tout le monde! Les inscriptions se font sur place moyennant un formulaire d&rsquo;inscription et la facture vous parviendra en temps utile par la Ville de Remich. Il n&rsquo;y a pas de cours pendant les vacances scolaires. Gymnastique... Lire la suite \u00bb\" \/>\n<meta property=\"og:url\" content=\"https:\/\/bierger.remich.lu\/fr\/services-au-citoyen\/francais-sports-et-loisirs\/francais-cours\/\" \/>\n<meta property=\"og:site_name\" content=\"Ville de Remich\" \/>\n<meta property=\"article:modified_time\" content=\"2025-08-01T08:05:16+00:00\" \/>\n<meta property=\"og:image\" content=\"https:\/\/bierger.remich.lu\/wp-content\/uploads\/sites\/3\/2020\/08\/jonathan-borba-lrQPTQs7nQQ-unsplash1.jpg\" \/>\n\t<meta property=\"og:image:width\" content=\"4680\" \/>\n\t<meta property=\"og:image:height\" content=\"3120\" \/>\n\t<meta property=\"og:image:type\" content=\"image\/jpeg\" \/>\n<meta name=\"twitter:card\" content=\"summary_large_image\" \/>\n<meta name=\"twitter:label1\" content=\"Dur\u00e9e de lecture estim\u00e9e\" \/>\n\t<meta name=\"twitter:data1\" content=\"5 minutes\" \/>\n<script type=\"application\/ld+json\" class=\"yoast-schema-graph\">{\"@context\":\"https:\/\/schema.org\",\"@graph\":[{\"@type\":\"WebPage\",\"@id\":\"https:\/\/bierger.remich.lu\/fr\/services-au-citoyen\/francais-sports-et-loisirs\/francais-cours\/\",\"url\":\"https:\/\/bierger.remich.lu\/fr\/services-au-citoyen\/francais-sports-et-loisirs\/francais-cours\/\",\"name\":\"Cours de sport - Indoor - Ville de Remich\",\"isPartOf\":{\"@id\":\"https:\/\/bierger.remich.lu\/de\/#website\"},\"primaryImageOfPage\":{\"@id\":\"https:\/\/bierger.remich.lu\/fr\/services-au-citoyen\/francais-sports-et-loisirs\/francais-cours\/#primaryimage\"},\"image\":{\"@id\":\"https:\/\/bierger.remich.lu\/fr\/services-au-citoyen\/francais-sports-et-loisirs\/francais-cours\/#primaryimage\"},\"thumbnailUrl\":\"https:\/\/bierger.remich.lu\/wp-content\/uploads\/sites\/3\/2020\/08\/jonathan-borba-lrQPTQs7nQQ-unsplash1.jpg\",\"datePublished\":\"2016-08-30T14:02:54+00:00\",\"dateModified\":\"2025-08-01T08:05:16+00:00\",\"breadcrumb\":{\"@id\":\"https:\/\/bierger.remich.lu\/fr\/services-au-citoyen\/francais-sports-et-loisirs\/francais-cours\/#breadcrumb\"},\"inLanguage\":\"fr-FR\",\"potentialAction\":[{\"@type\":\"ReadAction\",\"target\":[\"https:\/\/bierger.remich.lu\/fr\/services-au-citoyen\/francais-sports-et-loisirs\/francais-cours\/\"]}]},{\"@type\":\"ImageObject\",\"inLanguage\":\"fr-FR\",\"@id\":\"https:\/\/bierger.remich.lu\/fr\/services-au-citoyen\/francais-sports-et-loisirs\/francais-cours\/#primaryimage\",\"url\":\"https:\/\/bierger.remich.lu\/wp-content\/uploads\/sites\/3\/2020\/08\/jonathan-borba-lrQPTQs7nQQ-unsplash1.jpg\",\"contentUrl\":\"https:\/\/bierger.remich.lu\/wp-content\/uploads\/sites\/3\/2020\/08\/jonathan-borba-lrQPTQs7nQQ-unsplash1.jpg\",\"width\":4680,\"height\":3120},{\"@type\":\"BreadcrumbList\",\"@id\":\"https:\/\/bierger.remich.lu\/fr\/services-au-citoyen\/francais-sports-et-loisirs\/francais-cours\/#breadcrumb\",\"itemListElement\":[{\"@type\":\"ListItem\",\"position\":1,\"name\":\"Startseite\",\"item\":\"https:\/\/bierger.remich.lu\/de\/\"},{\"@type\":\"ListItem\",\"position\":2,\"name\":\"B\u00fcrgerdienste\",\"item\":\"https:\/\/bierger.remich.lu\/de\/services-au-citoyen\/\"},{\"@type\":\"ListItem\",\"position\":3,\"name\":\"Sport und Freizeit\",\"item\":\"https:\/\/bierger.remich.lu\/de\/services-au-citoyen\/francais-sports-et-loisirs\/\"},{\"@type\":\"ListItem\",\"position\":4,\"name\":\"Cours de sport &#8211; Indoor\"}]},{\"@type\":\"WebSite\",\"@id\":\"https:\/\/bierger.remich.lu\/de\/#website\",\"url\":\"https:\/\/bierger.remich.lu\/de\/\",\"name\":\"Ville de Remich\",\"description\":\"\",\"potentialAction\":[{\"@type\":\"SearchAction\",\"target\":{\"@type\":\"EntryPoint\",\"urlTemplate\":\"https:\/\/bierger.remich.lu\/de\/?s={search_term_string}\"},\"query-input\":{\"@type\":\"PropertyValueSpecification\",\"valueRequired\":true,\"valueName\":\"search_term_string\"}}],\"inLanguage\":\"fr-FR\"}]}<\/script>\n<!-- \/ Yoast SEO plugin. -->","yoast_head_json":{"title":"Cours de sport - Indoor - Ville de Remich","robots":{"index":"index","follow":"follow","max-snippet":"max-snippet:-1","max-image-preview":"max-image-preview:large","max-video-preview":"max-video-preview:-1"},"canonical":"https:\/\/bierger.remich.lu\/fr\/services-au-citoyen\/francais-sports-et-loisirs\/francais-cours\/","og_locale":"fr_FR","og_type":"article","og_title":"Cours de sport - Indoor - Ville de Remich","og_description":"Votre bien-\u00eatre physique nous tient \u00e0 coeur! Participez \u00e0 un de nos cours, il y en a pour tout le monde! Les inscriptions se font sur place moyennant un formulaire d&rsquo;inscription et la facture vous parviendra en temps utile par la Ville de Remich. Il n&rsquo;y a pas de cours pendant les vacances scolaires. Gymnastique... Lire la suite \u00bb","og_url":"https:\/\/bierger.remich.lu\/fr\/services-au-citoyen\/francais-sports-et-loisirs\/francais-cours\/","og_site_name":"Ville de Remich","article_modified_time":"2025-08-01T08:05:16+00:00","og_image":[{"width":4680,"height":3120,"url":"https:\/\/bierger.remich.lu\/wp-content\/uploads\/sites\/3\/2020\/08\/jonathan-borba-lrQPTQs7nQQ-unsplash1.jpg","type":"image\/jpeg"}],"twitter_card":"summary_large_image","twitter_misc":{"Dur\u00e9e de lecture estim\u00e9e":"5 minutes"},"schema":{"@context":"https:\/\/schema.org","@graph":[{"@type":"WebPage","@id":"https:\/\/bierger.remich.lu\/fr\/services-au-citoyen\/francais-sports-et-loisirs\/francais-cours\/","url":"https:\/\/bierger.remich.lu\/fr\/services-au-citoyen\/francais-sports-et-loisirs\/francais-cours\/","name":"Cours de sport - Indoor - Ville de Remich","isPartOf":{"@id":"https:\/\/bierger.remich.lu\/de\/#website"},"primaryImageOfPage":{"@id":"https:\/\/bierger.remich.lu\/fr\/services-au-citoyen\/francais-sports-et-loisirs\/francais-cours\/#primaryimage"},"image":{"@id":"https:\/\/bierger.remich.lu\/fr\/services-au-citoyen\/francais-sports-et-loisirs\/francais-cours\/#primaryimage"},"thumbnailUrl":"https:\/\/bierger.remich.lu\/wp-content\/uploads\/sites\/3\/2020\/08\/jonathan-borba-lrQPTQs7nQQ-unsplash1.jpg","datePublished":"2016-08-30T14:02:54+00:00","dateModified":"2025-08-01T08:05:16+00:00","breadcrumb":{"@id":"https:\/\/bierger.remich.lu\/fr\/services-au-citoyen\/francais-sports-et-loisirs\/francais-cours\/#breadcrumb"},"inLanguage":"fr-FR","potentialAction":[{"@type":"ReadAction","target":["https:\/\/bierger.remich.lu\/fr\/services-au-citoyen\/francais-sports-et-loisirs\/francais-cours\/"]}]},{"@type":"ImageObject","inLanguage":"fr-FR","@id":"https:\/\/bierger.remich.lu\/fr\/services-au-citoyen\/francais-sports-et-loisirs\/francais-cours\/#primaryimage","url":"https:\/\/bierger.remich.lu\/wp-content\/uploads\/sites\/3\/2020\/08\/jonathan-borba-lrQPTQs7nQQ-unsplash1.jpg","contentUrl":"https:\/\/bierger.remich.lu\/wp-content\/uploads\/sites\/3\/2020\/08\/jonathan-borba-lrQPTQs7nQQ-unsplash1.jpg","width":4680,"height":3120},{"@type":"BreadcrumbList","@id":"https:\/\/bierger.remich.lu\/fr\/services-au-citoyen\/francais-sports-et-loisirs\/francais-cours\/#breadcrumb","itemListElement":[{"@type":"ListItem","position":1,"name":"Startseite","item":"https:\/\/bierger.remich.lu\/de\/"},{"@type":"ListItem","position":2,"name":"B\u00fcrgerdienste","item":"https:\/\/bierger.remich.lu\/de\/services-au-citoyen\/"},{"@type":"ListItem","position":3,"name":"Sport und Freizeit","item":"https:\/\/bierger.remich.lu\/de\/services-au-citoyen\/francais-sports-et-loisirs\/"},{"@type":"ListItem","position":4,"name":"Cours de sport &#8211; Indoor"}]},{"@type":"WebSite","@id":"https:\/\/bierger.remich.lu\/de\/#website","url":"https:\/\/bierger.remich.lu\/de\/","name":"Ville de Remich","description":"","potentialAction":[{"@type":"SearchAction","target":{"@type":"EntryPoint","urlTemplate":"https:\/\/bierger.remich.lu\/de\/?s={search_term_string}"},"query-input":{"@type":"PropertyValueSpecification","valueRequired":true,"valueName":"search_term_string"}}],"inLanguage":"fr-FR"}]}},"_links":{"self":[{"href":"https:\/\/bierger.remich.lu\/fr\/wp-json\/wp\/v2\/pages\/154","targetHints":{"allow":["GET"]}}],"collection":[{"href":"https:\/\/bierger.remich.lu\/fr\/wp-json\/wp\/v2\/pages"}],"about":[{"href":"https:\/\/bierger.remich.lu\/fr\/wp-json\/wp\/v2\/types\/page"}],"author":[{"embeddable":true,"href":"https:\/\/bierger.remich.lu\/fr\/wp-json\/wp\/v2\/users\/1"}],"replies":[{"embeddable":true,"href":"https:\/\/bierger.remich.lu\/fr\/wp-json\/wp\/v2\/comments?post=154"}],"version-history":[{"count":47,"href":"https:\/\/bierger.remich.lu\/fr\/wp-json\/wp\/v2\/pages\/154\/revisions"}],"predecessor-version":[{"id":17986,"href":"https:\/\/bierger.remich.lu\/fr\/wp-json\/wp\/v2\/pages\/154\/revisions\/17986"}],"up":[{"embeddable":true,"href":"https:\/\/bierger.remich.lu\/fr\/wp-json\/wp\/v2\/pages\/72"}],"wp:featuredmedia":[{"embeddable":true,"href":"https:\/\/bierger.remich.lu\/fr\/wp-json\/wp\/v2\/media\/6769"}],"wp:attachment":[{"href":"https:\/\/bierger.remich.lu\/fr\/wp-json\/wp\/v2\/media?parent=154"}],"curies":[{"name":"wp","href":"https:\/\/api.w.org\/{rel}","templated":true}]}}