{"id":1604,"date":"2017-07-27T15:35:58","date_gmt":"2017-07-27T14:35:58","guid":{"rendered":"http:\/\/reimech.lu\/?page_id=1604"},"modified":"2017-12-07T11:43:08","modified_gmt":"2017-12-07T10:43:08","slug":"schoffenrat","status":"publish","type":"page","link":"https:\/\/bierger.remich.lu\/fr\/ville-de-remich\/politik\/schoffenrat\/","title":{"rendered":"Coll\u00e8ge \u00e9chevinal"},"content":{"rendered":"Le coll\u00e8ge des bourgmestre et \u00e9chevins constitue l&rsquo;organe d&rsquo;ex\u00e9cution et d&rsquo;administration journali\u00e8re de la commune. Ses membres sont choisis parmi les conseillers communaux. Les s\u00e9ances du coll\u00e8ge \u00e9chevinal sont pr\u00e9sid\u00e9es par le bourgmestre, elles ne sont pas publiques.<\/p>\n<p>Le coll\u00e8ge des bourgmestre et \u00e9chevins est charg\u00e9 :<\/p>\n<ul>\n<li>de l&rsquo;ex\u00e9cution des lois, r\u00e8glements et arr\u00eat\u00e9s grand-ducaux et minist\u00e9riels qui ne concernent pas la police<\/li>\n<li>de la publication et de l&rsquo;ex\u00e9cution des\u00a0d\u00e9cisions du conseil communal,<\/li>\n<li>de l&rsquo;administration des \u00e9tablissements communaux,<\/li>\n<li>de la surveillance des services communaux et de l&rsquo;engagement de salari\u00e9s \u00e0 t\u00e2che manuelle,<\/li>\n<li>du pouvoir r\u00e9glementaire en cas d\u2019urgence,<\/li>\n<li>de l&rsquo;administration des propri\u00e9t\u00e9s de la commune et de la direction des travaux,<\/li>\n<li>de l&rsquo;administration financi\u00e8re et ex\u00e9cution du budget,<\/li>\n<li>de la repr\u00e9sentation\u00a0de la commune en justice,<\/li>\n<li>du contr\u00f4le des \u00e9tablissements publics sous la surveillance de la commune (offices sociaux, \u2026),<\/li>\n<li>de la tenue des archives, des titres et des registres de l\u2019\u00e9tat civil.<\/li>\n<\/ul>","protected":false},"excerpt":{"rendered":"<p>Le coll\u00e8ge des bourgmestre et \u00e9chevins constitue l&rsquo;organe d&rsquo;ex\u00e9cution et d&rsquo;administration journali\u00e8re de la commune. Ses membres sont choisis parmi les conseillers communaux. Les s\u00e9ances du coll\u00e8ge \u00e9chevinal sont pr\u00e9sid\u00e9es par le bourgmestre, elles ne sont pas publiques. Le coll\u00e8ge des bourgmestre et \u00e9chevins est charg\u00e9 : de l&rsquo;ex\u00e9cution des lois, r\u00e8glements et arr\u00eat\u00e9s grand-ducaux&#8230;  <a class=\"excerpt-read-more\" href=\"https:\/\/bierger.remich.lu\/fr\/ville-de-remich\/politik\/schoffenrat\/\" title=\"ReadColl\u00e8ge \u00e9chevinal\">Lire la suite \u00bb<\/a><\/p>\n","protected":false},"author":4,"featured_media":2151,"parent":48,"menu_order":45,"comment_status":"closed","ping_status":"closed","template":"page-echevins.php","meta":{"_acf_changed":false,"xn-wppe-expiration":[],"xn-wppe-expiration-action":[],"xn-wppe-expiration-prefix":[],"footnotes":"","_links_to":"","_links_to_target":""},"class_list":["post-1604","page","type-page","status-publish","has-post-thumbnail","hentry","keyword-conseil-communal","keyword-gemeinderatssitzung"],"acf":[],"yoast_head":"<!-- This site is optimized with the Yoast SEO plugin v26.7 - https:\/\/yoast.com\/wordpress\/plugins\/seo\/ -->\n<title>Coll\u00e8ge \u00e9chevinal - Ville de Remich<\/title>\n<meta name=\"robots\" content=\"index, follow, max-snippet:-1, max-image-preview:large, max-video-preview:-1\" \/>\n<link rel=\"canonical\" href=\"https:\/\/bierger.remich.lu\/de\/ville-de-remich\/politik\/schoffenrat\/\" \/>\n<meta property=\"og:locale\" content=\"fr_FR\" \/>\n<meta property=\"og:type\" content=\"article\" \/>\n<meta property=\"og:title\" content=\"Coll\u00e8ge \u00e9chevinal - Ville de Remich\" \/>\n<meta property=\"og:description\" content=\"Le coll\u00e8ge des bourgmestre et \u00e9chevins constitue l&rsquo;organe d&rsquo;ex\u00e9cution et d&rsquo;administration journali\u00e8re de la commune. Ses membres sont choisis parmi les conseillers communaux. Les s\u00e9ances du coll\u00e8ge \u00e9chevinal sont pr\u00e9sid\u00e9es par le bourgmestre, elles ne sont pas publiques. Le coll\u00e8ge des bourgmestre et \u00e9chevins est charg\u00e9 : de l&rsquo;ex\u00e9cution des lois, r\u00e8glements et arr\u00eat\u00e9s grand-ducaux... Lire la suite \u00bb\" \/>\n<meta property=\"og:url\" content=\"https:\/\/bierger.remich.lu\/de\/ville-de-remich\/politik\/schoffenrat\/\" \/>\n<meta property=\"og:site_name\" content=\"Ville de Remich\" \/>\n<meta property=\"article:modified_time\" content=\"2017-12-07T10:43:08+00:00\" \/>\n<meta property=\"og:image\" content=\"https:\/\/bierger.remich.lu\/wp-content\/uploads\/sites\/3\/2017\/09\/Esplanade_XT1__177-1024x683.jpg\" \/>\n\t<meta property=\"og:image:width\" content=\"1024\" \/>\n\t<meta property=\"og:image:height\" content=\"683\" \/>\n\t<meta property=\"og:image:type\" content=\"image\/jpeg\" \/>\n<meta name=\"twitter:card\" content=\"summary_large_image\" \/>\n<meta name=\"twitter:label1\" content=\"Dur\u00e9e de lecture estim\u00e9e\" \/>\n\t<meta name=\"twitter:data1\" content=\"1 minute\" \/>\n<script type=\"application\/ld+json\" class=\"yoast-schema-graph\">{\"@context\":\"https:\/\/schema.org\",\"@graph\":[{\"@type\":\"WebPage\",\"@id\":\"https:\/\/bierger.remich.lu\/de\/ville-de-remich\/politik\/schoffenrat\/\",\"url\":\"https:\/\/bierger.remich.lu\/de\/ville-de-remich\/politik\/schoffenrat\/\",\"name\":\"Coll\u00e8ge \u00e9chevinal - Ville de Remich\",\"isPartOf\":{\"@id\":\"https:\/\/bierger.remich.lu\/de\/#website\"},\"primaryImageOfPage\":{\"@id\":\"https:\/\/bierger.remich.lu\/de\/ville-de-remich\/politik\/schoffenrat\/#primaryimage\"},\"image\":{\"@id\":\"https:\/\/bierger.remich.lu\/de\/ville-de-remich\/politik\/schoffenrat\/#primaryimage\"},\"thumbnailUrl\":\"https:\/\/bierger.remich.lu\/wp-content\/uploads\/sites\/3\/2017\/09\/Esplanade_XT1__177.jpg\",\"datePublished\":\"2017-07-27T14:35:58+00:00\",\"dateModified\":\"2017-12-07T10:43:08+00:00\",\"breadcrumb\":{\"@id\":\"https:\/\/bierger.remich.lu\/de\/ville-de-remich\/politik\/schoffenrat\/#breadcrumb\"},\"inLanguage\":\"fr-FR\",\"potentialAction\":[{\"@type\":\"ReadAction\",\"target\":[\"https:\/\/bierger.remich.lu\/de\/ville-de-remich\/politik\/schoffenrat\/\"]}]},{\"@type\":\"ImageObject\",\"inLanguage\":\"fr-FR\",\"@id\":\"https:\/\/bierger.remich.lu\/de\/ville-de-remich\/politik\/schoffenrat\/#primaryimage\",\"url\":\"https:\/\/bierger.remich.lu\/wp-content\/uploads\/sites\/3\/2017\/09\/Esplanade_XT1__177.jpg\",\"contentUrl\":\"https:\/\/bierger.remich.lu\/wp-content\/uploads\/sites\/3\/2017\/09\/Esplanade_XT1__177.jpg\",\"width\":4896,\"height\":3264},{\"@type\":\"BreadcrumbList\",\"@id\":\"https:\/\/bierger.remich.lu\/de\/ville-de-remich\/politik\/schoffenrat\/#breadcrumb\",\"itemListElement\":[{\"@type\":\"ListItem\",\"position\":1,\"name\":\"Startseite\",\"item\":\"https:\/\/bierger.remich.lu\/de\/\"},{\"@type\":\"ListItem\",\"position\":2,\"name\":\"Stadt Remich\",\"item\":\"https:\/\/bierger.remich.lu\/de\/ville-de-remich\/\"},{\"@type\":\"ListItem\",\"position\":3,\"name\":\"Politik\",\"item\":\"https:\/\/bierger.remich.lu\/de\/ville-de-remich\/politik\/\"},{\"@type\":\"ListItem\",\"position\":4,\"name\":\"Sch\u00f6ffenrat\"}]},{\"@type\":\"WebSite\",\"@id\":\"https:\/\/bierger.remich.lu\/de\/#website\",\"url\":\"https:\/\/bierger.remich.lu\/de\/\",\"name\":\"Ville de Remich\",\"description\":\"\",\"potentialAction\":[{\"@type\":\"SearchAction\",\"target\":{\"@type\":\"EntryPoint\",\"urlTemplate\":\"https:\/\/bierger.remich.lu\/de\/?s={search_term_string}\"},\"query-input\":{\"@type\":\"PropertyValueSpecification\",\"valueRequired\":true,\"valueName\":\"search_term_string\"}}],\"inLanguage\":\"fr-FR\"}]}<\/script>\n<!-- \/ Yoast SEO plugin. -->","yoast_head_json":{"title":"Coll\u00e8ge \u00e9chevinal - Ville de Remich","robots":{"index":"index","follow":"follow","max-snippet":"max-snippet:-1","max-image-preview":"max-image-preview:large","max-video-preview":"max-video-preview:-1"},"canonical":"https:\/\/bierger.remich.lu\/de\/ville-de-remich\/politik\/schoffenrat\/","og_locale":"fr_FR","og_type":"article","og_title":"Coll\u00e8ge \u00e9chevinal - Ville de Remich","og_description":"Le coll\u00e8ge des bourgmestre et \u00e9chevins constitue l&rsquo;organe d&rsquo;ex\u00e9cution et d&rsquo;administration journali\u00e8re de la commune. Ses membres sont choisis parmi les conseillers communaux. Les s\u00e9ances du coll\u00e8ge \u00e9chevinal sont pr\u00e9sid\u00e9es par le bourgmestre, elles ne sont pas publiques. Le coll\u00e8ge des bourgmestre et \u00e9chevins est charg\u00e9 : de l&rsquo;ex\u00e9cution des lois, r\u00e8glements et arr\u00eat\u00e9s grand-ducaux... Lire la suite \u00bb","og_url":"https:\/\/bierger.remich.lu\/de\/ville-de-remich\/politik\/schoffenrat\/","og_site_name":"Ville de Remich","article_modified_time":"2017-12-07T10:43:08+00:00","og_image":[{"width":1024,"height":683,"url":"https:\/\/bierger.remich.lu\/wp-content\/uploads\/sites\/3\/2017\/09\/Esplanade_XT1__177-1024x683.jpg","type":"image\/jpeg"}],"twitter_card":"summary_large_image","twitter_misc":{"Dur\u00e9e de lecture estim\u00e9e":"1 minute"},"schema":{"@context":"https:\/\/schema.org","@graph":[{"@type":"WebPage","@id":"https:\/\/bierger.remich.lu\/de\/ville-de-remich\/politik\/schoffenrat\/","url":"https:\/\/bierger.remich.lu\/de\/ville-de-remich\/politik\/schoffenrat\/","name":"Coll\u00e8ge \u00e9chevinal - Ville de Remich","isPartOf":{"@id":"https:\/\/bierger.remich.lu\/de\/#website"},"primaryImageOfPage":{"@id":"https:\/\/bierger.remich.lu\/de\/ville-de-remich\/politik\/schoffenrat\/#primaryimage"},"image":{"@id":"https:\/\/bierger.remich.lu\/de\/ville-de-remich\/politik\/schoffenrat\/#primaryimage"},"thumbnailUrl":"https:\/\/bierger.remich.lu\/wp-content\/uploads\/sites\/3\/2017\/09\/Esplanade_XT1__177.jpg","datePublished":"2017-07-27T14:35:58+00:00","dateModified":"2017-12-07T10:43:08+00:00","breadcrumb":{"@id":"https:\/\/bierger.remich.lu\/de\/ville-de-remich\/politik\/schoffenrat\/#breadcrumb"},"inLanguage":"fr-FR","potentialAction":[{"@type":"ReadAction","target":["https:\/\/bierger.remich.lu\/de\/ville-de-remich\/politik\/schoffenrat\/"]}]},{"@type":"ImageObject","inLanguage":"fr-FR","@id":"https:\/\/bierger.remich.lu\/de\/ville-de-remich\/politik\/schoffenrat\/#primaryimage","url":"https:\/\/bierger.remich.lu\/wp-content\/uploads\/sites\/3\/2017\/09\/Esplanade_XT1__177.jpg","contentUrl":"https:\/\/bierger.remich.lu\/wp-content\/uploads\/sites\/3\/2017\/09\/Esplanade_XT1__177.jpg","width":4896,"height":3264},{"@type":"BreadcrumbList","@id":"https:\/\/bierger.remich.lu\/de\/ville-de-remich\/politik\/schoffenrat\/#breadcrumb","itemListElement":[{"@type":"ListItem","position":1,"name":"Startseite","item":"https:\/\/bierger.remich.lu\/de\/"},{"@type":"ListItem","position":2,"name":"Stadt Remich","item":"https:\/\/bierger.remich.lu\/de\/ville-de-remich\/"},{"@type":"ListItem","position":3,"name":"Politik","item":"https:\/\/bierger.remich.lu\/de\/ville-de-remich\/politik\/"},{"@type":"ListItem","position":4,"name":"Sch\u00f6ffenrat"}]},{"@type":"WebSite","@id":"https:\/\/bierger.remich.lu\/de\/#website","url":"https:\/\/bierger.remich.lu\/de\/","name":"Ville de Remich","description":"","potentialAction":[{"@type":"SearchAction","target":{"@type":"EntryPoint","urlTemplate":"https:\/\/bierger.remich.lu\/de\/?s={search_term_string}"},"query-input":{"@type":"PropertyValueSpecification","valueRequired":true,"valueName":"search_term_string"}}],"inLanguage":"fr-FR"}]}},"_links":{"self":[{"href":"https:\/\/bierger.remich.lu\/fr\/wp-json\/wp\/v2\/pages\/1604","targetHints":{"allow":["GET"]}}],"collection":[{"href":"https:\/\/bierger.remich.lu\/fr\/wp-json\/wp\/v2\/pages"}],"about":[{"href":"https:\/\/bierger.remich.lu\/fr\/wp-json\/wp\/v2\/types\/page"}],"author":[{"embeddable":true,"href":"https:\/\/bierger.remich.lu\/fr\/wp-json\/wp\/v2\/users\/4"}],"replies":[{"embeddable":true,"href":"https:\/\/bierger.remich.lu\/fr\/wp-json\/wp\/v2\/comments?post=1604"}],"version-history":[{"count":5,"href":"https:\/\/bierger.remich.lu\/fr\/wp-json\/wp\/v2\/pages\/1604\/revisions"}],"predecessor-version":[{"id":1613,"href":"https:\/\/bierger.remich.lu\/fr\/wp-json\/wp\/v2\/pages\/1604\/revisions\/1613"}],"up":[{"embeddable":true,"href":"https:\/\/bierger.remich.lu\/fr\/wp-json\/wp\/v2\/pages\/48"}],"wp:featuredmedia":[{"embeddable":true,"href":"https:\/\/bierger.remich.lu\/fr\/wp-json\/wp\/v2\/media\/2151"}],"wp:attachment":[{"href":"https:\/\/bierger.remich.lu\/fr\/wp-json\/wp\/v2\/media?parent=1604"}],"curies":[{"name":"wp","href":"https:\/\/api.w.org\/{rel}","templated":true}]}}