{"id":1702,"date":"2017-08-01T13:18:14","date_gmt":"2017-08-01T12:18:14","guid":{"rendered":"http:\/\/reimech.lu\/?page_id=1702"},"modified":"2020-03-17T07:59:09","modified_gmt":"2020-03-17T06:59:09","slug":"francais-epicerie-sociale","status":"publish","type":"page","link":"https:\/\/bierger.remich.lu\/fr\/services-au-citoyen\/soziales-und-3-alter\/francais-epicerie-sociale\/","title":{"rendered":"Epicerie sociale"},"content":{"rendered":"<p align=\"LEFT\">Le 4 janvier 2016\u00a0une nouvelle \u00e9picerie sociale a ouvert ses portes \u00e0 Remich et accueille d\u00e9sormais les familles en situation de pr\u00e9carit\u00e9 vivant dans les communes de Bous, Lenningen, Remich, Schengen, Stadtbredimus, Waldbredimus, Dalheim et Mondorf-les-Bains.<\/p>\n<p align=\"LEFT\">Depuis la naissance du concept en 2009, il s&rsquo;agit de la 8\u00e8me \u00e9picerie sociale \u00ab\u00a0Croix-Rouge Buttek\u00a0\u00bb.<\/p>\n<p align=\"LEFT\">Le but de l&rsquo;\u00e9picerie social\u00a0est de permettre \u00e0 ces gens de faire des \u00e9conomies sur leurs achats et d&rsquo;investir cet argent dans un projet de vie les aidant \u00e0 acqu\u00e9rir ou \u00e0 pr\u00e9server leur autonomie. Les denr\u00e9es alimentaire et autres produits sont vendus pour une participation financi\u00e8re de l&rsquo;ordre d&rsquo;un tiers des prix du march\u00e9.<\/p>\n<p align=\"LEFT\">L&rsquo;acc\u00e8s \u00e0 l&rsquo;\u00e9picerie sociale ne peut se faire qu&rsquo;apr\u00e8s\u00a0avoir rempli une demande aupr\u00e8s de l&rsquo;office social comp\u00e9tent pour le lieu de r\u00e9sidence du demandeur.<\/p>\n<p>Outre leur r\u00f4le d\u2019aide alimentaire et mat\u00e9rielle, l&rsquo;\u00e9picerie sociale\u00a0est un lieu de rencontre, d\u2019\u00e9change et d\u2019int\u00e9gration sociale.<\/p>\n<p><strong>Stages au\u00a0 \u00ab Croix-Rouge Buttek \u00bb <\/strong>pour jeunes entre 18 et 30 ans.<\/p>\n<p><strong>Devenez b\u00e9n\u00e9vole au sein du \u00ab Croix-Rouge Buttek \u00bb \u00e0 Remich<br \/>\n<\/strong>Vous souhaitez mettre \u00e0 profit votre temps libre et aider les plus vuln\u00e9rables de notre soci\u00e9t\u00e9?<br \/>\nSuivant vos disponibilit\u00e9s, vous pourrez nous aider au\u00a0 vestiaire (si vous avez entre 18 et 65 ans) et\/ou au stock (si vous avez entre 18 et 55 ans).<\/p>\n<p><strong>Dons de v\u00eatements pour la<\/strong> \u00a0<strong>\u00ab Croix-Rouge Buttek \u00bb \u00e0 Remich et dons de laine pour les ateliers<br \/>\n<\/strong>Donner \u00e0 ceux qui en ont besoin: vous pouvez d\u00e9poser vos dons de v\u00eatements et chaussures (hommes, femmes, enfants, b\u00e9b\u00e9) et articles pour b\u00e9b\u00e9s pendant les heures d&rsquo;ouverture.","protected":false},"excerpt":{"rendered":"<p>Le 4 janvier 2016\u00a0une nouvelle \u00e9picerie sociale a ouvert ses portes \u00e0 Remich et accueille d\u00e9sormais les familles en situation de pr\u00e9carit\u00e9 vivant dans les communes de Bous, Lenningen, Remich, Schengen, Stadtbredimus, Waldbredimus, Dalheim et Mondorf-les-Bains. Depuis la naissance du concept en 2009, il s&rsquo;agit de la 8\u00e8me \u00e9picerie sociale \u00ab\u00a0Croix-Rouge Buttek\u00a0\u00bb. Le but de&#8230;  <a class=\"excerpt-read-more\" href=\"https:\/\/bierger.remich.lu\/fr\/services-au-citoyen\/soziales-und-3-alter\/francais-epicerie-sociale\/\" title=\"ReadEpicerie sociale\">Lire la suite \u00bb<\/a><\/p>\n","protected":false},"author":4,"featured_media":2080,"parent":2917,"menu_order":87,"comment_status":"closed","ping_status":"closed","template":"","meta":{"_acf_changed":false,"xn-wppe-expiration":[],"xn-wppe-expiration-action":[],"xn-wppe-expiration-prefix":[],"footnotes":"","_links_to":"","_links_to_target":""},"class_list":["post-1702","page","type-page","status-publish","has-post-thumbnail","hentry","keyword-geburt","keyword-marche"],"acf":[],"yoast_head":"<!-- This site is optimized with the Yoast SEO plugin v26.7 - https:\/\/yoast.com\/wordpress\/plugins\/seo\/ -->\n<title>Epicerie sociale - Ville de Remich<\/title>\n<meta name=\"robots\" content=\"index, follow, max-snippet:-1, max-image-preview:large, max-video-preview:-1\" \/>\n<link rel=\"canonical\" href=\"https:\/\/bierger.remich.lu\/de\/services-au-citoyen\/soziales-und-3-alter\/francais-epicerie-sociale\/\" \/>\n<meta property=\"og:locale\" content=\"fr_FR\" \/>\n<meta property=\"og:type\" content=\"article\" \/>\n<meta property=\"og:title\" content=\"Epicerie sociale - Ville de Remich\" \/>\n<meta property=\"og:description\" content=\"Le 4 janvier 2016\u00a0une nouvelle \u00e9picerie sociale a ouvert ses portes \u00e0 Remich et accueille d\u00e9sormais les familles en situation de pr\u00e9carit\u00e9 vivant dans les communes de Bous, Lenningen, Remich, Schengen, Stadtbredimus, Waldbredimus, Dalheim et Mondorf-les-Bains. Depuis la naissance du concept en 2009, il s&rsquo;agit de la 8\u00e8me \u00e9picerie sociale \u00ab\u00a0Croix-Rouge Buttek\u00a0\u00bb. Le but de... Lire la suite \u00bb\" \/>\n<meta property=\"og:url\" content=\"https:\/\/bierger.remich.lu\/de\/services-au-citoyen\/soziales-und-3-alter\/francais-epicerie-sociale\/\" \/>\n<meta property=\"og:site_name\" content=\"Ville de Remich\" \/>\n<meta property=\"article:modified_time\" content=\"2020-03-17T06:59:09+00:00\" \/>\n<meta property=\"og:image\" content=\"https:\/\/bierger.remich.lu\/wp-content\/uploads\/sites\/3\/2017\/08\/kai-oberhauser-224745-1024x684.jpg\" \/>\n\t<meta property=\"og:image:width\" content=\"1024\" \/>\n\t<meta property=\"og:image:height\" content=\"684\" \/>\n\t<meta property=\"og:image:type\" content=\"image\/jpeg\" \/>\n<meta name=\"twitter:card\" content=\"summary_large_image\" \/>\n<meta name=\"twitter:label1\" content=\"Dur\u00e9e de lecture estim\u00e9e\" \/>\n\t<meta name=\"twitter:data1\" content=\"3 minutes\" \/>\n<script type=\"application\/ld+json\" class=\"yoast-schema-graph\">{\"@context\":\"https:\/\/schema.org\",\"@graph\":[{\"@type\":\"WebPage\",\"@id\":\"https:\/\/bierger.remich.lu\/de\/services-au-citoyen\/soziales-und-3-alter\/francais-epicerie-sociale\/\",\"url\":\"https:\/\/bierger.remich.lu\/de\/services-au-citoyen\/soziales-und-3-alter\/francais-epicerie-sociale\/\",\"name\":\"Epicerie sociale - Ville de Remich\",\"isPartOf\":{\"@id\":\"https:\/\/bierger.remich.lu\/de\/#website\"},\"primaryImageOfPage\":{\"@id\":\"https:\/\/bierger.remich.lu\/de\/services-au-citoyen\/soziales-und-3-alter\/francais-epicerie-sociale\/#primaryimage\"},\"image\":{\"@id\":\"https:\/\/bierger.remich.lu\/de\/services-au-citoyen\/soziales-und-3-alter\/francais-epicerie-sociale\/#primaryimage\"},\"thumbnailUrl\":\"https:\/\/bierger.remich.lu\/wp-content\/uploads\/sites\/3\/2017\/08\/kai-oberhauser-224745.jpg\",\"datePublished\":\"2017-08-01T12:18:14+00:00\",\"dateModified\":\"2020-03-17T06:59:09+00:00\",\"breadcrumb\":{\"@id\":\"https:\/\/bierger.remich.lu\/de\/services-au-citoyen\/soziales-und-3-alter\/francais-epicerie-sociale\/#breadcrumb\"},\"inLanguage\":\"fr-FR\",\"potentialAction\":[{\"@type\":\"ReadAction\",\"target\":[\"https:\/\/bierger.remich.lu\/de\/services-au-citoyen\/soziales-und-3-alter\/francais-epicerie-sociale\/\"]}]},{\"@type\":\"ImageObject\",\"inLanguage\":\"fr-FR\",\"@id\":\"https:\/\/bierger.remich.lu\/de\/services-au-citoyen\/soziales-und-3-alter\/francais-epicerie-sociale\/#primaryimage\",\"url\":\"https:\/\/bierger.remich.lu\/wp-content\/uploads\/sites\/3\/2017\/08\/kai-oberhauser-224745.jpg\",\"contentUrl\":\"https:\/\/bierger.remich.lu\/wp-content\/uploads\/sites\/3\/2017\/08\/kai-oberhauser-224745.jpg\",\"width\":5576,\"height\":3722},{\"@type\":\"BreadcrumbList\",\"@id\":\"https:\/\/bierger.remich.lu\/de\/services-au-citoyen\/soziales-und-3-alter\/francais-epicerie-sociale\/#breadcrumb\",\"itemListElement\":[{\"@type\":\"ListItem\",\"position\":1,\"name\":\"Startseite\",\"item\":\"https:\/\/bierger.remich.lu\/de\/\"},{\"@type\":\"ListItem\",\"position\":2,\"name\":\"B\u00fcrgerdienste\",\"item\":\"https:\/\/bierger.remich.lu\/de\/services-au-citoyen\/\"},{\"@type\":\"ListItem\",\"position\":3,\"name\":\"Soziales und 3. Alter\",\"item\":\"https:\/\/bierger.remich.lu\/de\/services-au-citoyen\/soziales-und-3-alter\/\"},{\"@type\":\"ListItem\",\"position\":4,\"name\":\"Sozialladen\"}]},{\"@type\":\"WebSite\",\"@id\":\"https:\/\/bierger.remich.lu\/de\/#website\",\"url\":\"https:\/\/bierger.remich.lu\/de\/\",\"name\":\"Ville de Remich\",\"description\":\"\",\"potentialAction\":[{\"@type\":\"SearchAction\",\"target\":{\"@type\":\"EntryPoint\",\"urlTemplate\":\"https:\/\/bierger.remich.lu\/de\/?s={search_term_string}\"},\"query-input\":{\"@type\":\"PropertyValueSpecification\",\"valueRequired\":true,\"valueName\":\"search_term_string\"}}],\"inLanguage\":\"fr-FR\"}]}<\/script>\n<!-- \/ Yoast SEO plugin. -->","yoast_head_json":{"title":"Epicerie sociale - Ville de Remich","robots":{"index":"index","follow":"follow","max-snippet":"max-snippet:-1","max-image-preview":"max-image-preview:large","max-video-preview":"max-video-preview:-1"},"canonical":"https:\/\/bierger.remich.lu\/de\/services-au-citoyen\/soziales-und-3-alter\/francais-epicerie-sociale\/","og_locale":"fr_FR","og_type":"article","og_title":"Epicerie sociale - Ville de Remich","og_description":"Le 4 janvier 2016\u00a0une nouvelle \u00e9picerie sociale a ouvert ses portes \u00e0 Remich et accueille d\u00e9sormais les familles en situation de pr\u00e9carit\u00e9 vivant dans les communes de Bous, Lenningen, Remich, Schengen, Stadtbredimus, Waldbredimus, Dalheim et Mondorf-les-Bains. Depuis la naissance du concept en 2009, il s&rsquo;agit de la 8\u00e8me \u00e9picerie sociale \u00ab\u00a0Croix-Rouge Buttek\u00a0\u00bb. Le but de... Lire la suite \u00bb","og_url":"https:\/\/bierger.remich.lu\/de\/services-au-citoyen\/soziales-und-3-alter\/francais-epicerie-sociale\/","og_site_name":"Ville de Remich","article_modified_time":"2020-03-17T06:59:09+00:00","og_image":[{"width":1024,"height":684,"url":"https:\/\/bierger.remich.lu\/wp-content\/uploads\/sites\/3\/2017\/08\/kai-oberhauser-224745-1024x684.jpg","type":"image\/jpeg"}],"twitter_card":"summary_large_image","twitter_misc":{"Dur\u00e9e de lecture estim\u00e9e":"3 minutes"},"schema":{"@context":"https:\/\/schema.org","@graph":[{"@type":"WebPage","@id":"https:\/\/bierger.remich.lu\/de\/services-au-citoyen\/soziales-und-3-alter\/francais-epicerie-sociale\/","url":"https:\/\/bierger.remich.lu\/de\/services-au-citoyen\/soziales-und-3-alter\/francais-epicerie-sociale\/","name":"Epicerie sociale - Ville de Remich","isPartOf":{"@id":"https:\/\/bierger.remich.lu\/de\/#website"},"primaryImageOfPage":{"@id":"https:\/\/bierger.remich.lu\/de\/services-au-citoyen\/soziales-und-3-alter\/francais-epicerie-sociale\/#primaryimage"},"image":{"@id":"https:\/\/bierger.remich.lu\/de\/services-au-citoyen\/soziales-und-3-alter\/francais-epicerie-sociale\/#primaryimage"},"thumbnailUrl":"https:\/\/bierger.remich.lu\/wp-content\/uploads\/sites\/3\/2017\/08\/kai-oberhauser-224745.jpg","datePublished":"2017-08-01T12:18:14+00:00","dateModified":"2020-03-17T06:59:09+00:00","breadcrumb":{"@id":"https:\/\/bierger.remich.lu\/de\/services-au-citoyen\/soziales-und-3-alter\/francais-epicerie-sociale\/#breadcrumb"},"inLanguage":"fr-FR","potentialAction":[{"@type":"ReadAction","target":["https:\/\/bierger.remich.lu\/de\/services-au-citoyen\/soziales-und-3-alter\/francais-epicerie-sociale\/"]}]},{"@type":"ImageObject","inLanguage":"fr-FR","@id":"https:\/\/bierger.remich.lu\/de\/services-au-citoyen\/soziales-und-3-alter\/francais-epicerie-sociale\/#primaryimage","url":"https:\/\/bierger.remich.lu\/wp-content\/uploads\/sites\/3\/2017\/08\/kai-oberhauser-224745.jpg","contentUrl":"https:\/\/bierger.remich.lu\/wp-content\/uploads\/sites\/3\/2017\/08\/kai-oberhauser-224745.jpg","width":5576,"height":3722},{"@type":"BreadcrumbList","@id":"https:\/\/bierger.remich.lu\/de\/services-au-citoyen\/soziales-und-3-alter\/francais-epicerie-sociale\/#breadcrumb","itemListElement":[{"@type":"ListItem","position":1,"name":"Startseite","item":"https:\/\/bierger.remich.lu\/de\/"},{"@type":"ListItem","position":2,"name":"B\u00fcrgerdienste","item":"https:\/\/bierger.remich.lu\/de\/services-au-citoyen\/"},{"@type":"ListItem","position":3,"name":"Soziales und 3. Alter","item":"https:\/\/bierger.remich.lu\/de\/services-au-citoyen\/soziales-und-3-alter\/"},{"@type":"ListItem","position":4,"name":"Sozialladen"}]},{"@type":"WebSite","@id":"https:\/\/bierger.remich.lu\/de\/#website","url":"https:\/\/bierger.remich.lu\/de\/","name":"Ville de Remich","description":"","potentialAction":[{"@type":"SearchAction","target":{"@type":"EntryPoint","urlTemplate":"https:\/\/bierger.remich.lu\/de\/?s={search_term_string}"},"query-input":{"@type":"PropertyValueSpecification","valueRequired":true,"valueName":"search_term_string"}}],"inLanguage":"fr-FR"}]}},"_links":{"self":[{"href":"https:\/\/bierger.remich.lu\/fr\/wp-json\/wp\/v2\/pages\/1702","targetHints":{"allow":["GET"]}}],"collection":[{"href":"https:\/\/bierger.remich.lu\/fr\/wp-json\/wp\/v2\/pages"}],"about":[{"href":"https:\/\/bierger.remich.lu\/fr\/wp-json\/wp\/v2\/types\/page"}],"author":[{"embeddable":true,"href":"https:\/\/bierger.remich.lu\/fr\/wp-json\/wp\/v2\/users\/4"}],"replies":[{"embeddable":true,"href":"https:\/\/bierger.remich.lu\/fr\/wp-json\/wp\/v2\/comments?post=1702"}],"version-history":[{"count":11,"href":"https:\/\/bierger.remich.lu\/fr\/wp-json\/wp\/v2\/pages\/1702\/revisions"}],"predecessor-version":[{"id":6294,"href":"https:\/\/bierger.remich.lu\/fr\/wp-json\/wp\/v2\/pages\/1702\/revisions\/6294"}],"up":[{"embeddable":true,"href":"https:\/\/bierger.remich.lu\/fr\/wp-json\/wp\/v2\/pages\/2917"}],"wp:featuredmedia":[{"embeddable":true,"href":"https:\/\/bierger.remich.lu\/fr\/wp-json\/wp\/v2\/media\/2080"}],"wp:attachment":[{"href":"https:\/\/bierger.remich.lu\/fr\/wp-json\/wp\/v2\/media?parent=1702"}],"curies":[{"name":"wp","href":"https:\/\/api.w.org\/{rel}","templated":true}]}}