{"id":1903,"date":"2017-08-04T09:25:17","date_gmt":"2017-08-04T08:25:17","guid":{"rendered":"http:\/\/reimech.lu\/?page_id=1903"},"modified":"2025-12-10T10:40:52","modified_gmt":"2025-12-10T09:40:52","slug":"abendkurse","status":"publish","type":"page","link":"https:\/\/bierger.remich.lu\/fr\/ville-de-remich\/schulwesen\/abendkurse\/","title":{"rendered":"Formation continue"},"content":{"rendered":"<h1>Cours organis\u00e9s par le Maacher Lyc\u00e9e<\/h1>\n<p>Comme tous les ans le Maacher Lyc\u00e9e offre toute une panoplie de cours.<\/p>\n<p>La liste de tous les cours organis\u00e9s par le Maacher Lyc\u00e9e dans diff\u00e9rentes communes est consultable sur son site internet <a href=\"https:\/\/mlg.lu\/content_fr\/coursDuSoir.php\">www.maacherlyc\u00e9e.lu<\/a> .<\/p>\n<p>Ci-apr\u00e8s vous trouvez les modalit\u00e9s d\u2019inscription et de paiement.<\/p>\n<p>Vous avez la possibilit\u00e9 de vous inscrire directement en ligne sur le site internet du Maacher Lyc\u00e9e.<\/p>\n<p><strong>Plus d\u2019infos <\/strong>:<br \/>\nVeuillez contacter le secr\u00e9tariat des cours du soir aupr\u00e8s du Maacher Lyc\u00e9e: T.\u00a0 75 06 65 &#8211; 5255 | e-mail: <a href=\"mailto:csa@mlg.lu?subject=Contact%20Cours%20du%20soir\">csa@mlg.lu<\/a>.<\/p>\n<h1>Cours organis\u00e9s par l&rsquo;Office social<\/h1>\n<h3 class=\"entry-content clearfix\"><em><strong>Lieu <\/strong><\/em><\/h3>\n<section class=\"entry-content clearfix\">Ver\u00e4inshaus<strong> | <\/strong>5, mont\u00e9e de l\u2019\u00c9glise \u2013 L-5530 Remich<\/section>\n<section><\/section>\n<section><\/section>\n<section><\/section>\n<section><\/section>\n<h3><em><strong><br \/>\nLes cours<br \/>\n<\/strong><\/em><\/h3>\n<section>Les cours sont organis\u00e9s par l&rsquo;Office social en collaboration avec le Maacher Lyc\u00e9e.<\/section>\n<section><\/section>\n<section class=\"entry-content clearfix\">\n<ul>\n<li>FRAN\u00c7AIS (Niveau A.1.2.)<br \/>\nDates : 03.03-09.07.2026 | Jours: mardi et jeudi | Horaire : 08:30-10:30<\/li>\n<li>FRAN\u00c7AIS (Niveau A.2.2.)<br \/>\nDates : 03.03-09.07.2026 | Jours : mardi et jeudi | Horaire : 10:30-12:30<\/li>\n<\/ul>\n<h3><em><strong>Informations &amp; inscription<\/strong><\/em><\/h3>\n<ul>\n<li><a href=\"http:\/\/www.oscr.lu\">Formulaire d&rsquo;inscription &gt; Office social commun Remich <\/a><\/li>\n<li><a href=\"\/\/www.maacherlycee.lu\/content_fr\/coursDuSoir.php\">En ligne aupr\u00e8s du Maacher Lyc\u00e9e<\/a> (Certificat Luxtrust requis)<\/li>\n<\/ul>\n<p>Places limit\u00e9es.<\/p>\n<h3>Prix<\/h3>\n<ul>\n<li>168 \u20ac | Les bons de r\u00e9duction distribu\u00e9s par diverses administrations ou services sociaux (ADEM, ONA, ONIS, offices sociaux, &#8230;) peuvent \u00eatre utilis\u00e9s pour ces cours.<\/li>\n<li>Les frais d\u2019inscription sont payables uniquement apr\u00e8s r\u00e9ception de la facture, mais au plus tard 15 jours apr\u00e8s le d\u00e9but des cours.<\/li>\n<\/ul>\n<\/section>","protected":false},"excerpt":{"rendered":"<p>Cours organis\u00e9s par le Maacher Lyc\u00e9e Comme tous les ans le Maacher Lyc\u00e9e offre toute une panoplie de cours. La liste de tous les cours organis\u00e9s par le Maacher Lyc\u00e9e dans diff\u00e9rentes communes est consultable sur son site internet www.maacherlyc\u00e9e.lu . Ci-apr\u00e8s vous trouvez les modalit\u00e9s d\u2019inscription et de paiement. Vous avez la possibilit\u00e9 de&#8230;  <a class=\"excerpt-read-more\" href=\"https:\/\/bierger.remich.lu\/fr\/ville-de-remich\/schulwesen\/abendkurse\/\" title=\"ReadFormation continue\">Lire la suite \u00bb<\/a><\/p>\n","protected":false},"author":4,"featured_media":2054,"parent":1852,"menu_order":19,"comment_status":"closed","ping_status":"closed","template":"","meta":{"_acf_changed":false,"xn-wppe-expiration":[],"xn-wppe-expiration-action":[],"xn-wppe-expiration-prefix":[],"footnotes":"","_links_to":"","_links_to_target":""},"class_list":["post-1903","page","type-page","status-publish","has-post-thumbnail","hentry","keyword-infos"],"acf":[],"yoast_head":"<!-- This site is optimized with the Yoast SEO plugin v26.7 - https:\/\/yoast.com\/wordpress\/plugins\/seo\/ -->\n<title>Formation continue - Ville de Remich<\/title>\n<meta name=\"robots\" content=\"index, follow, max-snippet:-1, max-image-preview:large, max-video-preview:-1\" \/>\n<link rel=\"canonical\" href=\"https:\/\/bierger.remich.lu\/ville-de-remich\/schulwesen\/abendkurse\/\" \/>\n<meta property=\"og:locale\" content=\"fr_FR\" \/>\n<meta property=\"og:type\" content=\"article\" \/>\n<meta property=\"og:title\" content=\"Formation continue - Ville de Remich\" \/>\n<meta property=\"og:description\" content=\"Cours organis\u00e9s par le Maacher Lyc\u00e9e Comme tous les ans le Maacher Lyc\u00e9e offre toute une panoplie de cours. La liste de tous les cours organis\u00e9s par le Maacher Lyc\u00e9e dans diff\u00e9rentes communes est consultable sur son site internet www.maacherlyc\u00e9e.lu . Ci-apr\u00e8s vous trouvez les modalit\u00e9s d\u2019inscription et de paiement. Vous avez la possibilit\u00e9 de... Lire la suite \u00bb\" \/>\n<meta property=\"og:url\" content=\"https:\/\/bierger.remich.lu\/ville-de-remich\/schulwesen\/abendkurse\/\" \/>\n<meta property=\"og:site_name\" content=\"Ville de Remich\" \/>\n<meta property=\"article:modified_time\" content=\"2025-12-10T09:40:52+00:00\" \/>\n<meta property=\"og:image\" content=\"https:\/\/bierger.remich.lu\/wp-content\/uploads\/sites\/3\/2017\/08\/gaelle-marcel-8992-684x1024.jpg\" \/>\n\t<meta property=\"og:image:width\" content=\"684\" \/>\n\t<meta property=\"og:image:height\" content=\"1024\" \/>\n\t<meta property=\"og:image:type\" content=\"image\/jpeg\" \/>\n<meta name=\"twitter:card\" content=\"summary_large_image\" \/>\n<meta name=\"twitter:label1\" content=\"Dur\u00e9e de lecture estim\u00e9e\" \/>\n\t<meta name=\"twitter:data1\" content=\"2 minutes\" \/>\n<script type=\"application\/ld+json\" class=\"yoast-schema-graph\">{\"@context\":\"https:\/\/schema.org\",\"@graph\":[{\"@type\":\"WebPage\",\"@id\":\"https:\/\/bierger.remich.lu\/ville-de-remich\/schulwesen\/abendkurse\/\",\"url\":\"https:\/\/bierger.remich.lu\/ville-de-remich\/schulwesen\/abendkurse\/\",\"name\":\"Formation continue - Ville de Remich\",\"isPartOf\":{\"@id\":\"https:\/\/bierger.remich.lu\/de\/#website\"},\"primaryImageOfPage\":{\"@id\":\"https:\/\/bierger.remich.lu\/ville-de-remich\/schulwesen\/abendkurse\/#primaryimage\"},\"image\":{\"@id\":\"https:\/\/bierger.remich.lu\/ville-de-remich\/schulwesen\/abendkurse\/#primaryimage\"},\"thumbnailUrl\":\"https:\/\/bierger.remich.lu\/wp-content\/uploads\/sites\/3\/2017\/08\/gaelle-marcel-8992.jpg\",\"datePublished\":\"2017-08-04T08:25:17+00:00\",\"dateModified\":\"2025-12-10T09:40:52+00:00\",\"breadcrumb\":{\"@id\":\"https:\/\/bierger.remich.lu\/ville-de-remich\/schulwesen\/abendkurse\/#breadcrumb\"},\"inLanguage\":\"fr-FR\",\"potentialAction\":[{\"@type\":\"ReadAction\",\"target\":[\"https:\/\/bierger.remich.lu\/ville-de-remich\/schulwesen\/abendkurse\/\"]}]},{\"@type\":\"ImageObject\",\"inLanguage\":\"fr-FR\",\"@id\":\"https:\/\/bierger.remich.lu\/ville-de-remich\/schulwesen\/abendkurse\/#primaryimage\",\"url\":\"https:\/\/bierger.remich.lu\/wp-content\/uploads\/sites\/3\/2017\/08\/gaelle-marcel-8992.jpg\",\"contentUrl\":\"https:\/\/bierger.remich.lu\/wp-content\/uploads\/sites\/3\/2017\/08\/gaelle-marcel-8992.jpg\",\"width\":4016,\"height\":6016},{\"@type\":\"BreadcrumbList\",\"@id\":\"https:\/\/bierger.remich.lu\/ville-de-remich\/schulwesen\/abendkurse\/#breadcrumb\",\"itemListElement\":[{\"@type\":\"ListItem\",\"position\":1,\"name\":\"Startseite\",\"item\":\"https:\/\/bierger.remich.lu\/de\/\"},{\"@type\":\"ListItem\",\"position\":2,\"name\":\"Stadt Remich\",\"item\":\"https:\/\/bierger.remich.lu\/de\/ville-de-remich\/\"},{\"@type\":\"ListItem\",\"position\":3,\"name\":\"Bildung und Kinder\",\"item\":\"https:\/\/bierger.remich.lu\/de\/ville-de-remich\/schulwesen\/\"},{\"@type\":\"ListItem\",\"position\":4,\"name\":\"Weiterbildung\"}]},{\"@type\":\"WebSite\",\"@id\":\"https:\/\/bierger.remich.lu\/de\/#website\",\"url\":\"https:\/\/bierger.remich.lu\/de\/\",\"name\":\"Ville de Remich\",\"description\":\"\",\"potentialAction\":[{\"@type\":\"SearchAction\",\"target\":{\"@type\":\"EntryPoint\",\"urlTemplate\":\"https:\/\/bierger.remich.lu\/de\/?s={search_term_string}\"},\"query-input\":{\"@type\":\"PropertyValueSpecification\",\"valueRequired\":true,\"valueName\":\"search_term_string\"}}],\"inLanguage\":\"fr-FR\"}]}<\/script>\n<!-- \/ Yoast SEO plugin. -->","yoast_head_json":{"title":"Formation continue - Ville de Remich","robots":{"index":"index","follow":"follow","max-snippet":"max-snippet:-1","max-image-preview":"max-image-preview:large","max-video-preview":"max-video-preview:-1"},"canonical":"https:\/\/bierger.remich.lu\/ville-de-remich\/schulwesen\/abendkurse\/","og_locale":"fr_FR","og_type":"article","og_title":"Formation continue - Ville de Remich","og_description":"Cours organis\u00e9s par le Maacher Lyc\u00e9e Comme tous les ans le Maacher Lyc\u00e9e offre toute une panoplie de cours. La liste de tous les cours organis\u00e9s par le Maacher Lyc\u00e9e dans diff\u00e9rentes communes est consultable sur son site internet www.maacherlyc\u00e9e.lu . Ci-apr\u00e8s vous trouvez les modalit\u00e9s d\u2019inscription et de paiement. Vous avez la possibilit\u00e9 de... Lire la suite \u00bb","og_url":"https:\/\/bierger.remich.lu\/ville-de-remich\/schulwesen\/abendkurse\/","og_site_name":"Ville de Remich","article_modified_time":"2025-12-10T09:40:52+00:00","og_image":[{"width":684,"height":1024,"url":"https:\/\/bierger.remich.lu\/wp-content\/uploads\/sites\/3\/2017\/08\/gaelle-marcel-8992-684x1024.jpg","type":"image\/jpeg"}],"twitter_card":"summary_large_image","twitter_misc":{"Dur\u00e9e de lecture estim\u00e9e":"2 minutes"},"schema":{"@context":"https:\/\/schema.org","@graph":[{"@type":"WebPage","@id":"https:\/\/bierger.remich.lu\/ville-de-remich\/schulwesen\/abendkurse\/","url":"https:\/\/bierger.remich.lu\/ville-de-remich\/schulwesen\/abendkurse\/","name":"Formation continue - Ville de Remich","isPartOf":{"@id":"https:\/\/bierger.remich.lu\/de\/#website"},"primaryImageOfPage":{"@id":"https:\/\/bierger.remich.lu\/ville-de-remich\/schulwesen\/abendkurse\/#primaryimage"},"image":{"@id":"https:\/\/bierger.remich.lu\/ville-de-remich\/schulwesen\/abendkurse\/#primaryimage"},"thumbnailUrl":"https:\/\/bierger.remich.lu\/wp-content\/uploads\/sites\/3\/2017\/08\/gaelle-marcel-8992.jpg","datePublished":"2017-08-04T08:25:17+00:00","dateModified":"2025-12-10T09:40:52+00:00","breadcrumb":{"@id":"https:\/\/bierger.remich.lu\/ville-de-remich\/schulwesen\/abendkurse\/#breadcrumb"},"inLanguage":"fr-FR","potentialAction":[{"@type":"ReadAction","target":["https:\/\/bierger.remich.lu\/ville-de-remich\/schulwesen\/abendkurse\/"]}]},{"@type":"ImageObject","inLanguage":"fr-FR","@id":"https:\/\/bierger.remich.lu\/ville-de-remich\/schulwesen\/abendkurse\/#primaryimage","url":"https:\/\/bierger.remich.lu\/wp-content\/uploads\/sites\/3\/2017\/08\/gaelle-marcel-8992.jpg","contentUrl":"https:\/\/bierger.remich.lu\/wp-content\/uploads\/sites\/3\/2017\/08\/gaelle-marcel-8992.jpg","width":4016,"height":6016},{"@type":"BreadcrumbList","@id":"https:\/\/bierger.remich.lu\/ville-de-remich\/schulwesen\/abendkurse\/#breadcrumb","itemListElement":[{"@type":"ListItem","position":1,"name":"Startseite","item":"https:\/\/bierger.remich.lu\/de\/"},{"@type":"ListItem","position":2,"name":"Stadt Remich","item":"https:\/\/bierger.remich.lu\/de\/ville-de-remich\/"},{"@type":"ListItem","position":3,"name":"Bildung und Kinder","item":"https:\/\/bierger.remich.lu\/de\/ville-de-remich\/schulwesen\/"},{"@type":"ListItem","position":4,"name":"Weiterbildung"}]},{"@type":"WebSite","@id":"https:\/\/bierger.remich.lu\/de\/#website","url":"https:\/\/bierger.remich.lu\/de\/","name":"Ville de Remich","description":"","potentialAction":[{"@type":"SearchAction","target":{"@type":"EntryPoint","urlTemplate":"https:\/\/bierger.remich.lu\/de\/?s={search_term_string}"},"query-input":{"@type":"PropertyValueSpecification","valueRequired":true,"valueName":"search_term_string"}}],"inLanguage":"fr-FR"}]}},"_links":{"self":[{"href":"https:\/\/bierger.remich.lu\/fr\/wp-json\/wp\/v2\/pages\/1903","targetHints":{"allow":["GET"]}}],"collection":[{"href":"https:\/\/bierger.remich.lu\/fr\/wp-json\/wp\/v2\/pages"}],"about":[{"href":"https:\/\/bierger.remich.lu\/fr\/wp-json\/wp\/v2\/types\/page"}],"author":[{"embeddable":true,"href":"https:\/\/bierger.remich.lu\/fr\/wp-json\/wp\/v2\/users\/4"}],"replies":[{"embeddable":true,"href":"https:\/\/bierger.remich.lu\/fr\/wp-json\/wp\/v2\/comments?post=1903"}],"version-history":[{"count":35,"href":"https:\/\/bierger.remich.lu\/fr\/wp-json\/wp\/v2\/pages\/1903\/revisions"}],"predecessor-version":[{"id":18865,"href":"https:\/\/bierger.remich.lu\/fr\/wp-json\/wp\/v2\/pages\/1903\/revisions\/18865"}],"up":[{"embeddable":true,"href":"https:\/\/bierger.remich.lu\/fr\/wp-json\/wp\/v2\/pages\/1852"}],"wp:featuredmedia":[{"embeddable":true,"href":"https:\/\/bierger.remich.lu\/fr\/wp-json\/wp\/v2\/media\/2054"}],"wp:attachment":[{"href":"https:\/\/bierger.remich.lu\/fr\/wp-json\/wp\/v2\/media?parent=1903"}],"curies":[{"name":"wp","href":"https:\/\/api.w.org\/{rel}","templated":true}]}}