{"id":1926,"date":"2017-08-04T10:27:47","date_gmt":"2017-08-04T09:27:47","guid":{"rendered":"http:\/\/reimech.lu\/?page_id=1926"},"modified":"2023-07-25T16:19:57","modified_gmt":"2023-07-25T14:19:57","slug":"elternschule","status":"publish","type":"page","link":"https:\/\/bierger.remich.lu\/fr\/ville-de-remich\/schulwesen\/elternschule\/","title":{"rendered":"\u00c9cole des Parents"},"content":{"rendered":"L&rsquo;\u00c9cole des Parents est le service pr\u00e9ventif de la Fondation Kannerschlass.<\/p>\n<p>Cr\u00e9\u00e9 en 2002, il s\u2019adresse \u00e0 tous les parents (de futurs parents \u00e0 parents d\u2019adolescents) ayant envie de se rencontrer, de discuter et d\u2019\u00e9changer en groupe sur la parentalit\u00e9, l\u2019\u00e9ducation des enfants et le quotidien familial.<\/p>\n<p>L&rsquo;antenne Est regroupe entre temps 6 communes: Betzdorf, Echternach, Grevenmacher, Junglinster, Remich et Schengen. Cette initiative permet \u00e0 l\u2019\u00c9cole des Parents d\u2019\u00e9largir son champ d\u2019intervention dans cette r\u00e9gion du pays et de r\u00e9agir ainsi \u00e0 la demande des parents et des professionnels.<\/p>\n<p>Le bureau de l`antenne Est de l`\u00c9cole des Parents se trouve \u00e0 Remich et est coordonn\u00e9 par Patrice Moes-Gretsch, \u00e9ducatrice gradu\u00e9e et th\u00e9rapeute familiale.<\/p>\n<p><strong>Les activit\u00e9s concernent:<\/strong><\/p>\n<ol>\n<li>Les Parents<br \/>\nL\u2019\u00c9cole des Parents soutient et assiste les parents dans l\u2019\u00e9ducation de leur(s) enfant(s) et est un projet \u00e0 caract\u00e8re pr\u00e9ventif.<br \/>\nL\u2019\u00c9cole des Parents n\u2019est pas un service de consultation individuelle, cependant les parents peuvent s`adresser \u00e0 l`\u00c9cole des Parents pour avoir un premier \u00e9change d`orientation.<\/li>\n<li>Les Professionnels du secteur \u00e9ducatif et social<br \/>\nPour pouvoir atteindre un maximum de parents, l\u2019\u00c9cole des Parents travaille en \u00e9troite collaboration avec les communes, associations des parents, cr\u00e8ches, maisons relais, \u00e9coles\u2026. en les soutenant dans leur contact quotidien avec les parents. Ces collaborations peuvent se d\u00e9rouler sous formes de conf\u00e9rences, de tables rondes, de cours \u00e0 th\u00e8mes sp\u00e9cifiques, de workshops et m\u00eame de coaching pour les professionnels.<\/li>\n<li>Les entreprises, firmes, banques&#8230;<br \/>\nDepuis peu l\u2019\u00c9cole des Parents s\u2019est lanc\u00e9e dans une nouvelle forme de partenariat. En effet, nous r\u00e9agissons aux demandes d`entreprises qui sollicitent une offre pour soutenir leurs employ\u00e9s-parents dans la conciliation de leur vie professionnelle et familiale.<\/li>\n<\/ol>\n<p><strong>L&rsquo;agenda<\/strong><\/p>\n<p><span style=\"color: #008000\">L&rsquo;\u00c9cole des Parents en pr\u00e9sentiel &#8211; Offre pour cr\u00eaches, Maison Relais, \u00e9coles &#8230;<\/span><\/p>\n<p>Le concept pr\u00e9voit une \u00e9troite collaboration avec des institutions et services des milieux sociaux et \u00e9ducatifs permettant de rencontrer les parents \u00ab l\u00e0, o\u00f9 ils se trouvent \u00bb.<\/p>\n<p><span style=\"color: #008000\">L&rsquo;\u00c9cole des Parents en ligne &#8211; les webinaires pour parents&#8230;<\/span><\/p>\n<p>Nous proposons une 30<sup>e<\/sup> de webinaires sur l\u2019\u00e9ducation. Nos th\u00e8mes sont tr\u00e8s diversifi\u00e9s de mani\u00e8re \u00e0 ce que les parents d\u2019enfants de tout \u00e2ge puissent toujours trouver un sujet qui les int\u00e9resse. Ces webinaires sont gratuits et propos\u00e9s en LU, FR ou EN.<\/p>\n<p>L\u2018\u00c9cole des Parents a aussi un podcast sur l\u2019\u00e9ducation en langue luxembourgeoise. Les diff\u00e9rents \u00e9pisodes sont disponibles sur notre site internet et sur les plateformes d\u2019h\u00e9bergement courantes.<\/p>\n<p><span style=\"color: #008000\">L&rsquo;\u00c9cole des Parents en plein air<br \/>\n<\/span><\/p>\n<p>Dans le cadre de Eltereschoul Dobaussen, nos intervenants sont pr\u00e9sents sur des aires de jeux, sur des march\u00e9s ou lors d\u2019activit\u00e9s grand public pour offrir aux parents un conseil, une aide \u00e0 la minute ou une discussion sur l\u2019\u00e9ducation des enfants.<\/p>\n<p><span style=\"color: #008000\">Les caf\u00e9s des Parents<\/span><strong><em><br \/>\n<\/em><\/strong><\/p>\n<p>Nos Caf\u00e9s des Parents (EltereCaf\u00e9s) accueillent parents, grands-parents et tous ceux qui s\u2019int\u00e9ressent \u00e0 l\u2019\u00e9ducation. Venez, avec ou sans enfants, pour \u00e9changer et discuter dans un cadre convivial et accueillant\u00a0! Nous sommes ravies de vous rencontrer.<\/p>\n<p>&nbsp;<\/p>\n<p><em>L\u2019agenda de toutes nos activit\u00e9s (en ligne et en pr\u00e9sentiel) est disponible sur notre site internet:<\/em><em>\u00a0<\/em><a href=\"https:\/\/www.kannerschlass.lu\/fr\/nos-services\/eltereschoul\/agenda\"><em>https:\/\/www.kannerschlass.lu\/fr\/nos-services\/eltereschoul\/agenda<\/em><\/a><\/p>\n<p>&nbsp;","protected":false},"excerpt":{"rendered":"<p>L&rsquo;\u00c9cole des Parents est le service pr\u00e9ventif de la Fondation Kannerschlass. Cr\u00e9\u00e9 en 2002, il s\u2019adresse \u00e0 tous les parents (de futurs parents \u00e0 parents d\u2019adolescents) ayant envie de se rencontrer, de discuter et d\u2019\u00e9changer en groupe sur la parentalit\u00e9, l\u2019\u00e9ducation des enfants et le quotidien familial. L&rsquo;antenne Est regroupe entre temps 6 communes: Betzdorf,&#8230;  <a class=\"excerpt-read-more\" href=\"https:\/\/bierger.remich.lu\/fr\/ville-de-remich\/schulwesen\/elternschule\/\" title=\"Read\u00c9cole des Parents\">Lire la suite \u00bb<\/a><\/p>\n","protected":false},"author":4,"featured_media":2035,"parent":1852,"menu_order":20,"comment_status":"closed","ping_status":"closed","template":"","meta":{"_acf_changed":false,"xn-wppe-expiration":[],"xn-wppe-expiration-action":[],"xn-wppe-expiration-prefix":[],"footnotes":"","_links_to":"","_links_to_target":""},"class_list":["post-1926","page","type-page","status-publish","has-post-thumbnail","hentry","keyword-verein"],"acf":[],"yoast_head":"<!-- This site is optimized with the Yoast SEO plugin v26.7 - https:\/\/yoast.com\/wordpress\/plugins\/seo\/ -->\n<title>\u00c9cole des Parents - Ville de Remich<\/title>\n<meta name=\"robots\" content=\"index, follow, max-snippet:-1, max-image-preview:large, max-video-preview:-1\" \/>\n<link rel=\"canonical\" href=\"https:\/\/bierger.remich.lu\/de\/ville-de-remich\/schulwesen\/elternschule\/\" \/>\n<meta property=\"og:locale\" content=\"fr_FR\" \/>\n<meta property=\"og:type\" content=\"article\" \/>\n<meta property=\"og:title\" content=\"\u00c9cole des Parents - Ville de Remich\" \/>\n<meta property=\"og:description\" content=\"L&rsquo;\u00c9cole des Parents est le service pr\u00e9ventif de la Fondation Kannerschlass. Cr\u00e9\u00e9 en 2002, il s\u2019adresse \u00e0 tous les parents (de futurs parents \u00e0 parents d\u2019adolescents) ayant envie de se rencontrer, de discuter et d\u2019\u00e9changer en groupe sur la parentalit\u00e9, l\u2019\u00e9ducation des enfants et le quotidien familial. L&rsquo;antenne Est regroupe entre temps 6 communes: Betzdorf,... Lire la suite \u00bb\" \/>\n<meta property=\"og:url\" content=\"https:\/\/bierger.remich.lu\/de\/ville-de-remich\/schulwesen\/elternschule\/\" \/>\n<meta property=\"og:site_name\" content=\"Ville de Remich\" \/>\n<meta property=\"article:modified_time\" content=\"2023-07-25T14:19:57+00:00\" \/>\n<meta property=\"og:image\" content=\"https:\/\/bierger.remich.lu\/wp-content\/uploads\/sites\/3\/2017\/08\/christin-hume-316558-e1505206761841.jpg\" \/>\n\t<meta property=\"og:image:width\" content=\"2910\" \/>\n\t<meta property=\"og:image:height\" content=\"3970\" \/>\n\t<meta property=\"og:image:type\" content=\"image\/jpeg\" \/>\n<meta name=\"twitter:card\" content=\"summary_large_image\" \/>\n<meta name=\"twitter:label1\" content=\"Dur\u00e9e de lecture estim\u00e9e\" \/>\n\t<meta name=\"twitter:data1\" content=\"10 minutes\" \/>\n<script type=\"application\/ld+json\" class=\"yoast-schema-graph\">{\"@context\":\"https:\/\/schema.org\",\"@graph\":[{\"@type\":\"WebPage\",\"@id\":\"https:\/\/bierger.remich.lu\/de\/ville-de-remich\/schulwesen\/elternschule\/\",\"url\":\"https:\/\/bierger.remich.lu\/de\/ville-de-remich\/schulwesen\/elternschule\/\",\"name\":\"\u00c9cole des Parents - Ville de Remich\",\"isPartOf\":{\"@id\":\"https:\/\/bierger.remich.lu\/de\/#website\"},\"primaryImageOfPage\":{\"@id\":\"https:\/\/bierger.remich.lu\/de\/ville-de-remich\/schulwesen\/elternschule\/#primaryimage\"},\"image\":{\"@id\":\"https:\/\/bierger.remich.lu\/de\/ville-de-remich\/schulwesen\/elternschule\/#primaryimage\"},\"thumbnailUrl\":\"https:\/\/bierger.remich.lu\/wp-content\/uploads\/sites\/3\/2017\/08\/christin-hume-316558-e1505206761841.jpg\",\"datePublished\":\"2017-08-04T09:27:47+00:00\",\"dateModified\":\"2023-07-25T14:19:57+00:00\",\"breadcrumb\":{\"@id\":\"https:\/\/bierger.remich.lu\/de\/ville-de-remich\/schulwesen\/elternschule\/#breadcrumb\"},\"inLanguage\":\"fr-FR\",\"potentialAction\":[{\"@type\":\"ReadAction\",\"target\":[\"https:\/\/bierger.remich.lu\/de\/ville-de-remich\/schulwesen\/elternschule\/\"]}]},{\"@type\":\"ImageObject\",\"inLanguage\":\"fr-FR\",\"@id\":\"https:\/\/bierger.remich.lu\/de\/ville-de-remich\/schulwesen\/elternschule\/#primaryimage\",\"url\":\"https:\/\/bierger.remich.lu\/wp-content\/uploads\/sites\/3\/2017\/08\/christin-hume-316558-e1505206761841.jpg\",\"contentUrl\":\"https:\/\/bierger.remich.lu\/wp-content\/uploads\/sites\/3\/2017\/08\/christin-hume-316558-e1505206761841.jpg\",\"width\":2910,\"height\":3970},{\"@type\":\"BreadcrumbList\",\"@id\":\"https:\/\/bierger.remich.lu\/de\/ville-de-remich\/schulwesen\/elternschule\/#breadcrumb\",\"itemListElement\":[{\"@type\":\"ListItem\",\"position\":1,\"name\":\"Startseite\",\"item\":\"https:\/\/bierger.remich.lu\/de\/\"},{\"@type\":\"ListItem\",\"position\":2,\"name\":\"Stadt Remich\",\"item\":\"https:\/\/bierger.remich.lu\/de\/ville-de-remich\/\"},{\"@type\":\"ListItem\",\"position\":3,\"name\":\"Bildung und Kinder\",\"item\":\"https:\/\/bierger.remich.lu\/de\/ville-de-remich\/schulwesen\/\"},{\"@type\":\"ListItem\",\"position\":4,\"name\":\"Elternschule\"}]},{\"@type\":\"WebSite\",\"@id\":\"https:\/\/bierger.remich.lu\/de\/#website\",\"url\":\"https:\/\/bierger.remich.lu\/de\/\",\"name\":\"Ville de Remich\",\"description\":\"\",\"potentialAction\":[{\"@type\":\"SearchAction\",\"target\":{\"@type\":\"EntryPoint\",\"urlTemplate\":\"https:\/\/bierger.remich.lu\/de\/?s={search_term_string}\"},\"query-input\":{\"@type\":\"PropertyValueSpecification\",\"valueRequired\":true,\"valueName\":\"search_term_string\"}}],\"inLanguage\":\"fr-FR\"}]}<\/script>\n<!-- \/ Yoast SEO plugin. -->","yoast_head_json":{"title":"\u00c9cole des Parents - Ville de Remich","robots":{"index":"index","follow":"follow","max-snippet":"max-snippet:-1","max-image-preview":"max-image-preview:large","max-video-preview":"max-video-preview:-1"},"canonical":"https:\/\/bierger.remich.lu\/de\/ville-de-remich\/schulwesen\/elternschule\/","og_locale":"fr_FR","og_type":"article","og_title":"\u00c9cole des Parents - Ville de Remich","og_description":"L&rsquo;\u00c9cole des Parents est le service pr\u00e9ventif de la Fondation Kannerschlass. Cr\u00e9\u00e9 en 2002, il s\u2019adresse \u00e0 tous les parents (de futurs parents \u00e0 parents d\u2019adolescents) ayant envie de se rencontrer, de discuter et d\u2019\u00e9changer en groupe sur la parentalit\u00e9, l\u2019\u00e9ducation des enfants et le quotidien familial. L&rsquo;antenne Est regroupe entre temps 6 communes: Betzdorf,... Lire la suite \u00bb","og_url":"https:\/\/bierger.remich.lu\/de\/ville-de-remich\/schulwesen\/elternschule\/","og_site_name":"Ville de Remich","article_modified_time":"2023-07-25T14:19:57+00:00","og_image":[{"width":2910,"height":3970,"url":"https:\/\/bierger.remich.lu\/wp-content\/uploads\/sites\/3\/2017\/08\/christin-hume-316558-e1505206761841.jpg","type":"image\/jpeg"}],"twitter_card":"summary_large_image","twitter_misc":{"Dur\u00e9e de lecture estim\u00e9e":"10 minutes"},"schema":{"@context":"https:\/\/schema.org","@graph":[{"@type":"WebPage","@id":"https:\/\/bierger.remich.lu\/de\/ville-de-remich\/schulwesen\/elternschule\/","url":"https:\/\/bierger.remich.lu\/de\/ville-de-remich\/schulwesen\/elternschule\/","name":"\u00c9cole des Parents - Ville de Remich","isPartOf":{"@id":"https:\/\/bierger.remich.lu\/de\/#website"},"primaryImageOfPage":{"@id":"https:\/\/bierger.remich.lu\/de\/ville-de-remich\/schulwesen\/elternschule\/#primaryimage"},"image":{"@id":"https:\/\/bierger.remich.lu\/de\/ville-de-remich\/schulwesen\/elternschule\/#primaryimage"},"thumbnailUrl":"https:\/\/bierger.remich.lu\/wp-content\/uploads\/sites\/3\/2017\/08\/christin-hume-316558-e1505206761841.jpg","datePublished":"2017-08-04T09:27:47+00:00","dateModified":"2023-07-25T14:19:57+00:00","breadcrumb":{"@id":"https:\/\/bierger.remich.lu\/de\/ville-de-remich\/schulwesen\/elternschule\/#breadcrumb"},"inLanguage":"fr-FR","potentialAction":[{"@type":"ReadAction","target":["https:\/\/bierger.remich.lu\/de\/ville-de-remich\/schulwesen\/elternschule\/"]}]},{"@type":"ImageObject","inLanguage":"fr-FR","@id":"https:\/\/bierger.remich.lu\/de\/ville-de-remich\/schulwesen\/elternschule\/#primaryimage","url":"https:\/\/bierger.remich.lu\/wp-content\/uploads\/sites\/3\/2017\/08\/christin-hume-316558-e1505206761841.jpg","contentUrl":"https:\/\/bierger.remich.lu\/wp-content\/uploads\/sites\/3\/2017\/08\/christin-hume-316558-e1505206761841.jpg","width":2910,"height":3970},{"@type":"BreadcrumbList","@id":"https:\/\/bierger.remich.lu\/de\/ville-de-remich\/schulwesen\/elternschule\/#breadcrumb","itemListElement":[{"@type":"ListItem","position":1,"name":"Startseite","item":"https:\/\/bierger.remich.lu\/de\/"},{"@type":"ListItem","position":2,"name":"Stadt Remich","item":"https:\/\/bierger.remich.lu\/de\/ville-de-remich\/"},{"@type":"ListItem","position":3,"name":"Bildung und Kinder","item":"https:\/\/bierger.remich.lu\/de\/ville-de-remich\/schulwesen\/"},{"@type":"ListItem","position":4,"name":"Elternschule"}]},{"@type":"WebSite","@id":"https:\/\/bierger.remich.lu\/de\/#website","url":"https:\/\/bierger.remich.lu\/de\/","name":"Ville de Remich","description":"","potentialAction":[{"@type":"SearchAction","target":{"@type":"EntryPoint","urlTemplate":"https:\/\/bierger.remich.lu\/de\/?s={search_term_string}"},"query-input":{"@type":"PropertyValueSpecification","valueRequired":true,"valueName":"search_term_string"}}],"inLanguage":"fr-FR"}]}},"_links":{"self":[{"href":"https:\/\/bierger.remich.lu\/fr\/wp-json\/wp\/v2\/pages\/1926","targetHints":{"allow":["GET"]}}],"collection":[{"href":"https:\/\/bierger.remich.lu\/fr\/wp-json\/wp\/v2\/pages"}],"about":[{"href":"https:\/\/bierger.remich.lu\/fr\/wp-json\/wp\/v2\/types\/page"}],"author":[{"embeddable":true,"href":"https:\/\/bierger.remich.lu\/fr\/wp-json\/wp\/v2\/users\/4"}],"replies":[{"embeddable":true,"href":"https:\/\/bierger.remich.lu\/fr\/wp-json\/wp\/v2\/comments?post=1926"}],"version-history":[{"count":10,"href":"https:\/\/bierger.remich.lu\/fr\/wp-json\/wp\/v2\/pages\/1926\/revisions"}],"predecessor-version":[{"id":12697,"href":"https:\/\/bierger.remich.lu\/fr\/wp-json\/wp\/v2\/pages\/1926\/revisions\/12697"}],"up":[{"embeddable":true,"href":"https:\/\/bierger.remich.lu\/fr\/wp-json\/wp\/v2\/pages\/1852"}],"wp:featuredmedia":[{"embeddable":true,"href":"https:\/\/bierger.remich.lu\/fr\/wp-json\/wp\/v2\/media\/2035"}],"wp:attachment":[{"href":"https:\/\/bierger.remich.lu\/fr\/wp-json\/wp\/v2\/media?parent=1926"}],"curies":[{"name":"wp","href":"https:\/\/api.w.org\/{rel}","templated":true}]}}