{"id":1930,"date":"2017-08-04T10:34:09","date_gmt":"2017-08-04T09:34:09","guid":{"rendered":"http:\/\/reimech.lu\/?page_id=1930"},"modified":"2024-10-03T09:37:08","modified_gmt":"2024-10-03T07:37:08","slug":"ezeiungs-a-familjeberodung-asbl","status":"publish","type":"page","link":"https:\/\/bierger.remich.lu\/fr\/ville-de-remich\/schulwesen\/ezeiungs-a-familjeberodung-asbl\/","title":{"rendered":"AFP-Solidarit\u00e9-Famille asbl"},"content":{"rendered":"<p align=\"LEFT\">Depuis septembre 2016 l&rsquo;AFP-Solidarit\u00e9-Famille asbl\u00a0a \u00e9galement une antenne \u00e0 Remich.<\/p>\n<p align=\"LEFT\">Parfois, le d\u00e9veloppement des enfants ou des adolescents, ainsi que les relations familiales ou des \u00e9v\u00e8nements pesants, peuvent constituer un d\u00e9fi important, face auquel un soutien venant de l&rsquo;ext\u00e9rieur peut s&rsquo;av\u00e9rer comme une grande aide.<\/p>\n<p align=\"LEFT\">Le soutien \u00e0 travers des consultations \u00e9duco-familiales, des consultations de couple ou de la famille ainsi que le soutien et le suivi th\u00e9rapeutique d&rsquo;enfants, d&rsquo;adolescents et de familles par notre \u00e9quipe, constitu\u00e9e de p\u00e9dagogues, psychologues et psychoth\u00e9rapeutes, font partie de l&rsquo;axe centrale de notre offre \u00e0 Luxembourg-Ville ainsi qu&rsquo;\u00e0 Ettelbruck.<\/p>\n<p align=\"LEFT\">Dans notre travail avec les enfants, les adolescents et les familles, nous abordons les th\u00e8mes suivants\u00a0:<\/p>\n<ul>\n<li>Liens, interaction parents-enfants, interactions sociales<\/li>\n<li>T\u00e2ches et transitions de d\u00e9veloppement<\/li>\n<li>D\u00e9veloppement de strat\u00e9gies de r\u00e9solution de probl\u00e8mes<\/li>\n<li>D\u00e9tresse \u00e9motionnelle<\/li>\n<li>D\u00e9tachement et autonomisation<\/li>\n<li>Gestion d\u2019agressions, de probl\u00e8mes scolaires, d\u2019accidents, de traumatismes v\u00e9cus, de troubles de l\u2019alimentation, de troubles du sommeil et de probl\u00e8mes de comportement sexuel<\/li>\n<li>S\u00e9paration\/divorce<\/li>\n<\/ul>\n<p>L\u2019offre de consultations et suivis th\u00e9rapeutiques est compl\u00e9t\u00e9e par :<\/p>\n<p><strong>Ateliers de groupe et\u00a0 formations<\/strong><\/p>\n<ul>\n<li>Licensed Supervising Marte Meo Institute\u00a0; formation disponible dans tous les niveaux<\/li>\n<li>Formation et m\u00e9diation de babysitter<\/li>\n<li>\u00ab Kinder aus der Klemme \u00bb &#8211; Un programme pour les familles se trouvant dans des conflits de s\u00e9paration hautement conflictuels afin de leur permettre d&rsquo;agir en fonction de l&rsquo;enfant<\/li>\n<li>\u00ab D\u2019Nuetseil \u00bb &#8211; Groupe th\u00e9rapeutique pour enfants rencontrant des difficult\u00e9s \u00e0 dormir<\/li>\n<li>Groupe pour parents \u00abVersteesdemech \u00bb au moyen de Marte Meo<\/li>\n<li>Groupe pour familles \u00ab Musikalisch und k\u00fcnstlerisch in Bindung \u00bb &#8211; \u00c0 l&rsquo;aide de la musique et de processus artistiques, donner aux parents des id\u00e9es pour entrer en relation avec leurs enfants<\/li>\n<li>Gestion du stress pour les parents<\/li>\n<\/ul>\n<p><strong>Activit\u00e9s de sensibilisation<br \/>\n<\/strong><\/p>\n<ul>\n<li>Projets avec d\u2019autres institutions telles que des \u00e9coles, des maison relais, des foyers et des universit\u00e9s<\/li>\n<li>Diverses soir\u00e9es th\u00e9matiques et conf\u00e9rences<\/li>\n<\/ul>","protected":false},"excerpt":{"rendered":"<p>Depuis septembre 2016 l&rsquo;AFP-Solidarit\u00e9-Famille asbl\u00a0a \u00e9galement une antenne \u00e0 Remich. Parfois, le d\u00e9veloppement des enfants ou des adolescents, ainsi que les relations familiales ou des \u00e9v\u00e8nements pesants, peuvent constituer un d\u00e9fi important, face auquel un soutien venant de l&rsquo;ext\u00e9rieur peut s&rsquo;av\u00e9rer comme une grande aide. Le soutien \u00e0 travers des consultations \u00e9duco-familiales, des consultations de&#8230;  <a class=\"excerpt-read-more\" href=\"https:\/\/bierger.remich.lu\/fr\/ville-de-remich\/schulwesen\/ezeiungs-a-familjeberodung-asbl\/\" title=\"ReadAFP-Solidarit\u00e9-Famille asbl\">Lire la suite \u00bb<\/a><\/p>\n","protected":false},"author":4,"featured_media":2164,"parent":1852,"menu_order":21,"comment_status":"closed","ping_status":"closed","template":"","meta":{"_acf_changed":false,"xn-wppe-expiration":[],"xn-wppe-expiration-action":[],"xn-wppe-expiration-prefix":[],"footnotes":"","_links_to":"","_links_to_target":""},"class_list":["post-1930","page","type-page","status-publish","has-post-thumbnail","hentry","keyword-gemeinderatssitzung"],"acf":[],"yoast_head":"<!-- This site is optimized with the Yoast SEO plugin v26.7 - https:\/\/yoast.com\/wordpress\/plugins\/seo\/ -->\n<title>AFP-Solidarit\u00e9-Famille asbl - Ville de Remich<\/title>\n<meta name=\"robots\" content=\"index, follow, max-snippet:-1, max-image-preview:large, max-video-preview:-1\" \/>\n<link rel=\"canonical\" href=\"https:\/\/bierger.remich.lu\/de\/ville-de-remich\/schulwesen\/ezeiungs-a-familjeberodung-asbl\/\" \/>\n<meta property=\"og:locale\" content=\"fr_FR\" \/>\n<meta property=\"og:type\" content=\"article\" \/>\n<meta property=\"og:title\" content=\"AFP-Solidarit\u00e9-Famille asbl - Ville de Remich\" \/>\n<meta property=\"og:description\" content=\"Depuis septembre 2016 l&rsquo;AFP-Solidarit\u00e9-Famille asbl\u00a0a \u00e9galement une antenne \u00e0 Remich. Parfois, le d\u00e9veloppement des enfants ou des adolescents, ainsi que les relations familiales ou des \u00e9v\u00e8nements pesants, peuvent constituer un d\u00e9fi important, face auquel un soutien venant de l&rsquo;ext\u00e9rieur peut s&rsquo;av\u00e9rer comme une grande aide. Le soutien \u00e0 travers des consultations \u00e9duco-familiales, des consultations de... Lire la suite \u00bb\" \/>\n<meta property=\"og:url\" content=\"https:\/\/bierger.remich.lu\/de\/ville-de-remich\/schulwesen\/ezeiungs-a-familjeberodung-asbl\/\" \/>\n<meta property=\"og:site_name\" content=\"Ville de Remich\" \/>\n<meta property=\"article:modified_time\" content=\"2024-10-03T07:37:08+00:00\" \/>\n<meta property=\"og:image\" content=\"https:\/\/bierger.remich.lu\/wp-content\/uploads\/sites\/3\/2017\/09\/liv-bruce-361674-1024x683.jpg\" \/>\n\t<meta property=\"og:image:width\" content=\"1024\" \/>\n\t<meta property=\"og:image:height\" content=\"683\" \/>\n\t<meta property=\"og:image:type\" content=\"image\/jpeg\" \/>\n<meta name=\"twitter:card\" content=\"summary_large_image\" \/>\n<meta name=\"twitter:label1\" content=\"Dur\u00e9e de lecture estim\u00e9e\" \/>\n\t<meta name=\"twitter:data1\" content=\"5 minutes\" \/>\n<script type=\"application\/ld+json\" class=\"yoast-schema-graph\">{\"@context\":\"https:\/\/schema.org\",\"@graph\":[{\"@type\":\"WebPage\",\"@id\":\"https:\/\/bierger.remich.lu\/de\/ville-de-remich\/schulwesen\/ezeiungs-a-familjeberodung-asbl\/\",\"url\":\"https:\/\/bierger.remich.lu\/de\/ville-de-remich\/schulwesen\/ezeiungs-a-familjeberodung-asbl\/\",\"name\":\"AFP-Solidarit\u00e9-Famille asbl - Ville de Remich\",\"isPartOf\":{\"@id\":\"https:\/\/bierger.remich.lu\/de\/#website\"},\"primaryImageOfPage\":{\"@id\":\"https:\/\/bierger.remich.lu\/de\/ville-de-remich\/schulwesen\/ezeiungs-a-familjeberodung-asbl\/#primaryimage\"},\"image\":{\"@id\":\"https:\/\/bierger.remich.lu\/de\/ville-de-remich\/schulwesen\/ezeiungs-a-familjeberodung-asbl\/#primaryimage\"},\"thumbnailUrl\":\"https:\/\/bierger.remich.lu\/wp-content\/uploads\/sites\/3\/2017\/09\/liv-bruce-361674.jpg\",\"datePublished\":\"2017-08-04T09:34:09+00:00\",\"dateModified\":\"2024-10-03T07:37:08+00:00\",\"breadcrumb\":{\"@id\":\"https:\/\/bierger.remich.lu\/de\/ville-de-remich\/schulwesen\/ezeiungs-a-familjeberodung-asbl\/#breadcrumb\"},\"inLanguage\":\"fr-FR\",\"potentialAction\":[{\"@type\":\"ReadAction\",\"target\":[\"https:\/\/bierger.remich.lu\/de\/ville-de-remich\/schulwesen\/ezeiungs-a-familjeberodung-asbl\/\"]}]},{\"@type\":\"ImageObject\",\"inLanguage\":\"fr-FR\",\"@id\":\"https:\/\/bierger.remich.lu\/de\/ville-de-remich\/schulwesen\/ezeiungs-a-familjeberodung-asbl\/#primaryimage\",\"url\":\"https:\/\/bierger.remich.lu\/wp-content\/uploads\/sites\/3\/2017\/09\/liv-bruce-361674.jpg\",\"contentUrl\":\"https:\/\/bierger.remich.lu\/wp-content\/uploads\/sites\/3\/2017\/09\/liv-bruce-361674.jpg\",\"width\":4961,\"height\":3307},{\"@type\":\"BreadcrumbList\",\"@id\":\"https:\/\/bierger.remich.lu\/de\/ville-de-remich\/schulwesen\/ezeiungs-a-familjeberodung-asbl\/#breadcrumb\",\"itemListElement\":[{\"@type\":\"ListItem\",\"position\":1,\"name\":\"Startseite\",\"item\":\"https:\/\/bierger.remich.lu\/de\/\"},{\"@type\":\"ListItem\",\"position\":2,\"name\":\"Stadt Remich\",\"item\":\"https:\/\/bierger.remich.lu\/de\/ville-de-remich\/\"},{\"@type\":\"ListItem\",\"position\":3,\"name\":\"Bildung und Kinder\",\"item\":\"https:\/\/bierger.remich.lu\/de\/ville-de-remich\/schulwesen\/\"},{\"@type\":\"ListItem\",\"position\":4,\"name\":\"Erz\u00e9iongs- a Familljeberodung asbl\"}]},{\"@type\":\"WebSite\",\"@id\":\"https:\/\/bierger.remich.lu\/de\/#website\",\"url\":\"https:\/\/bierger.remich.lu\/de\/\",\"name\":\"Ville de Remich\",\"description\":\"\",\"potentialAction\":[{\"@type\":\"SearchAction\",\"target\":{\"@type\":\"EntryPoint\",\"urlTemplate\":\"https:\/\/bierger.remich.lu\/de\/?s={search_term_string}\"},\"query-input\":{\"@type\":\"PropertyValueSpecification\",\"valueRequired\":true,\"valueName\":\"search_term_string\"}}],\"inLanguage\":\"fr-FR\"}]}<\/script>\n<!-- \/ Yoast SEO plugin. -->","yoast_head_json":{"title":"AFP-Solidarit\u00e9-Famille asbl - Ville de Remich","robots":{"index":"index","follow":"follow","max-snippet":"max-snippet:-1","max-image-preview":"max-image-preview:large","max-video-preview":"max-video-preview:-1"},"canonical":"https:\/\/bierger.remich.lu\/de\/ville-de-remich\/schulwesen\/ezeiungs-a-familjeberodung-asbl\/","og_locale":"fr_FR","og_type":"article","og_title":"AFP-Solidarit\u00e9-Famille asbl - Ville de Remich","og_description":"Depuis septembre 2016 l&rsquo;AFP-Solidarit\u00e9-Famille asbl\u00a0a \u00e9galement une antenne \u00e0 Remich. Parfois, le d\u00e9veloppement des enfants ou des adolescents, ainsi que les relations familiales ou des \u00e9v\u00e8nements pesants, peuvent constituer un d\u00e9fi important, face auquel un soutien venant de l&rsquo;ext\u00e9rieur peut s&rsquo;av\u00e9rer comme une grande aide. Le soutien \u00e0 travers des consultations \u00e9duco-familiales, des consultations de... Lire la suite \u00bb","og_url":"https:\/\/bierger.remich.lu\/de\/ville-de-remich\/schulwesen\/ezeiungs-a-familjeberodung-asbl\/","og_site_name":"Ville de Remich","article_modified_time":"2024-10-03T07:37:08+00:00","og_image":[{"width":1024,"height":683,"url":"https:\/\/bierger.remich.lu\/wp-content\/uploads\/sites\/3\/2017\/09\/liv-bruce-361674-1024x683.jpg","type":"image\/jpeg"}],"twitter_card":"summary_large_image","twitter_misc":{"Dur\u00e9e de lecture estim\u00e9e":"5 minutes"},"schema":{"@context":"https:\/\/schema.org","@graph":[{"@type":"WebPage","@id":"https:\/\/bierger.remich.lu\/de\/ville-de-remich\/schulwesen\/ezeiungs-a-familjeberodung-asbl\/","url":"https:\/\/bierger.remich.lu\/de\/ville-de-remich\/schulwesen\/ezeiungs-a-familjeberodung-asbl\/","name":"AFP-Solidarit\u00e9-Famille asbl - Ville de Remich","isPartOf":{"@id":"https:\/\/bierger.remich.lu\/de\/#website"},"primaryImageOfPage":{"@id":"https:\/\/bierger.remich.lu\/de\/ville-de-remich\/schulwesen\/ezeiungs-a-familjeberodung-asbl\/#primaryimage"},"image":{"@id":"https:\/\/bierger.remich.lu\/de\/ville-de-remich\/schulwesen\/ezeiungs-a-familjeberodung-asbl\/#primaryimage"},"thumbnailUrl":"https:\/\/bierger.remich.lu\/wp-content\/uploads\/sites\/3\/2017\/09\/liv-bruce-361674.jpg","datePublished":"2017-08-04T09:34:09+00:00","dateModified":"2024-10-03T07:37:08+00:00","breadcrumb":{"@id":"https:\/\/bierger.remich.lu\/de\/ville-de-remich\/schulwesen\/ezeiungs-a-familjeberodung-asbl\/#breadcrumb"},"inLanguage":"fr-FR","potentialAction":[{"@type":"ReadAction","target":["https:\/\/bierger.remich.lu\/de\/ville-de-remich\/schulwesen\/ezeiungs-a-familjeberodung-asbl\/"]}]},{"@type":"ImageObject","inLanguage":"fr-FR","@id":"https:\/\/bierger.remich.lu\/de\/ville-de-remich\/schulwesen\/ezeiungs-a-familjeberodung-asbl\/#primaryimage","url":"https:\/\/bierger.remich.lu\/wp-content\/uploads\/sites\/3\/2017\/09\/liv-bruce-361674.jpg","contentUrl":"https:\/\/bierger.remich.lu\/wp-content\/uploads\/sites\/3\/2017\/09\/liv-bruce-361674.jpg","width":4961,"height":3307},{"@type":"BreadcrumbList","@id":"https:\/\/bierger.remich.lu\/de\/ville-de-remich\/schulwesen\/ezeiungs-a-familjeberodung-asbl\/#breadcrumb","itemListElement":[{"@type":"ListItem","position":1,"name":"Startseite","item":"https:\/\/bierger.remich.lu\/de\/"},{"@type":"ListItem","position":2,"name":"Stadt Remich","item":"https:\/\/bierger.remich.lu\/de\/ville-de-remich\/"},{"@type":"ListItem","position":3,"name":"Bildung und Kinder","item":"https:\/\/bierger.remich.lu\/de\/ville-de-remich\/schulwesen\/"},{"@type":"ListItem","position":4,"name":"Erz\u00e9iongs- a Familljeberodung asbl"}]},{"@type":"WebSite","@id":"https:\/\/bierger.remich.lu\/de\/#website","url":"https:\/\/bierger.remich.lu\/de\/","name":"Ville de Remich","description":"","potentialAction":[{"@type":"SearchAction","target":{"@type":"EntryPoint","urlTemplate":"https:\/\/bierger.remich.lu\/de\/?s={search_term_string}"},"query-input":{"@type":"PropertyValueSpecification","valueRequired":true,"valueName":"search_term_string"}}],"inLanguage":"fr-FR"}]}},"_links":{"self":[{"href":"https:\/\/bierger.remich.lu\/fr\/wp-json\/wp\/v2\/pages\/1930","targetHints":{"allow":["GET"]}}],"collection":[{"href":"https:\/\/bierger.remich.lu\/fr\/wp-json\/wp\/v2\/pages"}],"about":[{"href":"https:\/\/bierger.remich.lu\/fr\/wp-json\/wp\/v2\/types\/page"}],"author":[{"embeddable":true,"href":"https:\/\/bierger.remich.lu\/fr\/wp-json\/wp\/v2\/users\/4"}],"replies":[{"embeddable":true,"href":"https:\/\/bierger.remich.lu\/fr\/wp-json\/wp\/v2\/comments?post=1930"}],"version-history":[{"count":11,"href":"https:\/\/bierger.remich.lu\/fr\/wp-json\/wp\/v2\/pages\/1930\/revisions"}],"predecessor-version":[{"id":14898,"href":"https:\/\/bierger.remich.lu\/fr\/wp-json\/wp\/v2\/pages\/1930\/revisions\/14898"}],"up":[{"embeddable":true,"href":"https:\/\/bierger.remich.lu\/fr\/wp-json\/wp\/v2\/pages\/1852"}],"wp:featuredmedia":[{"embeddable":true,"href":"https:\/\/bierger.remich.lu\/fr\/wp-json\/wp\/v2\/media\/2164"}],"wp:attachment":[{"href":"https:\/\/bierger.remich.lu\/fr\/wp-json\/wp\/v2\/media?parent=1930"}],"curies":[{"name":"wp","href":"https:\/\/api.w.org\/{rel}","templated":true}]}}