{"id":1938,"date":"2017-08-04T10:41:14","date_gmt":"2017-08-04T09:41:14","guid":{"rendered":"http:\/\/reimech.lu\/?page_id=1938"},"modified":"2024-07-23T15:09:28","modified_gmt":"2024-07-23T13:09:28","slug":"jumelage","status":"publish","type":"page","link":"https:\/\/bierger.remich.lu\/fr\/ville-de-remich\/jumelage\/","title":{"rendered":"Jumelage"},"content":{"rendered":"Depuis l&rsquo;ann\u00e9e 2003 Remich et Bessan en France ont li\u00e9s leurs villes par le serment de jumelage.<\/p>\n<p>Bessan, une charmante petite ville situ\u00e9e dans le d\u00e9partement de l&rsquo;H\u00e9rault et la r\u00e9gion Languedoc Roussillon avec\u00a0une population de\u00a04600 habitants environ et une superficie de 2765 ha.<\/p>\n<p>La ville est construite au c\u0153ur d\u2019un vignoble mill\u00e9naire et le fleuve H\u00e9rault. On y trouve de nombreux lieux agr\u00e9ables et calmes, propices \u00e0 la d\u00e9tente, mais aussi un patrimoine qui charmera les amateurs d\u2019Histoire, de l\u00e9gendes et de folklore avec notamment l\u2019\u00e2ne, animal tot\u00e9mique qui est au centre des festivit\u00e9s de la Saint Laurent.<\/p>\n<p>D\u00e9couvrez Bessan:<\/p>\n<ul>\n<li><a href=\"https:\/\/fb.watch\/tnvSvIildk\/\">Vid\u00e9o de pr\u00e9sentation de la ville : une ann\u00e9e \u00e0 Bessan<\/a><\/li>\n<li><a href=\"https:\/\/www.youtube.com\/watch?v=a3s8qkPNE2g\">Vid\u00e9o de l\u2019office de tourisme Cap d\u2019Agde M\u00e9diterran\u00e9e\u00a0: on est all\u00e9s \u00e0 Bessan<\/a><\/li>\n<li><a href=\"https:\/\/www.youtube.com\/watch?v=inV4EcI0Pvw\">Vid\u00e9o de la base nautique de la Guinguette<\/a><\/li>\n<li><a href=\"https:\/\/www.youtube.com\/watch?v=O-Hxad93l-8\">Vid\u00e9o de la cave coop\u00e9rative Le Ros\u00e9 de Bessan<\/a><\/li>\n<\/ul>\n<p>De multiples \u00e9changes dans des domaines tel que culture, sport, vie associative ont eu lieu en vue de partager les exp\u00e9riences dans tous les domaines et afin de d\u00e9velopper des liens d&rsquo;amiti\u00e9. N&rsquo;oublions pas non plus les \u00e9changes scolaires qui ont lieu chaque ann\u00e9e, apport pr\u00e9cieux \u00e0 la vie scolaire.<\/p>\n<p>Maintenir des liens permanents entre les municipalit\u00e9s, favoriser les \u00e9changes entre les habitants dans tous les domaines pour d\u00e9velopper une meilleure compr\u00e9hension mutuelle, le sentiment vivant de la fraternit\u00e9 europ\u00e9enne,\u00a0forment les piliers de ce jumelage.<\/p>\n<p>&nbsp;<\/p>\n<p>&nbsp;<\/p>\n<p>&nbsp;","protected":false},"excerpt":{"rendered":"<p>Depuis l&rsquo;ann\u00e9e 2003 Remich et Bessan en France ont li\u00e9s leurs villes par le serment de jumelage. Bessan, une charmante petite ville situ\u00e9e dans le d\u00e9partement de l&rsquo;H\u00e9rault et la r\u00e9gion Languedoc Roussillon avec\u00a0une population de\u00a04600 habitants environ et une superficie de 2765 ha. La ville est construite au c\u0153ur d\u2019un vignoble mill\u00e9naire et le&#8230;  <a class=\"excerpt-read-more\" href=\"https:\/\/bierger.remich.lu\/fr\/ville-de-remich\/jumelage\/\" title=\"ReadJumelage\">Lire la suite \u00bb<\/a><\/p>\n","protected":false},"author":4,"featured_media":2283,"parent":13,"menu_order":41,"comment_status":"closed","ping_status":"closed","template":"","meta":{"_acf_changed":false,"xn-wppe-expiration":[],"xn-wppe-expiration-action":[],"xn-wppe-expiration-prefix":[],"footnotes":"","_links_to":"","_links_to_target":""},"class_list":["post-1938","page","type-page","status-publish","has-post-thumbnail","hentry","keyword-stadtepartnerschaft"],"acf":[],"yoast_head":"<!-- This site is optimized with the Yoast SEO plugin v26.7 - https:\/\/yoast.com\/wordpress\/plugins\/seo\/ -->\n<title>Jumelage - Ville de Remich<\/title>\n<meta name=\"robots\" content=\"index, follow, max-snippet:-1, max-image-preview:large, max-video-preview:-1\" \/>\n<link rel=\"canonical\" href=\"https:\/\/bierger.remich.lu\/de\/ville-de-remich\/jumelage\/\" \/>\n<meta property=\"og:locale\" content=\"fr_FR\" \/>\n<meta property=\"og:type\" content=\"article\" \/>\n<meta property=\"og:title\" content=\"Jumelage - Ville de Remich\" \/>\n<meta property=\"og:description\" content=\"Depuis l&rsquo;ann\u00e9e 2003 Remich et Bessan en France ont li\u00e9s leurs villes par le serment de jumelage. Bessan, une charmante petite ville situ\u00e9e dans le d\u00e9partement de l&rsquo;H\u00e9rault et la r\u00e9gion Languedoc Roussillon avec\u00a0une population de\u00a04600 habitants environ et une superficie de 2765 ha. La ville est construite au c\u0153ur d\u2019un vignoble mill\u00e9naire et le... Lire la suite \u00bb\" \/>\n<meta property=\"og:url\" content=\"https:\/\/bierger.remich.lu\/de\/ville-de-remich\/jumelage\/\" \/>\n<meta property=\"og:site_name\" content=\"Ville de Remich\" \/>\n<meta property=\"article:modified_time\" content=\"2024-07-23T13:09:28+00:00\" \/>\n<meta property=\"og:image\" content=\"https:\/\/bierger.remich.lu\/wp-content\/uploads\/sites\/3\/2017\/08\/IMG_3574.jpg\" \/>\n\t<meta property=\"og:image:width\" content=\"1704\" \/>\n\t<meta property=\"og:image:height\" content=\"2272\" \/>\n\t<meta property=\"og:image:type\" content=\"image\/jpeg\" \/>\n<meta name=\"twitter:card\" content=\"summary_large_image\" \/>\n<meta name=\"twitter:label1\" content=\"Dur\u00e9e de lecture estim\u00e9e\" \/>\n\t<meta name=\"twitter:data1\" content=\"2 minutes\" \/>\n<script type=\"application\/ld+json\" class=\"yoast-schema-graph\">{\"@context\":\"https:\/\/schema.org\",\"@graph\":[{\"@type\":\"WebPage\",\"@id\":\"https:\/\/bierger.remich.lu\/de\/ville-de-remich\/jumelage\/\",\"url\":\"https:\/\/bierger.remich.lu\/de\/ville-de-remich\/jumelage\/\",\"name\":\"Jumelage - Ville de Remich\",\"isPartOf\":{\"@id\":\"https:\/\/bierger.remich.lu\/de\/#website\"},\"primaryImageOfPage\":{\"@id\":\"https:\/\/bierger.remich.lu\/de\/ville-de-remich\/jumelage\/#primaryimage\"},\"image\":{\"@id\":\"https:\/\/bierger.remich.lu\/de\/ville-de-remich\/jumelage\/#primaryimage\"},\"thumbnailUrl\":\"https:\/\/bierger.remich.lu\/wp-content\/uploads\/sites\/3\/2017\/08\/IMG_3574.jpg\",\"datePublished\":\"2017-08-04T09:41:14+00:00\",\"dateModified\":\"2024-07-23T13:09:28+00:00\",\"breadcrumb\":{\"@id\":\"https:\/\/bierger.remich.lu\/de\/ville-de-remich\/jumelage\/#breadcrumb\"},\"inLanguage\":\"fr-FR\",\"potentialAction\":[{\"@type\":\"ReadAction\",\"target\":[\"https:\/\/bierger.remich.lu\/de\/ville-de-remich\/jumelage\/\"]}]},{\"@type\":\"ImageObject\",\"inLanguage\":\"fr-FR\",\"@id\":\"https:\/\/bierger.remich.lu\/de\/ville-de-remich\/jumelage\/#primaryimage\",\"url\":\"https:\/\/bierger.remich.lu\/wp-content\/uploads\/sites\/3\/2017\/08\/IMG_3574.jpg\",\"contentUrl\":\"https:\/\/bierger.remich.lu\/wp-content\/uploads\/sites\/3\/2017\/08\/IMG_3574.jpg\",\"width\":1704,\"height\":2272},{\"@type\":\"BreadcrumbList\",\"@id\":\"https:\/\/bierger.remich.lu\/de\/ville-de-remich\/jumelage\/#breadcrumb\",\"itemListElement\":[{\"@type\":\"ListItem\",\"position\":1,\"name\":\"Startseite\",\"item\":\"https:\/\/bierger.remich.lu\/de\/\"},{\"@type\":\"ListItem\",\"position\":2,\"name\":\"Stadt Remich\",\"item\":\"https:\/\/bierger.remich.lu\/de\/ville-de-remich\/\"},{\"@type\":\"ListItem\",\"position\":3,\"name\":\"St\u00e4dtepartnerschaft\"}]},{\"@type\":\"WebSite\",\"@id\":\"https:\/\/bierger.remich.lu\/de\/#website\",\"url\":\"https:\/\/bierger.remich.lu\/de\/\",\"name\":\"Ville de Remich\",\"description\":\"\",\"potentialAction\":[{\"@type\":\"SearchAction\",\"target\":{\"@type\":\"EntryPoint\",\"urlTemplate\":\"https:\/\/bierger.remich.lu\/de\/?s={search_term_string}\"},\"query-input\":{\"@type\":\"PropertyValueSpecification\",\"valueRequired\":true,\"valueName\":\"search_term_string\"}}],\"inLanguage\":\"fr-FR\"}]}<\/script>\n<!-- \/ Yoast SEO plugin. -->","yoast_head_json":{"title":"Jumelage - Ville de Remich","robots":{"index":"index","follow":"follow","max-snippet":"max-snippet:-1","max-image-preview":"max-image-preview:large","max-video-preview":"max-video-preview:-1"},"canonical":"https:\/\/bierger.remich.lu\/de\/ville-de-remich\/jumelage\/","og_locale":"fr_FR","og_type":"article","og_title":"Jumelage - Ville de Remich","og_description":"Depuis l&rsquo;ann\u00e9e 2003 Remich et Bessan en France ont li\u00e9s leurs villes par le serment de jumelage. Bessan, une charmante petite ville situ\u00e9e dans le d\u00e9partement de l&rsquo;H\u00e9rault et la r\u00e9gion Languedoc Roussillon avec\u00a0une population de\u00a04600 habitants environ et une superficie de 2765 ha. La ville est construite au c\u0153ur d\u2019un vignoble mill\u00e9naire et le... Lire la suite \u00bb","og_url":"https:\/\/bierger.remich.lu\/de\/ville-de-remich\/jumelage\/","og_site_name":"Ville de Remich","article_modified_time":"2024-07-23T13:09:28+00:00","og_image":[{"width":1704,"height":2272,"url":"https:\/\/bierger.remich.lu\/wp-content\/uploads\/sites\/3\/2017\/08\/IMG_3574.jpg","type":"image\/jpeg"}],"twitter_card":"summary_large_image","twitter_misc":{"Dur\u00e9e de lecture estim\u00e9e":"2 minutes"},"schema":{"@context":"https:\/\/schema.org","@graph":[{"@type":"WebPage","@id":"https:\/\/bierger.remich.lu\/de\/ville-de-remich\/jumelage\/","url":"https:\/\/bierger.remich.lu\/de\/ville-de-remich\/jumelage\/","name":"Jumelage - Ville de Remich","isPartOf":{"@id":"https:\/\/bierger.remich.lu\/de\/#website"},"primaryImageOfPage":{"@id":"https:\/\/bierger.remich.lu\/de\/ville-de-remich\/jumelage\/#primaryimage"},"image":{"@id":"https:\/\/bierger.remich.lu\/de\/ville-de-remich\/jumelage\/#primaryimage"},"thumbnailUrl":"https:\/\/bierger.remich.lu\/wp-content\/uploads\/sites\/3\/2017\/08\/IMG_3574.jpg","datePublished":"2017-08-04T09:41:14+00:00","dateModified":"2024-07-23T13:09:28+00:00","breadcrumb":{"@id":"https:\/\/bierger.remich.lu\/de\/ville-de-remich\/jumelage\/#breadcrumb"},"inLanguage":"fr-FR","potentialAction":[{"@type":"ReadAction","target":["https:\/\/bierger.remich.lu\/de\/ville-de-remich\/jumelage\/"]}]},{"@type":"ImageObject","inLanguage":"fr-FR","@id":"https:\/\/bierger.remich.lu\/de\/ville-de-remich\/jumelage\/#primaryimage","url":"https:\/\/bierger.remich.lu\/wp-content\/uploads\/sites\/3\/2017\/08\/IMG_3574.jpg","contentUrl":"https:\/\/bierger.remich.lu\/wp-content\/uploads\/sites\/3\/2017\/08\/IMG_3574.jpg","width":1704,"height":2272},{"@type":"BreadcrumbList","@id":"https:\/\/bierger.remich.lu\/de\/ville-de-remich\/jumelage\/#breadcrumb","itemListElement":[{"@type":"ListItem","position":1,"name":"Startseite","item":"https:\/\/bierger.remich.lu\/de\/"},{"@type":"ListItem","position":2,"name":"Stadt Remich","item":"https:\/\/bierger.remich.lu\/de\/ville-de-remich\/"},{"@type":"ListItem","position":3,"name":"St\u00e4dtepartnerschaft"}]},{"@type":"WebSite","@id":"https:\/\/bierger.remich.lu\/de\/#website","url":"https:\/\/bierger.remich.lu\/de\/","name":"Ville de Remich","description":"","potentialAction":[{"@type":"SearchAction","target":{"@type":"EntryPoint","urlTemplate":"https:\/\/bierger.remich.lu\/de\/?s={search_term_string}"},"query-input":{"@type":"PropertyValueSpecification","valueRequired":true,"valueName":"search_term_string"}}],"inLanguage":"fr-FR"}]}},"_links":{"self":[{"href":"https:\/\/bierger.remich.lu\/fr\/wp-json\/wp\/v2\/pages\/1938","targetHints":{"allow":["GET"]}}],"collection":[{"href":"https:\/\/bierger.remich.lu\/fr\/wp-json\/wp\/v2\/pages"}],"about":[{"href":"https:\/\/bierger.remich.lu\/fr\/wp-json\/wp\/v2\/types\/page"}],"author":[{"embeddable":true,"href":"https:\/\/bierger.remich.lu\/fr\/wp-json\/wp\/v2\/users\/4"}],"replies":[{"embeddable":true,"href":"https:\/\/bierger.remich.lu\/fr\/wp-json\/wp\/v2\/comments?post=1938"}],"version-history":[{"count":15,"href":"https:\/\/bierger.remich.lu\/fr\/wp-json\/wp\/v2\/pages\/1938\/revisions"}],"predecessor-version":[{"id":14623,"href":"https:\/\/bierger.remich.lu\/fr\/wp-json\/wp\/v2\/pages\/1938\/revisions\/14623"}],"up":[{"embeddable":true,"href":"https:\/\/bierger.remich.lu\/fr\/wp-json\/wp\/v2\/pages\/13"}],"wp:featuredmedia":[{"embeddable":true,"href":"https:\/\/bierger.remich.lu\/fr\/wp-json\/wp\/v2\/media\/2283"}],"wp:attachment":[{"href":"https:\/\/bierger.remich.lu\/fr\/wp-json\/wp\/v2\/media?parent=1938"}],"curies":[{"name":"wp","href":"https:\/\/api.w.org\/{rel}","templated":true}]}}