{"id":1972,"date":"2017-08-17T09:47:31","date_gmt":"2017-08-17T08:47:31","guid":{"rendered":"http:\/\/reimech.lu\/?page_id=1972"},"modified":"2025-10-21T16:31:32","modified_gmt":"2025-10-21T14:31:32","slug":"hochwasser-der-mosel","status":"publish","type":"page","link":"https:\/\/bierger.remich.lu\/fr\/ville-de-remich\/hochwasser-der-mosel\/","title":{"rendered":"Crue de la Moselle"},"content":{"rendered":"<h4>Les informations concernant les niveaux d&rsquo;eau de la Moselle sont accessibles sous le num\u00e9ro t\u00e9l\u00e9phonique suivant:<\/h4>\n<ul>\n<li>Linim\u00e8tre Remich :\n<ul>\n<li><span style=\"color: #000000\">Toute l&rsquo;ann\u00e9e : (+352) 26 66 09 18<\/span><\/li>\n<li><span style=\"color: #000000\"><strong>Pendant les \u00e9pisodes de crue<\/strong> : (+352) 90 07 18 26<\/span><\/li>\n<\/ul>\n<\/li>\n<li>Vous trouvez toutes les infos sur le site internet de l&rsquo;<a href=\"https:\/\/www.inondations.lu\/?lang=fr\">Administration de la Gestion de l&rsquo;Eau<\/a>.<\/li>\n<\/ul>\n<h4>Valeurs indicatives en cas de crue \u00e0 Remich:<\/h4>\n<ul>\n<li><span style=\"color: #ff6600\">450 cm | Cote vigilance Remich<\/span><\/li>\n<li>ca 460 cm | D\u00e9but d&rsquo;inondation parking du Port (sous le pont)<\/li>\n<li>495 cm | Croisement Gare Routi\u00e8re<\/li>\n<li>518 cm | Rue du Pont \/ Esplanade<\/li>\n<li>535 cm | Rue de Macher \/ Rue du Camping<\/li>\n<li>550 cm | Rue de l&rsquo;Hospice \/ Rue de Macher<\/li>\n<li>555 cm |Rrue de Macher \/ Rue Neuve<\/li>\n<li>575 cm |Rue de Macher (ancienne pharmacie)<\/li>\n<li>625 cm | Croisement Maatebierg \/ Route de Stadtbredimus<\/li>\n<li>650 cm | 15, place du March\u00e9<\/li>\n<\/ul>\n<img loading=\"lazy\" decoding=\"async\" class=\"alignnone wp-image-7640 size-large\" src=\"http:\/\/bierger.remich.lu\/wp-content\/uploads\/sites\/3\/2021\/07\/Crue-echelle.001-1024x768.jpeg\" alt=\"\" width=\"1024\" height=\"768\" srcset=\"https:\/\/bierger.remich.lu\/wp-content\/uploads\/sites\/3\/2021\/07\/Crue-echelle.001.jpeg 1024w, https:\/\/bierger.remich.lu\/wp-content\/uploads\/sites\/3\/2021\/07\/Crue-echelle.001-300x225.jpeg 300w\" sizes=\"auto, (max-width: 1024px) 100vw, 1024px\" \/>\n<h4><strong>Aux m\u00e9nages situ\u00e9s dans la zone potentiellement inondable :<\/strong><\/h4>\n<ul>\n<li>Des bottes en caoutchouc, voire des cuissardes, devraient faire partie de l\u2019\u00e9quipement de base.<\/li>\n<li>\u00c0 partir d\u2019un certain niveau, un bateau-taxi assure\u00a0le transport des habitants. Le bateau-taxi peut \u00eatre command\u00e9 au 621 888 111 (num\u00e9ro actif uniquement \u00e0 partir d\u2019un certain niveau d\u2019eau) entre 6 et 22 heures. En dehors de ces heures, il faut contacter les services d\u2019urgence au num\u00e9ro 112.<\/li>\n<\/ul>\n<h4>Informations transport public :<\/h4>\n<p>En cas de crue avec route barr\u00e9e de la N10 (croisement place du March\u00e9-route du Vin) les arr\u00eats de la gare routi\u00e8re ne sont pas desservis :<\/p>\n<ul>\n<li>Direction Grevenmacher il faut utiliser l&rsquo;arr\u00eat \u00ab\u00a0Maatebierg\u00a0\u00bb<\/li>\n<li>Direction Luxembourg-Ville ou Schengener Lyc\u00e9e il faut prendre l&rsquo;arr\u00eat \u00ab\u00a0Place Nico Klopp\u00a0\u00bb<\/li>\n<li>Informations sur le transport scolaire de l&rsquo;\u00e9cole fondamentale: veuillez svp consulter le \u00ab\u00a0Schoulbuet\u00a0\u00bb ou renseignez-vous aupr\u00e8s du service scolaire (servicescolaire@remich.lu)<\/li>\n<\/ul>\n<h4><\/h4>","protected":false},"excerpt":{"rendered":"<p>Les informations concernant les niveaux d&rsquo;eau de la Moselle sont accessibles sous le num\u00e9ro t\u00e9l\u00e9phonique suivant: Linim\u00e8tre Remich : Toute l&rsquo;ann\u00e9e : (+352) 26 66 09 18 Pendant les \u00e9pisodes de crue : (+352) 90 07 18 26 Vous trouvez toutes les infos sur le site internet de l&rsquo;Administration de la Gestion de l&rsquo;Eau. Valeurs&#8230;  <a class=\"excerpt-read-more\" href=\"https:\/\/bierger.remich.lu\/fr\/ville-de-remich\/hochwasser-der-mosel\/\" title=\"ReadCrue de la Moselle\">Lire la suite \u00bb<\/a><\/p>\n","protected":false},"author":4,"featured_media":2020,"parent":13,"menu_order":2,"comment_status":"closed","ping_status":"closed","template":"","meta":{"_acf_changed":false,"xn-wppe-expiration":[],"xn-wppe-expiration-action":[],"xn-wppe-expiration-prefix":[],"footnotes":"","_links_to":"","_links_to_target":""},"class_list":["post-1972","page","type-page","status-publish","has-post-thumbnail","hentry","keyword-eau"],"acf":[],"yoast_head":"<!-- This site is optimized with the Yoast SEO plugin v26.7 - https:\/\/yoast.com\/wordpress\/plugins\/seo\/ -->\n<title>Crue de la Moselle - Ville de Remich<\/title>\n<meta name=\"robots\" content=\"index, follow, max-snippet:-1, max-image-preview:large, max-video-preview:-1\" \/>\n<link rel=\"canonical\" href=\"https:\/\/bierger.remich.lu\/ville-de-remich\/hochwasser-der-mosel\/\" \/>\n<meta property=\"og:locale\" content=\"fr_FR\" \/>\n<meta property=\"og:type\" content=\"article\" \/>\n<meta property=\"og:title\" content=\"Crue de la Moselle - Ville de Remich\" \/>\n<meta property=\"og:description\" content=\"Les informations concernant les niveaux d&rsquo;eau de la Moselle sont accessibles sous le num\u00e9ro t\u00e9l\u00e9phonique suivant: Linim\u00e8tre Remich : Toute l&rsquo;ann\u00e9e : (+352) 26 66 09 18 Pendant les \u00e9pisodes de crue : (+352) 90 07 18 26 Vous trouvez toutes les infos sur le site internet de l&rsquo;Administration de la Gestion de l&rsquo;Eau. Valeurs... Lire la suite \u00bb\" \/>\n<meta property=\"og:url\" content=\"https:\/\/bierger.remich.lu\/ville-de-remich\/hochwasser-der-mosel\/\" \/>\n<meta property=\"og:site_name\" content=\"Ville de Remich\" \/>\n<meta property=\"article:modified_time\" content=\"2025-10-21T14:31:32+00:00\" \/>\n<meta property=\"og:image\" content=\"https:\/\/bierger.remich.lu\/wp-content\/uploads\/sites\/3\/2017\/08\/Photo_-6-e1505204289297.jpg\" \/>\n\t<meta property=\"og:image:width\" content=\"2365\" \/>\n\t<meta property=\"og:image:height\" content=\"3766\" \/>\n\t<meta property=\"og:image:type\" content=\"image\/jpeg\" \/>\n<meta name=\"twitter:card\" content=\"summary_large_image\" \/>\n<meta name=\"twitter:label1\" content=\"Dur\u00e9e de lecture estim\u00e9e\" \/>\n\t<meta name=\"twitter:data1\" content=\"5 minutes\" \/>\n<script type=\"application\/ld+json\" class=\"yoast-schema-graph\">{\"@context\":\"https:\/\/schema.org\",\"@graph\":[{\"@type\":\"WebPage\",\"@id\":\"https:\/\/bierger.remich.lu\/ville-de-remich\/hochwasser-der-mosel\/\",\"url\":\"https:\/\/bierger.remich.lu\/ville-de-remich\/hochwasser-der-mosel\/\",\"name\":\"Crue de la Moselle - Ville de Remich\",\"isPartOf\":{\"@id\":\"https:\/\/bierger.remich.lu\/de\/#website\"},\"primaryImageOfPage\":{\"@id\":\"https:\/\/bierger.remich.lu\/ville-de-remich\/hochwasser-der-mosel\/#primaryimage\"},\"image\":{\"@id\":\"https:\/\/bierger.remich.lu\/ville-de-remich\/hochwasser-der-mosel\/#primaryimage\"},\"thumbnailUrl\":\"https:\/\/bierger.remich.lu\/wp-content\/uploads\/sites\/3\/2017\/08\/Photo_-6-e1505204289297.jpg\",\"datePublished\":\"2017-08-17T08:47:31+00:00\",\"dateModified\":\"2025-10-21T14:31:32+00:00\",\"breadcrumb\":{\"@id\":\"https:\/\/bierger.remich.lu\/ville-de-remich\/hochwasser-der-mosel\/#breadcrumb\"},\"inLanguage\":\"fr-FR\",\"potentialAction\":[{\"@type\":\"ReadAction\",\"target\":[\"https:\/\/bierger.remich.lu\/ville-de-remich\/hochwasser-der-mosel\/\"]}]},{\"@type\":\"ImageObject\",\"inLanguage\":\"fr-FR\",\"@id\":\"https:\/\/bierger.remich.lu\/ville-de-remich\/hochwasser-der-mosel\/#primaryimage\",\"url\":\"https:\/\/bierger.remich.lu\/wp-content\/uploads\/sites\/3\/2017\/08\/Photo_-6-e1505204289297.jpg\",\"contentUrl\":\"https:\/\/bierger.remich.lu\/wp-content\/uploads\/sites\/3\/2017\/08\/Photo_-6-e1505204289297.jpg\",\"width\":2365,\"height\":3766},{\"@type\":\"BreadcrumbList\",\"@id\":\"https:\/\/bierger.remich.lu\/ville-de-remich\/hochwasser-der-mosel\/#breadcrumb\",\"itemListElement\":[{\"@type\":\"ListItem\",\"position\":1,\"name\":\"Startseite\",\"item\":\"https:\/\/bierger.remich.lu\/de\/\"},{\"@type\":\"ListItem\",\"position\":2,\"name\":\"Stadt Remich\",\"item\":\"https:\/\/bierger.remich.lu\/de\/ville-de-remich\/\"},{\"@type\":\"ListItem\",\"position\":3,\"name\":\"[:lb]H\u00e9ichwaasser[:fr]Crue de la Moselle[:de]Hochwasser der Mosel[:en]Flooding[:]\"}]},{\"@type\":\"WebSite\",\"@id\":\"https:\/\/bierger.remich.lu\/de\/#website\",\"url\":\"https:\/\/bierger.remich.lu\/de\/\",\"name\":\"Ville de Remich\",\"description\":\"\",\"potentialAction\":[{\"@type\":\"SearchAction\",\"target\":{\"@type\":\"EntryPoint\",\"urlTemplate\":\"https:\/\/bierger.remich.lu\/de\/?s={search_term_string}\"},\"query-input\":{\"@type\":\"PropertyValueSpecification\",\"valueRequired\":true,\"valueName\":\"search_term_string\"}}],\"inLanguage\":\"fr-FR\"}]}<\/script>\n<!-- \/ Yoast SEO plugin. -->","yoast_head_json":{"title":"Crue de la Moselle - Ville de Remich","robots":{"index":"index","follow":"follow","max-snippet":"max-snippet:-1","max-image-preview":"max-image-preview:large","max-video-preview":"max-video-preview:-1"},"canonical":"https:\/\/bierger.remich.lu\/ville-de-remich\/hochwasser-der-mosel\/","og_locale":"fr_FR","og_type":"article","og_title":"Crue de la Moselle - Ville de Remich","og_description":"Les informations concernant les niveaux d&rsquo;eau de la Moselle sont accessibles sous le num\u00e9ro t\u00e9l\u00e9phonique suivant: Linim\u00e8tre Remich : Toute l&rsquo;ann\u00e9e : (+352) 26 66 09 18 Pendant les \u00e9pisodes de crue : (+352) 90 07 18 26 Vous trouvez toutes les infos sur le site internet de l&rsquo;Administration de la Gestion de l&rsquo;Eau. Valeurs... Lire la suite \u00bb","og_url":"https:\/\/bierger.remich.lu\/ville-de-remich\/hochwasser-der-mosel\/","og_site_name":"Ville de Remich","article_modified_time":"2025-10-21T14:31:32+00:00","og_image":[{"width":2365,"height":3766,"url":"https:\/\/bierger.remich.lu\/wp-content\/uploads\/sites\/3\/2017\/08\/Photo_-6-e1505204289297.jpg","type":"image\/jpeg"}],"twitter_card":"summary_large_image","twitter_misc":{"Dur\u00e9e de lecture estim\u00e9e":"5 minutes"},"schema":{"@context":"https:\/\/schema.org","@graph":[{"@type":"WebPage","@id":"https:\/\/bierger.remich.lu\/ville-de-remich\/hochwasser-der-mosel\/","url":"https:\/\/bierger.remich.lu\/ville-de-remich\/hochwasser-der-mosel\/","name":"Crue de la Moselle - Ville de Remich","isPartOf":{"@id":"https:\/\/bierger.remich.lu\/de\/#website"},"primaryImageOfPage":{"@id":"https:\/\/bierger.remich.lu\/ville-de-remich\/hochwasser-der-mosel\/#primaryimage"},"image":{"@id":"https:\/\/bierger.remich.lu\/ville-de-remich\/hochwasser-der-mosel\/#primaryimage"},"thumbnailUrl":"https:\/\/bierger.remich.lu\/wp-content\/uploads\/sites\/3\/2017\/08\/Photo_-6-e1505204289297.jpg","datePublished":"2017-08-17T08:47:31+00:00","dateModified":"2025-10-21T14:31:32+00:00","breadcrumb":{"@id":"https:\/\/bierger.remich.lu\/ville-de-remich\/hochwasser-der-mosel\/#breadcrumb"},"inLanguage":"fr-FR","potentialAction":[{"@type":"ReadAction","target":["https:\/\/bierger.remich.lu\/ville-de-remich\/hochwasser-der-mosel\/"]}]},{"@type":"ImageObject","inLanguage":"fr-FR","@id":"https:\/\/bierger.remich.lu\/ville-de-remich\/hochwasser-der-mosel\/#primaryimage","url":"https:\/\/bierger.remich.lu\/wp-content\/uploads\/sites\/3\/2017\/08\/Photo_-6-e1505204289297.jpg","contentUrl":"https:\/\/bierger.remich.lu\/wp-content\/uploads\/sites\/3\/2017\/08\/Photo_-6-e1505204289297.jpg","width":2365,"height":3766},{"@type":"BreadcrumbList","@id":"https:\/\/bierger.remich.lu\/ville-de-remich\/hochwasser-der-mosel\/#breadcrumb","itemListElement":[{"@type":"ListItem","position":1,"name":"Startseite","item":"https:\/\/bierger.remich.lu\/de\/"},{"@type":"ListItem","position":2,"name":"Stadt Remich","item":"https:\/\/bierger.remich.lu\/de\/ville-de-remich\/"},{"@type":"ListItem","position":3,"name":"[:lb]H\u00e9ichwaasser[:fr]Crue de la Moselle[:de]Hochwasser der Mosel[:en]Flooding[:]"}]},{"@type":"WebSite","@id":"https:\/\/bierger.remich.lu\/de\/#website","url":"https:\/\/bierger.remich.lu\/de\/","name":"Ville de Remich","description":"","potentialAction":[{"@type":"SearchAction","target":{"@type":"EntryPoint","urlTemplate":"https:\/\/bierger.remich.lu\/de\/?s={search_term_string}"},"query-input":{"@type":"PropertyValueSpecification","valueRequired":true,"valueName":"search_term_string"}}],"inLanguage":"fr-FR"}]}},"_links":{"self":[{"href":"https:\/\/bierger.remich.lu\/fr\/wp-json\/wp\/v2\/pages\/1972","targetHints":{"allow":["GET"]}}],"collection":[{"href":"https:\/\/bierger.remich.lu\/fr\/wp-json\/wp\/v2\/pages"}],"about":[{"href":"https:\/\/bierger.remich.lu\/fr\/wp-json\/wp\/v2\/types\/page"}],"author":[{"embeddable":true,"href":"https:\/\/bierger.remich.lu\/fr\/wp-json\/wp\/v2\/users\/4"}],"replies":[{"embeddable":true,"href":"https:\/\/bierger.remich.lu\/fr\/wp-json\/wp\/v2\/comments?post=1972"}],"version-history":[{"count":22,"href":"https:\/\/bierger.remich.lu\/fr\/wp-json\/wp\/v2\/pages\/1972\/revisions"}],"predecessor-version":[{"id":15585,"href":"https:\/\/bierger.remich.lu\/fr\/wp-json\/wp\/v2\/pages\/1972\/revisions\/15585"}],"up":[{"embeddable":true,"href":"https:\/\/bierger.remich.lu\/fr\/wp-json\/wp\/v2\/pages\/13"}],"wp:featuredmedia":[{"embeddable":true,"href":"https:\/\/bierger.remich.lu\/fr\/wp-json\/wp\/v2\/media\/2020"}],"wp:attachment":[{"href":"https:\/\/bierger.remich.lu\/fr\/wp-json\/wp\/v2\/media?parent=1972"}],"curies":[{"name":"wp","href":"https:\/\/api.w.org\/{rel}","templated":true}]}}