{"id":2165,"date":"2017-09-15T14:24:09","date_gmt":"2017-09-15T13:24:09","guid":{"rendered":"http:\/\/reimech.lu\/?page_id=2165"},"modified":"2024-10-02T17:26:15","modified_gmt":"2024-10-02T15:26:15","slug":"musikschule","status":"publish","type":"page","link":"https:\/\/bierger.remich.lu\/fr\/ville-de-remich\/schulwesen\/musikschule\/","title":{"rendered":"\u00c9cole de musique"},"content":{"rendered":"<h1>Regional Museksschoul Munneref<\/h1>\n<p>Depuis la rentr\u00e9e scolaire 2022\/2023 les droits d\u2019inscription g\u00e9n\u00e9raux aux cours de musique de la \u00ab Regional Museksschoul Munneref \u00bb sont fix\u00e9s comme suit :<\/p>\n<ul>\n<li>gratuit\u00e9 de tous cours et niveaux confondus, pour tous les \u00e9l\u00e8ves inf\u00e9rieurs ou \u00e9gales \u00e0 25 ans au 1er septembre pr\u00e9c\u00e9dant l\u2019ann\u00e9e scolaire concern\u00e9e<\/li>\n<li>minerval de 100 \u20ac par ann\u00e9e scolaire et par cours, tous cours et niveaux confondus, pour tous les \u00e9l\u00e8ves \u00e2g\u00e9s de 26 ans ou plus au 1er septembre pr\u00e9c\u00e9dant l\u2019ann\u00e9e scolaire concern\u00e9e<\/li>\n<li>aucun droit d\u2019inscription n\u2019est d\u00fb pour la participation aux formations d\u2019orchestres (ensembles instrumentaux)<\/li>\n<li>apr\u00e8s 3 semaines de cours, les droits d\u2019inscription sont dus dans leur int\u00e9gralit\u00e9 pour toute la p\u00e9riode de facturation, m\u00eame en cas d\u2019abandon pr\u00e9matur\u00e9<\/li>\n<li>les inscriptions aux cours se font en ligne via le site internet officiel de la \u00ab Regional Museksschoul Munneref \u00bb. L\u2019inscription vaut signature.<\/li>\n<\/ul>\n<h1>Regional Museksschoul Sydrall<\/h1>\n<p>Depuis l\u2019ann\u00e9e scolaire 2022\/2023 les taxes d\u2019inscription en mati\u00e8re d\u2019enseignement musical sont fix\u00e9es comme suit :<\/p>\n<p><strong>Article 1 : Droits d\u2019inscription<\/strong><\/p>\n<p><u>Cours collectifs<\/u><\/p>\n<table>\n<tbody>\n<tr>\n<td width=\"349\"><\/td>\n<td width=\"123\">Enfant (\u00e9tudiant)<\/td>\n<td width=\"151\">Adulte<\/td>\n<\/tr>\n<tr>\n<td width=\"349\">\u00c9veil musical<\/td>\n<td width=\"123\">Gratuit<\/td>\n<td width=\"151\">\/<\/td>\n<\/tr>\n<tr>\n<td width=\"349\">Formation musicale (1-4)<\/td>\n<td width=\"123\">Gratuit<\/td>\n<td width=\"151\">100 \u20ac<\/td>\n<\/tr>\n<tr>\n<td width=\"349\">Formation musicale (5-6)<\/td>\n<td width=\"123\">50 \u20ac<\/td>\n<td width=\"151\">100 \u20ac<\/td>\n<\/tr>\n<tr>\n<td width=\"349\">Chant choral<\/td>\n<td width=\"123\">Gratuit<\/td>\n<td width=\"151\">100 \u20ac<\/td>\n<\/tr>\n<tr>\n<td width=\"349\">Musique de chambre<\/td>\n<td width=\"123\">75 \u20ac<\/td>\n<td width=\"151\">100 \u20ac<\/td>\n<\/tr>\n<tr>\n<td width=\"349\">Ensemble instrumental percussion<\/td>\n<td width=\"123\">75 \u20ac<\/td>\n<td width=\"151\">100 \u20ac<\/td>\n<\/tr>\n<tr>\n<td width=\"349\">Ensemble instrumental \/ ensemble instrumental avanc\u00e9<\/td>\n<td width=\"123\">Gratuit<\/td>\n<td width=\"151\">Gratuit<\/td>\n<\/tr>\n<\/tbody>\n<\/table>\n<p><u>Cours individuels<\/u> (instruments, chant classique, chant \u00ab\u00a0musical\u00a0\u00bb)<\/p>\n<table>\n<tbody>\n<tr>\n<td width=\"349\"><\/td>\n<td width=\"123\">Enfant (\u00e9tudiant)<\/td>\n<td width=\"151\">Adulte<\/td>\n<\/tr>\n<tr>\n<td width=\"349\">\u00c9veil instrumental<\/td>\n<td width=\"123\">Gratuit<\/td>\n<td width=\"151\">\/<\/td>\n<\/tr>\n<tr>\n<td width=\"349\">Inf\u00e9rieur (1-2)<\/td>\n<td width=\"123\">Gratuit<\/td>\n<td width=\"151\">100 \u20ac<\/td>\n<\/tr>\n<tr>\n<td width=\"349\">Inf\u00e9rieur (3-4)<\/td>\n<td width=\"123\">75 \u20ac<\/td>\n<td width=\"151\">100 \u20ac<\/td>\n<\/tr>\n<tr>\n<td width=\"349\">Moyen<\/td>\n<td width=\"123\">75 \u20ac<\/td>\n<td width=\"151\">100 \u20ac<\/td>\n<\/tr>\n<tr>\n<td width=\"349\">Formation adulte (initiale, qualifiante)<\/td>\n<td width=\"123\">\/<\/td>\n<td width=\"151\">100 \u20ac<\/td>\n<\/tr>\n<\/tbody>\n<\/table>\n<p><strong>Article 2 :<\/strong><\/p>\n<p>Est \u00e0 consid\u00e9rer comme \u00ab adulte \u00bb toute personne ayant atteint l\u2019\u00e2ge de la majorit\u00e9 au 1<sup>er<\/sup> septembre de l\u2019ann\u00e9e scolaire de r\u00e9f\u00e9rence.<\/p>\n<p><strong>Article 3 :<\/strong><\/p>\n<p>Sont accept\u00e9s :<\/p>\n<ul>\n<li>les non-r\u00e9sidents si eux ou leurs parents disposent d\u2019une carte de membre actif d\u2019une des associations musicales de la Ville de Remich depuis au moins 2 ans ;<\/li>\n<li>les non-r\u00e9sidents s\u2019ils fr\u00e9quentent l\u2019\u00c9cole primaire de la Ville de Remich, si l\u2019organisation scolaire le permet.<\/li>\n<li>les non-r\u00e9sidents d\u00e9j\u00e0 inscrits.<\/li>\n<\/ul>\n<p>D\u2019autres non-r\u00e9sidents sont refus\u00e9s.<\/p>\n<p><strong>Article 4 :<\/strong><\/p>\n<p>Pour toute inscription (payante), un tiers des droits d\u2019inscription d\u00fb devra \u00eatre pay\u00e9, m\u00eame si l\u2019inscrit ne se pr\u00e9sente pas aux cours, respectivement d\u00e9cide d\u2019abandonner au courant du 1<sup>er<\/sup> trimestre qui finit le 31 d\u00e9cembre de l\u2019ann\u00e9e.<\/p>\n<p>Dans le cas d\u2019un abandon apr\u00e8s le 1<sup>er<\/sup> trimestre le droit d\u2019inscription int\u00e9gral est d\u00fb.<\/p>\n<p><strong>Article 5 : Location et r\u00e9paration des instruments.<\/strong><\/p>\n<p>Une redevance de 100 \u20ac pour la mise \u00e0 disposition d\u2019un instrument \u00e0 bois ou \u00e0 vent est \u00e0 payer au d\u00e9but de chaque ann\u00e9e scolaire.<\/p>\n<p>Cette redevance repr\u00e9sente un forfait pour la remise \u00e0 neuf et la r\u00e9paration des instruments (usure normale).<\/p>\n<p><strong>Article 6 :<\/strong><\/p>\n<p>Toute d\u00e9cision concernant les droits d\u2019inscriptions aux cours d\u2019enseignement musical prise ant\u00e9rieurement par le Conseil Communal, est abrog\u00e9e d\u00e8s la mise en vigueur du pr\u00e9sent r\u00e8glement-taxe.","protected":false},"excerpt":{"rendered":"<p>Regional Museksschoul Munneref Depuis la rentr\u00e9e scolaire 2022\/2023 les droits d\u2019inscription g\u00e9n\u00e9raux aux cours de musique de la \u00ab Regional Museksschoul Munneref \u00bb sont fix\u00e9s comme suit : gratuit\u00e9 de tous cours et niveaux confondus, pour tous les \u00e9l\u00e8ves inf\u00e9rieurs ou \u00e9gales \u00e0 25 ans au 1er septembre pr\u00e9c\u00e9dant l\u2019ann\u00e9e scolaire concern\u00e9e minerval de 100&#8230;  <a class=\"excerpt-read-more\" href=\"https:\/\/bierger.remich.lu\/fr\/ville-de-remich\/schulwesen\/musikschule\/\" title=\"Read\u00c9cole de musique\">Lire la suite \u00bb<\/a><\/p>\n","protected":false},"author":4,"featured_media":2168,"parent":1852,"menu_order":18,"comment_status":"closed","ping_status":"closed","template":"","meta":{"_acf_changed":false,"xn-wppe-expiration":[],"xn-wppe-expiration-action":[],"xn-wppe-expiration-prefix":[],"footnotes":"","_links_to":"","_links_to_target":""},"class_list":["post-2165","page","type-page","status-publish","has-post-thumbnail","hentry","keyword-formulare","keyword-einwohner","keyword-tourismus"],"acf":[],"yoast_head":"<!-- This site is optimized with the Yoast SEO plugin v26.7 - https:\/\/yoast.com\/wordpress\/plugins\/seo\/ -->\n<title>\u00c9cole de musique - Ville de Remich<\/title>\n<meta name=\"robots\" content=\"index, follow, max-snippet:-1, max-image-preview:large, max-video-preview:-1\" \/>\n<link rel=\"canonical\" href=\"https:\/\/bierger.remich.lu\/de\/ville-de-remich\/schulwesen\/musikschule\/\" \/>\n<meta property=\"og:locale\" content=\"fr_FR\" \/>\n<meta property=\"og:type\" content=\"article\" \/>\n<meta property=\"og:title\" content=\"\u00c9cole de musique - Ville de Remich\" \/>\n<meta property=\"og:description\" content=\"Regional Museksschoul Munneref Depuis la rentr\u00e9e scolaire 2022\/2023 les droits d\u2019inscription g\u00e9n\u00e9raux aux cours de musique de la \u00ab Regional Museksschoul Munneref \u00bb sont fix\u00e9s comme suit : gratuit\u00e9 de tous cours et niveaux confondus, pour tous les \u00e9l\u00e8ves inf\u00e9rieurs ou \u00e9gales \u00e0 25 ans au 1er septembre pr\u00e9c\u00e9dant l\u2019ann\u00e9e scolaire concern\u00e9e minerval de 100... Lire la suite \u00bb\" \/>\n<meta property=\"og:url\" content=\"https:\/\/bierger.remich.lu\/de\/ville-de-remich\/schulwesen\/musikschule\/\" \/>\n<meta property=\"og:site_name\" content=\"Ville de Remich\" \/>\n<meta property=\"article:modified_time\" content=\"2024-10-02T15:26:15+00:00\" \/>\n<meta property=\"og:image\" content=\"https:\/\/bierger.remich.lu\/wp-content\/uploads\/sites\/3\/2017\/09\/jordan-mixson-372435.jpg\" \/>\n\t<meta property=\"og:image:width\" content=\"1536\" \/>\n\t<meta property=\"og:image:height\" content=\"2048\" \/>\n\t<meta property=\"og:image:type\" content=\"image\/jpeg\" \/>\n<meta name=\"twitter:card\" content=\"summary_large_image\" \/>\n<meta name=\"twitter:label1\" content=\"Dur\u00e9e de lecture estim\u00e9e\" \/>\n\t<meta name=\"twitter:data1\" content=\"8 minutes\" \/>\n<script type=\"application\/ld+json\" class=\"yoast-schema-graph\">{\"@context\":\"https:\/\/schema.org\",\"@graph\":[{\"@type\":\"WebPage\",\"@id\":\"https:\/\/bierger.remich.lu\/de\/ville-de-remich\/schulwesen\/musikschule\/\",\"url\":\"https:\/\/bierger.remich.lu\/de\/ville-de-remich\/schulwesen\/musikschule\/\",\"name\":\"\u00c9cole de musique - Ville de Remich\",\"isPartOf\":{\"@id\":\"https:\/\/bierger.remich.lu\/de\/#website\"},\"primaryImageOfPage\":{\"@id\":\"https:\/\/bierger.remich.lu\/de\/ville-de-remich\/schulwesen\/musikschule\/#primaryimage\"},\"image\":{\"@id\":\"https:\/\/bierger.remich.lu\/de\/ville-de-remich\/schulwesen\/musikschule\/#primaryimage\"},\"thumbnailUrl\":\"https:\/\/bierger.remich.lu\/wp-content\/uploads\/sites\/3\/2017\/09\/jordan-mixson-372435.jpg\",\"datePublished\":\"2017-09-15T13:24:09+00:00\",\"dateModified\":\"2024-10-02T15:26:15+00:00\",\"breadcrumb\":{\"@id\":\"https:\/\/bierger.remich.lu\/de\/ville-de-remich\/schulwesen\/musikschule\/#breadcrumb\"},\"inLanguage\":\"fr-FR\",\"potentialAction\":[{\"@type\":\"ReadAction\",\"target\":[\"https:\/\/bierger.remich.lu\/de\/ville-de-remich\/schulwesen\/musikschule\/\"]}]},{\"@type\":\"ImageObject\",\"inLanguage\":\"fr-FR\",\"@id\":\"https:\/\/bierger.remich.lu\/de\/ville-de-remich\/schulwesen\/musikschule\/#primaryimage\",\"url\":\"https:\/\/bierger.remich.lu\/wp-content\/uploads\/sites\/3\/2017\/09\/jordan-mixson-372435.jpg\",\"contentUrl\":\"https:\/\/bierger.remich.lu\/wp-content\/uploads\/sites\/3\/2017\/09\/jordan-mixson-372435.jpg\",\"width\":1536,\"height\":2048},{\"@type\":\"BreadcrumbList\",\"@id\":\"https:\/\/bierger.remich.lu\/de\/ville-de-remich\/schulwesen\/musikschule\/#breadcrumb\",\"itemListElement\":[{\"@type\":\"ListItem\",\"position\":1,\"name\":\"Startseite\",\"item\":\"https:\/\/bierger.remich.lu\/de\/\"},{\"@type\":\"ListItem\",\"position\":2,\"name\":\"Stadt Remich\",\"item\":\"https:\/\/bierger.remich.lu\/de\/ville-de-remich\/\"},{\"@type\":\"ListItem\",\"position\":3,\"name\":\"Bildung und Kinder\",\"item\":\"https:\/\/bierger.remich.lu\/de\/ville-de-remich\/schulwesen\/\"},{\"@type\":\"ListItem\",\"position\":4,\"name\":\"Musikschule\"}]},{\"@type\":\"WebSite\",\"@id\":\"https:\/\/bierger.remich.lu\/de\/#website\",\"url\":\"https:\/\/bierger.remich.lu\/de\/\",\"name\":\"Ville de Remich\",\"description\":\"\",\"potentialAction\":[{\"@type\":\"SearchAction\",\"target\":{\"@type\":\"EntryPoint\",\"urlTemplate\":\"https:\/\/bierger.remich.lu\/de\/?s={search_term_string}\"},\"query-input\":{\"@type\":\"PropertyValueSpecification\",\"valueRequired\":true,\"valueName\":\"search_term_string\"}}],\"inLanguage\":\"fr-FR\"}]}<\/script>\n<!-- \/ Yoast SEO plugin. -->","yoast_head_json":{"title":"\u00c9cole de musique - Ville de Remich","robots":{"index":"index","follow":"follow","max-snippet":"max-snippet:-1","max-image-preview":"max-image-preview:large","max-video-preview":"max-video-preview:-1"},"canonical":"https:\/\/bierger.remich.lu\/de\/ville-de-remich\/schulwesen\/musikschule\/","og_locale":"fr_FR","og_type":"article","og_title":"\u00c9cole de musique - Ville de Remich","og_description":"Regional Museksschoul Munneref Depuis la rentr\u00e9e scolaire 2022\/2023 les droits d\u2019inscription g\u00e9n\u00e9raux aux cours de musique de la \u00ab Regional Museksschoul Munneref \u00bb sont fix\u00e9s comme suit : gratuit\u00e9 de tous cours et niveaux confondus, pour tous les \u00e9l\u00e8ves inf\u00e9rieurs ou \u00e9gales \u00e0 25 ans au 1er septembre pr\u00e9c\u00e9dant l\u2019ann\u00e9e scolaire concern\u00e9e minerval de 100... Lire la suite \u00bb","og_url":"https:\/\/bierger.remich.lu\/de\/ville-de-remich\/schulwesen\/musikschule\/","og_site_name":"Ville de Remich","article_modified_time":"2024-10-02T15:26:15+00:00","og_image":[{"width":1536,"height":2048,"url":"https:\/\/bierger.remich.lu\/wp-content\/uploads\/sites\/3\/2017\/09\/jordan-mixson-372435.jpg","type":"image\/jpeg"}],"twitter_card":"summary_large_image","twitter_misc":{"Dur\u00e9e de lecture estim\u00e9e":"8 minutes"},"schema":{"@context":"https:\/\/schema.org","@graph":[{"@type":"WebPage","@id":"https:\/\/bierger.remich.lu\/de\/ville-de-remich\/schulwesen\/musikschule\/","url":"https:\/\/bierger.remich.lu\/de\/ville-de-remich\/schulwesen\/musikschule\/","name":"\u00c9cole de musique - Ville de Remich","isPartOf":{"@id":"https:\/\/bierger.remich.lu\/de\/#website"},"primaryImageOfPage":{"@id":"https:\/\/bierger.remich.lu\/de\/ville-de-remich\/schulwesen\/musikschule\/#primaryimage"},"image":{"@id":"https:\/\/bierger.remich.lu\/de\/ville-de-remich\/schulwesen\/musikschule\/#primaryimage"},"thumbnailUrl":"https:\/\/bierger.remich.lu\/wp-content\/uploads\/sites\/3\/2017\/09\/jordan-mixson-372435.jpg","datePublished":"2017-09-15T13:24:09+00:00","dateModified":"2024-10-02T15:26:15+00:00","breadcrumb":{"@id":"https:\/\/bierger.remich.lu\/de\/ville-de-remich\/schulwesen\/musikschule\/#breadcrumb"},"inLanguage":"fr-FR","potentialAction":[{"@type":"ReadAction","target":["https:\/\/bierger.remich.lu\/de\/ville-de-remich\/schulwesen\/musikschule\/"]}]},{"@type":"ImageObject","inLanguage":"fr-FR","@id":"https:\/\/bierger.remich.lu\/de\/ville-de-remich\/schulwesen\/musikschule\/#primaryimage","url":"https:\/\/bierger.remich.lu\/wp-content\/uploads\/sites\/3\/2017\/09\/jordan-mixson-372435.jpg","contentUrl":"https:\/\/bierger.remich.lu\/wp-content\/uploads\/sites\/3\/2017\/09\/jordan-mixson-372435.jpg","width":1536,"height":2048},{"@type":"BreadcrumbList","@id":"https:\/\/bierger.remich.lu\/de\/ville-de-remich\/schulwesen\/musikschule\/#breadcrumb","itemListElement":[{"@type":"ListItem","position":1,"name":"Startseite","item":"https:\/\/bierger.remich.lu\/de\/"},{"@type":"ListItem","position":2,"name":"Stadt Remich","item":"https:\/\/bierger.remich.lu\/de\/ville-de-remich\/"},{"@type":"ListItem","position":3,"name":"Bildung und Kinder","item":"https:\/\/bierger.remich.lu\/de\/ville-de-remich\/schulwesen\/"},{"@type":"ListItem","position":4,"name":"Musikschule"}]},{"@type":"WebSite","@id":"https:\/\/bierger.remich.lu\/de\/#website","url":"https:\/\/bierger.remich.lu\/de\/","name":"Ville de Remich","description":"","potentialAction":[{"@type":"SearchAction","target":{"@type":"EntryPoint","urlTemplate":"https:\/\/bierger.remich.lu\/de\/?s={search_term_string}"},"query-input":{"@type":"PropertyValueSpecification","valueRequired":true,"valueName":"search_term_string"}}],"inLanguage":"fr-FR"}]}},"_links":{"self":[{"href":"https:\/\/bierger.remich.lu\/fr\/wp-json\/wp\/v2\/pages\/2165","targetHints":{"allow":["GET"]}}],"collection":[{"href":"https:\/\/bierger.remich.lu\/fr\/wp-json\/wp\/v2\/pages"}],"about":[{"href":"https:\/\/bierger.remich.lu\/fr\/wp-json\/wp\/v2\/types\/page"}],"author":[{"embeddable":true,"href":"https:\/\/bierger.remich.lu\/fr\/wp-json\/wp\/v2\/users\/4"}],"replies":[{"embeddable":true,"href":"https:\/\/bierger.remich.lu\/fr\/wp-json\/wp\/v2\/comments?post=2165"}],"version-history":[{"count":25,"href":"https:\/\/bierger.remich.lu\/fr\/wp-json\/wp\/v2\/pages\/2165\/revisions"}],"predecessor-version":[{"id":14888,"href":"https:\/\/bierger.remich.lu\/fr\/wp-json\/wp\/v2\/pages\/2165\/revisions\/14888"}],"up":[{"embeddable":true,"href":"https:\/\/bierger.remich.lu\/fr\/wp-json\/wp\/v2\/pages\/1852"}],"wp:featuredmedia":[{"embeddable":true,"href":"https:\/\/bierger.remich.lu\/fr\/wp-json\/wp\/v2\/media\/2168"}],"wp:attachment":[{"href":"https:\/\/bierger.remich.lu\/fr\/wp-json\/wp\/v2\/media?parent=2165"}],"curies":[{"name":"wp","href":"https:\/\/api.w.org\/{rel}","templated":true}]}}