{"id":2272,"date":"2017-09-22T13:20:23","date_gmt":"2017-09-22T12:20:23","guid":{"rendered":"http:\/\/reimech.lu\/?page_id=2272"},"modified":"2025-04-04T15:07:25","modified_gmt":"2025-04-04T13:07:25","slug":"kindertagesstatte-muselnascht","status":"publish","type":"page","link":"https:\/\/bierger.remich.lu\/fr\/ville-de-remich\/schulwesen\/kindertagesstatte-muselnascht\/","title":{"rendered":"Foyer du jour Muselnascht"},"content":{"rendered":"<img loading=\"lazy\" decoding=\"async\" class=\"alignnone wp-image-16434 \" src=\"https:\/\/bierger.remich.lu\/wp-content\/uploads\/sites\/3\/2025\/04\/Muselnascht_Logo_2-1024x387.jpg\" alt=\"\" width=\"751\" height=\"284\" srcset=\"https:\/\/bierger.remich.lu\/wp-content\/uploads\/sites\/3\/2025\/04\/Muselnascht_Logo_2-1024x387.jpg 1024w, https:\/\/bierger.remich.lu\/wp-content\/uploads\/sites\/3\/2025\/04\/Muselnascht_Logo_2-300x113.jpg 300w\" sizes=\"auto, (max-width: 751px) 100vw, 751px\" \/><\/p>\n<p>Fond\u00e9 en 1993, le foyer de jour MUSELNASCHT est une structure d\u2019accueil qui est conventionn\u00e9e avec le Minist\u00e8re de l\u2019Education nationale, de l\u2019Enfance et de la Jeunesse et g\u00e9r\u00e9e par l\u2019association sans but lucratif Foyer de Jour Muselnascht.<\/p>\n<h2><strong>Horaires<\/strong><\/h2>\n<ul>\n<li>Lundi &#8211; vendredi de 07h00 \u00e0 19h00<\/li>\n<\/ul>\n<h2><strong>Groupes d&rsquo;\u00e2ge<\/strong><\/h2>\n<ul>\n<li>Groupe \u00ab Maisercher \u00bb &#8211; enfants de 2 \u00e0 18 mois<\/li>\n<li>Groupes \u00ab Himmelsd\u00e9iercher \u00bb &#8211; enfants de 18 mois \u00e0 4 ans<\/li>\n<\/ul>\n<h2><strong>Autres information<\/strong>s<\/h2>\n<ul>\n<li>Capacit\u00e9 d&rsquo;accueil: 32 places<\/li>\n<li>Inscriptions: en demi-journ\u00e9e ou en journ\u00e9e compl\u00e8te<\/li>\n<li>Ch\u00e8que-service: profitez d&rsquo;un soutien financier pour la garde de votre enfant, incluant 20 heures gratuites par semaine d\u00e8s l&rsquo;\u00e2ge de 12 mois<\/li>\n<\/ul>\n<h2>Pourquoi choisir le Foyer du Jour Muselnascht ?<\/h2>\n<ol>\n<li><strong>Une localisation id\u00e9ale<\/strong><br \/>\nSitu\u00e9 \u00e0 proximit\u00e9 de la maison de retraite, le foyer b\u00e9n\u00e9ficie d&rsquo;un cadre paisible et stimulant avec un jardin priv\u00e9 et s\u00e9curis\u00e9 pour jouer et explorer, un parc verdoyant pour des promenade et activit\u00e9s en plein air et une aire de jeux s\u00e9curis\u00e9e pour stimuler le d\u00e9veloppement moteur et garantir le divertissement des enfants.<\/li>\n<li><strong>Un engagement local et inclusif<\/strong><br \/>\nLes places sont attribu\u00e9s prioritairement aux enfants r\u00e9sidant \u00e0 Remich et aux enfants issus de milieux socialement d\u00e9favoris\u00e9s afin de leur offrir un acc\u00e8s \u00e9quitable \u00e0 un cadre enrichissant et bienveillant.<\/li>\n<li><strong>Une approche multilingue<br \/>\n<\/strong>L&rsquo;immersion naturelle dans un environnement multilingue permet aux enfants de s&rsquo;initier aux langues d\u00e8s leur plus jeune \u00e2ge.<\/li>\n<li><strong>Une \u00e9quipe qualifi\u00e9e et passionn\u00e9e<\/strong><br \/>\nL&rsquo;\u00e9quipe se compose de professionnels exp\u00e9riment\u00e9s (\u00e9ducateurs gradu\u00e9s et\/ou dipl\u00f4m\u00e9s, infirmiers en p\u00e9diatrie, auxiliaires de vie et aides-\u00e9ducateurs) et accompagne chaque enfant dans son d\u00e9veloppement physique, social, \u00e9motionnel et linguistique avec bienveillance et engagement.<\/li>\n<li><strong>Un cadre bienveillant et enrichissant<br \/>\n<\/strong>Des activit\u00e9s vari\u00e9es (ateliers cr\u00e9atifs, jeux en plein air, d\u00e9couvertes sensorielles, visites et excursions, gymnastique avec les seniors&#8230;.), des moments de repos pour un \u00e9quilibre entre stimulation et d\u00e9tente et une mise particuli\u00e8re sur la partenariat avec les familles par une communication ouverte.<\/li>\n<\/ol>\n<h2><strong>Inscription et contact<\/strong><\/h2>\n<ul>\n<li>Inscription: moyennant le<a href=\"https:\/\/bierger.remich.lu\/wp-content\/uploads\/sites\/3\/2025\/04\/Muselnascht_Formulaire2025_FR.pdf\"> formulaire d&rsquo;inscription<\/a><\/li>\n<li>Contact: T. (+352) 23 69 97 15 | E. muselnascht@remich.lu<\/li>\n<\/ul>","protected":false},"excerpt":{"rendered":"<p>Fond\u00e9 en 1993, le foyer de jour MUSELNASCHT est une structure d\u2019accueil qui est conventionn\u00e9e avec le Minist\u00e8re de l\u2019Education nationale, de l\u2019Enfance et de la Jeunesse et g\u00e9r\u00e9e par l\u2019association sans but lucratif Foyer de Jour Muselnascht. Horaires Lundi &#8211; vendredi de 07h00 \u00e0 19h00 Groupes d&rsquo;\u00e2ge Groupe \u00ab Maisercher \u00bb &#8211; enfants de&#8230;  <a class=\"excerpt-read-more\" href=\"https:\/\/bierger.remich.lu\/fr\/ville-de-remich\/schulwesen\/kindertagesstatte-muselnascht\/\" title=\"ReadFoyer du jour Muselnascht\">Lire la suite \u00bb<\/a><\/p>\n","protected":false},"author":4,"featured_media":2279,"parent":1852,"menu_order":17,"comment_status":"closed","ping_status":"closed","template":"","meta":{"_acf_changed":false,"xn-wppe-expiration":[],"xn-wppe-expiration-action":[],"xn-wppe-expiration-prefix":[],"footnotes":"","_links_to":"","_links_to_target":""},"class_list":["post-2272","page","type-page","status-publish","has-post-thumbnail","hentry","keyword-hein"],"acf":[],"yoast_head":"<!-- This site is optimized with the Yoast SEO plugin v26.7 - https:\/\/yoast.com\/wordpress\/plugins\/seo\/ -->\n<title>Foyer du jour Muselnascht - Ville de Remich<\/title>\n<meta name=\"robots\" content=\"index, follow, max-snippet:-1, max-image-preview:large, max-video-preview:-1\" \/>\n<link rel=\"canonical\" href=\"https:\/\/bierger.remich.lu\/fr\/ville-de-remich\/schulwesen\/kindertagesstatte-muselnascht\/\" \/>\n<meta property=\"og:locale\" content=\"fr_FR\" \/>\n<meta property=\"og:type\" content=\"article\" \/>\n<meta property=\"og:title\" content=\"Foyer du jour Muselnascht - Ville de Remich\" \/>\n<meta property=\"og:description\" content=\"Fond\u00e9 en 1993, le foyer de jour MUSELNASCHT est une structure d\u2019accueil qui est conventionn\u00e9e avec le Minist\u00e8re de l\u2019Education nationale, de l\u2019Enfance et de la Jeunesse et g\u00e9r\u00e9e par l\u2019association sans but lucratif Foyer de Jour Muselnascht. Horaires Lundi &#8211; vendredi de 07h00 \u00e0 19h00 Groupes d&rsquo;\u00e2ge Groupe \u00ab Maisercher \u00bb &#8211; enfants de... Lire la suite \u00bb\" \/>\n<meta property=\"og:url\" content=\"https:\/\/bierger.remich.lu\/fr\/ville-de-remich\/schulwesen\/kindertagesstatte-muselnascht\/\" \/>\n<meta property=\"og:site_name\" content=\"Ville de Remich\" \/>\n<meta property=\"article:modified_time\" content=\"2025-04-04T13:07:25+00:00\" \/>\n<meta property=\"og:image\" content=\"https:\/\/bierger.remich.lu\/wp-content\/uploads\/sites\/3\/2017\/09\/markus-spiske-193031-683x1024.jpg\" \/>\n\t<meta property=\"og:image:width\" content=\"683\" \/>\n\t<meta property=\"og:image:height\" content=\"1024\" \/>\n\t<meta property=\"og:image:type\" content=\"image\/jpeg\" \/>\n<meta name=\"twitter:card\" content=\"summary_large_image\" \/>\n<meta name=\"twitter:label1\" content=\"Dur\u00e9e de lecture estim\u00e9e\" \/>\n\t<meta name=\"twitter:data1\" content=\"7 minutes\" \/>\n<script type=\"application\/ld+json\" class=\"yoast-schema-graph\">{\"@context\":\"https:\/\/schema.org\",\"@graph\":[{\"@type\":\"WebPage\",\"@id\":\"https:\/\/bierger.remich.lu\/fr\/ville-de-remich\/schulwesen\/kindertagesstatte-muselnascht\/\",\"url\":\"https:\/\/bierger.remich.lu\/fr\/ville-de-remich\/schulwesen\/kindertagesstatte-muselnascht\/\",\"name\":\"Foyer du jour Muselnascht - Ville de Remich\",\"isPartOf\":{\"@id\":\"https:\/\/bierger.remich.lu\/de\/#website\"},\"primaryImageOfPage\":{\"@id\":\"https:\/\/bierger.remich.lu\/fr\/ville-de-remich\/schulwesen\/kindertagesstatte-muselnascht\/#primaryimage\"},\"image\":{\"@id\":\"https:\/\/bierger.remich.lu\/fr\/ville-de-remich\/schulwesen\/kindertagesstatte-muselnascht\/#primaryimage\"},\"thumbnailUrl\":\"https:\/\/bierger.remich.lu\/wp-content\/uploads\/sites\/3\/2017\/09\/markus-spiske-193031.jpg\",\"datePublished\":\"2017-09-22T12:20:23+00:00\",\"dateModified\":\"2025-04-04T13:07:25+00:00\",\"breadcrumb\":{\"@id\":\"https:\/\/bierger.remich.lu\/fr\/ville-de-remich\/schulwesen\/kindertagesstatte-muselnascht\/#breadcrumb\"},\"inLanguage\":\"fr-FR\",\"potentialAction\":[{\"@type\":\"ReadAction\",\"target\":[\"https:\/\/bierger.remich.lu\/fr\/ville-de-remich\/schulwesen\/kindertagesstatte-muselnascht\/\"]}]},{\"@type\":\"ImageObject\",\"inLanguage\":\"fr-FR\",\"@id\":\"https:\/\/bierger.remich.lu\/fr\/ville-de-remich\/schulwesen\/kindertagesstatte-muselnascht\/#primaryimage\",\"url\":\"https:\/\/bierger.remich.lu\/wp-content\/uploads\/sites\/3\/2017\/09\/markus-spiske-193031.jpg\",\"contentUrl\":\"https:\/\/bierger.remich.lu\/wp-content\/uploads\/sites\/3\/2017\/09\/markus-spiske-193031.jpg\",\"width\":3840,\"height\":5760},{\"@type\":\"BreadcrumbList\",\"@id\":\"https:\/\/bierger.remich.lu\/fr\/ville-de-remich\/schulwesen\/kindertagesstatte-muselnascht\/#breadcrumb\",\"itemListElement\":[{\"@type\":\"ListItem\",\"position\":1,\"name\":\"Startseite\",\"item\":\"https:\/\/bierger.remich.lu\/de\/\"},{\"@type\":\"ListItem\",\"position\":2,\"name\":\"Stadt Remich\",\"item\":\"https:\/\/bierger.remich.lu\/de\/ville-de-remich\/\"},{\"@type\":\"ListItem\",\"position\":3,\"name\":\"Bildung und Kinder\",\"item\":\"https:\/\/bierger.remich.lu\/de\/ville-de-remich\/schulwesen\/\"},{\"@type\":\"ListItem\",\"position\":4,\"name\":\"Foyer du jour Muselnascht\"}]},{\"@type\":\"WebSite\",\"@id\":\"https:\/\/bierger.remich.lu\/de\/#website\",\"url\":\"https:\/\/bierger.remich.lu\/de\/\",\"name\":\"Ville de Remich\",\"description\":\"\",\"potentialAction\":[{\"@type\":\"SearchAction\",\"target\":{\"@type\":\"EntryPoint\",\"urlTemplate\":\"https:\/\/bierger.remich.lu\/de\/?s={search_term_string}\"},\"query-input\":{\"@type\":\"PropertyValueSpecification\",\"valueRequired\":true,\"valueName\":\"search_term_string\"}}],\"inLanguage\":\"fr-FR\"}]}<\/script>\n<!-- \/ Yoast SEO plugin. -->","yoast_head_json":{"title":"Foyer du jour Muselnascht - Ville de Remich","robots":{"index":"index","follow":"follow","max-snippet":"max-snippet:-1","max-image-preview":"max-image-preview:large","max-video-preview":"max-video-preview:-1"},"canonical":"https:\/\/bierger.remich.lu\/fr\/ville-de-remich\/schulwesen\/kindertagesstatte-muselnascht\/","og_locale":"fr_FR","og_type":"article","og_title":"Foyer du jour Muselnascht - Ville de Remich","og_description":"Fond\u00e9 en 1993, le foyer de jour MUSELNASCHT est une structure d\u2019accueil qui est conventionn\u00e9e avec le Minist\u00e8re de l\u2019Education nationale, de l\u2019Enfance et de la Jeunesse et g\u00e9r\u00e9e par l\u2019association sans but lucratif Foyer de Jour Muselnascht. Horaires Lundi &#8211; vendredi de 07h00 \u00e0 19h00 Groupes d&rsquo;\u00e2ge Groupe \u00ab Maisercher \u00bb &#8211; enfants de... Lire la suite \u00bb","og_url":"https:\/\/bierger.remich.lu\/fr\/ville-de-remich\/schulwesen\/kindertagesstatte-muselnascht\/","og_site_name":"Ville de Remich","article_modified_time":"2025-04-04T13:07:25+00:00","og_image":[{"width":683,"height":1024,"url":"https:\/\/bierger.remich.lu\/wp-content\/uploads\/sites\/3\/2017\/09\/markus-spiske-193031-683x1024.jpg","type":"image\/jpeg"}],"twitter_card":"summary_large_image","twitter_misc":{"Dur\u00e9e de lecture estim\u00e9e":"7 minutes"},"schema":{"@context":"https:\/\/schema.org","@graph":[{"@type":"WebPage","@id":"https:\/\/bierger.remich.lu\/fr\/ville-de-remich\/schulwesen\/kindertagesstatte-muselnascht\/","url":"https:\/\/bierger.remich.lu\/fr\/ville-de-remich\/schulwesen\/kindertagesstatte-muselnascht\/","name":"Foyer du jour Muselnascht - Ville de Remich","isPartOf":{"@id":"https:\/\/bierger.remich.lu\/de\/#website"},"primaryImageOfPage":{"@id":"https:\/\/bierger.remich.lu\/fr\/ville-de-remich\/schulwesen\/kindertagesstatte-muselnascht\/#primaryimage"},"image":{"@id":"https:\/\/bierger.remich.lu\/fr\/ville-de-remich\/schulwesen\/kindertagesstatte-muselnascht\/#primaryimage"},"thumbnailUrl":"https:\/\/bierger.remich.lu\/wp-content\/uploads\/sites\/3\/2017\/09\/markus-spiske-193031.jpg","datePublished":"2017-09-22T12:20:23+00:00","dateModified":"2025-04-04T13:07:25+00:00","breadcrumb":{"@id":"https:\/\/bierger.remich.lu\/fr\/ville-de-remich\/schulwesen\/kindertagesstatte-muselnascht\/#breadcrumb"},"inLanguage":"fr-FR","potentialAction":[{"@type":"ReadAction","target":["https:\/\/bierger.remich.lu\/fr\/ville-de-remich\/schulwesen\/kindertagesstatte-muselnascht\/"]}]},{"@type":"ImageObject","inLanguage":"fr-FR","@id":"https:\/\/bierger.remich.lu\/fr\/ville-de-remich\/schulwesen\/kindertagesstatte-muselnascht\/#primaryimage","url":"https:\/\/bierger.remich.lu\/wp-content\/uploads\/sites\/3\/2017\/09\/markus-spiske-193031.jpg","contentUrl":"https:\/\/bierger.remich.lu\/wp-content\/uploads\/sites\/3\/2017\/09\/markus-spiske-193031.jpg","width":3840,"height":5760},{"@type":"BreadcrumbList","@id":"https:\/\/bierger.remich.lu\/fr\/ville-de-remich\/schulwesen\/kindertagesstatte-muselnascht\/#breadcrumb","itemListElement":[{"@type":"ListItem","position":1,"name":"Startseite","item":"https:\/\/bierger.remich.lu\/de\/"},{"@type":"ListItem","position":2,"name":"Stadt Remich","item":"https:\/\/bierger.remich.lu\/de\/ville-de-remich\/"},{"@type":"ListItem","position":3,"name":"Bildung und Kinder","item":"https:\/\/bierger.remich.lu\/de\/ville-de-remich\/schulwesen\/"},{"@type":"ListItem","position":4,"name":"Foyer du jour Muselnascht"}]},{"@type":"WebSite","@id":"https:\/\/bierger.remich.lu\/de\/#website","url":"https:\/\/bierger.remich.lu\/de\/","name":"Ville de Remich","description":"","potentialAction":[{"@type":"SearchAction","target":{"@type":"EntryPoint","urlTemplate":"https:\/\/bierger.remich.lu\/de\/?s={search_term_string}"},"query-input":{"@type":"PropertyValueSpecification","valueRequired":true,"valueName":"search_term_string"}}],"inLanguage":"fr-FR"}]}},"_links":{"self":[{"href":"https:\/\/bierger.remich.lu\/fr\/wp-json\/wp\/v2\/pages\/2272","targetHints":{"allow":["GET"]}}],"collection":[{"href":"https:\/\/bierger.remich.lu\/fr\/wp-json\/wp\/v2\/pages"}],"about":[{"href":"https:\/\/bierger.remich.lu\/fr\/wp-json\/wp\/v2\/types\/page"}],"author":[{"embeddable":true,"href":"https:\/\/bierger.remich.lu\/fr\/wp-json\/wp\/v2\/users\/4"}],"replies":[{"embeddable":true,"href":"https:\/\/bierger.remich.lu\/fr\/wp-json\/wp\/v2\/comments?post=2272"}],"version-history":[{"count":38,"href":"https:\/\/bierger.remich.lu\/fr\/wp-json\/wp\/v2\/pages\/2272\/revisions"}],"predecessor-version":[{"id":16453,"href":"https:\/\/bierger.remich.lu\/fr\/wp-json\/wp\/v2\/pages\/2272\/revisions\/16453"}],"up":[{"embeddable":true,"href":"https:\/\/bierger.remich.lu\/fr\/wp-json\/wp\/v2\/pages\/1852"}],"wp:featuredmedia":[{"embeddable":true,"href":"https:\/\/bierger.remich.lu\/fr\/wp-json\/wp\/v2\/media\/2279"}],"wp:attachment":[{"href":"https:\/\/bierger.remich.lu\/fr\/wp-json\/wp\/v2\/media?parent=2272"}],"curies":[{"name":"wp","href":"https:\/\/api.w.org\/{rel}","templated":true}]}}