{"id":2348,"date":"2017-09-26T13:42:17","date_gmt":"2017-09-26T12:42:17","guid":{"rendered":"http:\/\/reimech.lu\/?page_id=2348"},"modified":"2023-08-03T09:04:48","modified_gmt":"2023-08-03T07:04:48","slug":"tanzschule-danz-asbl","status":"publish","type":"page","link":"https:\/\/bierger.remich.lu\/fr\/services-au-citoyen\/francais-sports-et-loisirs\/tanzschule-danz-asbl\/","title":{"rendered":"Ecole de danse &#8211; Danz asbl"},"content":{"rendered":"Ballet tous niveaux, contemporain, jazz, hiphop\/break\/house, yamasaki, fitness dance, tap dance, pilates &amp; pilates femmes enceintes, danse de salon, danses de mariages \u2013 Sous la direction de Jean-Guillaume Weis, la DANZSCHOUL Welleschten propose des cours de danse tous publics, tous \u00e2ges, \u00e0 partir de 2-3 ans.<\/p>\n<p><img loading=\"lazy\" decoding=\"async\" class=\"wp-image-2353 alignleft\" src=\"http:\/\/reimech.lu\/wp-content\/uploads\/sites\/3\/2017\/09\/Logo-Danz-asbl-300x164.jpg\" alt=\"Logo Danz asbl\" width=\"234\" height=\"128\" srcset=\"https:\/\/bierger.remich.lu\/wp-content\/uploads\/sites\/3\/2017\/09\/Logo-Danz-asbl-300x164.jpg 300w, https:\/\/bierger.remich.lu\/wp-content\/uploads\/sites\/3\/2017\/09\/Logo-Danz-asbl-1024x559.jpg 1024w, https:\/\/bierger.remich.lu\/wp-content\/uploads\/sites\/3\/2017\/09\/Logo-Danz-asbl.jpg 1429w\" sizes=\"auto, (max-width: 234px) 100vw, 234px\" \/>Danzschoul est un lieu unique qui permet \u00e0 tous de s\u2019\u00e9panouir, de cultiver ou de retrouver la joie de danser. Les professeurs sont des danseurs et enseignants exp\u00e9riment\u00e9s dans la pratique et l\u2019enseignement de la danse.<\/p>\n<p>Deux grands studios parfaitement \u00e9quip\u00e9s en font un lieu o\u00f9 pratiquer la danse est un privil\u00e8ge.<\/p>\n<blockquote><p><em>\u00ab Je souhaite que l\u2019enseignement que nous proposons soit accessible \u00e0 tous et que chacun <\/em><em>y puise un bien-\u00eatre qui l\u2019accompagne dans sa vie \u00bb \u2013 Jean-Guillaume Weis<\/em><\/p><\/blockquote>","protected":false},"excerpt":{"rendered":"<p>Ballet tous niveaux, contemporain, jazz, hiphop\/break\/house, yamasaki, fitness dance, tap dance, pilates &amp; pilates femmes enceintes, danse de salon, danses de mariages \u2013 Sous la direction de Jean-Guillaume Weis, la DANZSCHOUL Welleschten propose des cours de danse tous publics, tous \u00e2ges, \u00e0 partir de 2-3 ans. Danzschoul est un lieu unique qui permet \u00e0 tous&#8230;  <a class=\"excerpt-read-more\" href=\"https:\/\/bierger.remich.lu\/fr\/services-au-citoyen\/francais-sports-et-loisirs\/tanzschule-danz-asbl\/\" title=\"ReadEcole de danse &#8211; Danz asbl\">Lire la suite \u00bb<\/a><\/p>\n","protected":false},"author":4,"featured_media":2368,"parent":72,"menu_order":100,"comment_status":"closed","ping_status":"closed","template":"","meta":{"_acf_changed":false,"xn-wppe-expiration":[],"xn-wppe-expiration-action":[],"xn-wppe-expiration-prefix":[],"footnotes":"","_links_to":"","_links_to_target":""},"class_list":["post-2348","page","type-page","status-publish","has-post-thumbnail","hentry","keyword-einwohner","keyword-zuschuss"],"acf":[],"yoast_head":"<!-- This site is optimized with the Yoast SEO plugin v26.7 - https:\/\/yoast.com\/wordpress\/plugins\/seo\/ -->\n<title>Ecole de danse - Danz asbl - Ville de Remich<\/title>\n<meta name=\"robots\" content=\"index, follow, max-snippet:-1, max-image-preview:large, max-video-preview:-1\" \/>\n<link rel=\"canonical\" href=\"https:\/\/bierger.remich.lu\/de\/services-au-citoyen\/francais-sports-et-loisirs\/tanzschule-danz-asbl\/\" \/>\n<meta property=\"og:locale\" content=\"fr_FR\" \/>\n<meta property=\"og:type\" content=\"article\" \/>\n<meta property=\"og:title\" content=\"Ecole de danse - Danz asbl - Ville de Remich\" \/>\n<meta property=\"og:description\" content=\"Ballet tous niveaux, contemporain, jazz, hiphop\/break\/house, yamasaki, fitness dance, tap dance, pilates &amp; pilates femmes enceintes, danse de salon, danses de mariages \u2013 Sous la direction de Jean-Guillaume Weis, la DANZSCHOUL Welleschten propose des cours de danse tous publics, tous \u00e2ges, \u00e0 partir de 2-3 ans. Danzschoul est un lieu unique qui permet \u00e0 tous... Lire la suite \u00bb\" \/>\n<meta property=\"og:url\" content=\"https:\/\/bierger.remich.lu\/de\/services-au-citoyen\/francais-sports-et-loisirs\/tanzschule-danz-asbl\/\" \/>\n<meta property=\"og:site_name\" content=\"Ville de Remich\" \/>\n<meta property=\"article:modified_time\" content=\"2023-08-03T07:04:48+00:00\" \/>\n<meta property=\"og:image\" content=\"https:\/\/bierger.remich.lu\/wp-content\/uploads\/sites\/3\/2017\/09\/zoom.jpg\" \/>\n\t<meta property=\"og:image:width\" content=\"682\" \/>\n\t<meta property=\"og:image:height\" content=\"1024\" \/>\n\t<meta property=\"og:image:type\" content=\"image\/jpeg\" \/>\n<meta name=\"twitter:card\" content=\"summary_large_image\" \/>\n<meta name=\"twitter:label1\" content=\"Dur\u00e9e de lecture estim\u00e9e\" \/>\n\t<meta name=\"twitter:data1\" content=\"1 minute\" \/>\n<script type=\"application\/ld+json\" class=\"yoast-schema-graph\">{\"@context\":\"https:\/\/schema.org\",\"@graph\":[{\"@type\":\"WebPage\",\"@id\":\"https:\/\/bierger.remich.lu\/de\/services-au-citoyen\/francais-sports-et-loisirs\/tanzschule-danz-asbl\/\",\"url\":\"https:\/\/bierger.remich.lu\/de\/services-au-citoyen\/francais-sports-et-loisirs\/tanzschule-danz-asbl\/\",\"name\":\"Ecole de danse - Danz asbl - Ville de Remich\",\"isPartOf\":{\"@id\":\"https:\/\/bierger.remich.lu\/de\/#website\"},\"primaryImageOfPage\":{\"@id\":\"https:\/\/bierger.remich.lu\/de\/services-au-citoyen\/francais-sports-et-loisirs\/tanzschule-danz-asbl\/#primaryimage\"},\"image\":{\"@id\":\"https:\/\/bierger.remich.lu\/de\/services-au-citoyen\/francais-sports-et-loisirs\/tanzschule-danz-asbl\/#primaryimage\"},\"thumbnailUrl\":\"https:\/\/bierger.remich.lu\/wp-content\/uploads\/sites\/3\/2017\/09\/zoom.jpg\",\"datePublished\":\"2017-09-26T12:42:17+00:00\",\"dateModified\":\"2023-08-03T07:04:48+00:00\",\"breadcrumb\":{\"@id\":\"https:\/\/bierger.remich.lu\/de\/services-au-citoyen\/francais-sports-et-loisirs\/tanzschule-danz-asbl\/#breadcrumb\"},\"inLanguage\":\"fr-FR\",\"potentialAction\":[{\"@type\":\"ReadAction\",\"target\":[\"https:\/\/bierger.remich.lu\/de\/services-au-citoyen\/francais-sports-et-loisirs\/tanzschule-danz-asbl\/\"]}]},{\"@type\":\"ImageObject\",\"inLanguage\":\"fr-FR\",\"@id\":\"https:\/\/bierger.remich.lu\/de\/services-au-citoyen\/francais-sports-et-loisirs\/tanzschule-danz-asbl\/#primaryimage\",\"url\":\"https:\/\/bierger.remich.lu\/wp-content\/uploads\/sites\/3\/2017\/09\/zoom.jpg\",\"contentUrl\":\"https:\/\/bierger.remich.lu\/wp-content\/uploads\/sites\/3\/2017\/09\/zoom.jpg\",\"width\":682,\"height\":1024},{\"@type\":\"BreadcrumbList\",\"@id\":\"https:\/\/bierger.remich.lu\/de\/services-au-citoyen\/francais-sports-et-loisirs\/tanzschule-danz-asbl\/#breadcrumb\",\"itemListElement\":[{\"@type\":\"ListItem\",\"position\":1,\"name\":\"Startseite\",\"item\":\"https:\/\/bierger.remich.lu\/de\/\"},{\"@type\":\"ListItem\",\"position\":2,\"name\":\"B\u00fcrgerdienste\",\"item\":\"https:\/\/bierger.remich.lu\/de\/services-au-citoyen\/\"},{\"@type\":\"ListItem\",\"position\":3,\"name\":\"Sport und Freizeit\",\"item\":\"https:\/\/bierger.remich.lu\/de\/services-au-citoyen\/francais-sports-et-loisirs\/\"},{\"@type\":\"ListItem\",\"position\":4,\"name\":\"Tanzschule &#8211; Danz asbl\"}]},{\"@type\":\"WebSite\",\"@id\":\"https:\/\/bierger.remich.lu\/de\/#website\",\"url\":\"https:\/\/bierger.remich.lu\/de\/\",\"name\":\"Ville de Remich\",\"description\":\"\",\"potentialAction\":[{\"@type\":\"SearchAction\",\"target\":{\"@type\":\"EntryPoint\",\"urlTemplate\":\"https:\/\/bierger.remich.lu\/de\/?s={search_term_string}\"},\"query-input\":{\"@type\":\"PropertyValueSpecification\",\"valueRequired\":true,\"valueName\":\"search_term_string\"}}],\"inLanguage\":\"fr-FR\"}]}<\/script>\n<!-- \/ Yoast SEO plugin. -->","yoast_head_json":{"title":"Ecole de danse - Danz asbl - Ville de Remich","robots":{"index":"index","follow":"follow","max-snippet":"max-snippet:-1","max-image-preview":"max-image-preview:large","max-video-preview":"max-video-preview:-1"},"canonical":"https:\/\/bierger.remich.lu\/de\/services-au-citoyen\/francais-sports-et-loisirs\/tanzschule-danz-asbl\/","og_locale":"fr_FR","og_type":"article","og_title":"Ecole de danse - Danz asbl - Ville de Remich","og_description":"Ballet tous niveaux, contemporain, jazz, hiphop\/break\/house, yamasaki, fitness dance, tap dance, pilates &amp; pilates femmes enceintes, danse de salon, danses de mariages \u2013 Sous la direction de Jean-Guillaume Weis, la DANZSCHOUL Welleschten propose des cours de danse tous publics, tous \u00e2ges, \u00e0 partir de 2-3 ans. Danzschoul est un lieu unique qui permet \u00e0 tous... Lire la suite \u00bb","og_url":"https:\/\/bierger.remich.lu\/de\/services-au-citoyen\/francais-sports-et-loisirs\/tanzschule-danz-asbl\/","og_site_name":"Ville de Remich","article_modified_time":"2023-08-03T07:04:48+00:00","og_image":[{"width":682,"height":1024,"url":"https:\/\/bierger.remich.lu\/wp-content\/uploads\/sites\/3\/2017\/09\/zoom.jpg","type":"image\/jpeg"}],"twitter_card":"summary_large_image","twitter_misc":{"Dur\u00e9e de lecture estim\u00e9e":"1 minute"},"schema":{"@context":"https:\/\/schema.org","@graph":[{"@type":"WebPage","@id":"https:\/\/bierger.remich.lu\/de\/services-au-citoyen\/francais-sports-et-loisirs\/tanzschule-danz-asbl\/","url":"https:\/\/bierger.remich.lu\/de\/services-au-citoyen\/francais-sports-et-loisirs\/tanzschule-danz-asbl\/","name":"Ecole de danse - Danz asbl - Ville de Remich","isPartOf":{"@id":"https:\/\/bierger.remich.lu\/de\/#website"},"primaryImageOfPage":{"@id":"https:\/\/bierger.remich.lu\/de\/services-au-citoyen\/francais-sports-et-loisirs\/tanzschule-danz-asbl\/#primaryimage"},"image":{"@id":"https:\/\/bierger.remich.lu\/de\/services-au-citoyen\/francais-sports-et-loisirs\/tanzschule-danz-asbl\/#primaryimage"},"thumbnailUrl":"https:\/\/bierger.remich.lu\/wp-content\/uploads\/sites\/3\/2017\/09\/zoom.jpg","datePublished":"2017-09-26T12:42:17+00:00","dateModified":"2023-08-03T07:04:48+00:00","breadcrumb":{"@id":"https:\/\/bierger.remich.lu\/de\/services-au-citoyen\/francais-sports-et-loisirs\/tanzschule-danz-asbl\/#breadcrumb"},"inLanguage":"fr-FR","potentialAction":[{"@type":"ReadAction","target":["https:\/\/bierger.remich.lu\/de\/services-au-citoyen\/francais-sports-et-loisirs\/tanzschule-danz-asbl\/"]}]},{"@type":"ImageObject","inLanguage":"fr-FR","@id":"https:\/\/bierger.remich.lu\/de\/services-au-citoyen\/francais-sports-et-loisirs\/tanzschule-danz-asbl\/#primaryimage","url":"https:\/\/bierger.remich.lu\/wp-content\/uploads\/sites\/3\/2017\/09\/zoom.jpg","contentUrl":"https:\/\/bierger.remich.lu\/wp-content\/uploads\/sites\/3\/2017\/09\/zoom.jpg","width":682,"height":1024},{"@type":"BreadcrumbList","@id":"https:\/\/bierger.remich.lu\/de\/services-au-citoyen\/francais-sports-et-loisirs\/tanzschule-danz-asbl\/#breadcrumb","itemListElement":[{"@type":"ListItem","position":1,"name":"Startseite","item":"https:\/\/bierger.remich.lu\/de\/"},{"@type":"ListItem","position":2,"name":"B\u00fcrgerdienste","item":"https:\/\/bierger.remich.lu\/de\/services-au-citoyen\/"},{"@type":"ListItem","position":3,"name":"Sport und Freizeit","item":"https:\/\/bierger.remich.lu\/de\/services-au-citoyen\/francais-sports-et-loisirs\/"},{"@type":"ListItem","position":4,"name":"Tanzschule &#8211; Danz asbl"}]},{"@type":"WebSite","@id":"https:\/\/bierger.remich.lu\/de\/#website","url":"https:\/\/bierger.remich.lu\/de\/","name":"Ville de Remich","description":"","potentialAction":[{"@type":"SearchAction","target":{"@type":"EntryPoint","urlTemplate":"https:\/\/bierger.remich.lu\/de\/?s={search_term_string}"},"query-input":{"@type":"PropertyValueSpecification","valueRequired":true,"valueName":"search_term_string"}}],"inLanguage":"fr-FR"}]}},"_links":{"self":[{"href":"https:\/\/bierger.remich.lu\/fr\/wp-json\/wp\/v2\/pages\/2348","targetHints":{"allow":["GET"]}}],"collection":[{"href":"https:\/\/bierger.remich.lu\/fr\/wp-json\/wp\/v2\/pages"}],"about":[{"href":"https:\/\/bierger.remich.lu\/fr\/wp-json\/wp\/v2\/types\/page"}],"author":[{"embeddable":true,"href":"https:\/\/bierger.remich.lu\/fr\/wp-json\/wp\/v2\/users\/4"}],"replies":[{"embeddable":true,"href":"https:\/\/bierger.remich.lu\/fr\/wp-json\/wp\/v2\/comments?post=2348"}],"version-history":[{"count":18,"href":"https:\/\/bierger.remich.lu\/fr\/wp-json\/wp\/v2\/pages\/2348\/revisions"}],"predecessor-version":[{"id":12745,"href":"https:\/\/bierger.remich.lu\/fr\/wp-json\/wp\/v2\/pages\/2348\/revisions\/12745"}],"up":[{"embeddable":true,"href":"https:\/\/bierger.remich.lu\/fr\/wp-json\/wp\/v2\/pages\/72"}],"wp:featuredmedia":[{"embeddable":true,"href":"https:\/\/bierger.remich.lu\/fr\/wp-json\/wp\/v2\/media\/2368"}],"wp:attachment":[{"href":"https:\/\/bierger.remich.lu\/fr\/wp-json\/wp\/v2\/media?parent=2348"}],"curies":[{"name":"wp","href":"https:\/\/api.w.org\/{rel}","templated":true}]}}