{"id":2403,"date":"2017-09-29T12:01:40","date_gmt":"2017-09-29T10:01:40","guid":{"rendered":"http:\/\/reimech.lu\/?page_id=2403"},"modified":"2017-10-02T15:03:53","modified_gmt":"2017-10-02T13:03:53","slug":"sms-to-citizen","status":"publish","type":"page","link":"https:\/\/bierger.remich.lu\/fr\/services-au-citoyen\/sms-to-citizen\/","title":{"rendered":"SMS to citizen"},"content":{"rendered":"<strong>Service d&rsquo;alerte \u00e0 la population<\/strong><\/p>\n<p>Afin de mieux communiquer les nouvelles importantes, la Ville de Remich, en collaboration avec le Service intercommunal de gestion informatique (SIGI), offre gratuitement le \u00ab\u00a0service d&rsquo;alerte et d&rsquo;information rapide cibl\u00e9e \u00e0 la population\u00a0\u00bb, appel\u00e9 SMS2Citizen.<\/p>\n<p>Gr\u00e2ce \u00e0 ce service nous vous informerons par SMS sur votre\u00a0GSM d\u00e8s qu\u2019un incident ou qu\u2019un danger imminent risque d\u2019affecter notre ville, notamment p.ex. lors d\u2019un incident au niveau local, au niveau de l&rsquo;alimentation en eau potable.<\/p>\n<p>Le service d\u2019alerte ne sert que d\u2019outil d\u2019information suppl\u00e9mentaire \u00e0 c\u00f4t\u00e9 du site internet, des \u00ab\u00a0Raiders\u00a0\u00bb communaux et des bulletins communaux afin de garantir que les personnes concern\u00e9es par un incident soient inform\u00e9es le plus rapidement possible.<\/p>\n<p><a href=\"http:\/\/www.sms2citizen.lu\/\"><strong>Abonnez-vous gratuitement aujourd\u2019hui.<\/strong><\/a><\/p>\n<p>Il suffit de souscrire au service via le site web <a href=\"https:\/\/www.sms2citizen.lu\">https:\/\/www.sms2citizen.lu<\/a> \u00a0en indiquant votre commune, adresse, et num\u00e9ros de vos t\u00e9l\u00e9phones mobiles.","protected":false},"excerpt":{"rendered":"<p>Service d&rsquo;alerte \u00e0 la population Afin de mieux communiquer les nouvelles importantes, la Ville de Remich, en collaboration avec le Service intercommunal de gestion informatique (SIGI), offre gratuitement le \u00ab\u00a0service d&rsquo;alerte et d&rsquo;information rapide cibl\u00e9e \u00e0 la population\u00a0\u00bb, appel\u00e9 SMS2Citizen. Gr\u00e2ce \u00e0 ce service nous vous informerons par SMS sur votre\u00a0GSM d\u00e8s qu\u2019un incident ou&#8230;  <a class=\"excerpt-read-more\" href=\"https:\/\/bierger.remich.lu\/fr\/services-au-citoyen\/sms-to-citizen\/\" title=\"ReadSMS to citizen\">Lire la suite \u00bb<\/a><\/p>\n","protected":false},"author":4,"featured_media":2405,"parent":15,"menu_order":95,"comment_status":"closed","ping_status":"closed","template":"","meta":{"_acf_changed":false,"xn-wppe-expiration":[],"xn-wppe-expiration-action":[],"xn-wppe-expiration-prefix":[],"footnotes":"","_links_to":"","_links_to_target":""},"class_list":["post-2403","page","type-page","status-publish","has-post-thumbnail","hentry","keyword-eau"],"acf":[],"yoast_head":"<!-- This site is optimized with the Yoast SEO plugin v26.7 - https:\/\/yoast.com\/wordpress\/plugins\/seo\/ -->\n<title>SMS to citizen - Ville de Remich<\/title>\n<meta name=\"robots\" content=\"index, follow, max-snippet:-1, max-image-preview:large, max-video-preview:-1\" \/>\n<link rel=\"canonical\" href=\"https:\/\/bierger.remich.lu\/fr\/services-au-citoyen\/sms-to-citizen\/\" \/>\n<meta property=\"og:locale\" content=\"fr_FR\" \/>\n<meta property=\"og:type\" content=\"article\" \/>\n<meta property=\"og:title\" content=\"SMS to citizen - Ville de Remich\" \/>\n<meta property=\"og:description\" content=\"Service d&rsquo;alerte \u00e0 la population Afin de mieux communiquer les nouvelles importantes, la Ville de Remich, en collaboration avec le Service intercommunal de gestion informatique (SIGI), offre gratuitement le \u00ab\u00a0service d&rsquo;alerte et d&rsquo;information rapide cibl\u00e9e \u00e0 la population\u00a0\u00bb, appel\u00e9 SMS2Citizen. Gr\u00e2ce \u00e0 ce service nous vous informerons par SMS sur votre\u00a0GSM d\u00e8s qu\u2019un incident ou... Lire la suite \u00bb\" \/>\n<meta property=\"og:url\" content=\"https:\/\/bierger.remich.lu\/fr\/services-au-citoyen\/sms-to-citizen\/\" \/>\n<meta property=\"og:site_name\" content=\"Ville de Remich\" \/>\n<meta property=\"article:modified_time\" content=\"2017-10-02T13:03:53+00:00\" \/>\n<meta property=\"og:image\" content=\"https:\/\/bierger.remich.lu\/wp-content\/uploads\/sites\/3\/2017\/09\/oliur-rahman-119663.jpg\" \/>\n\t<meta property=\"og:image:width\" content=\"4592\" \/>\n\t<meta property=\"og:image:height\" content=\"3064\" \/>\n\t<meta property=\"og:image:type\" content=\"image\/jpeg\" \/>\n<meta name=\"twitter:card\" content=\"summary_large_image\" \/>\n<meta name=\"twitter:label1\" content=\"Dur\u00e9e de lecture estim\u00e9e\" \/>\n\t<meta name=\"twitter:data1\" content=\"2 minutes\" \/>\n<script type=\"application\/ld+json\" class=\"yoast-schema-graph\">{\"@context\":\"https:\/\/schema.org\",\"@graph\":[{\"@type\":\"WebPage\",\"@id\":\"https:\/\/bierger.remich.lu\/fr\/services-au-citoyen\/sms-to-citizen\/\",\"url\":\"https:\/\/bierger.remich.lu\/fr\/services-au-citoyen\/sms-to-citizen\/\",\"name\":\"SMS to citizen - Ville de Remich\",\"isPartOf\":{\"@id\":\"https:\/\/bierger.remich.lu\/de\/#website\"},\"primaryImageOfPage\":{\"@id\":\"https:\/\/bierger.remich.lu\/fr\/services-au-citoyen\/sms-to-citizen\/#primaryimage\"},\"image\":{\"@id\":\"https:\/\/bierger.remich.lu\/fr\/services-au-citoyen\/sms-to-citizen\/#primaryimage\"},\"thumbnailUrl\":\"https:\/\/bierger.remich.lu\/wp-content\/uploads\/sites\/3\/2017\/09\/oliur-rahman-119663.jpg\",\"datePublished\":\"2017-09-29T10:01:40+00:00\",\"dateModified\":\"2017-10-02T13:03:53+00:00\",\"breadcrumb\":{\"@id\":\"https:\/\/bierger.remich.lu\/fr\/services-au-citoyen\/sms-to-citizen\/#breadcrumb\"},\"inLanguage\":\"fr-FR\",\"potentialAction\":[{\"@type\":\"ReadAction\",\"target\":[\"https:\/\/bierger.remich.lu\/fr\/services-au-citoyen\/sms-to-citizen\/\"]}]},{\"@type\":\"ImageObject\",\"inLanguage\":\"fr-FR\",\"@id\":\"https:\/\/bierger.remich.lu\/fr\/services-au-citoyen\/sms-to-citizen\/#primaryimage\",\"url\":\"https:\/\/bierger.remich.lu\/wp-content\/uploads\/sites\/3\/2017\/09\/oliur-rahman-119663.jpg\",\"contentUrl\":\"https:\/\/bierger.remich.lu\/wp-content\/uploads\/sites\/3\/2017\/09\/oliur-rahman-119663.jpg\",\"width\":4592,\"height\":3064},{\"@type\":\"BreadcrumbList\",\"@id\":\"https:\/\/bierger.remich.lu\/fr\/services-au-citoyen\/sms-to-citizen\/#breadcrumb\",\"itemListElement\":[{\"@type\":\"ListItem\",\"position\":1,\"name\":\"Startseite\",\"item\":\"https:\/\/bierger.remich.lu\/de\/\"},{\"@type\":\"ListItem\",\"position\":2,\"name\":\"B\u00fcrgerdienste\",\"item\":\"https:\/\/bierger.remich.lu\/de\/services-au-citoyen\/\"},{\"@type\":\"ListItem\",\"position\":3,\"name\":\"SMS to citizen\"}]},{\"@type\":\"WebSite\",\"@id\":\"https:\/\/bierger.remich.lu\/de\/#website\",\"url\":\"https:\/\/bierger.remich.lu\/de\/\",\"name\":\"Ville de Remich\",\"description\":\"\",\"potentialAction\":[{\"@type\":\"SearchAction\",\"target\":{\"@type\":\"EntryPoint\",\"urlTemplate\":\"https:\/\/bierger.remich.lu\/de\/?s={search_term_string}\"},\"query-input\":{\"@type\":\"PropertyValueSpecification\",\"valueRequired\":true,\"valueName\":\"search_term_string\"}}],\"inLanguage\":\"fr-FR\"}]}<\/script>\n<!-- \/ Yoast SEO plugin. -->","yoast_head_json":{"title":"SMS to citizen - Ville de Remich","robots":{"index":"index","follow":"follow","max-snippet":"max-snippet:-1","max-image-preview":"max-image-preview:large","max-video-preview":"max-video-preview:-1"},"canonical":"https:\/\/bierger.remich.lu\/fr\/services-au-citoyen\/sms-to-citizen\/","og_locale":"fr_FR","og_type":"article","og_title":"SMS to citizen - Ville de Remich","og_description":"Service d&rsquo;alerte \u00e0 la population Afin de mieux communiquer les nouvelles importantes, la Ville de Remich, en collaboration avec le Service intercommunal de gestion informatique (SIGI), offre gratuitement le \u00ab\u00a0service d&rsquo;alerte et d&rsquo;information rapide cibl\u00e9e \u00e0 la population\u00a0\u00bb, appel\u00e9 SMS2Citizen. Gr\u00e2ce \u00e0 ce service nous vous informerons par SMS sur votre\u00a0GSM d\u00e8s qu\u2019un incident ou... Lire la suite \u00bb","og_url":"https:\/\/bierger.remich.lu\/fr\/services-au-citoyen\/sms-to-citizen\/","og_site_name":"Ville de Remich","article_modified_time":"2017-10-02T13:03:53+00:00","og_image":[{"width":4592,"height":3064,"url":"https:\/\/bierger.remich.lu\/wp-content\/uploads\/sites\/3\/2017\/09\/oliur-rahman-119663.jpg","type":"image\/jpeg"}],"twitter_card":"summary_large_image","twitter_misc":{"Dur\u00e9e de lecture estim\u00e9e":"2 minutes"},"schema":{"@context":"https:\/\/schema.org","@graph":[{"@type":"WebPage","@id":"https:\/\/bierger.remich.lu\/fr\/services-au-citoyen\/sms-to-citizen\/","url":"https:\/\/bierger.remich.lu\/fr\/services-au-citoyen\/sms-to-citizen\/","name":"SMS to citizen - Ville de Remich","isPartOf":{"@id":"https:\/\/bierger.remich.lu\/de\/#website"},"primaryImageOfPage":{"@id":"https:\/\/bierger.remich.lu\/fr\/services-au-citoyen\/sms-to-citizen\/#primaryimage"},"image":{"@id":"https:\/\/bierger.remich.lu\/fr\/services-au-citoyen\/sms-to-citizen\/#primaryimage"},"thumbnailUrl":"https:\/\/bierger.remich.lu\/wp-content\/uploads\/sites\/3\/2017\/09\/oliur-rahman-119663.jpg","datePublished":"2017-09-29T10:01:40+00:00","dateModified":"2017-10-02T13:03:53+00:00","breadcrumb":{"@id":"https:\/\/bierger.remich.lu\/fr\/services-au-citoyen\/sms-to-citizen\/#breadcrumb"},"inLanguage":"fr-FR","potentialAction":[{"@type":"ReadAction","target":["https:\/\/bierger.remich.lu\/fr\/services-au-citoyen\/sms-to-citizen\/"]}]},{"@type":"ImageObject","inLanguage":"fr-FR","@id":"https:\/\/bierger.remich.lu\/fr\/services-au-citoyen\/sms-to-citizen\/#primaryimage","url":"https:\/\/bierger.remich.lu\/wp-content\/uploads\/sites\/3\/2017\/09\/oliur-rahman-119663.jpg","contentUrl":"https:\/\/bierger.remich.lu\/wp-content\/uploads\/sites\/3\/2017\/09\/oliur-rahman-119663.jpg","width":4592,"height":3064},{"@type":"BreadcrumbList","@id":"https:\/\/bierger.remich.lu\/fr\/services-au-citoyen\/sms-to-citizen\/#breadcrumb","itemListElement":[{"@type":"ListItem","position":1,"name":"Startseite","item":"https:\/\/bierger.remich.lu\/de\/"},{"@type":"ListItem","position":2,"name":"B\u00fcrgerdienste","item":"https:\/\/bierger.remich.lu\/de\/services-au-citoyen\/"},{"@type":"ListItem","position":3,"name":"SMS to citizen"}]},{"@type":"WebSite","@id":"https:\/\/bierger.remich.lu\/de\/#website","url":"https:\/\/bierger.remich.lu\/de\/","name":"Ville de Remich","description":"","potentialAction":[{"@type":"SearchAction","target":{"@type":"EntryPoint","urlTemplate":"https:\/\/bierger.remich.lu\/de\/?s={search_term_string}"},"query-input":{"@type":"PropertyValueSpecification","valueRequired":true,"valueName":"search_term_string"}}],"inLanguage":"fr-FR"}]}},"_links":{"self":[{"href":"https:\/\/bierger.remich.lu\/fr\/wp-json\/wp\/v2\/pages\/2403","targetHints":{"allow":["GET"]}}],"collection":[{"href":"https:\/\/bierger.remich.lu\/fr\/wp-json\/wp\/v2\/pages"}],"about":[{"href":"https:\/\/bierger.remich.lu\/fr\/wp-json\/wp\/v2\/types\/page"}],"author":[{"embeddable":true,"href":"https:\/\/bierger.remich.lu\/fr\/wp-json\/wp\/v2\/users\/4"}],"replies":[{"embeddable":true,"href":"https:\/\/bierger.remich.lu\/fr\/wp-json\/wp\/v2\/comments?post=2403"}],"version-history":[{"count":1,"href":"https:\/\/bierger.remich.lu\/fr\/wp-json\/wp\/v2\/pages\/2403\/revisions"}],"predecessor-version":[{"id":2404,"href":"https:\/\/bierger.remich.lu\/fr\/wp-json\/wp\/v2\/pages\/2403\/revisions\/2404"}],"up":[{"embeddable":true,"href":"https:\/\/bierger.remich.lu\/fr\/wp-json\/wp\/v2\/pages\/15"}],"wp:featuredmedia":[{"embeddable":true,"href":"https:\/\/bierger.remich.lu\/fr\/wp-json\/wp\/v2\/media\/2405"}],"wp:attachment":[{"href":"https:\/\/bierger.remich.lu\/fr\/wp-json\/wp\/v2\/media?parent=2403"}],"curies":[{"name":"wp","href":"https:\/\/api.w.org\/{rel}","templated":true}]}}