{"id":2753,"date":"2017-12-12T11:01:56","date_gmt":"2017-12-12T10:01:56","guid":{"rendered":"http:\/\/reimech.lu\/?page_id=2753"},"modified":"2023-07-21T11:02:33","modified_gmt":"2023-07-21T09:02:33","slug":"consultations-pour-nourrissons","status":"publish","type":"page","link":"https:\/\/bierger.remich.lu\/fr\/ville-de-remich\/schulwesen\/consultations-pour-nourrissons\/","title":{"rendered":"Consultations pour nourrissons"},"content":{"rendered":"Ces consultations ont pour mission de promouvoir, de suivre et de pr\u00e9server la sant\u00e9 des enfants de 0 \u00e0 4 ans, mais non de soigner les enfants malades.<\/p>\n<p><strong>Objectifs :<\/strong><\/p>\n<ul>\n<li>accueillir les parents,\u00a0 les \u00e9couter<\/li>\n<li>les comprendre, les informer et conseiller<\/li>\n<\/ul>\n<p><strong>Prestations<\/strong>:<\/p>\n<ul>\n<li>mesurer, peser et examiner les enfants,<\/li>\n<li>donner des informations et prodiguer des conseils individuels de pr\u00e9vention, d\u2019allaitement et alimentation du b\u00e9b\u00e9, de pu\u00e9riculture et plus g\u00e9n\u00e9ralement sur tout ce qui concerne la sant\u00e9, le d\u00e9veloppement harmonieux et le bien-\u00eatre de l&rsquo;enfant.<\/li>\n<li>conseil et accompagnement social par l\u2019AS en cas de besoin<\/li>\n<li>il peut vous orienter, si n\u00e9cessaire, dans vos d\u00e9marches administratives.<\/li>\n<\/ul>\n<p><strong>Accueil et conseils par<\/strong>:<\/p>\n<ul>\n<li>un m\u00e9decin<\/li>\n<li>une infirmi\u00e8re p\u00e9diatrique ou une assistante d\u2019hygi\u00e8ne sociale<\/li>\n<\/ul>","protected":false},"excerpt":{"rendered":"<p>Ces consultations ont pour mission de promouvoir, de suivre et de pr\u00e9server la sant\u00e9 des enfants de 0 \u00e0 4 ans, mais non de soigner les enfants malades. Objectifs : accueillir les parents,\u00a0 les \u00e9couter les comprendre, les informer et conseiller Prestations: mesurer, peser et examiner les enfants, donner des informations et prodiguer des conseils&#8230;  <a class=\"excerpt-read-more\" href=\"https:\/\/bierger.remich.lu\/fr\/ville-de-remich\/schulwesen\/consultations-pour-nourrissons\/\" title=\"ReadConsultations pour nourrissons\">Lire la suite \u00bb<\/a><\/p>\n","protected":false},"author":4,"featured_media":2758,"parent":1852,"menu_order":16,"comment_status":"closed","ping_status":"closed","template":"","meta":{"_acf_changed":false,"xn-wppe-expiration":[],"xn-wppe-expiration-action":[],"xn-wppe-expiration-prefix":[],"footnotes":"","_links_to":"","_links_to_target":""},"class_list":["post-2753","page","type-page","status-publish","has-post-thumbnail","hentry","keyword-kinder","keyword-social"],"acf":[],"yoast_head":"<!-- This site is optimized with the Yoast SEO plugin v26.7 - https:\/\/yoast.com\/wordpress\/plugins\/seo\/ -->\n<title>Consultations pour nourrissons - Ville de Remich<\/title>\n<meta name=\"robots\" content=\"index, follow, max-snippet:-1, max-image-preview:large, max-video-preview:-1\" \/>\n<link rel=\"canonical\" href=\"https:\/\/bierger.remich.lu\/de\/ville-de-remich\/schulwesen\/consultations-pour-nourrissons\/\" \/>\n<meta property=\"og:locale\" content=\"fr_FR\" \/>\n<meta property=\"og:type\" content=\"article\" \/>\n<meta property=\"og:title\" content=\"Consultations pour nourrissons - Ville de Remich\" \/>\n<meta property=\"og:description\" content=\"Ces consultations ont pour mission de promouvoir, de suivre et de pr\u00e9server la sant\u00e9 des enfants de 0 \u00e0 4 ans, mais non de soigner les enfants malades. Objectifs : accueillir les parents,\u00a0 les \u00e9couter les comprendre, les informer et conseiller Prestations: mesurer, peser et examiner les enfants, donner des informations et prodiguer des conseils... Lire la suite \u00bb\" \/>\n<meta property=\"og:url\" content=\"https:\/\/bierger.remich.lu\/de\/ville-de-remich\/schulwesen\/consultations-pour-nourrissons\/\" \/>\n<meta property=\"og:site_name\" content=\"Ville de Remich\" \/>\n<meta property=\"article:modified_time\" content=\"2023-07-21T09:02:33+00:00\" \/>\n<meta property=\"og:image\" content=\"https:\/\/bierger.remich.lu\/wp-content\/uploads\/sites\/3\/2017\/12\/manuel-schinner-349153.jpg\" \/>\n\t<meta property=\"og:image:width\" content=\"6000\" \/>\n\t<meta property=\"og:image:height\" content=\"4000\" \/>\n\t<meta property=\"og:image:type\" content=\"image\/jpeg\" \/>\n<meta name=\"twitter:card\" content=\"summary_large_image\" \/>\n<meta name=\"twitter:label1\" content=\"Dur\u00e9e de lecture estim\u00e9e\" \/>\n\t<meta name=\"twitter:data1\" content=\"2 minutes\" \/>\n<script type=\"application\/ld+json\" class=\"yoast-schema-graph\">{\"@context\":\"https:\/\/schema.org\",\"@graph\":[{\"@type\":\"WebPage\",\"@id\":\"https:\/\/bierger.remich.lu\/de\/ville-de-remich\/schulwesen\/consultations-pour-nourrissons\/\",\"url\":\"https:\/\/bierger.remich.lu\/de\/ville-de-remich\/schulwesen\/consultations-pour-nourrissons\/\",\"name\":\"Consultations pour nourrissons - Ville de Remich\",\"isPartOf\":{\"@id\":\"https:\/\/bierger.remich.lu\/de\/#website\"},\"primaryImageOfPage\":{\"@id\":\"https:\/\/bierger.remich.lu\/de\/ville-de-remich\/schulwesen\/consultations-pour-nourrissons\/#primaryimage\"},\"image\":{\"@id\":\"https:\/\/bierger.remich.lu\/de\/ville-de-remich\/schulwesen\/consultations-pour-nourrissons\/#primaryimage\"},\"thumbnailUrl\":\"https:\/\/bierger.remich.lu\/wp-content\/uploads\/sites\/3\/2017\/12\/manuel-schinner-349153.jpg\",\"datePublished\":\"2017-12-12T10:01:56+00:00\",\"dateModified\":\"2023-07-21T09:02:33+00:00\",\"breadcrumb\":{\"@id\":\"https:\/\/bierger.remich.lu\/de\/ville-de-remich\/schulwesen\/consultations-pour-nourrissons\/#breadcrumb\"},\"inLanguage\":\"fr-FR\",\"potentialAction\":[{\"@type\":\"ReadAction\",\"target\":[\"https:\/\/bierger.remich.lu\/de\/ville-de-remich\/schulwesen\/consultations-pour-nourrissons\/\"]}]},{\"@type\":\"ImageObject\",\"inLanguage\":\"fr-FR\",\"@id\":\"https:\/\/bierger.remich.lu\/de\/ville-de-remich\/schulwesen\/consultations-pour-nourrissons\/#primaryimage\",\"url\":\"https:\/\/bierger.remich.lu\/wp-content\/uploads\/sites\/3\/2017\/12\/manuel-schinner-349153.jpg\",\"contentUrl\":\"https:\/\/bierger.remich.lu\/wp-content\/uploads\/sites\/3\/2017\/12\/manuel-schinner-349153.jpg\",\"width\":6000,\"height\":4000},{\"@type\":\"BreadcrumbList\",\"@id\":\"https:\/\/bierger.remich.lu\/de\/ville-de-remich\/schulwesen\/consultations-pour-nourrissons\/#breadcrumb\",\"itemListElement\":[{\"@type\":\"ListItem\",\"position\":1,\"name\":\"Startseite\",\"item\":\"https:\/\/bierger.remich.lu\/de\/\"},{\"@type\":\"ListItem\",\"position\":2,\"name\":\"Stadt Remich\",\"item\":\"https:\/\/bierger.remich.lu\/de\/ville-de-remich\/\"},{\"@type\":\"ListItem\",\"position\":3,\"name\":\"Bildung und Kinder\",\"item\":\"https:\/\/bierger.remich.lu\/de\/ville-de-remich\/schulwesen\/\"},{\"@type\":\"ListItem\",\"position\":4,\"name\":\"Sprechstunde f\u00fcr S\u00e4uglinge und Kleinkinder\"}]},{\"@type\":\"WebSite\",\"@id\":\"https:\/\/bierger.remich.lu\/de\/#website\",\"url\":\"https:\/\/bierger.remich.lu\/de\/\",\"name\":\"Ville de Remich\",\"description\":\"\",\"potentialAction\":[{\"@type\":\"SearchAction\",\"target\":{\"@type\":\"EntryPoint\",\"urlTemplate\":\"https:\/\/bierger.remich.lu\/de\/?s={search_term_string}\"},\"query-input\":{\"@type\":\"PropertyValueSpecification\",\"valueRequired\":true,\"valueName\":\"search_term_string\"}}],\"inLanguage\":\"fr-FR\"}]}<\/script>\n<!-- \/ Yoast SEO plugin. -->","yoast_head_json":{"title":"Consultations pour nourrissons - Ville de Remich","robots":{"index":"index","follow":"follow","max-snippet":"max-snippet:-1","max-image-preview":"max-image-preview:large","max-video-preview":"max-video-preview:-1"},"canonical":"https:\/\/bierger.remich.lu\/de\/ville-de-remich\/schulwesen\/consultations-pour-nourrissons\/","og_locale":"fr_FR","og_type":"article","og_title":"Consultations pour nourrissons - Ville de Remich","og_description":"Ces consultations ont pour mission de promouvoir, de suivre et de pr\u00e9server la sant\u00e9 des enfants de 0 \u00e0 4 ans, mais non de soigner les enfants malades. Objectifs : accueillir les parents,\u00a0 les \u00e9couter les comprendre, les informer et conseiller Prestations: mesurer, peser et examiner les enfants, donner des informations et prodiguer des conseils... Lire la suite \u00bb","og_url":"https:\/\/bierger.remich.lu\/de\/ville-de-remich\/schulwesen\/consultations-pour-nourrissons\/","og_site_name":"Ville de Remich","article_modified_time":"2023-07-21T09:02:33+00:00","og_image":[{"width":6000,"height":4000,"url":"https:\/\/bierger.remich.lu\/wp-content\/uploads\/sites\/3\/2017\/12\/manuel-schinner-349153.jpg","type":"image\/jpeg"}],"twitter_card":"summary_large_image","twitter_misc":{"Dur\u00e9e de lecture estim\u00e9e":"2 minutes"},"schema":{"@context":"https:\/\/schema.org","@graph":[{"@type":"WebPage","@id":"https:\/\/bierger.remich.lu\/de\/ville-de-remich\/schulwesen\/consultations-pour-nourrissons\/","url":"https:\/\/bierger.remich.lu\/de\/ville-de-remich\/schulwesen\/consultations-pour-nourrissons\/","name":"Consultations pour nourrissons - Ville de Remich","isPartOf":{"@id":"https:\/\/bierger.remich.lu\/de\/#website"},"primaryImageOfPage":{"@id":"https:\/\/bierger.remich.lu\/de\/ville-de-remich\/schulwesen\/consultations-pour-nourrissons\/#primaryimage"},"image":{"@id":"https:\/\/bierger.remich.lu\/de\/ville-de-remich\/schulwesen\/consultations-pour-nourrissons\/#primaryimage"},"thumbnailUrl":"https:\/\/bierger.remich.lu\/wp-content\/uploads\/sites\/3\/2017\/12\/manuel-schinner-349153.jpg","datePublished":"2017-12-12T10:01:56+00:00","dateModified":"2023-07-21T09:02:33+00:00","breadcrumb":{"@id":"https:\/\/bierger.remich.lu\/de\/ville-de-remich\/schulwesen\/consultations-pour-nourrissons\/#breadcrumb"},"inLanguage":"fr-FR","potentialAction":[{"@type":"ReadAction","target":["https:\/\/bierger.remich.lu\/de\/ville-de-remich\/schulwesen\/consultations-pour-nourrissons\/"]}]},{"@type":"ImageObject","inLanguage":"fr-FR","@id":"https:\/\/bierger.remich.lu\/de\/ville-de-remich\/schulwesen\/consultations-pour-nourrissons\/#primaryimage","url":"https:\/\/bierger.remich.lu\/wp-content\/uploads\/sites\/3\/2017\/12\/manuel-schinner-349153.jpg","contentUrl":"https:\/\/bierger.remich.lu\/wp-content\/uploads\/sites\/3\/2017\/12\/manuel-schinner-349153.jpg","width":6000,"height":4000},{"@type":"BreadcrumbList","@id":"https:\/\/bierger.remich.lu\/de\/ville-de-remich\/schulwesen\/consultations-pour-nourrissons\/#breadcrumb","itemListElement":[{"@type":"ListItem","position":1,"name":"Startseite","item":"https:\/\/bierger.remich.lu\/de\/"},{"@type":"ListItem","position":2,"name":"Stadt Remich","item":"https:\/\/bierger.remich.lu\/de\/ville-de-remich\/"},{"@type":"ListItem","position":3,"name":"Bildung und Kinder","item":"https:\/\/bierger.remich.lu\/de\/ville-de-remich\/schulwesen\/"},{"@type":"ListItem","position":4,"name":"Sprechstunde f\u00fcr S\u00e4uglinge und Kleinkinder"}]},{"@type":"WebSite","@id":"https:\/\/bierger.remich.lu\/de\/#website","url":"https:\/\/bierger.remich.lu\/de\/","name":"Ville de Remich","description":"","potentialAction":[{"@type":"SearchAction","target":{"@type":"EntryPoint","urlTemplate":"https:\/\/bierger.remich.lu\/de\/?s={search_term_string}"},"query-input":{"@type":"PropertyValueSpecification","valueRequired":true,"valueName":"search_term_string"}}],"inLanguage":"fr-FR"}]}},"_links":{"self":[{"href":"https:\/\/bierger.remich.lu\/fr\/wp-json\/wp\/v2\/pages\/2753","targetHints":{"allow":["GET"]}}],"collection":[{"href":"https:\/\/bierger.remich.lu\/fr\/wp-json\/wp\/v2\/pages"}],"about":[{"href":"https:\/\/bierger.remich.lu\/fr\/wp-json\/wp\/v2\/types\/page"}],"author":[{"embeddable":true,"href":"https:\/\/bierger.remich.lu\/fr\/wp-json\/wp\/v2\/users\/4"}],"replies":[{"embeddable":true,"href":"https:\/\/bierger.remich.lu\/fr\/wp-json\/wp\/v2\/comments?post=2753"}],"version-history":[{"count":5,"href":"https:\/\/bierger.remich.lu\/fr\/wp-json\/wp\/v2\/pages\/2753\/revisions"}],"predecessor-version":[{"id":12657,"href":"https:\/\/bierger.remich.lu\/fr\/wp-json\/wp\/v2\/pages\/2753\/revisions\/12657"}],"up":[{"embeddable":true,"href":"https:\/\/bierger.remich.lu\/fr\/wp-json\/wp\/v2\/pages\/1852"}],"wp:featuredmedia":[{"embeddable":true,"href":"https:\/\/bierger.remich.lu\/fr\/wp-json\/wp\/v2\/media\/2758"}],"wp:attachment":[{"href":"https:\/\/bierger.remich.lu\/fr\/wp-json\/wp\/v2\/media?parent=2753"}],"curies":[{"name":"wp","href":"https:\/\/api.w.org\/{rel}","templated":true}]}}