{"id":2932,"date":"2018-01-10T14:43:46","date_gmt":"2018-01-10T13:43:46","guid":{"rendered":"http:\/\/reimech.lu\/?page_id=2932"},"modified":"2018-01-11T11:52:24","modified_gmt":"2018-01-11T10:52:24","slug":"help","status":"publish","type":"page","link":"https:\/\/bierger.remich.lu\/fr\/services-au-citoyen\/soziales-und-3-alter\/help\/","title":{"rendered":"HELP"},"content":{"rendered":"\u00ab HELP 24 \u00bb<br \/>\nLe service d\u2019appel \u00ab Help 24 \u00bb qui est disponible 24 heures sur 24 et 365 jours\/an, offre aux personnes \u00e2g\u00e9es, malades et\/ou d\u00e9pendantes une permanence<br \/>\nd\u2019assistance t\u00e9l\u00e9phonique, d\u2019\u00e9coute de la probl\u00e9matique \u00e9voqu\u00e9e et d\u2019apport de suggestions ou de r\u00e9ponses ad\u00e9quates.<\/p>\n<p>Que vous soyez \u00e0 l\u2019int\u00e9rieur de votre domicile, \u00e0 l\u2019ext\u00e9rieur ou en d\u00e9placement, l\u2019\u00e9metteur Help24 vous permet de joindre, \u00e0 tout moment et sur simple pression d\u2019un bouton, l\u2019\u00e9quipe d\u2019assistance et vos proches.<\/p>\n<p>Gr\u00e2ce \u00e0 l\u2019option de g\u00e9olocalisation par satellite, ils pourront conna\u00eetre votre situation g\u00e9ographique exacte.<\/p>\n<p>Sont b\u00e9n\u00e9ficiaires de \u00ab HELP 24 \u00bb, les personnes :<\/p>\n<ul>\n<li>qui habitent sur le territoire de la Ville de Remich et se trouvent de fa\u00e7on temporaire ou permanente en situation d\u2019isolement \u00e0 domicile<\/li>\n<li>qui sont confront\u00e9es \u00e0 une perte d\u2019autonomie physique ou psychique repr\u00e9sentant un risque de s\u00e9curit\u00e9<\/li>\n<\/ul>\n<p>\u00ab HELP 24 \u00bb offre un grand nombre de prestations standards et une gamme de solutions adapt\u00e9es aux demandes et situations des b\u00e9n\u00e9ficiaires. Une liste compl\u00e8te de toutes les prestations standards et compl\u00e9mentaires ainsi que les tarifs relatifs peuvent \u00eatre trouv\u00e9s sur <a href=\"http:\/\/www.help.lu\">www.help.lu<\/a>.<\/p>\n<p>Une convention, conclue entre la Ville de Remich et HELP, permet aux b\u00e9n\u00e9ficiaires du service HELP 24 une prise en charge de 50% des frais mensuels par la Ville de Remich.<\/p>\n<p>Contact : T. 26 70 26 | info@help.lu | www.help.lu","protected":false},"excerpt":{"rendered":"<p>\u00ab HELP 24 \u00bb Le service d\u2019appel \u00ab Help 24 \u00bb qui est disponible 24 heures sur 24 et 365 jours\/an, offre aux personnes \u00e2g\u00e9es, malades et\/ou d\u00e9pendantes une permanence d\u2019assistance t\u00e9l\u00e9phonique, d\u2019\u00e9coute de la probl\u00e9matique \u00e9voqu\u00e9e et d\u2019apport de suggestions ou de r\u00e9ponses ad\u00e9quates. Que vous soyez \u00e0 l\u2019int\u00e9rieur de votre domicile, \u00e0 l\u2019ext\u00e9rieur&#8230;  <a class=\"excerpt-read-more\" href=\"https:\/\/bierger.remich.lu\/fr\/services-au-citoyen\/soziales-und-3-alter\/help\/\" title=\"ReadHELP\">Lire la suite \u00bb<\/a><\/p>\n","protected":false},"author":4,"featured_media":0,"parent":2917,"menu_order":93,"comment_status":"closed","ping_status":"closed","template":"","meta":{"_acf_changed":false,"xn-wppe-expiration":[],"xn-wppe-expiration-action":[],"xn-wppe-expiration-prefix":[],"footnotes":"","_links_to":"","_links_to_target":""},"class_list":["post-2932","page","type-page","status-publish","hentry","keyword-einwohner"],"acf":[],"yoast_head":"<!-- This site is optimized with the Yoast SEO plugin v26.7 - https:\/\/yoast.com\/wordpress\/plugins\/seo\/ -->\n<title>HELP - Ville de Remich<\/title>\n<meta name=\"robots\" content=\"index, follow, max-snippet:-1, max-image-preview:large, max-video-preview:-1\" \/>\n<link rel=\"canonical\" href=\"https:\/\/bierger.remich.lu\/en\/services-au-citoyen\/soziales-und-3-alter\/help\/\" \/>\n<meta property=\"og:locale\" content=\"fr_FR\" \/>\n<meta property=\"og:type\" content=\"article\" \/>\n<meta property=\"og:title\" content=\"HELP - Ville de Remich\" \/>\n<meta property=\"og:description\" content=\"\u00ab HELP 24 \u00bb Le service d\u2019appel \u00ab Help 24 \u00bb qui est disponible 24 heures sur 24 et 365 jours\/an, offre aux personnes \u00e2g\u00e9es, malades et\/ou d\u00e9pendantes une permanence d\u2019assistance t\u00e9l\u00e9phonique, d\u2019\u00e9coute de la probl\u00e9matique \u00e9voqu\u00e9e et d\u2019apport de suggestions ou de r\u00e9ponses ad\u00e9quates. Que vous soyez \u00e0 l\u2019int\u00e9rieur de votre domicile, \u00e0 l\u2019ext\u00e9rieur... Lire la suite \u00bb\" \/>\n<meta property=\"og:url\" content=\"https:\/\/bierger.remich.lu\/en\/services-au-citoyen\/soziales-und-3-alter\/help\/\" \/>\n<meta property=\"og:site_name\" content=\"Ville de Remich\" \/>\n<meta property=\"article:modified_time\" content=\"2018-01-11T10:52:24+00:00\" \/>\n<meta name=\"twitter:card\" content=\"summary_large_image\" \/>\n<meta name=\"twitter:label1\" content=\"Dur\u00e9e de lecture estim\u00e9e\" \/>\n\t<meta name=\"twitter:data1\" content=\"2 minutes\" \/>\n<script type=\"application\/ld+json\" class=\"yoast-schema-graph\">{\"@context\":\"https:\/\/schema.org\",\"@graph\":[{\"@type\":\"WebPage\",\"@id\":\"https:\/\/bierger.remich.lu\/en\/services-au-citoyen\/soziales-und-3-alter\/help\/\",\"url\":\"https:\/\/bierger.remich.lu\/en\/services-au-citoyen\/soziales-und-3-alter\/help\/\",\"name\":\"HELP - Ville de Remich\",\"isPartOf\":{\"@id\":\"https:\/\/bierger.remich.lu\/de\/#website\"},\"datePublished\":\"2018-01-10T13:43:46+00:00\",\"dateModified\":\"2018-01-11T10:52:24+00:00\",\"breadcrumb\":{\"@id\":\"https:\/\/bierger.remich.lu\/en\/services-au-citoyen\/soziales-und-3-alter\/help\/#breadcrumb\"},\"inLanguage\":\"fr-FR\",\"potentialAction\":[{\"@type\":\"ReadAction\",\"target\":[\"https:\/\/bierger.remich.lu\/en\/services-au-citoyen\/soziales-und-3-alter\/help\/\"]}]},{\"@type\":\"BreadcrumbList\",\"@id\":\"https:\/\/bierger.remich.lu\/en\/services-au-citoyen\/soziales-und-3-alter\/help\/#breadcrumb\",\"itemListElement\":[{\"@type\":\"ListItem\",\"position\":1,\"name\":\"Startseite\",\"item\":\"https:\/\/bierger.remich.lu\/de\/\"},{\"@type\":\"ListItem\",\"position\":2,\"name\":\"B\u00fcrgerdienste\",\"item\":\"https:\/\/bierger.remich.lu\/de\/services-au-citoyen\/\"},{\"@type\":\"ListItem\",\"position\":3,\"name\":\"Soziales und 3. Alter\",\"item\":\"https:\/\/bierger.remich.lu\/de\/services-au-citoyen\/soziales-und-3-alter\/\"},{\"@type\":\"ListItem\",\"position\":4,\"name\":\"HELP\"}]},{\"@type\":\"WebSite\",\"@id\":\"https:\/\/bierger.remich.lu\/de\/#website\",\"url\":\"https:\/\/bierger.remich.lu\/de\/\",\"name\":\"Ville de Remich\",\"description\":\"\",\"potentialAction\":[{\"@type\":\"SearchAction\",\"target\":{\"@type\":\"EntryPoint\",\"urlTemplate\":\"https:\/\/bierger.remich.lu\/de\/?s={search_term_string}\"},\"query-input\":{\"@type\":\"PropertyValueSpecification\",\"valueRequired\":true,\"valueName\":\"search_term_string\"}}],\"inLanguage\":\"fr-FR\"}]}<\/script>\n<!-- \/ Yoast SEO plugin. -->","yoast_head_json":{"title":"HELP - Ville de Remich","robots":{"index":"index","follow":"follow","max-snippet":"max-snippet:-1","max-image-preview":"max-image-preview:large","max-video-preview":"max-video-preview:-1"},"canonical":"https:\/\/bierger.remich.lu\/en\/services-au-citoyen\/soziales-und-3-alter\/help\/","og_locale":"fr_FR","og_type":"article","og_title":"HELP - Ville de Remich","og_description":"\u00ab HELP 24 \u00bb Le service d\u2019appel \u00ab Help 24 \u00bb qui est disponible 24 heures sur 24 et 365 jours\/an, offre aux personnes \u00e2g\u00e9es, malades et\/ou d\u00e9pendantes une permanence d\u2019assistance t\u00e9l\u00e9phonique, d\u2019\u00e9coute de la probl\u00e9matique \u00e9voqu\u00e9e et d\u2019apport de suggestions ou de r\u00e9ponses ad\u00e9quates. Que vous soyez \u00e0 l\u2019int\u00e9rieur de votre domicile, \u00e0 l\u2019ext\u00e9rieur... Lire la suite \u00bb","og_url":"https:\/\/bierger.remich.lu\/en\/services-au-citoyen\/soziales-und-3-alter\/help\/","og_site_name":"Ville de Remich","article_modified_time":"2018-01-11T10:52:24+00:00","twitter_card":"summary_large_image","twitter_misc":{"Dur\u00e9e de lecture estim\u00e9e":"2 minutes"},"schema":{"@context":"https:\/\/schema.org","@graph":[{"@type":"WebPage","@id":"https:\/\/bierger.remich.lu\/en\/services-au-citoyen\/soziales-und-3-alter\/help\/","url":"https:\/\/bierger.remich.lu\/en\/services-au-citoyen\/soziales-und-3-alter\/help\/","name":"HELP - Ville de Remich","isPartOf":{"@id":"https:\/\/bierger.remich.lu\/de\/#website"},"datePublished":"2018-01-10T13:43:46+00:00","dateModified":"2018-01-11T10:52:24+00:00","breadcrumb":{"@id":"https:\/\/bierger.remich.lu\/en\/services-au-citoyen\/soziales-und-3-alter\/help\/#breadcrumb"},"inLanguage":"fr-FR","potentialAction":[{"@type":"ReadAction","target":["https:\/\/bierger.remich.lu\/en\/services-au-citoyen\/soziales-und-3-alter\/help\/"]}]},{"@type":"BreadcrumbList","@id":"https:\/\/bierger.remich.lu\/en\/services-au-citoyen\/soziales-und-3-alter\/help\/#breadcrumb","itemListElement":[{"@type":"ListItem","position":1,"name":"Startseite","item":"https:\/\/bierger.remich.lu\/de\/"},{"@type":"ListItem","position":2,"name":"B\u00fcrgerdienste","item":"https:\/\/bierger.remich.lu\/de\/services-au-citoyen\/"},{"@type":"ListItem","position":3,"name":"Soziales und 3. Alter","item":"https:\/\/bierger.remich.lu\/de\/services-au-citoyen\/soziales-und-3-alter\/"},{"@type":"ListItem","position":4,"name":"HELP"}]},{"@type":"WebSite","@id":"https:\/\/bierger.remich.lu\/de\/#website","url":"https:\/\/bierger.remich.lu\/de\/","name":"Ville de Remich","description":"","potentialAction":[{"@type":"SearchAction","target":{"@type":"EntryPoint","urlTemplate":"https:\/\/bierger.remich.lu\/de\/?s={search_term_string}"},"query-input":{"@type":"PropertyValueSpecification","valueRequired":true,"valueName":"search_term_string"}}],"inLanguage":"fr-FR"}]}},"_links":{"self":[{"href":"https:\/\/bierger.remich.lu\/fr\/wp-json\/wp\/v2\/pages\/2932","targetHints":{"allow":["GET"]}}],"collection":[{"href":"https:\/\/bierger.remich.lu\/fr\/wp-json\/wp\/v2\/pages"}],"about":[{"href":"https:\/\/bierger.remich.lu\/fr\/wp-json\/wp\/v2\/types\/page"}],"author":[{"embeddable":true,"href":"https:\/\/bierger.remich.lu\/fr\/wp-json\/wp\/v2\/users\/4"}],"replies":[{"embeddable":true,"href":"https:\/\/bierger.remich.lu\/fr\/wp-json\/wp\/v2\/comments?post=2932"}],"version-history":[{"count":1,"href":"https:\/\/bierger.remich.lu\/fr\/wp-json\/wp\/v2\/pages\/2932\/revisions"}],"predecessor-version":[{"id":2933,"href":"https:\/\/bierger.remich.lu\/fr\/wp-json\/wp\/v2\/pages\/2932\/revisions\/2933"}],"up":[{"embeddable":true,"href":"https:\/\/bierger.remich.lu\/fr\/wp-json\/wp\/v2\/pages\/2917"}],"wp:attachment":[{"href":"https:\/\/bierger.remich.lu\/fr\/wp-json\/wp\/v2\/media?parent=2932"}],"curies":[{"name":"wp","href":"https:\/\/api.w.org\/{rel}","templated":true}]}}