{"id":2936,"date":"2018-01-10T14:59:30","date_gmt":"2018-01-10T13:59:30","guid":{"rendered":"http:\/\/reimech.lu\/?page_id=2936"},"modified":"2025-10-27T14:23:08","modified_gmt":"2025-10-27T13:23:08","slug":"secher-doheem","status":"publish","type":"page","link":"https:\/\/bierger.remich.lu\/fr\/services-au-citoyen\/soziales-und-3-alter\/secher-doheem\/","title":{"rendered":"S\u00e9cher Doheem"},"content":{"rendered":"APPEL ASSISTANCE EXTERNE<\/p>\n<p>Le service \u00ab d&rsquo;Appel Assistance Externe \u00bb de la fondation \u00ab H\u00ebllef doheem \u00bb offre aux personnes \u00e2g\u00e9es, malades et\/ou d\u00e9pendantes une permanence d&rsquo;appel de secours d&rsquo;urgence.<\/p>\n<p>Un syst\u00e8me d\u2019appel assistance se compose d\u2019un r\u00e9cepteur venant se raccorder \u00e0 la ligne t\u00e9l\u00e9phonique, ainsi que d\u2019un mini-\u00e9metteur qui communique avec<br \/>\nlui. En cas d\u2019urgence, cet \u00e9metteur port\u00e9 comme bracelet, collier ou d\u00e9tecteur de chute permet de d\u00e9clencher un appel d\u2019urgence.<\/p>\n<p>A titre d\u2019alternative, il existe aussi des appareils mobiles fonctionnant via le r\u00e9seau GSM, pouvant offrir en plus une localisation par GPS. Donc sur<br \/>\nsimple appui d\u2019un bouton, le r\u00e9cepteur entre en communication avec notre central d\u2019alarme.<\/p>\n<p>Cela vous garantit l\u2019apport d\u2019une aide rapide, efficace et ceci 7 jours sur 7 et 24 heures par jour.<\/p>\n<p>Peuvent \u00eatre b\u00e9n\u00e9ficiaires du service \u00ab d\u2019Appel Assistance Externe \u00bb, les personnes<\/p>\n<ul>\n<li>qui sont d\u00e9clar\u00e9s aupr\u00e8s de la Ville de Remich<\/li>\n<li>qui vivent seules ou passent de longues respectivement de fr\u00e9quentes p\u00e9riodes isol\u00e9es au foyer<\/li>\n<li>qui pr\u00e9sentent une ou plusieurs des caract\u00e9ristiques suivantes : \u00e9tant d\u2019un \u00e2ge avanc\u00e9, \u00e9tant atteinte au niveau physique ou mental d\u2019une maladie chronique, ayant un handicap physique et\/ou mental.<\/li>\n<\/ul>\n<p>Les prestations offertes et les tarifs relatifs au service \u00ab d\u2019Appel Assistance Externe \u00bb peuvent \u00eatre consult\u00e9s sur <a href=\"http:\/\/www.sdh.lu\">www.sdh.lu<\/a>.<\/p>\n<p>Une convention, conclue entre la Ville de Remich et SECHER DOHEEM, permet aux b\u00e9n\u00e9ficiaires du service d&rsquo;appel une prise en charge de 50% des frais mensuels par la Ville de Remich.<\/p>\n<p>Contact : T. 26 32 66 | info@shd.lu | www.shd.lu","protected":false},"excerpt":{"rendered":"<p>APPEL ASSISTANCE EXTERNE Le service \u00ab d&rsquo;Appel Assistance Externe \u00bb de la fondation \u00ab H\u00ebllef doheem \u00bb offre aux personnes \u00e2g\u00e9es, malades et\/ou d\u00e9pendantes une permanence d&rsquo;appel de secours d&rsquo;urgence. Un syst\u00e8me d\u2019appel assistance se compose d\u2019un r\u00e9cepteur venant se raccorder \u00e0 la ligne t\u00e9l\u00e9phonique, ainsi que d\u2019un mini-\u00e9metteur qui communique avec lui. En cas&#8230;  <a class=\"excerpt-read-more\" href=\"https:\/\/bierger.remich.lu\/fr\/services-au-citoyen\/soziales-und-3-alter\/secher-doheem\/\" title=\"ReadS\u00e9cher Doheem\">Lire la suite \u00bb<\/a><\/p>\n","protected":false},"author":4,"featured_media":0,"parent":2917,"menu_order":94,"comment_status":"closed","ping_status":"closed","template":"","meta":{"_acf_changed":false,"xn-wppe-expiration":[],"xn-wppe-expiration-action":[],"xn-wppe-expiration-prefix":[],"footnotes":"","_links_to":"","_links_to_target":""},"class_list":["post-2936","page","type-page","status-publish","hentry","keyword-eau"],"acf":[],"yoast_head":"<!-- This site is optimized with the Yoast SEO plugin v26.7 - https:\/\/yoast.com\/wordpress\/plugins\/seo\/ -->\n<title>S\u00e9cher Doheem - Ville de Remich<\/title>\n<meta name=\"robots\" content=\"index, follow, max-snippet:-1, max-image-preview:large, max-video-preview:-1\" \/>\n<link rel=\"canonical\" href=\"https:\/\/bierger.remich.lu\/services-au-citoyen\/soziales-und-3-alter\/secher-doheem\/\" \/>\n<meta property=\"og:locale\" content=\"fr_FR\" \/>\n<meta property=\"og:type\" content=\"article\" \/>\n<meta property=\"og:title\" content=\"S\u00e9cher Doheem - Ville de Remich\" \/>\n<meta property=\"og:description\" content=\"APPEL ASSISTANCE EXTERNE Le service \u00ab d&rsquo;Appel Assistance Externe \u00bb de la fondation \u00ab H\u00ebllef doheem \u00bb offre aux personnes \u00e2g\u00e9es, malades et\/ou d\u00e9pendantes une permanence d&rsquo;appel de secours d&rsquo;urgence. Un syst\u00e8me d\u2019appel assistance se compose d\u2019un r\u00e9cepteur venant se raccorder \u00e0 la ligne t\u00e9l\u00e9phonique, ainsi que d\u2019un mini-\u00e9metteur qui communique avec lui. En cas... Lire la suite \u00bb\" \/>\n<meta property=\"og:url\" content=\"https:\/\/bierger.remich.lu\/services-au-citoyen\/soziales-und-3-alter\/secher-doheem\/\" \/>\n<meta property=\"og:site_name\" content=\"Ville de Remich\" \/>\n<meta property=\"article:modified_time\" content=\"2025-10-27T13:23:08+00:00\" \/>\n<meta name=\"twitter:card\" content=\"summary_large_image\" \/>\n<meta name=\"twitter:label1\" content=\"Dur\u00e9e de lecture estim\u00e9e\" \/>\n\t<meta name=\"twitter:data1\" content=\"1 minute\" \/>\n<script type=\"application\/ld+json\" class=\"yoast-schema-graph\">{\"@context\":\"https:\/\/schema.org\",\"@graph\":[{\"@type\":\"WebPage\",\"@id\":\"https:\/\/bierger.remich.lu\/services-au-citoyen\/soziales-und-3-alter\/secher-doheem\/\",\"url\":\"https:\/\/bierger.remich.lu\/services-au-citoyen\/soziales-und-3-alter\/secher-doheem\/\",\"name\":\"S\u00e9cher Doheem - Ville de Remich\",\"isPartOf\":{\"@id\":\"https:\/\/bierger.remich.lu\/de\/#website\"},\"datePublished\":\"2018-01-10T13:59:30+00:00\",\"dateModified\":\"2025-10-27T13:23:08+00:00\",\"breadcrumb\":{\"@id\":\"https:\/\/bierger.remich.lu\/services-au-citoyen\/soziales-und-3-alter\/secher-doheem\/#breadcrumb\"},\"inLanguage\":\"fr-FR\",\"potentialAction\":[{\"@type\":\"ReadAction\",\"target\":[\"https:\/\/bierger.remich.lu\/services-au-citoyen\/soziales-und-3-alter\/secher-doheem\/\"]}]},{\"@type\":\"BreadcrumbList\",\"@id\":\"https:\/\/bierger.remich.lu\/services-au-citoyen\/soziales-und-3-alter\/secher-doheem\/#breadcrumb\",\"itemListElement\":[{\"@type\":\"ListItem\",\"position\":1,\"name\":\"Startseite\",\"item\":\"https:\/\/bierger.remich.lu\/de\/\"},{\"@type\":\"ListItem\",\"position\":2,\"name\":\"B\u00fcrgerdienste\",\"item\":\"https:\/\/bierger.remich.lu\/de\/services-au-citoyen\/\"},{\"@type\":\"ListItem\",\"position\":3,\"name\":\"Soziales und 3. Alter\",\"item\":\"https:\/\/bierger.remich.lu\/de\/services-au-citoyen\/soziales-und-3-alter\/\"},{\"@type\":\"ListItem\",\"position\":4,\"name\":\"S\u00e9cher Doheem\"}]},{\"@type\":\"WebSite\",\"@id\":\"https:\/\/bierger.remich.lu\/de\/#website\",\"url\":\"https:\/\/bierger.remich.lu\/de\/\",\"name\":\"Ville de Remich\",\"description\":\"\",\"potentialAction\":[{\"@type\":\"SearchAction\",\"target\":{\"@type\":\"EntryPoint\",\"urlTemplate\":\"https:\/\/bierger.remich.lu\/de\/?s={search_term_string}\"},\"query-input\":{\"@type\":\"PropertyValueSpecification\",\"valueRequired\":true,\"valueName\":\"search_term_string\"}}],\"inLanguage\":\"fr-FR\"}]}<\/script>\n<!-- \/ Yoast SEO plugin. -->","yoast_head_json":{"title":"S\u00e9cher Doheem - Ville de Remich","robots":{"index":"index","follow":"follow","max-snippet":"max-snippet:-1","max-image-preview":"max-image-preview:large","max-video-preview":"max-video-preview:-1"},"canonical":"https:\/\/bierger.remich.lu\/services-au-citoyen\/soziales-und-3-alter\/secher-doheem\/","og_locale":"fr_FR","og_type":"article","og_title":"S\u00e9cher Doheem - Ville de Remich","og_description":"APPEL ASSISTANCE EXTERNE Le service \u00ab d&rsquo;Appel Assistance Externe \u00bb de la fondation \u00ab H\u00ebllef doheem \u00bb offre aux personnes \u00e2g\u00e9es, malades et\/ou d\u00e9pendantes une permanence d&rsquo;appel de secours d&rsquo;urgence. Un syst\u00e8me d\u2019appel assistance se compose d\u2019un r\u00e9cepteur venant se raccorder \u00e0 la ligne t\u00e9l\u00e9phonique, ainsi que d\u2019un mini-\u00e9metteur qui communique avec lui. En cas... Lire la suite \u00bb","og_url":"https:\/\/bierger.remich.lu\/services-au-citoyen\/soziales-und-3-alter\/secher-doheem\/","og_site_name":"Ville de Remich","article_modified_time":"2025-10-27T13:23:08+00:00","twitter_card":"summary_large_image","twitter_misc":{"Dur\u00e9e de lecture estim\u00e9e":"1 minute"},"schema":{"@context":"https:\/\/schema.org","@graph":[{"@type":"WebPage","@id":"https:\/\/bierger.remich.lu\/services-au-citoyen\/soziales-und-3-alter\/secher-doheem\/","url":"https:\/\/bierger.remich.lu\/services-au-citoyen\/soziales-und-3-alter\/secher-doheem\/","name":"S\u00e9cher Doheem - Ville de Remich","isPartOf":{"@id":"https:\/\/bierger.remich.lu\/de\/#website"},"datePublished":"2018-01-10T13:59:30+00:00","dateModified":"2025-10-27T13:23:08+00:00","breadcrumb":{"@id":"https:\/\/bierger.remich.lu\/services-au-citoyen\/soziales-und-3-alter\/secher-doheem\/#breadcrumb"},"inLanguage":"fr-FR","potentialAction":[{"@type":"ReadAction","target":["https:\/\/bierger.remich.lu\/services-au-citoyen\/soziales-und-3-alter\/secher-doheem\/"]}]},{"@type":"BreadcrumbList","@id":"https:\/\/bierger.remich.lu\/services-au-citoyen\/soziales-und-3-alter\/secher-doheem\/#breadcrumb","itemListElement":[{"@type":"ListItem","position":1,"name":"Startseite","item":"https:\/\/bierger.remich.lu\/de\/"},{"@type":"ListItem","position":2,"name":"B\u00fcrgerdienste","item":"https:\/\/bierger.remich.lu\/de\/services-au-citoyen\/"},{"@type":"ListItem","position":3,"name":"Soziales und 3. Alter","item":"https:\/\/bierger.remich.lu\/de\/services-au-citoyen\/soziales-und-3-alter\/"},{"@type":"ListItem","position":4,"name":"S\u00e9cher Doheem"}]},{"@type":"WebSite","@id":"https:\/\/bierger.remich.lu\/de\/#website","url":"https:\/\/bierger.remich.lu\/de\/","name":"Ville de Remich","description":"","potentialAction":[{"@type":"SearchAction","target":{"@type":"EntryPoint","urlTemplate":"https:\/\/bierger.remich.lu\/de\/?s={search_term_string}"},"query-input":{"@type":"PropertyValueSpecification","valueRequired":true,"valueName":"search_term_string"}}],"inLanguage":"fr-FR"}]}},"_links":{"self":[{"href":"https:\/\/bierger.remich.lu\/fr\/wp-json\/wp\/v2\/pages\/2936","targetHints":{"allow":["GET"]}}],"collection":[{"href":"https:\/\/bierger.remich.lu\/fr\/wp-json\/wp\/v2\/pages"}],"about":[{"href":"https:\/\/bierger.remich.lu\/fr\/wp-json\/wp\/v2\/types\/page"}],"author":[{"embeddable":true,"href":"https:\/\/bierger.remich.lu\/fr\/wp-json\/wp\/v2\/users\/4"}],"replies":[{"embeddable":true,"href":"https:\/\/bierger.remich.lu\/fr\/wp-json\/wp\/v2\/comments?post=2936"}],"version-history":[{"count":10,"href":"https:\/\/bierger.remich.lu\/fr\/wp-json\/wp\/v2\/pages\/2936\/revisions"}],"predecessor-version":[{"id":18648,"href":"https:\/\/bierger.remich.lu\/fr\/wp-json\/wp\/v2\/pages\/2936\/revisions\/18648"}],"up":[{"embeddable":true,"href":"https:\/\/bierger.remich.lu\/fr\/wp-json\/wp\/v2\/pages\/2917"}],"wp:attachment":[{"href":"https:\/\/bierger.remich.lu\/fr\/wp-json\/wp\/v2\/media?parent=2936"}],"curies":[{"name":"wp","href":"https:\/\/api.w.org\/{rel}","templated":true}]}}