{"id":3906,"date":"2018-07-31T11:06:49","date_gmt":"2018-07-31T09:06:49","guid":{"rendered":"http:\/\/bierger.remich.lu\/?page_id=3906"},"modified":"2024-10-14T17:14:50","modified_gmt":"2024-10-14T15:14:50","slug":"cours-de-sport-outdoor","status":"publish","type":"page","link":"https:\/\/bierger.remich.lu\/fr\/services-au-citoyen\/francais-sports-et-loisirs\/cours-de-sport-outdoor\/","title":{"rendered":"Cours de sport &#8211; Outdoor"},"content":{"rendered":"<ol>\n<li>\n<h3>Zumba Fitness<\/h3>\n<div class=\"event-details\">\n<p>Rester en pleine forme tout en apprenant de nouvelles danses et en s\u2019amusant!<\/p>\n<p>Zumba en plein air \u00e0 Remich avec Adeline Trouillot.<\/p>\n<\/div>\n<p><strong>Prochaines dates :<br \/>\n<\/strong>19.10 | 09.11 | 16.11 | 23.11 | 30.11 | 07.12 | 14.12 | 21.12 &gt; 09h30-10h30<\/p>\n<p><strong>Prix:<\/strong><br \/>\n8 \u20ac par cours et personne \/ carnet de 7: 49 \u20ac \/ carnet de 14 : 84 \u20ac<\/p>\n<p><strong>Contact &amp; organisateur :<\/strong><br \/>\nFacebook: <a href=\"https:\/\/www.facebook.com\/profile.php?id=100010015801429\">Zumba Adeline<br \/>\n<\/a>Email: adeline@ac-ademic.com | inscription obligatoire &#8211; le lieu vous sera communiqu\u00e9 lors de l&rsquo;inscription<br \/>\nT. (+352) 621 888 327<\/li>\n<li>\n<h3>Yoga (\u00e9t\u00e9)<\/h3>\n<div>\n<p>Ce cours de vinyasa yoga en plein air s\u2019adresse \u00e0 tous, d\u00e9butants ou avanc\u00e9s.<\/p>\n<p>La m\u00e9thode Vinyasa yoga associe le mouvement \u00e0 la respiration, cr\u00e9ant ainsi un flux \u00e0 la fois \u00e9nergisant et relaxant.<\/p>\n<p>Vous trouvez toutes les informations ainsi que les dates dans l&rsquo;agenda!<\/p>\n<p><strong>Contact &amp; organisateur :<\/strong><br \/>\nBojanaFLOW | Bojana Nagy<br \/>\nE. info@bojanaflow.com<\/p>\n<\/div>\n<\/li>\n<li>\n<h3>Course \u00e0 pied<\/h3>\n<p>Entra\u00eenement hebdomadaire de course \u00e0 pied en combinant la course \u00e0 pied et le sentier de fitness \u00ab\u00a0Bacchus Fitness Trail\u00a0\u00bb dans la for\u00eat.<\/p>\n<p>Rendez-vous tous les dimanches \u00e0 10h00 au Centre scolaire et sportif \u00ab\u00a0Gew\u00e4nnchen\u00a0\u00bb.<\/p>\n<p>Le cours s&rsquo;adresse \u00e0 tous, d\u00e9butants ou avanc\u00e9s.<\/p>\n<p>Inscription sur place | Prix: 60 \u20ac \/ ann\u00e9e scolaire<\/p>\n<p><strong>Organisateur:<\/strong><br \/>\nMusel&rsquo;s Laf asbl &amp; Ville de Remich<\/li>\n<\/ol>\n<p>&nbsp;","protected":false},"excerpt":{"rendered":"<p>Zumba Fitness Rester en pleine forme tout en apprenant de nouvelles danses et en s\u2019amusant! Zumba en plein air \u00e0 Remich avec Adeline Trouillot. Prochaines dates : 19.10 | 09.11 | 16.11 | 23.11 | 30.11 | 07.12 | 14.12 | 21.12 &gt; 09h30-10h30 Prix: 8 \u20ac par cours et personne \/ carnet de 7:&#8230;  <a class=\"excerpt-read-more\" href=\"https:\/\/bierger.remich.lu\/fr\/services-au-citoyen\/francais-sports-et-loisirs\/cours-de-sport-outdoor\/\" title=\"ReadCours de sport &#8211; Outdoor\">Lire la suite \u00bb<\/a><\/p>\n","protected":false},"author":4,"featured_media":3908,"parent":72,"menu_order":99,"comment_status":"closed","ping_status":"closed","template":"","meta":{"_acf_changed":false,"xn-wppe-expiration":[],"xn-wppe-expiration-action":[],"xn-wppe-expiration-prefix":[],"footnotes":"","_links_to":"","_links_to_target":""},"class_list":["post-3906","page","type-page","status-publish","has-post-thumbnail","hentry","keyword-infos"],"acf":[],"yoast_head":"<!-- This site is optimized with the Yoast SEO plugin v26.7 - https:\/\/yoast.com\/wordpress\/plugins\/seo\/ -->\n<title>Cours de sport - Outdoor - Ville de Remich<\/title>\n<meta name=\"robots\" content=\"index, follow, max-snippet:-1, max-image-preview:large, max-video-preview:-1\" \/>\n<link rel=\"canonical\" href=\"https:\/\/bierger.remich.lu\/de\/services-au-citoyen\/francais-sports-et-loisirs\/cours-de-sport-outdoor\/\" \/>\n<meta property=\"og:locale\" content=\"fr_FR\" \/>\n<meta property=\"og:type\" content=\"article\" \/>\n<meta property=\"og:title\" content=\"Cours de sport - Outdoor - Ville de Remich\" \/>\n<meta property=\"og:description\" content=\"Zumba Fitness Rester en pleine forme tout en apprenant de nouvelles danses et en s\u2019amusant! Zumba en plein air \u00e0 Remich avec Adeline Trouillot. Prochaines dates : 19.10 | 09.11 | 16.11 | 23.11 | 30.11 | 07.12 | 14.12 | 21.12 &gt; 09h30-10h30 Prix: 8 \u20ac par cours et personne \/ carnet de 7:... Lire la suite \u00bb\" \/>\n<meta property=\"og:url\" content=\"https:\/\/bierger.remich.lu\/de\/services-au-citoyen\/francais-sports-et-loisirs\/cours-de-sport-outdoor\/\" \/>\n<meta property=\"og:site_name\" content=\"Ville de Remich\" \/>\n<meta property=\"article:modified_time\" content=\"2024-10-14T15:14:50+00:00\" \/>\n<meta property=\"og:image\" content=\"https:\/\/bierger.remich.lu\/wp-content\/uploads\/sites\/3\/2018\/07\/autumn-goodman-230240-unsplash-1024x681.jpg\" \/>\n\t<meta property=\"og:image:width\" content=\"1024\" \/>\n\t<meta property=\"og:image:height\" content=\"681\" \/>\n\t<meta property=\"og:image:type\" content=\"image\/jpeg\" \/>\n<meta name=\"twitter:card\" content=\"summary_large_image\" \/>\n<meta name=\"twitter:label1\" content=\"Dur\u00e9e de lecture estim\u00e9e\" \/>\n\t<meta name=\"twitter:data1\" content=\"3 minutes\" \/>\n<script type=\"application\/ld+json\" class=\"yoast-schema-graph\">{\"@context\":\"https:\/\/schema.org\",\"@graph\":[{\"@type\":\"WebPage\",\"@id\":\"https:\/\/bierger.remich.lu\/de\/services-au-citoyen\/francais-sports-et-loisirs\/cours-de-sport-outdoor\/\",\"url\":\"https:\/\/bierger.remich.lu\/de\/services-au-citoyen\/francais-sports-et-loisirs\/cours-de-sport-outdoor\/\",\"name\":\"Cours de sport - Outdoor - Ville de Remich\",\"isPartOf\":{\"@id\":\"https:\/\/bierger.remich.lu\/de\/#website\"},\"primaryImageOfPage\":{\"@id\":\"https:\/\/bierger.remich.lu\/de\/services-au-citoyen\/francais-sports-et-loisirs\/cours-de-sport-outdoor\/#primaryimage\"},\"image\":{\"@id\":\"https:\/\/bierger.remich.lu\/de\/services-au-citoyen\/francais-sports-et-loisirs\/cours-de-sport-outdoor\/#primaryimage\"},\"thumbnailUrl\":\"https:\/\/bierger.remich.lu\/wp-content\/uploads\/sites\/3\/2018\/07\/autumn-goodman-230240-unsplash.jpg\",\"datePublished\":\"2018-07-31T09:06:49+00:00\",\"dateModified\":\"2024-10-14T15:14:50+00:00\",\"breadcrumb\":{\"@id\":\"https:\/\/bierger.remich.lu\/de\/services-au-citoyen\/francais-sports-et-loisirs\/cours-de-sport-outdoor\/#breadcrumb\"},\"inLanguage\":\"fr-FR\",\"potentialAction\":[{\"@type\":\"ReadAction\",\"target\":[\"https:\/\/bierger.remich.lu\/de\/services-au-citoyen\/francais-sports-et-loisirs\/cours-de-sport-outdoor\/\"]}]},{\"@type\":\"ImageObject\",\"inLanguage\":\"fr-FR\",\"@id\":\"https:\/\/bierger.remich.lu\/de\/services-au-citoyen\/francais-sports-et-loisirs\/cours-de-sport-outdoor\/#primaryimage\",\"url\":\"https:\/\/bierger.remich.lu\/wp-content\/uploads\/sites\/3\/2018\/07\/autumn-goodman-230240-unsplash.jpg\",\"contentUrl\":\"https:\/\/bierger.remich.lu\/wp-content\/uploads\/sites\/3\/2018\/07\/autumn-goodman-230240-unsplash.jpg\",\"width\":6016,\"height\":4000},{\"@type\":\"BreadcrumbList\",\"@id\":\"https:\/\/bierger.remich.lu\/de\/services-au-citoyen\/francais-sports-et-loisirs\/cours-de-sport-outdoor\/#breadcrumb\",\"itemListElement\":[{\"@type\":\"ListItem\",\"position\":1,\"name\":\"Startseite\",\"item\":\"https:\/\/bierger.remich.lu\/de\/\"},{\"@type\":\"ListItem\",\"position\":2,\"name\":\"B\u00fcrgerdienste\",\"item\":\"https:\/\/bierger.remich.lu\/de\/services-au-citoyen\/\"},{\"@type\":\"ListItem\",\"position\":3,\"name\":\"Sport und Freizeit\",\"item\":\"https:\/\/bierger.remich.lu\/de\/services-au-citoyen\/francais-sports-et-loisirs\/\"},{\"@type\":\"ListItem\",\"position\":4,\"name\":\"Sportkurse &#8211; Outdoor\"}]},{\"@type\":\"WebSite\",\"@id\":\"https:\/\/bierger.remich.lu\/de\/#website\",\"url\":\"https:\/\/bierger.remich.lu\/de\/\",\"name\":\"Ville de Remich\",\"description\":\"\",\"potentialAction\":[{\"@type\":\"SearchAction\",\"target\":{\"@type\":\"EntryPoint\",\"urlTemplate\":\"https:\/\/bierger.remich.lu\/de\/?s={search_term_string}\"},\"query-input\":{\"@type\":\"PropertyValueSpecification\",\"valueRequired\":true,\"valueName\":\"search_term_string\"}}],\"inLanguage\":\"fr-FR\"}]}<\/script>\n<!-- \/ Yoast SEO plugin. -->","yoast_head_json":{"title":"Cours de sport - Outdoor - Ville de Remich","robots":{"index":"index","follow":"follow","max-snippet":"max-snippet:-1","max-image-preview":"max-image-preview:large","max-video-preview":"max-video-preview:-1"},"canonical":"https:\/\/bierger.remich.lu\/de\/services-au-citoyen\/francais-sports-et-loisirs\/cours-de-sport-outdoor\/","og_locale":"fr_FR","og_type":"article","og_title":"Cours de sport - Outdoor - Ville de Remich","og_description":"Zumba Fitness Rester en pleine forme tout en apprenant de nouvelles danses et en s\u2019amusant! Zumba en plein air \u00e0 Remich avec Adeline Trouillot. Prochaines dates : 19.10 | 09.11 | 16.11 | 23.11 | 30.11 | 07.12 | 14.12 | 21.12 &gt; 09h30-10h30 Prix: 8 \u20ac par cours et personne \/ carnet de 7:... Lire la suite \u00bb","og_url":"https:\/\/bierger.remich.lu\/de\/services-au-citoyen\/francais-sports-et-loisirs\/cours-de-sport-outdoor\/","og_site_name":"Ville de Remich","article_modified_time":"2024-10-14T15:14:50+00:00","og_image":[{"width":1024,"height":681,"url":"https:\/\/bierger.remich.lu\/wp-content\/uploads\/sites\/3\/2018\/07\/autumn-goodman-230240-unsplash-1024x681.jpg","type":"image\/jpeg"}],"twitter_card":"summary_large_image","twitter_misc":{"Dur\u00e9e de lecture estim\u00e9e":"3 minutes"},"schema":{"@context":"https:\/\/schema.org","@graph":[{"@type":"WebPage","@id":"https:\/\/bierger.remich.lu\/de\/services-au-citoyen\/francais-sports-et-loisirs\/cours-de-sport-outdoor\/","url":"https:\/\/bierger.remich.lu\/de\/services-au-citoyen\/francais-sports-et-loisirs\/cours-de-sport-outdoor\/","name":"Cours de sport - Outdoor - Ville de Remich","isPartOf":{"@id":"https:\/\/bierger.remich.lu\/de\/#website"},"primaryImageOfPage":{"@id":"https:\/\/bierger.remich.lu\/de\/services-au-citoyen\/francais-sports-et-loisirs\/cours-de-sport-outdoor\/#primaryimage"},"image":{"@id":"https:\/\/bierger.remich.lu\/de\/services-au-citoyen\/francais-sports-et-loisirs\/cours-de-sport-outdoor\/#primaryimage"},"thumbnailUrl":"https:\/\/bierger.remich.lu\/wp-content\/uploads\/sites\/3\/2018\/07\/autumn-goodman-230240-unsplash.jpg","datePublished":"2018-07-31T09:06:49+00:00","dateModified":"2024-10-14T15:14:50+00:00","breadcrumb":{"@id":"https:\/\/bierger.remich.lu\/de\/services-au-citoyen\/francais-sports-et-loisirs\/cours-de-sport-outdoor\/#breadcrumb"},"inLanguage":"fr-FR","potentialAction":[{"@type":"ReadAction","target":["https:\/\/bierger.remich.lu\/de\/services-au-citoyen\/francais-sports-et-loisirs\/cours-de-sport-outdoor\/"]}]},{"@type":"ImageObject","inLanguage":"fr-FR","@id":"https:\/\/bierger.remich.lu\/de\/services-au-citoyen\/francais-sports-et-loisirs\/cours-de-sport-outdoor\/#primaryimage","url":"https:\/\/bierger.remich.lu\/wp-content\/uploads\/sites\/3\/2018\/07\/autumn-goodman-230240-unsplash.jpg","contentUrl":"https:\/\/bierger.remich.lu\/wp-content\/uploads\/sites\/3\/2018\/07\/autumn-goodman-230240-unsplash.jpg","width":6016,"height":4000},{"@type":"BreadcrumbList","@id":"https:\/\/bierger.remich.lu\/de\/services-au-citoyen\/francais-sports-et-loisirs\/cours-de-sport-outdoor\/#breadcrumb","itemListElement":[{"@type":"ListItem","position":1,"name":"Startseite","item":"https:\/\/bierger.remich.lu\/de\/"},{"@type":"ListItem","position":2,"name":"B\u00fcrgerdienste","item":"https:\/\/bierger.remich.lu\/de\/services-au-citoyen\/"},{"@type":"ListItem","position":3,"name":"Sport und Freizeit","item":"https:\/\/bierger.remich.lu\/de\/services-au-citoyen\/francais-sports-et-loisirs\/"},{"@type":"ListItem","position":4,"name":"Sportkurse &#8211; Outdoor"}]},{"@type":"WebSite","@id":"https:\/\/bierger.remich.lu\/de\/#website","url":"https:\/\/bierger.remich.lu\/de\/","name":"Ville de Remich","description":"","potentialAction":[{"@type":"SearchAction","target":{"@type":"EntryPoint","urlTemplate":"https:\/\/bierger.remich.lu\/de\/?s={search_term_string}"},"query-input":{"@type":"PropertyValueSpecification","valueRequired":true,"valueName":"search_term_string"}}],"inLanguage":"fr-FR"}]}},"_links":{"self":[{"href":"https:\/\/bierger.remich.lu\/fr\/wp-json\/wp\/v2\/pages\/3906","targetHints":{"allow":["GET"]}}],"collection":[{"href":"https:\/\/bierger.remich.lu\/fr\/wp-json\/wp\/v2\/pages"}],"about":[{"href":"https:\/\/bierger.remich.lu\/fr\/wp-json\/wp\/v2\/types\/page"}],"author":[{"embeddable":true,"href":"https:\/\/bierger.remich.lu\/fr\/wp-json\/wp\/v2\/users\/4"}],"replies":[{"embeddable":true,"href":"https:\/\/bierger.remich.lu\/fr\/wp-json\/wp\/v2\/comments?post=3906"}],"version-history":[{"count":19,"href":"https:\/\/bierger.remich.lu\/fr\/wp-json\/wp\/v2\/pages\/3906\/revisions"}],"predecessor-version":[{"id":14973,"href":"https:\/\/bierger.remich.lu\/fr\/wp-json\/wp\/v2\/pages\/3906\/revisions\/14973"}],"up":[{"embeddable":true,"href":"https:\/\/bierger.remich.lu\/fr\/wp-json\/wp\/v2\/pages\/72"}],"wp:featuredmedia":[{"embeddable":true,"href":"https:\/\/bierger.remich.lu\/fr\/wp-json\/wp\/v2\/media\/3908"}],"wp:attachment":[{"href":"https:\/\/bierger.remich.lu\/fr\/wp-json\/wp\/v2\/media?parent=3906"}],"curies":[{"name":"wp","href":"https:\/\/api.w.org\/{rel}","templated":true}]}}