{"id":3934,"date":"2018-08-07T13:39:24","date_gmt":"2018-08-07T11:39:24","guid":{"rendered":"http:\/\/bierger.remich.lu\/?page_id=3934"},"modified":"2025-07-02T13:04:57","modified_gmt":"2025-07-02T11:04:57","slug":"parking-residentiel","status":"publish","type":"page","link":"https:\/\/bierger.remich.lu\/fr\/services-au-citoyen\/francais-mobilite\/parking-residentiel\/","title":{"rendered":"Stationnement  \u00e0 Remich | Les vignettes"},"content":{"rendered":"<h1>Vignette &amp; carte-horloge<\/h1>\n<h2>La vignette<\/h2>\n<h3><strong>Stationnement r\u00e9sidentiel<\/strong><\/h3>\n<img loading=\"lazy\" decoding=\"async\" class=\"alignnone size-medium wp-image-17534\" src=\"https:\/\/bierger.remich.lu\/wp-content\/uploads\/sites\/3\/2025\/06\/Vignette-residentielle-2025-300x215.jpg\" alt=\"\" width=\"300\" height=\"215\" srcset=\"https:\/\/bierger.remich.lu\/wp-content\/uploads\/sites\/3\/2025\/06\/Vignette-residentielle-2025-300x215.jpg 300w, https:\/\/bierger.remich.lu\/wp-content\/uploads\/sites\/3\/2025\/06\/Vignette-residentielle-2025.jpg 385w\" sizes=\"auto, (max-width: 300px) 100vw, 300px\" \/>\n<p>Suivant la r\u00e8glementation, tous les m\u00e9nages d\u00e9clar\u00e9s r\u00e9sident au registre de population de la Ville de Remich peuvent demander une vignette permanente.<\/p>\n<p>Le permis de stationnement permet au conducteur de stationner gratuitement pendant une dur\u00e9e limit\u00e9e dans diff\u00e9rentes zones, conform\u00e9ment \u00e0 la signalisation.<\/p>\n<p>La pose de la vignette, ensemble avec la carte-horloge blanche, est uniquement n\u00e9cessaire dans les rues et zones marqu\u00e9es par les panneaux respectifs.<\/p>\n<p><u>B\u00e9n\u00e9ficiaires\u00a0:<\/u><\/p>\n<ul>\n<li>R\u00e9sidents de Remich<\/li>\n<\/ul>\n<p><u>Infos g\u00e9n\u00e9rales\u00a0:<\/u><\/p>\n<ul>\n<li>Demande d\u2019une vignette\u00a0: se pr\u00e9senter personnellement au bureau de la population<\/li>\n<li>1 vignette\/voiture \u2013 max. 3 vignettes\/m\u00e9nage<\/li>\n<li>Validit\u00e9\u00a0: \u00e0 partir de la d\u00e9livrance et jusqu\u2019\u00e0 la fin de l\u2019ann\u00e9e en cours<\/li>\n<li>Taxes \u00e0 payer\u00a0:\n<ul>\n<li>1<sup>re<\/sup> vignette\u00a0: gratuite<\/li>\n<li>2<sup>re<\/sup> vignette\u00a0: 30,00\u20ac<\/li>\n<li>3<sup>re<\/sup> vignette\u00a0: 45,00\u20ac<\/li>\n<\/ul>\n<\/li>\n<\/ul>\n<p><u>Pi\u00e8ces \u00e0 produire\u00a0:<\/u><\/p>\n<ul>\n<li>Copie carte d\u2019identit\u00e9 &amp; carte d\u2019immatriculation<\/li>\n<li>Le cas \u00e9ch\u00e9ant\u00a0: copie du contrat de location\/leasing\/convention de mise \u00e0 disposition<\/li>\n<\/ul>\n<h3>Stationnement professionnel<\/h3>\n<img loading=\"lazy\" decoding=\"async\" class=\"alignnone size-medium wp-image-17535\" src=\"https:\/\/bierger.remich.lu\/wp-content\/uploads\/sites\/3\/2025\/06\/Vignette-professionnelle-2025-300x211.jpg\" alt=\"\" width=\"300\" height=\"211\" srcset=\"https:\/\/bierger.remich.lu\/wp-content\/uploads\/sites\/3\/2025\/06\/Vignette-professionnelle-2025-300x211.jpg 300w, https:\/\/bierger.remich.lu\/wp-content\/uploads\/sites\/3\/2025\/06\/Vignette-professionnelle-2025.jpg 387w\" sizes=\"auto, (max-width: 300px) 100vw, 300px\" \/>\n<p>Suivant la r\u00e8glementation, une vignette professionnelle peut \u00eatre \u00e9tablie sur demande.<\/p>\n<p>Le permis de stationnement permet au conducteur de stationner gratuitement pendant une dur\u00e9e limit\u00e9e dans diff\u00e9rentes zones, conform\u00e9ment \u00e0 la signalisation.<\/p>\n<p>La pose de la vignette, ensemble avec la carte-horloge blanche, est uniquement n\u00e9cessaire dans les rues et zones marqu\u00e9es par les panneaux respectifs.<\/p>\n<p><u>B\u00e9n\u00e9ficiaires\u00a0:<\/u><\/p>\n<p>Personnes<\/p>\n<ul>\n<li>Exer\u00e7ant une profession m\u00e9dicale ou de soins \u00e0 domicile<\/li>\n<li>Effectuant des travaux de montage, de d\u00e9pannage ou d\u2019entretien<\/li>\n<li>Travaillant pour le compte d\u2019une administration de l\u2019Etat ou d\u2019une administration communale<\/li>\n<li>D\u00e9tenant un agr\u00e9ment de journaliste ou sous vocation journaliste en service ext\u00e9rieur<\/li>\n<\/ul>\n<p><u>Infos g\u00e9n\u00e9rales\u00a0:<\/u><\/p>\n<ul>\n<li>Demande d\u2019une vignette\u00a0: se pr\u00e9senter personnellement au bureau de la population<\/li>\n<li>3 voitures par vignette<\/li>\n<li>Validit\u00e9\u00a0: 1, 3, 6 ou 12 mois<\/li>\n<li>D\u00e9but de validit\u00e9 \u00e0 partir de la date de d\u00e9livrance | Fin de validit\u00e9\u00a0: au plus tard \u00e0 la fin de l\u2019ann\u00e9e de calendrier<\/li>\n<li>Taxes \u00e0 payer\u00a0:\n<ul>\n<li>1 mois\u00a0: 30,00 \u20ac<\/li>\n<li>2 mois\u00a0: 90,00\u20ac<\/li>\n<li>6 mois\u00a0: 180,00\u20ac<\/li>\n<li>12 mois\u00a0: 360,00 \u20ac<\/li>\n<\/ul>\n<\/li>\n<\/ul>\n<p><u>Pi\u00e8ces \u00e0 produire\u00a0:<\/u><\/p>\n<ul>\n<li>Document attestant l\u2019agr\u00e9ment professionnel<\/li>\n<li>Carte(s) d\u2019immatriculation<\/li>\n<li>Le cas \u00e9ch\u00e9ant\u00a0: contrat de location\/leasing<\/li>\n<\/ul>\n<h2>La carte-horloge blanche (\u00e0 utiliser dans les zones 1-3)<\/h2>\n<p>La carte-horloge blanche doit \u00eatre utilis\u00e9e simultan\u00e9ment avec la vignette.<\/p>\n<img loading=\"lazy\" decoding=\"async\" class=\"alignnone size-medium wp-image-17532\" src=\"https:\/\/bierger.remich.lu\/wp-content\/uploads\/sites\/3\/2025\/06\/carte-horloge-remich_-scaled-300x291.jpg\" alt=\"\" width=\"300\" height=\"291\" srcset=\"https:\/\/bierger.remich.lu\/wp-content\/uploads\/sites\/3\/2025\/06\/carte-horloge-remich_-scaled-300x291.jpg 300w, https:\/\/bierger.remich.lu\/wp-content\/uploads\/sites\/3\/2025\/06\/carte-horloge-remich_-scaled-1024x992.jpg 1024w\" sizes=\"auto, (max-width: 300px) 100vw, 300px\" \/>\n<p><u>Infos g\u00e9n\u00e9rales carte-horloge blanche :<\/u><\/p>\n<ul>\n<li>Utilis\u00e9e en combinaison avec la vignette et sans pr\u00e9judice des autres r\u00e8glementations en vigueur &gt; droit au stationnement gratuit jusqu\u2019\u00e0 une dur\u00e9e maximale de 2 heures, respectivement selon la r\u00e8glementation en vigueur sur le territoire de la Ville de Remich aussi bien en bordure de la chauss\u00e9e que sur les parkings en surface.<\/li>\n<li>Le conducteur du v\u00e9hicule doit obligatoirement pointer la fl\u00e8che sur la marque qui suit imm\u00e9diatement l&rsquo;heure de d\u00e9part pr\u00e9sum\u00e9e (p. ex. max. 30 min. autoris\u00e9es &gt; arriv\u00e9e \u00e0 08h00 &gt; fl\u00e8che sur 08h30)<\/li>\n<li>Le d\u00e9placement du v\u00e9hicule \u00e0 une distance inf\u00e9rieure \u00e0 150 m n&rsquo;autorise pas la modification des indications horaires initiales.<\/li>\n<\/ul>\n<h2>Contact<\/h2>\n<p>Ville de Remich | Office des citoyens<br \/>\n6, rue Enz | L-5532 Remich<br \/>\nT. (+352) 23 692 \u2013 1<br \/>\nE. <a href=\"mailto:population@remich.lu\">population@remich.lu<\/a><\/p>\n<p><u>Horaires<\/u><\/p>\n<p>Lundi \u2013 jeudi\u00a0: 08h00-12h00 &amp; 13h00-16h00<br \/>\nVendredi\u00a0: 07h00-13h00<\/p>\n<p>&nbsp;<\/p>\n<h1>Les diff\u00e9rentes zones<\/h1>\n<h2>Zones 1-3<\/h2>\n<ul>\n<li>Gratuit pour d\u00e9tenteur d\u2019une vignette &amp; pose carte-horloge blanche<\/li>\n<li>Payant pour v\u00e9hicules sans vignette et\/ou sans carte-horloge blanche (except\u00e9 Zone 2)<\/li>\n<\/ul>\n<h3>Zone 1 (rouge) | lundi &#8211; vendredi de 08h00 \u00e0 18h00 | max 30 min.<\/h3>\n<ul>\n<li>dur\u00e9e minimale de quinze minutes\u00a0 0,10 \u20ac<\/li>\n<li>dur\u00e9e de trente minutes\u00a0 \u00a0 \u00a0 \u00a0 \u00a0 \u00a0 \u00a0 \u00a0 \u00a0 \u00a0 \u00a00,20 \u20ac<\/li>\n<\/ul>\n<h3>Zone 2 (violet) | lundi &#8211; vendredi de 08h00 \u00e0 18h00 | max 30 min.<\/h3>\n<ul>\n<li>dur\u00e9e de trente minutes ticket gratuit \u00e0 tirer &amp; \u00e0 poser obligatoirement au pare-brise<\/li>\n<\/ul>\n<h3>Zone 3.1 (jaune) | lundi &#8211; vendredi de 08h00 \u00e0 12h00 &amp; 13h00 \u00e0 18h00 | max 120 min.<\/h3>\n<ul>\n<li>dur\u00e9e minimale de 15 minutes\u00a0 0,10 \u20ac<\/li>\n<li>30 minutes\u00a0 \u00a0 \u00a0 \u00a0 \u00a0 \u00a0 \u00a0 \u00a0 \u00a0 \u00a0 \u00a0 \u00a0 \u00a0 \u00a0 \u00a0 \u00a0 \u00a0 \u00a0 0,20 \u20ac<\/li>\n<li>1 heure\u00a0 \u00a0 \u00a0 \u00a0 \u00a0 \u00a0 \u00a0 \u00a0 \u00a0 \u00a0 \u00a0 \u00a0 \u00a0 \u00a0 \u00a0 \u00a0 \u00a0 \u00a0 \u00a0 \u00a0 \u00a0 \u00a0 0,40 \u20ac<\/li>\n<li>Pour la 2<sup>e<\/sup> heure\u00a0 \u00a0 \u00a0 \u00a0 \u00a0 \u00a0 \u00a0 \u00a0 \u00a0 \u00a0 \u00a0 \u00a0 \u00a0 \u00a00,80 \u20ac<\/li>\n<\/ul>\n<h3>Zone 3.2 (orange clair) | lundi &#8211; vendredi de 08h00 \u00e0 12h00 &amp; 13h00 \u00e0 18h00 | max 180 min.<\/h3>\n<ul>\n<li>dur\u00e9e minimale de 15 minutes\u00a0 0,10 \u20ac<\/li>\n<li>30 minutes\u00a0 \u00a0 \u00a0 \u00a0 \u00a0 \u00a0 \u00a0 \u00a0 \u00a0 \u00a0 \u00a0 \u00a0 \u00a0 \u00a0 \u00a0 \u00a0 \u00a0 \u00a0 \u00a00,20 \u20ac<\/li>\n<li>1 heure\u00a0 \u00a0 \u00a0 \u00a0 \u00a0 \u00a0 \u00a0 \u00a0 \u00a0 \u00a0 \u00a0 \u00a0 \u00a0 \u00a0 \u00a0 \u00a0 \u00a0 \u00a0 \u00a0 \u00a0 \u00a0 \u00a0 0,40 \u20ac<\/li>\n<li>Pour la 2<sup>e<\/sup> et 3<sup>e <\/sup>heure\u00a0 \u00a0 \u00a0 \u00a0 \u00a0 \u00a0 \u00a0 \u00a0 \u00a0 0,80 \u20ac \/ heure<\/li>\n<\/ul>\n<h3>Zone 3.3 (orange fonc\u00e9) | lundi &#8211; vendredi de 08h00 \u00e0 12h00 &amp; 13h00 \u00e0 18h00 | max 240 min.<\/h3>\n<ul>\n<li>dur\u00e9e minimale de 15 minutes 0,10 \u20ac<\/li>\n<li>30 minutes\u00a0 \u00a0 \u00a0 \u00a0 \u00a0 \u00a0 \u00a0 \u00a0 \u00a0 \u00a0 \u00a0 \u00a0 \u00a0 \u00a0 \u00a0 \u00a0 \u00a0 \u00a00,20 \u20ac<\/li>\n<li>1 heure\u00a0 \u00a0 \u00a0 \u00a0 \u00a0 \u00a0 \u00a0 \u00a0 \u00a0 \u00a0 \u00a0 \u00a0 \u00a0 \u00a0 \u00a0 \u00a0 \u00a0 \u00a0 \u00a0 \u00a0 \u00a0 0,40 \u20ac<\/li>\n<li>Pour la 2<sup>e<\/sup>, 3<sup>e<\/sup> et 4<sup>e<\/sup> heure\u00a0 \u00a0 \u00a0 \u00a0 \u00a0 0,80 \u20ac \/ heure<\/li>\n<\/ul>\n<h2>Zones avec stationnement gratuit mais limit\u00e9 : Zones 4-6<\/h2>\n<ul>\n<li>Stationnement sans dur\u00e9e journali\u00e8re limit\u00e9e (attention stationnement autoris\u00e9 sur un m\u00eame emplacement limit\u00e9 \u00e0 48h) pour v\u00e9hicules munis d\u2019une vignette &amp; avec pose disque bleu<\/li>\n<li>Stationnement limit\u00e9 selon signalisation et pose disque bleu<\/li>\n<\/ul>\n<h3>Zone 4.1 (bleu clair) | lundi &#8211; vendredi de 08h00 \u00e0 12h00 &amp; 13h00 \u00e0 18h00<\/h3>\n<ul>\n<li>Avec vignette\u00a0: max. 48h<\/li>\n<li>Sans vignette\u00a0: max. 2h<\/li>\n<\/ul>\n<h3>Zone 4.2 (bleu fonc\u00e9) | lundi &#8211; vendredi de 08h00 \u00e0 12h00 &amp; 13h00 \u00e0 18h00<\/h3>\n<ul>\n<li>Avec vignette\u00a0: max. 48h<\/li>\n<li>Sans vignette\u00a0: max. 5h<\/li>\n<\/ul>\n<h3>Zone 5.1 (vert clair) | lundi &#8211; vendredi de 08h00 \u00e0 12h00 &amp; 13h00 \u00e0 18h00<\/h3>\n<ul>\n<li>Avec ou sans vignette\u00a0: max. 3h<\/li>\n<\/ul>\n<h3>Zone 5.2 (vert fonc\u00e9) | lundi &#8211; vendredi de 08h00 \u00e0 12h00 &amp; 13h00 \u00e0 18h00<\/h3>\n<ul>\n<li>Avec ou sans vignette\u00a0: max. 5h<\/li>\n<\/ul>\n<h3>Zone 6<\/h3>\n<p>Non r\u00e9glement\u00e9e, d\u2019office max. 48h<\/p>\n<p>&nbsp;<\/p>\n<h1>Le plan<\/h1>\n<p><a href=\"https:\/\/bierger.remich.lu\/wp-content\/uploads\/sites\/3\/2025\/06\/Parkraumkonzept_Plan.pdf\"><img loading=\"lazy\" decoding=\"async\" class=\"alignnone wp-image-17530 size-full\" src=\"https:\/\/bierger.remich.lu\/wp-content\/uploads\/sites\/3\/2025\/06\/Parkraumkonzept.jpg\" alt=\"\" width=\"960\" height=\"720\" srcset=\"https:\/\/bierger.remich.lu\/wp-content\/uploads\/sites\/3\/2025\/06\/Parkraumkonzept.jpg 960w, https:\/\/bierger.remich.lu\/wp-content\/uploads\/sites\/3\/2025\/06\/Parkraumkonzept-300x225.jpg 300w\" sizes=\"auto, (max-width: 960px) 100vw, 960px\" \/><\/a>","protected":false},"excerpt":{"rendered":"<p>Vignette &amp; carte-horloge La vignette Stationnement r\u00e9sidentiel Suivant la r\u00e8glementation, tous les m\u00e9nages d\u00e9clar\u00e9s r\u00e9sident au registre de population de la Ville de Remich peuvent demander une vignette permanente. Le permis de stationnement permet au conducteur de stationner gratuitement pendant une dur\u00e9e limit\u00e9e dans diff\u00e9rentes zones, conform\u00e9ment \u00e0 la signalisation. La pose de la vignette,&#8230;  <a class=\"excerpt-read-more\" href=\"https:\/\/bierger.remich.lu\/fr\/services-au-citoyen\/francais-mobilite\/parking-residentiel\/\" title=\"ReadStationnement  \u00e0 Remich | Les vignettes\">Lire la suite \u00bb<\/a><\/p>\n","protected":false},"author":2,"featured_media":3935,"parent":70,"menu_order":60,"comment_status":"closed","ping_status":"closed","template":"","meta":{"_acf_changed":false,"xn-wppe-expiration":[],"xn-wppe-expiration-action":[],"xn-wppe-expiration-prefix":[],"footnotes":"","_links_to":"","_links_to_target":""},"class_list":["post-3934","page","type-page","status-publish","has-post-thumbnail","hentry","keyword-mobilitat"],"acf":[],"yoast_head":"<!-- This site is optimized with the Yoast SEO plugin v26.7 - https:\/\/yoast.com\/wordpress\/plugins\/seo\/ -->\n<title>Stationnement \u00e0 Remich | Les vignettes - Ville de Remich<\/title>\n<meta name=\"robots\" content=\"index, follow, max-snippet:-1, max-image-preview:large, max-video-preview:-1\" \/>\n<link rel=\"canonical\" href=\"https:\/\/bierger.remich.lu\/de\/services-au-citoyen\/francais-mobilite\/parking-residentiel\/\" \/>\n<meta property=\"og:locale\" content=\"fr_FR\" \/>\n<meta property=\"og:type\" content=\"article\" \/>\n<meta property=\"og:title\" content=\"Stationnement \u00e0 Remich | Les vignettes - Ville de Remich\" \/>\n<meta property=\"og:description\" content=\"Vignette &amp; carte-horloge La vignette Stationnement r\u00e9sidentiel Suivant la r\u00e8glementation, tous les m\u00e9nages d\u00e9clar\u00e9s r\u00e9sident au registre de population de la Ville de Remich peuvent demander une vignette permanente. Le permis de stationnement permet au conducteur de stationner gratuitement pendant une dur\u00e9e limit\u00e9e dans diff\u00e9rentes zones, conform\u00e9ment \u00e0 la signalisation. La pose de la vignette,... Lire la suite \u00bb\" \/>\n<meta property=\"og:url\" content=\"https:\/\/bierger.remich.lu\/de\/services-au-citoyen\/francais-mobilite\/parking-residentiel\/\" \/>\n<meta property=\"og:site_name\" content=\"Ville de Remich\" \/>\n<meta property=\"article:modified_time\" content=\"2025-07-02T11:04:57+00:00\" \/>\n<meta property=\"og:image\" content=\"https:\/\/bierger.remich.lu\/wp-content\/uploads\/sites\/3\/2018\/08\/john-matychuk-393455-unsplash-1024x683.jpg\" \/>\n\t<meta property=\"og:image:width\" content=\"1024\" \/>\n\t<meta property=\"og:image:height\" content=\"683\" \/>\n\t<meta property=\"og:image:type\" content=\"image\/jpeg\" \/>\n<meta name=\"twitter:card\" content=\"summary_large_image\" \/>\n<meta name=\"twitter:label1\" content=\"Dur\u00e9e de lecture estim\u00e9e\" \/>\n\t<meta name=\"twitter:data1\" content=\"7 minutes\" \/>\n<script type=\"application\/ld+json\" class=\"yoast-schema-graph\">{\"@context\":\"https:\/\/schema.org\",\"@graph\":[{\"@type\":\"WebPage\",\"@id\":\"https:\/\/bierger.remich.lu\/de\/services-au-citoyen\/francais-mobilite\/parking-residentiel\/\",\"url\":\"https:\/\/bierger.remich.lu\/de\/services-au-citoyen\/francais-mobilite\/parking-residentiel\/\",\"name\":\"Stationnement \u00e0 Remich | Les vignettes - Ville de Remich\",\"isPartOf\":{\"@id\":\"https:\/\/bierger.remich.lu\/de\/#website\"},\"primaryImageOfPage\":{\"@id\":\"https:\/\/bierger.remich.lu\/de\/services-au-citoyen\/francais-mobilite\/parking-residentiel\/#primaryimage\"},\"image\":{\"@id\":\"https:\/\/bierger.remich.lu\/de\/services-au-citoyen\/francais-mobilite\/parking-residentiel\/#primaryimage\"},\"thumbnailUrl\":\"https:\/\/bierger.remich.lu\/wp-content\/uploads\/sites\/3\/2018\/08\/john-matychuk-393455-unsplash.jpg\",\"datePublished\":\"2018-08-07T11:39:24+00:00\",\"dateModified\":\"2025-07-02T11:04:57+00:00\",\"breadcrumb\":{\"@id\":\"https:\/\/bierger.remich.lu\/de\/services-au-citoyen\/francais-mobilite\/parking-residentiel\/#breadcrumb\"},\"inLanguage\":\"fr-FR\",\"potentialAction\":[{\"@type\":\"ReadAction\",\"target\":[\"https:\/\/bierger.remich.lu\/de\/services-au-citoyen\/francais-mobilite\/parking-residentiel\/\"]}]},{\"@type\":\"ImageObject\",\"inLanguage\":\"fr-FR\",\"@id\":\"https:\/\/bierger.remich.lu\/de\/services-au-citoyen\/francais-mobilite\/parking-residentiel\/#primaryimage\",\"url\":\"https:\/\/bierger.remich.lu\/wp-content\/uploads\/sites\/3\/2018\/08\/john-matychuk-393455-unsplash.jpg\",\"contentUrl\":\"https:\/\/bierger.remich.lu\/wp-content\/uploads\/sites\/3\/2018\/08\/john-matychuk-393455-unsplash.jpg\",\"width\":5184,\"height\":3456},{\"@type\":\"BreadcrumbList\",\"@id\":\"https:\/\/bierger.remich.lu\/de\/services-au-citoyen\/francais-mobilite\/parking-residentiel\/#breadcrumb\",\"itemListElement\":[{\"@type\":\"ListItem\",\"position\":1,\"name\":\"Startseite\",\"item\":\"https:\/\/bierger.remich.lu\/de\/\"},{\"@type\":\"ListItem\",\"position\":2,\"name\":\"B\u00fcrgerdienste\",\"item\":\"https:\/\/bierger.remich.lu\/de\/services-au-citoyen\/\"},{\"@type\":\"ListItem\",\"position\":3,\"name\":\"Mobilit\u00e4t\",\"item\":\"https:\/\/bierger.remich.lu\/de\/services-au-citoyen\/francais-mobilite\/\"},{\"@type\":\"ListItem\",\"position\":4,\"name\":\"Parken in Remich | Parkausweise\"}]},{\"@type\":\"WebSite\",\"@id\":\"https:\/\/bierger.remich.lu\/de\/#website\",\"url\":\"https:\/\/bierger.remich.lu\/de\/\",\"name\":\"Ville de Remich\",\"description\":\"\",\"potentialAction\":[{\"@type\":\"SearchAction\",\"target\":{\"@type\":\"EntryPoint\",\"urlTemplate\":\"https:\/\/bierger.remich.lu\/de\/?s={search_term_string}\"},\"query-input\":{\"@type\":\"PropertyValueSpecification\",\"valueRequired\":true,\"valueName\":\"search_term_string\"}}],\"inLanguage\":\"fr-FR\"}]}<\/script>\n<!-- \/ Yoast SEO plugin. -->","yoast_head_json":{"title":"Stationnement \u00e0 Remich | Les vignettes - Ville de Remich","robots":{"index":"index","follow":"follow","max-snippet":"max-snippet:-1","max-image-preview":"max-image-preview:large","max-video-preview":"max-video-preview:-1"},"canonical":"https:\/\/bierger.remich.lu\/de\/services-au-citoyen\/francais-mobilite\/parking-residentiel\/","og_locale":"fr_FR","og_type":"article","og_title":"Stationnement \u00e0 Remich | Les vignettes - Ville de Remich","og_description":"Vignette &amp; carte-horloge La vignette Stationnement r\u00e9sidentiel Suivant la r\u00e8glementation, tous les m\u00e9nages d\u00e9clar\u00e9s r\u00e9sident au registre de population de la Ville de Remich peuvent demander une vignette permanente. Le permis de stationnement permet au conducteur de stationner gratuitement pendant une dur\u00e9e limit\u00e9e dans diff\u00e9rentes zones, conform\u00e9ment \u00e0 la signalisation. La pose de la vignette,... Lire la suite \u00bb","og_url":"https:\/\/bierger.remich.lu\/de\/services-au-citoyen\/francais-mobilite\/parking-residentiel\/","og_site_name":"Ville de Remich","article_modified_time":"2025-07-02T11:04:57+00:00","og_image":[{"width":1024,"height":683,"url":"https:\/\/bierger.remich.lu\/wp-content\/uploads\/sites\/3\/2018\/08\/john-matychuk-393455-unsplash-1024x683.jpg","type":"image\/jpeg"}],"twitter_card":"summary_large_image","twitter_misc":{"Dur\u00e9e de lecture estim\u00e9e":"7 minutes"},"schema":{"@context":"https:\/\/schema.org","@graph":[{"@type":"WebPage","@id":"https:\/\/bierger.remich.lu\/de\/services-au-citoyen\/francais-mobilite\/parking-residentiel\/","url":"https:\/\/bierger.remich.lu\/de\/services-au-citoyen\/francais-mobilite\/parking-residentiel\/","name":"Stationnement \u00e0 Remich | Les vignettes - Ville de Remich","isPartOf":{"@id":"https:\/\/bierger.remich.lu\/de\/#website"},"primaryImageOfPage":{"@id":"https:\/\/bierger.remich.lu\/de\/services-au-citoyen\/francais-mobilite\/parking-residentiel\/#primaryimage"},"image":{"@id":"https:\/\/bierger.remich.lu\/de\/services-au-citoyen\/francais-mobilite\/parking-residentiel\/#primaryimage"},"thumbnailUrl":"https:\/\/bierger.remich.lu\/wp-content\/uploads\/sites\/3\/2018\/08\/john-matychuk-393455-unsplash.jpg","datePublished":"2018-08-07T11:39:24+00:00","dateModified":"2025-07-02T11:04:57+00:00","breadcrumb":{"@id":"https:\/\/bierger.remich.lu\/de\/services-au-citoyen\/francais-mobilite\/parking-residentiel\/#breadcrumb"},"inLanguage":"fr-FR","potentialAction":[{"@type":"ReadAction","target":["https:\/\/bierger.remich.lu\/de\/services-au-citoyen\/francais-mobilite\/parking-residentiel\/"]}]},{"@type":"ImageObject","inLanguage":"fr-FR","@id":"https:\/\/bierger.remich.lu\/de\/services-au-citoyen\/francais-mobilite\/parking-residentiel\/#primaryimage","url":"https:\/\/bierger.remich.lu\/wp-content\/uploads\/sites\/3\/2018\/08\/john-matychuk-393455-unsplash.jpg","contentUrl":"https:\/\/bierger.remich.lu\/wp-content\/uploads\/sites\/3\/2018\/08\/john-matychuk-393455-unsplash.jpg","width":5184,"height":3456},{"@type":"BreadcrumbList","@id":"https:\/\/bierger.remich.lu\/de\/services-au-citoyen\/francais-mobilite\/parking-residentiel\/#breadcrumb","itemListElement":[{"@type":"ListItem","position":1,"name":"Startseite","item":"https:\/\/bierger.remich.lu\/de\/"},{"@type":"ListItem","position":2,"name":"B\u00fcrgerdienste","item":"https:\/\/bierger.remich.lu\/de\/services-au-citoyen\/"},{"@type":"ListItem","position":3,"name":"Mobilit\u00e4t","item":"https:\/\/bierger.remich.lu\/de\/services-au-citoyen\/francais-mobilite\/"},{"@type":"ListItem","position":4,"name":"Parken in Remich | Parkausweise"}]},{"@type":"WebSite","@id":"https:\/\/bierger.remich.lu\/de\/#website","url":"https:\/\/bierger.remich.lu\/de\/","name":"Ville de Remich","description":"","potentialAction":[{"@type":"SearchAction","target":{"@type":"EntryPoint","urlTemplate":"https:\/\/bierger.remich.lu\/de\/?s={search_term_string}"},"query-input":{"@type":"PropertyValueSpecification","valueRequired":true,"valueName":"search_term_string"}}],"inLanguage":"fr-FR"}]}},"_links":{"self":[{"href":"https:\/\/bierger.remich.lu\/fr\/wp-json\/wp\/v2\/pages\/3934","targetHints":{"allow":["GET"]}}],"collection":[{"href":"https:\/\/bierger.remich.lu\/fr\/wp-json\/wp\/v2\/pages"}],"about":[{"href":"https:\/\/bierger.remich.lu\/fr\/wp-json\/wp\/v2\/types\/page"}],"author":[{"embeddable":true,"href":"https:\/\/bierger.remich.lu\/fr\/wp-json\/wp\/v2\/users\/2"}],"replies":[{"embeddable":true,"href":"https:\/\/bierger.remich.lu\/fr\/wp-json\/wp\/v2\/comments?post=3934"}],"version-history":[{"count":15,"href":"https:\/\/bierger.remich.lu\/fr\/wp-json\/wp\/v2\/pages\/3934\/revisions"}],"predecessor-version":[{"id":17611,"href":"https:\/\/bierger.remich.lu\/fr\/wp-json\/wp\/v2\/pages\/3934\/revisions\/17611"}],"up":[{"embeddable":true,"href":"https:\/\/bierger.remich.lu\/fr\/wp-json\/wp\/v2\/pages\/70"}],"wp:featuredmedia":[{"embeddable":true,"href":"https:\/\/bierger.remich.lu\/fr\/wp-json\/wp\/v2\/media\/3935"}],"wp:attachment":[{"href":"https:\/\/bierger.remich.lu\/fr\/wp-json\/wp\/v2\/media?parent=3934"}],"curies":[{"name":"wp","href":"https:\/\/api.w.org\/{rel}","templated":true}]}}