{"id":4334,"date":"2019-01-11T09:59:05","date_gmt":"2019-01-11T08:59:05","guid":{"rendered":"http:\/\/bierger.remich.lu\/?page_id=4334"},"modified":"2024-11-13T10:39:42","modified_gmt":"2024-11-13T09:39:42","slug":"marketing-tourismus","status":"publish","type":"page","link":"https:\/\/bierger.remich.lu\/fr\/services-au-citoyen\/administration\/marketing-tourismus\/","title":{"rendered":"City Marketing"},"content":{"rendered":"<ul>\n<li>Organisation d&rsquo;\u00e9v\u00e8nements culturels, f\u00eates et autres manifestations<\/li>\n<li>Organisation et gestion des march\u00e9s th\u00e9matiques<\/li>\n<li>Agenda<\/li>\n<li>Autorisations pour manifestations<\/li>\n<li>Relation avec les associations locales<\/li>\n<li>Relation avec les commissions consultatives<\/li>\n<li>G\u00e9rance des salles et places communales<\/li>\n<li>Sites internet et m\u00e9dias sociaux<\/li>\n<li>Coordination et \u00e9laboration de publications communales et touristiques<\/li>\n<li>Coordination touristique<\/li>\n<li>Relations publiques<\/li>\n<li>Relations presse<\/li>\n<\/ul>\n<p>&nbsp;","protected":false},"excerpt":{"rendered":"<p>Organisation d&rsquo;\u00e9v\u00e8nements culturels, f\u00eates et autres manifestations Organisation et gestion des march\u00e9s th\u00e9matiques Agenda Autorisations pour manifestations Relation avec les associations locales Relation avec les commissions consultatives G\u00e9rance des salles et places communales Sites internet et m\u00e9dias sociaux Coordination et \u00e9laboration de publications communales et touristiques Coordination touristique Relations publiques Relations presse &nbsp;<\/p>\n","protected":false},"author":4,"featured_media":0,"parent":54,"menu_order":77,"comment_status":"closed","ping_status":"closed","template":"","meta":{"_acf_changed":false,"xn-wppe-expiration":[],"xn-wppe-expiration-action":[],"xn-wppe-expiration-prefix":[],"footnotes":"","_links_to":"","_links_to_target":""},"class_list":["post-4334","page","type-page","status-publish","hentry","keyword-genehmigung","keyword-kommission","keyword-marche","keyword-tourismus","keyword-verein"],"acf":[],"yoast_head":"<!-- This site is optimized with the Yoast SEO plugin v26.7 - https:\/\/yoast.com\/wordpress\/plugins\/seo\/ -->\n<title>City Marketing - Ville de Remich<\/title>\n<meta name=\"robots\" content=\"index, follow, max-snippet:-1, max-image-preview:large, max-video-preview:-1\" \/>\n<link rel=\"canonical\" href=\"https:\/\/bierger.remich.lu\/services-au-citoyen\/administration\/marketing-tourismus\/\" \/>\n<meta property=\"og:locale\" content=\"fr_FR\" \/>\n<meta property=\"og:type\" content=\"article\" \/>\n<meta property=\"og:title\" content=\"City Marketing - Ville de Remich\" \/>\n<meta property=\"og:description\" content=\"Organisation d&rsquo;\u00e9v\u00e8nements culturels, f\u00eates et autres manifestations Organisation et gestion des march\u00e9s th\u00e9matiques Agenda Autorisations pour manifestations Relation avec les associations locales Relation avec les commissions consultatives G\u00e9rance des salles et places communales Sites internet et m\u00e9dias sociaux Coordination et \u00e9laboration de publications communales et touristiques Coordination touristique Relations publiques Relations presse &nbsp;\" \/>\n<meta property=\"og:url\" content=\"https:\/\/bierger.remich.lu\/services-au-citoyen\/administration\/marketing-tourismus\/\" \/>\n<meta property=\"og:site_name\" content=\"Ville de Remich\" \/>\n<meta property=\"article:modified_time\" content=\"2024-11-13T09:39:42+00:00\" \/>\n<meta name=\"twitter:card\" content=\"summary_large_image\" \/>\n<meta name=\"twitter:label1\" content=\"Dur\u00e9e de lecture estim\u00e9e\" \/>\n\t<meta name=\"twitter:data1\" content=\"1 minute\" \/>\n<script type=\"application\/ld+json\" class=\"yoast-schema-graph\">{\"@context\":\"https:\/\/schema.org\",\"@graph\":[{\"@type\":\"WebPage\",\"@id\":\"https:\/\/bierger.remich.lu\/services-au-citoyen\/administration\/marketing-tourismus\/\",\"url\":\"https:\/\/bierger.remich.lu\/services-au-citoyen\/administration\/marketing-tourismus\/\",\"name\":\"City Marketing - Ville de Remich\",\"isPartOf\":{\"@id\":\"https:\/\/bierger.remich.lu\/de\/#website\"},\"datePublished\":\"2019-01-11T08:59:05+00:00\",\"dateModified\":\"2024-11-13T09:39:42+00:00\",\"breadcrumb\":{\"@id\":\"https:\/\/bierger.remich.lu\/services-au-citoyen\/administration\/marketing-tourismus\/#breadcrumb\"},\"inLanguage\":\"fr-FR\",\"potentialAction\":[{\"@type\":\"ReadAction\",\"target\":[\"https:\/\/bierger.remich.lu\/services-au-citoyen\/administration\/marketing-tourismus\/\"]}]},{\"@type\":\"BreadcrumbList\",\"@id\":\"https:\/\/bierger.remich.lu\/services-au-citoyen\/administration\/marketing-tourismus\/#breadcrumb\",\"itemListElement\":[{\"@type\":\"ListItem\",\"position\":1,\"name\":\"Startseite\",\"item\":\"https:\/\/bierger.remich.lu\/de\/\"},{\"@type\":\"ListItem\",\"position\":2,\"name\":\"B\u00fcrgerdienste\",\"item\":\"https:\/\/bierger.remich.lu\/de\/services-au-citoyen\/\"},{\"@type\":\"ListItem\",\"position\":3,\"name\":\"Verwaltung\",\"item\":\"https:\/\/bierger.remich.lu\/services-au-citoyen\/administration\/\"},{\"@type\":\"ListItem\",\"position\":4,\"name\":\"City Marketing\"}]},{\"@type\":\"WebSite\",\"@id\":\"https:\/\/bierger.remich.lu\/de\/#website\",\"url\":\"https:\/\/bierger.remich.lu\/de\/\",\"name\":\"Ville de Remich\",\"description\":\"\",\"potentialAction\":[{\"@type\":\"SearchAction\",\"target\":{\"@type\":\"EntryPoint\",\"urlTemplate\":\"https:\/\/bierger.remich.lu\/de\/?s={search_term_string}\"},\"query-input\":{\"@type\":\"PropertyValueSpecification\",\"valueRequired\":true,\"valueName\":\"search_term_string\"}}],\"inLanguage\":\"fr-FR\"}]}<\/script>\n<!-- \/ Yoast SEO plugin. -->","yoast_head_json":{"title":"City Marketing - Ville de Remich","robots":{"index":"index","follow":"follow","max-snippet":"max-snippet:-1","max-image-preview":"max-image-preview:large","max-video-preview":"max-video-preview:-1"},"canonical":"https:\/\/bierger.remich.lu\/services-au-citoyen\/administration\/marketing-tourismus\/","og_locale":"fr_FR","og_type":"article","og_title":"City Marketing - Ville de Remich","og_description":"Organisation d&rsquo;\u00e9v\u00e8nements culturels, f\u00eates et autres manifestations Organisation et gestion des march\u00e9s th\u00e9matiques Agenda Autorisations pour manifestations Relation avec les associations locales Relation avec les commissions consultatives G\u00e9rance des salles et places communales Sites internet et m\u00e9dias sociaux Coordination et \u00e9laboration de publications communales et touristiques Coordination touristique Relations publiques Relations presse &nbsp;","og_url":"https:\/\/bierger.remich.lu\/services-au-citoyen\/administration\/marketing-tourismus\/","og_site_name":"Ville de Remich","article_modified_time":"2024-11-13T09:39:42+00:00","twitter_card":"summary_large_image","twitter_misc":{"Dur\u00e9e de lecture estim\u00e9e":"1 minute"},"schema":{"@context":"https:\/\/schema.org","@graph":[{"@type":"WebPage","@id":"https:\/\/bierger.remich.lu\/services-au-citoyen\/administration\/marketing-tourismus\/","url":"https:\/\/bierger.remich.lu\/services-au-citoyen\/administration\/marketing-tourismus\/","name":"City Marketing - Ville de Remich","isPartOf":{"@id":"https:\/\/bierger.remich.lu\/de\/#website"},"datePublished":"2019-01-11T08:59:05+00:00","dateModified":"2024-11-13T09:39:42+00:00","breadcrumb":{"@id":"https:\/\/bierger.remich.lu\/services-au-citoyen\/administration\/marketing-tourismus\/#breadcrumb"},"inLanguage":"fr-FR","potentialAction":[{"@type":"ReadAction","target":["https:\/\/bierger.remich.lu\/services-au-citoyen\/administration\/marketing-tourismus\/"]}]},{"@type":"BreadcrumbList","@id":"https:\/\/bierger.remich.lu\/services-au-citoyen\/administration\/marketing-tourismus\/#breadcrumb","itemListElement":[{"@type":"ListItem","position":1,"name":"Startseite","item":"https:\/\/bierger.remich.lu\/de\/"},{"@type":"ListItem","position":2,"name":"B\u00fcrgerdienste","item":"https:\/\/bierger.remich.lu\/de\/services-au-citoyen\/"},{"@type":"ListItem","position":3,"name":"Verwaltung","item":"https:\/\/bierger.remich.lu\/services-au-citoyen\/administration\/"},{"@type":"ListItem","position":4,"name":"City Marketing"}]},{"@type":"WebSite","@id":"https:\/\/bierger.remich.lu\/de\/#website","url":"https:\/\/bierger.remich.lu\/de\/","name":"Ville de Remich","description":"","potentialAction":[{"@type":"SearchAction","target":{"@type":"EntryPoint","urlTemplate":"https:\/\/bierger.remich.lu\/de\/?s={search_term_string}"},"query-input":{"@type":"PropertyValueSpecification","valueRequired":true,"valueName":"search_term_string"}}],"inLanguage":"fr-FR"}]}},"_links":{"self":[{"href":"https:\/\/bierger.remich.lu\/fr\/wp-json\/wp\/v2\/pages\/4334","targetHints":{"allow":["GET"]}}],"collection":[{"href":"https:\/\/bierger.remich.lu\/fr\/wp-json\/wp\/v2\/pages"}],"about":[{"href":"https:\/\/bierger.remich.lu\/fr\/wp-json\/wp\/v2\/types\/page"}],"author":[{"embeddable":true,"href":"https:\/\/bierger.remich.lu\/fr\/wp-json\/wp\/v2\/users\/4"}],"replies":[{"embeddable":true,"href":"https:\/\/bierger.remich.lu\/fr\/wp-json\/wp\/v2\/comments?post=4334"}],"version-history":[{"count":5,"href":"https:\/\/bierger.remich.lu\/fr\/wp-json\/wp\/v2\/pages\/4334\/revisions"}],"predecessor-version":[{"id":12103,"href":"https:\/\/bierger.remich.lu\/fr\/wp-json\/wp\/v2\/pages\/4334\/revisions\/12103"}],"up":[{"embeddable":true,"href":"https:\/\/bierger.remich.lu\/fr\/wp-json\/wp\/v2\/pages\/54"}],"wp:attachment":[{"href":"https:\/\/bierger.remich.lu\/fr\/wp-json\/wp\/v2\/media?parent=4334"}],"curies":[{"name":"wp","href":"https:\/\/api.w.org\/{rel}","templated":true}]}}