{"id":50,"date":"2016-08-17T14:47:28","date_gmt":"2016-08-17T13:47:28","guid":{"rendered":"http:\/\/reimech.lu\/?page_id=50"},"modified":"2023-08-01T11:11:01","modified_gmt":"2023-08-01T09:11:01","slug":"umwelt","status":"publish","type":"page","link":"https:\/\/bierger.remich.lu\/fr\/ville-de-remich\/umwelt\/","title":{"rendered":"Environnement"},"content":{"rendered":"Dans cette rubrique vous trouvez toutes les informations utiles autour de l&rsquo;environnement tel que :<\/p>\n<ul>\n<li><a href=\"http:\/\/reimech.lu\/fr\/ville-de-remich\/umwelt\/klimabundis\/\">Alliance pour le climat<\/a><\/li>\n<li><a href=\"http:\/\/reimech.lu\/fr\/ville-de-remich\/umwelt\/solarkataster\/\">Cadastre solaire<\/a><\/li>\n<li><a href=\"http:\/\/reimech.lu\/fr\/ville-de-remich\/umwelt\/energieberatung-myenergy\/\">Conseils en \u00e9nergie<\/a><\/li>\n<li><a href=\"https:\/\/bierger.remich.lu\/ville-de-remich\/umwelt\/umweltberater\/\">Conseiller \u00e9cologique<\/a><\/li>\n<li><a href=\"https:\/\/bierger.remich.lu\/ville-de-remich\/umwelt\/energiekooperativ-kanton-remich\/\">Energiekooperativ Kanton Remich<\/a><\/li>\n<li><a href=\"http:\/\/reimech.lu\/fr\/ville-de-remich\/umwelt\/trinkwasser\/\">Eau potable<\/a><\/li>\n<li><a href=\"http:\/\/reimech.lu\/fr\/ville-de-remich\/umwelt\/grunflachen\/\">Espaces verts<\/a><\/li>\n<li><a href=\"http:\/\/reimech.lu\/fr\/ville-de-remich\/umwelt\/fairtrade\/\">Fairtrade<\/a><\/li>\n<li><a href=\"http:\/\/reimech.lu\/fr\/ville-de-remich\/umwelt\/francais-gestion-des-dechets\/\">Gestion des d\u00e9chets<\/a><\/li>\n<li><a href=\"https:\/\/bierger.remich.lu\/ville-de-remich\/umwelt\/interreg\/\">Interreg<\/a><\/li>\n<li><a href=\"http:\/\/reimech.lu\/fr\/ville-de-remich\/umwelt\/klimapakt\/\">Pacte climat<\/a><\/li>\n<li><a href=\"https:\/\/bierger.remich.lu\/ville-de-remich\/umwelt\/station-biologique-sias\/\">Station biologique SIAS<\/a><\/li>\n<\/ul>","protected":false},"excerpt":{"rendered":"<p>Dans cette rubrique vous trouvez toutes les informations utiles autour de l&rsquo;environnement tel que : Alliance pour le climat Cadastre solaire Conseils en \u00e9nergie Conseiller \u00e9cologique Energiekooperativ Kanton Remich Eau potable Espaces verts Fairtrade Gestion des d\u00e9chets Interreg Pacte climat Station biologique SIAS<\/p>\n","protected":false},"author":1,"featured_media":486,"parent":13,"menu_order":22,"comment_status":"closed","ping_status":"closed","template":"","meta":{"_acf_changed":false,"xn-wppe-expiration":[],"xn-wppe-expiration-action":[],"xn-wppe-expiration-prefix":[],"footnotes":"","_links_to":"","_links_to_target":""},"class_list":["post-50","page","type-page","status-publish","has-post-thumbnail","hentry","keyword-abfall"],"acf":[],"yoast_head":"<!-- This site is optimized with the Yoast SEO plugin v26.7 - https:\/\/yoast.com\/wordpress\/plugins\/seo\/ -->\n<title>Environnement - Ville de Remich<\/title>\n<meta name=\"robots\" content=\"index, follow, max-snippet:-1, max-image-preview:large, max-video-preview:-1\" \/>\n<link rel=\"canonical\" href=\"https:\/\/bierger.remich.lu\/de\/ville-de-remich\/umwelt\/\" \/>\n<meta property=\"og:locale\" content=\"fr_FR\" \/>\n<meta property=\"og:type\" content=\"article\" \/>\n<meta property=\"og:title\" content=\"Environnement - Ville de Remich\" \/>\n<meta property=\"og:description\" content=\"Dans cette rubrique vous trouvez toutes les informations utiles autour de l&rsquo;environnement tel que : Alliance pour le climat Cadastre solaire Conseils en \u00e9nergie Conseiller \u00e9cologique Energiekooperativ Kanton Remich Eau potable Espaces verts Fairtrade Gestion des d\u00e9chets Interreg Pacte climat Station biologique SIAS\" \/>\n<meta property=\"og:url\" content=\"https:\/\/bierger.remich.lu\/de\/ville-de-remich\/umwelt\/\" \/>\n<meta property=\"og:site_name\" content=\"Ville de Remich\" \/>\n<meta property=\"article:modified_time\" content=\"2023-08-01T09:11:01+00:00\" \/>\n<meta property=\"og:image\" content=\"https:\/\/bierger.remich.lu\/wp-content\/uploads\/sites\/3\/2016\/08\/309B4502-3-605x1024.jpg\" \/>\n\t<meta property=\"og:image:width\" content=\"605\" \/>\n\t<meta property=\"og:image:height\" content=\"1024\" \/>\n\t<meta property=\"og:image:type\" content=\"image\/jpeg\" \/>\n<meta name=\"twitter:card\" content=\"summary_large_image\" \/>\n<meta name=\"twitter:label1\" content=\"Dur\u00e9e de lecture estim\u00e9e\" \/>\n\t<meta name=\"twitter:data1\" content=\"1 minute\" \/>\n<script type=\"application\/ld+json\" class=\"yoast-schema-graph\">{\"@context\":\"https:\/\/schema.org\",\"@graph\":[{\"@type\":\"WebPage\",\"@id\":\"https:\/\/bierger.remich.lu\/de\/ville-de-remich\/umwelt\/\",\"url\":\"https:\/\/bierger.remich.lu\/de\/ville-de-remich\/umwelt\/\",\"name\":\"Environnement - Ville de Remich\",\"isPartOf\":{\"@id\":\"https:\/\/bierger.remich.lu\/de\/#website\"},\"primaryImageOfPage\":{\"@id\":\"https:\/\/bierger.remich.lu\/de\/ville-de-remich\/umwelt\/#primaryimage\"},\"image\":{\"@id\":\"https:\/\/bierger.remich.lu\/de\/ville-de-remich\/umwelt\/#primaryimage\"},\"thumbnailUrl\":\"https:\/\/bierger.remich.lu\/wp-content\/uploads\/sites\/3\/2016\/08\/309B4502-3.jpg\",\"datePublished\":\"2016-08-17T13:47:28+00:00\",\"dateModified\":\"2023-08-01T09:11:01+00:00\",\"breadcrumb\":{\"@id\":\"https:\/\/bierger.remich.lu\/de\/ville-de-remich\/umwelt\/#breadcrumb\"},\"inLanguage\":\"fr-FR\",\"potentialAction\":[{\"@type\":\"ReadAction\",\"target\":[\"https:\/\/bierger.remich.lu\/de\/ville-de-remich\/umwelt\/\"]}]},{\"@type\":\"ImageObject\",\"inLanguage\":\"fr-FR\",\"@id\":\"https:\/\/bierger.remich.lu\/de\/ville-de-remich\/umwelt\/#primaryimage\",\"url\":\"https:\/\/bierger.remich.lu\/wp-content\/uploads\/sites\/3\/2016\/08\/309B4502-3.jpg\",\"contentUrl\":\"https:\/\/bierger.remich.lu\/wp-content\/uploads\/sites\/3\/2016\/08\/309B4502-3.jpg\",\"width\":3027,\"height\":5123},{\"@type\":\"BreadcrumbList\",\"@id\":\"https:\/\/bierger.remich.lu\/de\/ville-de-remich\/umwelt\/#breadcrumb\",\"itemListElement\":[{\"@type\":\"ListItem\",\"position\":1,\"name\":\"Startseite\",\"item\":\"https:\/\/bierger.remich.lu\/de\/\"},{\"@type\":\"ListItem\",\"position\":2,\"name\":\"Stadt Remich\",\"item\":\"https:\/\/bierger.remich.lu\/de\/ville-de-remich\/\"},{\"@type\":\"ListItem\",\"position\":3,\"name\":\"Umwelt\"}]},{\"@type\":\"WebSite\",\"@id\":\"https:\/\/bierger.remich.lu\/de\/#website\",\"url\":\"https:\/\/bierger.remich.lu\/de\/\",\"name\":\"Ville de Remich\",\"description\":\"\",\"potentialAction\":[{\"@type\":\"SearchAction\",\"target\":{\"@type\":\"EntryPoint\",\"urlTemplate\":\"https:\/\/bierger.remich.lu\/de\/?s={search_term_string}\"},\"query-input\":{\"@type\":\"PropertyValueSpecification\",\"valueRequired\":true,\"valueName\":\"search_term_string\"}}],\"inLanguage\":\"fr-FR\"}]}<\/script>\n<!-- \/ Yoast SEO plugin. -->","yoast_head_json":{"title":"Environnement - Ville de Remich","robots":{"index":"index","follow":"follow","max-snippet":"max-snippet:-1","max-image-preview":"max-image-preview:large","max-video-preview":"max-video-preview:-1"},"canonical":"https:\/\/bierger.remich.lu\/de\/ville-de-remich\/umwelt\/","og_locale":"fr_FR","og_type":"article","og_title":"Environnement - Ville de Remich","og_description":"Dans cette rubrique vous trouvez toutes les informations utiles autour de l&rsquo;environnement tel que : Alliance pour le climat Cadastre solaire Conseils en \u00e9nergie Conseiller \u00e9cologique Energiekooperativ Kanton Remich Eau potable Espaces verts Fairtrade Gestion des d\u00e9chets Interreg Pacte climat Station biologique SIAS","og_url":"https:\/\/bierger.remich.lu\/de\/ville-de-remich\/umwelt\/","og_site_name":"Ville de Remich","article_modified_time":"2023-08-01T09:11:01+00:00","og_image":[{"width":605,"height":1024,"url":"https:\/\/bierger.remich.lu\/wp-content\/uploads\/sites\/3\/2016\/08\/309B4502-3-605x1024.jpg","type":"image\/jpeg"}],"twitter_card":"summary_large_image","twitter_misc":{"Dur\u00e9e de lecture estim\u00e9e":"1 minute"},"schema":{"@context":"https:\/\/schema.org","@graph":[{"@type":"WebPage","@id":"https:\/\/bierger.remich.lu\/de\/ville-de-remich\/umwelt\/","url":"https:\/\/bierger.remich.lu\/de\/ville-de-remich\/umwelt\/","name":"Environnement - Ville de Remich","isPartOf":{"@id":"https:\/\/bierger.remich.lu\/de\/#website"},"primaryImageOfPage":{"@id":"https:\/\/bierger.remich.lu\/de\/ville-de-remich\/umwelt\/#primaryimage"},"image":{"@id":"https:\/\/bierger.remich.lu\/de\/ville-de-remich\/umwelt\/#primaryimage"},"thumbnailUrl":"https:\/\/bierger.remich.lu\/wp-content\/uploads\/sites\/3\/2016\/08\/309B4502-3.jpg","datePublished":"2016-08-17T13:47:28+00:00","dateModified":"2023-08-01T09:11:01+00:00","breadcrumb":{"@id":"https:\/\/bierger.remich.lu\/de\/ville-de-remich\/umwelt\/#breadcrumb"},"inLanguage":"fr-FR","potentialAction":[{"@type":"ReadAction","target":["https:\/\/bierger.remich.lu\/de\/ville-de-remich\/umwelt\/"]}]},{"@type":"ImageObject","inLanguage":"fr-FR","@id":"https:\/\/bierger.remich.lu\/de\/ville-de-remich\/umwelt\/#primaryimage","url":"https:\/\/bierger.remich.lu\/wp-content\/uploads\/sites\/3\/2016\/08\/309B4502-3.jpg","contentUrl":"https:\/\/bierger.remich.lu\/wp-content\/uploads\/sites\/3\/2016\/08\/309B4502-3.jpg","width":3027,"height":5123},{"@type":"BreadcrumbList","@id":"https:\/\/bierger.remich.lu\/de\/ville-de-remich\/umwelt\/#breadcrumb","itemListElement":[{"@type":"ListItem","position":1,"name":"Startseite","item":"https:\/\/bierger.remich.lu\/de\/"},{"@type":"ListItem","position":2,"name":"Stadt Remich","item":"https:\/\/bierger.remich.lu\/de\/ville-de-remich\/"},{"@type":"ListItem","position":3,"name":"Umwelt"}]},{"@type":"WebSite","@id":"https:\/\/bierger.remich.lu\/de\/#website","url":"https:\/\/bierger.remich.lu\/de\/","name":"Ville de Remich","description":"","potentialAction":[{"@type":"SearchAction","target":{"@type":"EntryPoint","urlTemplate":"https:\/\/bierger.remich.lu\/de\/?s={search_term_string}"},"query-input":{"@type":"PropertyValueSpecification","valueRequired":true,"valueName":"search_term_string"}}],"inLanguage":"fr-FR"}]}},"_links":{"self":[{"href":"https:\/\/bierger.remich.lu\/fr\/wp-json\/wp\/v2\/pages\/50","targetHints":{"allow":["GET"]}}],"collection":[{"href":"https:\/\/bierger.remich.lu\/fr\/wp-json\/wp\/v2\/pages"}],"about":[{"href":"https:\/\/bierger.remich.lu\/fr\/wp-json\/wp\/v2\/types\/page"}],"author":[{"embeddable":true,"href":"https:\/\/bierger.remich.lu\/fr\/wp-json\/wp\/v2\/users\/1"}],"replies":[{"embeddable":true,"href":"https:\/\/bierger.remich.lu\/fr\/wp-json\/wp\/v2\/comments?post=50"}],"version-history":[{"count":20,"href":"https:\/\/bierger.remich.lu\/fr\/wp-json\/wp\/v2\/pages\/50\/revisions"}],"predecessor-version":[{"id":12730,"href":"https:\/\/bierger.remich.lu\/fr\/wp-json\/wp\/v2\/pages\/50\/revisions\/12730"}],"up":[{"embeddable":true,"href":"https:\/\/bierger.remich.lu\/fr\/wp-json\/wp\/v2\/pages\/13"}],"wp:featuredmedia":[{"embeddable":true,"href":"https:\/\/bierger.remich.lu\/fr\/wp-json\/wp\/v2\/media\/486"}],"wp:attachment":[{"href":"https:\/\/bierger.remich.lu\/fr\/wp-json\/wp\/v2\/media?parent=50"}],"curies":[{"name":"wp","href":"https:\/\/api.w.org\/{rel}","templated":true}]}}