{"id":52,"date":"2016-08-17T14:47:49","date_gmt":"2016-08-17T13:47:49","guid":{"rendered":"http:\/\/reimech.lu\/?page_id=52"},"modified":"2018-03-13T09:02:58","modified_gmt":"2018-03-13T08:02:58","slug":"jugendhaus","status":"publish","type":"page","link":"https:\/\/bierger.remich.lu\/fr\/ville-de-remich\/jugendhaus\/","title":{"rendered":"Maison des jeunes"},"content":{"rendered":"La maison des jeunes propose aux jeunes \u00e2g\u00e9s entre 12 ans et 26 ans un cadre structurant et rassurant pour se rencontrer,\u00a0partager des moments de convivialit\u00e9s et pour pouvoir ainsi d\u00e9velopper leurs comp\u00e9tences et savoir-faire .<\/p>\n<p>Les \u00e9ducateurs sont \u00e0\u00a0leur \u00e9coute et peuvent\u00a0les accompagner et soutenir dans l&rsquo;\u00e9laboration de projets individuels et\/ou collectifs. et proposent\u00a0une aide aux devoirs \u00e0 domicile.<\/p>\n<p>Sont propos\u00e9s, avec l&rsquo;implication des jeunes, des activit\u00e9s,\u00a0des projets de groupe, des ateliers cuisine, des ateliers cr\u00e9atifs, des d\u00e9bats, workshops\u00a0et discussions sur diff\u00e9rents th\u00e8mes, de l&rsquo;information en lien avec les loisirs, la formation, l&#8217;emploi, la scolarit\u00e9\u2026<\/p>\n<p>Les \u00e9ducateurs peuvent aussi soutenir les jeunes dans le cadre d&rsquo;aide aux d\u00e9marches administratives (lettre de motivation, curriculum vitae, courrier\u2026.) et assurer un suivi \u00e0 travers la relation d&rsquo;aide avec un accompagnement personnalis\u00e9.<\/p>\n<p>Sont \u00e0 dispositon des jeunes: Kicker, Billard,\u00a0jeux vid\u00e9os, jeux de soci\u00e9t\u00e9, diverses revues, acc\u00e8s aux ordinateurs, un bar de boissons et snacks et\u00a0une salle de musique insonoris\u00e9e.<\/p>\n<p>&nbsp;","protected":false},"excerpt":{"rendered":"<p>La maison des jeunes propose aux jeunes \u00e2g\u00e9s entre 12 ans et 26 ans un cadre structurant et rassurant pour se rencontrer,\u00a0partager des moments de convivialit\u00e9s et pour pouvoir ainsi d\u00e9velopper leurs comp\u00e9tences et savoir-faire . Les \u00e9ducateurs sont \u00e0\u00a0leur \u00e9coute et peuvent\u00a0les accompagner et soutenir dans l&rsquo;\u00e9laboration de projets individuels et\/ou collectifs. et proposent\u00a0une&#8230;  <a class=\"excerpt-read-more\" href=\"https:\/\/bierger.remich.lu\/fr\/ville-de-remich\/jugendhaus\/\" title=\"ReadMaison des jeunes\">Lire la suite \u00bb<\/a><\/p>\n","protected":false},"author":1,"featured_media":2286,"parent":13,"menu_order":42,"comment_status":"closed","ping_status":"closed","template":"","meta":{"_acf_changed":false,"xn-wppe-expiration":[],"xn-wppe-expiration-action":[],"xn-wppe-expiration-prefix":[],"footnotes":"","_links_to":"","_links_to_target":""},"class_list":["post-52","page","type-page","status-publish","has-post-thumbnail","hentry","keyword-maison-des-jeunes"],"acf":[],"yoast_head":"<!-- This site is optimized with the Yoast SEO plugin v26.7 - https:\/\/yoast.com\/wordpress\/plugins\/seo\/ -->\n<title>Maison des jeunes - Ville de Remich<\/title>\n<meta name=\"robots\" content=\"index, follow, max-snippet:-1, max-image-preview:large, max-video-preview:-1\" \/>\n<link rel=\"canonical\" href=\"https:\/\/bierger.remich.lu\/de\/ville-de-remich\/jugendhaus\/\" \/>\n<meta property=\"og:locale\" content=\"fr_FR\" \/>\n<meta property=\"og:type\" content=\"article\" \/>\n<meta property=\"og:title\" content=\"Maison des jeunes - Ville de Remich\" \/>\n<meta property=\"og:description\" content=\"La maison des jeunes propose aux jeunes \u00e2g\u00e9s entre 12 ans et 26 ans un cadre structurant et rassurant pour se rencontrer,\u00a0partager des moments de convivialit\u00e9s et pour pouvoir ainsi d\u00e9velopper leurs comp\u00e9tences et savoir-faire . Les \u00e9ducateurs sont \u00e0\u00a0leur \u00e9coute et peuvent\u00a0les accompagner et soutenir dans l&rsquo;\u00e9laboration de projets individuels et\/ou collectifs. et proposent\u00a0une... Lire la suite \u00bb\" \/>\n<meta property=\"og:url\" content=\"https:\/\/bierger.remich.lu\/de\/ville-de-remich\/jugendhaus\/\" \/>\n<meta property=\"og:site_name\" content=\"Ville de Remich\" \/>\n<meta property=\"article:modified_time\" content=\"2018-03-13T08:02:58+00:00\" \/>\n<meta property=\"og:image\" content=\"https:\/\/bierger.remich.lu\/wp-content\/uploads\/sites\/3\/2016\/08\/lucas-gallone-228252-1024x681.jpg\" \/>\n\t<meta property=\"og:image:width\" content=\"1024\" \/>\n\t<meta property=\"og:image:height\" content=\"681\" \/>\n\t<meta property=\"og:image:type\" content=\"image\/jpeg\" \/>\n<meta name=\"twitter:card\" content=\"summary_large_image\" \/>\n<meta name=\"twitter:label1\" content=\"Dur\u00e9e de lecture estim\u00e9e\" \/>\n\t<meta name=\"twitter:data1\" content=\"2 minutes\" \/>\n<script type=\"application\/ld+json\" class=\"yoast-schema-graph\">{\"@context\":\"https:\/\/schema.org\",\"@graph\":[{\"@type\":\"WebPage\",\"@id\":\"https:\/\/bierger.remich.lu\/de\/ville-de-remich\/jugendhaus\/\",\"url\":\"https:\/\/bierger.remich.lu\/de\/ville-de-remich\/jugendhaus\/\",\"name\":\"Maison des jeunes - Ville de Remich\",\"isPartOf\":{\"@id\":\"https:\/\/bierger.remich.lu\/de\/#website\"},\"primaryImageOfPage\":{\"@id\":\"https:\/\/bierger.remich.lu\/de\/ville-de-remich\/jugendhaus\/#primaryimage\"},\"image\":{\"@id\":\"https:\/\/bierger.remich.lu\/de\/ville-de-remich\/jugendhaus\/#primaryimage\"},\"thumbnailUrl\":\"https:\/\/bierger.remich.lu\/wp-content\/uploads\/sites\/3\/2016\/08\/lucas-gallone-228252.jpg\",\"datePublished\":\"2016-08-17T13:47:49+00:00\",\"dateModified\":\"2018-03-13T08:02:58+00:00\",\"breadcrumb\":{\"@id\":\"https:\/\/bierger.remich.lu\/de\/ville-de-remich\/jugendhaus\/#breadcrumb\"},\"inLanguage\":\"fr-FR\",\"potentialAction\":[{\"@type\":\"ReadAction\",\"target\":[\"https:\/\/bierger.remich.lu\/de\/ville-de-remich\/jugendhaus\/\"]}]},{\"@type\":\"ImageObject\",\"inLanguage\":\"fr-FR\",\"@id\":\"https:\/\/bierger.remich.lu\/de\/ville-de-remich\/jugendhaus\/#primaryimage\",\"url\":\"https:\/\/bierger.remich.lu\/wp-content\/uploads\/sites\/3\/2016\/08\/lucas-gallone-228252.jpg\",\"contentUrl\":\"https:\/\/bierger.remich.lu\/wp-content\/uploads\/sites\/3\/2016\/08\/lucas-gallone-228252.jpg\",\"width\":6016,\"height\":4000},{\"@type\":\"BreadcrumbList\",\"@id\":\"https:\/\/bierger.remich.lu\/de\/ville-de-remich\/jugendhaus\/#breadcrumb\",\"itemListElement\":[{\"@type\":\"ListItem\",\"position\":1,\"name\":\"Startseite\",\"item\":\"https:\/\/bierger.remich.lu\/de\/\"},{\"@type\":\"ListItem\",\"position\":2,\"name\":\"Stadt Remich\",\"item\":\"https:\/\/bierger.remich.lu\/de\/ville-de-remich\/\"},{\"@type\":\"ListItem\",\"position\":3,\"name\":\"Jugendhaus\"}]},{\"@type\":\"WebSite\",\"@id\":\"https:\/\/bierger.remich.lu\/de\/#website\",\"url\":\"https:\/\/bierger.remich.lu\/de\/\",\"name\":\"Ville de Remich\",\"description\":\"\",\"potentialAction\":[{\"@type\":\"SearchAction\",\"target\":{\"@type\":\"EntryPoint\",\"urlTemplate\":\"https:\/\/bierger.remich.lu\/de\/?s={search_term_string}\"},\"query-input\":{\"@type\":\"PropertyValueSpecification\",\"valueRequired\":true,\"valueName\":\"search_term_string\"}}],\"inLanguage\":\"fr-FR\"}]}<\/script>\n<!-- \/ Yoast SEO plugin. -->","yoast_head_json":{"title":"Maison des jeunes - Ville de Remich","robots":{"index":"index","follow":"follow","max-snippet":"max-snippet:-1","max-image-preview":"max-image-preview:large","max-video-preview":"max-video-preview:-1"},"canonical":"https:\/\/bierger.remich.lu\/de\/ville-de-remich\/jugendhaus\/","og_locale":"fr_FR","og_type":"article","og_title":"Maison des jeunes - Ville de Remich","og_description":"La maison des jeunes propose aux jeunes \u00e2g\u00e9s entre 12 ans et 26 ans un cadre structurant et rassurant pour se rencontrer,\u00a0partager des moments de convivialit\u00e9s et pour pouvoir ainsi d\u00e9velopper leurs comp\u00e9tences et savoir-faire . Les \u00e9ducateurs sont \u00e0\u00a0leur \u00e9coute et peuvent\u00a0les accompagner et soutenir dans l&rsquo;\u00e9laboration de projets individuels et\/ou collectifs. et proposent\u00a0une... Lire la suite \u00bb","og_url":"https:\/\/bierger.remich.lu\/de\/ville-de-remich\/jugendhaus\/","og_site_name":"Ville de Remich","article_modified_time":"2018-03-13T08:02:58+00:00","og_image":[{"width":1024,"height":681,"url":"https:\/\/bierger.remich.lu\/wp-content\/uploads\/sites\/3\/2016\/08\/lucas-gallone-228252-1024x681.jpg","type":"image\/jpeg"}],"twitter_card":"summary_large_image","twitter_misc":{"Dur\u00e9e de lecture estim\u00e9e":"2 minutes"},"schema":{"@context":"https:\/\/schema.org","@graph":[{"@type":"WebPage","@id":"https:\/\/bierger.remich.lu\/de\/ville-de-remich\/jugendhaus\/","url":"https:\/\/bierger.remich.lu\/de\/ville-de-remich\/jugendhaus\/","name":"Maison des jeunes - Ville de Remich","isPartOf":{"@id":"https:\/\/bierger.remich.lu\/de\/#website"},"primaryImageOfPage":{"@id":"https:\/\/bierger.remich.lu\/de\/ville-de-remich\/jugendhaus\/#primaryimage"},"image":{"@id":"https:\/\/bierger.remich.lu\/de\/ville-de-remich\/jugendhaus\/#primaryimage"},"thumbnailUrl":"https:\/\/bierger.remich.lu\/wp-content\/uploads\/sites\/3\/2016\/08\/lucas-gallone-228252.jpg","datePublished":"2016-08-17T13:47:49+00:00","dateModified":"2018-03-13T08:02:58+00:00","breadcrumb":{"@id":"https:\/\/bierger.remich.lu\/de\/ville-de-remich\/jugendhaus\/#breadcrumb"},"inLanguage":"fr-FR","potentialAction":[{"@type":"ReadAction","target":["https:\/\/bierger.remich.lu\/de\/ville-de-remich\/jugendhaus\/"]}]},{"@type":"ImageObject","inLanguage":"fr-FR","@id":"https:\/\/bierger.remich.lu\/de\/ville-de-remich\/jugendhaus\/#primaryimage","url":"https:\/\/bierger.remich.lu\/wp-content\/uploads\/sites\/3\/2016\/08\/lucas-gallone-228252.jpg","contentUrl":"https:\/\/bierger.remich.lu\/wp-content\/uploads\/sites\/3\/2016\/08\/lucas-gallone-228252.jpg","width":6016,"height":4000},{"@type":"BreadcrumbList","@id":"https:\/\/bierger.remich.lu\/de\/ville-de-remich\/jugendhaus\/#breadcrumb","itemListElement":[{"@type":"ListItem","position":1,"name":"Startseite","item":"https:\/\/bierger.remich.lu\/de\/"},{"@type":"ListItem","position":2,"name":"Stadt Remich","item":"https:\/\/bierger.remich.lu\/de\/ville-de-remich\/"},{"@type":"ListItem","position":3,"name":"Jugendhaus"}]},{"@type":"WebSite","@id":"https:\/\/bierger.remich.lu\/de\/#website","url":"https:\/\/bierger.remich.lu\/de\/","name":"Ville de Remich","description":"","potentialAction":[{"@type":"SearchAction","target":{"@type":"EntryPoint","urlTemplate":"https:\/\/bierger.remich.lu\/de\/?s={search_term_string}"},"query-input":{"@type":"PropertyValueSpecification","valueRequired":true,"valueName":"search_term_string"}}],"inLanguage":"fr-FR"}]}},"_links":{"self":[{"href":"https:\/\/bierger.remich.lu\/fr\/wp-json\/wp\/v2\/pages\/52","targetHints":{"allow":["GET"]}}],"collection":[{"href":"https:\/\/bierger.remich.lu\/fr\/wp-json\/wp\/v2\/pages"}],"about":[{"href":"https:\/\/bierger.remich.lu\/fr\/wp-json\/wp\/v2\/types\/page"}],"author":[{"embeddable":true,"href":"https:\/\/bierger.remich.lu\/fr\/wp-json\/wp\/v2\/users\/1"}],"replies":[{"embeddable":true,"href":"https:\/\/bierger.remich.lu\/fr\/wp-json\/wp\/v2\/comments?post=52"}],"version-history":[{"count":7,"href":"https:\/\/bierger.remich.lu\/fr\/wp-json\/wp\/v2\/pages\/52\/revisions"}],"predecessor-version":[{"id":3221,"href":"https:\/\/bierger.remich.lu\/fr\/wp-json\/wp\/v2\/pages\/52\/revisions\/3221"}],"up":[{"embeddable":true,"href":"https:\/\/bierger.remich.lu\/fr\/wp-json\/wp\/v2\/pages\/13"}],"wp:featuredmedia":[{"embeddable":true,"href":"https:\/\/bierger.remich.lu\/fr\/wp-json\/wp\/v2\/media\/2286"}],"wp:attachment":[{"href":"https:\/\/bierger.remich.lu\/fr\/wp-json\/wp\/v2\/media?parent=52"}],"curies":[{"name":"wp","href":"https:\/\/api.w.org\/{rel}","templated":true}]}}