{"id":593,"date":"2016-10-25T14:59:09","date_gmt":"2016-10-25T13:59:09","guid":{"rendered":"http:\/\/reimech.lu\/?page_id=593"},"modified":"2018-02-22T12:16:57","modified_gmt":"2018-02-22T11:16:57","slug":"francais-office-social","status":"publish","type":"page","link":"https:\/\/bierger.remich.lu\/fr\/services-au-citoyen\/soziales-und-3-alter\/francais-office-social\/","title":{"rendered":"Office social"},"content":{"rendered":"Depuis l&rsquo;entr\u00e9e en viguer le 1er janvier 2011 de la\u00a0nouvelle loi sur l&rsquo;organisation de l&rsquo;aide sociale du\u00a018 d\u00e9cembre 2009, les \u00ab\u00a0anciens\u00a0\u00bb offices sociaux qui se trouvaient au sein des communes de Bous, Burmerange, Lenningen, Remich, Schengen, Stadtbredimus, Waldbredimus et Wellenstein ont \u00e9t\u00e9\u00a0dissous et leurs missions ont \u00e9t\u00e9 reprises par un office social commun qui a son si\u00e8ge social \u00e0 Remich.<\/p>\n<p>Domaines d&rsquo;action:<\/p>\n<ul>\n<li>difficult\u00e9s au travail<\/li>\n<li>probl\u00e8mes de logement<\/li>\n<li>probl\u00e8mes financiers<\/li>\n<li>probl\u00e8mes familiaux<\/li>\n<li>probl\u00e8mes personnels<\/li>\n<li>droit \u00e0 une allocation de vie ch\u00e8re<\/li>\n<li>besoin d&rsquo;une aide alimentaire<\/li>\n<li>souhait d&rsquo;un accompagnement social<\/li>\n<li>n\u00e9cessit\u00e9 d&rsquo;une aide administrative pour la communication avec d&rsquo;autres organisations sociales<\/li>\n<\/ul>\n<p>L&rsquo;Office Social Commun de Remich vous propose son aide et un accompagnement social \u00e0 court, moyen ou long terme suivant vos besoins individuels, en collaboration avec d&rsquo;autres organismes sociaux.","protected":false},"excerpt":{"rendered":"<p>Depuis l&rsquo;entr\u00e9e en viguer le 1er janvier 2011 de la\u00a0nouvelle loi sur l&rsquo;organisation de l&rsquo;aide sociale du\u00a018 d\u00e9cembre 2009, les \u00ab\u00a0anciens\u00a0\u00bb offices sociaux qui se trouvaient au sein des communes de Bous, Burmerange, Lenningen, Remich, Schengen, Stadtbredimus, Waldbredimus et Wellenstein ont \u00e9t\u00e9\u00a0dissous et leurs missions ont \u00e9t\u00e9 reprises par un office social commun qui a&#8230;  <a class=\"excerpt-read-more\" href=\"https:\/\/bierger.remich.lu\/fr\/services-au-citoyen\/soziales-und-3-alter\/francais-office-social\/\" title=\"ReadOffice social\">Lire la suite \u00bb<\/a><\/p>\n","protected":false},"author":1,"featured_media":0,"parent":2917,"menu_order":86,"comment_status":"closed","ping_status":"closed","template":"","meta":{"_acf_changed":false,"xn-wppe-expiration":[],"xn-wppe-expiration-action":[],"xn-wppe-expiration-prefix":[],"footnotes":"","_links_to":"","_links_to_target":""},"class_list":["post-593","page","type-page","status-publish","hentry"],"acf":[],"yoast_head":"<!-- This site is optimized with the Yoast SEO plugin v26.7 - https:\/\/yoast.com\/wordpress\/plugins\/seo\/ -->\n<title>Office social - Ville de Remich<\/title>\n<meta name=\"robots\" content=\"index, follow, max-snippet:-1, max-image-preview:large, max-video-preview:-1\" \/>\n<link rel=\"canonical\" href=\"https:\/\/bierger.remich.lu\/fr\/services-au-citoyen\/soziales-und-3-alter\/francais-office-social\/\" \/>\n<meta property=\"og:locale\" content=\"fr_FR\" \/>\n<meta property=\"og:type\" content=\"article\" \/>\n<meta property=\"og:title\" content=\"Office social - Ville de Remich\" \/>\n<meta property=\"og:description\" content=\"Depuis l&rsquo;entr\u00e9e en viguer le 1er janvier 2011 de la\u00a0nouvelle loi sur l&rsquo;organisation de l&rsquo;aide sociale du\u00a018 d\u00e9cembre 2009, les \u00ab\u00a0anciens\u00a0\u00bb offices sociaux qui se trouvaient au sein des communes de Bous, Burmerange, Lenningen, Remich, Schengen, Stadtbredimus, Waldbredimus et Wellenstein ont \u00e9t\u00e9\u00a0dissous et leurs missions ont \u00e9t\u00e9 reprises par un office social commun qui a... Lire la suite \u00bb\" \/>\n<meta property=\"og:url\" content=\"https:\/\/bierger.remich.lu\/fr\/services-au-citoyen\/soziales-und-3-alter\/francais-office-social\/\" \/>\n<meta property=\"og:site_name\" content=\"Ville de Remich\" \/>\n<meta property=\"article:modified_time\" content=\"2018-02-22T11:16:57+00:00\" \/>\n<meta name=\"twitter:card\" content=\"summary_large_image\" \/>\n<meta name=\"twitter:label1\" content=\"Dur\u00e9e de lecture estim\u00e9e\" \/>\n\t<meta name=\"twitter:data1\" content=\"1 minute\" \/>\n<script type=\"application\/ld+json\" class=\"yoast-schema-graph\">{\"@context\":\"https:\/\/schema.org\",\"@graph\":[{\"@type\":\"WebPage\",\"@id\":\"https:\/\/bierger.remich.lu\/fr\/services-au-citoyen\/soziales-und-3-alter\/francais-office-social\/\",\"url\":\"https:\/\/bierger.remich.lu\/fr\/services-au-citoyen\/soziales-und-3-alter\/francais-office-social\/\",\"name\":\"Office social - Ville de Remich\",\"isPartOf\":{\"@id\":\"https:\/\/bierger.remich.lu\/de\/#website\"},\"datePublished\":\"2016-10-25T13:59:09+00:00\",\"dateModified\":\"2018-02-22T11:16:57+00:00\",\"breadcrumb\":{\"@id\":\"https:\/\/bierger.remich.lu\/fr\/services-au-citoyen\/soziales-und-3-alter\/francais-office-social\/#breadcrumb\"},\"inLanguage\":\"fr-FR\",\"potentialAction\":[{\"@type\":\"ReadAction\",\"target\":[\"https:\/\/bierger.remich.lu\/fr\/services-au-citoyen\/soziales-und-3-alter\/francais-office-social\/\"]}]},{\"@type\":\"BreadcrumbList\",\"@id\":\"https:\/\/bierger.remich.lu\/fr\/services-au-citoyen\/soziales-und-3-alter\/francais-office-social\/#breadcrumb\",\"itemListElement\":[{\"@type\":\"ListItem\",\"position\":1,\"name\":\"Startseite\",\"item\":\"https:\/\/bierger.remich.lu\/de\/\"},{\"@type\":\"ListItem\",\"position\":2,\"name\":\"B\u00fcrgerdienste\",\"item\":\"https:\/\/bierger.remich.lu\/de\/services-au-citoyen\/\"},{\"@type\":\"ListItem\",\"position\":3,\"name\":\"Soziales und 3. Alter\",\"item\":\"https:\/\/bierger.remich.lu\/de\/services-au-citoyen\/soziales-und-3-alter\/\"},{\"@type\":\"ListItem\",\"position\":4,\"name\":\"Office social\"}]},{\"@type\":\"WebSite\",\"@id\":\"https:\/\/bierger.remich.lu\/de\/#website\",\"url\":\"https:\/\/bierger.remich.lu\/de\/\",\"name\":\"Ville de Remich\",\"description\":\"\",\"potentialAction\":[{\"@type\":\"SearchAction\",\"target\":{\"@type\":\"EntryPoint\",\"urlTemplate\":\"https:\/\/bierger.remich.lu\/de\/?s={search_term_string}\"},\"query-input\":{\"@type\":\"PropertyValueSpecification\",\"valueRequired\":true,\"valueName\":\"search_term_string\"}}],\"inLanguage\":\"fr-FR\"}]}<\/script>\n<!-- \/ Yoast SEO plugin. -->","yoast_head_json":{"title":"Office social - Ville de Remich","robots":{"index":"index","follow":"follow","max-snippet":"max-snippet:-1","max-image-preview":"max-image-preview:large","max-video-preview":"max-video-preview:-1"},"canonical":"https:\/\/bierger.remich.lu\/fr\/services-au-citoyen\/soziales-und-3-alter\/francais-office-social\/","og_locale":"fr_FR","og_type":"article","og_title":"Office social - Ville de Remich","og_description":"Depuis l&rsquo;entr\u00e9e en viguer le 1er janvier 2011 de la\u00a0nouvelle loi sur l&rsquo;organisation de l&rsquo;aide sociale du\u00a018 d\u00e9cembre 2009, les \u00ab\u00a0anciens\u00a0\u00bb offices sociaux qui se trouvaient au sein des communes de Bous, Burmerange, Lenningen, Remich, Schengen, Stadtbredimus, Waldbredimus et Wellenstein ont \u00e9t\u00e9\u00a0dissous et leurs missions ont \u00e9t\u00e9 reprises par un office social commun qui a... Lire la suite \u00bb","og_url":"https:\/\/bierger.remich.lu\/fr\/services-au-citoyen\/soziales-und-3-alter\/francais-office-social\/","og_site_name":"Ville de Remich","article_modified_time":"2018-02-22T11:16:57+00:00","twitter_card":"summary_large_image","twitter_misc":{"Dur\u00e9e de lecture estim\u00e9e":"1 minute"},"schema":{"@context":"https:\/\/schema.org","@graph":[{"@type":"WebPage","@id":"https:\/\/bierger.remich.lu\/fr\/services-au-citoyen\/soziales-und-3-alter\/francais-office-social\/","url":"https:\/\/bierger.remich.lu\/fr\/services-au-citoyen\/soziales-und-3-alter\/francais-office-social\/","name":"Office social - Ville de Remich","isPartOf":{"@id":"https:\/\/bierger.remich.lu\/de\/#website"},"datePublished":"2016-10-25T13:59:09+00:00","dateModified":"2018-02-22T11:16:57+00:00","breadcrumb":{"@id":"https:\/\/bierger.remich.lu\/fr\/services-au-citoyen\/soziales-und-3-alter\/francais-office-social\/#breadcrumb"},"inLanguage":"fr-FR","potentialAction":[{"@type":"ReadAction","target":["https:\/\/bierger.remich.lu\/fr\/services-au-citoyen\/soziales-und-3-alter\/francais-office-social\/"]}]},{"@type":"BreadcrumbList","@id":"https:\/\/bierger.remich.lu\/fr\/services-au-citoyen\/soziales-und-3-alter\/francais-office-social\/#breadcrumb","itemListElement":[{"@type":"ListItem","position":1,"name":"Startseite","item":"https:\/\/bierger.remich.lu\/de\/"},{"@type":"ListItem","position":2,"name":"B\u00fcrgerdienste","item":"https:\/\/bierger.remich.lu\/de\/services-au-citoyen\/"},{"@type":"ListItem","position":3,"name":"Soziales und 3. Alter","item":"https:\/\/bierger.remich.lu\/de\/services-au-citoyen\/soziales-und-3-alter\/"},{"@type":"ListItem","position":4,"name":"Office social"}]},{"@type":"WebSite","@id":"https:\/\/bierger.remich.lu\/de\/#website","url":"https:\/\/bierger.remich.lu\/de\/","name":"Ville de Remich","description":"","potentialAction":[{"@type":"SearchAction","target":{"@type":"EntryPoint","urlTemplate":"https:\/\/bierger.remich.lu\/de\/?s={search_term_string}"},"query-input":{"@type":"PropertyValueSpecification","valueRequired":true,"valueName":"search_term_string"}}],"inLanguage":"fr-FR"}]}},"_links":{"self":[{"href":"https:\/\/bierger.remich.lu\/fr\/wp-json\/wp\/v2\/pages\/593","targetHints":{"allow":["GET"]}}],"collection":[{"href":"https:\/\/bierger.remich.lu\/fr\/wp-json\/wp\/v2\/pages"}],"about":[{"href":"https:\/\/bierger.remich.lu\/fr\/wp-json\/wp\/v2\/types\/page"}],"author":[{"embeddable":true,"href":"https:\/\/bierger.remich.lu\/fr\/wp-json\/wp\/v2\/users\/1"}],"replies":[{"embeddable":true,"href":"https:\/\/bierger.remich.lu\/fr\/wp-json\/wp\/v2\/comments?post=593"}],"version-history":[{"count":5,"href":"https:\/\/bierger.remich.lu\/fr\/wp-json\/wp\/v2\/pages\/593\/revisions"}],"predecessor-version":[{"id":1701,"href":"https:\/\/bierger.remich.lu\/fr\/wp-json\/wp\/v2\/pages\/593\/revisions\/1701"}],"up":[{"embeddable":true,"href":"https:\/\/bierger.remich.lu\/fr\/wp-json\/wp\/v2\/pages\/2917"}],"wp:attachment":[{"href":"https:\/\/bierger.remich.lu\/fr\/wp-json\/wp\/v2\/media?parent=593"}],"curies":[{"name":"wp","href":"https:\/\/api.w.org\/{rel}","templated":true}]}}