{"id":6987,"date":"2020-11-04T15:12:44","date_gmt":"2020-11-04T14:12:44","guid":{"rendered":"http:\/\/bierger.remich.lu\/?page_id=6987"},"modified":"2025-06-05T08:10:47","modified_gmt":"2025-06-05T06:10:47","slug":"abfallsammlungen","status":"publish","type":"page","link":"https:\/\/bierger.remich.lu\/fr\/ville-de-remich\/umwelt\/francais-gestion-des-dechets\/abfallsammlungen\/","title":{"rendered":"Collectes de d\u00e9chets"},"content":{"rendered":"<h2>Les collectes de porte \u00e0 porte :<\/h2>\n<ul>\n<li>Plastique (Valorlux)<\/li>\n<li>Papier<\/li>\n<li>Verre<\/li>\n<li>D\u00e9chets m\u00e9nagers<\/li>\n<li>D\u00e9chets bio<\/li>\n<li>D\u00e9chets de jardin (avril &#8211; d\u00e9but novembre)<\/li>\n<\/ul>\n<p>Les poubelles et serrures pour les poubelles et conteneurs peuvent \u00eatre command\u00e9es aupr\u00e8s de l&rsquo;office des citoyens de la Ville de Remich moyennant le formulaire respectif.<\/p>\n<p>Un service de nettoyage de poubelles et conteneurs peut \u00eatre sollicit\u00e9 aupr\u00e8s de l&rsquo;entreprise Lamesch qui est \u00e9galement responsable pour le vidage des poubelles.<\/p>\n<p>Vous trouvez plus d&rsquo;informations dans notre guide des d\u00e9chets.<\/p>\n<h2>Application mobile \u00a0\u00bb M\u00e4in Offall &#8211; Meng Ressourcen\u00a0\u00bb<\/h2>\n<p>Gr\u00e2ce au calendrier virtuel des collectes, aux rappels des collectes et \u00e0 la carte interactive, toutes les informations sont \u00e0 port\u00e9e de main.<\/p>\n<p>L\u2019<strong>application<\/strong> est disponible en quatre langues (luxembourgeois, fran\u00e7ais, allemand et anglais) pour les citoyens. Elle peut \u00eatre t\u00e9l\u00e9charg\u00e9e gratuitement dans l\u2019AppStore et sur GooglePlay.<\/p>\n<p><img loading=\"lazy\" decoding=\"async\" class=\"alignnone wp-image-17448 \" src=\"https:\/\/bierger.remich.lu\/wp-content\/uploads\/sites\/3\/2025\/06\/Poster-A6-FR-72dpi.jpg\" alt=\"\" width=\"764\" height=\"1085\" srcset=\"https:\/\/bierger.remich.lu\/wp-content\/uploads\/sites\/3\/2025\/06\/Poster-A6-FR-72dpi.jpg 1165w, https:\/\/bierger.remich.lu\/wp-content\/uploads\/sites\/3\/2025\/06\/Poster-A6-FR-72dpi-211x300.jpg 211w, https:\/\/bierger.remich.lu\/wp-content\/uploads\/sites\/3\/2025\/06\/Poster-A6-FR-72dpi-721x1024.jpg 721w\" sizes=\"auto, (max-width: 764px) 100vw, 764px\" \/>","protected":false},"excerpt":{"rendered":"<p>Les collectes de porte \u00e0 porte : Plastique (Valorlux) Papier Verre D\u00e9chets m\u00e9nagers D\u00e9chets bio D\u00e9chets de jardin (avril &#8211; d\u00e9but novembre) Les poubelles et serrures pour les poubelles et conteneurs peuvent \u00eatre command\u00e9es aupr\u00e8s de l&rsquo;office des citoyens de la Ville de Remich moyennant le formulaire respectif. Un service de nettoyage de poubelles et&#8230;  <a class=\"excerpt-read-more\" href=\"https:\/\/bierger.remich.lu\/fr\/ville-de-remich\/umwelt\/francais-gestion-des-dechets\/abfallsammlungen\/\" title=\"ReadCollectes de d\u00e9chets\">Lire la suite \u00bb<\/a><\/p>\n","protected":false},"author":4,"featured_media":0,"parent":1262,"menu_order":24,"comment_status":"closed","ping_status":"closed","template":"","meta":{"_acf_changed":false,"xn-wppe-expiration":[],"xn-wppe-expiration-action":[],"xn-wppe-expiration-prefix":[],"footnotes":"","_links_to":"","_links_to_target":""},"class_list":["post-6987","page","type-page","status-publish","hentry","keyword-abfall","keyword-mulleimer","keyword-recyclage","keyword-valorlux"],"acf":[],"yoast_head":"<!-- This site is optimized with the Yoast SEO plugin v26.7 - https:\/\/yoast.com\/wordpress\/plugins\/seo\/ -->\n<title>Collectes de d\u00e9chets - Ville de Remich<\/title>\n<meta name=\"robots\" content=\"index, follow, max-snippet:-1, max-image-preview:large, max-video-preview:-1\" \/>\n<link rel=\"canonical\" href=\"https:\/\/bierger.remich.lu\/ville-de-remich\/umwelt\/francais-gestion-des-dechets\/abfallsammlungen\/\" \/>\n<meta property=\"og:locale\" content=\"fr_FR\" \/>\n<meta property=\"og:type\" content=\"article\" \/>\n<meta property=\"og:title\" content=\"Collectes de d\u00e9chets - Ville de Remich\" \/>\n<meta property=\"og:description\" content=\"Les collectes de porte \u00e0 porte : Plastique (Valorlux) Papier Verre D\u00e9chets m\u00e9nagers D\u00e9chets bio D\u00e9chets de jardin (avril &#8211; d\u00e9but novembre) Les poubelles et serrures pour les poubelles et conteneurs peuvent \u00eatre command\u00e9es aupr\u00e8s de l&rsquo;office des citoyens de la Ville de Remich moyennant le formulaire respectif. Un service de nettoyage de poubelles et... Lire la suite \u00bb\" \/>\n<meta property=\"og:url\" content=\"https:\/\/bierger.remich.lu\/ville-de-remich\/umwelt\/francais-gestion-des-dechets\/abfallsammlungen\/\" \/>\n<meta property=\"og:site_name\" content=\"Ville de Remich\" \/>\n<meta property=\"article:modified_time\" content=\"2025-06-05T06:10:47+00:00\" \/>\n<meta property=\"og:image\" content=\"https:\/\/bierger.remich.lu\/wp-content\/uploads\/sites\/3\/2025\/06\/Poster-A6-LU-72dpi.jpg\" \/>\n<meta name=\"twitter:card\" content=\"summary_large_image\" \/>\n<meta name=\"twitter:label1\" content=\"Dur\u00e9e de lecture estim\u00e9e\" \/>\n\t<meta name=\"twitter:data1\" content=\"2 minutes\" \/>\n<script type=\"application\/ld+json\" class=\"yoast-schema-graph\">{\"@context\":\"https:\/\/schema.org\",\"@graph\":[{\"@type\":\"WebPage\",\"@id\":\"https:\/\/bierger.remich.lu\/ville-de-remich\/umwelt\/francais-gestion-des-dechets\/abfallsammlungen\/\",\"url\":\"https:\/\/bierger.remich.lu\/ville-de-remich\/umwelt\/francais-gestion-des-dechets\/abfallsammlungen\/\",\"name\":\"Collectes de d\u00e9chets - Ville de Remich\",\"isPartOf\":{\"@id\":\"https:\/\/bierger.remich.lu\/de\/#website\"},\"primaryImageOfPage\":{\"@id\":\"https:\/\/bierger.remich.lu\/ville-de-remich\/umwelt\/francais-gestion-des-dechets\/abfallsammlungen\/#primaryimage\"},\"image\":{\"@id\":\"https:\/\/bierger.remich.lu\/ville-de-remich\/umwelt\/francais-gestion-des-dechets\/abfallsammlungen\/#primaryimage\"},\"thumbnailUrl\":\"https:\/\/bierger.remich.lu\/wp-content\/uploads\/sites\/3\/2025\/06\/Poster-A6-LU-72dpi.jpg\",\"datePublished\":\"2020-11-04T14:12:44+00:00\",\"dateModified\":\"2025-06-05T06:10:47+00:00\",\"breadcrumb\":{\"@id\":\"https:\/\/bierger.remich.lu\/ville-de-remich\/umwelt\/francais-gestion-des-dechets\/abfallsammlungen\/#breadcrumb\"},\"inLanguage\":\"fr-FR\",\"potentialAction\":[{\"@type\":\"ReadAction\",\"target\":[\"https:\/\/bierger.remich.lu\/ville-de-remich\/umwelt\/francais-gestion-des-dechets\/abfallsammlungen\/\"]}]},{\"@type\":\"ImageObject\",\"inLanguage\":\"fr-FR\",\"@id\":\"https:\/\/bierger.remich.lu\/ville-de-remich\/umwelt\/francais-gestion-des-dechets\/abfallsammlungen\/#primaryimage\",\"url\":\"https:\/\/bierger.remich.lu\/wp-content\/uploads\/sites\/3\/2025\/06\/Poster-A6-LU-72dpi.jpg\",\"contentUrl\":\"https:\/\/bierger.remich.lu\/wp-content\/uploads\/sites\/3\/2025\/06\/Poster-A6-LU-72dpi.jpg\"},{\"@type\":\"BreadcrumbList\",\"@id\":\"https:\/\/bierger.remich.lu\/ville-de-remich\/umwelt\/francais-gestion-des-dechets\/abfallsammlungen\/#breadcrumb\",\"itemListElement\":[{\"@type\":\"ListItem\",\"position\":1,\"name\":\"Startseite\",\"item\":\"https:\/\/bierger.remich.lu\/de\/\"},{\"@type\":\"ListItem\",\"position\":2,\"name\":\"Stadt Remich\",\"item\":\"https:\/\/bierger.remich.lu\/de\/ville-de-remich\/\"},{\"@type\":\"ListItem\",\"position\":3,\"name\":\"Umwelt\",\"item\":\"https:\/\/bierger.remich.lu\/de\/ville-de-remich\/umwelt\/\"},{\"@type\":\"ListItem\",\"position\":4,\"name\":\"Abfallentsorgung\",\"item\":\"https:\/\/bierger.remich.lu\/ville-de-remich\/umwelt\/francais-gestion-des-dechets\/\"},{\"@type\":\"ListItem\",\"position\":5,\"name\":\"Abfallsammlungen\"}]},{\"@type\":\"WebSite\",\"@id\":\"https:\/\/bierger.remich.lu\/de\/#website\",\"url\":\"https:\/\/bierger.remich.lu\/de\/\",\"name\":\"Ville de Remich\",\"description\":\"\",\"potentialAction\":[{\"@type\":\"SearchAction\",\"target\":{\"@type\":\"EntryPoint\",\"urlTemplate\":\"https:\/\/bierger.remich.lu\/de\/?s={search_term_string}\"},\"query-input\":{\"@type\":\"PropertyValueSpecification\",\"valueRequired\":true,\"valueName\":\"search_term_string\"}}],\"inLanguage\":\"fr-FR\"}]}<\/script>\n<!-- \/ Yoast SEO plugin. -->","yoast_head_json":{"title":"Collectes de d\u00e9chets - Ville de Remich","robots":{"index":"index","follow":"follow","max-snippet":"max-snippet:-1","max-image-preview":"max-image-preview:large","max-video-preview":"max-video-preview:-1"},"canonical":"https:\/\/bierger.remich.lu\/ville-de-remich\/umwelt\/francais-gestion-des-dechets\/abfallsammlungen\/","og_locale":"fr_FR","og_type":"article","og_title":"Collectes de d\u00e9chets - Ville de Remich","og_description":"Les collectes de porte \u00e0 porte : Plastique (Valorlux) Papier Verre D\u00e9chets m\u00e9nagers D\u00e9chets bio D\u00e9chets de jardin (avril &#8211; d\u00e9but novembre) Les poubelles et serrures pour les poubelles et conteneurs peuvent \u00eatre command\u00e9es aupr\u00e8s de l&rsquo;office des citoyens de la Ville de Remich moyennant le formulaire respectif. Un service de nettoyage de poubelles et... Lire la suite \u00bb","og_url":"https:\/\/bierger.remich.lu\/ville-de-remich\/umwelt\/francais-gestion-des-dechets\/abfallsammlungen\/","og_site_name":"Ville de Remich","article_modified_time":"2025-06-05T06:10:47+00:00","og_image":[{"url":"https:\/\/bierger.remich.lu\/wp-content\/uploads\/sites\/3\/2025\/06\/Poster-A6-LU-72dpi.jpg","type":"","width":"","height":""}],"twitter_card":"summary_large_image","twitter_misc":{"Dur\u00e9e de lecture estim\u00e9e":"2 minutes"},"schema":{"@context":"https:\/\/schema.org","@graph":[{"@type":"WebPage","@id":"https:\/\/bierger.remich.lu\/ville-de-remich\/umwelt\/francais-gestion-des-dechets\/abfallsammlungen\/","url":"https:\/\/bierger.remich.lu\/ville-de-remich\/umwelt\/francais-gestion-des-dechets\/abfallsammlungen\/","name":"Collectes de d\u00e9chets - Ville de Remich","isPartOf":{"@id":"https:\/\/bierger.remich.lu\/de\/#website"},"primaryImageOfPage":{"@id":"https:\/\/bierger.remich.lu\/ville-de-remich\/umwelt\/francais-gestion-des-dechets\/abfallsammlungen\/#primaryimage"},"image":{"@id":"https:\/\/bierger.remich.lu\/ville-de-remich\/umwelt\/francais-gestion-des-dechets\/abfallsammlungen\/#primaryimage"},"thumbnailUrl":"https:\/\/bierger.remich.lu\/wp-content\/uploads\/sites\/3\/2025\/06\/Poster-A6-LU-72dpi.jpg","datePublished":"2020-11-04T14:12:44+00:00","dateModified":"2025-06-05T06:10:47+00:00","breadcrumb":{"@id":"https:\/\/bierger.remich.lu\/ville-de-remich\/umwelt\/francais-gestion-des-dechets\/abfallsammlungen\/#breadcrumb"},"inLanguage":"fr-FR","potentialAction":[{"@type":"ReadAction","target":["https:\/\/bierger.remich.lu\/ville-de-remich\/umwelt\/francais-gestion-des-dechets\/abfallsammlungen\/"]}]},{"@type":"ImageObject","inLanguage":"fr-FR","@id":"https:\/\/bierger.remich.lu\/ville-de-remich\/umwelt\/francais-gestion-des-dechets\/abfallsammlungen\/#primaryimage","url":"https:\/\/bierger.remich.lu\/wp-content\/uploads\/sites\/3\/2025\/06\/Poster-A6-LU-72dpi.jpg","contentUrl":"https:\/\/bierger.remich.lu\/wp-content\/uploads\/sites\/3\/2025\/06\/Poster-A6-LU-72dpi.jpg"},{"@type":"BreadcrumbList","@id":"https:\/\/bierger.remich.lu\/ville-de-remich\/umwelt\/francais-gestion-des-dechets\/abfallsammlungen\/#breadcrumb","itemListElement":[{"@type":"ListItem","position":1,"name":"Startseite","item":"https:\/\/bierger.remich.lu\/de\/"},{"@type":"ListItem","position":2,"name":"Stadt Remich","item":"https:\/\/bierger.remich.lu\/de\/ville-de-remich\/"},{"@type":"ListItem","position":3,"name":"Umwelt","item":"https:\/\/bierger.remich.lu\/de\/ville-de-remich\/umwelt\/"},{"@type":"ListItem","position":4,"name":"Abfallentsorgung","item":"https:\/\/bierger.remich.lu\/ville-de-remich\/umwelt\/francais-gestion-des-dechets\/"},{"@type":"ListItem","position":5,"name":"Abfallsammlungen"}]},{"@type":"WebSite","@id":"https:\/\/bierger.remich.lu\/de\/#website","url":"https:\/\/bierger.remich.lu\/de\/","name":"Ville de Remich","description":"","potentialAction":[{"@type":"SearchAction","target":{"@type":"EntryPoint","urlTemplate":"https:\/\/bierger.remich.lu\/de\/?s={search_term_string}"},"query-input":{"@type":"PropertyValueSpecification","valueRequired":true,"valueName":"search_term_string"}}],"inLanguage":"fr-FR"}]}},"_links":{"self":[{"href":"https:\/\/bierger.remich.lu\/fr\/wp-json\/wp\/v2\/pages\/6987","targetHints":{"allow":["GET"]}}],"collection":[{"href":"https:\/\/bierger.remich.lu\/fr\/wp-json\/wp\/v2\/pages"}],"about":[{"href":"https:\/\/bierger.remich.lu\/fr\/wp-json\/wp\/v2\/types\/page"}],"author":[{"embeddable":true,"href":"https:\/\/bierger.remich.lu\/fr\/wp-json\/wp\/v2\/users\/4"}],"replies":[{"embeddable":true,"href":"https:\/\/bierger.remich.lu\/fr\/wp-json\/wp\/v2\/comments?post=6987"}],"version-history":[{"count":6,"href":"https:\/\/bierger.remich.lu\/fr\/wp-json\/wp\/v2\/pages\/6987\/revisions"}],"predecessor-version":[{"id":17451,"href":"https:\/\/bierger.remich.lu\/fr\/wp-json\/wp\/v2\/pages\/6987\/revisions\/17451"}],"up":[{"embeddable":true,"href":"https:\/\/bierger.remich.lu\/fr\/wp-json\/wp\/v2\/pages\/1262"}],"wp:attachment":[{"href":"https:\/\/bierger.remich.lu\/fr\/wp-json\/wp\/v2\/media?parent=6987"}],"curies":[{"name":"wp","href":"https:\/\/api.w.org\/{rel}","templated":true}]}}