{"id":6991,"date":"2020-11-04T16:04:36","date_gmt":"2020-11-04T15:04:36","guid":{"rendered":"http:\/\/bierger.remich.lu\/?page_id=6991"},"modified":"2023-08-17T15:31:00","modified_gmt":"2023-08-17T13:31:00","slug":"recyclingcenter","status":"publish","type":"page","link":"https:\/\/bierger.remich.lu\/fr\/ville-de-remich\/umwelt\/francais-gestion-des-dechets\/recyclingcenter\/","title":{"rendered":"Centre de recyclage"},"content":{"rendered":"Les habitants de Remich ont la possibilit\u00e9 de profiter du centre de recyclage \u00ab\u00a0Am Haff\u00a0\u00bb de l&rsquo;entrerpise Hein \u00e0 Bech-Kleinmacher qui est strictement r\u00e9serv\u00e9 aux d\u00e9tenteurs d\u2019une carte d\u2019acc\u00e8s.<\/p>\n<p>La carte d&rsquo;acc\u00e8s:<\/p>\n<ul>\n<li>est \u00e9tablie par la commune de Remich contre paiement d&rsquo;une taxe unique non restituable de 10 \u20ac<\/li>\n<li>chaque m\u00e9nage n&rsquo;a droit qu&rsquo;\u00e0 une seule carte<\/li>\n<li>en cas de perte ou d&rsquo;endommagement, une nouvelle carte sera d\u00e9livr\u00e9e contre paiement d&rsquo;une taxe unique non restituable de 25 \u20ac et la carte initiale sera bloqu\u00e9e<\/li>\n<li>en cas de changement du domicile du m\u00e9nage en dehors du territoire de la commune, la carte sera automatiquement bloqu\u00e9e<\/li>\n<li>la remise\/le pr\u00eat de la carte \u00e0 des personnes ne faisant pas partie du m\u00e9nage est interdite et la carte sera bloqu\u00e9e pour la dur\u00e9e d&rsquo;une ann\u00e9e en cas de non-respect<\/li>\n<\/ul>\n<p>Le r\u00e8glement d&rsquo;ordre int\u00e9rieur de l&rsquo;entreprise Hein est \u00e0 respecter.<\/p>\n<p>&nbsp;<\/p>\n<p><strong>NOUVEAU AU CENTRE DE RECYCLAGE\u00a0\u2013 le projet Social ReUse\u00a0!<\/strong><\/p>\n<p>Donnez une seconde vie \u00e0 vos \u00e9quipements \u00e9lectriques et \u00e9lectroniques avec le projet Social ReUse.<\/p>\n<p>Plus d&rsquo;infos sur le <a href=\"http:\/\/bierger.remich.lu\/wp-content\/uploads\/sites\/3\/2021\/06\/Info-Social-Reuse.pdf\">flyer<\/a>.","protected":false},"excerpt":{"rendered":"<p>Les habitants de Remich ont la possibilit\u00e9 de profiter du centre de recyclage \u00ab\u00a0Am Haff\u00a0\u00bb de l&rsquo;entrerpise Hein \u00e0 Bech-Kleinmacher qui est strictement r\u00e9serv\u00e9 aux d\u00e9tenteurs d\u2019une carte d\u2019acc\u00e8s. La carte d&rsquo;acc\u00e8s: est \u00e9tablie par la commune de Remich contre paiement d&rsquo;une taxe unique non restituable de 10 \u20ac chaque m\u00e9nage n&rsquo;a droit qu&rsquo;\u00e0 une&#8230;  <a class=\"excerpt-read-more\" href=\"https:\/\/bierger.remich.lu\/fr\/ville-de-remich\/umwelt\/francais-gestion-des-dechets\/recyclingcenter\/\" title=\"ReadCentre de recyclage\">Lire la suite \u00bb<\/a><\/p>\n","protected":false},"author":4,"featured_media":0,"parent":1262,"menu_order":25,"comment_status":"closed","ping_status":"closed","template":"","meta":{"_acf_changed":false,"xn-wppe-expiration":[],"xn-wppe-expiration-action":[],"xn-wppe-expiration-prefix":[],"footnotes":"","_links_to":"","_links_to_target":""},"class_list":["post-6991","page","type-page","status-publish","hentry","keyword-abfall","keyword-hein","keyword-recyclage","keyword-superdreckskescht"],"acf":[],"yoast_head":"<!-- This site is optimized with the Yoast SEO plugin v26.7 - https:\/\/yoast.com\/wordpress\/plugins\/seo\/ -->\n<title>Centre de recyclage - Ville de Remich<\/title>\n<meta name=\"robots\" content=\"index, follow, max-snippet:-1, max-image-preview:large, max-video-preview:-1\" \/>\n<link rel=\"canonical\" href=\"https:\/\/bierger.remich.lu\/ville-de-remich\/umwelt\/francais-gestion-des-dechets\/recyclingcenter\/\" \/>\n<meta property=\"og:locale\" content=\"fr_FR\" \/>\n<meta property=\"og:type\" content=\"article\" \/>\n<meta property=\"og:title\" content=\"Centre de recyclage - Ville de Remich\" \/>\n<meta property=\"og:description\" content=\"Les habitants de Remich ont la possibilit\u00e9 de profiter du centre de recyclage \u00ab\u00a0Am Haff\u00a0\u00bb de l&rsquo;entrerpise Hein \u00e0 Bech-Kleinmacher qui est strictement r\u00e9serv\u00e9 aux d\u00e9tenteurs d\u2019une carte d\u2019acc\u00e8s. La carte d&rsquo;acc\u00e8s: est \u00e9tablie par la commune de Remich contre paiement d&rsquo;une taxe unique non restituable de 10 \u20ac chaque m\u00e9nage n&rsquo;a droit qu&rsquo;\u00e0 une... Lire la suite \u00bb\" \/>\n<meta property=\"og:url\" content=\"https:\/\/bierger.remich.lu\/ville-de-remich\/umwelt\/francais-gestion-des-dechets\/recyclingcenter\/\" \/>\n<meta property=\"og:site_name\" content=\"Ville de Remich\" \/>\n<meta property=\"article:modified_time\" content=\"2023-08-17T13:31:00+00:00\" \/>\n<meta name=\"twitter:card\" content=\"summary_large_image\" \/>\n<meta name=\"twitter:label1\" content=\"Dur\u00e9e de lecture estim\u00e9e\" \/>\n\t<meta name=\"twitter:data1\" content=\"3 minutes\" \/>\n<script type=\"application\/ld+json\" class=\"yoast-schema-graph\">{\"@context\":\"https:\/\/schema.org\",\"@graph\":[{\"@type\":\"WebPage\",\"@id\":\"https:\/\/bierger.remich.lu\/ville-de-remich\/umwelt\/francais-gestion-des-dechets\/recyclingcenter\/\",\"url\":\"https:\/\/bierger.remich.lu\/ville-de-remich\/umwelt\/francais-gestion-des-dechets\/recyclingcenter\/\",\"name\":\"Centre de recyclage - Ville de Remich\",\"isPartOf\":{\"@id\":\"https:\/\/bierger.remich.lu\/de\/#website\"},\"datePublished\":\"2020-11-04T15:04:36+00:00\",\"dateModified\":\"2023-08-17T13:31:00+00:00\",\"breadcrumb\":{\"@id\":\"https:\/\/bierger.remich.lu\/ville-de-remich\/umwelt\/francais-gestion-des-dechets\/recyclingcenter\/#breadcrumb\"},\"inLanguage\":\"fr-FR\",\"potentialAction\":[{\"@type\":\"ReadAction\",\"target\":[\"https:\/\/bierger.remich.lu\/ville-de-remich\/umwelt\/francais-gestion-des-dechets\/recyclingcenter\/\"]}]},{\"@type\":\"BreadcrumbList\",\"@id\":\"https:\/\/bierger.remich.lu\/ville-de-remich\/umwelt\/francais-gestion-des-dechets\/recyclingcenter\/#breadcrumb\",\"itemListElement\":[{\"@type\":\"ListItem\",\"position\":1,\"name\":\"Startseite\",\"item\":\"https:\/\/bierger.remich.lu\/de\/\"},{\"@type\":\"ListItem\",\"position\":2,\"name\":\"Stadt Remich\",\"item\":\"https:\/\/bierger.remich.lu\/de\/ville-de-remich\/\"},{\"@type\":\"ListItem\",\"position\":3,\"name\":\"Umwelt\",\"item\":\"https:\/\/bierger.remich.lu\/de\/ville-de-remich\/umwelt\/\"},{\"@type\":\"ListItem\",\"position\":4,\"name\":\"Abfallentsorgung\",\"item\":\"https:\/\/bierger.remich.lu\/ville-de-remich\/umwelt\/francais-gestion-des-dechets\/\"},{\"@type\":\"ListItem\",\"position\":5,\"name\":\"Recyclingcenter\"}]},{\"@type\":\"WebSite\",\"@id\":\"https:\/\/bierger.remich.lu\/de\/#website\",\"url\":\"https:\/\/bierger.remich.lu\/de\/\",\"name\":\"Ville de Remich\",\"description\":\"\",\"potentialAction\":[{\"@type\":\"SearchAction\",\"target\":{\"@type\":\"EntryPoint\",\"urlTemplate\":\"https:\/\/bierger.remich.lu\/de\/?s={search_term_string}\"},\"query-input\":{\"@type\":\"PropertyValueSpecification\",\"valueRequired\":true,\"valueName\":\"search_term_string\"}}],\"inLanguage\":\"fr-FR\"}]}<\/script>\n<!-- \/ Yoast SEO plugin. -->","yoast_head_json":{"title":"Centre de recyclage - Ville de Remich","robots":{"index":"index","follow":"follow","max-snippet":"max-snippet:-1","max-image-preview":"max-image-preview:large","max-video-preview":"max-video-preview:-1"},"canonical":"https:\/\/bierger.remich.lu\/ville-de-remich\/umwelt\/francais-gestion-des-dechets\/recyclingcenter\/","og_locale":"fr_FR","og_type":"article","og_title":"Centre de recyclage - Ville de Remich","og_description":"Les habitants de Remich ont la possibilit\u00e9 de profiter du centre de recyclage \u00ab\u00a0Am Haff\u00a0\u00bb de l&rsquo;entrerpise Hein \u00e0 Bech-Kleinmacher qui est strictement r\u00e9serv\u00e9 aux d\u00e9tenteurs d\u2019une carte d\u2019acc\u00e8s. La carte d&rsquo;acc\u00e8s: est \u00e9tablie par la commune de Remich contre paiement d&rsquo;une taxe unique non restituable de 10 \u20ac chaque m\u00e9nage n&rsquo;a droit qu&rsquo;\u00e0 une... Lire la suite \u00bb","og_url":"https:\/\/bierger.remich.lu\/ville-de-remich\/umwelt\/francais-gestion-des-dechets\/recyclingcenter\/","og_site_name":"Ville de Remich","article_modified_time":"2023-08-17T13:31:00+00:00","twitter_card":"summary_large_image","twitter_misc":{"Dur\u00e9e de lecture estim\u00e9e":"3 minutes"},"schema":{"@context":"https:\/\/schema.org","@graph":[{"@type":"WebPage","@id":"https:\/\/bierger.remich.lu\/ville-de-remich\/umwelt\/francais-gestion-des-dechets\/recyclingcenter\/","url":"https:\/\/bierger.remich.lu\/ville-de-remich\/umwelt\/francais-gestion-des-dechets\/recyclingcenter\/","name":"Centre de recyclage - Ville de Remich","isPartOf":{"@id":"https:\/\/bierger.remich.lu\/de\/#website"},"datePublished":"2020-11-04T15:04:36+00:00","dateModified":"2023-08-17T13:31:00+00:00","breadcrumb":{"@id":"https:\/\/bierger.remich.lu\/ville-de-remich\/umwelt\/francais-gestion-des-dechets\/recyclingcenter\/#breadcrumb"},"inLanguage":"fr-FR","potentialAction":[{"@type":"ReadAction","target":["https:\/\/bierger.remich.lu\/ville-de-remich\/umwelt\/francais-gestion-des-dechets\/recyclingcenter\/"]}]},{"@type":"BreadcrumbList","@id":"https:\/\/bierger.remich.lu\/ville-de-remich\/umwelt\/francais-gestion-des-dechets\/recyclingcenter\/#breadcrumb","itemListElement":[{"@type":"ListItem","position":1,"name":"Startseite","item":"https:\/\/bierger.remich.lu\/de\/"},{"@type":"ListItem","position":2,"name":"Stadt Remich","item":"https:\/\/bierger.remich.lu\/de\/ville-de-remich\/"},{"@type":"ListItem","position":3,"name":"Umwelt","item":"https:\/\/bierger.remich.lu\/de\/ville-de-remich\/umwelt\/"},{"@type":"ListItem","position":4,"name":"Abfallentsorgung","item":"https:\/\/bierger.remich.lu\/ville-de-remich\/umwelt\/francais-gestion-des-dechets\/"},{"@type":"ListItem","position":5,"name":"Recyclingcenter"}]},{"@type":"WebSite","@id":"https:\/\/bierger.remich.lu\/de\/#website","url":"https:\/\/bierger.remich.lu\/de\/","name":"Ville de Remich","description":"","potentialAction":[{"@type":"SearchAction","target":{"@type":"EntryPoint","urlTemplate":"https:\/\/bierger.remich.lu\/de\/?s={search_term_string}"},"query-input":{"@type":"PropertyValueSpecification","valueRequired":true,"valueName":"search_term_string"}}],"inLanguage":"fr-FR"}]}},"_links":{"self":[{"href":"https:\/\/bierger.remich.lu\/fr\/wp-json\/wp\/v2\/pages\/6991","targetHints":{"allow":["GET"]}}],"collection":[{"href":"https:\/\/bierger.remich.lu\/fr\/wp-json\/wp\/v2\/pages"}],"about":[{"href":"https:\/\/bierger.remich.lu\/fr\/wp-json\/wp\/v2\/types\/page"}],"author":[{"embeddable":true,"href":"https:\/\/bierger.remich.lu\/fr\/wp-json\/wp\/v2\/users\/4"}],"replies":[{"embeddable":true,"href":"https:\/\/bierger.remich.lu\/fr\/wp-json\/wp\/v2\/comments?post=6991"}],"version-history":[{"count":5,"href":"https:\/\/bierger.remich.lu\/fr\/wp-json\/wp\/v2\/pages\/6991\/revisions"}],"predecessor-version":[{"id":12773,"href":"https:\/\/bierger.remich.lu\/fr\/wp-json\/wp\/v2\/pages\/6991\/revisions\/12773"}],"up":[{"embeddable":true,"href":"https:\/\/bierger.remich.lu\/fr\/wp-json\/wp\/v2\/pages\/1262"}],"wp:attachment":[{"href":"https:\/\/bierger.remich.lu\/fr\/wp-json\/wp\/v2\/media?parent=6991"}],"curies":[{"name":"wp","href":"https:\/\/api.w.org\/{rel}","templated":true}]}}