{"id":78,"date":"2016-08-19T14:19:10","date_gmt":"2016-08-19T13:19:10","guid":{"rendered":"http:\/\/reimech.lu\/?page_id=78"},"modified":"2024-07-30T13:25:59","modified_gmt":"2024-07-30T11:25:59","slug":"conseil-commissions","status":"publish","type":"page","link":"https:\/\/bierger.remich.lu\/fr\/ville-de-remich\/politik\/conseil-commissions\/","title":{"rendered":"Commissions Consultatives"},"content":{"rendered":"Des commissions consultatives ont \u00e9t\u00e9 form\u00e9es dans les domaines suivants:<\/p>\n<ul>\n<li>Vivre-ensemble interculturel<\/li>\n<li>Environnement<\/li>\n<li>B\u00e2tisses<\/li>\n<li>Jeunesse<\/li>\n<li>Scolaire<\/li>\n<\/ul>\n<p>Le r\u00f4le des commissions consultatives consiste \u00e0 conseiller de fa\u00e7on objective et efficace les \u00e9lus locaux. A cet effet elles examinent dans les meilleurs d\u00e9lais les affaires qui leur sont d\u00e9f\u00e9r\u00e9es, compte tenu de leurs comp\u00e9tences respectives, par le conseil communal, par le coll\u00e8ge des bourgmestre et \u00e9chevins ou par le bourgmestre.<\/p>\n<p>Sous r\u00e9serve d\u2019autorisation pr\u00e9alable de la part du coll\u00e8ge des bourgmestre et \u00e9chevins, les commissions sont habilit\u00e9es \u00e0 organiser des manifestations de tout genre.","protected":false},"excerpt":{"rendered":"<p>Des commissions consultatives ont \u00e9t\u00e9 form\u00e9es dans les domaines suivants: Vivre-ensemble interculturel Environnement B\u00e2tisses Jeunesse Scolaire Le r\u00f4le des commissions consultatives consiste \u00e0 conseiller de fa\u00e7on objective et efficace les \u00e9lus locaux. A cet effet elles examinent dans les meilleurs d\u00e9lais les affaires qui leur sont d\u00e9f\u00e9r\u00e9es, compte tenu de leurs comp\u00e9tences respectives, par le&#8230;  <a class=\"excerpt-read-more\" href=\"https:\/\/bierger.remich.lu\/fr\/ville-de-remich\/politik\/conseil-commissions\/\" title=\"ReadCommissions Consultatives\">Lire la suite \u00bb<\/a><\/p>\n","protected":false},"author":1,"featured_media":486,"parent":48,"menu_order":44,"comment_status":"closed","ping_status":"closed","template":"","meta":{"_acf_changed":false,"xn-wppe-expiration":[],"xn-wppe-expiration-action":[],"xn-wppe-expiration-prefix":[],"footnotes":"","_links_to":"","_links_to_target":""},"class_list":["post-78","page","type-page","status-publish","has-post-thumbnail","hentry","keyword-kommission","keyword-mobilitat","keyword-tourismus","keyword-umwelt"],"acf":[],"yoast_head":"<!-- This site is optimized with the Yoast SEO plugin v26.7 - https:\/\/yoast.com\/wordpress\/plugins\/seo\/ -->\n<title>Commissions Consultatives - Ville de Remich<\/title>\n<meta name=\"robots\" content=\"index, follow, max-snippet:-1, max-image-preview:large, max-video-preview:-1\" \/>\n<link rel=\"canonical\" href=\"https:\/\/bierger.remich.lu\/de\/ville-de-remich\/politik\/conseil-commissions\/\" \/>\n<meta property=\"og:locale\" content=\"fr_FR\" \/>\n<meta property=\"og:type\" content=\"article\" \/>\n<meta property=\"og:title\" content=\"Commissions Consultatives - Ville de Remich\" \/>\n<meta property=\"og:description\" content=\"Des commissions consultatives ont \u00e9t\u00e9 form\u00e9es dans les domaines suivants: Vivre-ensemble interculturel Environnement B\u00e2tisses Jeunesse Scolaire Le r\u00f4le des commissions consultatives consiste \u00e0 conseiller de fa\u00e7on objective et efficace les \u00e9lus locaux. A cet effet elles examinent dans les meilleurs d\u00e9lais les affaires qui leur sont d\u00e9f\u00e9r\u00e9es, compte tenu de leurs comp\u00e9tences respectives, par le... Lire la suite \u00bb\" \/>\n<meta property=\"og:url\" content=\"https:\/\/bierger.remich.lu\/de\/ville-de-remich\/politik\/conseil-commissions\/\" \/>\n<meta property=\"og:site_name\" content=\"Ville de Remich\" \/>\n<meta property=\"article:modified_time\" content=\"2024-07-30T11:25:59+00:00\" \/>\n<meta property=\"og:image\" content=\"https:\/\/bierger.remich.lu\/wp-content\/uploads\/sites\/3\/2016\/08\/309B4502-3-605x1024.jpg\" \/>\n\t<meta property=\"og:image:width\" content=\"605\" \/>\n\t<meta property=\"og:image:height\" content=\"1024\" \/>\n\t<meta property=\"og:image:type\" content=\"image\/jpeg\" \/>\n<meta name=\"twitter:card\" content=\"summary_large_image\" \/>\n<meta name=\"twitter:label1\" content=\"Dur\u00e9e de lecture estim\u00e9e\" \/>\n\t<meta name=\"twitter:data1\" content=\"1 minute\" \/>\n<script type=\"application\/ld+json\" class=\"yoast-schema-graph\">{\"@context\":\"https:\/\/schema.org\",\"@graph\":[{\"@type\":\"WebPage\",\"@id\":\"https:\/\/bierger.remich.lu\/de\/ville-de-remich\/politik\/conseil-commissions\/\",\"url\":\"https:\/\/bierger.remich.lu\/de\/ville-de-remich\/politik\/conseil-commissions\/\",\"name\":\"Commissions Consultatives - Ville de Remich\",\"isPartOf\":{\"@id\":\"https:\/\/bierger.remich.lu\/de\/#website\"},\"primaryImageOfPage\":{\"@id\":\"https:\/\/bierger.remich.lu\/de\/ville-de-remich\/politik\/conseil-commissions\/#primaryimage\"},\"image\":{\"@id\":\"https:\/\/bierger.remich.lu\/de\/ville-de-remich\/politik\/conseil-commissions\/#primaryimage\"},\"thumbnailUrl\":\"https:\/\/bierger.remich.lu\/wp-content\/uploads\/sites\/3\/2016\/08\/309B4502-3.jpg\",\"datePublished\":\"2016-08-19T13:19:10+00:00\",\"dateModified\":\"2024-07-30T11:25:59+00:00\",\"breadcrumb\":{\"@id\":\"https:\/\/bierger.remich.lu\/de\/ville-de-remich\/politik\/conseil-commissions\/#breadcrumb\"},\"inLanguage\":\"fr-FR\",\"potentialAction\":[{\"@type\":\"ReadAction\",\"target\":[\"https:\/\/bierger.remich.lu\/de\/ville-de-remich\/politik\/conseil-commissions\/\"]}]},{\"@type\":\"ImageObject\",\"inLanguage\":\"fr-FR\",\"@id\":\"https:\/\/bierger.remich.lu\/de\/ville-de-remich\/politik\/conseil-commissions\/#primaryimage\",\"url\":\"https:\/\/bierger.remich.lu\/wp-content\/uploads\/sites\/3\/2016\/08\/309B4502-3.jpg\",\"contentUrl\":\"https:\/\/bierger.remich.lu\/wp-content\/uploads\/sites\/3\/2016\/08\/309B4502-3.jpg\",\"width\":3027,\"height\":5123},{\"@type\":\"BreadcrumbList\",\"@id\":\"https:\/\/bierger.remich.lu\/de\/ville-de-remich\/politik\/conseil-commissions\/#breadcrumb\",\"itemListElement\":[{\"@type\":\"ListItem\",\"position\":1,\"name\":\"Startseite\",\"item\":\"https:\/\/bierger.remich.lu\/de\/\"},{\"@type\":\"ListItem\",\"position\":2,\"name\":\"Stadt Remich\",\"item\":\"https:\/\/bierger.remich.lu\/de\/ville-de-remich\/\"},{\"@type\":\"ListItem\",\"position\":3,\"name\":\"Politik\",\"item\":\"https:\/\/bierger.remich.lu\/de\/ville-de-remich\/politik\/\"},{\"@type\":\"ListItem\",\"position\":4,\"name\":\"Beratende Kommissionen\"}]},{\"@type\":\"WebSite\",\"@id\":\"https:\/\/bierger.remich.lu\/de\/#website\",\"url\":\"https:\/\/bierger.remich.lu\/de\/\",\"name\":\"Ville de Remich\",\"description\":\"\",\"potentialAction\":[{\"@type\":\"SearchAction\",\"target\":{\"@type\":\"EntryPoint\",\"urlTemplate\":\"https:\/\/bierger.remich.lu\/de\/?s={search_term_string}\"},\"query-input\":{\"@type\":\"PropertyValueSpecification\",\"valueRequired\":true,\"valueName\":\"search_term_string\"}}],\"inLanguage\":\"fr-FR\"}]}<\/script>\n<!-- \/ Yoast SEO plugin. -->","yoast_head_json":{"title":"Commissions Consultatives - Ville de Remich","robots":{"index":"index","follow":"follow","max-snippet":"max-snippet:-1","max-image-preview":"max-image-preview:large","max-video-preview":"max-video-preview:-1"},"canonical":"https:\/\/bierger.remich.lu\/de\/ville-de-remich\/politik\/conseil-commissions\/","og_locale":"fr_FR","og_type":"article","og_title":"Commissions Consultatives - Ville de Remich","og_description":"Des commissions consultatives ont \u00e9t\u00e9 form\u00e9es dans les domaines suivants: Vivre-ensemble interculturel Environnement B\u00e2tisses Jeunesse Scolaire Le r\u00f4le des commissions consultatives consiste \u00e0 conseiller de fa\u00e7on objective et efficace les \u00e9lus locaux. A cet effet elles examinent dans les meilleurs d\u00e9lais les affaires qui leur sont d\u00e9f\u00e9r\u00e9es, compte tenu de leurs comp\u00e9tences respectives, par le... Lire la suite \u00bb","og_url":"https:\/\/bierger.remich.lu\/de\/ville-de-remich\/politik\/conseil-commissions\/","og_site_name":"Ville de Remich","article_modified_time":"2024-07-30T11:25:59+00:00","og_image":[{"width":605,"height":1024,"url":"https:\/\/bierger.remich.lu\/wp-content\/uploads\/sites\/3\/2016\/08\/309B4502-3-605x1024.jpg","type":"image\/jpeg"}],"twitter_card":"summary_large_image","twitter_misc":{"Dur\u00e9e de lecture estim\u00e9e":"1 minute"},"schema":{"@context":"https:\/\/schema.org","@graph":[{"@type":"WebPage","@id":"https:\/\/bierger.remich.lu\/de\/ville-de-remich\/politik\/conseil-commissions\/","url":"https:\/\/bierger.remich.lu\/de\/ville-de-remich\/politik\/conseil-commissions\/","name":"Commissions Consultatives - Ville de Remich","isPartOf":{"@id":"https:\/\/bierger.remich.lu\/de\/#website"},"primaryImageOfPage":{"@id":"https:\/\/bierger.remich.lu\/de\/ville-de-remich\/politik\/conseil-commissions\/#primaryimage"},"image":{"@id":"https:\/\/bierger.remich.lu\/de\/ville-de-remich\/politik\/conseil-commissions\/#primaryimage"},"thumbnailUrl":"https:\/\/bierger.remich.lu\/wp-content\/uploads\/sites\/3\/2016\/08\/309B4502-3.jpg","datePublished":"2016-08-19T13:19:10+00:00","dateModified":"2024-07-30T11:25:59+00:00","breadcrumb":{"@id":"https:\/\/bierger.remich.lu\/de\/ville-de-remich\/politik\/conseil-commissions\/#breadcrumb"},"inLanguage":"fr-FR","potentialAction":[{"@type":"ReadAction","target":["https:\/\/bierger.remich.lu\/de\/ville-de-remich\/politik\/conseil-commissions\/"]}]},{"@type":"ImageObject","inLanguage":"fr-FR","@id":"https:\/\/bierger.remich.lu\/de\/ville-de-remich\/politik\/conseil-commissions\/#primaryimage","url":"https:\/\/bierger.remich.lu\/wp-content\/uploads\/sites\/3\/2016\/08\/309B4502-3.jpg","contentUrl":"https:\/\/bierger.remich.lu\/wp-content\/uploads\/sites\/3\/2016\/08\/309B4502-3.jpg","width":3027,"height":5123},{"@type":"BreadcrumbList","@id":"https:\/\/bierger.remich.lu\/de\/ville-de-remich\/politik\/conseil-commissions\/#breadcrumb","itemListElement":[{"@type":"ListItem","position":1,"name":"Startseite","item":"https:\/\/bierger.remich.lu\/de\/"},{"@type":"ListItem","position":2,"name":"Stadt Remich","item":"https:\/\/bierger.remich.lu\/de\/ville-de-remich\/"},{"@type":"ListItem","position":3,"name":"Politik","item":"https:\/\/bierger.remich.lu\/de\/ville-de-remich\/politik\/"},{"@type":"ListItem","position":4,"name":"Beratende Kommissionen"}]},{"@type":"WebSite","@id":"https:\/\/bierger.remich.lu\/de\/#website","url":"https:\/\/bierger.remich.lu\/de\/","name":"Ville de Remich","description":"","potentialAction":[{"@type":"SearchAction","target":{"@type":"EntryPoint","urlTemplate":"https:\/\/bierger.remich.lu\/de\/?s={search_term_string}"},"query-input":{"@type":"PropertyValueSpecification","valueRequired":true,"valueName":"search_term_string"}}],"inLanguage":"fr-FR"}]}},"_links":{"self":[{"href":"https:\/\/bierger.remich.lu\/fr\/wp-json\/wp\/v2\/pages\/78","targetHints":{"allow":["GET"]}}],"collection":[{"href":"https:\/\/bierger.remich.lu\/fr\/wp-json\/wp\/v2\/pages"}],"about":[{"href":"https:\/\/bierger.remich.lu\/fr\/wp-json\/wp\/v2\/types\/page"}],"author":[{"embeddable":true,"href":"https:\/\/bierger.remich.lu\/fr\/wp-json\/wp\/v2\/users\/1"}],"replies":[{"embeddable":true,"href":"https:\/\/bierger.remich.lu\/fr\/wp-json\/wp\/v2\/comments?post=78"}],"version-history":[{"count":12,"href":"https:\/\/bierger.remich.lu\/fr\/wp-json\/wp\/v2\/pages\/78\/revisions"}],"predecessor-version":[{"id":14645,"href":"https:\/\/bierger.remich.lu\/fr\/wp-json\/wp\/v2\/pages\/78\/revisions\/14645"}],"up":[{"embeddable":true,"href":"https:\/\/bierger.remich.lu\/fr\/wp-json\/wp\/v2\/pages\/48"}],"wp:featuredmedia":[{"embeddable":true,"href":"https:\/\/bierger.remich.lu\/fr\/wp-json\/wp\/v2\/media\/486"}],"wp:attachment":[{"href":"https:\/\/bierger.remich.lu\/fr\/wp-json\/wp\/v2\/media?parent=78"}],"curies":[{"name":"wp","href":"https:\/\/api.w.org\/{rel}","templated":true}]}}