{"id":81,"date":"2016-08-22T13:11:55","date_gmt":"2016-08-22T13:11:55","guid":{"rendered":"http:\/\/reimech.lu\/?page_id=81"},"modified":"2017-12-07T15:27:34","modified_gmt":"2017-12-07T14:27:34","slug":"gemeinderat","status":"publish","type":"page","link":"https:\/\/bierger.remich.lu\/fr\/ville-de-remich\/politik\/gemeinderat\/","title":{"rendered":"Conseil Communal"},"content":{"rendered":"Le conseil communal constitue l&rsquo;organe politique d&rsquo;une commune et r\u00e8gle tout ce qui est d&rsquo;int\u00e9r\u00eat communal.<\/p>\n<p>Les personnes inscrites sur les listes \u00e9lectorales proc\u00e8dent \u00e0 l\u2019\u00e9lection directe des membres du conseil communal de leur commune de r\u00e9sidence. Les \u00e9lecteurs disposent d\u2019autant de suffrages qu\u2019il y a de conseillers \u00e0 \u00e9lire au conseil communal. Le nombre de conseillers communaux est fonction du nombre des habitants de la commune et il est toujours impair.<\/p>\n<p>Le conseil communal de Remich, y compris les membres du coll\u00e8ge des bourgmestre et \u00e9chevins, est compos\u00e9 de 11 membres comme pr\u00e9vu par r\u00e8glement grand-ducal pour les communes ayant entre 3.000 et 5.999 habitants. Les conseillers communaux ainsi \u00e9lus exercent leur fonction pour une p\u00e9riode de 6 ans.<\/p>\n<p>Vu que la population de Remich compte plus de 3.000 habitants, il est proc\u00e9d\u00e9 au scrutin de liste avec repr\u00e9sentation proportionnelle.<\/p>\n<p>Les comp\u00e9tences du conseil communal:<\/p>\n<ul>\n<li>le vote du budget et des comptes<\/li>\n<li>la fixation des tarifs et redevances<\/li>\n<li>prendre les r\u00e8glements communaux<\/li>\n<li>l&rsquo;approbation des projets de construction et des projets d&rsquo;urbanisme<\/li>\n<li>la nomination, d\u00e9mission ou r\u00e9vocation des fonctionnaires et employ\u00e9s.<\/li>\n<\/ul>\n<p>La loi conf\u00e8re au conseil communal le soin d&rsquo;\u00e9dicter des r\u00e8glements d&rsquo;administration int\u00e9rieure et de police communale, ces derniers pouvant \u00eatre assortis de p\u00e9nalit\u00e9s. Le conseil communal donne \u00e9galement son avis sur les d\u00e9cisions prises par les \u00e9tablissements publics plac\u00e9s sous la surveillance de la commune, il en approuve les budgets et les comptes.<\/p>\n<div class=\"block-layout-item\">\n<div class=\"paragraph paragraph-text\">\n<p>Le conseil communal se r\u00e9unit sous la pr\u00e9sidence du bourgmestre, et ceci aussi souvent que les affaires courantes l&rsquo;exigent, mais au moins une fois tous les trois mois. Les s\u00e9ances du conseil communal sont publiques (sauf quelques exceptions). Un r\u00e9sum\u00e9 du contenu de la s\u00e9ance est publi\u00e9 r\u00e9guli\u00e8rement dans le bulletin communal.<\/p>\n<\/div>\n<\/div>","protected":false},"excerpt":{"rendered":"<p>Le conseil communal constitue l&rsquo;organe politique d&rsquo;une commune et r\u00e8gle tout ce qui est d&rsquo;int\u00e9r\u00eat communal. Les personnes inscrites sur les listes \u00e9lectorales proc\u00e8dent \u00e0 l\u2019\u00e9lection directe des membres du conseil communal de leur commune de r\u00e9sidence. Les \u00e9lecteurs disposent d\u2019autant de suffrages qu\u2019il y a de conseillers \u00e0 \u00e9lire au conseil communal. Le nombre&#8230;  <a class=\"excerpt-read-more\" href=\"https:\/\/bierger.remich.lu\/fr\/ville-de-remich\/politik\/gemeinderat\/\" title=\"ReadConseil Communal\">Lire la suite \u00bb<\/a><\/p>\n","protected":false},"author":1,"featured_media":1242,"parent":48,"menu_order":46,"comment_status":"closed","ping_status":"closed","template":"page-conseil.php","meta":{"_acf_changed":false,"xn-wppe-expiration":[],"xn-wppe-expiration-action":[],"xn-wppe-expiration-prefix":[],"footnotes":"","_links_to":"","_links_to_target":""},"class_list":["post-81","page","type-page","status-publish","has-post-thumbnail","hentry","keyword-conseil-communal","keyword-gemeinderatssitzung"],"acf":[],"yoast_head":"<!-- This site is optimized with the Yoast SEO plugin v26.7 - https:\/\/yoast.com\/wordpress\/plugins\/seo\/ -->\n<title>Conseil Communal - Ville de Remich<\/title>\n<meta name=\"robots\" content=\"index, follow, max-snippet:-1, max-image-preview:large, max-video-preview:-1\" \/>\n<link rel=\"canonical\" href=\"https:\/\/bierger.remich.lu\/de\/ville-de-remich\/politik\/gemeinderat\/\" \/>\n<meta property=\"og:locale\" content=\"fr_FR\" \/>\n<meta property=\"og:type\" content=\"article\" \/>\n<meta property=\"og:title\" content=\"Conseil Communal - Ville de Remich\" \/>\n<meta property=\"og:description\" content=\"Le conseil communal constitue l&rsquo;organe politique d&rsquo;une commune et r\u00e8gle tout ce qui est d&rsquo;int\u00e9r\u00eat communal. Les personnes inscrites sur les listes \u00e9lectorales proc\u00e8dent \u00e0 l\u2019\u00e9lection directe des membres du conseil communal de leur commune de r\u00e9sidence. Les \u00e9lecteurs disposent d\u2019autant de suffrages qu\u2019il y a de conseillers \u00e0 \u00e9lire au conseil communal. Le nombre... Lire la suite \u00bb\" \/>\n<meta property=\"og:url\" content=\"https:\/\/bierger.remich.lu\/de\/ville-de-remich\/politik\/gemeinderat\/\" \/>\n<meta property=\"og:site_name\" content=\"Ville de Remich\" \/>\n<meta property=\"article:modified_time\" content=\"2017-12-07T14:27:34+00:00\" \/>\n<meta property=\"og:image\" content=\"https:\/\/bierger.remich.lu\/wp-content\/uploads\/sites\/3\/2016\/08\/309B7814-1024x683.jpg\" \/>\n\t<meta property=\"og:image:width\" content=\"1024\" \/>\n\t<meta property=\"og:image:height\" content=\"683\" \/>\n\t<meta property=\"og:image:type\" content=\"image\/jpeg\" \/>\n<meta name=\"twitter:card\" content=\"summary_large_image\" \/>\n<meta name=\"twitter:label1\" content=\"Dur\u00e9e de lecture estim\u00e9e\" \/>\n\t<meta name=\"twitter:data1\" content=\"3 minutes\" \/>\n<script type=\"application\/ld+json\" class=\"yoast-schema-graph\">{\"@context\":\"https:\/\/schema.org\",\"@graph\":[{\"@type\":\"WebPage\",\"@id\":\"https:\/\/bierger.remich.lu\/de\/ville-de-remich\/politik\/gemeinderat\/\",\"url\":\"https:\/\/bierger.remich.lu\/de\/ville-de-remich\/politik\/gemeinderat\/\",\"name\":\"Conseil Communal - Ville de Remich\",\"isPartOf\":{\"@id\":\"https:\/\/bierger.remich.lu\/de\/#website\"},\"primaryImageOfPage\":{\"@id\":\"https:\/\/bierger.remich.lu\/de\/ville-de-remich\/politik\/gemeinderat\/#primaryimage\"},\"image\":{\"@id\":\"https:\/\/bierger.remich.lu\/de\/ville-de-remich\/politik\/gemeinderat\/#primaryimage\"},\"thumbnailUrl\":\"https:\/\/bierger.remich.lu\/wp-content\/uploads\/sites\/3\/2016\/08\/309B7814.jpg\",\"datePublished\":\"2016-08-22T13:11:55+00:00\",\"dateModified\":\"2017-12-07T14:27:34+00:00\",\"breadcrumb\":{\"@id\":\"https:\/\/bierger.remich.lu\/de\/ville-de-remich\/politik\/gemeinderat\/#breadcrumb\"},\"inLanguage\":\"fr-FR\",\"potentialAction\":[{\"@type\":\"ReadAction\",\"target\":[\"https:\/\/bierger.remich.lu\/de\/ville-de-remich\/politik\/gemeinderat\/\"]}]},{\"@type\":\"ImageObject\",\"inLanguage\":\"fr-FR\",\"@id\":\"https:\/\/bierger.remich.lu\/de\/ville-de-remich\/politik\/gemeinderat\/#primaryimage\",\"url\":\"https:\/\/bierger.remich.lu\/wp-content\/uploads\/sites\/3\/2016\/08\/309B7814.jpg\",\"contentUrl\":\"https:\/\/bierger.remich.lu\/wp-content\/uploads\/sites\/3\/2016\/08\/309B7814.jpg\",\"width\":5760,\"height\":3840},{\"@type\":\"BreadcrumbList\",\"@id\":\"https:\/\/bierger.remich.lu\/de\/ville-de-remich\/politik\/gemeinderat\/#breadcrumb\",\"itemListElement\":[{\"@type\":\"ListItem\",\"position\":1,\"name\":\"Startseite\",\"item\":\"https:\/\/bierger.remich.lu\/de\/\"},{\"@type\":\"ListItem\",\"position\":2,\"name\":\"Stadt Remich\",\"item\":\"https:\/\/bierger.remich.lu\/de\/ville-de-remich\/\"},{\"@type\":\"ListItem\",\"position\":3,\"name\":\"Politik\",\"item\":\"https:\/\/bierger.remich.lu\/de\/ville-de-remich\/politik\/\"},{\"@type\":\"ListItem\",\"position\":4,\"name\":\"Gemeinderat\"}]},{\"@type\":\"WebSite\",\"@id\":\"https:\/\/bierger.remich.lu\/de\/#website\",\"url\":\"https:\/\/bierger.remich.lu\/de\/\",\"name\":\"Ville de Remich\",\"description\":\"\",\"potentialAction\":[{\"@type\":\"SearchAction\",\"target\":{\"@type\":\"EntryPoint\",\"urlTemplate\":\"https:\/\/bierger.remich.lu\/de\/?s={search_term_string}\"},\"query-input\":{\"@type\":\"PropertyValueSpecification\",\"valueRequired\":true,\"valueName\":\"search_term_string\"}}],\"inLanguage\":\"fr-FR\"}]}<\/script>\n<!-- \/ Yoast SEO plugin. -->","yoast_head_json":{"title":"Conseil Communal - Ville de Remich","robots":{"index":"index","follow":"follow","max-snippet":"max-snippet:-1","max-image-preview":"max-image-preview:large","max-video-preview":"max-video-preview:-1"},"canonical":"https:\/\/bierger.remich.lu\/de\/ville-de-remich\/politik\/gemeinderat\/","og_locale":"fr_FR","og_type":"article","og_title":"Conseil Communal - Ville de Remich","og_description":"Le conseil communal constitue l&rsquo;organe politique d&rsquo;une commune et r\u00e8gle tout ce qui est d&rsquo;int\u00e9r\u00eat communal. Les personnes inscrites sur les listes \u00e9lectorales proc\u00e8dent \u00e0 l\u2019\u00e9lection directe des membres du conseil communal de leur commune de r\u00e9sidence. Les \u00e9lecteurs disposent d\u2019autant de suffrages qu\u2019il y a de conseillers \u00e0 \u00e9lire au conseil communal. Le nombre... Lire la suite \u00bb","og_url":"https:\/\/bierger.remich.lu\/de\/ville-de-remich\/politik\/gemeinderat\/","og_site_name":"Ville de Remich","article_modified_time":"2017-12-07T14:27:34+00:00","og_image":[{"width":1024,"height":683,"url":"https:\/\/bierger.remich.lu\/wp-content\/uploads\/sites\/3\/2016\/08\/309B7814-1024x683.jpg","type":"image\/jpeg"}],"twitter_card":"summary_large_image","twitter_misc":{"Dur\u00e9e de lecture estim\u00e9e":"3 minutes"},"schema":{"@context":"https:\/\/schema.org","@graph":[{"@type":"WebPage","@id":"https:\/\/bierger.remich.lu\/de\/ville-de-remich\/politik\/gemeinderat\/","url":"https:\/\/bierger.remich.lu\/de\/ville-de-remich\/politik\/gemeinderat\/","name":"Conseil Communal - Ville de Remich","isPartOf":{"@id":"https:\/\/bierger.remich.lu\/de\/#website"},"primaryImageOfPage":{"@id":"https:\/\/bierger.remich.lu\/de\/ville-de-remich\/politik\/gemeinderat\/#primaryimage"},"image":{"@id":"https:\/\/bierger.remich.lu\/de\/ville-de-remich\/politik\/gemeinderat\/#primaryimage"},"thumbnailUrl":"https:\/\/bierger.remich.lu\/wp-content\/uploads\/sites\/3\/2016\/08\/309B7814.jpg","datePublished":"2016-08-22T13:11:55+00:00","dateModified":"2017-12-07T14:27:34+00:00","breadcrumb":{"@id":"https:\/\/bierger.remich.lu\/de\/ville-de-remich\/politik\/gemeinderat\/#breadcrumb"},"inLanguage":"fr-FR","potentialAction":[{"@type":"ReadAction","target":["https:\/\/bierger.remich.lu\/de\/ville-de-remich\/politik\/gemeinderat\/"]}]},{"@type":"ImageObject","inLanguage":"fr-FR","@id":"https:\/\/bierger.remich.lu\/de\/ville-de-remich\/politik\/gemeinderat\/#primaryimage","url":"https:\/\/bierger.remich.lu\/wp-content\/uploads\/sites\/3\/2016\/08\/309B7814.jpg","contentUrl":"https:\/\/bierger.remich.lu\/wp-content\/uploads\/sites\/3\/2016\/08\/309B7814.jpg","width":5760,"height":3840},{"@type":"BreadcrumbList","@id":"https:\/\/bierger.remich.lu\/de\/ville-de-remich\/politik\/gemeinderat\/#breadcrumb","itemListElement":[{"@type":"ListItem","position":1,"name":"Startseite","item":"https:\/\/bierger.remich.lu\/de\/"},{"@type":"ListItem","position":2,"name":"Stadt Remich","item":"https:\/\/bierger.remich.lu\/de\/ville-de-remich\/"},{"@type":"ListItem","position":3,"name":"Politik","item":"https:\/\/bierger.remich.lu\/de\/ville-de-remich\/politik\/"},{"@type":"ListItem","position":4,"name":"Gemeinderat"}]},{"@type":"WebSite","@id":"https:\/\/bierger.remich.lu\/de\/#website","url":"https:\/\/bierger.remich.lu\/de\/","name":"Ville de Remich","description":"","potentialAction":[{"@type":"SearchAction","target":{"@type":"EntryPoint","urlTemplate":"https:\/\/bierger.remich.lu\/de\/?s={search_term_string}"},"query-input":{"@type":"PropertyValueSpecification","valueRequired":true,"valueName":"search_term_string"}}],"inLanguage":"fr-FR"}]}},"_links":{"self":[{"href":"https:\/\/bierger.remich.lu\/fr\/wp-json\/wp\/v2\/pages\/81","targetHints":{"allow":["GET"]}}],"collection":[{"href":"https:\/\/bierger.remich.lu\/fr\/wp-json\/wp\/v2\/pages"}],"about":[{"href":"https:\/\/bierger.remich.lu\/fr\/wp-json\/wp\/v2\/types\/page"}],"author":[{"embeddable":true,"href":"https:\/\/bierger.remich.lu\/fr\/wp-json\/wp\/v2\/users\/1"}],"replies":[{"embeddable":true,"href":"https:\/\/bierger.remich.lu\/fr\/wp-json\/wp\/v2\/comments?post=81"}],"version-history":[{"count":8,"href":"https:\/\/bierger.remich.lu\/fr\/wp-json\/wp\/v2\/pages\/81\/revisions"}],"predecessor-version":[{"id":2090,"href":"https:\/\/bierger.remich.lu\/fr\/wp-json\/wp\/v2\/pages\/81\/revisions\/2090"}],"up":[{"embeddable":true,"href":"https:\/\/bierger.remich.lu\/fr\/wp-json\/wp\/v2\/pages\/48"}],"wp:featuredmedia":[{"embeddable":true,"href":"https:\/\/bierger.remich.lu\/fr\/wp-json\/wp\/v2\/media\/1242"}],"wp:attachment":[{"href":"https:\/\/bierger.remich.lu\/fr\/wp-json\/wp\/v2\/media?parent=81"}],"curies":[{"name":"wp","href":"https:\/\/api.w.org\/{rel}","templated":true}]}}