{"id":8487,"date":"2022-03-24T10:02:40","date_gmt":"2022-03-24T09:02:40","guid":{"rendered":"http:\/\/bierger.remich.lu\/?page_id=8487"},"modified":"2023-03-15T10:32:24","modified_gmt":"2023-03-15T09:32:24","slug":"gutscheinsystem-fur-kinderbetreuung-csa","status":"publish","type":"page","link":"https:\/\/bierger.remich.lu\/fr\/ville-de-remich\/schulwesen\/gutscheinsystem-fur-kinderbetreuung-csa\/","title":{"rendered":"Ch\u00e8que-service accueil (CSA)"},"content":{"rendered":"<p class=\"mb-20\">Pour b\u00e9n\u00e9ficier du ch\u00e8que-service accueil, <em><strong>les parents r\u00e9sidents doivent demander une carte d\u2019adh\u00e9sion personnalis\u00e9e \u00ab\u00a0myCard fir staark Kanner\u00a0\u00bb au nom de l\u2019enfant aupr\u00e8s de l\u2019administration communale<\/strong><\/em>.<\/p>\n<p class=\"mb-20\"><em><strong>Les parents non-r\u00e9sidents<\/strong><\/em> doivent s\u2019adresser \u00e0 la Caisse pour l\u2019avenir des enfants.<\/p>\n<p class=\"mb-20\">Moyennant la carte myCard, les parents peuvent se cr\u00e9er un compte parent qui donne acc\u00e8s \u00e0 un espace s\u00e9curis\u00e9 offrant les fonctionnalit\u00e9s et avantages suivants :<\/p>\n<div class=\"dng-list list-icon em-border\">\n<ul>\n<li><i class=\"fa fa-check\"><\/i>acc\u00e8s \u00e0 du mat\u00e9riel p\u00e9dagogique adapt\u00e9 \u00e0 l\u2019\u00e2ge de leur enfant,<\/li>\n<li><i class=\"fa fa-check\"><\/i>consultation des factures et d\u00e9comptes mensuels du ch\u00e8que-service accueil,<\/li>\n<li><i class=\"fa fa-check\"><\/i>intervention sur les semaines d\u2019\u00e9ducation plurilingue (1 \u00e0 4 ans).<\/li>\n<\/ul>\n<\/div>\n<p class=\"mb-20\">myCard reste valable jusqu\u2019\u00e0 la fin de l\u2019\u00e9cole fondamentale, autrement dit il n\u2019est pas \u00e9mis de nouvelle carte lors du renouvellement annuel du contrat d\u2019adh\u00e9sion au ch\u00e8que-service accueil. Lors de la perte d\u2019une carte, les parents doivent se pr\u00e9senter \u00e0 l\u2019administration communale ou \u00e0 la Caisse pour l\u2019avenir des enfants pour en demander la r\u00e9impression.<\/p>\n<p><strong><span style=\"color: #000000\"><em>Plus d&rsquo;infos sur le site internet du <a href=\"https:\/\/men.public.lu\/fr\/enfance.html\">Minist\u00e8re de l\u2019\u00c9ducation Nationale<\/a>.<\/em> <\/span><\/strong>","protected":false},"excerpt":{"rendered":"<p>Pour b\u00e9n\u00e9ficier du ch\u00e8que-service accueil, les parents r\u00e9sidents doivent demander une carte d\u2019adh\u00e9sion personnalis\u00e9e \u00ab\u00a0myCard fir staark Kanner\u00a0\u00bb au nom de l\u2019enfant aupr\u00e8s de l\u2019administration communale. Les parents non-r\u00e9sidents doivent s\u2019adresser \u00e0 la Caisse pour l\u2019avenir des enfants. Moyennant la carte myCard, les parents peuvent se cr\u00e9er un compte parent qui donne acc\u00e8s \u00e0 un&#8230;  <a class=\"excerpt-read-more\" href=\"https:\/\/bierger.remich.lu\/fr\/ville-de-remich\/schulwesen\/gutscheinsystem-fur-kinderbetreuung-csa\/\" title=\"ReadCh\u00e8que-service accueil (CSA)\">Lire la suite \u00bb<\/a><\/p>\n","protected":false},"author":4,"featured_media":8488,"parent":1852,"menu_order":13,"comment_status":"closed","ping_status":"closed","template":"","meta":{"_acf_changed":false,"xn-wppe-expiration":[],"xn-wppe-expiration-action":[],"xn-wppe-expiration-prefix":[],"footnotes":"","_links_to":"","_links_to_target":""},"class_list":["post-8487","page","type-page","status-publish","has-post-thumbnail","hentry","keyword-ausbildung","keyword-kinder"],"acf":[],"yoast_head":"<!-- This site is optimized with the Yoast SEO plugin v26.7 - https:\/\/yoast.com\/wordpress\/plugins\/seo\/ -->\n<title>Ch\u00e8que-service accueil (CSA) - Ville de Remich<\/title>\n<meta name=\"robots\" content=\"index, follow, max-snippet:-1, max-image-preview:large, max-video-preview:-1\" \/>\n<link rel=\"canonical\" href=\"https:\/\/bierger.remich.lu\/de\/ville-de-remich\/schulwesen\/gutscheinsystem-fur-kinderbetreuung-csa\/\" \/>\n<meta property=\"og:locale\" content=\"fr_FR\" \/>\n<meta property=\"og:type\" content=\"article\" \/>\n<meta property=\"og:title\" content=\"Ch\u00e8que-service accueil (CSA) - Ville de Remich\" \/>\n<meta property=\"og:description\" content=\"Pour b\u00e9n\u00e9ficier du ch\u00e8que-service accueil, les parents r\u00e9sidents doivent demander une carte d\u2019adh\u00e9sion personnalis\u00e9e \u00ab\u00a0myCard fir staark Kanner\u00a0\u00bb au nom de l\u2019enfant aupr\u00e8s de l\u2019administration communale. Les parents non-r\u00e9sidents doivent s\u2019adresser \u00e0 la Caisse pour l\u2019avenir des enfants. Moyennant la carte myCard, les parents peuvent se cr\u00e9er un compte parent qui donne acc\u00e8s \u00e0 un... Lire la suite \u00bb\" \/>\n<meta property=\"og:url\" content=\"https:\/\/bierger.remich.lu\/de\/ville-de-remich\/schulwesen\/gutscheinsystem-fur-kinderbetreuung-csa\/\" \/>\n<meta property=\"og:site_name\" content=\"Ville de Remich\" \/>\n<meta property=\"article:modified_time\" content=\"2023-03-15T09:32:24+00:00\" \/>\n<meta property=\"og:image\" content=\"https:\/\/bierger.remich.lu\/wp-content\/uploads\/sites\/3\/2022\/03\/element5-digital-OyCl7Y4y0Bk-unsplash-scaled.jpg\" \/>\n\t<meta property=\"og:image:width\" content=\"2560\" \/>\n\t<meta property=\"og:image:height\" content=\"1807\" \/>\n\t<meta property=\"og:image:type\" content=\"image\/jpeg\" \/>\n<meta name=\"twitter:card\" content=\"summary_large_image\" \/>\n<meta name=\"twitter:label1\" content=\"Dur\u00e9e de lecture estim\u00e9e\" \/>\n\t<meta name=\"twitter:data1\" content=\"3 minutes\" \/>\n<script type=\"application\/ld+json\" class=\"yoast-schema-graph\">{\"@context\":\"https:\/\/schema.org\",\"@graph\":[{\"@type\":\"WebPage\",\"@id\":\"https:\/\/bierger.remich.lu\/de\/ville-de-remich\/schulwesen\/gutscheinsystem-fur-kinderbetreuung-csa\/\",\"url\":\"https:\/\/bierger.remich.lu\/de\/ville-de-remich\/schulwesen\/gutscheinsystem-fur-kinderbetreuung-csa\/\",\"name\":\"Ch\u00e8que-service accueil (CSA) - Ville de Remich\",\"isPartOf\":{\"@id\":\"https:\/\/bierger.remich.lu\/de\/#website\"},\"primaryImageOfPage\":{\"@id\":\"https:\/\/bierger.remich.lu\/de\/ville-de-remich\/schulwesen\/gutscheinsystem-fur-kinderbetreuung-csa\/#primaryimage\"},\"image\":{\"@id\":\"https:\/\/bierger.remich.lu\/de\/ville-de-remich\/schulwesen\/gutscheinsystem-fur-kinderbetreuung-csa\/#primaryimage\"},\"thumbnailUrl\":\"https:\/\/bierger.remich.lu\/wp-content\/uploads\/sites\/3\/2022\/03\/element5-digital-OyCl7Y4y0Bk-unsplash-scaled.jpg\",\"datePublished\":\"2022-03-24T09:02:40+00:00\",\"dateModified\":\"2023-03-15T09:32:24+00:00\",\"breadcrumb\":{\"@id\":\"https:\/\/bierger.remich.lu\/de\/ville-de-remich\/schulwesen\/gutscheinsystem-fur-kinderbetreuung-csa\/#breadcrumb\"},\"inLanguage\":\"fr-FR\",\"potentialAction\":[{\"@type\":\"ReadAction\",\"target\":[\"https:\/\/bierger.remich.lu\/de\/ville-de-remich\/schulwesen\/gutscheinsystem-fur-kinderbetreuung-csa\/\"]}]},{\"@type\":\"ImageObject\",\"inLanguage\":\"fr-FR\",\"@id\":\"https:\/\/bierger.remich.lu\/de\/ville-de-remich\/schulwesen\/gutscheinsystem-fur-kinderbetreuung-csa\/#primaryimage\",\"url\":\"https:\/\/bierger.remich.lu\/wp-content\/uploads\/sites\/3\/2022\/03\/element5-digital-OyCl7Y4y0Bk-unsplash-scaled.jpg\",\"contentUrl\":\"https:\/\/bierger.remich.lu\/wp-content\/uploads\/sites\/3\/2022\/03\/element5-digital-OyCl7Y4y0Bk-unsplash-scaled.jpg\",\"width\":2560,\"height\":1807},{\"@type\":\"BreadcrumbList\",\"@id\":\"https:\/\/bierger.remich.lu\/de\/ville-de-remich\/schulwesen\/gutscheinsystem-fur-kinderbetreuung-csa\/#breadcrumb\",\"itemListElement\":[{\"@type\":\"ListItem\",\"position\":1,\"name\":\"Startseite\",\"item\":\"https:\/\/bierger.remich.lu\/de\/\"},{\"@type\":\"ListItem\",\"position\":2,\"name\":\"Stadt Remich\",\"item\":\"https:\/\/bierger.remich.lu\/de\/ville-de-remich\/\"},{\"@type\":\"ListItem\",\"position\":3,\"name\":\"Bildung und Kinder\",\"item\":\"https:\/\/bierger.remich.lu\/de\/ville-de-remich\/schulwesen\/\"},{\"@type\":\"ListItem\",\"position\":4,\"name\":\"Gutscheinsystem f\u00fcr Kinderbetreuung (CSA)\"}]},{\"@type\":\"WebSite\",\"@id\":\"https:\/\/bierger.remich.lu\/de\/#website\",\"url\":\"https:\/\/bierger.remich.lu\/de\/\",\"name\":\"Ville de Remich\",\"description\":\"\",\"potentialAction\":[{\"@type\":\"SearchAction\",\"target\":{\"@type\":\"EntryPoint\",\"urlTemplate\":\"https:\/\/bierger.remich.lu\/de\/?s={search_term_string}\"},\"query-input\":{\"@type\":\"PropertyValueSpecification\",\"valueRequired\":true,\"valueName\":\"search_term_string\"}}],\"inLanguage\":\"fr-FR\"}]}<\/script>\n<!-- \/ Yoast SEO plugin. -->","yoast_head_json":{"title":"Ch\u00e8que-service accueil (CSA) - Ville de Remich","robots":{"index":"index","follow":"follow","max-snippet":"max-snippet:-1","max-image-preview":"max-image-preview:large","max-video-preview":"max-video-preview:-1"},"canonical":"https:\/\/bierger.remich.lu\/de\/ville-de-remich\/schulwesen\/gutscheinsystem-fur-kinderbetreuung-csa\/","og_locale":"fr_FR","og_type":"article","og_title":"Ch\u00e8que-service accueil (CSA) - Ville de Remich","og_description":"Pour b\u00e9n\u00e9ficier du ch\u00e8que-service accueil, les parents r\u00e9sidents doivent demander une carte d\u2019adh\u00e9sion personnalis\u00e9e \u00ab\u00a0myCard fir staark Kanner\u00a0\u00bb au nom de l\u2019enfant aupr\u00e8s de l\u2019administration communale. Les parents non-r\u00e9sidents doivent s\u2019adresser \u00e0 la Caisse pour l\u2019avenir des enfants. Moyennant la carte myCard, les parents peuvent se cr\u00e9er un compte parent qui donne acc\u00e8s \u00e0 un... Lire la suite \u00bb","og_url":"https:\/\/bierger.remich.lu\/de\/ville-de-remich\/schulwesen\/gutscheinsystem-fur-kinderbetreuung-csa\/","og_site_name":"Ville de Remich","article_modified_time":"2023-03-15T09:32:24+00:00","og_image":[{"width":2560,"height":1807,"url":"https:\/\/bierger.remich.lu\/wp-content\/uploads\/sites\/3\/2022\/03\/element5-digital-OyCl7Y4y0Bk-unsplash-scaled.jpg","type":"image\/jpeg"}],"twitter_card":"summary_large_image","twitter_misc":{"Dur\u00e9e de lecture estim\u00e9e":"3 minutes"},"schema":{"@context":"https:\/\/schema.org","@graph":[{"@type":"WebPage","@id":"https:\/\/bierger.remich.lu\/de\/ville-de-remich\/schulwesen\/gutscheinsystem-fur-kinderbetreuung-csa\/","url":"https:\/\/bierger.remich.lu\/de\/ville-de-remich\/schulwesen\/gutscheinsystem-fur-kinderbetreuung-csa\/","name":"Ch\u00e8que-service accueil (CSA) - Ville de Remich","isPartOf":{"@id":"https:\/\/bierger.remich.lu\/de\/#website"},"primaryImageOfPage":{"@id":"https:\/\/bierger.remich.lu\/de\/ville-de-remich\/schulwesen\/gutscheinsystem-fur-kinderbetreuung-csa\/#primaryimage"},"image":{"@id":"https:\/\/bierger.remich.lu\/de\/ville-de-remich\/schulwesen\/gutscheinsystem-fur-kinderbetreuung-csa\/#primaryimage"},"thumbnailUrl":"https:\/\/bierger.remich.lu\/wp-content\/uploads\/sites\/3\/2022\/03\/element5-digital-OyCl7Y4y0Bk-unsplash-scaled.jpg","datePublished":"2022-03-24T09:02:40+00:00","dateModified":"2023-03-15T09:32:24+00:00","breadcrumb":{"@id":"https:\/\/bierger.remich.lu\/de\/ville-de-remich\/schulwesen\/gutscheinsystem-fur-kinderbetreuung-csa\/#breadcrumb"},"inLanguage":"fr-FR","potentialAction":[{"@type":"ReadAction","target":["https:\/\/bierger.remich.lu\/de\/ville-de-remich\/schulwesen\/gutscheinsystem-fur-kinderbetreuung-csa\/"]}]},{"@type":"ImageObject","inLanguage":"fr-FR","@id":"https:\/\/bierger.remich.lu\/de\/ville-de-remich\/schulwesen\/gutscheinsystem-fur-kinderbetreuung-csa\/#primaryimage","url":"https:\/\/bierger.remich.lu\/wp-content\/uploads\/sites\/3\/2022\/03\/element5-digital-OyCl7Y4y0Bk-unsplash-scaled.jpg","contentUrl":"https:\/\/bierger.remich.lu\/wp-content\/uploads\/sites\/3\/2022\/03\/element5-digital-OyCl7Y4y0Bk-unsplash-scaled.jpg","width":2560,"height":1807},{"@type":"BreadcrumbList","@id":"https:\/\/bierger.remich.lu\/de\/ville-de-remich\/schulwesen\/gutscheinsystem-fur-kinderbetreuung-csa\/#breadcrumb","itemListElement":[{"@type":"ListItem","position":1,"name":"Startseite","item":"https:\/\/bierger.remich.lu\/de\/"},{"@type":"ListItem","position":2,"name":"Stadt Remich","item":"https:\/\/bierger.remich.lu\/de\/ville-de-remich\/"},{"@type":"ListItem","position":3,"name":"Bildung und Kinder","item":"https:\/\/bierger.remich.lu\/de\/ville-de-remich\/schulwesen\/"},{"@type":"ListItem","position":4,"name":"Gutscheinsystem f\u00fcr Kinderbetreuung (CSA)"}]},{"@type":"WebSite","@id":"https:\/\/bierger.remich.lu\/de\/#website","url":"https:\/\/bierger.remich.lu\/de\/","name":"Ville de Remich","description":"","potentialAction":[{"@type":"SearchAction","target":{"@type":"EntryPoint","urlTemplate":"https:\/\/bierger.remich.lu\/de\/?s={search_term_string}"},"query-input":{"@type":"PropertyValueSpecification","valueRequired":true,"valueName":"search_term_string"}}],"inLanguage":"fr-FR"}]}},"_links":{"self":[{"href":"https:\/\/bierger.remich.lu\/fr\/wp-json\/wp\/v2\/pages\/8487","targetHints":{"allow":["GET"]}}],"collection":[{"href":"https:\/\/bierger.remich.lu\/fr\/wp-json\/wp\/v2\/pages"}],"about":[{"href":"https:\/\/bierger.remich.lu\/fr\/wp-json\/wp\/v2\/types\/page"}],"author":[{"embeddable":true,"href":"https:\/\/bierger.remich.lu\/fr\/wp-json\/wp\/v2\/users\/4"}],"replies":[{"embeddable":true,"href":"https:\/\/bierger.remich.lu\/fr\/wp-json\/wp\/v2\/comments?post=8487"}],"version-history":[{"count":4,"href":"https:\/\/bierger.remich.lu\/fr\/wp-json\/wp\/v2\/pages\/8487\/revisions"}],"predecessor-version":[{"id":12067,"href":"https:\/\/bierger.remich.lu\/fr\/wp-json\/wp\/v2\/pages\/8487\/revisions\/12067"}],"up":[{"embeddable":true,"href":"https:\/\/bierger.remich.lu\/fr\/wp-json\/wp\/v2\/pages\/1852"}],"wp:featuredmedia":[{"embeddable":true,"href":"https:\/\/bierger.remich.lu\/fr\/wp-json\/wp\/v2\/media\/8488"}],"wp:attachment":[{"href":"https:\/\/bierger.remich.lu\/fr\/wp-json\/wp\/v2\/media?parent=8487"}],"curies":[{"name":"wp","href":"https:\/\/api.w.org\/{rel}","templated":true}]}}