{"id":11687,"date":"2023-01-13T11:13:20","date_gmt":"2023-01-13T10:13:20","guid":{"rendered":"https:\/\/bierger.remich.lu\/?page_id=11687"},"modified":"2023-01-13T11:42:53","modified_gmt":"2023-01-13T10:42:53","slug":"regionaler-sozialer-schlichtungsdienst","status":"publish","type":"page","link":"https:\/\/bierger.remich.lu\/lb\/services-au-citoyen\/soziales-und-3-alter\/regionaler-sozialer-schlichtungsdienst\/regionaler-sozialer-schlichtungsdienst\/","title":{"rendered":"Service r\u00e9gional de m\u00e9diation sociale"},"content":{"rendered":"<p class=\"qtranxs-available-languages-message qtranxs-available-languages-message-lb\">Leider g\u00ebtt et d\u00ebsen Inhalt n\u00ebmmen op <a href=\"https:\/\/bierger.remich.lu\/fr\/wp-json\/wp\/v2\/pages\/11687\" class=\"qtranxs-available-language-link qtranxs-available-language-link-fr\" title=\"FR\">FR<\/a> an <a href=\"https:\/\/bierger.remich.lu\/de\/wp-json\/wp\/v2\/pages\/11687\" class=\"qtranxs-available-language-link qtranxs-available-language-link-de\" title=\"DE\">DE<\/a>. For the sake of viewer convenience, the content is shown below in one of the available alternative languages. You may click one of the links to switch the site language to another available language.<\/p><div id=\"main\" class=\"clearfix\" role=\"main\">\n<article id=\"post-2950\" class=\"clearfix post-2950 page type-page status-publish has-post-thumbnail hentry\">\n<section class=\"entry-content clearfix\">\n<div class=\"boxcontent\">\n<p>Le Service R\u00e9gional de M\u00e9diation Sociale a pour mission la m\u00e9diation de voisinage.<\/p>\n<p>Depuis l\u2019ann\u00e9e 2013 la Ville de Remich collabore avec le service r\u00e9gional de m\u00e9diation sociale par le biais de la MEC asbl<strong>.<\/strong><\/p>\n<blockquote><p>La m\u00e9diation est une d\u00e9marche confidentielle et volontaire qui permet de r\u00e9soudre un conflit (ex: nuisances sonores, odeurs, stationnement abusif, plantations envahissantes, disputes) en \u00e9vitant la justice. (source: Mec asbl)<\/p><\/blockquote>\n<p>&nbsp;<\/p>\n<\/div>\n<\/section>\n<\/article>\n<\/div>\n<div class=\"standard-sidebar\"><\/div>","protected":false},"excerpt":{"rendered":"<p>Leider g\u00ebtt et d\u00ebsen Inhalt n\u00ebmmen op FR an DE. For the sake of viewer convenience, the content is shown below in one of the available alternative languages. You may click one of the links to switch the site language to another available language. Le Service R\u00e9gional de M\u00e9diation Sociale a pour mission la m\u00e9diation&#8230;  <a class=\"excerpt-read-more\" href=\"https:\/\/bierger.remich.lu\/lb\/services-au-citoyen\/soziales-und-3-alter\/regionaler-sozialer-schlichtungsdienst\/regionaler-sozialer-schlichtungsdienst\/\" title=\"ReadService r\u00e9gional de m\u00e9diation sociale\">Read more &raquo;<\/a><\/p>\n","protected":false},"author":4,"featured_media":2952,"parent":2950,"menu_order":92,"comment_status":"closed","ping_status":"closed","template":"","meta":{"_acf_changed":false,"xn-wppe-expiration":[],"xn-wppe-expiration-action":[],"xn-wppe-expiration-prefix":[],"footnotes":"","_links_to":"","_links_to_target":""},"class_list":["post-11687","page","type-page","status-publish","has-post-thumbnail","hentry","keyword-social"],"acf":[],"yoast_head":"<!-- This site is optimized with the Yoast SEO plugin v26.7 - https:\/\/yoast.com\/wordpress\/plugins\/seo\/ -->\n<title>Service r\u00e9gional de m\u00e9diation sociale - Ville de Remich<\/title>\n<meta name=\"robots\" content=\"index, follow, max-snippet:-1, max-image-preview:large, max-video-preview:-1\" \/>\n<link rel=\"canonical\" href=\"https:\/\/bierger.remich.lu\/de\/services-au-citoyen\/soziales-und-3-alter\/regionaler-sozialer-schlichtungsdienst\/regionaler-sozialer-schlichtungsdienst\/\" \/>\n<meta property=\"og:locale\" content=\"en_US\" \/>\n<meta property=\"og:type\" content=\"article\" \/>\n<meta property=\"og:title\" content=\"Service r\u00e9gional de m\u00e9diation sociale - Ville de Remich\" \/>\n<meta property=\"og:description\" content=\"Leider g\u00ebtt et d\u00ebsen Inhalt n\u00ebmmen op FR an DE. For the sake of viewer convenience, the content is shown below in one of the available alternative languages. You may click one of the links to switch the site language to another available language. Le Service R\u00e9gional de M\u00e9diation Sociale a pour mission la m\u00e9diation... Read more &raquo;\" \/>\n<meta property=\"og:url\" content=\"https:\/\/bierger.remich.lu\/de\/services-au-citoyen\/soziales-und-3-alter\/regionaler-sozialer-schlichtungsdienst\/regionaler-sozialer-schlichtungsdienst\/\" \/>\n<meta property=\"og:site_name\" content=\"Ville de Remich\" \/>\n<meta property=\"article:modified_time\" content=\"2023-01-13T10:42:53+00:00\" \/>\n<meta property=\"og:image\" content=\"https:\/\/bierger.remich.lu\/wp-content\/uploads\/sites\/3\/2018\/01\/rawpixel-com-351765-e1515667835158.jpg\" \/>\n\t<meta property=\"og:image:width\" content=\"2745\" \/>\n\t<meta property=\"og:image:height\" content=\"3955\" \/>\n\t<meta property=\"og:image:type\" content=\"image\/jpeg\" \/>\n<meta name=\"twitter:card\" content=\"summary_large_image\" \/>\n<meta name=\"twitter:label1\" content=\"Est. reading time\" \/>\n\t<meta name=\"twitter:data1\" content=\"1 minute\" \/>\n<script type=\"application\/ld+json\" class=\"yoast-schema-graph\">{\"@context\":\"https:\/\/schema.org\",\"@graph\":[{\"@type\":\"WebPage\",\"@id\":\"https:\/\/bierger.remich.lu\/de\/services-au-citoyen\/soziales-und-3-alter\/regionaler-sozialer-schlichtungsdienst\/regionaler-sozialer-schlichtungsdienst\/\",\"url\":\"https:\/\/bierger.remich.lu\/de\/services-au-citoyen\/soziales-und-3-alter\/regionaler-sozialer-schlichtungsdienst\/regionaler-sozialer-schlichtungsdienst\/\",\"name\":\"Service r\u00e9gional de m\u00e9diation sociale - Ville de Remich\",\"isPartOf\":{\"@id\":\"https:\/\/bierger.remich.lu\/de\/#website\"},\"primaryImageOfPage\":{\"@id\":\"https:\/\/bierger.remich.lu\/de\/services-au-citoyen\/soziales-und-3-alter\/regionaler-sozialer-schlichtungsdienst\/regionaler-sozialer-schlichtungsdienst\/#primaryimage\"},\"image\":{\"@id\":\"https:\/\/bierger.remich.lu\/de\/services-au-citoyen\/soziales-und-3-alter\/regionaler-sozialer-schlichtungsdienst\/regionaler-sozialer-schlichtungsdienst\/#primaryimage\"},\"thumbnailUrl\":\"https:\/\/bierger.remich.lu\/wp-content\/uploads\/sites\/3\/2018\/01\/rawpixel-com-351765-e1515667835158.jpg\",\"datePublished\":\"2023-01-13T10:13:20+00:00\",\"dateModified\":\"2023-01-13T10:42:53+00:00\",\"breadcrumb\":{\"@id\":\"https:\/\/bierger.remich.lu\/de\/services-au-citoyen\/soziales-und-3-alter\/regionaler-sozialer-schlichtungsdienst\/regionaler-sozialer-schlichtungsdienst\/#breadcrumb\"},\"inLanguage\":\"lb-LU\",\"potentialAction\":[{\"@type\":\"ReadAction\",\"target\":[\"https:\/\/bierger.remich.lu\/de\/services-au-citoyen\/soziales-und-3-alter\/regionaler-sozialer-schlichtungsdienst\/regionaler-sozialer-schlichtungsdienst\/\"]}]},{\"@type\":\"ImageObject\",\"inLanguage\":\"lb-LU\",\"@id\":\"https:\/\/bierger.remich.lu\/de\/services-au-citoyen\/soziales-und-3-alter\/regionaler-sozialer-schlichtungsdienst\/regionaler-sozialer-schlichtungsdienst\/#primaryimage\",\"url\":\"https:\/\/bierger.remich.lu\/wp-content\/uploads\/sites\/3\/2018\/01\/rawpixel-com-351765-e1515667835158.jpg\",\"contentUrl\":\"https:\/\/bierger.remich.lu\/wp-content\/uploads\/sites\/3\/2018\/01\/rawpixel-com-351765-e1515667835158.jpg\",\"width\":2745,\"height\":3955},{\"@type\":\"BreadcrumbList\",\"@id\":\"https:\/\/bierger.remich.lu\/de\/services-au-citoyen\/soziales-und-3-alter\/regionaler-sozialer-schlichtungsdienst\/regionaler-sozialer-schlichtungsdienst\/#breadcrumb\",\"itemListElement\":[{\"@type\":\"ListItem\",\"position\":1,\"name\":\"Startseite\",\"item\":\"https:\/\/bierger.remich.lu\/de\/\"},{\"@type\":\"ListItem\",\"position\":2,\"name\":\"B\u00fcrgerdienste\",\"item\":\"https:\/\/bierger.remich.lu\/de\/services-au-citoyen\/\"},{\"@type\":\"ListItem\",\"position\":3,\"name\":\"Soziales und 3. Alter\",\"item\":\"https:\/\/bierger.remich.lu\/de\/services-au-citoyen\/soziales-und-3-alter\/\"},{\"@type\":\"ListItem\",\"position\":4,\"name\":\"MEC asbl\",\"item\":\"https:\/\/bierger.remich.lu\/de\/services-au-citoyen\/soziales-und-3-alter\/regionaler-sozialer-schlichtungsdienst\/\"},{\"@type\":\"ListItem\",\"position\":5,\"name\":\"Regionaler sozialer Schlichtungsdienst\"}]},{\"@type\":\"WebSite\",\"@id\":\"https:\/\/bierger.remich.lu\/de\/#website\",\"url\":\"https:\/\/bierger.remich.lu\/de\/\",\"name\":\"Ville de Remich\",\"description\":\"\",\"potentialAction\":[{\"@type\":\"SearchAction\",\"target\":{\"@type\":\"EntryPoint\",\"urlTemplate\":\"https:\/\/bierger.remich.lu\/de\/?s={search_term_string}\"},\"query-input\":{\"@type\":\"PropertyValueSpecification\",\"valueRequired\":true,\"valueName\":\"search_term_string\"}}],\"inLanguage\":\"lb-LU\"}]}<\/script>\n<!-- \/ Yoast SEO plugin. -->","yoast_head_json":{"title":"Service r\u00e9gional de m\u00e9diation sociale - Ville de Remich","robots":{"index":"index","follow":"follow","max-snippet":"max-snippet:-1","max-image-preview":"max-image-preview:large","max-video-preview":"max-video-preview:-1"},"canonical":"https:\/\/bierger.remich.lu\/de\/services-au-citoyen\/soziales-und-3-alter\/regionaler-sozialer-schlichtungsdienst\/regionaler-sozialer-schlichtungsdienst\/","og_locale":"en_US","og_type":"article","og_title":"Service r\u00e9gional de m\u00e9diation sociale - Ville de Remich","og_description":"Leider g\u00ebtt et d\u00ebsen Inhalt n\u00ebmmen op FR an DE. For the sake of viewer convenience, the content is shown below in one of the available alternative languages. You may click one of the links to switch the site language to another available language. Le Service R\u00e9gional de M\u00e9diation Sociale a pour mission la m\u00e9diation... Read more &raquo;","og_url":"https:\/\/bierger.remich.lu\/de\/services-au-citoyen\/soziales-und-3-alter\/regionaler-sozialer-schlichtungsdienst\/regionaler-sozialer-schlichtungsdienst\/","og_site_name":"Ville de Remich","article_modified_time":"2023-01-13T10:42:53+00:00","og_image":[{"width":2745,"height":3955,"url":"https:\/\/bierger.remich.lu\/wp-content\/uploads\/sites\/3\/2018\/01\/rawpixel-com-351765-e1515667835158.jpg","type":"image\/jpeg"}],"twitter_card":"summary_large_image","twitter_misc":{"Est. reading time":"1 minute"},"schema":{"@context":"https:\/\/schema.org","@graph":[{"@type":"WebPage","@id":"https:\/\/bierger.remich.lu\/de\/services-au-citoyen\/soziales-und-3-alter\/regionaler-sozialer-schlichtungsdienst\/regionaler-sozialer-schlichtungsdienst\/","url":"https:\/\/bierger.remich.lu\/de\/services-au-citoyen\/soziales-und-3-alter\/regionaler-sozialer-schlichtungsdienst\/regionaler-sozialer-schlichtungsdienst\/","name":"Service r\u00e9gional de m\u00e9diation sociale - Ville de Remich","isPartOf":{"@id":"https:\/\/bierger.remich.lu\/de\/#website"},"primaryImageOfPage":{"@id":"https:\/\/bierger.remich.lu\/de\/services-au-citoyen\/soziales-und-3-alter\/regionaler-sozialer-schlichtungsdienst\/regionaler-sozialer-schlichtungsdienst\/#primaryimage"},"image":{"@id":"https:\/\/bierger.remich.lu\/de\/services-au-citoyen\/soziales-und-3-alter\/regionaler-sozialer-schlichtungsdienst\/regionaler-sozialer-schlichtungsdienst\/#primaryimage"},"thumbnailUrl":"https:\/\/bierger.remich.lu\/wp-content\/uploads\/sites\/3\/2018\/01\/rawpixel-com-351765-e1515667835158.jpg","datePublished":"2023-01-13T10:13:20+00:00","dateModified":"2023-01-13T10:42:53+00:00","breadcrumb":{"@id":"https:\/\/bierger.remich.lu\/de\/services-au-citoyen\/soziales-und-3-alter\/regionaler-sozialer-schlichtungsdienst\/regionaler-sozialer-schlichtungsdienst\/#breadcrumb"},"inLanguage":"lb-LU","potentialAction":[{"@type":"ReadAction","target":["https:\/\/bierger.remich.lu\/de\/services-au-citoyen\/soziales-und-3-alter\/regionaler-sozialer-schlichtungsdienst\/regionaler-sozialer-schlichtungsdienst\/"]}]},{"@type":"ImageObject","inLanguage":"lb-LU","@id":"https:\/\/bierger.remich.lu\/de\/services-au-citoyen\/soziales-und-3-alter\/regionaler-sozialer-schlichtungsdienst\/regionaler-sozialer-schlichtungsdienst\/#primaryimage","url":"https:\/\/bierger.remich.lu\/wp-content\/uploads\/sites\/3\/2018\/01\/rawpixel-com-351765-e1515667835158.jpg","contentUrl":"https:\/\/bierger.remich.lu\/wp-content\/uploads\/sites\/3\/2018\/01\/rawpixel-com-351765-e1515667835158.jpg","width":2745,"height":3955},{"@type":"BreadcrumbList","@id":"https:\/\/bierger.remich.lu\/de\/services-au-citoyen\/soziales-und-3-alter\/regionaler-sozialer-schlichtungsdienst\/regionaler-sozialer-schlichtungsdienst\/#breadcrumb","itemListElement":[{"@type":"ListItem","position":1,"name":"Startseite","item":"https:\/\/bierger.remich.lu\/de\/"},{"@type":"ListItem","position":2,"name":"B\u00fcrgerdienste","item":"https:\/\/bierger.remich.lu\/de\/services-au-citoyen\/"},{"@type":"ListItem","position":3,"name":"Soziales und 3. Alter","item":"https:\/\/bierger.remich.lu\/de\/services-au-citoyen\/soziales-und-3-alter\/"},{"@type":"ListItem","position":4,"name":"MEC asbl","item":"https:\/\/bierger.remich.lu\/de\/services-au-citoyen\/soziales-und-3-alter\/regionaler-sozialer-schlichtungsdienst\/"},{"@type":"ListItem","position":5,"name":"Regionaler sozialer Schlichtungsdienst"}]},{"@type":"WebSite","@id":"https:\/\/bierger.remich.lu\/de\/#website","url":"https:\/\/bierger.remich.lu\/de\/","name":"Ville de Remich","description":"","potentialAction":[{"@type":"SearchAction","target":{"@type":"EntryPoint","urlTemplate":"https:\/\/bierger.remich.lu\/de\/?s={search_term_string}"},"query-input":{"@type":"PropertyValueSpecification","valueRequired":true,"valueName":"search_term_string"}}],"inLanguage":"lb-LU"}]}},"_links":{"self":[{"href":"https:\/\/bierger.remich.lu\/lb\/wp-json\/wp\/v2\/pages\/11687","targetHints":{"allow":["GET"]}}],"collection":[{"href":"https:\/\/bierger.remich.lu\/lb\/wp-json\/wp\/v2\/pages"}],"about":[{"href":"https:\/\/bierger.remich.lu\/lb\/wp-json\/wp\/v2\/types\/page"}],"author":[{"embeddable":true,"href":"https:\/\/bierger.remich.lu\/lb\/wp-json\/wp\/v2\/users\/4"}],"replies":[{"embeddable":true,"href":"https:\/\/bierger.remich.lu\/lb\/wp-json\/wp\/v2\/comments?post=11687"}],"version-history":[{"count":1,"href":"https:\/\/bierger.remich.lu\/lb\/wp-json\/wp\/v2\/pages\/11687\/revisions"}],"predecessor-version":[{"id":11688,"href":"https:\/\/bierger.remich.lu\/lb\/wp-json\/wp\/v2\/pages\/11687\/revisions\/11688"}],"up":[{"embeddable":true,"href":"https:\/\/bierger.remich.lu\/lb\/wp-json\/wp\/v2\/pages\/2950"}],"wp:featuredmedia":[{"embeddable":true,"href":"https:\/\/bierger.remich.lu\/lb\/wp-json\/wp\/v2\/media\/2952"}],"wp:attachment":[{"href":"https:\/\/bierger.remich.lu\/lb\/wp-json\/wp\/v2\/media?parent=11687"}],"curies":[{"name":"wp","href":"https:\/\/api.w.org\/{rel}","templated":true}]}}