{"id":11875,"date":"2023-02-10T10:03:00","date_gmt":"2023-02-10T09:03:00","guid":{"rendered":"https:\/\/bierger.remich.lu\/?page_id=11875"},"modified":"2024-04-29T17:47:34","modified_gmt":"2024-04-29T15:47:34","slug":"energiekooperativ-kanton-remich","status":"publish","type":"page","link":"https:\/\/bierger.remich.lu\/lb\/ville-de-remich\/umwelt\/energiekooperativ-kanton-remich\/","title":{"rendered":"Energiekooperativ Kanton Remich"},"content":{"rendered":"<h2><span style=\"color: #339966\">Energiekooperativ Kanton Remich<\/span><\/h2>\n<p>D\u2019Energiekooperativ ass eng Ekipp vun engag\u00e9ierte Bierger aus de Gemengen Bous, Duelem, Lenneng, Munneref, R\u00e9imech, Schengen, Stadbriedemes a Waldbriedemes.<\/p>\n<p>Missioun<br \/>\nFotovoltaik Anlagen op Diecher vun \u00ebffentleche Gebaier install\u00e9ieren a bedreiwen fir esou erneierbar Energie hierzestellen.<\/p>\n<p>Deelhuelen<br \/>\nAll d\u2019Bierger aus dem Kanton R\u00e9imech k\u00ebnne matmaachen iwwer eng finanziell Bedeelegung un de gemeinsame Projeten<br \/>\n\u2192 D\u00e9i minimal Bedeelegung ass 100 \u20ac.<br \/>\n\u2192 All Member vun der Kooperativ huet natierlech och e St\u00ebmmrecht.<\/p>\n<p>M\u00e9i Infoe: <a href=\"https:\/\/www.ekr.lu\/\">www.ekr.lu<\/a><\/p>\n<p>&nbsp;<\/p>\n<h2><span style=\"color: #339966\">NEWSLETTER 2024-04<\/span><\/h2>\n<p>L\u00e9if Kooperateuren, l\u00e9if Fr\u00ebnn vun der Sonn,<\/p>\n<p>No eiser Info-Versammlung zu Lenneng, si mir frou e puer nei Kooperateuren an eise Reien ze begr\u00e9issen. Ier mir de Projet zu Kanech realis\u00e9ieren z\u00e9ie mir d\u2018PV-Anlag op der Schoul zu Munneref vir well deen Daach am Summer erneiert g\u00ebtt. Mir hunn interessant Offere kritt esou dat d\u00ebse, fir eis grousse Projet am Summer 2024, realis\u00e9iert ka ginn.<\/p>\n<p>Duerfir maache mir op d\u00ebser Plaz en Appell fir Iech och hei nach emol finanziell ze bedeelegen: d\u2019Anlag kascht +\/- 86.600 \u20ac TTC a mir hunn am Moment nach net genuch Sue fir de Projet ze realis\u00e9ieren.<br \/>\nFir eis ze \u00ebnnerst\u00ebtzen duerft dir och g\u00e4r Reklamm an \u00e4rem Bekanntekrees maachen.<\/p>\n<p>D\u2019Gemeng Munneref steet och bei d\u00ebsem Projet zu 100% hannert der EKR, dat heescht, dat zu kengem Z\u00e4itpunkt e Risiko besteet dat \u00e4ren Invest verluer wier.<\/p>\n<p>Mir soen all deenen elo schonns Merci d\u00e9i der Kooperativ erm\u00e9iglechen eng weider Anlag un d\u2019Netz ze br\u00e9ngen.<\/p>\n<p>Des weidere maache mir iwwert d\u00ebse Wee en Opruff: mir sichen 2 Keesekontrollere fir och esou nach m\u00e9i Transparenz an eis Aarbecht ze br\u00e9ngen &gt; Kandidatur per Email op: info@ekr.lu.","protected":false},"excerpt":{"rendered":"<p>Energiekooperativ Kanton Remich D\u2019Energiekooperativ ass eng Ekipp vun engag\u00e9ierte Bierger aus de Gemengen Bous, Duelem, Lenneng, Munneref, R\u00e9imech, Schengen, Stadbriedemes a Waldbriedemes. Missioun Fotovoltaik Anlagen op Diecher vun \u00ebffentleche Gebaier install\u00e9ieren a bedreiwen fir esou erneierbar Energie hierzestellen. Deelhuelen All d\u2019Bierger aus dem Kanton R\u00e9imech k\u00ebnne matmaachen iwwer eng finanziell Bedeelegung un de gemeinsame Projeten&#8230;  <a class=\"excerpt-read-more\" href=\"https:\/\/bierger.remich.lu\/lb\/ville-de-remich\/umwelt\/energiekooperativ-kanton-remich\/\" title=\"ReadEnergiekooperativ Kanton Remich\">Read more &raquo;<\/a><\/p>\n","protected":false},"author":4,"featured_media":2038,"parent":50,"menu_order":30,"comment_status":"closed","ping_status":"closed","template":"","meta":{"_acf_changed":false,"xn-wppe-expiration":[],"xn-wppe-expiration-action":[],"xn-wppe-expiration-prefix":[],"footnotes":"","_links_to":"","_links_to_target":""},"class_list":["post-11875","page","type-page","status-publish","has-post-thumbnail","hentry","keyword-energie","keyword-infos"],"acf":[],"yoast_head":"<!-- This site is optimized with the Yoast SEO plugin v26.7 - https:\/\/yoast.com\/wordpress\/plugins\/seo\/ -->\n<title>Energiekooperativ Kanton Remich - Ville de Remich<\/title>\n<meta name=\"robots\" content=\"index, follow, max-snippet:-1, max-image-preview:large, max-video-preview:-1\" \/>\n<link rel=\"canonical\" href=\"https:\/\/bierger.remich.lu\/fr\/ville-de-remich\/umwelt\/energiekooperativ-kanton-remich\/\" \/>\n<meta property=\"og:locale\" content=\"en_US\" \/>\n<meta property=\"og:type\" content=\"article\" \/>\n<meta property=\"og:title\" content=\"Energiekooperativ Kanton Remich - Ville de Remich\" \/>\n<meta property=\"og:description\" content=\"Energiekooperativ Kanton Remich D\u2019Energiekooperativ ass eng Ekipp vun engag\u00e9ierte Bierger aus de Gemengen Bous, Duelem, Lenneng, Munneref, R\u00e9imech, Schengen, Stadbriedemes a Waldbriedemes. Missioun Fotovoltaik Anlagen op Diecher vun \u00ebffentleche Gebaier install\u00e9ieren a bedreiwen fir esou erneierbar Energie hierzestellen. Deelhuelen All d\u2019Bierger aus dem Kanton R\u00e9imech k\u00ebnne matmaachen iwwer eng finanziell Bedeelegung un de gemeinsame Projeten... Read more &raquo;\" \/>\n<meta property=\"og:url\" content=\"https:\/\/bierger.remich.lu\/fr\/ville-de-remich\/umwelt\/energiekooperativ-kanton-remich\/\" \/>\n<meta property=\"og:site_name\" content=\"Ville de Remich\" \/>\n<meta property=\"article:modified_time\" content=\"2024-04-29T15:47:34+00:00\" \/>\n<meta property=\"og:image\" content=\"https:\/\/bierger.remich.lu\/wp-content\/uploads\/sites\/3\/2017\/07\/andreas-gucklhorn-285602.jpg\" \/>\n\t<meta property=\"og:image:width\" content=\"2560\" \/>\n\t<meta property=\"og:image:height\" content=\"1440\" \/>\n\t<meta property=\"og:image:type\" content=\"image\/jpeg\" \/>\n<meta name=\"twitter:card\" content=\"summary_large_image\" \/>\n<meta name=\"twitter:label1\" content=\"Est. reading time\" \/>\n\t<meta name=\"twitter:data1\" content=\"6 minutes\" \/>\n<script type=\"application\/ld+json\" class=\"yoast-schema-graph\">{\"@context\":\"https:\/\/schema.org\",\"@graph\":[{\"@type\":\"WebPage\",\"@id\":\"https:\/\/bierger.remich.lu\/fr\/ville-de-remich\/umwelt\/energiekooperativ-kanton-remich\/\",\"url\":\"https:\/\/bierger.remich.lu\/fr\/ville-de-remich\/umwelt\/energiekooperativ-kanton-remich\/\",\"name\":\"Energiekooperativ Kanton Remich - Ville de Remich\",\"isPartOf\":{\"@id\":\"https:\/\/bierger.remich.lu\/de\/#website\"},\"primaryImageOfPage\":{\"@id\":\"https:\/\/bierger.remich.lu\/fr\/ville-de-remich\/umwelt\/energiekooperativ-kanton-remich\/#primaryimage\"},\"image\":{\"@id\":\"https:\/\/bierger.remich.lu\/fr\/ville-de-remich\/umwelt\/energiekooperativ-kanton-remich\/#primaryimage\"},\"thumbnailUrl\":\"https:\/\/bierger.remich.lu\/wp-content\/uploads\/sites\/3\/2017\/07\/andreas-gucklhorn-285602.jpg\",\"datePublished\":\"2023-02-10T09:03:00+00:00\",\"dateModified\":\"2024-04-29T15:47:34+00:00\",\"breadcrumb\":{\"@id\":\"https:\/\/bierger.remich.lu\/fr\/ville-de-remich\/umwelt\/energiekooperativ-kanton-remich\/#breadcrumb\"},\"inLanguage\":\"lb-LU\",\"potentialAction\":[{\"@type\":\"ReadAction\",\"target\":[\"https:\/\/bierger.remich.lu\/fr\/ville-de-remich\/umwelt\/energiekooperativ-kanton-remich\/\"]}]},{\"@type\":\"ImageObject\",\"inLanguage\":\"lb-LU\",\"@id\":\"https:\/\/bierger.remich.lu\/fr\/ville-de-remich\/umwelt\/energiekooperativ-kanton-remich\/#primaryimage\",\"url\":\"https:\/\/bierger.remich.lu\/wp-content\/uploads\/sites\/3\/2017\/07\/andreas-gucklhorn-285602.jpg\",\"contentUrl\":\"https:\/\/bierger.remich.lu\/wp-content\/uploads\/sites\/3\/2017\/07\/andreas-gucklhorn-285602.jpg\",\"width\":2560,\"height\":1440},{\"@type\":\"BreadcrumbList\",\"@id\":\"https:\/\/bierger.remich.lu\/fr\/ville-de-remich\/umwelt\/energiekooperativ-kanton-remich\/#breadcrumb\",\"itemListElement\":[{\"@type\":\"ListItem\",\"position\":1,\"name\":\"Startseite\",\"item\":\"https:\/\/bierger.remich.lu\/de\/\"},{\"@type\":\"ListItem\",\"position\":2,\"name\":\"Stadt Remich\",\"item\":\"https:\/\/bierger.remich.lu\/de\/ville-de-remich\/\"},{\"@type\":\"ListItem\",\"position\":3,\"name\":\"Umwelt\",\"item\":\"https:\/\/bierger.remich.lu\/de\/ville-de-remich\/umwelt\/\"},{\"@type\":\"ListItem\",\"position\":4,\"name\":\"Energiekooperativ Kanton Remich\"}]},{\"@type\":\"WebSite\",\"@id\":\"https:\/\/bierger.remich.lu\/de\/#website\",\"url\":\"https:\/\/bierger.remich.lu\/de\/\",\"name\":\"Ville de Remich\",\"description\":\"\",\"potentialAction\":[{\"@type\":\"SearchAction\",\"target\":{\"@type\":\"EntryPoint\",\"urlTemplate\":\"https:\/\/bierger.remich.lu\/de\/?s={search_term_string}\"},\"query-input\":{\"@type\":\"PropertyValueSpecification\",\"valueRequired\":true,\"valueName\":\"search_term_string\"}}],\"inLanguage\":\"lb-LU\"}]}<\/script>\n<!-- \/ Yoast SEO plugin. -->","yoast_head_json":{"title":"Energiekooperativ Kanton Remich - Ville de Remich","robots":{"index":"index","follow":"follow","max-snippet":"max-snippet:-1","max-image-preview":"max-image-preview:large","max-video-preview":"max-video-preview:-1"},"canonical":"https:\/\/bierger.remich.lu\/fr\/ville-de-remich\/umwelt\/energiekooperativ-kanton-remich\/","og_locale":"en_US","og_type":"article","og_title":"Energiekooperativ Kanton Remich - Ville de Remich","og_description":"Energiekooperativ Kanton Remich D\u2019Energiekooperativ ass eng Ekipp vun engag\u00e9ierte Bierger aus de Gemengen Bous, Duelem, Lenneng, Munneref, R\u00e9imech, Schengen, Stadbriedemes a Waldbriedemes. Missioun Fotovoltaik Anlagen op Diecher vun \u00ebffentleche Gebaier install\u00e9ieren a bedreiwen fir esou erneierbar Energie hierzestellen. Deelhuelen All d\u2019Bierger aus dem Kanton R\u00e9imech k\u00ebnne matmaachen iwwer eng finanziell Bedeelegung un de gemeinsame Projeten... Read more &raquo;","og_url":"https:\/\/bierger.remich.lu\/fr\/ville-de-remich\/umwelt\/energiekooperativ-kanton-remich\/","og_site_name":"Ville de Remich","article_modified_time":"2024-04-29T15:47:34+00:00","og_image":[{"width":2560,"height":1440,"url":"https:\/\/bierger.remich.lu\/wp-content\/uploads\/sites\/3\/2017\/07\/andreas-gucklhorn-285602.jpg","type":"image\/jpeg"}],"twitter_card":"summary_large_image","twitter_misc":{"Est. reading time":"6 minutes"},"schema":{"@context":"https:\/\/schema.org","@graph":[{"@type":"WebPage","@id":"https:\/\/bierger.remich.lu\/fr\/ville-de-remich\/umwelt\/energiekooperativ-kanton-remich\/","url":"https:\/\/bierger.remich.lu\/fr\/ville-de-remich\/umwelt\/energiekooperativ-kanton-remich\/","name":"Energiekooperativ Kanton Remich - Ville de Remich","isPartOf":{"@id":"https:\/\/bierger.remich.lu\/de\/#website"},"primaryImageOfPage":{"@id":"https:\/\/bierger.remich.lu\/fr\/ville-de-remich\/umwelt\/energiekooperativ-kanton-remich\/#primaryimage"},"image":{"@id":"https:\/\/bierger.remich.lu\/fr\/ville-de-remich\/umwelt\/energiekooperativ-kanton-remich\/#primaryimage"},"thumbnailUrl":"https:\/\/bierger.remich.lu\/wp-content\/uploads\/sites\/3\/2017\/07\/andreas-gucklhorn-285602.jpg","datePublished":"2023-02-10T09:03:00+00:00","dateModified":"2024-04-29T15:47:34+00:00","breadcrumb":{"@id":"https:\/\/bierger.remich.lu\/fr\/ville-de-remich\/umwelt\/energiekooperativ-kanton-remich\/#breadcrumb"},"inLanguage":"lb-LU","potentialAction":[{"@type":"ReadAction","target":["https:\/\/bierger.remich.lu\/fr\/ville-de-remich\/umwelt\/energiekooperativ-kanton-remich\/"]}]},{"@type":"ImageObject","inLanguage":"lb-LU","@id":"https:\/\/bierger.remich.lu\/fr\/ville-de-remich\/umwelt\/energiekooperativ-kanton-remich\/#primaryimage","url":"https:\/\/bierger.remich.lu\/wp-content\/uploads\/sites\/3\/2017\/07\/andreas-gucklhorn-285602.jpg","contentUrl":"https:\/\/bierger.remich.lu\/wp-content\/uploads\/sites\/3\/2017\/07\/andreas-gucklhorn-285602.jpg","width":2560,"height":1440},{"@type":"BreadcrumbList","@id":"https:\/\/bierger.remich.lu\/fr\/ville-de-remich\/umwelt\/energiekooperativ-kanton-remich\/#breadcrumb","itemListElement":[{"@type":"ListItem","position":1,"name":"Startseite","item":"https:\/\/bierger.remich.lu\/de\/"},{"@type":"ListItem","position":2,"name":"Stadt Remich","item":"https:\/\/bierger.remich.lu\/de\/ville-de-remich\/"},{"@type":"ListItem","position":3,"name":"Umwelt","item":"https:\/\/bierger.remich.lu\/de\/ville-de-remich\/umwelt\/"},{"@type":"ListItem","position":4,"name":"Energiekooperativ Kanton Remich"}]},{"@type":"WebSite","@id":"https:\/\/bierger.remich.lu\/de\/#website","url":"https:\/\/bierger.remich.lu\/de\/","name":"Ville de Remich","description":"","potentialAction":[{"@type":"SearchAction","target":{"@type":"EntryPoint","urlTemplate":"https:\/\/bierger.remich.lu\/de\/?s={search_term_string}"},"query-input":{"@type":"PropertyValueSpecification","valueRequired":true,"valueName":"search_term_string"}}],"inLanguage":"lb-LU"}]}},"_links":{"self":[{"href":"https:\/\/bierger.remich.lu\/lb\/wp-json\/wp\/v2\/pages\/11875","targetHints":{"allow":["GET"]}}],"collection":[{"href":"https:\/\/bierger.remich.lu\/lb\/wp-json\/wp\/v2\/pages"}],"about":[{"href":"https:\/\/bierger.remich.lu\/lb\/wp-json\/wp\/v2\/types\/page"}],"author":[{"embeddable":true,"href":"https:\/\/bierger.remich.lu\/lb\/wp-json\/wp\/v2\/users\/4"}],"replies":[{"embeddable":true,"href":"https:\/\/bierger.remich.lu\/lb\/wp-json\/wp\/v2\/comments?post=11875"}],"version-history":[{"count":5,"href":"https:\/\/bierger.remich.lu\/lb\/wp-json\/wp\/v2\/pages\/11875\/revisions"}],"predecessor-version":[{"id":14035,"href":"https:\/\/bierger.remich.lu\/lb\/wp-json\/wp\/v2\/pages\/11875\/revisions\/14035"}],"up":[{"embeddable":true,"href":"https:\/\/bierger.remich.lu\/lb\/wp-json\/wp\/v2\/pages\/50"}],"wp:featuredmedia":[{"embeddable":true,"href":"https:\/\/bierger.remich.lu\/lb\/wp-json\/wp\/v2\/media\/2038"}],"wp:attachment":[{"href":"https:\/\/bierger.remich.lu\/lb\/wp-json\/wp\/v2\/media?parent=11875"}],"curies":[{"name":"wp","href":"https:\/\/api.w.org\/{rel}","templated":true}]}}