{"id":124,"date":"2016-08-30T13:58:54","date_gmt":"2016-08-30T12:58:54","guid":{"rendered":"http:\/\/reimech.lu\/?page_id=124"},"modified":"2026-02-02T10:55:59","modified_gmt":"2026-02-02T09:55:59","slug":"francais-service-technique","status":"publish","type":"page","link":"https:\/\/bierger.remich.lu\/lb\/services-au-citoyen\/administration\/francais-service-technique\/","title":{"rendered":"Techneschen D\u00e9ngscht"},"content":{"rendered":"<ul>\n<li>Baugenemegungen a verschidden aner Autorisatiounen<\/li>\n<li>Fernw\u00e4rm<\/li>\n<li>Gasreseau<\/li>\n<li>Gestioun Gebaier<\/li>\n<li>Koordinatioun an Iwwerwaachung vu Chantiere<\/li>\n<li>Nohalteg Entw\u00e9cklung (Klimapakt 2.0 &amp; Naturpakt) | Uspriechpartner: Laurent Thiel (E. laurent.thiel@remich.lu | T. 23 692 225)<\/li>\n<li>Plan d&#8217;am\u00e9nagement particulier (PAP)<\/li>\n<li>Plan d&#8217;am\u00e9nagement\u00a0g\u00e9n\u00e9ral (PAG)<\/li>\n<li>Verk\u00e9iersreglementer<\/li>\n<li>Voirie<\/li>\n<\/ul>\n<ul>\n<li>Baugenemegungen a verschidden aner Autorisatiounen<\/li>\n<li>Fernw\u00e4rm<\/li>\n<li>Gasreseau<\/li>\n<li>Gestioun Gebaier<\/li>\n<li>Koordinatioun an Iwwerwaachung vu Chantiere<\/li>\n<li>Nohalteg Entw\u00e9cklung (Klimapakt 2.0 &amp; Naturpakt) | Uspriechpartner: Laurent Thiel (E. laurent.thiel@remich.lu | T. 23 692 225)<\/li>\n<li>Plan d&#8217;am\u00e9nagement particulier (PAP)<\/li>\n<li>Plan d&#8217;am\u00e9nagement\u00a0g\u00e9n\u00e9ral (PAG)<\/li>\n<li>Verk\u00e9iersreglementer<\/li>\n<li>Voirie<\/li>\n<\/ul>","protected":false},"excerpt":{"rendered":"<p>Baugenemegungen a verschidden aner Autorisatiounen Fernw\u00e4rm Gasreseau Gestioun Gebaier Koordinatioun an Iwwerwaachung vu Chantiere Nohalteg Entw\u00e9cklung (Klimapakt 2.0 &amp; Naturpakt) | Uspriechpartner: Laurent Thiel (E. laurent.thiel@remich.lu | T. 23 692 225) Plan d&#8217;am\u00e9nagement particulier (PAP) Plan d&#8217;am\u00e9nagement\u00a0g\u00e9n\u00e9ral (PAG) Verk\u00e9iersreglementer Voirie Baugenemegungen a verschidden aner Autorisatiounen Fernw\u00e4rm Gasreseau Gestioun Gebaier Koordinatioun an Iwwerwaachung vu Chantiere Nohalteg&#8230;  <a class=\"excerpt-read-more\" href=\"https:\/\/bierger.remich.lu\/lb\/services-au-citoyen\/administration\/francais-service-technique\/\" title=\"ReadTechneschen D\u00e9ngscht\">Read more &raquo;<\/a><\/p>\n","protected":false},"author":1,"featured_media":2076,"parent":54,"menu_order":72,"comment_status":"closed","ping_status":"closed","template":"","meta":{"_acf_changed":false,"xn-wppe-expiration":[],"xn-wppe-expiration-action":[],"xn-wppe-expiration-prefix":[],"footnotes":"","_links_to":"","_links_to_target":""},"class_list":["post-124","page","type-page","status-publish","has-post-thumbnail","hentry","keyword-bauvorhaben","keyword-genehmigung","keyword-eau"],"acf":[],"yoast_head":"<!-- This site is optimized with the Yoast SEO plugin v26.7 - https:\/\/yoast.com\/wordpress\/plugins\/seo\/ -->\n<title>Techneschen D\u00e9ngscht - Ville de Remich<\/title>\n<meta name=\"robots\" content=\"index, follow, max-snippet:-1, max-image-preview:large, max-video-preview:-1\" \/>\n<link rel=\"canonical\" href=\"https:\/\/bierger.remich.lu\/services-au-citoyen\/administration\/francais-service-technique\/\" \/>\n<meta property=\"og:locale\" content=\"en_US\" \/>\n<meta property=\"og:type\" content=\"article\" \/>\n<meta property=\"og:title\" content=\"Techneschen D\u00e9ngscht - Ville de Remich\" \/>\n<meta property=\"og:description\" content=\"Baugenemegungen a verschidden aner Autorisatiounen Fernw\u00e4rm Gasreseau Gestioun Gebaier Koordinatioun an Iwwerwaachung vu Chantiere Nohalteg Entw\u00e9cklung (Klimapakt 2.0 &amp; Naturpakt) | Uspriechpartner: Laurent Thiel (E. laurent.thiel@remich.lu | T. 23 692 225) Plan d&#8217;am\u00e9nagement particulier (PAP) Plan d&#8217;am\u00e9nagement\u00a0g\u00e9n\u00e9ral (PAG) Verk\u00e9iersreglementer Voirie Baugenemegungen a verschidden aner Autorisatiounen Fernw\u00e4rm Gasreseau Gestioun Gebaier Koordinatioun an Iwwerwaachung vu Chantiere Nohalteg... Read more &raquo;\" \/>\n<meta property=\"og:url\" content=\"https:\/\/bierger.remich.lu\/services-au-citoyen\/administration\/francais-service-technique\/\" \/>\n<meta property=\"og:site_name\" content=\"Ville de Remich\" \/>\n<meta property=\"article:modified_time\" content=\"2026-02-02T09:55:59+00:00\" \/>\n<meta property=\"og:image\" content=\"https:\/\/bierger.remich.lu\/wp-content\/uploads\/sites\/3\/2017\/08\/sergey-zolkin-21232-e1505312501338.jpg\" \/>\n\t<meta property=\"og:image:width\" content=\"1534\" \/>\n\t<meta property=\"og:image:height\" content=\"1995\" \/>\n\t<meta property=\"og:image:type\" content=\"image\/jpeg\" \/>\n<meta name=\"twitter:card\" content=\"summary_large_image\" \/>\n<meta name=\"twitter:label1\" content=\"Est. reading time\" \/>\n\t<meta name=\"twitter:data1\" content=\"1 minute\" \/>\n<script type=\"application\/ld+json\" class=\"yoast-schema-graph\">{\"@context\":\"https:\/\/schema.org\",\"@graph\":[{\"@type\":\"WebPage\",\"@id\":\"https:\/\/bierger.remich.lu\/services-au-citoyen\/administration\/francais-service-technique\/\",\"url\":\"https:\/\/bierger.remich.lu\/services-au-citoyen\/administration\/francais-service-technique\/\",\"name\":\"Techneschen D\u00e9ngscht - Ville de Remich\",\"isPartOf\":{\"@id\":\"https:\/\/bierger.remich.lu\/de\/#website\"},\"primaryImageOfPage\":{\"@id\":\"https:\/\/bierger.remich.lu\/services-au-citoyen\/administration\/francais-service-technique\/#primaryimage\"},\"image\":{\"@id\":\"https:\/\/bierger.remich.lu\/services-au-citoyen\/administration\/francais-service-technique\/#primaryimage\"},\"thumbnailUrl\":\"https:\/\/bierger.remich.lu\/wp-content\/uploads\/sites\/3\/2017\/08\/sergey-zolkin-21232-e1505312501338.jpg\",\"datePublished\":\"2016-08-30T12:58:54+00:00\",\"dateModified\":\"2026-02-02T09:55:59+00:00\",\"breadcrumb\":{\"@id\":\"https:\/\/bierger.remich.lu\/services-au-citoyen\/administration\/francais-service-technique\/#breadcrumb\"},\"inLanguage\":\"lb-LU\",\"potentialAction\":[{\"@type\":\"ReadAction\",\"target\":[\"https:\/\/bierger.remich.lu\/services-au-citoyen\/administration\/francais-service-technique\/\"]}]},{\"@type\":\"ImageObject\",\"inLanguage\":\"lb-LU\",\"@id\":\"https:\/\/bierger.remich.lu\/services-au-citoyen\/administration\/francais-service-technique\/#primaryimage\",\"url\":\"https:\/\/bierger.remich.lu\/wp-content\/uploads\/sites\/3\/2017\/08\/sergey-zolkin-21232-e1505312501338.jpg\",\"contentUrl\":\"https:\/\/bierger.remich.lu\/wp-content\/uploads\/sites\/3\/2017\/08\/sergey-zolkin-21232-e1505312501338.jpg\",\"width\":1534,\"height\":1995},{\"@type\":\"BreadcrumbList\",\"@id\":\"https:\/\/bierger.remich.lu\/services-au-citoyen\/administration\/francais-service-technique\/#breadcrumb\",\"itemListElement\":[{\"@type\":\"ListItem\",\"position\":1,\"name\":\"Startseite\",\"item\":\"https:\/\/bierger.remich.lu\/de\/\"},{\"@type\":\"ListItem\",\"position\":2,\"name\":\"B\u00fcrgerdienste\",\"item\":\"https:\/\/bierger.remich.lu\/de\/services-au-citoyen\/\"},{\"@type\":\"ListItem\",\"position\":3,\"name\":\"Verwaltung\",\"item\":\"https:\/\/bierger.remich.lu\/services-au-citoyen\/administration\/\"},{\"@type\":\"ListItem\",\"position\":4,\"name\":\"Technischer Dienst\"}]},{\"@type\":\"WebSite\",\"@id\":\"https:\/\/bierger.remich.lu\/de\/#website\",\"url\":\"https:\/\/bierger.remich.lu\/de\/\",\"name\":\"Ville de Remich\",\"description\":\"\",\"potentialAction\":[{\"@type\":\"SearchAction\",\"target\":{\"@type\":\"EntryPoint\",\"urlTemplate\":\"https:\/\/bierger.remich.lu\/de\/?s={search_term_string}\"},\"query-input\":{\"@type\":\"PropertyValueSpecification\",\"valueRequired\":true,\"valueName\":\"search_term_string\"}}],\"inLanguage\":\"lb-LU\"}]}<\/script>\n<!-- \/ Yoast SEO plugin. -->","yoast_head_json":{"title":"Techneschen D\u00e9ngscht - Ville de Remich","robots":{"index":"index","follow":"follow","max-snippet":"max-snippet:-1","max-image-preview":"max-image-preview:large","max-video-preview":"max-video-preview:-1"},"canonical":"https:\/\/bierger.remich.lu\/services-au-citoyen\/administration\/francais-service-technique\/","og_locale":"en_US","og_type":"article","og_title":"Techneschen D\u00e9ngscht - Ville de Remich","og_description":"Baugenemegungen a verschidden aner Autorisatiounen Fernw\u00e4rm Gasreseau Gestioun Gebaier Koordinatioun an Iwwerwaachung vu Chantiere Nohalteg Entw\u00e9cklung (Klimapakt 2.0 &amp; Naturpakt) | Uspriechpartner: Laurent Thiel (E. laurent.thiel@remich.lu | T. 23 692 225) Plan d&#8217;am\u00e9nagement particulier (PAP) Plan d&#8217;am\u00e9nagement\u00a0g\u00e9n\u00e9ral (PAG) Verk\u00e9iersreglementer Voirie Baugenemegungen a verschidden aner Autorisatiounen Fernw\u00e4rm Gasreseau Gestioun Gebaier Koordinatioun an Iwwerwaachung vu Chantiere Nohalteg... Read more &raquo;","og_url":"https:\/\/bierger.remich.lu\/services-au-citoyen\/administration\/francais-service-technique\/","og_site_name":"Ville de Remich","article_modified_time":"2026-02-02T09:55:59+00:00","og_image":[{"width":1534,"height":1995,"url":"https:\/\/bierger.remich.lu\/wp-content\/uploads\/sites\/3\/2017\/08\/sergey-zolkin-21232-e1505312501338.jpg","type":"image\/jpeg"}],"twitter_card":"summary_large_image","twitter_misc":{"Est. reading time":"1 minute"},"schema":{"@context":"https:\/\/schema.org","@graph":[{"@type":"WebPage","@id":"https:\/\/bierger.remich.lu\/services-au-citoyen\/administration\/francais-service-technique\/","url":"https:\/\/bierger.remich.lu\/services-au-citoyen\/administration\/francais-service-technique\/","name":"Techneschen D\u00e9ngscht - Ville de Remich","isPartOf":{"@id":"https:\/\/bierger.remich.lu\/de\/#website"},"primaryImageOfPage":{"@id":"https:\/\/bierger.remich.lu\/services-au-citoyen\/administration\/francais-service-technique\/#primaryimage"},"image":{"@id":"https:\/\/bierger.remich.lu\/services-au-citoyen\/administration\/francais-service-technique\/#primaryimage"},"thumbnailUrl":"https:\/\/bierger.remich.lu\/wp-content\/uploads\/sites\/3\/2017\/08\/sergey-zolkin-21232-e1505312501338.jpg","datePublished":"2016-08-30T12:58:54+00:00","dateModified":"2026-02-02T09:55:59+00:00","breadcrumb":{"@id":"https:\/\/bierger.remich.lu\/services-au-citoyen\/administration\/francais-service-technique\/#breadcrumb"},"inLanguage":"lb-LU","potentialAction":[{"@type":"ReadAction","target":["https:\/\/bierger.remich.lu\/services-au-citoyen\/administration\/francais-service-technique\/"]}]},{"@type":"ImageObject","inLanguage":"lb-LU","@id":"https:\/\/bierger.remich.lu\/services-au-citoyen\/administration\/francais-service-technique\/#primaryimage","url":"https:\/\/bierger.remich.lu\/wp-content\/uploads\/sites\/3\/2017\/08\/sergey-zolkin-21232-e1505312501338.jpg","contentUrl":"https:\/\/bierger.remich.lu\/wp-content\/uploads\/sites\/3\/2017\/08\/sergey-zolkin-21232-e1505312501338.jpg","width":1534,"height":1995},{"@type":"BreadcrumbList","@id":"https:\/\/bierger.remich.lu\/services-au-citoyen\/administration\/francais-service-technique\/#breadcrumb","itemListElement":[{"@type":"ListItem","position":1,"name":"Startseite","item":"https:\/\/bierger.remich.lu\/de\/"},{"@type":"ListItem","position":2,"name":"B\u00fcrgerdienste","item":"https:\/\/bierger.remich.lu\/de\/services-au-citoyen\/"},{"@type":"ListItem","position":3,"name":"Verwaltung","item":"https:\/\/bierger.remich.lu\/services-au-citoyen\/administration\/"},{"@type":"ListItem","position":4,"name":"Technischer Dienst"}]},{"@type":"WebSite","@id":"https:\/\/bierger.remich.lu\/de\/#website","url":"https:\/\/bierger.remich.lu\/de\/","name":"Ville de Remich","description":"","potentialAction":[{"@type":"SearchAction","target":{"@type":"EntryPoint","urlTemplate":"https:\/\/bierger.remich.lu\/de\/?s={search_term_string}"},"query-input":{"@type":"PropertyValueSpecification","valueRequired":true,"valueName":"search_term_string"}}],"inLanguage":"lb-LU"}]}},"_links":{"self":[{"href":"https:\/\/bierger.remich.lu\/lb\/wp-json\/wp\/v2\/pages\/124","targetHints":{"allow":["GET"]}}],"collection":[{"href":"https:\/\/bierger.remich.lu\/lb\/wp-json\/wp\/v2\/pages"}],"about":[{"href":"https:\/\/bierger.remich.lu\/lb\/wp-json\/wp\/v2\/types\/page"}],"author":[{"embeddable":true,"href":"https:\/\/bierger.remich.lu\/lb\/wp-json\/wp\/v2\/users\/1"}],"replies":[{"embeddable":true,"href":"https:\/\/bierger.remich.lu\/lb\/wp-json\/wp\/v2\/comments?post=124"}],"version-history":[{"count":11,"href":"https:\/\/bierger.remich.lu\/lb\/wp-json\/wp\/v2\/pages\/124\/revisions"}],"predecessor-version":[{"id":19104,"href":"https:\/\/bierger.remich.lu\/lb\/wp-json\/wp\/v2\/pages\/124\/revisions\/19104"}],"up":[{"embeddable":true,"href":"https:\/\/bierger.remich.lu\/lb\/wp-json\/wp\/v2\/pages\/54"}],"wp:featuredmedia":[{"embeddable":true,"href":"https:\/\/bierger.remich.lu\/lb\/wp-json\/wp\/v2\/media\/2076"}],"wp:attachment":[{"href":"https:\/\/bierger.remich.lu\/lb\/wp-json\/wp\/v2\/media?parent=124"}],"curies":[{"name":"wp","href":"https:\/\/api.w.org\/{rel}","templated":true}]}}