{"id":1262,"date":"2017-07-20T09:34:34","date_gmt":"2017-07-20T08:34:34","guid":{"rendered":"http:\/\/reimech.lu\/?page_id=1262"},"modified":"2026-04-02T17:24:26","modified_gmt":"2026-04-02T15:24:26","slug":"francais-gestion-des-dechets","status":"publish","type":"page","link":"https:\/\/bierger.remich.lu\/lb\/ville-de-remich\/umwelt\/francais-gestion-des-dechets\/","title":{"rendered":"Offallgestioun"},"content":{"rendered":"<h2>Recycling<\/h2>\n<p>Zanter Januar 2017 bitt d&#8217;Stad R\u00e9imech separat Kollekte fir recycl\u00e9ierbaren Offall un.<\/p>\n<p>Zous\u00e4tzlech k\u00ebnnen d&#8217;R\u00e9imecher Awunner, d\u00e9i am\u00a0Bes\u00ebtz vun enger entspriechender Kaart sinn, vum\u00a0Recyclingszenter zu Bech-Klengmaacher profit\u00e9ieren.<\/p>\n<p>De SIGRE bitt och\u00a0s\u00ebllege Servicer am Ber\u00e4ich vun der Offallentsuergung an -weiderverw\u00e4ertung un. Hei k\u00ebnnt Dir och \u00c4re Kompost kafen.<\/p>\n<p>D&#8217;SuperDrecksK\u00ebscht\u00ae k\u00ebmmer sech \u00ebm Spezialoffall w\u00e9i z.B. Ueleg, Fetter, asw.<\/p>\n<p>M\u00e9i\u00a0Informatioune fannt Dir an onsen Offallguide.<\/p>\n<h2>Af\u00e9ierung vun engem Identifikatiouns-Systen fir Poubellen<\/h2>\n<p>Fir eng genau\u00a0Erfaassung vum Offall an eiser Gemeng a vun all Haushalt ze maachen, goufen d\u00e9i gro Poubellen a\u00a0Containere gechipped.\u00a0D&#8217;Offalltaxe bleiwen esou laang onver\u00e4nnert bis de Gemengerot nei Dispositioune gest\u00ebmmt huet.<\/p>\n<p>D&#8217;Poubelle kr\u00e9ien eemoleg en Chip an eng Etikett mat engem Code Bar drop, dofir awer keng Etikette m\u00e9i mam Joer drop.<\/p>\n<p>Duerch <span class=\"eifeler_regel\" title=\"de\">den<\/span> Chip kann d&#8217;Frequenz an d&#8217;Quantit\u00e9it vum Offall vun all Poubelle erfaasst gin a sp\u00e9ider och\u00a0d&#8217;Taxen dorop bas\u00e9iert ginn. All Bierger kann esou d&#8217;Taxe vu sengem Offall beaflossen. Mam Chip gi keng pers\u00e9inlech Donn\u00e9e\u00ebn enregistr\u00e9iert.<\/p>\n<p><span style=\"color: #ff0000\"><em>Wann \u00c4r Poubelle nach <span class=\"eifeler_regel\" title=\"kee\">keen<\/span> Chip a keng Etikett\u00a0mat engem Code Bar huet, mellt Iech weg an der Gemeng fir e Rendezvous auszemaachen:\u00a0 (+352) 621 243 902. No dem 4. Juli 2023 ginn d&#8217;Poubellen ouni Chip net m\u00e9i eidel gemaach.<\/em><\/span><\/p>\n<p>&nbsp;<\/p>\n<p>&nbsp;","protected":false},"excerpt":{"rendered":"<p>Recycling Zanter Januar 2017 bitt d&#8217;Stad R\u00e9imech separat Kollekte fir recycl\u00e9ierbaren Offall un. Zous\u00e4tzlech k\u00ebnnen d&#8217;R\u00e9imecher Awunner, d\u00e9i am\u00a0Bes\u00ebtz vun enger entspriechender Kaart sinn, vum\u00a0Recyclingszenter zu Bech-Klengmaacher profit\u00e9ieren. De SIGRE bitt och\u00a0s\u00ebllege Servicer am Ber\u00e4ich vun der Offallentsuergung an -weiderverw\u00e4ertung un. Hei k\u00ebnnt Dir och \u00c4re Kompost kafen. D&#8217;SuperDrecksK\u00ebscht\u00ae k\u00ebmmer sech \u00ebm Spezialoffall w\u00e9i z.B&#8230;.  <a class=\"excerpt-read-more\" href=\"https:\/\/bierger.remich.lu\/lb\/ville-de-remich\/umwelt\/francais-gestion-des-dechets\/\" title=\"ReadOffallgestioun\">Read more &raquo;<\/a><\/p>\n","protected":false},"author":4,"featured_media":2045,"parent":50,"menu_order":1,"comment_status":"closed","ping_status":"closed","template":"","meta":{"_acf_changed":false,"xn-wppe-expiration":[],"xn-wppe-expiration-action":[],"xn-wppe-expiration-prefix":[],"footnotes":"","_links_to":"","_links_to_target":""},"class_list":["post-1262","page","type-page","status-publish","has-post-thumbnail","hentry","keyword-abfall","keyword-hein","keyword-mulleimer","keyword-recyclage","keyword-sigre","keyword-superdreckskescht","keyword-valorlux"],"acf":[],"yoast_head":"<!-- This site is optimized with the Yoast SEO plugin v26.7 - https:\/\/yoast.com\/wordpress\/plugins\/seo\/ -->\n<title>Offallgestioun - Ville de Remich<\/title>\n<meta name=\"robots\" content=\"index, follow, max-snippet:-1, max-image-preview:large, max-video-preview:-1\" \/>\n<link rel=\"canonical\" href=\"https:\/\/bierger.remich.lu\/ville-de-remich\/umwelt\/francais-gestion-des-dechets\/\" \/>\n<meta property=\"og:locale\" content=\"en_US\" \/>\n<meta property=\"og:type\" content=\"article\" \/>\n<meta property=\"og:title\" content=\"Offallgestioun - Ville de Remich\" \/>\n<meta property=\"og:description\" content=\"Recycling Zanter Januar 2017 bitt d&#8217;Stad R\u00e9imech separat Kollekte fir recycl\u00e9ierbaren Offall un. Zous\u00e4tzlech k\u00ebnnen d&#8217;R\u00e9imecher Awunner, d\u00e9i am\u00a0Bes\u00ebtz vun enger entspriechender Kaart sinn, vum\u00a0Recyclingszenter zu Bech-Klengmaacher profit\u00e9ieren. De SIGRE bitt och\u00a0s\u00ebllege Servicer am Ber\u00e4ich vun der Offallentsuergung an -weiderverw\u00e4ertung un. Hei k\u00ebnnt Dir och \u00c4re Kompost kafen. D&#8217;SuperDrecksK\u00ebscht\u00ae k\u00ebmmer sech \u00ebm Spezialoffall w\u00e9i z.B.... Read more &raquo;\" \/>\n<meta property=\"og:url\" content=\"https:\/\/bierger.remich.lu\/ville-de-remich\/umwelt\/francais-gestion-des-dechets\/\" \/>\n<meta property=\"og:site_name\" content=\"Ville de Remich\" \/>\n<meta property=\"article:modified_time\" content=\"2026-04-02T15:24:26+00:00\" \/>\n<meta property=\"og:image\" content=\"https:\/\/bierger.remich.lu\/wp-content\/uploads\/sites\/3\/2017\/07\/Bildschirmfoto-2017-09-12-um-11.11.58.png\" \/>\n\t<meta property=\"og:image:width\" content=\"420\" \/>\n\t<meta property=\"og:image:height\" content=\"1158\" \/>\n\t<meta property=\"og:image:type\" content=\"image\/png\" \/>\n<meta name=\"twitter:card\" content=\"summary_large_image\" \/>\n<meta name=\"twitter:label1\" content=\"Est. reading time\" \/>\n\t<meta name=\"twitter:data1\" content=\"2 minutes\" \/>\n<script type=\"application\/ld+json\" class=\"yoast-schema-graph\">{\"@context\":\"https:\/\/schema.org\",\"@graph\":[{\"@type\":\"WebPage\",\"@id\":\"https:\/\/bierger.remich.lu\/ville-de-remich\/umwelt\/francais-gestion-des-dechets\/\",\"url\":\"https:\/\/bierger.remich.lu\/ville-de-remich\/umwelt\/francais-gestion-des-dechets\/\",\"name\":\"Offallgestioun - Ville de Remich\",\"isPartOf\":{\"@id\":\"https:\/\/bierger.remich.lu\/de\/#website\"},\"primaryImageOfPage\":{\"@id\":\"https:\/\/bierger.remich.lu\/ville-de-remich\/umwelt\/francais-gestion-des-dechets\/#primaryimage\"},\"image\":{\"@id\":\"https:\/\/bierger.remich.lu\/ville-de-remich\/umwelt\/francais-gestion-des-dechets\/#primaryimage\"},\"thumbnailUrl\":\"https:\/\/bierger.remich.lu\/wp-content\/uploads\/sites\/3\/2017\/07\/Bildschirmfoto-2017-09-12-um-11.11.58.png\",\"datePublished\":\"2017-07-20T08:34:34+00:00\",\"dateModified\":\"2026-04-02T15:24:26+00:00\",\"breadcrumb\":{\"@id\":\"https:\/\/bierger.remich.lu\/ville-de-remich\/umwelt\/francais-gestion-des-dechets\/#breadcrumb\"},\"inLanguage\":\"lb-LU\",\"potentialAction\":[{\"@type\":\"ReadAction\",\"target\":[\"https:\/\/bierger.remich.lu\/ville-de-remich\/umwelt\/francais-gestion-des-dechets\/\"]}]},{\"@type\":\"ImageObject\",\"inLanguage\":\"lb-LU\",\"@id\":\"https:\/\/bierger.remich.lu\/ville-de-remich\/umwelt\/francais-gestion-des-dechets\/#primaryimage\",\"url\":\"https:\/\/bierger.remich.lu\/wp-content\/uploads\/sites\/3\/2017\/07\/Bildschirmfoto-2017-09-12-um-11.11.58.png\",\"contentUrl\":\"https:\/\/bierger.remich.lu\/wp-content\/uploads\/sites\/3\/2017\/07\/Bildschirmfoto-2017-09-12-um-11.11.58.png\",\"width\":420,\"height\":1158},{\"@type\":\"BreadcrumbList\",\"@id\":\"https:\/\/bierger.remich.lu\/ville-de-remich\/umwelt\/francais-gestion-des-dechets\/#breadcrumb\",\"itemListElement\":[{\"@type\":\"ListItem\",\"position\":1,\"name\":\"Startseite\",\"item\":\"https:\/\/bierger.remich.lu\/de\/\"},{\"@type\":\"ListItem\",\"position\":2,\"name\":\"Stadt Remich\",\"item\":\"https:\/\/bierger.remich.lu\/de\/ville-de-remich\/\"},{\"@type\":\"ListItem\",\"position\":3,\"name\":\"Umwelt\",\"item\":\"https:\/\/bierger.remich.lu\/de\/ville-de-remich\/umwelt\/\"},{\"@type\":\"ListItem\",\"position\":4,\"name\":\"Abfallentsorgung\"}]},{\"@type\":\"WebSite\",\"@id\":\"https:\/\/bierger.remich.lu\/de\/#website\",\"url\":\"https:\/\/bierger.remich.lu\/de\/\",\"name\":\"Ville de Remich\",\"description\":\"\",\"potentialAction\":[{\"@type\":\"SearchAction\",\"target\":{\"@type\":\"EntryPoint\",\"urlTemplate\":\"https:\/\/bierger.remich.lu\/de\/?s={search_term_string}\"},\"query-input\":{\"@type\":\"PropertyValueSpecification\",\"valueRequired\":true,\"valueName\":\"search_term_string\"}}],\"inLanguage\":\"lb-LU\"}]}<\/script>\n<!-- \/ Yoast SEO plugin. -->","yoast_head_json":{"title":"Offallgestioun - Ville de Remich","robots":{"index":"index","follow":"follow","max-snippet":"max-snippet:-1","max-image-preview":"max-image-preview:large","max-video-preview":"max-video-preview:-1"},"canonical":"https:\/\/bierger.remich.lu\/ville-de-remich\/umwelt\/francais-gestion-des-dechets\/","og_locale":"en_US","og_type":"article","og_title":"Offallgestioun - Ville de Remich","og_description":"Recycling Zanter Januar 2017 bitt d&#8217;Stad R\u00e9imech separat Kollekte fir recycl\u00e9ierbaren Offall un. Zous\u00e4tzlech k\u00ebnnen d&#8217;R\u00e9imecher Awunner, d\u00e9i am\u00a0Bes\u00ebtz vun enger entspriechender Kaart sinn, vum\u00a0Recyclingszenter zu Bech-Klengmaacher profit\u00e9ieren. De SIGRE bitt och\u00a0s\u00ebllege Servicer am Ber\u00e4ich vun der Offallentsuergung an -weiderverw\u00e4ertung un. Hei k\u00ebnnt Dir och \u00c4re Kompost kafen. D&#8217;SuperDrecksK\u00ebscht\u00ae k\u00ebmmer sech \u00ebm Spezialoffall w\u00e9i z.B.... Read more &raquo;","og_url":"https:\/\/bierger.remich.lu\/ville-de-remich\/umwelt\/francais-gestion-des-dechets\/","og_site_name":"Ville de Remich","article_modified_time":"2026-04-02T15:24:26+00:00","og_image":[{"width":420,"height":1158,"url":"https:\/\/bierger.remich.lu\/wp-content\/uploads\/sites\/3\/2017\/07\/Bildschirmfoto-2017-09-12-um-11.11.58.png","type":"image\/png"}],"twitter_card":"summary_large_image","twitter_misc":{"Est. reading time":"2 minutes"},"schema":{"@context":"https:\/\/schema.org","@graph":[{"@type":"WebPage","@id":"https:\/\/bierger.remich.lu\/ville-de-remich\/umwelt\/francais-gestion-des-dechets\/","url":"https:\/\/bierger.remich.lu\/ville-de-remich\/umwelt\/francais-gestion-des-dechets\/","name":"Offallgestioun - Ville de Remich","isPartOf":{"@id":"https:\/\/bierger.remich.lu\/de\/#website"},"primaryImageOfPage":{"@id":"https:\/\/bierger.remich.lu\/ville-de-remich\/umwelt\/francais-gestion-des-dechets\/#primaryimage"},"image":{"@id":"https:\/\/bierger.remich.lu\/ville-de-remich\/umwelt\/francais-gestion-des-dechets\/#primaryimage"},"thumbnailUrl":"https:\/\/bierger.remich.lu\/wp-content\/uploads\/sites\/3\/2017\/07\/Bildschirmfoto-2017-09-12-um-11.11.58.png","datePublished":"2017-07-20T08:34:34+00:00","dateModified":"2026-04-02T15:24:26+00:00","breadcrumb":{"@id":"https:\/\/bierger.remich.lu\/ville-de-remich\/umwelt\/francais-gestion-des-dechets\/#breadcrumb"},"inLanguage":"lb-LU","potentialAction":[{"@type":"ReadAction","target":["https:\/\/bierger.remich.lu\/ville-de-remich\/umwelt\/francais-gestion-des-dechets\/"]}]},{"@type":"ImageObject","inLanguage":"lb-LU","@id":"https:\/\/bierger.remich.lu\/ville-de-remich\/umwelt\/francais-gestion-des-dechets\/#primaryimage","url":"https:\/\/bierger.remich.lu\/wp-content\/uploads\/sites\/3\/2017\/07\/Bildschirmfoto-2017-09-12-um-11.11.58.png","contentUrl":"https:\/\/bierger.remich.lu\/wp-content\/uploads\/sites\/3\/2017\/07\/Bildschirmfoto-2017-09-12-um-11.11.58.png","width":420,"height":1158},{"@type":"BreadcrumbList","@id":"https:\/\/bierger.remich.lu\/ville-de-remich\/umwelt\/francais-gestion-des-dechets\/#breadcrumb","itemListElement":[{"@type":"ListItem","position":1,"name":"Startseite","item":"https:\/\/bierger.remich.lu\/de\/"},{"@type":"ListItem","position":2,"name":"Stadt Remich","item":"https:\/\/bierger.remich.lu\/de\/ville-de-remich\/"},{"@type":"ListItem","position":3,"name":"Umwelt","item":"https:\/\/bierger.remich.lu\/de\/ville-de-remich\/umwelt\/"},{"@type":"ListItem","position":4,"name":"Abfallentsorgung"}]},{"@type":"WebSite","@id":"https:\/\/bierger.remich.lu\/de\/#website","url":"https:\/\/bierger.remich.lu\/de\/","name":"Ville de Remich","description":"","potentialAction":[{"@type":"SearchAction","target":{"@type":"EntryPoint","urlTemplate":"https:\/\/bierger.remich.lu\/de\/?s={search_term_string}"},"query-input":{"@type":"PropertyValueSpecification","valueRequired":true,"valueName":"search_term_string"}}],"inLanguage":"lb-LU"}]}},"_links":{"self":[{"href":"https:\/\/bierger.remich.lu\/lb\/wp-json\/wp\/v2\/pages\/1262","targetHints":{"allow":["GET"]}}],"collection":[{"href":"https:\/\/bierger.remich.lu\/lb\/wp-json\/wp\/v2\/pages"}],"about":[{"href":"https:\/\/bierger.remich.lu\/lb\/wp-json\/wp\/v2\/types\/page"}],"author":[{"embeddable":true,"href":"https:\/\/bierger.remich.lu\/lb\/wp-json\/wp\/v2\/users\/4"}],"replies":[{"embeddable":true,"href":"https:\/\/bierger.remich.lu\/lb\/wp-json\/wp\/v2\/comments?post=1262"}],"version-history":[{"count":24,"href":"https:\/\/bierger.remich.lu\/lb\/wp-json\/wp\/v2\/pages\/1262\/revisions"}],"predecessor-version":[{"id":12750,"href":"https:\/\/bierger.remich.lu\/lb\/wp-json\/wp\/v2\/pages\/1262\/revisions\/12750"}],"up":[{"embeddable":true,"href":"https:\/\/bierger.remich.lu\/lb\/wp-json\/wp\/v2\/pages\/50"}],"wp:featuredmedia":[{"embeddable":true,"href":"https:\/\/bierger.remich.lu\/lb\/wp-json\/wp\/v2\/media\/2045"}],"wp:attachment":[{"href":"https:\/\/bierger.remich.lu\/lb\/wp-json\/wp\/v2\/media?parent=1262"}],"curies":[{"name":"wp","href":"https:\/\/api.w.org\/{rel}","templated":true}]}}