{"id":132,"date":"2016-08-30T14:00:01","date_gmt":"2016-08-30T13:00:01","guid":{"rendered":"http:\/\/reimech.lu\/?page_id=132"},"modified":"2025-09-10T10:58:41","modified_gmt":"2025-09-10T08:58:41","slug":"francais-maison-relais","status":"publish","type":"page","link":"https:\/\/bierger.remich.lu\/lb\/ville-de-remich\/schulwesen\/francais-maison-relais\/","title":{"rendered":"Betreiungsstruktur"},"content":{"rendered":"<p align=\"LEFT\">An der Maison Relais kr\u00e9ien d&#8217;Kanner eng adapt\u00e9iert Betreiung wat den Elteren d&#8217;M\u00e9iglechkeet g\u00ebtt berufflech aktiv ze bleiwen.<\/p>\n<p align=\"LEFT\">D&#8217;Maison Relais zu R\u00e9imech ass op zwee Sitte verdeelt: rue Enz (Cycle 1)\u00a0an d&#8217;Gew\u00e4nnchen (Cyclen 1-4).<\/p>\n<p align=\"LEFT\">Ugebuede ginn d&#8217;Betreiung vun de Kanner moies an nom\u00ebttes esou w\u00e9i e Kannerrestaurant. D&#8217;Iessen g\u00ebtt all Dag fr\u00ebsch an der Kiche vun der Maison Relais um Gew\u00e4nnchen prepar\u00e9iert.<\/p>\n\n<p align=\"LEFT\">An der Maison Relais kr\u00e9ien d&#8217;Kanner eng adapt\u00e9iert Betreiung wat den Elteren d&#8217;M\u00e9iglechkeet g\u00ebtt berufflech aktiv ze bleiwen.<\/p>\n<p align=\"LEFT\">D&#8217;Maison Relais zu R\u00e9imech ass op zwee Sitte verdeelt: rue Enz (Cycle 1)\u00a0an d&#8217;Gew\u00e4nnchen (Cyclen 1-4).<\/p>\n<p align=\"LEFT\">Ugebuede ginn d&#8217;Betreiung vun de Kanner moies an nom\u00ebttes esou w\u00e9i e Kannerrestaurant. D&#8217;Iessen g\u00ebtt all Dag fr\u00ebsch an der Kiche vun der Maison Relais um Gew\u00e4nnchen prepar\u00e9iert.<\/p>","protected":false},"excerpt":{"rendered":"<p>An der Maison Relais kr\u00e9ien d&#8217;Kanner eng adapt\u00e9iert Betreiung wat den Elteren d&#8217;M\u00e9iglechkeet g\u00ebtt berufflech aktiv ze bleiwen. D&#8217;Maison Relais zu R\u00e9imech ass op zwee Sitte verdeelt: rue Enz (Cycle 1)\u00a0an d&#8217;Gew\u00e4nnchen (Cyclen 1-4). Ugebuede ginn d&#8217;Betreiung vun de Kanner moies an nom\u00ebttes esou w\u00e9i e Kannerrestaurant. D&#8217;Iessen g\u00ebtt all Dag fr\u00ebsch an der Kiche&#8230;  <a class=\"excerpt-read-more\" href=\"https:\/\/bierger.remich.lu\/lb\/ville-de-remich\/schulwesen\/francais-maison-relais\/\" title=\"ReadBetreiungsstruktur\">Read more &raquo;<\/a><\/p>\n","protected":false},"author":1,"featured_media":2025,"parent":1852,"menu_order":15,"comment_status":"closed","ping_status":"closed","template":"","meta":{"_acf_changed":false,"xn-wppe-expiration":[],"xn-wppe-expiration-action":[],"xn-wppe-expiration-prefix":[],"footnotes":"","_links_to":"","_links_to_target":""},"class_list":["post-132","page","type-page","status-publish","has-post-thumbnail","hentry","keyword-verein"],"acf":[],"yoast_head":"<!-- This site is optimized with the Yoast SEO plugin v26.7 - https:\/\/yoast.com\/wordpress\/plugins\/seo\/ -->\n<title>Betreiungsstruktur - Ville de Remich<\/title>\n<meta name=\"robots\" content=\"index, follow, max-snippet:-1, max-image-preview:large, max-video-preview:-1\" \/>\n<link rel=\"canonical\" href=\"https:\/\/bierger.remich.lu\/de\/ville-de-remich\/schulwesen\/francais-maison-relais\/\" \/>\n<meta property=\"og:locale\" content=\"en_US\" \/>\n<meta property=\"og:type\" content=\"article\" \/>\n<meta property=\"og:title\" content=\"Betreiungsstruktur - Ville de Remich\" \/>\n<meta property=\"og:description\" content=\"An der Maison Relais kr\u00e9ien d&#8217;Kanner eng adapt\u00e9iert Betreiung wat den Elteren d&#8217;M\u00e9iglechkeet g\u00ebtt berufflech aktiv ze bleiwen. D&#8217;Maison Relais zu R\u00e9imech ass op zwee Sitte verdeelt: rue Enz (Cycle 1)\u00a0an d&#8217;Gew\u00e4nnchen (Cyclen 1-4). Ugebuede ginn d&#8217;Betreiung vun de Kanner moies an nom\u00ebttes esou w\u00e9i e Kannerrestaurant. D&#8217;Iessen g\u00ebtt all Dag fr\u00ebsch an der Kiche... Read more &raquo;\" \/>\n<meta property=\"og:url\" content=\"https:\/\/bierger.remich.lu\/de\/ville-de-remich\/schulwesen\/francais-maison-relais\/\" \/>\n<meta property=\"og:site_name\" content=\"Ville de Remich\" \/>\n<meta property=\"article:modified_time\" content=\"2025-09-10T08:58:41+00:00\" \/>\n<meta property=\"og:image\" content=\"https:\/\/bierger.remich.lu\/wp-content\/uploads\/sites\/3\/2016\/08\/309B1448-683x1024.jpg\" \/>\n\t<meta property=\"og:image:width\" content=\"683\" \/>\n\t<meta property=\"og:image:height\" content=\"1024\" \/>\n\t<meta property=\"og:image:type\" content=\"image\/jpeg\" \/>\n<meta name=\"twitter:card\" content=\"summary_large_image\" \/>\n<meta name=\"twitter:label1\" content=\"Est. reading time\" \/>\n\t<meta name=\"twitter:data1\" content=\"2 minutes\" \/>\n<script type=\"application\/ld+json\" class=\"yoast-schema-graph\">{\"@context\":\"https:\/\/schema.org\",\"@graph\":[{\"@type\":\"WebPage\",\"@id\":\"https:\/\/bierger.remich.lu\/de\/ville-de-remich\/schulwesen\/francais-maison-relais\/\",\"url\":\"https:\/\/bierger.remich.lu\/de\/ville-de-remich\/schulwesen\/francais-maison-relais\/\",\"name\":\"Betreiungsstruktur - Ville de Remich\",\"isPartOf\":{\"@id\":\"https:\/\/bierger.remich.lu\/de\/#website\"},\"primaryImageOfPage\":{\"@id\":\"https:\/\/bierger.remich.lu\/de\/ville-de-remich\/schulwesen\/francais-maison-relais\/#primaryimage\"},\"image\":{\"@id\":\"https:\/\/bierger.remich.lu\/de\/ville-de-remich\/schulwesen\/francais-maison-relais\/#primaryimage\"},\"thumbnailUrl\":\"https:\/\/bierger.remich.lu\/wp-content\/uploads\/sites\/3\/2016\/08\/309B1448.jpg\",\"datePublished\":\"2016-08-30T13:00:01+00:00\",\"dateModified\":\"2025-09-10T08:58:41+00:00\",\"breadcrumb\":{\"@id\":\"https:\/\/bierger.remich.lu\/de\/ville-de-remich\/schulwesen\/francais-maison-relais\/#breadcrumb\"},\"inLanguage\":\"lb-LU\",\"potentialAction\":[{\"@type\":\"ReadAction\",\"target\":[\"https:\/\/bierger.remich.lu\/de\/ville-de-remich\/schulwesen\/francais-maison-relais\/\"]}]},{\"@type\":\"ImageObject\",\"inLanguage\":\"lb-LU\",\"@id\":\"https:\/\/bierger.remich.lu\/de\/ville-de-remich\/schulwesen\/francais-maison-relais\/#primaryimage\",\"url\":\"https:\/\/bierger.remich.lu\/wp-content\/uploads\/sites\/3\/2016\/08\/309B1448.jpg\",\"contentUrl\":\"https:\/\/bierger.remich.lu\/wp-content\/uploads\/sites\/3\/2016\/08\/309B1448.jpg\",\"width\":3839,\"height\":5759},{\"@type\":\"BreadcrumbList\",\"@id\":\"https:\/\/bierger.remich.lu\/de\/ville-de-remich\/schulwesen\/francais-maison-relais\/#breadcrumb\",\"itemListElement\":[{\"@type\":\"ListItem\",\"position\":1,\"name\":\"Startseite\",\"item\":\"https:\/\/bierger.remich.lu\/de\/\"},{\"@type\":\"ListItem\",\"position\":2,\"name\":\"Stadt Remich\",\"item\":\"https:\/\/bierger.remich.lu\/de\/ville-de-remich\/\"},{\"@type\":\"ListItem\",\"position\":3,\"name\":\"Bildung und Kinder\",\"item\":\"https:\/\/bierger.remich.lu\/de\/ville-de-remich\/schulwesen\/\"},{\"@type\":\"ListItem\",\"position\":4,\"name\":\"Betreuungsstruktur\"}]},{\"@type\":\"WebSite\",\"@id\":\"https:\/\/bierger.remich.lu\/de\/#website\",\"url\":\"https:\/\/bierger.remich.lu\/de\/\",\"name\":\"Ville de Remich\",\"description\":\"\",\"potentialAction\":[{\"@type\":\"SearchAction\",\"target\":{\"@type\":\"EntryPoint\",\"urlTemplate\":\"https:\/\/bierger.remich.lu\/de\/?s={search_term_string}\"},\"query-input\":{\"@type\":\"PropertyValueSpecification\",\"valueRequired\":true,\"valueName\":\"search_term_string\"}}],\"inLanguage\":\"lb-LU\"}]}<\/script>\n<!-- \/ Yoast SEO plugin. -->","yoast_head_json":{"title":"Betreiungsstruktur - Ville de Remich","robots":{"index":"index","follow":"follow","max-snippet":"max-snippet:-1","max-image-preview":"max-image-preview:large","max-video-preview":"max-video-preview:-1"},"canonical":"https:\/\/bierger.remich.lu\/de\/ville-de-remich\/schulwesen\/francais-maison-relais\/","og_locale":"en_US","og_type":"article","og_title":"Betreiungsstruktur - Ville de Remich","og_description":"An der Maison Relais kr\u00e9ien d&#8217;Kanner eng adapt\u00e9iert Betreiung wat den Elteren d&#8217;M\u00e9iglechkeet g\u00ebtt berufflech aktiv ze bleiwen. D&#8217;Maison Relais zu R\u00e9imech ass op zwee Sitte verdeelt: rue Enz (Cycle 1)\u00a0an d&#8217;Gew\u00e4nnchen (Cyclen 1-4). Ugebuede ginn d&#8217;Betreiung vun de Kanner moies an nom\u00ebttes esou w\u00e9i e Kannerrestaurant. D&#8217;Iessen g\u00ebtt all Dag fr\u00ebsch an der Kiche... Read more &raquo;","og_url":"https:\/\/bierger.remich.lu\/de\/ville-de-remich\/schulwesen\/francais-maison-relais\/","og_site_name":"Ville de Remich","article_modified_time":"2025-09-10T08:58:41+00:00","og_image":[{"width":683,"height":1024,"url":"https:\/\/bierger.remich.lu\/wp-content\/uploads\/sites\/3\/2016\/08\/309B1448-683x1024.jpg","type":"image\/jpeg"}],"twitter_card":"summary_large_image","twitter_misc":{"Est. reading time":"2 minutes"},"schema":{"@context":"https:\/\/schema.org","@graph":[{"@type":"WebPage","@id":"https:\/\/bierger.remich.lu\/de\/ville-de-remich\/schulwesen\/francais-maison-relais\/","url":"https:\/\/bierger.remich.lu\/de\/ville-de-remich\/schulwesen\/francais-maison-relais\/","name":"Betreiungsstruktur - Ville de Remich","isPartOf":{"@id":"https:\/\/bierger.remich.lu\/de\/#website"},"primaryImageOfPage":{"@id":"https:\/\/bierger.remich.lu\/de\/ville-de-remich\/schulwesen\/francais-maison-relais\/#primaryimage"},"image":{"@id":"https:\/\/bierger.remich.lu\/de\/ville-de-remich\/schulwesen\/francais-maison-relais\/#primaryimage"},"thumbnailUrl":"https:\/\/bierger.remich.lu\/wp-content\/uploads\/sites\/3\/2016\/08\/309B1448.jpg","datePublished":"2016-08-30T13:00:01+00:00","dateModified":"2025-09-10T08:58:41+00:00","breadcrumb":{"@id":"https:\/\/bierger.remich.lu\/de\/ville-de-remich\/schulwesen\/francais-maison-relais\/#breadcrumb"},"inLanguage":"lb-LU","potentialAction":[{"@type":"ReadAction","target":["https:\/\/bierger.remich.lu\/de\/ville-de-remich\/schulwesen\/francais-maison-relais\/"]}]},{"@type":"ImageObject","inLanguage":"lb-LU","@id":"https:\/\/bierger.remich.lu\/de\/ville-de-remich\/schulwesen\/francais-maison-relais\/#primaryimage","url":"https:\/\/bierger.remich.lu\/wp-content\/uploads\/sites\/3\/2016\/08\/309B1448.jpg","contentUrl":"https:\/\/bierger.remich.lu\/wp-content\/uploads\/sites\/3\/2016\/08\/309B1448.jpg","width":3839,"height":5759},{"@type":"BreadcrumbList","@id":"https:\/\/bierger.remich.lu\/de\/ville-de-remich\/schulwesen\/francais-maison-relais\/#breadcrumb","itemListElement":[{"@type":"ListItem","position":1,"name":"Startseite","item":"https:\/\/bierger.remich.lu\/de\/"},{"@type":"ListItem","position":2,"name":"Stadt Remich","item":"https:\/\/bierger.remich.lu\/de\/ville-de-remich\/"},{"@type":"ListItem","position":3,"name":"Bildung und Kinder","item":"https:\/\/bierger.remich.lu\/de\/ville-de-remich\/schulwesen\/"},{"@type":"ListItem","position":4,"name":"Betreuungsstruktur"}]},{"@type":"WebSite","@id":"https:\/\/bierger.remich.lu\/de\/#website","url":"https:\/\/bierger.remich.lu\/de\/","name":"Ville de Remich","description":"","potentialAction":[{"@type":"SearchAction","target":{"@type":"EntryPoint","urlTemplate":"https:\/\/bierger.remich.lu\/de\/?s={search_term_string}"},"query-input":{"@type":"PropertyValueSpecification","valueRequired":true,"valueName":"search_term_string"}}],"inLanguage":"lb-LU"}]}},"_links":{"self":[{"href":"https:\/\/bierger.remich.lu\/lb\/wp-json\/wp\/v2\/pages\/132","targetHints":{"allow":["GET"]}}],"collection":[{"href":"https:\/\/bierger.remich.lu\/lb\/wp-json\/wp\/v2\/pages"}],"about":[{"href":"https:\/\/bierger.remich.lu\/lb\/wp-json\/wp\/v2\/types\/page"}],"author":[{"embeddable":true,"href":"https:\/\/bierger.remich.lu\/lb\/wp-json\/wp\/v2\/users\/1"}],"replies":[{"embeddable":true,"href":"https:\/\/bierger.remich.lu\/lb\/wp-json\/wp\/v2\/comments?post=132"}],"version-history":[{"count":10,"href":"https:\/\/bierger.remich.lu\/lb\/wp-json\/wp\/v2\/pages\/132\/revisions"}],"predecessor-version":[{"id":18253,"href":"https:\/\/bierger.remich.lu\/lb\/wp-json\/wp\/v2\/pages\/132\/revisions\/18253"}],"up":[{"embeddable":true,"href":"https:\/\/bierger.remich.lu\/lb\/wp-json\/wp\/v2\/pages\/1852"}],"wp:featuredmedia":[{"embeddable":true,"href":"https:\/\/bierger.remich.lu\/lb\/wp-json\/wp\/v2\/media\/2025"}],"wp:attachment":[{"href":"https:\/\/bierger.remich.lu\/lb\/wp-json\/wp\/v2\/media?parent=132"}],"curies":[{"name":"wp","href":"https:\/\/api.w.org\/{rel}","templated":true}]}}