{"id":140,"date":"2016-08-30T14:01:08","date_gmt":"2016-08-30T14:01:08","guid":{"rendered":"http:\/\/reimech.lu\/?page_id=140"},"modified":"2023-08-29T11:21:34","modified_gmt":"2023-08-29T09:21:34","slug":"francais-night-rider","status":"publish","type":"page","link":"https:\/\/bierger.remich.lu\/lb\/services-au-citoyen\/francais-mobilite\/francais-night-rider\/","title":{"rendered":"Night Rider"},"content":{"rendered":"<p class=\"qtranxs-available-languages-message qtranxs-available-languages-message-lb\">Leider g\u00ebtt et d\u00ebsen Inhalt n\u00ebmmen op <a href=\"https:\/\/bierger.remich.lu\/fr\/wp-json\/wp\/v2\/pages\/140\" class=\"qtranxs-available-language-link qtranxs-available-language-link-fr\" title=\"FR\">FR<\/a> an <a href=\"https:\/\/bierger.remich.lu\/de\/wp-json\/wp\/v2\/pages\/140\" class=\"qtranxs-available-language-link qtranxs-available-language-link-de\" title=\"DE\">DE<\/a>. For the sake of viewer convenience, the content is shown below in one of the available alternative languages. You may click one of the links to switch the site language to another available language.<\/p><img loading=\"lazy\" decoding=\"async\" class=\"size-medium wp-image-6314 alignleft\" src=\"http:\/\/bierger.remich.lu\/wp-content\/uploads\/sites\/3\/2016\/08\/nightrider-logo2_0-300x198.png\" alt=\"nightrider-logo2_0\" width=\"300\" height=\"198\" srcset=\"https:\/\/bierger.remich.lu\/wp-content\/uploads\/sites\/3\/2016\/08\/nightrider-logo2_0-300x198.png 300w, https:\/\/bierger.remich.lu\/wp-content\/uploads\/sites\/3\/2016\/08\/nightrider-logo2_0.png 410w\" sizes=\"auto, (max-width: 300px) 100vw, 300px\" \/><\/p>\n<p>Le Night Rider est une navette de nuit individuelle sans horaires ni arr\u00eats fixes. Sur demande et r\u00e9servation pr\u00e9alable, il prend en charge ses clients \u00e0 leur domicile pour les conduire \u00e0 un endroit de leur choix au Grand-Duch\u00e9 de Luxembourg, le vendredi et le samedi entre 18:00 heures et 05:00 heures du matin.<\/p>\n<p>Il s&#8217;agit d&#8217;une navette collective, ce qui signifie que d&#8217;autres passagers montent ou descendent en cours de route. A cet effet le Night Rider r\u00e9alise rarement des parcours directs, sans pour autant faire des d\u00e9tours importants.<\/p>\n<p>Afin de pouvoir profiter de ce service, il faut \u00eatre d\u00e9tenteur d&#8217;une Night Card.<\/p>\n<p><em>Comment obtenir la Night Card?<\/em><\/p>\n<p>La Night Card peut \u00eatre demand\u00e9e \u00e0 la r\u00e9ception de la Ville de Remich.<\/p>\n<p>Pour plus d&#8217;informations: <a href=\"http:\/\/www.nightrider.lu\">Nightrider.lu <\/a><\/p>\n<p>&nbsp;","protected":false},"excerpt":{"rendered":"<p>Leider g\u00ebtt et d\u00ebsen Inhalt n\u00ebmmen op FR an DE. For the sake of viewer convenience, the content is shown below in one of the available alternative languages. You may click one of the links to switch the site language to another available language. Le Night Rider est une navette de nuit individuelle sans horaires&#8230;  <a class=\"excerpt-read-more\" href=\"https:\/\/bierger.remich.lu\/lb\/services-au-citoyen\/francais-mobilite\/francais-night-rider\/\" title=\"ReadNight Rider\">Read more &raquo;<\/a><\/p>\n","protected":false},"author":1,"featured_media":2127,"parent":70,"menu_order":59,"comment_status":"closed","ping_status":"closed","template":"","meta":{"_acf_changed":false,"xn-wppe-expiration":[],"xn-wppe-expiration-action":[],"xn-wppe-expiration-prefix":[],"footnotes":"","_links_to":"","_links_to_target":""},"class_list":["post-140","page","type-page","status-publish","has-post-thumbnail","hentry","keyword-mobilitat"],"acf":[],"yoast_head":"<!-- This site is optimized with the Yoast SEO plugin v26.7 - https:\/\/yoast.com\/wordpress\/plugins\/seo\/ -->\n<title>Night Rider - Ville de Remich<\/title>\n<meta name=\"robots\" content=\"index, follow, max-snippet:-1, max-image-preview:large, max-video-preview:-1\" \/>\n<link rel=\"canonical\" href=\"https:\/\/bierger.remich.lu\/de\/services-au-citoyen\/francais-mobilite\/francais-night-rider\/\" \/>\n<meta property=\"og:locale\" content=\"en_US\" \/>\n<meta property=\"og:type\" content=\"article\" \/>\n<meta property=\"og:title\" content=\"Night Rider - Ville de Remich\" \/>\n<meta property=\"og:description\" content=\"Leider g\u00ebtt et d\u00ebsen Inhalt n\u00ebmmen op FR an DE. For the sake of viewer convenience, the content is shown below in one of the available alternative languages. You may click one of the links to switch the site language to another available language. Le Night Rider est une navette de nuit individuelle sans horaires... Read more &raquo;\" \/>\n<meta property=\"og:url\" content=\"https:\/\/bierger.remich.lu\/de\/services-au-citoyen\/francais-mobilite\/francais-night-rider\/\" \/>\n<meta property=\"og:site_name\" content=\"Ville de Remich\" \/>\n<meta property=\"article:modified_time\" content=\"2023-08-29T09:21:34+00:00\" \/>\n<meta property=\"og:image\" content=\"https:\/\/bierger.remich.lu\/wp-content\/uploads\/sites\/3\/2016\/08\/andre-hunter-254689-e1505468763854.jpg\" \/>\n\t<meta property=\"og:image:width\" content=\"2723\" \/>\n\t<meta property=\"og:image:height\" content=\"7097\" \/>\n\t<meta property=\"og:image:type\" content=\"image\/jpeg\" \/>\n<meta name=\"twitter:card\" content=\"summary_large_image\" \/>\n<meta name=\"twitter:label1\" content=\"Est. reading time\" \/>\n\t<meta name=\"twitter:data1\" content=\"1 minute\" \/>\n<script type=\"application\/ld+json\" class=\"yoast-schema-graph\">{\"@context\":\"https:\/\/schema.org\",\"@graph\":[{\"@type\":\"WebPage\",\"@id\":\"https:\/\/bierger.remich.lu\/de\/services-au-citoyen\/francais-mobilite\/francais-night-rider\/\",\"url\":\"https:\/\/bierger.remich.lu\/de\/services-au-citoyen\/francais-mobilite\/francais-night-rider\/\",\"name\":\"Night Rider - Ville de Remich\",\"isPartOf\":{\"@id\":\"https:\/\/bierger.remich.lu\/de\/#website\"},\"primaryImageOfPage\":{\"@id\":\"https:\/\/bierger.remich.lu\/de\/services-au-citoyen\/francais-mobilite\/francais-night-rider\/#primaryimage\"},\"image\":{\"@id\":\"https:\/\/bierger.remich.lu\/de\/services-au-citoyen\/francais-mobilite\/francais-night-rider\/#primaryimage\"},\"thumbnailUrl\":\"https:\/\/bierger.remich.lu\/wp-content\/uploads\/sites\/3\/2016\/08\/andre-hunter-254689-e1505468763854.jpg\",\"datePublished\":\"2016-08-30T14:01:08+00:00\",\"dateModified\":\"2023-08-29T09:21:34+00:00\",\"breadcrumb\":{\"@id\":\"https:\/\/bierger.remich.lu\/de\/services-au-citoyen\/francais-mobilite\/francais-night-rider\/#breadcrumb\"},\"inLanguage\":\"lb-LU\",\"potentialAction\":[{\"@type\":\"ReadAction\",\"target\":[\"https:\/\/bierger.remich.lu\/de\/services-au-citoyen\/francais-mobilite\/francais-night-rider\/\"]}]},{\"@type\":\"ImageObject\",\"inLanguage\":\"lb-LU\",\"@id\":\"https:\/\/bierger.remich.lu\/de\/services-au-citoyen\/francais-mobilite\/francais-night-rider\/#primaryimage\",\"url\":\"https:\/\/bierger.remich.lu\/wp-content\/uploads\/sites\/3\/2016\/08\/andre-hunter-254689-e1505468763854.jpg\",\"contentUrl\":\"https:\/\/bierger.remich.lu\/wp-content\/uploads\/sites\/3\/2016\/08\/andre-hunter-254689-e1505468763854.jpg\",\"width\":2723,\"height\":7097},{\"@type\":\"BreadcrumbList\",\"@id\":\"https:\/\/bierger.remich.lu\/de\/services-au-citoyen\/francais-mobilite\/francais-night-rider\/#breadcrumb\",\"itemListElement\":[{\"@type\":\"ListItem\",\"position\":1,\"name\":\"Startseite\",\"item\":\"https:\/\/bierger.remich.lu\/de\/\"},{\"@type\":\"ListItem\",\"position\":2,\"name\":\"B\u00fcrgerdienste\",\"item\":\"https:\/\/bierger.remich.lu\/de\/services-au-citoyen\/\"},{\"@type\":\"ListItem\",\"position\":3,\"name\":\"Mobilit\u00e4t\",\"item\":\"https:\/\/bierger.remich.lu\/de\/services-au-citoyen\/francais-mobilite\/\"},{\"@type\":\"ListItem\",\"position\":4,\"name\":\"Night Rider\"}]},{\"@type\":\"WebSite\",\"@id\":\"https:\/\/bierger.remich.lu\/de\/#website\",\"url\":\"https:\/\/bierger.remich.lu\/de\/\",\"name\":\"Ville de Remich\",\"description\":\"\",\"potentialAction\":[{\"@type\":\"SearchAction\",\"target\":{\"@type\":\"EntryPoint\",\"urlTemplate\":\"https:\/\/bierger.remich.lu\/de\/?s={search_term_string}\"},\"query-input\":{\"@type\":\"PropertyValueSpecification\",\"valueRequired\":true,\"valueName\":\"search_term_string\"}}],\"inLanguage\":\"lb-LU\"}]}<\/script>\n<!-- \/ Yoast SEO plugin. -->","yoast_head_json":{"title":"Night Rider - Ville de Remich","robots":{"index":"index","follow":"follow","max-snippet":"max-snippet:-1","max-image-preview":"max-image-preview:large","max-video-preview":"max-video-preview:-1"},"canonical":"https:\/\/bierger.remich.lu\/de\/services-au-citoyen\/francais-mobilite\/francais-night-rider\/","og_locale":"en_US","og_type":"article","og_title":"Night Rider - Ville de Remich","og_description":"Leider g\u00ebtt et d\u00ebsen Inhalt n\u00ebmmen op FR an DE. For the sake of viewer convenience, the content is shown below in one of the available alternative languages. You may click one of the links to switch the site language to another available language. Le Night Rider est une navette de nuit individuelle sans horaires... Read more &raquo;","og_url":"https:\/\/bierger.remich.lu\/de\/services-au-citoyen\/francais-mobilite\/francais-night-rider\/","og_site_name":"Ville de Remich","article_modified_time":"2023-08-29T09:21:34+00:00","og_image":[{"width":2723,"height":7097,"url":"https:\/\/bierger.remich.lu\/wp-content\/uploads\/sites\/3\/2016\/08\/andre-hunter-254689-e1505468763854.jpg","type":"image\/jpeg"}],"twitter_card":"summary_large_image","twitter_misc":{"Est. reading time":"1 minute"},"schema":{"@context":"https:\/\/schema.org","@graph":[{"@type":"WebPage","@id":"https:\/\/bierger.remich.lu\/de\/services-au-citoyen\/francais-mobilite\/francais-night-rider\/","url":"https:\/\/bierger.remich.lu\/de\/services-au-citoyen\/francais-mobilite\/francais-night-rider\/","name":"Night Rider - Ville de Remich","isPartOf":{"@id":"https:\/\/bierger.remich.lu\/de\/#website"},"primaryImageOfPage":{"@id":"https:\/\/bierger.remich.lu\/de\/services-au-citoyen\/francais-mobilite\/francais-night-rider\/#primaryimage"},"image":{"@id":"https:\/\/bierger.remich.lu\/de\/services-au-citoyen\/francais-mobilite\/francais-night-rider\/#primaryimage"},"thumbnailUrl":"https:\/\/bierger.remich.lu\/wp-content\/uploads\/sites\/3\/2016\/08\/andre-hunter-254689-e1505468763854.jpg","datePublished":"2016-08-30T14:01:08+00:00","dateModified":"2023-08-29T09:21:34+00:00","breadcrumb":{"@id":"https:\/\/bierger.remich.lu\/de\/services-au-citoyen\/francais-mobilite\/francais-night-rider\/#breadcrumb"},"inLanguage":"lb-LU","potentialAction":[{"@type":"ReadAction","target":["https:\/\/bierger.remich.lu\/de\/services-au-citoyen\/francais-mobilite\/francais-night-rider\/"]}]},{"@type":"ImageObject","inLanguage":"lb-LU","@id":"https:\/\/bierger.remich.lu\/de\/services-au-citoyen\/francais-mobilite\/francais-night-rider\/#primaryimage","url":"https:\/\/bierger.remich.lu\/wp-content\/uploads\/sites\/3\/2016\/08\/andre-hunter-254689-e1505468763854.jpg","contentUrl":"https:\/\/bierger.remich.lu\/wp-content\/uploads\/sites\/3\/2016\/08\/andre-hunter-254689-e1505468763854.jpg","width":2723,"height":7097},{"@type":"BreadcrumbList","@id":"https:\/\/bierger.remich.lu\/de\/services-au-citoyen\/francais-mobilite\/francais-night-rider\/#breadcrumb","itemListElement":[{"@type":"ListItem","position":1,"name":"Startseite","item":"https:\/\/bierger.remich.lu\/de\/"},{"@type":"ListItem","position":2,"name":"B\u00fcrgerdienste","item":"https:\/\/bierger.remich.lu\/de\/services-au-citoyen\/"},{"@type":"ListItem","position":3,"name":"Mobilit\u00e4t","item":"https:\/\/bierger.remich.lu\/de\/services-au-citoyen\/francais-mobilite\/"},{"@type":"ListItem","position":4,"name":"Night Rider"}]},{"@type":"WebSite","@id":"https:\/\/bierger.remich.lu\/de\/#website","url":"https:\/\/bierger.remich.lu\/de\/","name":"Ville de Remich","description":"","potentialAction":[{"@type":"SearchAction","target":{"@type":"EntryPoint","urlTemplate":"https:\/\/bierger.remich.lu\/de\/?s={search_term_string}"},"query-input":{"@type":"PropertyValueSpecification","valueRequired":true,"valueName":"search_term_string"}}],"inLanguage":"lb-LU"}]}},"_links":{"self":[{"href":"https:\/\/bierger.remich.lu\/lb\/wp-json\/wp\/v2\/pages\/140","targetHints":{"allow":["GET"]}}],"collection":[{"href":"https:\/\/bierger.remich.lu\/lb\/wp-json\/wp\/v2\/pages"}],"about":[{"href":"https:\/\/bierger.remich.lu\/lb\/wp-json\/wp\/v2\/types\/page"}],"author":[{"embeddable":true,"href":"https:\/\/bierger.remich.lu\/lb\/wp-json\/wp\/v2\/users\/1"}],"replies":[{"embeddable":true,"href":"https:\/\/bierger.remich.lu\/lb\/wp-json\/wp\/v2\/comments?post=140"}],"version-history":[{"count":14,"href":"https:\/\/bierger.remich.lu\/lb\/wp-json\/wp\/v2\/pages\/140\/revisions"}],"predecessor-version":[{"id":12806,"href":"https:\/\/bierger.remich.lu\/lb\/wp-json\/wp\/v2\/pages\/140\/revisions\/12806"}],"up":[{"embeddable":true,"href":"https:\/\/bierger.remich.lu\/lb\/wp-json\/wp\/v2\/pages\/70"}],"wp:featuredmedia":[{"embeddable":true,"href":"https:\/\/bierger.remich.lu\/lb\/wp-json\/wp\/v2\/media\/2127"}],"wp:attachment":[{"href":"https:\/\/bierger.remich.lu\/lb\/wp-json\/wp\/v2\/media?parent=140"}],"curies":[{"name":"wp","href":"https:\/\/api.w.org\/{rel}","templated":true}]}}