{"id":144,"date":"2016-08-30T14:01:32","date_gmt":"2016-08-30T14:01:32","guid":{"rendered":"http:\/\/reimech.lu\/?page_id=144"},"modified":"2023-03-10T09:22:57","modified_gmt":"2023-03-10T08:22:57","slug":"francais-navette","status":"publish","type":"page","link":"https:\/\/bierger.remich.lu\/lb\/services-au-citoyen\/francais-mobilite\/francais-navette\/","title":{"rendered":"Navette"},"content":{"rendered":"<p class=\"qtranxs-available-languages-message qtranxs-available-languages-message-lb\">Leider g\u00ebtt et d\u00ebsen Inhalt n\u00ebmmen op <a href=\"https:\/\/bierger.remich.lu\/fr\/wp-json\/wp\/v2\/pages\/144\" class=\"qtranxs-available-language-link qtranxs-available-language-link-fr\" title=\"FR\">FR<\/a> an <a href=\"https:\/\/bierger.remich.lu\/de\/wp-json\/wp\/v2\/pages\/144\" class=\"qtranxs-available-language-link qtranxs-available-language-link-de\" title=\"DE\">DE<\/a>. For the sake of viewer convenience, the content is shown below in one of the available alternative languages. You may click one of the links to switch the site language to another available language.<\/p>Faire des achats ou d\u00e9placements \u00e0 Remich sans devoir utiliser sa voiture est d\u00e9sormais possible \u00e0 Remich gr\u00e2ce \u00e0 sa navette, qui vous conduit partout \u00e0 travers la ville !<\/p>\n<p>La navette est un servie offert gratuitement offert par la Ville de Remich.<\/p>\n<p>Le mini-bus\u00a0avec 9 places circule du lundi au vendredi selon un <a href=\"http:\/\/bierger.remich.lu\/wp-content\/uploads\/sites\/3\/2020\/03\/NOUVEAU-TOUR-NAVETTE-2020.pdf\">horaire<\/a> d\u00e9fini, except\u00e9 les jours suivants:<\/p>\n<ul>\n<li>Nouvel an<\/li>\n<li>Mardi gras apr\u00e8s-midi<\/li>\n<li>Lundi de P\u00e2ques<\/li>\n<li>1er mai<\/li>\n<li>Ascension<\/li>\n<li>Lundi de Pentec\u00f4te et mardi apr\u00e8s-midi<\/li>\n<li>23 juin (f\u00eate nationale)<\/li>\n<li>15 ao\u00fbt (Assomption)<\/li>\n<li>Mardi de Kermesse<\/li>\n<li>Toussaint<\/li>\n<li>24 d\u00e9cembre apr\u00e8s-midi &#8211; 26 d\u00e9cembre<\/li>\n<li>31 d\u00e9cembre apr\u00e8s-midi<\/li>\n<\/ul>\n<section class=\"entry-content clearfix\"><span style=\"color: #ff0000\">ATTENTION: En raison du chantier dans la rue de la Cit\u00e9 l&#8217;arr\u00eat de la navette dans la rue Maatebierg (croisement Maatebierg\/rue de la Cit\u00e9) sera transf\u00e9r\u00e9 dans la rue Dicks \u00e0 hauteur de la Cave Desom jusqu\u2019au 5 mai 2023 au moins.\u00a0<\/span><span style=\"color: #ff0000\">Nous vous remercions pour votre compr\u00e9hension.<\/span><\/section>","protected":false},"excerpt":{"rendered":"<p>Leider g\u00ebtt et d\u00ebsen Inhalt n\u00ebmmen op FR an DE. For the sake of viewer convenience, the content is shown below in one of the available alternative languages. You may click one of the links to switch the site language to another available language.Faire des achats ou d\u00e9placements \u00e0 Remich sans devoir utiliser sa voiture&#8230;  <a class=\"excerpt-read-more\" href=\"https:\/\/bierger.remich.lu\/lb\/services-au-citoyen\/francais-mobilite\/francais-navette\/\" title=\"ReadNavette\">Read more &raquo;<\/a><\/p>\n","protected":false},"author":1,"featured_media":10872,"parent":70,"menu_order":56,"comment_status":"closed","ping_status":"closed","template":"","meta":{"_acf_changed":false,"xn-wppe-expiration":[],"xn-wppe-expiration-action":[],"xn-wppe-expiration-prefix":[],"footnotes":"","_links_to":"","_links_to_target":""},"class_list":["post-144","page","type-page","status-publish","has-post-thumbnail","hentry","keyword-eau"],"acf":[],"yoast_head":"<!-- This site is optimized with the Yoast SEO plugin v26.7 - https:\/\/yoast.com\/wordpress\/plugins\/seo\/ -->\n<title>Navette - Ville de Remich<\/title>\n<meta name=\"robots\" content=\"index, follow, max-snippet:-1, max-image-preview:large, max-video-preview:-1\" \/>\n<link rel=\"canonical\" href=\"https:\/\/bierger.remich.lu\/de\/services-au-citoyen\/francais-mobilite\/francais-navette\/\" \/>\n<meta property=\"og:locale\" content=\"en_US\" \/>\n<meta property=\"og:type\" content=\"article\" \/>\n<meta property=\"og:title\" content=\"Navette - Ville de Remich\" \/>\n<meta property=\"og:description\" content=\"Leider g\u00ebtt et d\u00ebsen Inhalt n\u00ebmmen op FR an DE. For the sake of viewer convenience, the content is shown below in one of the available alternative languages. You may click one of the links to switch the site language to another available language.Faire des achats ou d\u00e9placements \u00e0 Remich sans devoir utiliser sa voiture... Read more &raquo;\" \/>\n<meta property=\"og:url\" content=\"https:\/\/bierger.remich.lu\/de\/services-au-citoyen\/francais-mobilite\/francais-navette\/\" \/>\n<meta property=\"og:site_name\" content=\"Ville de Remich\" \/>\n<meta property=\"article:modified_time\" content=\"2023-03-10T08:22:57+00:00\" \/>\n<meta property=\"og:image\" content=\"https:\/\/bierger.remich.lu\/wp-content\/uploads\/sites\/3\/2022\/08\/2020-06-12-06.10.02-1-scaled-e1659946035591.jpg\" \/>\n\t<meta property=\"og:image:width\" content=\"1520\" \/>\n\t<meta property=\"og:image:height\" content=\"1920\" \/>\n\t<meta property=\"og:image:type\" content=\"image\/jpeg\" \/>\n<meta name=\"twitter:card\" content=\"summary_large_image\" \/>\n<meta name=\"twitter:label1\" content=\"Est. reading time\" \/>\n\t<meta name=\"twitter:data1\" content=\"1 minute\" \/>\n<script type=\"application\/ld+json\" class=\"yoast-schema-graph\">{\"@context\":\"https:\/\/schema.org\",\"@graph\":[{\"@type\":\"WebPage\",\"@id\":\"https:\/\/bierger.remich.lu\/de\/services-au-citoyen\/francais-mobilite\/francais-navette\/\",\"url\":\"https:\/\/bierger.remich.lu\/de\/services-au-citoyen\/francais-mobilite\/francais-navette\/\",\"name\":\"Navette - Ville de Remich\",\"isPartOf\":{\"@id\":\"https:\/\/bierger.remich.lu\/de\/#website\"},\"primaryImageOfPage\":{\"@id\":\"https:\/\/bierger.remich.lu\/de\/services-au-citoyen\/francais-mobilite\/francais-navette\/#primaryimage\"},\"image\":{\"@id\":\"https:\/\/bierger.remich.lu\/de\/services-au-citoyen\/francais-mobilite\/francais-navette\/#primaryimage\"},\"thumbnailUrl\":\"https:\/\/bierger.remich.lu\/wp-content\/uploads\/sites\/3\/2022\/08\/2020-06-12-06.10.02-1-scaled-e1659946035591.jpg\",\"datePublished\":\"2016-08-30T14:01:32+00:00\",\"dateModified\":\"2023-03-10T08:22:57+00:00\",\"breadcrumb\":{\"@id\":\"https:\/\/bierger.remich.lu\/de\/services-au-citoyen\/francais-mobilite\/francais-navette\/#breadcrumb\"},\"inLanguage\":\"lb-LU\",\"potentialAction\":[{\"@type\":\"ReadAction\",\"target\":[\"https:\/\/bierger.remich.lu\/de\/services-au-citoyen\/francais-mobilite\/francais-navette\/\"]}]},{\"@type\":\"ImageObject\",\"inLanguage\":\"lb-LU\",\"@id\":\"https:\/\/bierger.remich.lu\/de\/services-au-citoyen\/francais-mobilite\/francais-navette\/#primaryimage\",\"url\":\"https:\/\/bierger.remich.lu\/wp-content\/uploads\/sites\/3\/2022\/08\/2020-06-12-06.10.02-1-scaled-e1659946035591.jpg\",\"contentUrl\":\"https:\/\/bierger.remich.lu\/wp-content\/uploads\/sites\/3\/2022\/08\/2020-06-12-06.10.02-1-scaled-e1659946035591.jpg\",\"width\":1520,\"height\":1920},{\"@type\":\"BreadcrumbList\",\"@id\":\"https:\/\/bierger.remich.lu\/de\/services-au-citoyen\/francais-mobilite\/francais-navette\/#breadcrumb\",\"itemListElement\":[{\"@type\":\"ListItem\",\"position\":1,\"name\":\"Startseite\",\"item\":\"https:\/\/bierger.remich.lu\/de\/\"},{\"@type\":\"ListItem\",\"position\":2,\"name\":\"B\u00fcrgerdienste\",\"item\":\"https:\/\/bierger.remich.lu\/de\/services-au-citoyen\/\"},{\"@type\":\"ListItem\",\"position\":3,\"name\":\"Mobilit\u00e4t\",\"item\":\"https:\/\/bierger.remich.lu\/de\/services-au-citoyen\/francais-mobilite\/\"},{\"@type\":\"ListItem\",\"position\":4,\"name\":\"Pendelbus\"}]},{\"@type\":\"WebSite\",\"@id\":\"https:\/\/bierger.remich.lu\/de\/#website\",\"url\":\"https:\/\/bierger.remich.lu\/de\/\",\"name\":\"Ville de Remich\",\"description\":\"\",\"potentialAction\":[{\"@type\":\"SearchAction\",\"target\":{\"@type\":\"EntryPoint\",\"urlTemplate\":\"https:\/\/bierger.remich.lu\/de\/?s={search_term_string}\"},\"query-input\":{\"@type\":\"PropertyValueSpecification\",\"valueRequired\":true,\"valueName\":\"search_term_string\"}}],\"inLanguage\":\"lb-LU\"}]}<\/script>\n<!-- \/ Yoast SEO plugin. -->","yoast_head_json":{"title":"Navette - Ville de Remich","robots":{"index":"index","follow":"follow","max-snippet":"max-snippet:-1","max-image-preview":"max-image-preview:large","max-video-preview":"max-video-preview:-1"},"canonical":"https:\/\/bierger.remich.lu\/de\/services-au-citoyen\/francais-mobilite\/francais-navette\/","og_locale":"en_US","og_type":"article","og_title":"Navette - Ville de Remich","og_description":"Leider g\u00ebtt et d\u00ebsen Inhalt n\u00ebmmen op FR an DE. For the sake of viewer convenience, the content is shown below in one of the available alternative languages. You may click one of the links to switch the site language to another available language.Faire des achats ou d\u00e9placements \u00e0 Remich sans devoir utiliser sa voiture... Read more &raquo;","og_url":"https:\/\/bierger.remich.lu\/de\/services-au-citoyen\/francais-mobilite\/francais-navette\/","og_site_name":"Ville de Remich","article_modified_time":"2023-03-10T08:22:57+00:00","og_image":[{"width":1520,"height":1920,"url":"https:\/\/bierger.remich.lu\/wp-content\/uploads\/sites\/3\/2022\/08\/2020-06-12-06.10.02-1-scaled-e1659946035591.jpg","type":"image\/jpeg"}],"twitter_card":"summary_large_image","twitter_misc":{"Est. reading time":"1 minute"},"schema":{"@context":"https:\/\/schema.org","@graph":[{"@type":"WebPage","@id":"https:\/\/bierger.remich.lu\/de\/services-au-citoyen\/francais-mobilite\/francais-navette\/","url":"https:\/\/bierger.remich.lu\/de\/services-au-citoyen\/francais-mobilite\/francais-navette\/","name":"Navette - Ville de Remich","isPartOf":{"@id":"https:\/\/bierger.remich.lu\/de\/#website"},"primaryImageOfPage":{"@id":"https:\/\/bierger.remich.lu\/de\/services-au-citoyen\/francais-mobilite\/francais-navette\/#primaryimage"},"image":{"@id":"https:\/\/bierger.remich.lu\/de\/services-au-citoyen\/francais-mobilite\/francais-navette\/#primaryimage"},"thumbnailUrl":"https:\/\/bierger.remich.lu\/wp-content\/uploads\/sites\/3\/2022\/08\/2020-06-12-06.10.02-1-scaled-e1659946035591.jpg","datePublished":"2016-08-30T14:01:32+00:00","dateModified":"2023-03-10T08:22:57+00:00","breadcrumb":{"@id":"https:\/\/bierger.remich.lu\/de\/services-au-citoyen\/francais-mobilite\/francais-navette\/#breadcrumb"},"inLanguage":"lb-LU","potentialAction":[{"@type":"ReadAction","target":["https:\/\/bierger.remich.lu\/de\/services-au-citoyen\/francais-mobilite\/francais-navette\/"]}]},{"@type":"ImageObject","inLanguage":"lb-LU","@id":"https:\/\/bierger.remich.lu\/de\/services-au-citoyen\/francais-mobilite\/francais-navette\/#primaryimage","url":"https:\/\/bierger.remich.lu\/wp-content\/uploads\/sites\/3\/2022\/08\/2020-06-12-06.10.02-1-scaled-e1659946035591.jpg","contentUrl":"https:\/\/bierger.remich.lu\/wp-content\/uploads\/sites\/3\/2022\/08\/2020-06-12-06.10.02-1-scaled-e1659946035591.jpg","width":1520,"height":1920},{"@type":"BreadcrumbList","@id":"https:\/\/bierger.remich.lu\/de\/services-au-citoyen\/francais-mobilite\/francais-navette\/#breadcrumb","itemListElement":[{"@type":"ListItem","position":1,"name":"Startseite","item":"https:\/\/bierger.remich.lu\/de\/"},{"@type":"ListItem","position":2,"name":"B\u00fcrgerdienste","item":"https:\/\/bierger.remich.lu\/de\/services-au-citoyen\/"},{"@type":"ListItem","position":3,"name":"Mobilit\u00e4t","item":"https:\/\/bierger.remich.lu\/de\/services-au-citoyen\/francais-mobilite\/"},{"@type":"ListItem","position":4,"name":"Pendelbus"}]},{"@type":"WebSite","@id":"https:\/\/bierger.remich.lu\/de\/#website","url":"https:\/\/bierger.remich.lu\/de\/","name":"Ville de Remich","description":"","potentialAction":[{"@type":"SearchAction","target":{"@type":"EntryPoint","urlTemplate":"https:\/\/bierger.remich.lu\/de\/?s={search_term_string}"},"query-input":{"@type":"PropertyValueSpecification","valueRequired":true,"valueName":"search_term_string"}}],"inLanguage":"lb-LU"}]}},"_links":{"self":[{"href":"https:\/\/bierger.remich.lu\/lb\/wp-json\/wp\/v2\/pages\/144","targetHints":{"allow":["GET"]}}],"collection":[{"href":"https:\/\/bierger.remich.lu\/lb\/wp-json\/wp\/v2\/pages"}],"about":[{"href":"https:\/\/bierger.remich.lu\/lb\/wp-json\/wp\/v2\/types\/page"}],"author":[{"embeddable":true,"href":"https:\/\/bierger.remich.lu\/lb\/wp-json\/wp\/v2\/users\/1"}],"replies":[{"embeddable":true,"href":"https:\/\/bierger.remich.lu\/lb\/wp-json\/wp\/v2\/comments?post=144"}],"version-history":[{"count":13,"href":"https:\/\/bierger.remich.lu\/lb\/wp-json\/wp\/v2\/pages\/144\/revisions"}],"predecessor-version":[{"id":12003,"href":"https:\/\/bierger.remich.lu\/lb\/wp-json\/wp\/v2\/pages\/144\/revisions\/12003"}],"up":[{"embeddable":true,"href":"https:\/\/bierger.remich.lu\/lb\/wp-json\/wp\/v2\/pages\/70"}],"wp:featuredmedia":[{"embeddable":true,"href":"https:\/\/bierger.remich.lu\/lb\/wp-json\/wp\/v2\/media\/10872"}],"wp:attachment":[{"href":"https:\/\/bierger.remich.lu\/lb\/wp-json\/wp\/v2\/media?parent=144"}],"curies":[{"name":"wp","href":"https:\/\/api.w.org\/{rel}","templated":true}]}}