{"id":146,"date":"2016-08-30T14:01:43","date_gmt":"2016-08-30T14:01:43","guid":{"rendered":"http:\/\/reimech.lu\/?page_id=146"},"modified":"2026-02-23T16:10:34","modified_gmt":"2026-02-23T15:10:34","slug":"francais-nightlifebus","status":"publish","type":"page","link":"https:\/\/bierger.remich.lu\/lb\/services-au-citoyen\/francais-mobilite\/francais-nightlifebus\/","title":{"rendered":"Nightlifebus"},"content":{"rendered":"<img loading=\"lazy\" decoding=\"async\" class=\"alignnone wp-image-19212 \" src=\"https:\/\/bierger.remich.lu\/wp-content\/uploads\/sites\/3\/2026\/02\/Banner-Horaires-Remich-1024x293.png\" alt=\"\" width=\"930\" height=\"266\" srcset=\"https:\/\/bierger.remich.lu\/wp-content\/uploads\/sites\/3\/2026\/02\/Banner-Horaires-Remich-1024x293.png 1024w, https:\/\/bierger.remich.lu\/wp-content\/uploads\/sites\/3\/2026\/02\/Banner-Horaires-Remich-300x86.png 300w, https:\/\/bierger.remich.lu\/wp-content\/uploads\/sites\/3\/2026\/02\/Banner-Horaires-Remich.png 1683w\" sizes=\"auto, (max-width: 930px) 100vw, 930px\" \/><\/p>\n<p>Bleift mobil ouni Restriktiounen a Suergen iwwer Parkplazen oder Protokoller.<\/p>\n<p>Den Nightlife-Bus ass e gratis Service fir jonk Leit a Leit d\u00e9i sech nach jonk fillen.<\/p>\n<p>De Bus fiert all Freideg a Samschdeg follgend Uertschaften un: L\u00ebtzebuerg-Waldbredimus-Bous-Remich-Stadtbredimus-Greiveldange.<\/p>\n<p>Haltestellen, d\u00e9i mat d\u00ebsem Symbol * mark\u00e9iert sinn, ginn n\u00ebmmen op Ufro beim Buschauffer ugefuer.<\/p>\n<p>Benotzt w.e.g. d&#8217;RGTR-Linne fir den Aller-Trajet.","protected":false},"excerpt":{"rendered":"<p>Bleift mobil ouni Restriktiounen a Suergen iwwer Parkplazen oder Protokoller. Den Nightlife-Bus ass e gratis Service fir jonk Leit a Leit d\u00e9i sech nach jonk fillen. De Bus fiert all Freideg a Samschdeg follgend Uertschaften un: L\u00ebtzebuerg-Waldbredimus-Bous-Remich-Stadtbredimus-Greiveldange. Haltestellen, d\u00e9i mat d\u00ebsem Symbol * mark\u00e9iert sinn, ginn n\u00ebmmen op Ufro beim Buschauffer ugefuer. Benotzt w.e.g. d&#8217;RGTR-Linne&#8230;  <a class=\"excerpt-read-more\" href=\"https:\/\/bierger.remich.lu\/lb\/services-au-citoyen\/francais-mobilite\/francais-nightlifebus\/\" title=\"ReadNightlifebus\">Read more &raquo;<\/a><\/p>\n","protected":false},"author":1,"featured_media":8185,"parent":70,"menu_order":57,"comment_status":"closed","ping_status":"closed","template":"","meta":{"_acf_changed":false,"xn-wppe-expiration":[],"xn-wppe-expiration-action":[],"xn-wppe-expiration-prefix":[],"footnotes":"","_links_to":"","_links_to_target":""},"class_list":["post-146","page","type-page","status-publish","has-post-thumbnail","hentry"],"acf":[],"yoast_head":"<!-- This site is optimized with the Yoast SEO plugin v26.7 - https:\/\/yoast.com\/wordpress\/plugins\/seo\/ -->\n<title>Nightlifebus - Ville de Remich<\/title>\n<meta name=\"robots\" content=\"index, follow, max-snippet:-1, max-image-preview:large, max-video-preview:-1\" \/>\n<link rel=\"canonical\" href=\"https:\/\/bierger.remich.lu\/services-au-citoyen\/francais-mobilite\/francais-nightlifebus\/\" \/>\n<meta property=\"og:locale\" content=\"en_US\" \/>\n<meta property=\"og:type\" content=\"article\" \/>\n<meta property=\"og:title\" content=\"Nightlifebus - Ville de Remich\" \/>\n<meta property=\"og:description\" content=\"Bleift mobil ouni Restriktiounen a Suergen iwwer Parkplazen oder Protokoller. Den Nightlife-Bus ass e gratis Service fir jonk Leit a Leit d\u00e9i sech nach jonk fillen. De Bus fiert all Freideg a Samschdeg follgend Uertschaften un: L\u00ebtzebuerg-Waldbredimus-Bous-Remich-Stadtbredimus-Greiveldange. Haltestellen, d\u00e9i mat d\u00ebsem Symbol * mark\u00e9iert sinn, ginn n\u00ebmmen op Ufro beim Buschauffer ugefuer. Benotzt w.e.g. d&#8217;RGTR-Linne... Read more &raquo;\" \/>\n<meta property=\"og:url\" content=\"https:\/\/bierger.remich.lu\/services-au-citoyen\/francais-mobilite\/francais-nightlifebus\/\" \/>\n<meta property=\"og:site_name\" content=\"Ville de Remich\" \/>\n<meta property=\"article:modified_time\" content=\"2026-02-23T15:10:34+00:00\" \/>\n<meta property=\"og:image\" content=\"https:\/\/bierger.remich.lu\/wp-content\/uploads\/sites\/3\/2022\/01\/osman-rana-190412-scaled.jpg\" \/>\n\t<meta property=\"og:image:width\" content=\"2560\" \/>\n\t<meta property=\"og:image:height\" content=\"1707\" \/>\n\t<meta property=\"og:image:type\" content=\"image\/jpeg\" \/>\n<meta name=\"twitter:card\" content=\"summary_large_image\" \/>\n<meta name=\"twitter:label1\" content=\"Est. reading time\" \/>\n\t<meta name=\"twitter:data1\" content=\"1 minute\" \/>\n<script type=\"application\/ld+json\" class=\"yoast-schema-graph\">{\"@context\":\"https:\/\/schema.org\",\"@graph\":[{\"@type\":\"WebPage\",\"@id\":\"https:\/\/bierger.remich.lu\/services-au-citoyen\/francais-mobilite\/francais-nightlifebus\/\",\"url\":\"https:\/\/bierger.remich.lu\/services-au-citoyen\/francais-mobilite\/francais-nightlifebus\/\",\"name\":\"Nightlifebus - Ville de Remich\",\"isPartOf\":{\"@id\":\"https:\/\/bierger.remich.lu\/de\/#website\"},\"primaryImageOfPage\":{\"@id\":\"https:\/\/bierger.remich.lu\/services-au-citoyen\/francais-mobilite\/francais-nightlifebus\/#primaryimage\"},\"image\":{\"@id\":\"https:\/\/bierger.remich.lu\/services-au-citoyen\/francais-mobilite\/francais-nightlifebus\/#primaryimage\"},\"thumbnailUrl\":\"https:\/\/bierger.remich.lu\/wp-content\/uploads\/sites\/3\/2022\/01\/osman-rana-190412-scaled.jpg\",\"datePublished\":\"2016-08-30T14:01:43+00:00\",\"dateModified\":\"2026-02-23T15:10:34+00:00\",\"breadcrumb\":{\"@id\":\"https:\/\/bierger.remich.lu\/services-au-citoyen\/francais-mobilite\/francais-nightlifebus\/#breadcrumb\"},\"inLanguage\":\"lb-LU\",\"potentialAction\":[{\"@type\":\"ReadAction\",\"target\":[\"https:\/\/bierger.remich.lu\/services-au-citoyen\/francais-mobilite\/francais-nightlifebus\/\"]}]},{\"@type\":\"ImageObject\",\"inLanguage\":\"lb-LU\",\"@id\":\"https:\/\/bierger.remich.lu\/services-au-citoyen\/francais-mobilite\/francais-nightlifebus\/#primaryimage\",\"url\":\"https:\/\/bierger.remich.lu\/wp-content\/uploads\/sites\/3\/2022\/01\/osman-rana-190412-scaled.jpg\",\"contentUrl\":\"https:\/\/bierger.remich.lu\/wp-content\/uploads\/sites\/3\/2022\/01\/osman-rana-190412-scaled.jpg\",\"width\":2560,\"height\":1707},{\"@type\":\"BreadcrumbList\",\"@id\":\"https:\/\/bierger.remich.lu\/services-au-citoyen\/francais-mobilite\/francais-nightlifebus\/#breadcrumb\",\"itemListElement\":[{\"@type\":\"ListItem\",\"position\":1,\"name\":\"Startseite\",\"item\":\"https:\/\/bierger.remich.lu\/de\/\"},{\"@type\":\"ListItem\",\"position\":2,\"name\":\"B\u00fcrgerdienste\",\"item\":\"https:\/\/bierger.remich.lu\/de\/services-au-citoyen\/\"},{\"@type\":\"ListItem\",\"position\":3,\"name\":\"Mobilit\u00e4t\",\"item\":\"https:\/\/bierger.remich.lu\/de\/services-au-citoyen\/francais-mobilite\/\"},{\"@type\":\"ListItem\",\"position\":4,\"name\":\"Nightlifebus\"}]},{\"@type\":\"WebSite\",\"@id\":\"https:\/\/bierger.remich.lu\/de\/#website\",\"url\":\"https:\/\/bierger.remich.lu\/de\/\",\"name\":\"Ville de Remich\",\"description\":\"\",\"potentialAction\":[{\"@type\":\"SearchAction\",\"target\":{\"@type\":\"EntryPoint\",\"urlTemplate\":\"https:\/\/bierger.remich.lu\/de\/?s={search_term_string}\"},\"query-input\":{\"@type\":\"PropertyValueSpecification\",\"valueRequired\":true,\"valueName\":\"search_term_string\"}}],\"inLanguage\":\"lb-LU\"}]}<\/script>\n<!-- \/ Yoast SEO plugin. -->","yoast_head_json":{"title":"Nightlifebus - Ville de Remich","robots":{"index":"index","follow":"follow","max-snippet":"max-snippet:-1","max-image-preview":"max-image-preview:large","max-video-preview":"max-video-preview:-1"},"canonical":"https:\/\/bierger.remich.lu\/services-au-citoyen\/francais-mobilite\/francais-nightlifebus\/","og_locale":"en_US","og_type":"article","og_title":"Nightlifebus - Ville de Remich","og_description":"Bleift mobil ouni Restriktiounen a Suergen iwwer Parkplazen oder Protokoller. Den Nightlife-Bus ass e gratis Service fir jonk Leit a Leit d\u00e9i sech nach jonk fillen. De Bus fiert all Freideg a Samschdeg follgend Uertschaften un: L\u00ebtzebuerg-Waldbredimus-Bous-Remich-Stadtbredimus-Greiveldange. Haltestellen, d\u00e9i mat d\u00ebsem Symbol * mark\u00e9iert sinn, ginn n\u00ebmmen op Ufro beim Buschauffer ugefuer. Benotzt w.e.g. d&#8217;RGTR-Linne... Read more &raquo;","og_url":"https:\/\/bierger.remich.lu\/services-au-citoyen\/francais-mobilite\/francais-nightlifebus\/","og_site_name":"Ville de Remich","article_modified_time":"2026-02-23T15:10:34+00:00","og_image":[{"width":2560,"height":1707,"url":"https:\/\/bierger.remich.lu\/wp-content\/uploads\/sites\/3\/2022\/01\/osman-rana-190412-scaled.jpg","type":"image\/jpeg"}],"twitter_card":"summary_large_image","twitter_misc":{"Est. reading time":"1 minute"},"schema":{"@context":"https:\/\/schema.org","@graph":[{"@type":"WebPage","@id":"https:\/\/bierger.remich.lu\/services-au-citoyen\/francais-mobilite\/francais-nightlifebus\/","url":"https:\/\/bierger.remich.lu\/services-au-citoyen\/francais-mobilite\/francais-nightlifebus\/","name":"Nightlifebus - Ville de Remich","isPartOf":{"@id":"https:\/\/bierger.remich.lu\/de\/#website"},"primaryImageOfPage":{"@id":"https:\/\/bierger.remich.lu\/services-au-citoyen\/francais-mobilite\/francais-nightlifebus\/#primaryimage"},"image":{"@id":"https:\/\/bierger.remich.lu\/services-au-citoyen\/francais-mobilite\/francais-nightlifebus\/#primaryimage"},"thumbnailUrl":"https:\/\/bierger.remich.lu\/wp-content\/uploads\/sites\/3\/2022\/01\/osman-rana-190412-scaled.jpg","datePublished":"2016-08-30T14:01:43+00:00","dateModified":"2026-02-23T15:10:34+00:00","breadcrumb":{"@id":"https:\/\/bierger.remich.lu\/services-au-citoyen\/francais-mobilite\/francais-nightlifebus\/#breadcrumb"},"inLanguage":"lb-LU","potentialAction":[{"@type":"ReadAction","target":["https:\/\/bierger.remich.lu\/services-au-citoyen\/francais-mobilite\/francais-nightlifebus\/"]}]},{"@type":"ImageObject","inLanguage":"lb-LU","@id":"https:\/\/bierger.remich.lu\/services-au-citoyen\/francais-mobilite\/francais-nightlifebus\/#primaryimage","url":"https:\/\/bierger.remich.lu\/wp-content\/uploads\/sites\/3\/2022\/01\/osman-rana-190412-scaled.jpg","contentUrl":"https:\/\/bierger.remich.lu\/wp-content\/uploads\/sites\/3\/2022\/01\/osman-rana-190412-scaled.jpg","width":2560,"height":1707},{"@type":"BreadcrumbList","@id":"https:\/\/bierger.remich.lu\/services-au-citoyen\/francais-mobilite\/francais-nightlifebus\/#breadcrumb","itemListElement":[{"@type":"ListItem","position":1,"name":"Startseite","item":"https:\/\/bierger.remich.lu\/de\/"},{"@type":"ListItem","position":2,"name":"B\u00fcrgerdienste","item":"https:\/\/bierger.remich.lu\/de\/services-au-citoyen\/"},{"@type":"ListItem","position":3,"name":"Mobilit\u00e4t","item":"https:\/\/bierger.remich.lu\/de\/services-au-citoyen\/francais-mobilite\/"},{"@type":"ListItem","position":4,"name":"Nightlifebus"}]},{"@type":"WebSite","@id":"https:\/\/bierger.remich.lu\/de\/#website","url":"https:\/\/bierger.remich.lu\/de\/","name":"Ville de Remich","description":"","potentialAction":[{"@type":"SearchAction","target":{"@type":"EntryPoint","urlTemplate":"https:\/\/bierger.remich.lu\/de\/?s={search_term_string}"},"query-input":{"@type":"PropertyValueSpecification","valueRequired":true,"valueName":"search_term_string"}}],"inLanguage":"lb-LU"}]}},"_links":{"self":[{"href":"https:\/\/bierger.remich.lu\/lb\/wp-json\/wp\/v2\/pages\/146","targetHints":{"allow":["GET"]}}],"collection":[{"href":"https:\/\/bierger.remich.lu\/lb\/wp-json\/wp\/v2\/pages"}],"about":[{"href":"https:\/\/bierger.remich.lu\/lb\/wp-json\/wp\/v2\/types\/page"}],"author":[{"embeddable":true,"href":"https:\/\/bierger.remich.lu\/lb\/wp-json\/wp\/v2\/users\/1"}],"replies":[{"embeddable":true,"href":"https:\/\/bierger.remich.lu\/lb\/wp-json\/wp\/v2\/comments?post=146"}],"version-history":[{"count":21,"href":"https:\/\/bierger.remich.lu\/lb\/wp-json\/wp\/v2\/pages\/146\/revisions"}],"predecessor-version":[{"id":19218,"href":"https:\/\/bierger.remich.lu\/lb\/wp-json\/wp\/v2\/pages\/146\/revisions\/19218"}],"up":[{"embeddable":true,"href":"https:\/\/bierger.remich.lu\/lb\/wp-json\/wp\/v2\/pages\/70"}],"wp:featuredmedia":[{"embeddable":true,"href":"https:\/\/bierger.remich.lu\/lb\/wp-json\/wp\/v2\/media\/8185"}],"wp:attachment":[{"href":"https:\/\/bierger.remich.lu\/lb\/wp-json\/wp\/v2\/media?parent=146"}],"curies":[{"name":"wp","href":"https:\/\/api.w.org\/{rel}","templated":true}]}}