{"id":14632,"date":"2024-07-29T11:49:49","date_gmt":"2024-07-29T09:49:49","guid":{"rendered":"https:\/\/bierger.remich.lu\/?page_id=14632"},"modified":"2024-10-03T11:24:01","modified_gmt":"2024-10-03T09:24:01","slug":"ladestation-fur-e-bikes-co","status":"publish","type":"page","link":"https:\/\/bierger.remich.lu\/lb\/services-au-citoyen\/francais-mobilite\/ladestation-fur-e-bikes-co\/","title":{"rendered":"Luedstatioun fir E-bike &amp; Co."},"content":{"rendered":"De Modell Sun &amp; Wind ass eng netzonofh\u00e4ngeg Luedstatioun. Duerch en integr\u00e9ierte Solarmodul an eng effizient Wandturbinn kann d\u00ebs Luedstatioun onofh\u00e4ngeg vun de Wiederkonditiounen Strom produz\u00e9ieren a sp\u00e4icheren.<\/p>\n<p>D&#8217;Benotzen ass ganz einfach:<\/p>\n<ul>\n<li>dr\u00e9ckt op de gr\u00e9nge Kn\u00e4ppchen\ud83d\udfe2<\/li>\n<li>\u00a0soubal d\u00e9i gr\u00e9ng Luucht ugeet k\u00ebnnt Dir 1 Stonn laang \u00c4r Ger\u00e4ter gratis lueden<\/li>\n<\/ul>\n<img loading=\"lazy\" decoding=\"async\" class=\"alignnone size-medium wp-image-14627\" src=\"https:\/\/bierger.remich.lu\/wp-content\/uploads\/sites\/3\/2024\/07\/IMG_1500-scaled-225x300.jpg\" alt=\"\" width=\"225\" height=\"300\" srcset=\"https:\/\/bierger.remich.lu\/wp-content\/uploads\/sites\/3\/2024\/07\/IMG_1500-scaled-225x300.jpg 225w, https:\/\/bierger.remich.lu\/wp-content\/uploads\/sites\/3\/2024\/07\/IMG_1500-scaled-768x1024.jpg 768w, https:\/\/bierger.remich.lu\/wp-content\/uploads\/sites\/3\/2024\/07\/IMG_1500-scaled.jpg 1920w\" sizes=\"auto, (max-width: 225px) 100vw, 225px\" \/>\u00a0 <img loading=\"lazy\" decoding=\"async\" class=\"alignnone size-medium wp-image-14628\" src=\"https:\/\/bierger.remich.lu\/wp-content\/uploads\/sites\/3\/2024\/07\/IMG_1501-scaled-225x300.jpg\" alt=\"\" width=\"225\" height=\"300\" srcset=\"https:\/\/bierger.remich.lu\/wp-content\/uploads\/sites\/3\/2024\/07\/IMG_1501-scaled-225x300.jpg 225w, https:\/\/bierger.remich.lu\/wp-content\/uploads\/sites\/3\/2024\/07\/IMG_1501-scaled-768x1024.jpg 768w, https:\/\/bierger.remich.lu\/wp-content\/uploads\/sites\/3\/2024\/07\/IMG_1501-scaled.jpg 1920w\" sizes=\"auto, (max-width: 225px) 100vw, 225px\" \/>\u00a0 <img loading=\"lazy\" decoding=\"async\" class=\"alignnone size-medium wp-image-14629\" src=\"https:\/\/bierger.remich.lu\/wp-content\/uploads\/sites\/3\/2024\/07\/IMG_1503-scaled-225x300.jpg\" alt=\"\" width=\"225\" height=\"300\" srcset=\"https:\/\/bierger.remich.lu\/wp-content\/uploads\/sites\/3\/2024\/07\/IMG_1503-scaled-225x300.jpg 225w, https:\/\/bierger.remich.lu\/wp-content\/uploads\/sites\/3\/2024\/07\/IMG_1503-scaled-768x1024.jpg 768w, https:\/\/bierger.remich.lu\/wp-content\/uploads\/sites\/3\/2024\/07\/IMG_1503-scaled.jpg 1920w\" sizes=\"auto, (max-width: 225px) 100vw, 225px\" \/>\u00a0 <img loading=\"lazy\" decoding=\"async\" class=\"alignnone size-medium wp-image-14630\" src=\"https:\/\/bierger.remich.lu\/wp-content\/uploads\/sites\/3\/2024\/07\/IMG_1505-scaled-225x300.jpg\" alt=\"\" width=\"225\" height=\"300\" srcset=\"https:\/\/bierger.remich.lu\/wp-content\/uploads\/sites\/3\/2024\/07\/IMG_1505-scaled-225x300.jpg 225w, https:\/\/bierger.remich.lu\/wp-content\/uploads\/sites\/3\/2024\/07\/IMG_1505-scaled-768x1024.jpg 768w, https:\/\/bierger.remich.lu\/wp-content\/uploads\/sites\/3\/2024\/07\/IMG_1505-scaled.jpg 1920w\" sizes=\"auto, (max-width: 225px) 100vw, 225px\" \/>\n<p>\u2139\ufe0f lueden iwwer normale Stecker oder USB-Uschloss m\u00e9iglech","protected":false},"excerpt":{"rendered":"<p>De Modell Sun &amp; Wind ass eng netzonofh\u00e4ngeg Luedstatioun. Duerch en integr\u00e9ierte Solarmodul an eng effizient Wandturbinn kann d\u00ebs Luedstatioun onofh\u00e4ngeg vun de Wiederkonditiounen Strom produz\u00e9ieren a sp\u00e4icheren. D&#8217;Benotzen ass ganz einfach: dr\u00e9ckt op de gr\u00e9nge Kn\u00e4ppchen\ud83d\udfe2 \u00a0soubal d\u00e9i gr\u00e9ng Luucht ugeet k\u00ebnnt Dir 1 Stonn laang \u00c4r Ger\u00e4ter gratis lueden \u00a0 \u00a0 \u00a0 \u2139\ufe0f&#8230;  <a class=\"excerpt-read-more\" href=\"https:\/\/bierger.remich.lu\/lb\/services-au-citoyen\/francais-mobilite\/ladestation-fur-e-bikes-co\/\" title=\"ReadLuedstatioun fir E-bike &amp; Co.\">Read more &raquo;<\/a><\/p>\n","protected":false},"author":4,"featured_media":0,"parent":70,"menu_order":52,"comment_status":"closed","ping_status":"closed","template":"","meta":{"_acf_changed":false,"xn-wppe-expiration":[],"xn-wppe-expiration-action":[],"xn-wppe-expiration-prefix":[],"footnotes":"","_links_to":"","_links_to_target":""},"class_list":["post-14632","page","type-page","status-publish","hentry","keyword-eau"],"acf":[],"yoast_head":"<!-- This site is optimized with the Yoast SEO plugin v26.7 - https:\/\/yoast.com\/wordpress\/plugins\/seo\/ -->\n<title>Luedstatioun fir E-bike &amp; Co. - Ville de Remich<\/title>\n<meta name=\"robots\" content=\"index, follow, max-snippet:-1, max-image-preview:large, max-video-preview:-1\" \/>\n<link rel=\"canonical\" href=\"https:\/\/bierger.remich.lu\/de\/services-au-citoyen\/francais-mobilite\/ladestation-fur-e-bikes-co\/\" \/>\n<meta property=\"og:locale\" content=\"en_US\" \/>\n<meta property=\"og:type\" content=\"article\" \/>\n<meta property=\"og:title\" content=\"Luedstatioun fir E-bike &amp; Co. - Ville de Remich\" \/>\n<meta property=\"og:description\" content=\"De Modell Sun &amp; Wind ass eng netzonofh\u00e4ngeg Luedstatioun. Duerch en integr\u00e9ierte Solarmodul an eng effizient Wandturbinn kann d\u00ebs Luedstatioun onofh\u00e4ngeg vun de Wiederkonditiounen Strom produz\u00e9ieren a sp\u00e4icheren. D&#8217;Benotzen ass ganz einfach: dr\u00e9ckt op de gr\u00e9nge Kn\u00e4ppchen\ud83d\udfe2 \u00a0soubal d\u00e9i gr\u00e9ng Luucht ugeet k\u00ebnnt Dir 1 Stonn laang \u00c4r Ger\u00e4ter gratis lueden \u00a0 \u00a0 \u00a0 \u2139\ufe0f... Read more &raquo;\" \/>\n<meta property=\"og:url\" content=\"https:\/\/bierger.remich.lu\/de\/services-au-citoyen\/francais-mobilite\/ladestation-fur-e-bikes-co\/\" \/>\n<meta property=\"og:site_name\" content=\"Ville de Remich\" \/>\n<meta property=\"article:modified_time\" content=\"2024-10-03T09:24:01+00:00\" \/>\n<meta property=\"og:image\" content=\"https:\/\/bierger.remich.lu\/wp-content\/uploads\/sites\/3\/2024\/07\/IMG_1500-scaled-225x300.jpg\" \/>\n<meta name=\"twitter:card\" content=\"summary_large_image\" \/>\n<meta name=\"twitter:label1\" content=\"Est. reading time\" \/>\n\t<meta name=\"twitter:data1\" content=\"2 minutes\" \/>\n<script type=\"application\/ld+json\" class=\"yoast-schema-graph\">{\"@context\":\"https:\/\/schema.org\",\"@graph\":[{\"@type\":\"WebPage\",\"@id\":\"https:\/\/bierger.remich.lu\/de\/services-au-citoyen\/francais-mobilite\/ladestation-fur-e-bikes-co\/\",\"url\":\"https:\/\/bierger.remich.lu\/de\/services-au-citoyen\/francais-mobilite\/ladestation-fur-e-bikes-co\/\",\"name\":\"Luedstatioun fir E-bike &amp; Co. - Ville de Remich\",\"isPartOf\":{\"@id\":\"https:\/\/bierger.remich.lu\/de\/#website\"},\"primaryImageOfPage\":{\"@id\":\"https:\/\/bierger.remich.lu\/de\/services-au-citoyen\/francais-mobilite\/ladestation-fur-e-bikes-co\/#primaryimage\"},\"image\":{\"@id\":\"https:\/\/bierger.remich.lu\/de\/services-au-citoyen\/francais-mobilite\/ladestation-fur-e-bikes-co\/#primaryimage\"},\"thumbnailUrl\":\"https:\/\/bierger.remich.lu\/wp-content\/uploads\/sites\/3\/2024\/07\/IMG_1500-scaled-225x300.jpg\",\"datePublished\":\"2024-07-29T09:49:49+00:00\",\"dateModified\":\"2024-10-03T09:24:01+00:00\",\"breadcrumb\":{\"@id\":\"https:\/\/bierger.remich.lu\/de\/services-au-citoyen\/francais-mobilite\/ladestation-fur-e-bikes-co\/#breadcrumb\"},\"inLanguage\":\"lb-LU\",\"potentialAction\":[{\"@type\":\"ReadAction\",\"target\":[\"https:\/\/bierger.remich.lu\/de\/services-au-citoyen\/francais-mobilite\/ladestation-fur-e-bikes-co\/\"]}]},{\"@type\":\"ImageObject\",\"inLanguage\":\"lb-LU\",\"@id\":\"https:\/\/bierger.remich.lu\/de\/services-au-citoyen\/francais-mobilite\/ladestation-fur-e-bikes-co\/#primaryimage\",\"url\":\"https:\/\/bierger.remich.lu\/wp-content\/uploads\/sites\/3\/2024\/07\/IMG_1500-scaled-225x300.jpg\",\"contentUrl\":\"https:\/\/bierger.remich.lu\/wp-content\/uploads\/sites\/3\/2024\/07\/IMG_1500-scaled-225x300.jpg\"},{\"@type\":\"BreadcrumbList\",\"@id\":\"https:\/\/bierger.remich.lu\/de\/services-au-citoyen\/francais-mobilite\/ladestation-fur-e-bikes-co\/#breadcrumb\",\"itemListElement\":[{\"@type\":\"ListItem\",\"position\":1,\"name\":\"Startseite\",\"item\":\"https:\/\/bierger.remich.lu\/de\/\"},{\"@type\":\"ListItem\",\"position\":2,\"name\":\"B\u00fcrgerdienste\",\"item\":\"https:\/\/bierger.remich.lu\/de\/services-au-citoyen\/\"},{\"@type\":\"ListItem\",\"position\":3,\"name\":\"Mobilit\u00e4t\",\"item\":\"https:\/\/bierger.remich.lu\/de\/services-au-citoyen\/francais-mobilite\/\"},{\"@type\":\"ListItem\",\"position\":4,\"name\":\"Ladestation f\u00fcr E-bikes &amp; Co.\"}]},{\"@type\":\"WebSite\",\"@id\":\"https:\/\/bierger.remich.lu\/de\/#website\",\"url\":\"https:\/\/bierger.remich.lu\/de\/\",\"name\":\"Ville de Remich\",\"description\":\"\",\"potentialAction\":[{\"@type\":\"SearchAction\",\"target\":{\"@type\":\"EntryPoint\",\"urlTemplate\":\"https:\/\/bierger.remich.lu\/de\/?s={search_term_string}\"},\"query-input\":{\"@type\":\"PropertyValueSpecification\",\"valueRequired\":true,\"valueName\":\"search_term_string\"}}],\"inLanguage\":\"lb-LU\"}]}<\/script>\n<!-- \/ Yoast SEO plugin. -->","yoast_head_json":{"title":"Luedstatioun fir E-bike &amp; Co. - Ville de Remich","robots":{"index":"index","follow":"follow","max-snippet":"max-snippet:-1","max-image-preview":"max-image-preview:large","max-video-preview":"max-video-preview:-1"},"canonical":"https:\/\/bierger.remich.lu\/de\/services-au-citoyen\/francais-mobilite\/ladestation-fur-e-bikes-co\/","og_locale":"en_US","og_type":"article","og_title":"Luedstatioun fir E-bike &amp; Co. - Ville de Remich","og_description":"De Modell Sun &amp; Wind ass eng netzonofh\u00e4ngeg Luedstatioun. Duerch en integr\u00e9ierte Solarmodul an eng effizient Wandturbinn kann d\u00ebs Luedstatioun onofh\u00e4ngeg vun de Wiederkonditiounen Strom produz\u00e9ieren a sp\u00e4icheren. D&#8217;Benotzen ass ganz einfach: dr\u00e9ckt op de gr\u00e9nge Kn\u00e4ppchen\ud83d\udfe2 \u00a0soubal d\u00e9i gr\u00e9ng Luucht ugeet k\u00ebnnt Dir 1 Stonn laang \u00c4r Ger\u00e4ter gratis lueden \u00a0 \u00a0 \u00a0 \u2139\ufe0f... Read more &raquo;","og_url":"https:\/\/bierger.remich.lu\/de\/services-au-citoyen\/francais-mobilite\/ladestation-fur-e-bikes-co\/","og_site_name":"Ville de Remich","article_modified_time":"2024-10-03T09:24:01+00:00","og_image":[{"url":"https:\/\/bierger.remich.lu\/wp-content\/uploads\/sites\/3\/2024\/07\/IMG_1500-scaled-225x300.jpg","type":"","width":"","height":""}],"twitter_card":"summary_large_image","twitter_misc":{"Est. reading time":"2 minutes"},"schema":{"@context":"https:\/\/schema.org","@graph":[{"@type":"WebPage","@id":"https:\/\/bierger.remich.lu\/de\/services-au-citoyen\/francais-mobilite\/ladestation-fur-e-bikes-co\/","url":"https:\/\/bierger.remich.lu\/de\/services-au-citoyen\/francais-mobilite\/ladestation-fur-e-bikes-co\/","name":"Luedstatioun fir E-bike &amp; Co. - Ville de Remich","isPartOf":{"@id":"https:\/\/bierger.remich.lu\/de\/#website"},"primaryImageOfPage":{"@id":"https:\/\/bierger.remich.lu\/de\/services-au-citoyen\/francais-mobilite\/ladestation-fur-e-bikes-co\/#primaryimage"},"image":{"@id":"https:\/\/bierger.remich.lu\/de\/services-au-citoyen\/francais-mobilite\/ladestation-fur-e-bikes-co\/#primaryimage"},"thumbnailUrl":"https:\/\/bierger.remich.lu\/wp-content\/uploads\/sites\/3\/2024\/07\/IMG_1500-scaled-225x300.jpg","datePublished":"2024-07-29T09:49:49+00:00","dateModified":"2024-10-03T09:24:01+00:00","breadcrumb":{"@id":"https:\/\/bierger.remich.lu\/de\/services-au-citoyen\/francais-mobilite\/ladestation-fur-e-bikes-co\/#breadcrumb"},"inLanguage":"lb-LU","potentialAction":[{"@type":"ReadAction","target":["https:\/\/bierger.remich.lu\/de\/services-au-citoyen\/francais-mobilite\/ladestation-fur-e-bikes-co\/"]}]},{"@type":"ImageObject","inLanguage":"lb-LU","@id":"https:\/\/bierger.remich.lu\/de\/services-au-citoyen\/francais-mobilite\/ladestation-fur-e-bikes-co\/#primaryimage","url":"https:\/\/bierger.remich.lu\/wp-content\/uploads\/sites\/3\/2024\/07\/IMG_1500-scaled-225x300.jpg","contentUrl":"https:\/\/bierger.remich.lu\/wp-content\/uploads\/sites\/3\/2024\/07\/IMG_1500-scaled-225x300.jpg"},{"@type":"BreadcrumbList","@id":"https:\/\/bierger.remich.lu\/de\/services-au-citoyen\/francais-mobilite\/ladestation-fur-e-bikes-co\/#breadcrumb","itemListElement":[{"@type":"ListItem","position":1,"name":"Startseite","item":"https:\/\/bierger.remich.lu\/de\/"},{"@type":"ListItem","position":2,"name":"B\u00fcrgerdienste","item":"https:\/\/bierger.remich.lu\/de\/services-au-citoyen\/"},{"@type":"ListItem","position":3,"name":"Mobilit\u00e4t","item":"https:\/\/bierger.remich.lu\/de\/services-au-citoyen\/francais-mobilite\/"},{"@type":"ListItem","position":4,"name":"Ladestation f\u00fcr E-bikes &amp; Co."}]},{"@type":"WebSite","@id":"https:\/\/bierger.remich.lu\/de\/#website","url":"https:\/\/bierger.remich.lu\/de\/","name":"Ville de Remich","description":"","potentialAction":[{"@type":"SearchAction","target":{"@type":"EntryPoint","urlTemplate":"https:\/\/bierger.remich.lu\/de\/?s={search_term_string}"},"query-input":{"@type":"PropertyValueSpecification","valueRequired":true,"valueName":"search_term_string"}}],"inLanguage":"lb-LU"}]}},"_links":{"self":[{"href":"https:\/\/bierger.remich.lu\/lb\/wp-json\/wp\/v2\/pages\/14632","targetHints":{"allow":["GET"]}}],"collection":[{"href":"https:\/\/bierger.remich.lu\/lb\/wp-json\/wp\/v2\/pages"}],"about":[{"href":"https:\/\/bierger.remich.lu\/lb\/wp-json\/wp\/v2\/types\/page"}],"author":[{"embeddable":true,"href":"https:\/\/bierger.remich.lu\/lb\/wp-json\/wp\/v2\/users\/4"}],"replies":[{"embeddable":true,"href":"https:\/\/bierger.remich.lu\/lb\/wp-json\/wp\/v2\/comments?post=14632"}],"version-history":[{"count":3,"href":"https:\/\/bierger.remich.lu\/lb\/wp-json\/wp\/v2\/pages\/14632\/revisions"}],"predecessor-version":[{"id":14900,"href":"https:\/\/bierger.remich.lu\/lb\/wp-json\/wp\/v2\/pages\/14632\/revisions\/14900"}],"up":[{"embeddable":true,"href":"https:\/\/bierger.remich.lu\/lb\/wp-json\/wp\/v2\/pages\/70"}],"wp:attachment":[{"href":"https:\/\/bierger.remich.lu\/lb\/wp-json\/wp\/v2\/media?parent=14632"}],"curies":[{"name":"wp","href":"https:\/\/api.w.org\/{rel}","templated":true}]}}