{"id":1538,"date":"2017-07-26T13:52:57","date_gmt":"2017-07-26T12:52:57","guid":{"rendered":"http:\/\/reimech.lu\/?page_id=1538"},"modified":"2026-01-22T16:37:25","modified_gmt":"2026-01-22T15:37:25","slug":"energieberatung-myenergy","status":"publish","type":"page","link":"https:\/\/bierger.remich.lu\/lb\/ville-de-remich\/umwelt\/energieberatung-myenergy\/","title":{"rendered":"Energie-Berodung | Klima Agence"},"content":{"rendered":"<img loading=\"lazy\" decoding=\"async\" class=\"alignnone size-medium wp-image-12460\" src=\"https:\/\/bierger.remich.lu\/wp-content\/uploads\/sites\/3\/2023\/06\/KLIMAAGENCE_LOGO_RGB-300x195.png\" alt=\"\" width=\"300\" height=\"195\" srcset=\"https:\/\/bierger.remich.lu\/wp-content\/uploads\/sites\/3\/2023\/06\/KLIMAAGENCE_LOGO_RGB-300x195.png 300w, https:\/\/bierger.remich.lu\/wp-content\/uploads\/sites\/3\/2023\/06\/KLIMAAGENCE_LOGO_RGB-1024x667.png 1024w, https:\/\/bierger.remich.lu\/wp-content\/uploads\/sites\/3\/2023\/06\/KLIMAAGENCE_LOGO_RGB.png 1768w\" sizes=\"auto, (max-width: 300px) 100vw, 300px\" \/><\/p>\n<div><b><span lang=\"DE\">Gutt inform\u00e9iert sinn iwwert d&#8217;Energiekris an de Klimaschutz<\/span><\/b><\/div>\n<div>\n<p style=\"font-weight: 400\">D\u00e9i energeetesch Grondberodung ass neutral a gratis an erm\u00e9iglecht et Iech \u00c4re Projeten am Kader vun nohaltegem Wunnen an nohalteger Mobilit\u00e9it unzegoen. Esou kritt Dir zum Beispill gewise w\u00e9i Dir \u00c4r al Heizung duerch eng m\u00e9i \u00ebmweltfr\u00ebndlech L\u00e9isung ersetze k\u00ebnnt oder Stroum mat H\u00ebllef vun der Sonn k\u00ebnnt kre\u00e9ieren.<\/p>\n<p style=\"font-weight: 400\">Et ass eng Kooperatioun t\u00ebscht \u00c4rer Gemeng an der Klima-Agence, \u00c4rem Partner fir Energie- a Klimatheemen.<\/p>\n<p style=\"font-weight: 400\">D&#8217;Zil vun der Berodung ass et, Iech iwwer folgend Theemen ze inform\u00e9ieren, ze beroden an ze sensibilis\u00e9ieren:<\/p>\n<ul>\n<li>Energiespueren am Alldag;<\/li>\n<li>nohalteg an energeetesch Renov\u00e9ieren;<\/li>\n<li>nohalteg Bauen;<\/li>\n<li>Heizl\u00e9isungen fir \u00c4ert Doheem;<\/li>\n<li>erneierbar Energien;<\/li>\n<li>Kreatioun vu Stroum an Eegeverbrauch;<\/li>\n<li>elektresch Mobilit\u00e9it;<\/li>\n<li>den Energiepass;<\/li>\n<li>d\u00e9i verschiddeSubventiounen.<\/li>\n<\/ul>\n<img loading=\"lazy\" decoding=\"async\" class=\"alignnone size-medium wp-image-12556\" src=\"https:\/\/bierger.remich.lu\/wp-content\/uploads\/sites\/3\/2023\/07\/Rosace-pdf-300x257.jpg\" alt=\"\" width=\"300\" height=\"257\" srcset=\"https:\/\/bierger.remich.lu\/wp-content\/uploads\/sites\/3\/2023\/07\/Rosace-pdf-300x257.jpg 300w, https:\/\/bierger.remich.lu\/wp-content\/uploads\/sites\/3\/2023\/07\/Rosace-pdf-1024x878.jpg 1024w, https:\/\/bierger.remich.lu\/wp-content\/uploads\/sites\/3\/2023\/07\/Rosace-pdf.jpg 1240w\" sizes=\"auto, (max-width: 300px) 100vw, 300px\" \/>\n<p style=\"font-weight: 400\"><strong>\u00c4re personalis\u00e9ierten Energiecheck op Rendezvous<\/strong><\/p>\n<p style=\"font-weight: 400\">D\u00e9i pers\u00e9inlech Engeriegrondberodung ass entweder direkt bei Iech doheem (just bei Renov\u00e9ierungsprojeten) oder iwwer Videokonferenz, resp. Telefon op entweder l\u00ebtzebuergesch, d\u00e4itsch, frans\u00e9isch oder englesch. D&#8217;K\u00e4schte gi vun der Klima-Agence an \u00c4rer Gemenge iwwerholl.<\/p>\n<p style=\"font-weight: 400\"><a href=\"https:\/\/www.klima-agence.lu\/de\/termin\"><strong>Huelt Iech nach haut e Rendezvous!<\/strong><\/a><\/p>\n<img loading=\"lazy\" decoding=\"async\" class=\"alignnone size-medium wp-image-12561\" src=\"https:\/\/bierger.remich.lu\/wp-content\/uploads\/sites\/3\/2023\/07\/Hotline-Klima-Agence-300x153.jpg\" alt=\"\" width=\"300\" height=\"153\" srcset=\"https:\/\/bierger.remich.lu\/wp-content\/uploads\/sites\/3\/2023\/07\/Hotline-Klima-Agence-300x153.jpg 300w, https:\/\/bierger.remich.lu\/wp-content\/uploads\/sites\/3\/2023\/07\/Hotline-Klima-Agence.jpg 798w\" sizes=\"auto, (max-width: 300px) 100vw, 300px\" \/>\n<h3>Weider Themen:<\/h3>\n<ul>\n<li>\n<p style=\"font-weight: 400\"><a href=\"https:\/\/bierger.remich.lu\/lb\/2023\/07\/24\/wie-waere-es-wenn-sie-energie-erzeugen-koennten-mit-der-sonne-und-auf-ihrem-balkon\/\">W\u00e9i wier wann Dir k\u00e9int Energie hierstellen &#8230; mat der Sonn an op \u00c4rem Balcon?<\/a><\/p>\n<\/li>\n<\/ul>\n<\/div>","protected":false},"excerpt":{"rendered":"<p>Gutt inform\u00e9iert sinn iwwert d&#8217;Energiekris an de Klimaschutz D\u00e9i energeetesch Grondberodung ass neutral a gratis an erm\u00e9iglecht et Iech \u00c4re Projeten am Kader vun nohaltegem Wunnen an nohalteger Mobilit\u00e9it unzegoen. Esou kritt Dir zum Beispill gewise w\u00e9i Dir \u00c4r al Heizung duerch eng m\u00e9i \u00ebmweltfr\u00ebndlech L\u00e9isung ersetze k\u00ebnnt oder Stroum mat H\u00ebllef vun der Sonn&#8230;  <a class=\"excerpt-read-more\" href=\"https:\/\/bierger.remich.lu\/lb\/ville-de-remich\/umwelt\/energieberatung-myenergy\/\" title=\"ReadEnergie-Berodung | Klima Agence\">Read more &raquo;<\/a><\/p>\n","protected":false},"author":4,"featured_media":2044,"parent":50,"menu_order":3,"comment_status":"closed","ping_status":"closed","template":"","meta":{"_acf_changed":false,"xn-wppe-expiration":[],"xn-wppe-expiration-action":[],"xn-wppe-expiration-prefix":[],"footnotes":"","_links_to":"","_links_to_target":""},"class_list":["post-1538","page","type-page","status-publish","has-post-thumbnail","hentry","keyword-energie","keyword-conseil-energie"],"acf":[],"yoast_head":"<!-- This site is optimized with the Yoast SEO plugin v26.7 - https:\/\/yoast.com\/wordpress\/plugins\/seo\/ -->\n<title>Energie-Berodung | Klima Agence - Ville de Remich<\/title>\n<meta name=\"robots\" content=\"index, follow, max-snippet:-1, max-image-preview:large, max-video-preview:-1\" \/>\n<link rel=\"canonical\" href=\"https:\/\/bierger.remich.lu\/ville-de-remich\/umwelt\/energieberatung-myenergy\/\" \/>\n<meta property=\"og:locale\" content=\"en_US\" \/>\n<meta property=\"og:type\" content=\"article\" \/>\n<meta property=\"og:title\" content=\"Energie-Berodung | Klima Agence - Ville de Remich\" \/>\n<meta property=\"og:description\" content=\"Gutt inform\u00e9iert sinn iwwert d&#8217;Energiekris an de Klimaschutz D\u00e9i energeetesch Grondberodung ass neutral a gratis an erm\u00e9iglecht et Iech \u00c4re Projeten am Kader vun nohaltegem Wunnen an nohalteger Mobilit\u00e9it unzegoen. Esou kritt Dir zum Beispill gewise w\u00e9i Dir \u00c4r al Heizung duerch eng m\u00e9i \u00ebmweltfr\u00ebndlech L\u00e9isung ersetze k\u00ebnnt oder Stroum mat H\u00ebllef vun der Sonn... Read more &raquo;\" \/>\n<meta property=\"og:url\" content=\"https:\/\/bierger.remich.lu\/ville-de-remich\/umwelt\/energieberatung-myenergy\/\" \/>\n<meta property=\"og:site_name\" content=\"Ville de Remich\" \/>\n<meta property=\"article:modified_time\" content=\"2026-01-22T15:37:25+00:00\" \/>\n<meta property=\"og:image\" content=\"https:\/\/bierger.remich.lu\/wp-content\/uploads\/sites\/3\/2017\/07\/diz-play-31367-1024x683.jpg\" \/>\n\t<meta property=\"og:image:width\" content=\"1024\" \/>\n\t<meta property=\"og:image:height\" content=\"683\" \/>\n\t<meta property=\"og:image:type\" content=\"image\/jpeg\" \/>\n<meta name=\"twitter:card\" content=\"summary_large_image\" \/>\n<meta name=\"twitter:label1\" content=\"Est. reading time\" \/>\n\t<meta name=\"twitter:data1\" content=\"2 minutes\" \/>\n<script type=\"application\/ld+json\" class=\"yoast-schema-graph\">{\"@context\":\"https:\/\/schema.org\",\"@graph\":[{\"@type\":\"WebPage\",\"@id\":\"https:\/\/bierger.remich.lu\/ville-de-remich\/umwelt\/energieberatung-myenergy\/\",\"url\":\"https:\/\/bierger.remich.lu\/ville-de-remich\/umwelt\/energieberatung-myenergy\/\",\"name\":\"Energie-Berodung | Klima Agence - Ville de Remich\",\"isPartOf\":{\"@id\":\"https:\/\/bierger.remich.lu\/de\/#website\"},\"primaryImageOfPage\":{\"@id\":\"https:\/\/bierger.remich.lu\/ville-de-remich\/umwelt\/energieberatung-myenergy\/#primaryimage\"},\"image\":{\"@id\":\"https:\/\/bierger.remich.lu\/ville-de-remich\/umwelt\/energieberatung-myenergy\/#primaryimage\"},\"thumbnailUrl\":\"https:\/\/bierger.remich.lu\/wp-content\/uploads\/sites\/3\/2017\/07\/diz-play-31367.jpg\",\"datePublished\":\"2017-07-26T12:52:57+00:00\",\"dateModified\":\"2026-01-22T15:37:25+00:00\",\"breadcrumb\":{\"@id\":\"https:\/\/bierger.remich.lu\/ville-de-remich\/umwelt\/energieberatung-myenergy\/#breadcrumb\"},\"inLanguage\":\"lb-LU\",\"potentialAction\":[{\"@type\":\"ReadAction\",\"target\":[\"https:\/\/bierger.remich.lu\/ville-de-remich\/umwelt\/energieberatung-myenergy\/\"]}]},{\"@type\":\"ImageObject\",\"inLanguage\":\"lb-LU\",\"@id\":\"https:\/\/bierger.remich.lu\/ville-de-remich\/umwelt\/energieberatung-myenergy\/#primaryimage\",\"url\":\"https:\/\/bierger.remich.lu\/wp-content\/uploads\/sites\/3\/2017\/07\/diz-play-31367.jpg\",\"contentUrl\":\"https:\/\/bierger.remich.lu\/wp-content\/uploads\/sites\/3\/2017\/07\/diz-play-31367.jpg\",\"width\":4898,\"height\":3265},{\"@type\":\"BreadcrumbList\",\"@id\":\"https:\/\/bierger.remich.lu\/ville-de-remich\/umwelt\/energieberatung-myenergy\/#breadcrumb\",\"itemListElement\":[{\"@type\":\"ListItem\",\"position\":1,\"name\":\"Startseite\",\"item\":\"https:\/\/bierger.remich.lu\/de\/\"},{\"@type\":\"ListItem\",\"position\":2,\"name\":\"Stadt Remich\",\"item\":\"https:\/\/bierger.remich.lu\/de\/ville-de-remich\/\"},{\"@type\":\"ListItem\",\"position\":3,\"name\":\"Umwelt\",\"item\":\"https:\/\/bierger.remich.lu\/de\/ville-de-remich\/umwelt\/\"},{\"@type\":\"ListItem\",\"position\":4,\"name\":\"[:lb]Energie-Berodung | Klima Agence[:fr]Conseils en \u00e9nergie | Klima Agence[:de]Energieberatung | Klima Agence[:en]Energy advisory service | Klima Agence[:]\"}]},{\"@type\":\"WebSite\",\"@id\":\"https:\/\/bierger.remich.lu\/de\/#website\",\"url\":\"https:\/\/bierger.remich.lu\/de\/\",\"name\":\"Ville de Remich\",\"description\":\"\",\"potentialAction\":[{\"@type\":\"SearchAction\",\"target\":{\"@type\":\"EntryPoint\",\"urlTemplate\":\"https:\/\/bierger.remich.lu\/de\/?s={search_term_string}\"},\"query-input\":{\"@type\":\"PropertyValueSpecification\",\"valueRequired\":true,\"valueName\":\"search_term_string\"}}],\"inLanguage\":\"lb-LU\"}]}<\/script>\n<!-- \/ Yoast SEO plugin. -->","yoast_head_json":{"title":"Energie-Berodung | Klima Agence - Ville de Remich","robots":{"index":"index","follow":"follow","max-snippet":"max-snippet:-1","max-image-preview":"max-image-preview:large","max-video-preview":"max-video-preview:-1"},"canonical":"https:\/\/bierger.remich.lu\/ville-de-remich\/umwelt\/energieberatung-myenergy\/","og_locale":"en_US","og_type":"article","og_title":"Energie-Berodung | Klima Agence - Ville de Remich","og_description":"Gutt inform\u00e9iert sinn iwwert d&#8217;Energiekris an de Klimaschutz D\u00e9i energeetesch Grondberodung ass neutral a gratis an erm\u00e9iglecht et Iech \u00c4re Projeten am Kader vun nohaltegem Wunnen an nohalteger Mobilit\u00e9it unzegoen. Esou kritt Dir zum Beispill gewise w\u00e9i Dir \u00c4r al Heizung duerch eng m\u00e9i \u00ebmweltfr\u00ebndlech L\u00e9isung ersetze k\u00ebnnt oder Stroum mat H\u00ebllef vun der Sonn... Read more &raquo;","og_url":"https:\/\/bierger.remich.lu\/ville-de-remich\/umwelt\/energieberatung-myenergy\/","og_site_name":"Ville de Remich","article_modified_time":"2026-01-22T15:37:25+00:00","og_image":[{"width":1024,"height":683,"url":"https:\/\/bierger.remich.lu\/wp-content\/uploads\/sites\/3\/2017\/07\/diz-play-31367-1024x683.jpg","type":"image\/jpeg"}],"twitter_card":"summary_large_image","twitter_misc":{"Est. reading time":"2 minutes"},"schema":{"@context":"https:\/\/schema.org","@graph":[{"@type":"WebPage","@id":"https:\/\/bierger.remich.lu\/ville-de-remich\/umwelt\/energieberatung-myenergy\/","url":"https:\/\/bierger.remich.lu\/ville-de-remich\/umwelt\/energieberatung-myenergy\/","name":"Energie-Berodung | Klima Agence - Ville de Remich","isPartOf":{"@id":"https:\/\/bierger.remich.lu\/de\/#website"},"primaryImageOfPage":{"@id":"https:\/\/bierger.remich.lu\/ville-de-remich\/umwelt\/energieberatung-myenergy\/#primaryimage"},"image":{"@id":"https:\/\/bierger.remich.lu\/ville-de-remich\/umwelt\/energieberatung-myenergy\/#primaryimage"},"thumbnailUrl":"https:\/\/bierger.remich.lu\/wp-content\/uploads\/sites\/3\/2017\/07\/diz-play-31367.jpg","datePublished":"2017-07-26T12:52:57+00:00","dateModified":"2026-01-22T15:37:25+00:00","breadcrumb":{"@id":"https:\/\/bierger.remich.lu\/ville-de-remich\/umwelt\/energieberatung-myenergy\/#breadcrumb"},"inLanguage":"lb-LU","potentialAction":[{"@type":"ReadAction","target":["https:\/\/bierger.remich.lu\/ville-de-remich\/umwelt\/energieberatung-myenergy\/"]}]},{"@type":"ImageObject","inLanguage":"lb-LU","@id":"https:\/\/bierger.remich.lu\/ville-de-remich\/umwelt\/energieberatung-myenergy\/#primaryimage","url":"https:\/\/bierger.remich.lu\/wp-content\/uploads\/sites\/3\/2017\/07\/diz-play-31367.jpg","contentUrl":"https:\/\/bierger.remich.lu\/wp-content\/uploads\/sites\/3\/2017\/07\/diz-play-31367.jpg","width":4898,"height":3265},{"@type":"BreadcrumbList","@id":"https:\/\/bierger.remich.lu\/ville-de-remich\/umwelt\/energieberatung-myenergy\/#breadcrumb","itemListElement":[{"@type":"ListItem","position":1,"name":"Startseite","item":"https:\/\/bierger.remich.lu\/de\/"},{"@type":"ListItem","position":2,"name":"Stadt Remich","item":"https:\/\/bierger.remich.lu\/de\/ville-de-remich\/"},{"@type":"ListItem","position":3,"name":"Umwelt","item":"https:\/\/bierger.remich.lu\/de\/ville-de-remich\/umwelt\/"},{"@type":"ListItem","position":4,"name":"[:lb]Energie-Berodung | Klima Agence[:fr]Conseils en \u00e9nergie | Klima Agence[:de]Energieberatung | Klima Agence[:en]Energy advisory service | Klima Agence[:]"}]},{"@type":"WebSite","@id":"https:\/\/bierger.remich.lu\/de\/#website","url":"https:\/\/bierger.remich.lu\/de\/","name":"Ville de Remich","description":"","potentialAction":[{"@type":"SearchAction","target":{"@type":"EntryPoint","urlTemplate":"https:\/\/bierger.remich.lu\/de\/?s={search_term_string}"},"query-input":{"@type":"PropertyValueSpecification","valueRequired":true,"valueName":"search_term_string"}}],"inLanguage":"lb-LU"}]}},"_links":{"self":[{"href":"https:\/\/bierger.remich.lu\/lb\/wp-json\/wp\/v2\/pages\/1538","targetHints":{"allow":["GET"]}}],"collection":[{"href":"https:\/\/bierger.remich.lu\/lb\/wp-json\/wp\/v2\/pages"}],"about":[{"href":"https:\/\/bierger.remich.lu\/lb\/wp-json\/wp\/v2\/types\/page"}],"author":[{"embeddable":true,"href":"https:\/\/bierger.remich.lu\/lb\/wp-json\/wp\/v2\/users\/4"}],"replies":[{"embeddable":true,"href":"https:\/\/bierger.remich.lu\/lb\/wp-json\/wp\/v2\/comments?post=1538"}],"version-history":[{"count":21,"href":"https:\/\/bierger.remich.lu\/lb\/wp-json\/wp\/v2\/pages\/1538\/revisions"}],"predecessor-version":[{"id":12679,"href":"https:\/\/bierger.remich.lu\/lb\/wp-json\/wp\/v2\/pages\/1538\/revisions\/12679"}],"up":[{"embeddable":true,"href":"https:\/\/bierger.remich.lu\/lb\/wp-json\/wp\/v2\/pages\/50"}],"wp:featuredmedia":[{"embeddable":true,"href":"https:\/\/bierger.remich.lu\/lb\/wp-json\/wp\/v2\/media\/2044"}],"wp:attachment":[{"href":"https:\/\/bierger.remich.lu\/lb\/wp-json\/wp\/v2\/media?parent=1538"}],"curies":[{"name":"wp","href":"https:\/\/api.w.org\/{rel}","templated":true}]}}