{"id":154,"date":"2016-08-30T14:02:54","date_gmt":"2016-08-30T14:02:54","guid":{"rendered":"http:\/\/reimech.lu\/?page_id=154"},"modified":"2025-08-01T10:05:16","modified_gmt":"2025-08-01T08:05:16","slug":"francais-cours","status":"publish","type":"page","link":"https:\/\/bierger.remich.lu\/lb\/services-au-citoyen\/francais-sports-et-loisirs\/francais-cours\/","title":{"rendered":"Sportscoursen &#8211; Indoor"},"content":{"rendered":"<h2>Beweegung ass wichteg fir de Kieper!<\/h2>\n<h3>Maacht mat an onse Sportscoursen &#8211; et ass fir jiddereen eppes dob\u00e4i!<\/h3>\n<p>D&#8217;Aschreiwunge gin op der Plaz gemaach an d&#8217;Rechnung kritt Dir dono vun der Stad R\u00e9imech gesch\u00e9ckt.<\/p>\n<p>An de Schoulvakanze fanne keng Coursen statt!<\/p>\n<ol>\n<li><strong>Seniorenturnen<\/strong><br \/>\nOrg. Stad R\u00e9imech an Zesummenaarbecht mam Turnver\u00e4in<br \/>\nM\u00ebttwoch vu 16 bis 17 Auer- Sporthshal &#8220;Rue Enz&#8221;<br \/>\nUfank: 17.09.2025<br \/>\nPr\u00e4is: 60 \u20ac<br \/>\n<strong>Zumba Gold<\/strong><br \/>\nOrg. Stad R\u00e9imech \/ Leedung: Adeline Trouillot \u2013 Zumba Zin Instruktor fir ac-ademic<br \/>\nM\u00e9indes vu 16 bis 17 Auer &#8211; Sporthsal &#8220;Rue Enz&#8221;<br \/>\nUfank:\u00a0 22.09.2025<br \/>\nPr\u00e4is: 60 \u20ac<br \/>\nZumba fir jiddereen: duerch e reduz\u00e9ierten Tempo a m\u00e9i einfach Bewegungen ass Zumba Gold och fir eeler Leit geegent.<\/li>\n<li><strong>Bodyshape<\/strong><br \/>\nOrg. Stad R\u00e9imech \/ Leedung: C\u00e9line Malapelle<br \/>\nM\u00e9indes vun 20 bis 21 Auer &#8211; Sportshal &#8220;Rue Enz&#8221;<br \/>\nUfank: 22.09.2025<br \/>\nPr\u00e4is: 60 \u20ac<br \/>\nD&#8217;Course riichten sech souwuel un Uf\u00e4nger w\u00e9i Avanc\u00e9e\u00ebn a si gutt fir d&#8217;H\u00e4erz, d&#8217;Figur a Stressofba<strong>u<\/strong><\/li>\n<li><strong><strong><strong>Yoga (<span style=\"color: #339966\">NEI<\/span>)<br \/>\n<\/strong><\/strong><\/strong>Org.: Stad Remich<br \/>\nM\u00ebttwochs: 08:05-09:00 &#8211; Sportshal \u201eRue Enz\u201c<br \/>\nUfank: ab dem 17.09.2025<br \/>\nPr\u00e4is: 60 \u20ac.<br \/>\nLeedung: Liz Knoch<br \/>\nSprooch: LB &amp; EN<br \/>\nDe Cours riicht sech un all Niveau (Uf\u00e4nger oder Avanc\u00e9s). Verschidden Asanas, e Wiessel t\u00ebscht Kraaft an Entspaanung! Br\u00e9ngt weg \u00c4r eege Yogamatt an falls disponibel e Yoga-Block mat.<\/li>\n<li><strong>Sportaktivit\u00e9iten 50+<\/strong><br \/>\nM\u00e9i Informatiounen: Club W\u00eblle W\u00e4in |\u00a0 T. 28 13 74 | M. 621 74 13 55 | E. clubwellewain@inter-actions.lu | W. clubwellewain.lu<\/li>\n<\/ol>","protected":false},"excerpt":{"rendered":"<p>Beweegung ass wichteg fir de Kieper! Maacht mat an onse Sportscoursen &#8211; et ass fir jiddereen eppes dob\u00e4i! D&#8217;Aschreiwunge gin op der Plaz gemaach an d&#8217;Rechnung kritt Dir dono vun der Stad R\u00e9imech gesch\u00e9ckt. An de Schoulvakanze fanne keng Coursen statt! Seniorenturnen Org. Stad R\u00e9imech an Zesummenaarbecht mam Turnver\u00e4in M\u00ebttwoch vu 16 bis 17 Auer-&#8230;  <a class=\"excerpt-read-more\" href=\"https:\/\/bierger.remich.lu\/lb\/services-au-citoyen\/francais-sports-et-loisirs\/francais-cours\/\" title=\"ReadSportscoursen &#8211; Indoor\">Read more &raquo;<\/a><\/p>\n","protected":false},"author":1,"featured_media":6769,"parent":72,"menu_order":98,"comment_status":"closed","ping_status":"closed","template":"","meta":{"_acf_changed":false,"xn-wppe-expiration":[],"xn-wppe-expiration-action":[],"xn-wppe-expiration-prefix":[],"footnotes":"","_links_to":"","_links_to_target":""},"class_list":["post-154","page","type-page","status-publish","has-post-thumbnail","hentry","keyword-verein"],"acf":[],"yoast_head":"<!-- This site is optimized with the Yoast SEO plugin v26.7 - https:\/\/yoast.com\/wordpress\/plugins\/seo\/ -->\n<title>Sportscoursen - Indoor - Ville de Remich<\/title>\n<meta name=\"robots\" content=\"index, follow, max-snippet:-1, max-image-preview:large, max-video-preview:-1\" \/>\n<link rel=\"canonical\" href=\"https:\/\/bierger.remich.lu\/fr\/services-au-citoyen\/francais-sports-et-loisirs\/francais-cours\/\" \/>\n<meta property=\"og:locale\" content=\"en_US\" \/>\n<meta property=\"og:type\" content=\"article\" \/>\n<meta property=\"og:title\" content=\"Sportscoursen - Indoor - Ville de Remich\" \/>\n<meta property=\"og:description\" content=\"Beweegung ass wichteg fir de Kieper! Maacht mat an onse Sportscoursen &#8211; et ass fir jiddereen eppes dob\u00e4i! D&#8217;Aschreiwunge gin op der Plaz gemaach an d&#8217;Rechnung kritt Dir dono vun der Stad R\u00e9imech gesch\u00e9ckt. An de Schoulvakanze fanne keng Coursen statt! Seniorenturnen Org. Stad R\u00e9imech an Zesummenaarbecht mam Turnver\u00e4in M\u00ebttwoch vu 16 bis 17 Auer-... Read more &raquo;\" \/>\n<meta property=\"og:url\" content=\"https:\/\/bierger.remich.lu\/fr\/services-au-citoyen\/francais-sports-et-loisirs\/francais-cours\/\" \/>\n<meta property=\"og:site_name\" content=\"Ville de Remich\" \/>\n<meta property=\"article:modified_time\" content=\"2025-08-01T08:05:16+00:00\" \/>\n<meta property=\"og:image\" content=\"https:\/\/bierger.remich.lu\/wp-content\/uploads\/sites\/3\/2020\/08\/jonathan-borba-lrQPTQs7nQQ-unsplash1.jpg\" \/>\n\t<meta property=\"og:image:width\" content=\"4680\" \/>\n\t<meta property=\"og:image:height\" content=\"3120\" \/>\n\t<meta property=\"og:image:type\" content=\"image\/jpeg\" \/>\n<meta name=\"twitter:card\" content=\"summary_large_image\" \/>\n<meta name=\"twitter:label1\" content=\"Est. reading time\" \/>\n\t<meta name=\"twitter:data1\" content=\"5 minutes\" \/>\n<script type=\"application\/ld+json\" class=\"yoast-schema-graph\">{\"@context\":\"https:\/\/schema.org\",\"@graph\":[{\"@type\":\"WebPage\",\"@id\":\"https:\/\/bierger.remich.lu\/fr\/services-au-citoyen\/francais-sports-et-loisirs\/francais-cours\/\",\"url\":\"https:\/\/bierger.remich.lu\/fr\/services-au-citoyen\/francais-sports-et-loisirs\/francais-cours\/\",\"name\":\"Sportscoursen - Indoor - Ville de Remich\",\"isPartOf\":{\"@id\":\"https:\/\/bierger.remich.lu\/de\/#website\"},\"primaryImageOfPage\":{\"@id\":\"https:\/\/bierger.remich.lu\/fr\/services-au-citoyen\/francais-sports-et-loisirs\/francais-cours\/#primaryimage\"},\"image\":{\"@id\":\"https:\/\/bierger.remich.lu\/fr\/services-au-citoyen\/francais-sports-et-loisirs\/francais-cours\/#primaryimage\"},\"thumbnailUrl\":\"https:\/\/bierger.remich.lu\/wp-content\/uploads\/sites\/3\/2020\/08\/jonathan-borba-lrQPTQs7nQQ-unsplash1.jpg\",\"datePublished\":\"2016-08-30T14:02:54+00:00\",\"dateModified\":\"2025-08-01T08:05:16+00:00\",\"breadcrumb\":{\"@id\":\"https:\/\/bierger.remich.lu\/fr\/services-au-citoyen\/francais-sports-et-loisirs\/francais-cours\/#breadcrumb\"},\"inLanguage\":\"lb-LU\",\"potentialAction\":[{\"@type\":\"ReadAction\",\"target\":[\"https:\/\/bierger.remich.lu\/fr\/services-au-citoyen\/francais-sports-et-loisirs\/francais-cours\/\"]}]},{\"@type\":\"ImageObject\",\"inLanguage\":\"lb-LU\",\"@id\":\"https:\/\/bierger.remich.lu\/fr\/services-au-citoyen\/francais-sports-et-loisirs\/francais-cours\/#primaryimage\",\"url\":\"https:\/\/bierger.remich.lu\/wp-content\/uploads\/sites\/3\/2020\/08\/jonathan-borba-lrQPTQs7nQQ-unsplash1.jpg\",\"contentUrl\":\"https:\/\/bierger.remich.lu\/wp-content\/uploads\/sites\/3\/2020\/08\/jonathan-borba-lrQPTQs7nQQ-unsplash1.jpg\",\"width\":4680,\"height\":3120},{\"@type\":\"BreadcrumbList\",\"@id\":\"https:\/\/bierger.remich.lu\/fr\/services-au-citoyen\/francais-sports-et-loisirs\/francais-cours\/#breadcrumb\",\"itemListElement\":[{\"@type\":\"ListItem\",\"position\":1,\"name\":\"Startseite\",\"item\":\"https:\/\/bierger.remich.lu\/de\/\"},{\"@type\":\"ListItem\",\"position\":2,\"name\":\"B\u00fcrgerdienste\",\"item\":\"https:\/\/bierger.remich.lu\/de\/services-au-citoyen\/\"},{\"@type\":\"ListItem\",\"position\":3,\"name\":\"Sport und Freizeit\",\"item\":\"https:\/\/bierger.remich.lu\/de\/services-au-citoyen\/francais-sports-et-loisirs\/\"},{\"@type\":\"ListItem\",\"position\":4,\"name\":\"Cours de sport &#8211; Indoor\"}]},{\"@type\":\"WebSite\",\"@id\":\"https:\/\/bierger.remich.lu\/de\/#website\",\"url\":\"https:\/\/bierger.remich.lu\/de\/\",\"name\":\"Ville de Remich\",\"description\":\"\",\"potentialAction\":[{\"@type\":\"SearchAction\",\"target\":{\"@type\":\"EntryPoint\",\"urlTemplate\":\"https:\/\/bierger.remich.lu\/de\/?s={search_term_string}\"},\"query-input\":{\"@type\":\"PropertyValueSpecification\",\"valueRequired\":true,\"valueName\":\"search_term_string\"}}],\"inLanguage\":\"lb-LU\"}]}<\/script>\n<!-- \/ Yoast SEO plugin. -->","yoast_head_json":{"title":"Sportscoursen - Indoor - Ville de Remich","robots":{"index":"index","follow":"follow","max-snippet":"max-snippet:-1","max-image-preview":"max-image-preview:large","max-video-preview":"max-video-preview:-1"},"canonical":"https:\/\/bierger.remich.lu\/fr\/services-au-citoyen\/francais-sports-et-loisirs\/francais-cours\/","og_locale":"en_US","og_type":"article","og_title":"Sportscoursen - Indoor - Ville de Remich","og_description":"Beweegung ass wichteg fir de Kieper! Maacht mat an onse Sportscoursen &#8211; et ass fir jiddereen eppes dob\u00e4i! D&#8217;Aschreiwunge gin op der Plaz gemaach an d&#8217;Rechnung kritt Dir dono vun der Stad R\u00e9imech gesch\u00e9ckt. An de Schoulvakanze fanne keng Coursen statt! Seniorenturnen Org. Stad R\u00e9imech an Zesummenaarbecht mam Turnver\u00e4in M\u00ebttwoch vu 16 bis 17 Auer-... Read more &raquo;","og_url":"https:\/\/bierger.remich.lu\/fr\/services-au-citoyen\/francais-sports-et-loisirs\/francais-cours\/","og_site_name":"Ville de Remich","article_modified_time":"2025-08-01T08:05:16+00:00","og_image":[{"width":4680,"height":3120,"url":"https:\/\/bierger.remich.lu\/wp-content\/uploads\/sites\/3\/2020\/08\/jonathan-borba-lrQPTQs7nQQ-unsplash1.jpg","type":"image\/jpeg"}],"twitter_card":"summary_large_image","twitter_misc":{"Est. reading time":"5 minutes"},"schema":{"@context":"https:\/\/schema.org","@graph":[{"@type":"WebPage","@id":"https:\/\/bierger.remich.lu\/fr\/services-au-citoyen\/francais-sports-et-loisirs\/francais-cours\/","url":"https:\/\/bierger.remich.lu\/fr\/services-au-citoyen\/francais-sports-et-loisirs\/francais-cours\/","name":"Sportscoursen - Indoor - Ville de Remich","isPartOf":{"@id":"https:\/\/bierger.remich.lu\/de\/#website"},"primaryImageOfPage":{"@id":"https:\/\/bierger.remich.lu\/fr\/services-au-citoyen\/francais-sports-et-loisirs\/francais-cours\/#primaryimage"},"image":{"@id":"https:\/\/bierger.remich.lu\/fr\/services-au-citoyen\/francais-sports-et-loisirs\/francais-cours\/#primaryimage"},"thumbnailUrl":"https:\/\/bierger.remich.lu\/wp-content\/uploads\/sites\/3\/2020\/08\/jonathan-borba-lrQPTQs7nQQ-unsplash1.jpg","datePublished":"2016-08-30T14:02:54+00:00","dateModified":"2025-08-01T08:05:16+00:00","breadcrumb":{"@id":"https:\/\/bierger.remich.lu\/fr\/services-au-citoyen\/francais-sports-et-loisirs\/francais-cours\/#breadcrumb"},"inLanguage":"lb-LU","potentialAction":[{"@type":"ReadAction","target":["https:\/\/bierger.remich.lu\/fr\/services-au-citoyen\/francais-sports-et-loisirs\/francais-cours\/"]}]},{"@type":"ImageObject","inLanguage":"lb-LU","@id":"https:\/\/bierger.remich.lu\/fr\/services-au-citoyen\/francais-sports-et-loisirs\/francais-cours\/#primaryimage","url":"https:\/\/bierger.remich.lu\/wp-content\/uploads\/sites\/3\/2020\/08\/jonathan-borba-lrQPTQs7nQQ-unsplash1.jpg","contentUrl":"https:\/\/bierger.remich.lu\/wp-content\/uploads\/sites\/3\/2020\/08\/jonathan-borba-lrQPTQs7nQQ-unsplash1.jpg","width":4680,"height":3120},{"@type":"BreadcrumbList","@id":"https:\/\/bierger.remich.lu\/fr\/services-au-citoyen\/francais-sports-et-loisirs\/francais-cours\/#breadcrumb","itemListElement":[{"@type":"ListItem","position":1,"name":"Startseite","item":"https:\/\/bierger.remich.lu\/de\/"},{"@type":"ListItem","position":2,"name":"B\u00fcrgerdienste","item":"https:\/\/bierger.remich.lu\/de\/services-au-citoyen\/"},{"@type":"ListItem","position":3,"name":"Sport und Freizeit","item":"https:\/\/bierger.remich.lu\/de\/services-au-citoyen\/francais-sports-et-loisirs\/"},{"@type":"ListItem","position":4,"name":"Cours de sport &#8211; Indoor"}]},{"@type":"WebSite","@id":"https:\/\/bierger.remich.lu\/de\/#website","url":"https:\/\/bierger.remich.lu\/de\/","name":"Ville de Remich","description":"","potentialAction":[{"@type":"SearchAction","target":{"@type":"EntryPoint","urlTemplate":"https:\/\/bierger.remich.lu\/de\/?s={search_term_string}"},"query-input":{"@type":"PropertyValueSpecification","valueRequired":true,"valueName":"search_term_string"}}],"inLanguage":"lb-LU"}]}},"_links":{"self":[{"href":"https:\/\/bierger.remich.lu\/lb\/wp-json\/wp\/v2\/pages\/154","targetHints":{"allow":["GET"]}}],"collection":[{"href":"https:\/\/bierger.remich.lu\/lb\/wp-json\/wp\/v2\/pages"}],"about":[{"href":"https:\/\/bierger.remich.lu\/lb\/wp-json\/wp\/v2\/types\/page"}],"author":[{"embeddable":true,"href":"https:\/\/bierger.remich.lu\/lb\/wp-json\/wp\/v2\/users\/1"}],"replies":[{"embeddable":true,"href":"https:\/\/bierger.remich.lu\/lb\/wp-json\/wp\/v2\/comments?post=154"}],"version-history":[{"count":47,"href":"https:\/\/bierger.remich.lu\/lb\/wp-json\/wp\/v2\/pages\/154\/revisions"}],"predecessor-version":[{"id":17986,"href":"https:\/\/bierger.remich.lu\/lb\/wp-json\/wp\/v2\/pages\/154\/revisions\/17986"}],"up":[{"embeddable":true,"href":"https:\/\/bierger.remich.lu\/lb\/wp-json\/wp\/v2\/pages\/72"}],"wp:featuredmedia":[{"embeddable":true,"href":"https:\/\/bierger.remich.lu\/lb\/wp-json\/wp\/v2\/media\/6769"}],"wp:attachment":[{"href":"https:\/\/bierger.remich.lu\/lb\/wp-json\/wp\/v2\/media?parent=154"}],"curies":[{"name":"wp","href":"https:\/\/api.w.org\/{rel}","templated":true}]}}