{"id":1577,"date":"2017-07-26T15:35:28","date_gmt":"2017-07-26T14:35:28","guid":{"rendered":"http:\/\/reimech.lu\/?page_id=1577"},"modified":"2018-01-09T12:23:02","modified_gmt":"2018-01-09T11:23:02","slug":"solarkataster","status":"publish","type":"page","link":"https:\/\/bierger.remich.lu\/lb\/ville-de-remich\/umwelt\/solarkataster\/","title":{"rendered":"Cadastre solaire"},"content":{"rendered":"<p class=\"qtranxs-available-languages-message qtranxs-available-languages-message-lb\">Leider g\u00ebtt et d\u00ebsen Inhalt n\u00ebmmen op <a href=\"https:\/\/bierger.remich.lu\/fr\/wp-json\/wp\/v2\/pages\/1577\" class=\"qtranxs-available-language-link qtranxs-available-language-link-fr\" title=\"FR\">FR<\/a> an <a href=\"https:\/\/bierger.remich.lu\/de\/wp-json\/wp\/v2\/pages\/1577\" class=\"qtranxs-available-language-link qtranxs-available-language-link-de\" title=\"DE\">DE<\/a>. For the sake of viewer convenience, the content is shown below in one of the available alternative languages. You may click one of the links to switch the site language to another available language.<\/p>Dans le cadre de sa politique \u00e9nerg\u00e9tique, la Ville de Remich a cr\u00e9\u00e9e un cadastre solaire accessible sous le lien suivant: <a href=\"http:\/\/www.cadastresolaire.remich.lu\/kartendienst\/17002001\/\">www.cadastresolaire.remich.lu<\/a> .<\/p>\n<p><span id=\"Sp1.s2_o\" class=\"systran_seg\"><span id=\"token_0\" class=\"systran_token_word\">Le<\/span>\u00a0<span id=\"token_3\" class=\"systran_token_word\">but<\/span> <span id=\"token_0\" class=\"systran_token_word\">du<\/span> <span id=\"token_5\" class=\"systran_token_word\">cadastre solaire<\/span> <span id=\"token_6\" class=\"systran_token_word\">est <\/span><span id=\"token_22\" class=\"systran_token_word\">de livrer<\/span> <span id=\"token_0\" class=\"systran_token_word\">des<\/span> <span id=\"token_9\" class=\"systran_token_word\">informations<\/span> <span id=\"token_10\" class=\"systran_token_word\">sur<\/span> <span id=\"token_0\" class=\"systran_token_word\">le<\/span> <span id=\"token_12\" class=\"systran_token_word\">potentiel \u00e9nerg\u00e9tique<\/span> <span id=\"token_13\" class=\"systran_token_punctuation\">(<\/span><span id=\"token_14\" class=\"systran_token_word\">\u00e9nergie solaire<\/span><span id=\"token_15\" class=\"systran_token_punctuation\">,<\/span> <span id=\"token_16\" class=\"systran_token_word\">photovolta\u00efque<\/span><span id=\"token_17\" class=\"systran_token_punctuation\">,<\/span> <span id=\"token_19\" class=\"systran_token_word\">\u00e9nergie<\/span> <span id=\"token_18\" class=\"systran_token_word\">thermique<\/span><span id=\"token_20\" class=\"systran_token_punctuation\">). \u00c0 l&#8217;aide du cadastre solaire a \u00e9t\u00e9 \u00e9labor\u00e9 un concept g\u00e9n\u00e9ral afin de savoir dans quelle mesure une installation photovolta\u00efque se rentabilise sur divers types de toits, ceci\u00a0en tenant\u00a0<span id=\"token_3\" class=\"systran_token_word\">compte\u00a0<\/span><span id=\"token_0\" class=\"systran_token_word\">de l<\/span><span id=\"token_0\" class=\"systran_token_punctuation\">&#8216;<\/span><span id=\"token_5\" class=\"systran_token_word\">irradiation solaire<\/span><span id=\"token_6\" class=\"systran_token_punctuation\">,<\/span> <span id=\"token_0\" class=\"systran_token_word\">du<\/span> <span id=\"token_8\" class=\"systran_token_word\">penchant de toit<\/span><span id=\"token_9\" class=\"systran_token_punctuation\">,<\/span> <span id=\"token_0\" class=\"systran_token_word\">de l<\/span><span id=\"token_0\" class=\"systran_token_punctuation\">&#8216;<\/span><span id=\"token_11\" class=\"systran_token_word\">orientation de soleil et<\/span>\u00a0<span id=\"token_0\" class=\"systran_token_word\">de la<\/span> <span id=\"token_14\" class=\"systran_token_word\">surface du toit (sans lucarnes et chemin\u00e9es) ainsi que de l&#8217;influence des \u00e9l\u00e9ments avoisinants ayant une r\u00e9percussion sur\u00a0 l&#8217;irradiation solaire.<\/span><\/span><\/span><\/p>\n<p>Ce cadastre aide \u00e0 sensibiliser et \u00e0 informer les citoyens de Remich sur la possibilit\u00e9 d&#8217;installation sur leur toit par laquelle il leurs est possible de baisser d&#8217;une part leurs co\u00fbts \u00e9nerg\u00e9tiques et d&#8217;autre par de contribuer \u00e0 un d\u00e9veloppement durable par l&#8217;utilisation d&#8217;\u00e9nergies renouvelables.<\/p>\n<p>Pour plus d&#8217;informations et de conseils sur tout ce qui concerne le domaine de l&#8217;\u00e9nergie vous pouvez vous adresser au num\u00e9ro gratuit 8002 11 90 (myenergy-infopoint de la Ville de\u00a0Remich).","protected":false},"excerpt":{"rendered":"<p>Leider g\u00ebtt et d\u00ebsen Inhalt n\u00ebmmen op FR an DE. For the sake of viewer convenience, the content is shown below in one of the available alternative languages. You may click one of the links to switch the site language to another available language.Dans le cadre de sa politique \u00e9nerg\u00e9tique, la Ville de Remich a&#8230;  <a class=\"excerpt-read-more\" href=\"https:\/\/bierger.remich.lu\/lb\/ville-de-remich\/umwelt\/solarkataster\/\" title=\"ReadCadastre solaire\">Read more &raquo;<\/a><\/p>\n","protected":false},"author":4,"featured_media":2038,"parent":50,"menu_order":38,"comment_status":"closed","ping_status":"closed","template":"","meta":{"_acf_changed":false,"xn-wppe-expiration":[],"xn-wppe-expiration-action":[],"xn-wppe-expiration-prefix":[],"footnotes":"","_links_to":"","_links_to_target":""},"class_list":["post-1577","page","type-page","status-publish","has-post-thumbnail","hentry","keyword-energie","keyword-solarkataster","keyword-umwelt"],"acf":[],"yoast_head":"<!-- This site is optimized with the Yoast SEO plugin v26.7 - https:\/\/yoast.com\/wordpress\/plugins\/seo\/ -->\n<title>Cadastre solaire - Ville de Remich<\/title>\n<meta name=\"robots\" content=\"index, follow, max-snippet:-1, max-image-preview:large, max-video-preview:-1\" \/>\n<link rel=\"canonical\" href=\"https:\/\/bierger.remich.lu\/de\/ville-de-remich\/umwelt\/solarkataster\/\" \/>\n<meta property=\"og:locale\" content=\"en_US\" \/>\n<meta property=\"og:type\" content=\"article\" \/>\n<meta property=\"og:title\" content=\"Cadastre solaire - Ville de Remich\" \/>\n<meta property=\"og:description\" content=\"Leider g\u00ebtt et d\u00ebsen Inhalt n\u00ebmmen op FR an DE. For the sake of viewer convenience, the content is shown below in one of the available alternative languages. You may click one of the links to switch the site language to another available language.Dans le cadre de sa politique \u00e9nerg\u00e9tique, la Ville de Remich a... Read more &raquo;\" \/>\n<meta property=\"og:url\" content=\"https:\/\/bierger.remich.lu\/de\/ville-de-remich\/umwelt\/solarkataster\/\" \/>\n<meta property=\"og:site_name\" content=\"Ville de Remich\" \/>\n<meta property=\"article:modified_time\" content=\"2018-01-09T11:23:02+00:00\" \/>\n<meta property=\"og:image\" content=\"https:\/\/bierger.remich.lu\/wp-content\/uploads\/sites\/3\/2017\/07\/andreas-gucklhorn-285602.jpg\" \/>\n\t<meta property=\"og:image:width\" content=\"2560\" \/>\n\t<meta property=\"og:image:height\" content=\"1440\" \/>\n\t<meta property=\"og:image:type\" content=\"image\/jpeg\" \/>\n<meta name=\"twitter:card\" content=\"summary_large_image\" \/>\n<meta name=\"twitter:label1\" content=\"Est. reading time\" \/>\n\t<meta name=\"twitter:data1\" content=\"2 minutes\" \/>\n<script type=\"application\/ld+json\" class=\"yoast-schema-graph\">{\"@context\":\"https:\/\/schema.org\",\"@graph\":[{\"@type\":\"WebPage\",\"@id\":\"https:\/\/bierger.remich.lu\/de\/ville-de-remich\/umwelt\/solarkataster\/\",\"url\":\"https:\/\/bierger.remich.lu\/de\/ville-de-remich\/umwelt\/solarkataster\/\",\"name\":\"Cadastre solaire - Ville de Remich\",\"isPartOf\":{\"@id\":\"https:\/\/bierger.remich.lu\/de\/#website\"},\"primaryImageOfPage\":{\"@id\":\"https:\/\/bierger.remich.lu\/de\/ville-de-remich\/umwelt\/solarkataster\/#primaryimage\"},\"image\":{\"@id\":\"https:\/\/bierger.remich.lu\/de\/ville-de-remich\/umwelt\/solarkataster\/#primaryimage\"},\"thumbnailUrl\":\"https:\/\/bierger.remich.lu\/wp-content\/uploads\/sites\/3\/2017\/07\/andreas-gucklhorn-285602.jpg\",\"datePublished\":\"2017-07-26T14:35:28+00:00\",\"dateModified\":\"2018-01-09T11:23:02+00:00\",\"breadcrumb\":{\"@id\":\"https:\/\/bierger.remich.lu\/de\/ville-de-remich\/umwelt\/solarkataster\/#breadcrumb\"},\"inLanguage\":\"lb-LU\",\"potentialAction\":[{\"@type\":\"ReadAction\",\"target\":[\"https:\/\/bierger.remich.lu\/de\/ville-de-remich\/umwelt\/solarkataster\/\"]}]},{\"@type\":\"ImageObject\",\"inLanguage\":\"lb-LU\",\"@id\":\"https:\/\/bierger.remich.lu\/de\/ville-de-remich\/umwelt\/solarkataster\/#primaryimage\",\"url\":\"https:\/\/bierger.remich.lu\/wp-content\/uploads\/sites\/3\/2017\/07\/andreas-gucklhorn-285602.jpg\",\"contentUrl\":\"https:\/\/bierger.remich.lu\/wp-content\/uploads\/sites\/3\/2017\/07\/andreas-gucklhorn-285602.jpg\",\"width\":2560,\"height\":1440},{\"@type\":\"BreadcrumbList\",\"@id\":\"https:\/\/bierger.remich.lu\/de\/ville-de-remich\/umwelt\/solarkataster\/#breadcrumb\",\"itemListElement\":[{\"@type\":\"ListItem\",\"position\":1,\"name\":\"Startseite\",\"item\":\"https:\/\/bierger.remich.lu\/de\/\"},{\"@type\":\"ListItem\",\"position\":2,\"name\":\"Stadt Remich\",\"item\":\"https:\/\/bierger.remich.lu\/de\/ville-de-remich\/\"},{\"@type\":\"ListItem\",\"position\":3,\"name\":\"Umwelt\",\"item\":\"https:\/\/bierger.remich.lu\/de\/ville-de-remich\/umwelt\/\"},{\"@type\":\"ListItem\",\"position\":4,\"name\":\"Solarkataster\"}]},{\"@type\":\"WebSite\",\"@id\":\"https:\/\/bierger.remich.lu\/de\/#website\",\"url\":\"https:\/\/bierger.remich.lu\/de\/\",\"name\":\"Ville de Remich\",\"description\":\"\",\"potentialAction\":[{\"@type\":\"SearchAction\",\"target\":{\"@type\":\"EntryPoint\",\"urlTemplate\":\"https:\/\/bierger.remich.lu\/de\/?s={search_term_string}\"},\"query-input\":{\"@type\":\"PropertyValueSpecification\",\"valueRequired\":true,\"valueName\":\"search_term_string\"}}],\"inLanguage\":\"lb-LU\"}]}<\/script>\n<!-- \/ Yoast SEO plugin. -->","yoast_head_json":{"title":"Cadastre solaire - Ville de Remich","robots":{"index":"index","follow":"follow","max-snippet":"max-snippet:-1","max-image-preview":"max-image-preview:large","max-video-preview":"max-video-preview:-1"},"canonical":"https:\/\/bierger.remich.lu\/de\/ville-de-remich\/umwelt\/solarkataster\/","og_locale":"en_US","og_type":"article","og_title":"Cadastre solaire - Ville de Remich","og_description":"Leider g\u00ebtt et d\u00ebsen Inhalt n\u00ebmmen op FR an DE. For the sake of viewer convenience, the content is shown below in one of the available alternative languages. You may click one of the links to switch the site language to another available language.Dans le cadre de sa politique \u00e9nerg\u00e9tique, la Ville de Remich a... Read more &raquo;","og_url":"https:\/\/bierger.remich.lu\/de\/ville-de-remich\/umwelt\/solarkataster\/","og_site_name":"Ville de Remich","article_modified_time":"2018-01-09T11:23:02+00:00","og_image":[{"width":2560,"height":1440,"url":"https:\/\/bierger.remich.lu\/wp-content\/uploads\/sites\/3\/2017\/07\/andreas-gucklhorn-285602.jpg","type":"image\/jpeg"}],"twitter_card":"summary_large_image","twitter_misc":{"Est. reading time":"2 minutes"},"schema":{"@context":"https:\/\/schema.org","@graph":[{"@type":"WebPage","@id":"https:\/\/bierger.remich.lu\/de\/ville-de-remich\/umwelt\/solarkataster\/","url":"https:\/\/bierger.remich.lu\/de\/ville-de-remich\/umwelt\/solarkataster\/","name":"Cadastre solaire - Ville de Remich","isPartOf":{"@id":"https:\/\/bierger.remich.lu\/de\/#website"},"primaryImageOfPage":{"@id":"https:\/\/bierger.remich.lu\/de\/ville-de-remich\/umwelt\/solarkataster\/#primaryimage"},"image":{"@id":"https:\/\/bierger.remich.lu\/de\/ville-de-remich\/umwelt\/solarkataster\/#primaryimage"},"thumbnailUrl":"https:\/\/bierger.remich.lu\/wp-content\/uploads\/sites\/3\/2017\/07\/andreas-gucklhorn-285602.jpg","datePublished":"2017-07-26T14:35:28+00:00","dateModified":"2018-01-09T11:23:02+00:00","breadcrumb":{"@id":"https:\/\/bierger.remich.lu\/de\/ville-de-remich\/umwelt\/solarkataster\/#breadcrumb"},"inLanguage":"lb-LU","potentialAction":[{"@type":"ReadAction","target":["https:\/\/bierger.remich.lu\/de\/ville-de-remich\/umwelt\/solarkataster\/"]}]},{"@type":"ImageObject","inLanguage":"lb-LU","@id":"https:\/\/bierger.remich.lu\/de\/ville-de-remich\/umwelt\/solarkataster\/#primaryimage","url":"https:\/\/bierger.remich.lu\/wp-content\/uploads\/sites\/3\/2017\/07\/andreas-gucklhorn-285602.jpg","contentUrl":"https:\/\/bierger.remich.lu\/wp-content\/uploads\/sites\/3\/2017\/07\/andreas-gucklhorn-285602.jpg","width":2560,"height":1440},{"@type":"BreadcrumbList","@id":"https:\/\/bierger.remich.lu\/de\/ville-de-remich\/umwelt\/solarkataster\/#breadcrumb","itemListElement":[{"@type":"ListItem","position":1,"name":"Startseite","item":"https:\/\/bierger.remich.lu\/de\/"},{"@type":"ListItem","position":2,"name":"Stadt Remich","item":"https:\/\/bierger.remich.lu\/de\/ville-de-remich\/"},{"@type":"ListItem","position":3,"name":"Umwelt","item":"https:\/\/bierger.remich.lu\/de\/ville-de-remich\/umwelt\/"},{"@type":"ListItem","position":4,"name":"Solarkataster"}]},{"@type":"WebSite","@id":"https:\/\/bierger.remich.lu\/de\/#website","url":"https:\/\/bierger.remich.lu\/de\/","name":"Ville de Remich","description":"","potentialAction":[{"@type":"SearchAction","target":{"@type":"EntryPoint","urlTemplate":"https:\/\/bierger.remich.lu\/de\/?s={search_term_string}"},"query-input":{"@type":"PropertyValueSpecification","valueRequired":true,"valueName":"search_term_string"}}],"inLanguage":"lb-LU"}]}},"_links":{"self":[{"href":"https:\/\/bierger.remich.lu\/lb\/wp-json\/wp\/v2\/pages\/1577","targetHints":{"allow":["GET"]}}],"collection":[{"href":"https:\/\/bierger.remich.lu\/lb\/wp-json\/wp\/v2\/pages"}],"about":[{"href":"https:\/\/bierger.remich.lu\/lb\/wp-json\/wp\/v2\/types\/page"}],"author":[{"embeddable":true,"href":"https:\/\/bierger.remich.lu\/lb\/wp-json\/wp\/v2\/users\/4"}],"replies":[{"embeddable":true,"href":"https:\/\/bierger.remich.lu\/lb\/wp-json\/wp\/v2\/comments?post=1577"}],"version-history":[{"count":7,"href":"https:\/\/bierger.remich.lu\/lb\/wp-json\/wp\/v2\/pages\/1577\/revisions"}],"predecessor-version":[{"id":2497,"href":"https:\/\/bierger.remich.lu\/lb\/wp-json\/wp\/v2\/pages\/1577\/revisions\/2497"}],"up":[{"embeddable":true,"href":"https:\/\/bierger.remich.lu\/lb\/wp-json\/wp\/v2\/pages\/50"}],"wp:featuredmedia":[{"embeddable":true,"href":"https:\/\/bierger.remich.lu\/lb\/wp-json\/wp\/v2\/media\/2038"}],"wp:attachment":[{"href":"https:\/\/bierger.remich.lu\/lb\/wp-json\/wp\/v2\/media?parent=1577"}],"curies":[{"name":"wp","href":"https:\/\/api.w.org\/{rel}","templated":true}]}}