{"id":1903,"date":"2017-08-04T09:25:17","date_gmt":"2017-08-04T08:25:17","guid":{"rendered":"http:\/\/reimech.lu\/?page_id=1903"},"modified":"2025-12-10T10:40:52","modified_gmt":"2025-12-10T09:40:52","slug":"abendkurse","status":"publish","type":"page","link":"https:\/\/bierger.remich.lu\/lb\/ville-de-remich\/schulwesen\/abendkurse\/","title":{"rendered":"Owescoursen"},"content":{"rendered":"<h1>Course vum Maacher Lyc\u00e9e<\/h1>\n<p>De Maacher Lyc\u00e9e bitt eng grouss Diversit\u00e9it vu Coursen un.<\/p>\n<p>D\u00e9i komplett L\u00ebscht vun de Coursen d\u00e9i a verschiddene\u00a0Gemengen ofgehale\u00a0gi fannt Dir \u00ebnner <a href=\"https:\/\/mlg.lu\/content_fr\/coursDuSoir.php\">www.maacherlycee.lu <\/a>.<\/p>\n<p>Hei k\u00ebnnt Dir Iech och direkt online aschreiwen.<\/p>\n<p><strong>M\u00e9i Informatiounen:<\/strong><br \/>\nSekretariat vun den Owescoursen: T.\u00a0 75 06 65 &#8211; 5255 | E-mail: <a href=\"mailto:csa@mlg.lu\">csa@mlg.lu<\/a>.<\/p>\n<h1>Course vum Office social<\/h1>\n<h3 class=\"entry-content clearfix\"><strong><em>Plaz<\/em> <\/strong><\/h3>\n<section class=\"entry-content clearfix\">Ver\u00e4inshaus | 5, Mont\u00e9e de l\u2019\u00c9glise \u2013 L-5530 Remich<\/section>\n<section><\/section>\n<section><\/section>\n<section><\/section>\n<h3 class=\"entry-content clearfix\"><em><strong><br \/>\nCourse<\/strong><\/em><\/h3>\n<section>D&#8217;Course gi vum Office social an Zesummenaarbecht mam Maacher Lyc\u00e9e organis\u00e9iert.<\/section>\n<section><\/section>\n<section class=\"entry-content clearfix\">\n<ul>\n<li>FRANS\u00c9ISCH (Niveau A.1.2.)<br \/>\nDatumer: 03.03-09.07.2026 | Frequenz: D\u00ebnschdeg &amp; Donneschdeg | Auerz\u00e4it: 08:30-10:30<\/li>\n<li>FRANS\u00c9ISCH (Niveau A.2.2.)<br \/>\nDatumer: 03.03-09.07.2026 | Frequenz: D\u00ebnschdeg &amp; Donneschdeg | Auerz\u00e4it: 10:30-12:30<\/li>\n<\/ul>\n<h3><em><strong>Informatiounen &amp; Umeldung<\/strong><\/em><\/h3>\n<ul>\n<li><a href=\"http:\/\/www.oscr.lu\">Umeldeformulaire &gt; Office social commun Remich <\/a><\/li>\n<li><a href=\"\/\/www.maacherlycee.lu\/content_fr\/coursDuSoir.php\">Online beim Maacher Lyc\u00e9e<\/a> (Luxtrust Zertifikat n\u00e9ideg)<\/li>\n<\/ul>\n<p>D&#8217;Plaze si limit\u00e9iert.<\/p>\n<h3>Pr\u00e4is<\/h3>\n<ul>\n<li>168 \u20ac | Reduktiounsbongen, d\u00e9i vun de verschiddenen Administratiounen a soziale Servicer (ADEM, ONA, ONIS, Sozialamt, &#8230;) verdeelt ginn, k\u00ebnne fir d\u00ebs Course benotzt ginn.<\/li>\n<li>D\u2019Fraisen vum Cours ginn er\u00e9ischt nom Zousch\u00e9cke vun der Rechnung bezuelt a musse bis sp\u00e9itstens 15 Deeg no Ufank vum Cours iwwerwise sinn.<\/li>\n<\/ul>\n<\/section>","protected":false},"excerpt":{"rendered":"<p>Course vum Maacher Lyc\u00e9e De Maacher Lyc\u00e9e bitt eng grouss Diversit\u00e9it vu Coursen un. D\u00e9i komplett L\u00ebscht vun de Coursen d\u00e9i a verschiddene\u00a0Gemengen ofgehale\u00a0gi fannt Dir \u00ebnner www.maacherlycee.lu . Hei k\u00ebnnt Dir Iech och direkt online aschreiwen. M\u00e9i Informatiounen: Sekretariat vun den Owescoursen: T.\u00a0 75 06 65 &#8211; 5255 | E-mail: csa@mlg.lu. Course vum Office&#8230;  <a class=\"excerpt-read-more\" href=\"https:\/\/bierger.remich.lu\/lb\/ville-de-remich\/schulwesen\/abendkurse\/\" title=\"ReadOwescoursen\">Read more &raquo;<\/a><\/p>\n","protected":false},"author":4,"featured_media":2054,"parent":1852,"menu_order":19,"comment_status":"closed","ping_status":"closed","template":"","meta":{"_acf_changed":false,"xn-wppe-expiration":[],"xn-wppe-expiration-action":[],"xn-wppe-expiration-prefix":[],"footnotes":"","_links_to":"","_links_to_target":""},"class_list":["post-1903","page","type-page","status-publish","has-post-thumbnail","hentry","keyword-infos"],"acf":[],"yoast_head":"<!-- This site is optimized with the Yoast SEO plugin v26.7 - https:\/\/yoast.com\/wordpress\/plugins\/seo\/ -->\n<title>Owescoursen - Ville de Remich<\/title>\n<meta name=\"robots\" content=\"index, follow, max-snippet:-1, max-image-preview:large, max-video-preview:-1\" \/>\n<link rel=\"canonical\" href=\"https:\/\/bierger.remich.lu\/ville-de-remich\/schulwesen\/abendkurse\/\" \/>\n<meta property=\"og:locale\" content=\"en_US\" \/>\n<meta property=\"og:type\" content=\"article\" \/>\n<meta property=\"og:title\" content=\"Owescoursen - Ville de Remich\" \/>\n<meta property=\"og:description\" content=\"Course vum Maacher Lyc\u00e9e De Maacher Lyc\u00e9e bitt eng grouss Diversit\u00e9it vu Coursen un. D\u00e9i komplett L\u00ebscht vun de Coursen d\u00e9i a verschiddene\u00a0Gemengen ofgehale\u00a0gi fannt Dir \u00ebnner www.maacherlycee.lu . Hei k\u00ebnnt Dir Iech och direkt online aschreiwen. M\u00e9i Informatiounen: Sekretariat vun den Owescoursen: T.\u00a0 75 06 65 &#8211; 5255 | E-mail: csa@mlg.lu. Course vum Office... Read more &raquo;\" \/>\n<meta property=\"og:url\" content=\"https:\/\/bierger.remich.lu\/ville-de-remich\/schulwesen\/abendkurse\/\" \/>\n<meta property=\"og:site_name\" content=\"Ville de Remich\" \/>\n<meta property=\"article:modified_time\" content=\"2025-12-10T09:40:52+00:00\" \/>\n<meta property=\"og:image\" content=\"https:\/\/bierger.remich.lu\/wp-content\/uploads\/sites\/3\/2017\/08\/gaelle-marcel-8992-684x1024.jpg\" \/>\n\t<meta property=\"og:image:width\" content=\"684\" \/>\n\t<meta property=\"og:image:height\" content=\"1024\" \/>\n\t<meta property=\"og:image:type\" content=\"image\/jpeg\" \/>\n<meta name=\"twitter:card\" content=\"summary_large_image\" \/>\n<meta name=\"twitter:label1\" content=\"Est. reading time\" \/>\n\t<meta name=\"twitter:data1\" content=\"2 minutes\" \/>\n<script type=\"application\/ld+json\" class=\"yoast-schema-graph\">{\"@context\":\"https:\/\/schema.org\",\"@graph\":[{\"@type\":\"WebPage\",\"@id\":\"https:\/\/bierger.remich.lu\/ville-de-remich\/schulwesen\/abendkurse\/\",\"url\":\"https:\/\/bierger.remich.lu\/ville-de-remich\/schulwesen\/abendkurse\/\",\"name\":\"Owescoursen - Ville de Remich\",\"isPartOf\":{\"@id\":\"https:\/\/bierger.remich.lu\/de\/#website\"},\"primaryImageOfPage\":{\"@id\":\"https:\/\/bierger.remich.lu\/ville-de-remich\/schulwesen\/abendkurse\/#primaryimage\"},\"image\":{\"@id\":\"https:\/\/bierger.remich.lu\/ville-de-remich\/schulwesen\/abendkurse\/#primaryimage\"},\"thumbnailUrl\":\"https:\/\/bierger.remich.lu\/wp-content\/uploads\/sites\/3\/2017\/08\/gaelle-marcel-8992.jpg\",\"datePublished\":\"2017-08-04T08:25:17+00:00\",\"dateModified\":\"2025-12-10T09:40:52+00:00\",\"breadcrumb\":{\"@id\":\"https:\/\/bierger.remich.lu\/ville-de-remich\/schulwesen\/abendkurse\/#breadcrumb\"},\"inLanguage\":\"lb-LU\",\"potentialAction\":[{\"@type\":\"ReadAction\",\"target\":[\"https:\/\/bierger.remich.lu\/ville-de-remich\/schulwesen\/abendkurse\/\"]}]},{\"@type\":\"ImageObject\",\"inLanguage\":\"lb-LU\",\"@id\":\"https:\/\/bierger.remich.lu\/ville-de-remich\/schulwesen\/abendkurse\/#primaryimage\",\"url\":\"https:\/\/bierger.remich.lu\/wp-content\/uploads\/sites\/3\/2017\/08\/gaelle-marcel-8992.jpg\",\"contentUrl\":\"https:\/\/bierger.remich.lu\/wp-content\/uploads\/sites\/3\/2017\/08\/gaelle-marcel-8992.jpg\",\"width\":4016,\"height\":6016},{\"@type\":\"BreadcrumbList\",\"@id\":\"https:\/\/bierger.remich.lu\/ville-de-remich\/schulwesen\/abendkurse\/#breadcrumb\",\"itemListElement\":[{\"@type\":\"ListItem\",\"position\":1,\"name\":\"Startseite\",\"item\":\"https:\/\/bierger.remich.lu\/de\/\"},{\"@type\":\"ListItem\",\"position\":2,\"name\":\"Stadt Remich\",\"item\":\"https:\/\/bierger.remich.lu\/de\/ville-de-remich\/\"},{\"@type\":\"ListItem\",\"position\":3,\"name\":\"Bildung und Kinder\",\"item\":\"https:\/\/bierger.remich.lu\/de\/ville-de-remich\/schulwesen\/\"},{\"@type\":\"ListItem\",\"position\":4,\"name\":\"Weiterbildung\"}]},{\"@type\":\"WebSite\",\"@id\":\"https:\/\/bierger.remich.lu\/de\/#website\",\"url\":\"https:\/\/bierger.remich.lu\/de\/\",\"name\":\"Ville de Remich\",\"description\":\"\",\"potentialAction\":[{\"@type\":\"SearchAction\",\"target\":{\"@type\":\"EntryPoint\",\"urlTemplate\":\"https:\/\/bierger.remich.lu\/de\/?s={search_term_string}\"},\"query-input\":{\"@type\":\"PropertyValueSpecification\",\"valueRequired\":true,\"valueName\":\"search_term_string\"}}],\"inLanguage\":\"lb-LU\"}]}<\/script>\n<!-- \/ Yoast SEO plugin. -->","yoast_head_json":{"title":"Owescoursen - Ville de Remich","robots":{"index":"index","follow":"follow","max-snippet":"max-snippet:-1","max-image-preview":"max-image-preview:large","max-video-preview":"max-video-preview:-1"},"canonical":"https:\/\/bierger.remich.lu\/ville-de-remich\/schulwesen\/abendkurse\/","og_locale":"en_US","og_type":"article","og_title":"Owescoursen - Ville de Remich","og_description":"Course vum Maacher Lyc\u00e9e De Maacher Lyc\u00e9e bitt eng grouss Diversit\u00e9it vu Coursen un. D\u00e9i komplett L\u00ebscht vun de Coursen d\u00e9i a verschiddene\u00a0Gemengen ofgehale\u00a0gi fannt Dir \u00ebnner www.maacherlycee.lu . Hei k\u00ebnnt Dir Iech och direkt online aschreiwen. M\u00e9i Informatiounen: Sekretariat vun den Owescoursen: T.\u00a0 75 06 65 &#8211; 5255 | E-mail: csa@mlg.lu. Course vum Office... Read more &raquo;","og_url":"https:\/\/bierger.remich.lu\/ville-de-remich\/schulwesen\/abendkurse\/","og_site_name":"Ville de Remich","article_modified_time":"2025-12-10T09:40:52+00:00","og_image":[{"width":684,"height":1024,"url":"https:\/\/bierger.remich.lu\/wp-content\/uploads\/sites\/3\/2017\/08\/gaelle-marcel-8992-684x1024.jpg","type":"image\/jpeg"}],"twitter_card":"summary_large_image","twitter_misc":{"Est. reading time":"2 minutes"},"schema":{"@context":"https:\/\/schema.org","@graph":[{"@type":"WebPage","@id":"https:\/\/bierger.remich.lu\/ville-de-remich\/schulwesen\/abendkurse\/","url":"https:\/\/bierger.remich.lu\/ville-de-remich\/schulwesen\/abendkurse\/","name":"Owescoursen - Ville de Remich","isPartOf":{"@id":"https:\/\/bierger.remich.lu\/de\/#website"},"primaryImageOfPage":{"@id":"https:\/\/bierger.remich.lu\/ville-de-remich\/schulwesen\/abendkurse\/#primaryimage"},"image":{"@id":"https:\/\/bierger.remich.lu\/ville-de-remich\/schulwesen\/abendkurse\/#primaryimage"},"thumbnailUrl":"https:\/\/bierger.remich.lu\/wp-content\/uploads\/sites\/3\/2017\/08\/gaelle-marcel-8992.jpg","datePublished":"2017-08-04T08:25:17+00:00","dateModified":"2025-12-10T09:40:52+00:00","breadcrumb":{"@id":"https:\/\/bierger.remich.lu\/ville-de-remich\/schulwesen\/abendkurse\/#breadcrumb"},"inLanguage":"lb-LU","potentialAction":[{"@type":"ReadAction","target":["https:\/\/bierger.remich.lu\/ville-de-remich\/schulwesen\/abendkurse\/"]}]},{"@type":"ImageObject","inLanguage":"lb-LU","@id":"https:\/\/bierger.remich.lu\/ville-de-remich\/schulwesen\/abendkurse\/#primaryimage","url":"https:\/\/bierger.remich.lu\/wp-content\/uploads\/sites\/3\/2017\/08\/gaelle-marcel-8992.jpg","contentUrl":"https:\/\/bierger.remich.lu\/wp-content\/uploads\/sites\/3\/2017\/08\/gaelle-marcel-8992.jpg","width":4016,"height":6016},{"@type":"BreadcrumbList","@id":"https:\/\/bierger.remich.lu\/ville-de-remich\/schulwesen\/abendkurse\/#breadcrumb","itemListElement":[{"@type":"ListItem","position":1,"name":"Startseite","item":"https:\/\/bierger.remich.lu\/de\/"},{"@type":"ListItem","position":2,"name":"Stadt Remich","item":"https:\/\/bierger.remich.lu\/de\/ville-de-remich\/"},{"@type":"ListItem","position":3,"name":"Bildung und Kinder","item":"https:\/\/bierger.remich.lu\/de\/ville-de-remich\/schulwesen\/"},{"@type":"ListItem","position":4,"name":"Weiterbildung"}]},{"@type":"WebSite","@id":"https:\/\/bierger.remich.lu\/de\/#website","url":"https:\/\/bierger.remich.lu\/de\/","name":"Ville de Remich","description":"","potentialAction":[{"@type":"SearchAction","target":{"@type":"EntryPoint","urlTemplate":"https:\/\/bierger.remich.lu\/de\/?s={search_term_string}"},"query-input":{"@type":"PropertyValueSpecification","valueRequired":true,"valueName":"search_term_string"}}],"inLanguage":"lb-LU"}]}},"_links":{"self":[{"href":"https:\/\/bierger.remich.lu\/lb\/wp-json\/wp\/v2\/pages\/1903","targetHints":{"allow":["GET"]}}],"collection":[{"href":"https:\/\/bierger.remich.lu\/lb\/wp-json\/wp\/v2\/pages"}],"about":[{"href":"https:\/\/bierger.remich.lu\/lb\/wp-json\/wp\/v2\/types\/page"}],"author":[{"embeddable":true,"href":"https:\/\/bierger.remich.lu\/lb\/wp-json\/wp\/v2\/users\/4"}],"replies":[{"embeddable":true,"href":"https:\/\/bierger.remich.lu\/lb\/wp-json\/wp\/v2\/comments?post=1903"}],"version-history":[{"count":35,"href":"https:\/\/bierger.remich.lu\/lb\/wp-json\/wp\/v2\/pages\/1903\/revisions"}],"predecessor-version":[{"id":18865,"href":"https:\/\/bierger.remich.lu\/lb\/wp-json\/wp\/v2\/pages\/1903\/revisions\/18865"}],"up":[{"embeddable":true,"href":"https:\/\/bierger.remich.lu\/lb\/wp-json\/wp\/v2\/pages\/1852"}],"wp:featuredmedia":[{"embeddable":true,"href":"https:\/\/bierger.remich.lu\/lb\/wp-json\/wp\/v2\/media\/2054"}],"wp:attachment":[{"href":"https:\/\/bierger.remich.lu\/lb\/wp-json\/wp\/v2\/media?parent=1903"}],"curies":[{"name":"wp","href":"https:\/\/api.w.org\/{rel}","templated":true}]}}